{"id":24161,"date":"2025-11-27T16:03:49","date_gmt":"2025-11-27T13:03:49","guid":{"rendered":"https:\/\/ranoja.ee\/?post_type=product&#038;p=24161"},"modified":"2025-12-12T15:50:52","modified_gmt":"2025-12-12T12:50:52","slug":"bullpro-laia-valgusvihuga-led-tootuli-5500-lm","status":"publish","type":"product","link":"https:\/\/ranoja.ee\/en\/toode\/bullpro-laia-valgusvihuga-led-tootuli-5500-lm\/","title":{"rendered":"BULLPRO laia valgusvihuga LED t\u00f6\u00f6tuli 5500 lm"},"content":{"rendered":"<p>BULLPRO laia valgusvihuga LED t\u00f6\u00f6tuli 5500 lm<\/p>\n<p>T\u00f6\u00f6kindel LED-t\u00f6\u00f6valgusti, mis on m\u00f5eldud kasutamiseks erinevates tingimustes. Olgu see p\u00f5llumajandusmasin, ehitusseade, s\u00f5iduk v\u00f5i muu tehnika. Selle peaomaduseks on kompaktne, kuid robustne konstruktsioon ning pingev\u00f5ime 9\u201332 V. Mis teeb valgusti paindlikuks ja sobilikuks paljude masinate elektris\u00fcsteemidega. <\/p>\n<p>Valgusti t\u00f6\u00f6tab 80 W v\u00f5imsusega ja koosneb 4 x 20W Cree LED-dioodist, mis pakuvad \u00fcsna korralikku valgusvoogu. Tootja andmetel 5500 lm luumenit, mis annab piisavalt intensiivset valgust t\u00f6\u00f6alade v\u00f5i masina \u00fcmbruse valgustamiseks.<br \/>\nValguse v\u00e4rvitemperatuur on m\u00f5\u00f5dukalt jahe ning sobilik t\u00f6\u00f6deks, kus on oluline selge ja kontrastne n\u00e4htavus. <\/p>\n<p>Korpuse m\u00f5\u00f5tmed on umbes 103 x 103 x 70 mm, mis annab konstruktsioonile vajaliku tugevuse ja vastupidavuse.<br \/>\nSeade on varustatud tugeva korpuse ja l\u00e4bim\u00f5eldud kinnitusega, mis tagavad stabiilse paigalduse ka rasketes oludes, kus esineb vibratsiooni, tolmu v\u00f5i niiskust.<\/p>\n<p>Valgusti on disainitud nii, et teda saab paigaldada erinevatele masinatele. Traktorid, kopad, veoautosid v\u00f5i ehitusseadmeid, s\u00f5ltuvalt vajadusest. Ligikaudne valgusj\u00f5udlus ja universaalne pingev\u00f5ime muudavad selle m\u00f5nusaks t\u00f6\u00f6kaaslaseks neile, kes vajavad lisa-valgustust erinevates situatsioonides.<\/p>\n<p>BULLPRO laia valgusvihuga LED t\u00f6\u00f6tuli 5500 lm<\/p>\n","protected":false},"excerpt":{"rendered":"<p>BULLPRO laia valgusvihuga LED t\u00f6\u00f6tuli 5500 lm<br \/>\nM\u00f5\u00f5tmed: 103 x 103 x 70 mm<br \/>\nPinge: 12-48 V<br \/>\nLumenid: 5500 lm<br \/>\nLumenid m\u00f5\u00f5detud: 4100 lm<br \/>\nV\u00f5imsus: 80 W<br \/>\nVorm: Ruut<br \/>\nV\u00e4rvitemperatuur: 5000 K<br \/>\nPistiku t\u00fc\u00fcp: 2-pin DT<br \/>\nSisseehitatud deutsch DT 2-klemmiga pistik<br \/>\nKorpuse materjal: Alumiinium<br \/>\nL\u00e4\u00e4tse materjal: Klaas<br \/>\nRoostevabast terasest kinnitus<br \/>\nIP klassifikatsioon: IP69K<br \/>\nT\u00f6\u00f6temperatuur: -40\u00b0C \u2026 +85\u00b0C<br \/>\nKaal: 1.20 kg<br \/>\n<strong>Tarneaeg 1-7 t\u00f6\u00f6p\u00e4eva<\/strong><\/p>\n","protected":false},"featured_media":24164,"template":"","meta":{"inline_featured_image":false},"product_cat":[1116,1118],"product_tag":[2581,1006,1005,1007,2483,2480,2481,681,2574,654,682],"class_list":{"0":"post-24161","1":"product","2":"type-product","3":"status-publish","4":"has-post-thumbnail","6":"product_brand-bullpro","7":"product_cat-lisaseadmed-ehitusseadmed-led-lisatuled-cb-raadiod-lallar","8":"product_cat-tootuled","9":"product_tag-1603-300274","10":"product_tag-1605-n8k200","11":"product_tag-1605-n8k500","12":"product_tag-1605-n8k501","13":"product_tag-1605-n8k502","14":"product_tag-1605-n8k503","15":"product_tag-1605-n8k800","16":"product_tag-bullpro","17":"product_tag-bullpro-laia-valgusvihuga-led-tootuli","18":"product_tag-led-tuli","19":"product_tag-tootuli","21":"first","22":"instock","23":"sale","24":"taxable","25":"shipping-taxable","26":"purchasable","27":"product-type-simple"},"yoast_head":"<!-- This site is optimized with the Yoast SEO plugin v27.4 - https:\/\/yoast.com\/product\/yoast-seo-wordpress\/ -->\n<title>BULLPRO laia valgusvihuga LED t\u00f6\u00f6tuli 5500 lm<\/title>\n<meta name=\"description\" content=\"BULLPRO laia valgusvihuga LED t\u00f6\u00f6tuli 5500 lm See t\u00e4hendab, et valgus levib \u00fchtlaselt suurele alale, muutes selle ideaalseks t\u00f6\u00f6alade valgustamiseks.\" \/>\n<meta name=\"robots\" content=\"index, follow, max-snippet:-1, max-image-preview:large, max-video-preview:-1\" \/>\n<link rel=\"canonical\" href=\"https:\/\/ranoja.ee\/toode\/bullpro-laia-valgusvihuga-led-tootuli-5500-lm\/\" \/>\n<meta property=\"og:locale\" content=\"en_US\" \/>\n<meta property=\"og:type\" content=\"article\" \/>\n<meta property=\"og:title\" content=\"BULLPRO laia valgusvihuga LED t\u00f6\u00f6tuli 5500 lm\" \/>\n<meta property=\"og:description\" content=\"BULLPRO laia valgusvihuga LED t\u00f6\u00f6tuli 5500 lm See t\u00e4hendab, et valgus levib \u00fchtlaselt suurele alale, muutes selle ideaalseks t\u00f6\u00f6alade valgustamiseks.\" \/>\n<meta property=\"og:url\" content=\"https:\/\/ranoja.ee\/toode\/bullpro-laia-valgusvihuga-led-tootuli-5500-lm\/\" \/>\n<meta property=\"og:site_name\" content=\"Ranoja\" \/>\n<meta property=\"article:publisher\" content=\"https:\/\/www.facebook.com\/ranoja.ee\" \/>\n<meta property=\"article:modified_time\" content=\"2025-12-12T12:50:52+00:00\" \/>\n<meta property=\"og:image\" content=\"https:\/\/ranoja.ee\/wp-content\/uploads\/2025\/11\/BULLPRO-laia-valgusvihuga-LED-tootuli-5500-lm.jpg\" \/>\n\t<meta property=\"og:image:width\" content=\"800\" \/>\n\t<meta property=\"og:image:height\" content=\"600\" \/>\n\t<meta property=\"og:image:type\" content=\"image\/jpeg\" \/>\n<meta name=\"twitter:card\" content=\"summary_large_image\" \/>\n<meta name=\"twitter:label1\" content=\"Est. reading time\" \/>\n\t<meta name=\"twitter:data1\" content=\"2 minutes\" \/>\n<script type=\"application\/ld+json\" class=\"yoast-schema-graph\">{\"@context\":\"https:\\\/\\\/schema.org\",\"@graph\":[{\"@type\":\"WebPage\",\"@id\":\"https:\\\/\\\/ranoja.ee\\\/toode\\\/bullpro-laia-valgusvihuga-led-tootuli-5500-lm\\\/\",\"url\":\"https:\\\/\\\/ranoja.ee\\\/toode\\\/bullpro-laia-valgusvihuga-led-tootuli-5500-lm\\\/\",\"name\":\"BULLPRO laia valgusvihuga LED t\u00f6\u00f6tuli 5500 lm\",\"isPartOf\":{\"@id\":\"https:\\\/\\\/ranoja.ee\\\/#website\"},\"primaryImageOfPage\":{\"@id\":\"https:\\\/\\\/ranoja.ee\\\/toode\\\/bullpro-laia-valgusvihuga-led-tootuli-5500-lm\\\/#primaryimage\"},\"image\":{\"@id\":\"https:\\\/\\\/ranoja.ee\\\/toode\\\/bullpro-laia-valgusvihuga-led-tootuli-5500-lm\\\/#primaryimage\"},\"thumbnailUrl\":\"https:\\\/\\\/ranoja.ee\\\/wp-content\\\/uploads\\\/2025\\\/11\\\/BULLPRO-laia-valgusvihuga-LED-tootuli-5500-lm.jpg\",\"datePublished\":\"2025-11-27T13:03:49+00:00\",\"dateModified\":\"2025-12-12T12:50:52+00:00\",\"description\":\"BULLPRO laia valgusvihuga LED t\u00f6\u00f6tuli 5500 lm See t\u00e4hendab, et valgus levib \u00fchtlaselt suurele alale, muutes selle ideaalseks t\u00f6\u00f6alade valgustamiseks.\",\"breadcrumb\":{\"@id\":\"https:\\\/\\\/ranoja.ee\\\/toode\\\/bullpro-laia-valgusvihuga-led-tootuli-5500-lm\\\/#breadcrumb\"},\"inLanguage\":\"en-US\",\"potentialAction\":[{\"@type\":\"ReadAction\",\"target\":[\"https:\\\/\\\/ranoja.ee\\\/toode\\\/bullpro-laia-valgusvihuga-led-tootuli-5500-lm\\\/\"]}]},{\"@type\":\"ImageObject\",\"inLanguage\":\"en-US\",\"@id\":\"https:\\\/\\\/ranoja.ee\\\/toode\\\/bullpro-laia-valgusvihuga-led-tootuli-5500-lm\\\/#primaryimage\",\"url\":\"https:\\\/\\\/ranoja.ee\\\/wp-content\\\/uploads\\\/2025\\\/11\\\/BULLPRO-laia-valgusvihuga-LED-tootuli-5500-lm.jpg\",\"contentUrl\":\"https:\\\/\\\/ranoja.ee\\\/wp-content\\\/uploads\\\/2025\\\/11\\\/BULLPRO-laia-valgusvihuga-LED-tootuli-5500-lm.jpg\",\"width\":800,\"height\":600,\"caption\":\"BULLPRO laia valgusvihuga LED t\u00f6\u00f6tuli 5500 lm\"},{\"@type\":\"BreadcrumbList\",\"@id\":\"https:\\\/\\\/ranoja.ee\\\/toode\\\/bullpro-laia-valgusvihuga-led-tootuli-5500-lm\\\/#breadcrumb\",\"itemListElement\":[{\"@type\":\"ListItem\",\"position\":1,\"name\":\"Home\",\"item\":\"https:\\\/\\\/ranoja.ee\\\/\"},{\"@type\":\"ListItem\",\"position\":2,\"name\":\"Shop\",\"item\":\"https:\\\/\\\/ranoja.ee\\\/en\\\/shop\\\/\"},{\"@type\":\"ListItem\",\"position\":3,\"name\":\"BULLPRO laia valgusvihuga LED t\u00f6\u00f6tuli 5500 lm\"}]},{\"@type\":\"WebSite\",\"@id\":\"https:\\\/\\\/ranoja.ee\\\/#website\",\"url\":\"https:\\\/\\\/ranoja.ee\\\/\",\"name\":\"Ranoja\",\"description\":\"Equipment Shop WooCommerce WordPress Theme for Machine &amp; Tools\",\"publisher\":{\"@id\":\"https:\\\/\\\/ranoja.ee\\\/#organization\"},\"potentialAction\":[{\"@type\":\"SearchAction\",\"target\":{\"@type\":\"EntryPoint\",\"urlTemplate\":\"https:\\\/\\\/ranoja.ee\\\/?s={search_term_string}\"},\"query-input\":{\"@type\":\"PropertyValueSpecification\",\"valueRequired\":true,\"valueName\":\"search_term_string\"}}],\"inLanguage\":\"en-US\"},{\"@type\":\"Organization\",\"@id\":\"https:\\\/\\\/ranoja.ee\\\/#organization\",\"name\":\"Ranoja O\u00dc\",\"url\":\"https:\\\/\\\/ranoja.ee\\\/\",\"logo\":{\"@type\":\"ImageObject\",\"inLanguage\":\"en-US\",\"@id\":\"https:\\\/\\\/ranoja.ee\\\/#\\\/schema\\\/logo\\\/image\\\/\",\"url\":\"https:\\\/\\\/ranoja.ee\\\/wp-content\\\/uploads\\\/2023\\\/11\\\/ranoja-Logo.png\",\"contentUrl\":\"https:\\\/\\\/ranoja.ee\\\/wp-content\\\/uploads\\\/2023\\\/11\\\/ranoja-Logo.png\",\"width\":207,\"height\":58,\"caption\":\"Ranoja O\u00dc\"},\"image\":{\"@id\":\"https:\\\/\\\/ranoja.ee\\\/#\\\/schema\\\/logo\\\/image\\\/\"},\"sameAs\":[\"https:\\\/\\\/www.facebook.com\\\/ranoja.ee\",\"https:\\\/\\\/www.instagram.com\\\/ranoja__\\\/\"]}]}<\/script>\n<!-- \/ Yoast SEO plugin. -->","yoast_head_json":{"title":"BULLPRO laia valgusvihuga LED t\u00f6\u00f6tuli 5500 lm","description":"BULLPRO laia valgusvihuga LED t\u00f6\u00f6tuli 5500 lm See t\u00e4hendab, et valgus levib \u00fchtlaselt suurele alale, muutes selle ideaalseks t\u00f6\u00f6alade valgustamiseks.","robots":{"index":"index","follow":"follow","max-snippet":"max-snippet:-1","max-image-preview":"max-image-preview:large","max-video-preview":"max-video-preview:-1"},"canonical":"https:\/\/ranoja.ee\/toode\/bullpro-laia-valgusvihuga-led-tootuli-5500-lm\/","og_locale":"en_US","og_type":"article","og_title":"BULLPRO laia valgusvihuga LED t\u00f6\u00f6tuli 5500 lm","og_description":"BULLPRO laia valgusvihuga LED t\u00f6\u00f6tuli 5500 lm See t\u00e4hendab, et valgus levib \u00fchtlaselt suurele alale, muutes selle ideaalseks t\u00f6\u00f6alade valgustamiseks.","og_url":"https:\/\/ranoja.ee\/toode\/bullpro-laia-valgusvihuga-led-tootuli-5500-lm\/","og_site_name":"Ranoja","article_publisher":"https:\/\/www.facebook.com\/ranoja.ee","article_modified_time":"2025-12-12T12:50:52+00:00","og_image":[{"width":800,"height":600,"url":"https:\/\/ranoja.ee\/wp-content\/uploads\/2025\/11\/BULLPRO-laia-valgusvihuga-LED-tootuli-5500-lm.jpg","type":"image\/jpeg"}],"twitter_card":"summary_large_image","twitter_misc":{"Est. reading time":"2 minutes"},"schema":{"@context":"https:\/\/schema.org","@graph":[{"@type":"WebPage","@id":"https:\/\/ranoja.ee\/toode\/bullpro-laia-valgusvihuga-led-tootuli-5500-lm\/","url":"https:\/\/ranoja.ee\/toode\/bullpro-laia-valgusvihuga-led-tootuli-5500-lm\/","name":"BULLPRO laia valgusvihuga LED t\u00f6\u00f6tuli 5500 lm","isPartOf":{"@id":"https:\/\/ranoja.ee\/#website"},"primaryImageOfPage":{"@id":"https:\/\/ranoja.ee\/toode\/bullpro-laia-valgusvihuga-led-tootuli-5500-lm\/#primaryimage"},"image":{"@id":"https:\/\/ranoja.ee\/toode\/bullpro-laia-valgusvihuga-led-tootuli-5500-lm\/#primaryimage"},"thumbnailUrl":"https:\/\/ranoja.ee\/wp-content\/uploads\/2025\/11\/BULLPRO-laia-valgusvihuga-LED-tootuli-5500-lm.jpg","datePublished":"2025-11-27T13:03:49+00:00","dateModified":"2025-12-12T12:50:52+00:00","description":"BULLPRO laia valgusvihuga LED t\u00f6\u00f6tuli 5500 lm See t\u00e4hendab, et valgus levib \u00fchtlaselt suurele alale, muutes selle ideaalseks t\u00f6\u00f6alade valgustamiseks.","breadcrumb":{"@id":"https:\/\/ranoja.ee\/toode\/bullpro-laia-valgusvihuga-led-tootuli-5500-lm\/#breadcrumb"},"inLanguage":"en-US","potentialAction":[{"@type":"ReadAction","target":["https:\/\/ranoja.ee\/toode\/bullpro-laia-valgusvihuga-led-tootuli-5500-lm\/"]}]},{"@type":"ImageObject","inLanguage":"en-US","@id":"https:\/\/ranoja.ee\/toode\/bullpro-laia-valgusvihuga-led-tootuli-5500-lm\/#primaryimage","url":"https:\/\/ranoja.ee\/wp-content\/uploads\/2025\/11\/BULLPRO-laia-valgusvihuga-LED-tootuli-5500-lm.jpg","contentUrl":"https:\/\/ranoja.ee\/wp-content\/uploads\/2025\/11\/BULLPRO-laia-valgusvihuga-LED-tootuli-5500-lm.jpg","width":800,"height":600,"caption":"BULLPRO laia valgusvihuga LED t\u00f6\u00f6tuli 5500 lm"},{"@type":"BreadcrumbList","@id":"https:\/\/ranoja.ee\/toode\/bullpro-laia-valgusvihuga-led-tootuli-5500-lm\/#breadcrumb","itemListElement":[{"@type":"ListItem","position":1,"name":"Home","item":"https:\/\/ranoja.ee\/"},{"@type":"ListItem","position":2,"name":"Shop","item":"https:\/\/ranoja.ee\/en\/shop\/"},{"@type":"ListItem","position":3,"name":"BULLPRO laia valgusvihuga LED t\u00f6\u00f6tuli 5500 lm"}]},{"@type":"WebSite","@id":"https:\/\/ranoja.ee\/#website","url":"https:\/\/ranoja.ee\/","name":"Ranoja","description":"Equipment Shop WooCommerce WordPress Theme for Machine &amp; Tools","publisher":{"@id":"https:\/\/ranoja.ee\/#organization"},"potentialAction":[{"@type":"SearchAction","target":{"@type":"EntryPoint","urlTemplate":"https:\/\/ranoja.ee\/?s={search_term_string}"},"query-input":{"@type":"PropertyValueSpecification","valueRequired":true,"valueName":"search_term_string"}}],"inLanguage":"en-US"},{"@type":"Organization","@id":"https:\/\/ranoja.ee\/#organization","name":"Ranoja O\u00dc","url":"https:\/\/ranoja.ee\/","logo":{"@type":"ImageObject","inLanguage":"en-US","@id":"https:\/\/ranoja.ee\/#\/schema\/logo\/image\/","url":"https:\/\/ranoja.ee\/wp-content\/uploads\/2023\/11\/ranoja-Logo.png","contentUrl":"https:\/\/ranoja.ee\/wp-content\/uploads\/2023\/11\/ranoja-Logo.png","width":207,"height":58,"caption":"Ranoja O\u00dc"},"image":{"@id":"https:\/\/ranoja.ee\/#\/schema\/logo\/image\/"},"sameAs":["https:\/\/www.facebook.com\/ranoja.ee","https:\/\/www.instagram.com\/ranoja__\/"]}]}},"_links":{"self":[{"href":"https:\/\/ranoja.ee\/en\/wp-json\/wp\/v2\/product\/24161","targetHints":{"allow":["GET"]}}],"collection":[{"href":"https:\/\/ranoja.ee\/en\/wp-json\/wp\/v2\/product"}],"about":[{"href":"https:\/\/ranoja.ee\/en\/wp-json\/wp\/v2\/types\/product"}],"wp:featuredmedia":[{"embeddable":true,"href":"https:\/\/ranoja.ee\/en\/wp-json\/wp\/v2\/media\/24164"}],"wp:attachment":[{"href":"https:\/\/ranoja.ee\/en\/wp-json\/wp\/v2\/media?parent=24161"}],"wp:term":[{"taxonomy":"product_cat","embeddable":true,"href":"https:\/\/ranoja.ee\/en\/wp-json\/wp\/v2\/product_cat?post=24161"},{"taxonomy":"product_tag","embeddable":true,"href":"https:\/\/ranoja.ee\/en\/wp-json\/wp\/v2\/product_tag?post=24161"}],"curies":[{"name":"wp","href":"https:\/\/api.w.org\/{rel}","templated":true}]}}