{"id":24153,"date":"2025-11-27T15:51:39","date_gmt":"2025-11-27T12:51:39","guid":{"rendered":"https:\/\/ranoja.ee\/?post_type=product&#038;p=24153"},"modified":"2025-12-12T15:50:52","modified_gmt":"2025-12-12T12:50:52","slug":"bullpro-punktvalgusvihuga-led-tootuli-5500-lm","status":"publish","type":"product","link":"https:\/\/ranoja.ee\/en\/toode\/bullpro-punktvalgusvihuga-led-tootuli-5500-lm\/","title":{"rendered":"BULLPRO punktvalgusvihuga LED t\u00f6\u00f6tuli 5500 lm"},"content":{"rendered":"<p>BULLPRO punktvalgusvihuga LED t\u00f6\u00f6tuli 5500 lm<\/p>\n<p>Robustne ja efektiivne LED-t\u00f6\u00f6valgusti, m\u00f5eldud neile, kes vajavad usaldusv\u00e4\u00e4rset ja pikka t\u00f6\u00f6iga pakkuvat lisavalgust. Masinatele, s\u00f5idukitele v\u00f5i ehitus-\/t\u00f6\u00f6platsile. See valgusti on loodud t\u00f6\u00f6tamiseks pingev\u00e4ljas 9\u201332 V, mis teeb selle sobivaks v\u00e4ga paljude masinate ja s\u00fcsteemidega. <\/p>\n<p>See tuli kasutab 4 x 20W Cree v\u00f5imsat LED-diodi ja suudab toota valgusvoogu umbes 5500 luumenit. Mis annab piisavalt intensiivsust nii t\u00f6\u00f6ala valgustamiseks kui ka kaugemale suunatud valguseks.<br \/>\nValguse v\u00e4rvitemperatuur on umbes 5000 K, ehk pigem jahe, neutraalne valge valgus. See tagab hea n\u00e4htavuse, kontrasti ja selguse ka h\u00e4maras v\u00f5i keerulistes ilmastikuoludes. <\/p>\n<p>Korpus on projekteeritud kestma karmide tingimustega. Valgusti on kaitstud klassiga IP68, mis t\u00e4hendab head vastupidavust tolmule ja vee eest. Oluline omadus v\u00e4litingimustes, p\u00f5llumajanduses, ehitustel v\u00f5i masinatega t\u00f6\u00f6tades.<br \/>\nSamuti on valgusti ehitatud h\u00e4sti vastupidavaks vibratsioonile ja mehaanilistele koormustele. Tagades t\u00f6\u00f6kindluse ka rasketes tingimustes ja intensiivsel kasutusel.<\/p>\n<p>Valgusti optika on suunatud pigem kesksele ja kontsentreeritud valgusvihu mustrile (spot\/vihk), mis teeb selle eriti sobivaks siis, kui on vaja valgustada konkreetset t\u00f6\u00f6ala.<\/p>\n<p>BULLPRO punktvalgusvihuga LED t\u00f6\u00f6tuli 5500 lm<\/p>\n","protected":false},"excerpt":{"rendered":"<p>BULLPRO punktvalgusvihuga LED t\u00f6\u00f6tuli 5500 lm<br \/>\nM\u00f5\u00f5tmed: 103 x 103 x 70mm<br \/>\nPinge: 12-48 V<br \/>\nLumenid: 5500 lm<br \/>\nLumenid m\u00f5\u00f5detud: 4100 lm<br \/>\nV\u00f5imsus: 80 W<br \/>\nVorm: Ruut<br \/>\nV\u00e4rvitemperatuur: 5000 K<br \/>\nPistiku t\u00fc\u00fcp: 2-pin DT<br \/>\nIntegreeritud Deutsch DT-2 pistik<br \/>\nKorpuse materjal: Alumiinium<br \/>\nL\u00e4\u00e4tse materjal: Klaas<br \/>\nRoostevabast terasest kinnitus<br \/>\nIP klassifikatsioon: IP69K<br \/>\nT\u00f6\u00f6temperatuur: -40\u00b0C \u2026 +85\u00b0C<br \/>\nKaal: 1.20 kg<br \/>\n<strong>Tarneaeg 1-7 t\u00f6\u00f6p\u00e4eva<\/strong><\/p>\n","protected":false},"featured_media":24158,"template":"","meta":{"inline_featured_image":false},"product_cat":[1116,1118],"product_tag":[2579,1006,1005,1007,2483,2480,2481,681,2578,654,2580,682],"class_list":{"0":"post-24153","1":"product","2":"type-product","3":"status-publish","4":"has-post-thumbnail","6":"product_brand-bullpro","7":"product_cat-lisaseadmed-ehitusseadmed-led-lisatuled-cb-raadiod-lallar","8":"product_cat-tootuled","9":"product_tag-1603-300278","10":"product_tag-1605-n8k200","11":"product_tag-1605-n8k500","12":"product_tag-1605-n8k501","13":"product_tag-1605-n8k502","14":"product_tag-1605-n8k503","15":"product_tag-1605-n8k800","16":"product_tag-bullpro","17":"product_tag-bullpro-punktvalgusvihuga-led-tootuli-5500-lm","18":"product_tag-led-tuli","19":"product_tag-punktvalgus","20":"product_tag-tootuli","22":"first","23":"instock","24":"sale","25":"taxable","26":"shipping-taxable","27":"purchasable","28":"product-type-simple"},"yoast_head":"<!-- This site is optimized with the Yoast SEO plugin v27.4 - https:\/\/yoast.com\/product\/yoast-seo-wordpress\/ -->\n<title>BULLPRO punktvalgusvihuga LED t\u00f6\u00f6tuli 5500 lm<\/title>\n<meta name=\"description\" content=\"BULLPRO punktvalgusvihuga LED t\u00f6\u00f6tuli 5500 lm See t\u00e4hendab, et selle tule valgus keskendub konkreetsele alale v\u00f5i t\u00f6\u00f6piirkonnale.\" \/>\n<meta name=\"robots\" content=\"index, follow, max-snippet:-1, max-image-preview:large, max-video-preview:-1\" \/>\n<link rel=\"canonical\" href=\"https:\/\/ranoja.ee\/toode\/bullpro-punktvalgusvihuga-led-tootuli-5500-lm\/\" \/>\n<meta property=\"og:locale\" content=\"en_US\" \/>\n<meta property=\"og:type\" content=\"article\" \/>\n<meta property=\"og:title\" content=\"BULLPRO punktvalgusvihuga LED t\u00f6\u00f6tuli 5500 lm\" \/>\n<meta property=\"og:description\" content=\"BULLPRO punktvalgusvihuga LED t\u00f6\u00f6tuli 5500 lm See t\u00e4hendab, et selle tule valgus keskendub konkreetsele alale v\u00f5i t\u00f6\u00f6piirkonnale.\" \/>\n<meta property=\"og:url\" content=\"https:\/\/ranoja.ee\/toode\/bullpro-punktvalgusvihuga-led-tootuli-5500-lm\/\" \/>\n<meta property=\"og:site_name\" content=\"Ranoja\" \/>\n<meta property=\"article:publisher\" content=\"https:\/\/www.facebook.com\/ranoja.ee\" \/>\n<meta property=\"article:modified_time\" content=\"2025-12-12T12:50:52+00:00\" \/>\n<meta property=\"og:image\" content=\"https:\/\/ranoja.ee\/wp-content\/uploads\/2025\/11\/BULLPRO-punktvalgusvihuga-LED-tootuli-5500-lm.jpg\" \/>\n\t<meta property=\"og:image:width\" content=\"800\" \/>\n\t<meta property=\"og:image:height\" content=\"600\" \/>\n\t<meta property=\"og:image:type\" content=\"image\/jpeg\" \/>\n<meta name=\"twitter:card\" content=\"summary_large_image\" \/>\n<meta name=\"twitter:label1\" content=\"Est. reading time\" \/>\n\t<meta name=\"twitter:data1\" content=\"2 minutes\" \/>\n<script type=\"application\/ld+json\" class=\"yoast-schema-graph\">{\"@context\":\"https:\\\/\\\/schema.org\",\"@graph\":[{\"@type\":\"WebPage\",\"@id\":\"https:\\\/\\\/ranoja.ee\\\/toode\\\/bullpro-punktvalgusvihuga-led-tootuli-5500-lm\\\/\",\"url\":\"https:\\\/\\\/ranoja.ee\\\/toode\\\/bullpro-punktvalgusvihuga-led-tootuli-5500-lm\\\/\",\"name\":\"BULLPRO punktvalgusvihuga LED t\u00f6\u00f6tuli 5500 lm\",\"isPartOf\":{\"@id\":\"https:\\\/\\\/ranoja.ee\\\/#website\"},\"primaryImageOfPage\":{\"@id\":\"https:\\\/\\\/ranoja.ee\\\/toode\\\/bullpro-punktvalgusvihuga-led-tootuli-5500-lm\\\/#primaryimage\"},\"image\":{\"@id\":\"https:\\\/\\\/ranoja.ee\\\/toode\\\/bullpro-punktvalgusvihuga-led-tootuli-5500-lm\\\/#primaryimage\"},\"thumbnailUrl\":\"https:\\\/\\\/ranoja.ee\\\/wp-content\\\/uploads\\\/2025\\\/11\\\/BULLPRO-punktvalgusvihuga-LED-tootuli-5500-lm.jpg\",\"datePublished\":\"2025-11-27T12:51:39+00:00\",\"dateModified\":\"2025-12-12T12:50:52+00:00\",\"description\":\"BULLPRO punktvalgusvihuga LED t\u00f6\u00f6tuli 5500 lm See t\u00e4hendab, et selle tule valgus keskendub konkreetsele alale v\u00f5i t\u00f6\u00f6piirkonnale.\",\"breadcrumb\":{\"@id\":\"https:\\\/\\\/ranoja.ee\\\/toode\\\/bullpro-punktvalgusvihuga-led-tootuli-5500-lm\\\/#breadcrumb\"},\"inLanguage\":\"en-US\",\"potentialAction\":[{\"@type\":\"ReadAction\",\"target\":[\"https:\\\/\\\/ranoja.ee\\\/toode\\\/bullpro-punktvalgusvihuga-led-tootuli-5500-lm\\\/\"]}]},{\"@type\":\"ImageObject\",\"inLanguage\":\"en-US\",\"@id\":\"https:\\\/\\\/ranoja.ee\\\/toode\\\/bullpro-punktvalgusvihuga-led-tootuli-5500-lm\\\/#primaryimage\",\"url\":\"https:\\\/\\\/ranoja.ee\\\/wp-content\\\/uploads\\\/2025\\\/11\\\/BULLPRO-punktvalgusvihuga-LED-tootuli-5500-lm.jpg\",\"contentUrl\":\"https:\\\/\\\/ranoja.ee\\\/wp-content\\\/uploads\\\/2025\\\/11\\\/BULLPRO-punktvalgusvihuga-LED-tootuli-5500-lm.jpg\",\"width\":800,\"height\":600,\"caption\":\"BULLPRO punktvalgusvihuga LED t\u00f6\u00f6tuli 5500 lm\"},{\"@type\":\"BreadcrumbList\",\"@id\":\"https:\\\/\\\/ranoja.ee\\\/toode\\\/bullpro-punktvalgusvihuga-led-tootuli-5500-lm\\\/#breadcrumb\",\"itemListElement\":[{\"@type\":\"ListItem\",\"position\":1,\"name\":\"Home\",\"item\":\"https:\\\/\\\/ranoja.ee\\\/\"},{\"@type\":\"ListItem\",\"position\":2,\"name\":\"Shop\",\"item\":\"https:\\\/\\\/ranoja.ee\\\/en\\\/shop\\\/\"},{\"@type\":\"ListItem\",\"position\":3,\"name\":\"BULLPRO punktvalgusvihuga LED t\u00f6\u00f6tuli 5500 lm\"}]},{\"@type\":\"WebSite\",\"@id\":\"https:\\\/\\\/ranoja.ee\\\/#website\",\"url\":\"https:\\\/\\\/ranoja.ee\\\/\",\"name\":\"Ranoja\",\"description\":\"Equipment Shop WooCommerce WordPress Theme for Machine &amp; Tools\",\"publisher\":{\"@id\":\"https:\\\/\\\/ranoja.ee\\\/#organization\"},\"potentialAction\":[{\"@type\":\"SearchAction\",\"target\":{\"@type\":\"EntryPoint\",\"urlTemplate\":\"https:\\\/\\\/ranoja.ee\\\/?s={search_term_string}\"},\"query-input\":{\"@type\":\"PropertyValueSpecification\",\"valueRequired\":true,\"valueName\":\"search_term_string\"}}],\"inLanguage\":\"en-US\"},{\"@type\":\"Organization\",\"@id\":\"https:\\\/\\\/ranoja.ee\\\/#organization\",\"name\":\"Ranoja O\u00dc\",\"url\":\"https:\\\/\\\/ranoja.ee\\\/\",\"logo\":{\"@type\":\"ImageObject\",\"inLanguage\":\"en-US\",\"@id\":\"https:\\\/\\\/ranoja.ee\\\/#\\\/schema\\\/logo\\\/image\\\/\",\"url\":\"https:\\\/\\\/ranoja.ee\\\/wp-content\\\/uploads\\\/2023\\\/11\\\/ranoja-Logo.png\",\"contentUrl\":\"https:\\\/\\\/ranoja.ee\\\/wp-content\\\/uploads\\\/2023\\\/11\\\/ranoja-Logo.png\",\"width\":207,\"height\":58,\"caption\":\"Ranoja O\u00dc\"},\"image\":{\"@id\":\"https:\\\/\\\/ranoja.ee\\\/#\\\/schema\\\/logo\\\/image\\\/\"},\"sameAs\":[\"https:\\\/\\\/www.facebook.com\\\/ranoja.ee\",\"https:\\\/\\\/www.instagram.com\\\/ranoja__\\\/\"]}]}<\/script>\n<!-- \/ Yoast SEO plugin. -->","yoast_head_json":{"title":"BULLPRO punktvalgusvihuga LED t\u00f6\u00f6tuli 5500 lm","description":"BULLPRO punktvalgusvihuga LED t\u00f6\u00f6tuli 5500 lm See t\u00e4hendab, et selle tule valgus keskendub konkreetsele alale v\u00f5i t\u00f6\u00f6piirkonnale.","robots":{"index":"index","follow":"follow","max-snippet":"max-snippet:-1","max-image-preview":"max-image-preview:large","max-video-preview":"max-video-preview:-1"},"canonical":"https:\/\/ranoja.ee\/toode\/bullpro-punktvalgusvihuga-led-tootuli-5500-lm\/","og_locale":"en_US","og_type":"article","og_title":"BULLPRO punktvalgusvihuga LED t\u00f6\u00f6tuli 5500 lm","og_description":"BULLPRO punktvalgusvihuga LED t\u00f6\u00f6tuli 5500 lm See t\u00e4hendab, et selle tule valgus keskendub konkreetsele alale v\u00f5i t\u00f6\u00f6piirkonnale.","og_url":"https:\/\/ranoja.ee\/toode\/bullpro-punktvalgusvihuga-led-tootuli-5500-lm\/","og_site_name":"Ranoja","article_publisher":"https:\/\/www.facebook.com\/ranoja.ee","article_modified_time":"2025-12-12T12:50:52+00:00","og_image":[{"width":800,"height":600,"url":"https:\/\/ranoja.ee\/wp-content\/uploads\/2025\/11\/BULLPRO-punktvalgusvihuga-LED-tootuli-5500-lm.jpg","type":"image\/jpeg"}],"twitter_card":"summary_large_image","twitter_misc":{"Est. reading time":"2 minutes"},"schema":{"@context":"https:\/\/schema.org","@graph":[{"@type":"WebPage","@id":"https:\/\/ranoja.ee\/toode\/bullpro-punktvalgusvihuga-led-tootuli-5500-lm\/","url":"https:\/\/ranoja.ee\/toode\/bullpro-punktvalgusvihuga-led-tootuli-5500-lm\/","name":"BULLPRO punktvalgusvihuga LED t\u00f6\u00f6tuli 5500 lm","isPartOf":{"@id":"https:\/\/ranoja.ee\/#website"},"primaryImageOfPage":{"@id":"https:\/\/ranoja.ee\/toode\/bullpro-punktvalgusvihuga-led-tootuli-5500-lm\/#primaryimage"},"image":{"@id":"https:\/\/ranoja.ee\/toode\/bullpro-punktvalgusvihuga-led-tootuli-5500-lm\/#primaryimage"},"thumbnailUrl":"https:\/\/ranoja.ee\/wp-content\/uploads\/2025\/11\/BULLPRO-punktvalgusvihuga-LED-tootuli-5500-lm.jpg","datePublished":"2025-11-27T12:51:39+00:00","dateModified":"2025-12-12T12:50:52+00:00","description":"BULLPRO punktvalgusvihuga LED t\u00f6\u00f6tuli 5500 lm See t\u00e4hendab, et selle tule valgus keskendub konkreetsele alale v\u00f5i t\u00f6\u00f6piirkonnale.","breadcrumb":{"@id":"https:\/\/ranoja.ee\/toode\/bullpro-punktvalgusvihuga-led-tootuli-5500-lm\/#breadcrumb"},"inLanguage":"en-US","potentialAction":[{"@type":"ReadAction","target":["https:\/\/ranoja.ee\/toode\/bullpro-punktvalgusvihuga-led-tootuli-5500-lm\/"]}]},{"@type":"ImageObject","inLanguage":"en-US","@id":"https:\/\/ranoja.ee\/toode\/bullpro-punktvalgusvihuga-led-tootuli-5500-lm\/#primaryimage","url":"https:\/\/ranoja.ee\/wp-content\/uploads\/2025\/11\/BULLPRO-punktvalgusvihuga-LED-tootuli-5500-lm.jpg","contentUrl":"https:\/\/ranoja.ee\/wp-content\/uploads\/2025\/11\/BULLPRO-punktvalgusvihuga-LED-tootuli-5500-lm.jpg","width":800,"height":600,"caption":"BULLPRO punktvalgusvihuga LED t\u00f6\u00f6tuli 5500 lm"},{"@type":"BreadcrumbList","@id":"https:\/\/ranoja.ee\/toode\/bullpro-punktvalgusvihuga-led-tootuli-5500-lm\/#breadcrumb","itemListElement":[{"@type":"ListItem","position":1,"name":"Home","item":"https:\/\/ranoja.ee\/"},{"@type":"ListItem","position":2,"name":"Shop","item":"https:\/\/ranoja.ee\/en\/shop\/"},{"@type":"ListItem","position":3,"name":"BULLPRO punktvalgusvihuga LED t\u00f6\u00f6tuli 5500 lm"}]},{"@type":"WebSite","@id":"https:\/\/ranoja.ee\/#website","url":"https:\/\/ranoja.ee\/","name":"Ranoja","description":"Equipment Shop WooCommerce WordPress Theme for Machine &amp; Tools","publisher":{"@id":"https:\/\/ranoja.ee\/#organization"},"potentialAction":[{"@type":"SearchAction","target":{"@type":"EntryPoint","urlTemplate":"https:\/\/ranoja.ee\/?s={search_term_string}"},"query-input":{"@type":"PropertyValueSpecification","valueRequired":true,"valueName":"search_term_string"}}],"inLanguage":"en-US"},{"@type":"Organization","@id":"https:\/\/ranoja.ee\/#organization","name":"Ranoja O\u00dc","url":"https:\/\/ranoja.ee\/","logo":{"@type":"ImageObject","inLanguage":"en-US","@id":"https:\/\/ranoja.ee\/#\/schema\/logo\/image\/","url":"https:\/\/ranoja.ee\/wp-content\/uploads\/2023\/11\/ranoja-Logo.png","contentUrl":"https:\/\/ranoja.ee\/wp-content\/uploads\/2023\/11\/ranoja-Logo.png","width":207,"height":58,"caption":"Ranoja O\u00dc"},"image":{"@id":"https:\/\/ranoja.ee\/#\/schema\/logo\/image\/"},"sameAs":["https:\/\/www.facebook.com\/ranoja.ee","https:\/\/www.instagram.com\/ranoja__\/"]}]}},"_links":{"self":[{"href":"https:\/\/ranoja.ee\/en\/wp-json\/wp\/v2\/product\/24153","targetHints":{"allow":["GET"]}}],"collection":[{"href":"https:\/\/ranoja.ee\/en\/wp-json\/wp\/v2\/product"}],"about":[{"href":"https:\/\/ranoja.ee\/en\/wp-json\/wp\/v2\/types\/product"}],"wp:featuredmedia":[{"embeddable":true,"href":"https:\/\/ranoja.ee\/en\/wp-json\/wp\/v2\/media\/24158"}],"wp:attachment":[{"href":"https:\/\/ranoja.ee\/en\/wp-json\/wp\/v2\/media?parent=24153"}],"wp:term":[{"taxonomy":"product_cat","embeddable":true,"href":"https:\/\/ranoja.ee\/en\/wp-json\/wp\/v2\/product_cat?post=24153"},{"taxonomy":"product_tag","embeddable":true,"href":"https:\/\/ranoja.ee\/en\/wp-json\/wp\/v2\/product_tag?post=24153"}],"curies":[{"name":"wp","href":"https:\/\/api.w.org\/{rel}","templated":true}]}}