{"id":24116,"date":"2025-11-26T17:22:10","date_gmt":"2025-11-26T14:22:10","guid":{"rendered":"https:\/\/ranoja.ee\/?post_type=product&#038;p=24116"},"modified":"2025-12-12T15:50:52","modified_gmt":"2025-12-12T12:50:52","slug":"bullpro-kaepidemega-led-tootuli","status":"publish","type":"product","link":"https:\/\/ranoja.ee\/en\/toode\/bullpro-kaepidemega-led-tootuli\/","title":{"rendered":"BULLPRO k\u00e4epidemega LED t\u00f6\u00f6tuli"},"content":{"rendered":"<p>BULLPRO k\u00e4epidemega LED t\u00f6\u00f6tuli<\/p>\n<p>T\u00f6\u00f6kindel LED-t\u00f6\u00f6valgusti, mis on m\u00f5eldud neile, kes vajavad usaldusv\u00e4\u00e4rset lisavalgust veaoludes v\u00f5i t\u00f6\u00f6platsil. Olgu see ehitus, p\u00f5llumajandus, remont v\u00f5i muu rasketes oludes kasutatav tehnika. Valgustil on j\u00e4ik, robustne korpus ja sisseehitatud k\u00e4sivarrega kinnitus, mis v\u00f5imaldab valgustit lihtsalt ja kindlalt kinnitada mitmesugustele masinatele v\u00f5i s\u00f5idukitele. <\/p>\n<p>Toitepinge vahemik 9\u201336 V teeb valgusti paindlikuks. See sobib h\u00e4sti erinevate s\u00f5idukite ja seadmete elektris\u00fcsteemidega.<br \/>\nM\u00f5\u00f5tmetelt on seade umbes \u00d8133 \u00d7 76 mm. Mis t\u00e4hendab, et see on piisavalt kompaktne, et paigaldada kitsamatesse ruumidesse v\u00f5i kohtadesse, kus suur lamp ei sobi. <\/p>\n<p>Tagab piisava valgusv\u00f5imsuse, et valgustada t\u00f6\u00f6ala v\u00f5i \u00fcmbrust h\u00e4sti. Kasutusaegadel, kui n\u00e4htavus on piiratud, v\u00f5ib see t\u00f5sta efektiivsust ja ohutust m\u00e4rgatavalt. T\u00e4nu kompaktsele disainile ja k\u00e4sivarrega kinnitusele on paigaldus lihtne ning lamp on stabiilne ka vibratsiooni v\u00f5i liikumise korral.<\/p>\n<p>Valgusti on m\u00f5eldud rakendusteks, kus on vaja t\u00f6\u00f6tada \u00f6\u00f6siti, varahommikul v\u00f5i h\u00e4maras tingimuses: taludes, ehitusplatsidel, t\u00f6\u00f6kojades, remondit\u00f6\u00f6del v\u00f5i ka masinat\u00f6\u00f6 juures. Selle universaalne pinge ja kompaktne korpus muudavad selle mitmek\u00fclgseks \u2014 ta ei ole m\u00f5eldud ainult \u00fchele kindlale t\u00f6\u00f6le, vaid sobib mitmele kasutusvaldkonnale.<\/p>\n<p>BULLPRO k\u00e4epidemega LED t\u00f6\u00f6tuli<\/p>\n","protected":false},"excerpt":{"rendered":"<p>BULLPRO k\u00e4epidemega LED t\u00f6\u00f6tuli<br \/>\nM\u00f5\u00f5tmed: \u00f8 133 x 76 mm<br \/>\nPinge: 9-36 V<br \/>\nLumenid: 5100 lm<br \/>\nLumenid m\u00f5\u00f5detud: 4790 lm<br \/>\nV\u00f5imsus: 54 W<br \/>\nVorm: Ringi<br \/>\nV\u00e4rvitemperatuur: 5700 K<br \/>\nPistiku t\u00fc\u00fcp: 2-pin DT<br \/>\nJuhtme pikkus: 500 mm<br \/>\nDT kaabel sigaretis\u00fc\u00fctaja pistikuga<br \/>\nPolt- v\u00f5i magnetkinnitus: M\u00f5lemad klambrid tulega kaasas<br \/>\nOn\/off -l\u00fcliti<br \/>\nMaterjal: Alumiinium<br \/>\nKorpuse materjal: Pol\u00fckarbonaat<br \/>\nIP klassifikatsioon: IP68<br \/>\nSertifikaadid: R10<br \/>\nKaal: 0.45 kg<br \/>\n<strong>Tarneaeg 1-7 t\u00f6\u00f6p\u00e4eva<\/strong><\/p>\n","protected":false},"featured_media":24129,"template":"","meta":{"inline_featured_image":false},"product_cat":[1116,1118],"product_tag":[2565,1006,1005,1007,2483,2480,2481,681,2566,654,682],"class_list":{"0":"post-24116","1":"product","2":"type-product","3":"status-publish","4":"has-post-thumbnail","6":"product_brand-bullpro","7":"product_cat-lisaseadmed-ehitusseadmed-led-lisatuled-cb-raadiod-lallar","8":"product_cat-tootuled","9":"product_tag-1603-300238","10":"product_tag-1605-n8k200","11":"product_tag-1605-n8k500","12":"product_tag-1605-n8k501","13":"product_tag-1605-n8k502","14":"product_tag-1605-n8k503","15":"product_tag-1605-n8k800","16":"product_tag-bullpro","17":"product_tag-bullpro-kaepidemega-led-tootuli","18":"product_tag-led-tuli","19":"product_tag-tootuli","21":"first","22":"instock","23":"sale","24":"taxable","25":"shipping-taxable","26":"purchasable","27":"product-type-simple"},"yoast_head":"<!-- This site is optimized with the Yoast SEO plugin v27.4 - https:\/\/yoast.com\/product\/yoast-seo-wordpress\/ -->\n<title>BULLPRO k\u00e4epidemega LED t\u00f6\u00f6tuli<\/title>\n<meta name=\"description\" content=\"BULLPRO k\u00e4epidemega LED t\u00f6\u00f6tuli T\u00f6\u00f6kindel LED-t\u00f6\u00f6valgusti, mis on m\u00f5eldud neile, kes vajavad usaldusv\u00e4\u00e4rset lisavalgust veaoludes v\u00f5i t\u00f6\u00f6platsil.\" \/>\n<meta name=\"robots\" content=\"index, follow, max-snippet:-1, max-image-preview:large, max-video-preview:-1\" \/>\n<link rel=\"canonical\" href=\"https:\/\/ranoja.ee\/toode\/bullpro-kaepidemega-led-tootuli\/\" \/>\n<meta property=\"og:locale\" content=\"en_US\" \/>\n<meta property=\"og:type\" content=\"article\" \/>\n<meta property=\"og:title\" content=\"BULLPRO k\u00e4epidemega LED t\u00f6\u00f6tuli\" \/>\n<meta property=\"og:description\" content=\"BULLPRO k\u00e4epidemega LED t\u00f6\u00f6tuli T\u00f6\u00f6kindel LED-t\u00f6\u00f6valgusti, mis on m\u00f5eldud neile, kes vajavad usaldusv\u00e4\u00e4rset lisavalgust veaoludes v\u00f5i t\u00f6\u00f6platsil.\" \/>\n<meta property=\"og:url\" content=\"https:\/\/ranoja.ee\/toode\/bullpro-kaepidemega-led-tootuli\/\" \/>\n<meta property=\"og:site_name\" content=\"Ranoja\" \/>\n<meta property=\"article:publisher\" content=\"https:\/\/www.facebook.com\/ranoja.ee\" \/>\n<meta property=\"article:modified_time\" content=\"2025-12-12T12:50:52+00:00\" \/>\n<meta property=\"og:image\" content=\"https:\/\/ranoja.ee\/wp-content\/uploads\/2025\/11\/BULLPRO-kaepidemega-LED-tootuli.jpg\" \/>\n\t<meta property=\"og:image:width\" content=\"800\" \/>\n\t<meta property=\"og:image:height\" content=\"600\" \/>\n\t<meta property=\"og:image:type\" content=\"image\/jpeg\" \/>\n<meta name=\"twitter:card\" content=\"summary_large_image\" \/>\n<meta name=\"twitter:label1\" content=\"Est. reading time\" \/>\n\t<meta name=\"twitter:data1\" content=\"2 minutes\" \/>\n<script type=\"application\/ld+json\" class=\"yoast-schema-graph\">{\"@context\":\"https:\\\/\\\/schema.org\",\"@graph\":[{\"@type\":\"WebPage\",\"@id\":\"https:\\\/\\\/ranoja.ee\\\/toode\\\/bullpro-kaepidemega-led-tootuli\\\/\",\"url\":\"https:\\\/\\\/ranoja.ee\\\/toode\\\/bullpro-kaepidemega-led-tootuli\\\/\",\"name\":\"BULLPRO k\u00e4epidemega LED t\u00f6\u00f6tuli\",\"isPartOf\":{\"@id\":\"https:\\\/\\\/ranoja.ee\\\/#website\"},\"primaryImageOfPage\":{\"@id\":\"https:\\\/\\\/ranoja.ee\\\/toode\\\/bullpro-kaepidemega-led-tootuli\\\/#primaryimage\"},\"image\":{\"@id\":\"https:\\\/\\\/ranoja.ee\\\/toode\\\/bullpro-kaepidemega-led-tootuli\\\/#primaryimage\"},\"thumbnailUrl\":\"https:\\\/\\\/ranoja.ee\\\/wp-content\\\/uploads\\\/2025\\\/11\\\/BULLPRO-kaepidemega-LED-tootuli.jpg\",\"datePublished\":\"2025-11-26T14:22:10+00:00\",\"dateModified\":\"2025-12-12T12:50:52+00:00\",\"description\":\"BULLPRO k\u00e4epidemega LED t\u00f6\u00f6tuli T\u00f6\u00f6kindel LED-t\u00f6\u00f6valgusti, mis on m\u00f5eldud neile, kes vajavad usaldusv\u00e4\u00e4rset lisavalgust veaoludes v\u00f5i t\u00f6\u00f6platsil.\",\"breadcrumb\":{\"@id\":\"https:\\\/\\\/ranoja.ee\\\/toode\\\/bullpro-kaepidemega-led-tootuli\\\/#breadcrumb\"},\"inLanguage\":\"en-US\",\"potentialAction\":[{\"@type\":\"ReadAction\",\"target\":[\"https:\\\/\\\/ranoja.ee\\\/toode\\\/bullpro-kaepidemega-led-tootuli\\\/\"]}]},{\"@type\":\"ImageObject\",\"inLanguage\":\"en-US\",\"@id\":\"https:\\\/\\\/ranoja.ee\\\/toode\\\/bullpro-kaepidemega-led-tootuli\\\/#primaryimage\",\"url\":\"https:\\\/\\\/ranoja.ee\\\/wp-content\\\/uploads\\\/2025\\\/11\\\/BULLPRO-kaepidemega-LED-tootuli.jpg\",\"contentUrl\":\"https:\\\/\\\/ranoja.ee\\\/wp-content\\\/uploads\\\/2025\\\/11\\\/BULLPRO-kaepidemega-LED-tootuli.jpg\",\"width\":800,\"height\":600,\"caption\":\"BULLPRO k\u00e4epidemega LED t\u00f6\u00f6tuli\"},{\"@type\":\"BreadcrumbList\",\"@id\":\"https:\\\/\\\/ranoja.ee\\\/toode\\\/bullpro-kaepidemega-led-tootuli\\\/#breadcrumb\",\"itemListElement\":[{\"@type\":\"ListItem\",\"position\":1,\"name\":\"Home\",\"item\":\"https:\\\/\\\/ranoja.ee\\\/\"},{\"@type\":\"ListItem\",\"position\":2,\"name\":\"Shop\",\"item\":\"https:\\\/\\\/ranoja.ee\\\/en\\\/shop\\\/\"},{\"@type\":\"ListItem\",\"position\":3,\"name\":\"BULLPRO k\u00e4epidemega LED t\u00f6\u00f6tuli\"}]},{\"@type\":\"WebSite\",\"@id\":\"https:\\\/\\\/ranoja.ee\\\/#website\",\"url\":\"https:\\\/\\\/ranoja.ee\\\/\",\"name\":\"Ranoja\",\"description\":\"Equipment Shop WooCommerce WordPress Theme for Machine &amp; Tools\",\"publisher\":{\"@id\":\"https:\\\/\\\/ranoja.ee\\\/#organization\"},\"potentialAction\":[{\"@type\":\"SearchAction\",\"target\":{\"@type\":\"EntryPoint\",\"urlTemplate\":\"https:\\\/\\\/ranoja.ee\\\/?s={search_term_string}\"},\"query-input\":{\"@type\":\"PropertyValueSpecification\",\"valueRequired\":true,\"valueName\":\"search_term_string\"}}],\"inLanguage\":\"en-US\"},{\"@type\":\"Organization\",\"@id\":\"https:\\\/\\\/ranoja.ee\\\/#organization\",\"name\":\"Ranoja O\u00dc\",\"url\":\"https:\\\/\\\/ranoja.ee\\\/\",\"logo\":{\"@type\":\"ImageObject\",\"inLanguage\":\"en-US\",\"@id\":\"https:\\\/\\\/ranoja.ee\\\/#\\\/schema\\\/logo\\\/image\\\/\",\"url\":\"https:\\\/\\\/ranoja.ee\\\/wp-content\\\/uploads\\\/2023\\\/11\\\/ranoja-Logo.png\",\"contentUrl\":\"https:\\\/\\\/ranoja.ee\\\/wp-content\\\/uploads\\\/2023\\\/11\\\/ranoja-Logo.png\",\"width\":207,\"height\":58,\"caption\":\"Ranoja O\u00dc\"},\"image\":{\"@id\":\"https:\\\/\\\/ranoja.ee\\\/#\\\/schema\\\/logo\\\/image\\\/\"},\"sameAs\":[\"https:\\\/\\\/www.facebook.com\\\/ranoja.ee\",\"https:\\\/\\\/www.instagram.com\\\/ranoja__\\\/\"]}]}<\/script>\n<!-- \/ Yoast SEO plugin. -->","yoast_head_json":{"title":"BULLPRO k\u00e4epidemega LED t\u00f6\u00f6tuli","description":"BULLPRO k\u00e4epidemega LED t\u00f6\u00f6tuli T\u00f6\u00f6kindel LED-t\u00f6\u00f6valgusti, mis on m\u00f5eldud neile, kes vajavad usaldusv\u00e4\u00e4rset lisavalgust veaoludes v\u00f5i t\u00f6\u00f6platsil.","robots":{"index":"index","follow":"follow","max-snippet":"max-snippet:-1","max-image-preview":"max-image-preview:large","max-video-preview":"max-video-preview:-1"},"canonical":"https:\/\/ranoja.ee\/toode\/bullpro-kaepidemega-led-tootuli\/","og_locale":"en_US","og_type":"article","og_title":"BULLPRO k\u00e4epidemega LED t\u00f6\u00f6tuli","og_description":"BULLPRO k\u00e4epidemega LED t\u00f6\u00f6tuli T\u00f6\u00f6kindel LED-t\u00f6\u00f6valgusti, mis on m\u00f5eldud neile, kes vajavad usaldusv\u00e4\u00e4rset lisavalgust veaoludes v\u00f5i t\u00f6\u00f6platsil.","og_url":"https:\/\/ranoja.ee\/toode\/bullpro-kaepidemega-led-tootuli\/","og_site_name":"Ranoja","article_publisher":"https:\/\/www.facebook.com\/ranoja.ee","article_modified_time":"2025-12-12T12:50:52+00:00","og_image":[{"width":800,"height":600,"url":"https:\/\/ranoja.ee\/wp-content\/uploads\/2025\/11\/BULLPRO-kaepidemega-LED-tootuli.jpg","type":"image\/jpeg"}],"twitter_card":"summary_large_image","twitter_misc":{"Est. reading time":"2 minutes"},"schema":{"@context":"https:\/\/schema.org","@graph":[{"@type":"WebPage","@id":"https:\/\/ranoja.ee\/toode\/bullpro-kaepidemega-led-tootuli\/","url":"https:\/\/ranoja.ee\/toode\/bullpro-kaepidemega-led-tootuli\/","name":"BULLPRO k\u00e4epidemega LED t\u00f6\u00f6tuli","isPartOf":{"@id":"https:\/\/ranoja.ee\/#website"},"primaryImageOfPage":{"@id":"https:\/\/ranoja.ee\/toode\/bullpro-kaepidemega-led-tootuli\/#primaryimage"},"image":{"@id":"https:\/\/ranoja.ee\/toode\/bullpro-kaepidemega-led-tootuli\/#primaryimage"},"thumbnailUrl":"https:\/\/ranoja.ee\/wp-content\/uploads\/2025\/11\/BULLPRO-kaepidemega-LED-tootuli.jpg","datePublished":"2025-11-26T14:22:10+00:00","dateModified":"2025-12-12T12:50:52+00:00","description":"BULLPRO k\u00e4epidemega LED t\u00f6\u00f6tuli T\u00f6\u00f6kindel LED-t\u00f6\u00f6valgusti, mis on m\u00f5eldud neile, kes vajavad usaldusv\u00e4\u00e4rset lisavalgust veaoludes v\u00f5i t\u00f6\u00f6platsil.","breadcrumb":{"@id":"https:\/\/ranoja.ee\/toode\/bullpro-kaepidemega-led-tootuli\/#breadcrumb"},"inLanguage":"en-US","potentialAction":[{"@type":"ReadAction","target":["https:\/\/ranoja.ee\/toode\/bullpro-kaepidemega-led-tootuli\/"]}]},{"@type":"ImageObject","inLanguage":"en-US","@id":"https:\/\/ranoja.ee\/toode\/bullpro-kaepidemega-led-tootuli\/#primaryimage","url":"https:\/\/ranoja.ee\/wp-content\/uploads\/2025\/11\/BULLPRO-kaepidemega-LED-tootuli.jpg","contentUrl":"https:\/\/ranoja.ee\/wp-content\/uploads\/2025\/11\/BULLPRO-kaepidemega-LED-tootuli.jpg","width":800,"height":600,"caption":"BULLPRO k\u00e4epidemega LED t\u00f6\u00f6tuli"},{"@type":"BreadcrumbList","@id":"https:\/\/ranoja.ee\/toode\/bullpro-kaepidemega-led-tootuli\/#breadcrumb","itemListElement":[{"@type":"ListItem","position":1,"name":"Home","item":"https:\/\/ranoja.ee\/"},{"@type":"ListItem","position":2,"name":"Shop","item":"https:\/\/ranoja.ee\/en\/shop\/"},{"@type":"ListItem","position":3,"name":"BULLPRO k\u00e4epidemega LED t\u00f6\u00f6tuli"}]},{"@type":"WebSite","@id":"https:\/\/ranoja.ee\/#website","url":"https:\/\/ranoja.ee\/","name":"Ranoja","description":"Equipment Shop WooCommerce WordPress Theme for Machine &amp; Tools","publisher":{"@id":"https:\/\/ranoja.ee\/#organization"},"potentialAction":[{"@type":"SearchAction","target":{"@type":"EntryPoint","urlTemplate":"https:\/\/ranoja.ee\/?s={search_term_string}"},"query-input":{"@type":"PropertyValueSpecification","valueRequired":true,"valueName":"search_term_string"}}],"inLanguage":"en-US"},{"@type":"Organization","@id":"https:\/\/ranoja.ee\/#organization","name":"Ranoja O\u00dc","url":"https:\/\/ranoja.ee\/","logo":{"@type":"ImageObject","inLanguage":"en-US","@id":"https:\/\/ranoja.ee\/#\/schema\/logo\/image\/","url":"https:\/\/ranoja.ee\/wp-content\/uploads\/2023\/11\/ranoja-Logo.png","contentUrl":"https:\/\/ranoja.ee\/wp-content\/uploads\/2023\/11\/ranoja-Logo.png","width":207,"height":58,"caption":"Ranoja O\u00dc"},"image":{"@id":"https:\/\/ranoja.ee\/#\/schema\/logo\/image\/"},"sameAs":["https:\/\/www.facebook.com\/ranoja.ee","https:\/\/www.instagram.com\/ranoja__\/"]}]}},"_links":{"self":[{"href":"https:\/\/ranoja.ee\/en\/wp-json\/wp\/v2\/product\/24116","targetHints":{"allow":["GET"]}}],"collection":[{"href":"https:\/\/ranoja.ee\/en\/wp-json\/wp\/v2\/product"}],"about":[{"href":"https:\/\/ranoja.ee\/en\/wp-json\/wp\/v2\/types\/product"}],"wp:featuredmedia":[{"embeddable":true,"href":"https:\/\/ranoja.ee\/en\/wp-json\/wp\/v2\/media\/24129"}],"wp:attachment":[{"href":"https:\/\/ranoja.ee\/en\/wp-json\/wp\/v2\/media?parent=24116"}],"wp:term":[{"taxonomy":"product_cat","embeddable":true,"href":"https:\/\/ranoja.ee\/en\/wp-json\/wp\/v2\/product_cat?post=24116"},{"taxonomy":"product_tag","embeddable":true,"href":"https:\/\/ranoja.ee\/en\/wp-json\/wp\/v2\/product_tag?post=24116"}],"curies":[{"name":"wp","href":"https:\/\/api.w.org\/{rel}","templated":true}]}}