{"id":24041,"date":"2025-11-24T14:34:04","date_gmt":"2025-11-24T11:34:04","guid":{"rendered":"https:\/\/ranoja.ee\/?post_type=product&#038;p=24041"},"modified":"2025-12-12T15:50:52","modified_gmt":"2025-12-12T12:50:52","slug":"bullpro-centrum-6000k-led-tootuli","status":"publish","type":"product","link":"https:\/\/ranoja.ee\/en\/toode\/bullpro-centrum-6000k-led-tootuli\/","title":{"rendered":"BULLPRO Centrum 6000K LED t\u00f6\u00f6tuli"},"content":{"rendered":"<p>BULLPRO Centrum 6000K LED t\u00f6\u00f6tuli<\/p>\n<p>T\u00f6\u00f6valgusti, mis on loodud neile, kes vajavad tugevat, usaldusv\u00e4\u00e4rset ja pikka t\u00f6\u00f6iga pakkuvat LED\u2011lahendust. See valgusti v\u00e4ljendab j\u00f5ulisust ja p\u00f5hjalikku insenerit\u00f6\u00f6d. Selle kompaktne, ent tugev korpus on hoolikalt konstrueeritud, et taluda nii vibratsiooni, l\u00f6\u00f6ke, niiskust kui mustust.<\/p>\n<p>Centum mudeli valgusallikaks on viis Cree LED-kiipi, iga\u00fcks v\u00f5imsusega 20 W. See v\u00f5imaldab saavutada v\u00e4ga k\u00f5rge valgusvoo. Tootja andmetel \u00fcle 8000 luumeni, m\u00f5\u00f5detud v\u00e4\u00e4rtused j\u00e4\u00e4vad umbes 8136 lm tasemele.<br \/>\nToide toimub 9\u201332 V pingevahemikus, mis teeb valgusti sobivaks paljude s\u00f5idukite ja masina elektris\u00fcsteemidega. <\/p>\n<p>Disaini juures on l\u00e4htutud praktilisusest ja vastupidavusest: valgusti klaasist l\u00e4\u00e4tse kate on l\u00f6\u00f6gikindel ja kuumuskindel, tagades usaldusv\u00e4\u00e4rse toimimise ka rasketes tingimustes. <\/p>\n<p>Raam on kavandatud nii, et sinna ei koguneks lumi ega mustus, mis v\u00f5ib valgustuse efektiivsust v\u00e4hendada. Samuti on klamber valmistatud roostevabast terasest. See on kompaktne, ent samas v\u00e4ga vastupidav. <\/p>\n<p>Paigaldamine ja \u00fchendamine on tehtud mugavaks: valgustil on kaks kaablit \u2014 l\u00fchike 20 cm juhe DT\u2011pistikuga ning lisana 2 m pikenduskaabel, mis annab paindlikkust montaa\u017eiks kaugematesse punktidesse. <\/p>\n<p>IP\u2011klassiks on IP68, mis tagab suurep\u00e4rase kaitse tolmu ja vee eest.<br \/>\nSamuti on toode heaks kiidetud R10 (v\u00f5i R10 + CISPR25 klass 3) standarditele, mis on oluline masinavalgustite elektromagnetilise ohutuse seisukohalt. <\/p>\n<p>Valgusti v\u00e4rvitemperatuuriks on v\u00f5imalik valida kahest variandist. 6000\u202fK eriti puhas jahe valge v\u00f5i 4500\u202fK natuke soojem ja loomulikum toon. See v\u00f5imaldab optimeerida valgust vastavalt kasutusolukorrale ja eelistustele.<\/p>\n<p>BULLPRO Centrum 6000K LED t\u00f6\u00f6tuli<\/p>\n","protected":false},"excerpt":{"rendered":"<p>BULLPRO Centrum 6000K LED t\u00f6\u00f6tuli<br \/>\nM\u00f5\u00f5tmed: 113 x 113 x 76.40 mm<br \/>\nPinge: 9-32 V<br \/>\nLumenid: 8900 lm<br \/>\nLumenid m\u00f5\u00f5detud: 8136 lm<br \/>\nV\u00f5imsus: 100 W<br \/>\nVorm: Ruut<br \/>\nV\u00e4rvitemperatuur: 6000 K<br \/>\nValida saab kahe valgusv\u00e4rvi vahel: 6000 K valge valgus ja 4500 K kollasem valgus<br \/>\nPistiku t\u00fc\u00fcp: 2-pin DT<br \/>\nJuhtme pikkus: 2 m<br \/>\nL\u00f6\u00f6gi- ja kuumakindel klaas<br \/>\nRoostevabast terasest kinnitus<br \/>\nIP klassifikatsioon: IP68<br \/>\nSertifikaadid: R10 CISPR25 class3<br \/>\nKaal: 0.440 kg<br \/>\n<strong>Tarneaeg 1-7 t\u00f6\u00f6p\u00e4eva<\/strong><\/p>\n","protected":false},"featured_media":24050,"template":"","meta":{"inline_featured_image":false},"product_cat":[1116,1118],"product_tag":[2554,1006,1005,1007,2483,2480,2481,681,2555,654,682],"class_list":{"0":"post-24041","1":"product","2":"type-product","3":"status-publish","4":"has-post-thumbnail","6":"product_brand-bullpro","7":"product_cat-lisaseadmed-ehitusseadmed-led-lisatuled-cb-raadiod-lallar","8":"product_cat-tootuled","9":"product_tag-1603-300457","10":"product_tag-1605-n8k200","11":"product_tag-1605-n8k500","12":"product_tag-1605-n8k501","13":"product_tag-1605-n8k502","14":"product_tag-1605-n8k503","15":"product_tag-1605-n8k800","16":"product_tag-bullpro","17":"product_tag-bullpro-centrum-6000k-led-tootuli","18":"product_tag-led-tuli","19":"product_tag-tootuli","21":"first","22":"instock","23":"sale","24":"taxable","25":"shipping-taxable","26":"purchasable","27":"product-type-simple"},"yoast_head":"<!-- This site is optimized with the Yoast SEO plugin v27.4 - https:\/\/yoast.com\/product\/yoast-seo-wordpress\/ -->\n<title>BULLPRO Centrum 6000K LED t\u00f6\u00f6tuli<\/title>\n<meta name=\"description\" content=\"BULLPRO Centrum 6000K LED t\u00f6\u00f6tuli Raam on kavandatud nii, et sinna ei koguneks lumi ega mustus, mis v\u00f5ib valgustuse efektiivsust v\u00e4hendada.\" \/>\n<meta name=\"robots\" content=\"index, follow, max-snippet:-1, max-image-preview:large, max-video-preview:-1\" \/>\n<link rel=\"canonical\" href=\"https:\/\/ranoja.ee\/toode\/bullpro-centrum-6000k-led-tootuli\/\" \/>\n<meta property=\"og:locale\" content=\"en_US\" \/>\n<meta property=\"og:type\" content=\"article\" \/>\n<meta property=\"og:title\" content=\"BULLPRO Centrum 6000K LED t\u00f6\u00f6tuli\" \/>\n<meta property=\"og:description\" content=\"BULLPRO Centrum 6000K LED t\u00f6\u00f6tuli Raam on kavandatud nii, et sinna ei koguneks lumi ega mustus, mis v\u00f5ib valgustuse efektiivsust v\u00e4hendada.\" \/>\n<meta property=\"og:url\" content=\"https:\/\/ranoja.ee\/toode\/bullpro-centrum-6000k-led-tootuli\/\" \/>\n<meta property=\"og:site_name\" content=\"Ranoja\" \/>\n<meta property=\"article:publisher\" content=\"https:\/\/www.facebook.com\/ranoja.ee\" \/>\n<meta property=\"article:modified_time\" content=\"2025-12-12T12:50:52+00:00\" \/>\n<meta property=\"og:image\" content=\"https:\/\/ranoja.ee\/wp-content\/uploads\/2025\/11\/BULLPRO-Centrum-6000K-LED-tootuli.jpg\" \/>\n\t<meta property=\"og:image:width\" content=\"400\" \/>\n\t<meta property=\"og:image:height\" content=\"300\" \/>\n\t<meta property=\"og:image:type\" content=\"image\/jpeg\" \/>\n<meta name=\"twitter:card\" content=\"summary_large_image\" \/>\n<meta name=\"twitter:label1\" content=\"Est. reading time\" \/>\n\t<meta name=\"twitter:data1\" content=\"2 minutes\" \/>\n<script type=\"application\/ld+json\" class=\"yoast-schema-graph\">{\"@context\":\"https:\\\/\\\/schema.org\",\"@graph\":[{\"@type\":\"WebPage\",\"@id\":\"https:\\\/\\\/ranoja.ee\\\/toode\\\/bullpro-centrum-6000k-led-tootuli\\\/\",\"url\":\"https:\\\/\\\/ranoja.ee\\\/toode\\\/bullpro-centrum-6000k-led-tootuli\\\/\",\"name\":\"BULLPRO Centrum 6000K LED t\u00f6\u00f6tuli\",\"isPartOf\":{\"@id\":\"https:\\\/\\\/ranoja.ee\\\/#website\"},\"primaryImageOfPage\":{\"@id\":\"https:\\\/\\\/ranoja.ee\\\/toode\\\/bullpro-centrum-6000k-led-tootuli\\\/#primaryimage\"},\"image\":{\"@id\":\"https:\\\/\\\/ranoja.ee\\\/toode\\\/bullpro-centrum-6000k-led-tootuli\\\/#primaryimage\"},\"thumbnailUrl\":\"https:\\\/\\\/ranoja.ee\\\/wp-content\\\/uploads\\\/2025\\\/11\\\/BULLPRO-Centrum-6000K-LED-tootuli.jpg\",\"datePublished\":\"2025-11-24T11:34:04+00:00\",\"dateModified\":\"2025-12-12T12:50:52+00:00\",\"description\":\"BULLPRO Centrum 6000K LED t\u00f6\u00f6tuli Raam on kavandatud nii, et sinna ei koguneks lumi ega mustus, mis v\u00f5ib valgustuse efektiivsust v\u00e4hendada.\",\"breadcrumb\":{\"@id\":\"https:\\\/\\\/ranoja.ee\\\/toode\\\/bullpro-centrum-6000k-led-tootuli\\\/#breadcrumb\"},\"inLanguage\":\"en-US\",\"potentialAction\":[{\"@type\":\"ReadAction\",\"target\":[\"https:\\\/\\\/ranoja.ee\\\/toode\\\/bullpro-centrum-6000k-led-tootuli\\\/\"]}]},{\"@type\":\"ImageObject\",\"inLanguage\":\"en-US\",\"@id\":\"https:\\\/\\\/ranoja.ee\\\/toode\\\/bullpro-centrum-6000k-led-tootuli\\\/#primaryimage\",\"url\":\"https:\\\/\\\/ranoja.ee\\\/wp-content\\\/uploads\\\/2025\\\/11\\\/BULLPRO-Centrum-6000K-LED-tootuli.jpg\",\"contentUrl\":\"https:\\\/\\\/ranoja.ee\\\/wp-content\\\/uploads\\\/2025\\\/11\\\/BULLPRO-Centrum-6000K-LED-tootuli.jpg\",\"width\":400,\"height\":300,\"caption\":\"BULLPRO Centrum 6000K LED t\u00f6\u00f6tuli\"},{\"@type\":\"BreadcrumbList\",\"@id\":\"https:\\\/\\\/ranoja.ee\\\/toode\\\/bullpro-centrum-6000k-led-tootuli\\\/#breadcrumb\",\"itemListElement\":[{\"@type\":\"ListItem\",\"position\":1,\"name\":\"Home\",\"item\":\"https:\\\/\\\/ranoja.ee\\\/\"},{\"@type\":\"ListItem\",\"position\":2,\"name\":\"Shop\",\"item\":\"https:\\\/\\\/ranoja.ee\\\/en\\\/shop\\\/\"},{\"@type\":\"ListItem\",\"position\":3,\"name\":\"BULLPRO Centrum 6000K LED t\u00f6\u00f6tuli\"}]},{\"@type\":\"WebSite\",\"@id\":\"https:\\\/\\\/ranoja.ee\\\/#website\",\"url\":\"https:\\\/\\\/ranoja.ee\\\/\",\"name\":\"Ranoja\",\"description\":\"Equipment Shop WooCommerce WordPress Theme for Machine &amp; Tools\",\"publisher\":{\"@id\":\"https:\\\/\\\/ranoja.ee\\\/#organization\"},\"potentialAction\":[{\"@type\":\"SearchAction\",\"target\":{\"@type\":\"EntryPoint\",\"urlTemplate\":\"https:\\\/\\\/ranoja.ee\\\/?s={search_term_string}\"},\"query-input\":{\"@type\":\"PropertyValueSpecification\",\"valueRequired\":true,\"valueName\":\"search_term_string\"}}],\"inLanguage\":\"en-US\"},{\"@type\":\"Organization\",\"@id\":\"https:\\\/\\\/ranoja.ee\\\/#organization\",\"name\":\"Ranoja O\u00dc\",\"url\":\"https:\\\/\\\/ranoja.ee\\\/\",\"logo\":{\"@type\":\"ImageObject\",\"inLanguage\":\"en-US\",\"@id\":\"https:\\\/\\\/ranoja.ee\\\/#\\\/schema\\\/logo\\\/image\\\/\",\"url\":\"https:\\\/\\\/ranoja.ee\\\/wp-content\\\/uploads\\\/2023\\\/11\\\/ranoja-Logo.png\",\"contentUrl\":\"https:\\\/\\\/ranoja.ee\\\/wp-content\\\/uploads\\\/2023\\\/11\\\/ranoja-Logo.png\",\"width\":207,\"height\":58,\"caption\":\"Ranoja O\u00dc\"},\"image\":{\"@id\":\"https:\\\/\\\/ranoja.ee\\\/#\\\/schema\\\/logo\\\/image\\\/\"},\"sameAs\":[\"https:\\\/\\\/www.facebook.com\\\/ranoja.ee\",\"https:\\\/\\\/www.instagram.com\\\/ranoja__\\\/\"]}]}<\/script>\n<!-- \/ Yoast SEO plugin. -->","yoast_head_json":{"title":"BULLPRO Centrum 6000K LED t\u00f6\u00f6tuli","description":"BULLPRO Centrum 6000K LED t\u00f6\u00f6tuli Raam on kavandatud nii, et sinna ei koguneks lumi ega mustus, mis v\u00f5ib valgustuse efektiivsust v\u00e4hendada.","robots":{"index":"index","follow":"follow","max-snippet":"max-snippet:-1","max-image-preview":"max-image-preview:large","max-video-preview":"max-video-preview:-1"},"canonical":"https:\/\/ranoja.ee\/toode\/bullpro-centrum-6000k-led-tootuli\/","og_locale":"en_US","og_type":"article","og_title":"BULLPRO Centrum 6000K LED t\u00f6\u00f6tuli","og_description":"BULLPRO Centrum 6000K LED t\u00f6\u00f6tuli Raam on kavandatud nii, et sinna ei koguneks lumi ega mustus, mis v\u00f5ib valgustuse efektiivsust v\u00e4hendada.","og_url":"https:\/\/ranoja.ee\/toode\/bullpro-centrum-6000k-led-tootuli\/","og_site_name":"Ranoja","article_publisher":"https:\/\/www.facebook.com\/ranoja.ee","article_modified_time":"2025-12-12T12:50:52+00:00","og_image":[{"width":400,"height":300,"url":"https:\/\/ranoja.ee\/wp-content\/uploads\/2025\/11\/BULLPRO-Centrum-6000K-LED-tootuli.jpg","type":"image\/jpeg"}],"twitter_card":"summary_large_image","twitter_misc":{"Est. reading time":"2 minutes"},"schema":{"@context":"https:\/\/schema.org","@graph":[{"@type":"WebPage","@id":"https:\/\/ranoja.ee\/toode\/bullpro-centrum-6000k-led-tootuli\/","url":"https:\/\/ranoja.ee\/toode\/bullpro-centrum-6000k-led-tootuli\/","name":"BULLPRO Centrum 6000K LED t\u00f6\u00f6tuli","isPartOf":{"@id":"https:\/\/ranoja.ee\/#website"},"primaryImageOfPage":{"@id":"https:\/\/ranoja.ee\/toode\/bullpro-centrum-6000k-led-tootuli\/#primaryimage"},"image":{"@id":"https:\/\/ranoja.ee\/toode\/bullpro-centrum-6000k-led-tootuli\/#primaryimage"},"thumbnailUrl":"https:\/\/ranoja.ee\/wp-content\/uploads\/2025\/11\/BULLPRO-Centrum-6000K-LED-tootuli.jpg","datePublished":"2025-11-24T11:34:04+00:00","dateModified":"2025-12-12T12:50:52+00:00","description":"BULLPRO Centrum 6000K LED t\u00f6\u00f6tuli Raam on kavandatud nii, et sinna ei koguneks lumi ega mustus, mis v\u00f5ib valgustuse efektiivsust v\u00e4hendada.","breadcrumb":{"@id":"https:\/\/ranoja.ee\/toode\/bullpro-centrum-6000k-led-tootuli\/#breadcrumb"},"inLanguage":"en-US","potentialAction":[{"@type":"ReadAction","target":["https:\/\/ranoja.ee\/toode\/bullpro-centrum-6000k-led-tootuli\/"]}]},{"@type":"ImageObject","inLanguage":"en-US","@id":"https:\/\/ranoja.ee\/toode\/bullpro-centrum-6000k-led-tootuli\/#primaryimage","url":"https:\/\/ranoja.ee\/wp-content\/uploads\/2025\/11\/BULLPRO-Centrum-6000K-LED-tootuli.jpg","contentUrl":"https:\/\/ranoja.ee\/wp-content\/uploads\/2025\/11\/BULLPRO-Centrum-6000K-LED-tootuli.jpg","width":400,"height":300,"caption":"BULLPRO Centrum 6000K LED t\u00f6\u00f6tuli"},{"@type":"BreadcrumbList","@id":"https:\/\/ranoja.ee\/toode\/bullpro-centrum-6000k-led-tootuli\/#breadcrumb","itemListElement":[{"@type":"ListItem","position":1,"name":"Home","item":"https:\/\/ranoja.ee\/"},{"@type":"ListItem","position":2,"name":"Shop","item":"https:\/\/ranoja.ee\/en\/shop\/"},{"@type":"ListItem","position":3,"name":"BULLPRO Centrum 6000K LED t\u00f6\u00f6tuli"}]},{"@type":"WebSite","@id":"https:\/\/ranoja.ee\/#website","url":"https:\/\/ranoja.ee\/","name":"Ranoja","description":"Equipment Shop WooCommerce WordPress Theme for Machine &amp; Tools","publisher":{"@id":"https:\/\/ranoja.ee\/#organization"},"potentialAction":[{"@type":"SearchAction","target":{"@type":"EntryPoint","urlTemplate":"https:\/\/ranoja.ee\/?s={search_term_string}"},"query-input":{"@type":"PropertyValueSpecification","valueRequired":true,"valueName":"search_term_string"}}],"inLanguage":"en-US"},{"@type":"Organization","@id":"https:\/\/ranoja.ee\/#organization","name":"Ranoja O\u00dc","url":"https:\/\/ranoja.ee\/","logo":{"@type":"ImageObject","inLanguage":"en-US","@id":"https:\/\/ranoja.ee\/#\/schema\/logo\/image\/","url":"https:\/\/ranoja.ee\/wp-content\/uploads\/2023\/11\/ranoja-Logo.png","contentUrl":"https:\/\/ranoja.ee\/wp-content\/uploads\/2023\/11\/ranoja-Logo.png","width":207,"height":58,"caption":"Ranoja O\u00dc"},"image":{"@id":"https:\/\/ranoja.ee\/#\/schema\/logo\/image\/"},"sameAs":["https:\/\/www.facebook.com\/ranoja.ee","https:\/\/www.instagram.com\/ranoja__\/"]}]}},"_links":{"self":[{"href":"https:\/\/ranoja.ee\/en\/wp-json\/wp\/v2\/product\/24041","targetHints":{"allow":["GET"]}}],"collection":[{"href":"https:\/\/ranoja.ee\/en\/wp-json\/wp\/v2\/product"}],"about":[{"href":"https:\/\/ranoja.ee\/en\/wp-json\/wp\/v2\/types\/product"}],"wp:featuredmedia":[{"embeddable":true,"href":"https:\/\/ranoja.ee\/en\/wp-json\/wp\/v2\/media\/24050"}],"wp:attachment":[{"href":"https:\/\/ranoja.ee\/en\/wp-json\/wp\/v2\/media?parent=24041"}],"wp:term":[{"taxonomy":"product_cat","embeddable":true,"href":"https:\/\/ranoja.ee\/en\/wp-json\/wp\/v2\/product_cat?post=24041"},{"taxonomy":"product_tag","embeddable":true,"href":"https:\/\/ranoja.ee\/en\/wp-json\/wp\/v2\/product_tag?post=24041"}],"curies":[{"name":"wp","href":"https:\/\/api.w.org\/{rel}","templated":true}]}}