{"id":24016,"date":"2025-11-24T14:01:20","date_gmt":"2025-11-24T11:01:20","guid":{"rendered":"https:\/\/ranoja.ee\/?post_type=product&#038;p=24016"},"modified":"2025-12-12T15:50:52","modified_gmt":"2025-12-12T12:50:52","slug":"bullpro-bully-6000-tootuli","status":"publish","type":"product","link":"https:\/\/ranoja.ee\/en\/toode\/bullpro-bully-6000-tootuli\/","title":{"rendered":"BULLPRO BULLY 6000 t\u00f6\u00f6tuli"},"content":{"rendered":"<p>BULLPRO BULLY 6000 t\u00f6\u00f6tuli<\/p>\n<p>V\u00f5imas ja professionaalsele kasutajale m\u00f5eldud LED-t\u00f6\u00f6valgusti, mis \u00fchendab tugeva valgustugevuse, vastupidava ehituse ja paindliku pingevahemiku. See lamp on disainitud neile, kes vajavad t\u00f6\u00f6valgust, mis ei anna alla ka rasketes tingimustes. Olgu tegu t\u00f6\u00f6tamisega v\u00e4litingimustes, p\u00f5llumajandusmasinatel v\u00f5i t\u00f6\u00f6stusmasinatel.<\/p>\n<p>Valgusti tuum koosneb 16 Osrami LED-diodes, mis toodavad teoreetiliselt ligi 7\u202f700 luumenit valgust, m\u00f5\u00f5detud reaalses kasutuses umbes 6\u202f990 luumenit. See t\u00e4hendab, et t\u00f6\u00f6tuli suudab valgustada \u00fcsna laialt ja intensiivselt, andes piisavalt valgust t\u00f6\u00f6aladeks, kus n\u00e4htavus on \u00fclimalt oluline.<\/p>\n<p>Pingevahemik 12\u201348 V teeb selle eriti paindlikuks. Valgusti sobib erinevate s\u00f5idukite ja masinate elektris\u00fcsteemidega.<br \/>\nValgustemperatuur umbes 5500 K tagab selge, k\u00fclma-valge valgustuse, mis on optimaalne nii t\u00f6\u00f6keskkondades kui ka pimedas man\u00f6\u00f6verdamiseks.<br \/>\nKorpus on valmistatud vastupidavast alumiiniumist ning l\u00e4\u00e4ts on pol\u00fckarbonaat, mis annab hea kaitse l\u00f6\u00f6kide ja vigastuste vastu.<br \/>\nIP\u2011klassiks on IP67 ja IP69K, mis t\u00e4hendab, et lamp talub nii tolmu kui ka survekindlat vett. Sobib t\u00f6\u00f6deks karmimates v\u00e4litingimustes. <\/p>\n<p>Lisaks tugevale p\u00f5hivalgusele on Bully\u202f6000 varustatud ka positsioonituledega, mis pakuvad lisa\u2011ohutust.<br \/>\n\u00dchendus on lahendatud 500 mm pikkuse kaabliga ja toite\u00fchendus on hea paindlikkusega. <\/p>\n<p>Kasutaja seisukohalt on see valgusti suurep\u00e4rane valik neile, kes ei soovi teha kompromisse valguse tugevuse ega vastupidavuse osas. Selle tugevdatud konstruktsioon, k\u00f5rge IP\u2011klass ja m\u00e4rgatav valgusj\u00f5udlus muudavadt\u00f6\u00f6tule usaldusv\u00e4\u00e4rseks t\u00f6\u00f6kaaslaseks igas olukorras. Olgu tegu metsanduse, ehituse, rasketehnikaga v\u00f5i muude v\u00e4litingimustega. See valgusti aitab hoida t\u00f6\u00f6 efektiivse ja ohutu, pakkudes selget valgust ka keerulistes oludes.<\/p>\n<p>BULLPRO BULLY 6000 t\u00f6\u00f6tuli<\/p>\n","protected":false},"excerpt":{"rendered":"<p>BULLPRO BULLY 6000 t\u00f6\u00f6tuli<br \/>\nM\u00f5\u00f5tmed: 114 x 114 x 97 mm<br \/>\nPinge: 12-48 V<br \/>\nVoolutarbimine: 5.41 A ja 13.7 V<br \/>\nLumenid: 7700 lm<br \/>\nLumenid m\u00f5\u00f5detud: 6990 lm<br \/>\nVorm: Ruut<br \/>\nV\u00e4rvitemperatuur: 5500 K<br \/>\nPunane, kollane ja valge gabariit<br \/>\nJuhtme pikkus: 500 mm<br \/>\nKorpuse materjal: Alumiinium<br \/>\nL\u00e4\u00e4tse materjal: Pol\u00fckarbonaat<br \/>\nIP klassifikatsioon: IP67, IP69K<br \/>\nSertifikaadid: R10, R148<br \/>\nMudeli nimi: BULLY 6000<br \/>\nKaal: 0.440 kg<br \/>\n<strong>Tarneaeg 1-7 t\u00f6\u00f6p\u00e4eva<\/strong><\/p>\n","protected":false},"featured_media":24037,"template":"","meta":{"inline_featured_image":false},"product_cat":[1116,1118],"product_tag":[2553,681,2552,654,682],"class_list":{"0":"post-24016","1":"product","2":"type-product","3":"status-publish","4":"has-post-thumbnail","6":"product_brand-bullpro","7":"product_cat-lisaseadmed-ehitusseadmed-led-lisatuled-cb-raadiod-lallar","8":"product_cat-tootuled","9":"product_tag-1603-300728","10":"product_tag-bullpro","11":"product_tag-bullpro-bully-6000","12":"product_tag-led-tuli","13":"product_tag-tootuli","15":"first","16":"instock","17":"sale","18":"taxable","19":"shipping-taxable","20":"purchasable","21":"product-type-simple"},"yoast_head":"<!-- This site is optimized with the Yoast SEO plugin v27.4 - https:\/\/yoast.com\/product\/yoast-seo-wordpress\/ -->\n<title>BULLPRO BULLY 6000 t\u00f6\u00f6tuli<\/title>\n<meta name=\"description\" content=\"BULLPRO BULLY 6000 t\u00f6\u00f6tuli Valgusti tuum koosneb 16 Osrami LED-diodes, mis toodavad teoreetiliselt ligi 7\u202f700 luumenit valgust.\" \/>\n<meta name=\"robots\" content=\"index, follow, max-snippet:-1, max-image-preview:large, max-video-preview:-1\" \/>\n<link rel=\"canonical\" href=\"https:\/\/ranoja.ee\/toode\/bullpro-bully-6000-tootuli\/\" \/>\n<meta property=\"og:locale\" content=\"en_US\" \/>\n<meta property=\"og:type\" content=\"article\" \/>\n<meta property=\"og:title\" content=\"BULLPRO BULLY 6000 t\u00f6\u00f6tuli\" \/>\n<meta property=\"og:description\" content=\"BULLPRO BULLY 6000 t\u00f6\u00f6tuli Valgusti tuum koosneb 16 Osrami LED-diodes, mis toodavad teoreetiliselt ligi 7\u202f700 luumenit valgust.\" \/>\n<meta property=\"og:url\" content=\"https:\/\/ranoja.ee\/toode\/bullpro-bully-6000-tootuli\/\" \/>\n<meta property=\"og:site_name\" content=\"Ranoja\" \/>\n<meta property=\"article:publisher\" content=\"https:\/\/www.facebook.com\/ranoja.ee\" \/>\n<meta property=\"article:modified_time\" content=\"2025-12-12T12:50:52+00:00\" \/>\n<meta property=\"og:image\" content=\"https:\/\/ranoja.ee\/wp-content\/uploads\/2025\/11\/BULLPRO-BULLY-6000-tootuli-2.jpg\" \/>\n\t<meta property=\"og:image:width\" content=\"800\" \/>\n\t<meta property=\"og:image:height\" content=\"600\" \/>\n\t<meta property=\"og:image:type\" content=\"image\/jpeg\" \/>\n<meta name=\"twitter:card\" content=\"summary_large_image\" \/>\n<meta name=\"twitter:label1\" content=\"Est. reading time\" \/>\n\t<meta name=\"twitter:data1\" content=\"2 minutes\" \/>\n<script type=\"application\/ld+json\" class=\"yoast-schema-graph\">{\"@context\":\"https:\\\/\\\/schema.org\",\"@graph\":[{\"@type\":\"WebPage\",\"@id\":\"https:\\\/\\\/ranoja.ee\\\/toode\\\/bullpro-bully-6000-tootuli\\\/\",\"url\":\"https:\\\/\\\/ranoja.ee\\\/toode\\\/bullpro-bully-6000-tootuli\\\/\",\"name\":\"BULLPRO BULLY 6000 t\u00f6\u00f6tuli\",\"isPartOf\":{\"@id\":\"https:\\\/\\\/ranoja.ee\\\/#website\"},\"primaryImageOfPage\":{\"@id\":\"https:\\\/\\\/ranoja.ee\\\/toode\\\/bullpro-bully-6000-tootuli\\\/#primaryimage\"},\"image\":{\"@id\":\"https:\\\/\\\/ranoja.ee\\\/toode\\\/bullpro-bully-6000-tootuli\\\/#primaryimage\"},\"thumbnailUrl\":\"https:\\\/\\\/ranoja.ee\\\/wp-content\\\/uploads\\\/2025\\\/11\\\/BULLPRO-BULLY-6000-tootuli-2.jpg\",\"datePublished\":\"2025-11-24T11:01:20+00:00\",\"dateModified\":\"2025-12-12T12:50:52+00:00\",\"description\":\"BULLPRO BULLY 6000 t\u00f6\u00f6tuli Valgusti tuum koosneb 16 Osrami LED-diodes, mis toodavad teoreetiliselt ligi 7\u202f700 luumenit valgust.\",\"breadcrumb\":{\"@id\":\"https:\\\/\\\/ranoja.ee\\\/toode\\\/bullpro-bully-6000-tootuli\\\/#breadcrumb\"},\"inLanguage\":\"en-US\",\"potentialAction\":[{\"@type\":\"ReadAction\",\"target\":[\"https:\\\/\\\/ranoja.ee\\\/toode\\\/bullpro-bully-6000-tootuli\\\/\"]}]},{\"@type\":\"ImageObject\",\"inLanguage\":\"en-US\",\"@id\":\"https:\\\/\\\/ranoja.ee\\\/toode\\\/bullpro-bully-6000-tootuli\\\/#primaryimage\",\"url\":\"https:\\\/\\\/ranoja.ee\\\/wp-content\\\/uploads\\\/2025\\\/11\\\/BULLPRO-BULLY-6000-tootuli-2.jpg\",\"contentUrl\":\"https:\\\/\\\/ranoja.ee\\\/wp-content\\\/uploads\\\/2025\\\/11\\\/BULLPRO-BULLY-6000-tootuli-2.jpg\",\"width\":800,\"height\":600,\"caption\":\"BULLPRO BULLY 6000 t\u00f6\u00f6tuli\"},{\"@type\":\"BreadcrumbList\",\"@id\":\"https:\\\/\\\/ranoja.ee\\\/toode\\\/bullpro-bully-6000-tootuli\\\/#breadcrumb\",\"itemListElement\":[{\"@type\":\"ListItem\",\"position\":1,\"name\":\"Home\",\"item\":\"https:\\\/\\\/ranoja.ee\\\/\"},{\"@type\":\"ListItem\",\"position\":2,\"name\":\"Shop\",\"item\":\"https:\\\/\\\/ranoja.ee\\\/en\\\/shop\\\/\"},{\"@type\":\"ListItem\",\"position\":3,\"name\":\"BULLPRO BULLY 6000 t\u00f6\u00f6tuli\"}]},{\"@type\":\"WebSite\",\"@id\":\"https:\\\/\\\/ranoja.ee\\\/#website\",\"url\":\"https:\\\/\\\/ranoja.ee\\\/\",\"name\":\"Ranoja\",\"description\":\"Equipment Shop WooCommerce WordPress Theme for Machine &amp; Tools\",\"publisher\":{\"@id\":\"https:\\\/\\\/ranoja.ee\\\/#organization\"},\"potentialAction\":[{\"@type\":\"SearchAction\",\"target\":{\"@type\":\"EntryPoint\",\"urlTemplate\":\"https:\\\/\\\/ranoja.ee\\\/?s={search_term_string}\"},\"query-input\":{\"@type\":\"PropertyValueSpecification\",\"valueRequired\":true,\"valueName\":\"search_term_string\"}}],\"inLanguage\":\"en-US\"},{\"@type\":\"Organization\",\"@id\":\"https:\\\/\\\/ranoja.ee\\\/#organization\",\"name\":\"Ranoja O\u00dc\",\"url\":\"https:\\\/\\\/ranoja.ee\\\/\",\"logo\":{\"@type\":\"ImageObject\",\"inLanguage\":\"en-US\",\"@id\":\"https:\\\/\\\/ranoja.ee\\\/#\\\/schema\\\/logo\\\/image\\\/\",\"url\":\"https:\\\/\\\/ranoja.ee\\\/wp-content\\\/uploads\\\/2023\\\/11\\\/ranoja-Logo.png\",\"contentUrl\":\"https:\\\/\\\/ranoja.ee\\\/wp-content\\\/uploads\\\/2023\\\/11\\\/ranoja-Logo.png\",\"width\":207,\"height\":58,\"caption\":\"Ranoja O\u00dc\"},\"image\":{\"@id\":\"https:\\\/\\\/ranoja.ee\\\/#\\\/schema\\\/logo\\\/image\\\/\"},\"sameAs\":[\"https:\\\/\\\/www.facebook.com\\\/ranoja.ee\",\"https:\\\/\\\/www.instagram.com\\\/ranoja__\\\/\"]}]}<\/script>\n<!-- \/ Yoast SEO plugin. -->","yoast_head_json":{"title":"BULLPRO BULLY 6000 t\u00f6\u00f6tuli","description":"BULLPRO BULLY 6000 t\u00f6\u00f6tuli Valgusti tuum koosneb 16 Osrami LED-diodes, mis toodavad teoreetiliselt ligi 7\u202f700 luumenit valgust.","robots":{"index":"index","follow":"follow","max-snippet":"max-snippet:-1","max-image-preview":"max-image-preview:large","max-video-preview":"max-video-preview:-1"},"canonical":"https:\/\/ranoja.ee\/toode\/bullpro-bully-6000-tootuli\/","og_locale":"en_US","og_type":"article","og_title":"BULLPRO BULLY 6000 t\u00f6\u00f6tuli","og_description":"BULLPRO BULLY 6000 t\u00f6\u00f6tuli Valgusti tuum koosneb 16 Osrami LED-diodes, mis toodavad teoreetiliselt ligi 7\u202f700 luumenit valgust.","og_url":"https:\/\/ranoja.ee\/toode\/bullpro-bully-6000-tootuli\/","og_site_name":"Ranoja","article_publisher":"https:\/\/www.facebook.com\/ranoja.ee","article_modified_time":"2025-12-12T12:50:52+00:00","og_image":[{"width":800,"height":600,"url":"https:\/\/ranoja.ee\/wp-content\/uploads\/2025\/11\/BULLPRO-BULLY-6000-tootuli-2.jpg","type":"image\/jpeg"}],"twitter_card":"summary_large_image","twitter_misc":{"Est. reading time":"2 minutes"},"schema":{"@context":"https:\/\/schema.org","@graph":[{"@type":"WebPage","@id":"https:\/\/ranoja.ee\/toode\/bullpro-bully-6000-tootuli\/","url":"https:\/\/ranoja.ee\/toode\/bullpro-bully-6000-tootuli\/","name":"BULLPRO BULLY 6000 t\u00f6\u00f6tuli","isPartOf":{"@id":"https:\/\/ranoja.ee\/#website"},"primaryImageOfPage":{"@id":"https:\/\/ranoja.ee\/toode\/bullpro-bully-6000-tootuli\/#primaryimage"},"image":{"@id":"https:\/\/ranoja.ee\/toode\/bullpro-bully-6000-tootuli\/#primaryimage"},"thumbnailUrl":"https:\/\/ranoja.ee\/wp-content\/uploads\/2025\/11\/BULLPRO-BULLY-6000-tootuli-2.jpg","datePublished":"2025-11-24T11:01:20+00:00","dateModified":"2025-12-12T12:50:52+00:00","description":"BULLPRO BULLY 6000 t\u00f6\u00f6tuli Valgusti tuum koosneb 16 Osrami LED-diodes, mis toodavad teoreetiliselt ligi 7\u202f700 luumenit valgust.","breadcrumb":{"@id":"https:\/\/ranoja.ee\/toode\/bullpro-bully-6000-tootuli\/#breadcrumb"},"inLanguage":"en-US","potentialAction":[{"@type":"ReadAction","target":["https:\/\/ranoja.ee\/toode\/bullpro-bully-6000-tootuli\/"]}]},{"@type":"ImageObject","inLanguage":"en-US","@id":"https:\/\/ranoja.ee\/toode\/bullpro-bully-6000-tootuli\/#primaryimage","url":"https:\/\/ranoja.ee\/wp-content\/uploads\/2025\/11\/BULLPRO-BULLY-6000-tootuli-2.jpg","contentUrl":"https:\/\/ranoja.ee\/wp-content\/uploads\/2025\/11\/BULLPRO-BULLY-6000-tootuli-2.jpg","width":800,"height":600,"caption":"BULLPRO BULLY 6000 t\u00f6\u00f6tuli"},{"@type":"BreadcrumbList","@id":"https:\/\/ranoja.ee\/toode\/bullpro-bully-6000-tootuli\/#breadcrumb","itemListElement":[{"@type":"ListItem","position":1,"name":"Home","item":"https:\/\/ranoja.ee\/"},{"@type":"ListItem","position":2,"name":"Shop","item":"https:\/\/ranoja.ee\/en\/shop\/"},{"@type":"ListItem","position":3,"name":"BULLPRO BULLY 6000 t\u00f6\u00f6tuli"}]},{"@type":"WebSite","@id":"https:\/\/ranoja.ee\/#website","url":"https:\/\/ranoja.ee\/","name":"Ranoja","description":"Equipment Shop WooCommerce WordPress Theme for Machine &amp; Tools","publisher":{"@id":"https:\/\/ranoja.ee\/#organization"},"potentialAction":[{"@type":"SearchAction","target":{"@type":"EntryPoint","urlTemplate":"https:\/\/ranoja.ee\/?s={search_term_string}"},"query-input":{"@type":"PropertyValueSpecification","valueRequired":true,"valueName":"search_term_string"}}],"inLanguage":"en-US"},{"@type":"Organization","@id":"https:\/\/ranoja.ee\/#organization","name":"Ranoja O\u00dc","url":"https:\/\/ranoja.ee\/","logo":{"@type":"ImageObject","inLanguage":"en-US","@id":"https:\/\/ranoja.ee\/#\/schema\/logo\/image\/","url":"https:\/\/ranoja.ee\/wp-content\/uploads\/2023\/11\/ranoja-Logo.png","contentUrl":"https:\/\/ranoja.ee\/wp-content\/uploads\/2023\/11\/ranoja-Logo.png","width":207,"height":58,"caption":"Ranoja O\u00dc"},"image":{"@id":"https:\/\/ranoja.ee\/#\/schema\/logo\/image\/"},"sameAs":["https:\/\/www.facebook.com\/ranoja.ee","https:\/\/www.instagram.com\/ranoja__\/"]}]}},"_links":{"self":[{"href":"https:\/\/ranoja.ee\/en\/wp-json\/wp\/v2\/product\/24016","targetHints":{"allow":["GET"]}}],"collection":[{"href":"https:\/\/ranoja.ee\/en\/wp-json\/wp\/v2\/product"}],"about":[{"href":"https:\/\/ranoja.ee\/en\/wp-json\/wp\/v2\/types\/product"}],"wp:featuredmedia":[{"embeddable":true,"href":"https:\/\/ranoja.ee\/en\/wp-json\/wp\/v2\/media\/24037"}],"wp:attachment":[{"href":"https:\/\/ranoja.ee\/en\/wp-json\/wp\/v2\/media?parent=24016"}],"wp:term":[{"taxonomy":"product_cat","embeddable":true,"href":"https:\/\/ranoja.ee\/en\/wp-json\/wp\/v2\/product_cat?post=24016"},{"taxonomy":"product_tag","embeddable":true,"href":"https:\/\/ranoja.ee\/en\/wp-json\/wp\/v2\/product_tag?post=24016"}],"curies":[{"name":"wp","href":"https:\/\/api.w.org\/{rel}","templated":true}]}}