{"id":24009,"date":"2025-11-24T13:38:32","date_gmt":"2025-11-24T10:38:32","guid":{"rendered":"https:\/\/ranoja.ee\/?post_type=product&#038;p=24009"},"modified":"2025-12-12T15:50:53","modified_gmt":"2025-12-12T12:50:53","slug":"bullpro-spectrum-square-96-tootuli","status":"publish","type":"product","link":"https:\/\/ranoja.ee\/en\/toode\/bullpro-spectrum-square-96-tootuli\/","title":{"rendered":"BULLPRO SPECTRUM SQUARE 96 t\u00f6\u00f6tuli"},"content":{"rendered":"<p>BULLPRO SPECTRUM SQUARE 96 t\u00f6\u00f6tuli<\/p>\n<p>Massiivne ja v\u00f5imas LED-t\u00f6\u00f6valgusti, mis on loodud eriolukordadeks, kus standardlahendused lihtsalt ei piisa. Selle seeria keskne filosoofia on kompaktne korpus ja maksimaalne valgus ning Square 96 illustreerib seda ideaalselt. KKorpuse m\u00f5\u00f5tmed on 112 \u00d7 112 \u00d7 55 mm, kuid valgusvoog ulatub kuni umbes 14 400 luumenini. <\/p>\n<p>Valgusti t\u00f6\u00f6tab laias pingev\u00e4ljas 9-32 V, mis teeb selle sobivaks nii erinevate s\u00f5idukite, masina- kui ka t\u00f6\u00f6keskkondade jaoks.<br \/>\nRobustne korpus kannatab ka rasketes tingimustes. IP68 kaitseklass tagab tolmu- ja veekindluse ning konstruktsioon suudab vastu pidada vibratsiooni ja mehaanilist pinget. <\/p>\n<p>Kujundatud selgeks ja laialivalguvaks hele-valgeks (u 5000 K v\u00e4\u00e4rtus), mis v\u00e4hendab varjude tekkimist ja tagab t\u00f6\u00f6alal \u00fchtlase n\u00e4htavuse ka h\u00e4marates tingimustes.<br \/>\nLisaks on paigaldus tehtud lihtsaks. Tootel on universaalne DT-pistik ning kompaktne kinnituss\u00fcsteem, mis v\u00f5imaldab kiiret ja paindlikku montaa\u017ei. <\/p>\n<p>Kasutaja seisukohalt t\u00e4hendab see, et Square 96 on valgusti, mis ei taha olla lihtsalt \u201c\u00fcks tuli\u201d. See on v\u00e4ljendus sellest, et t\u00f6\u00f6 peab toimuma ka olukordades, kus valguse n\u00f5uded on k\u00f5rgemad kui tavap\u00e4rane. Olgu selleks ehitusplats, p\u00f5llumajandusseade, metsat\u00f6\u00f6 v\u00f5i \u00f6ine kaldtega man\u00f6\u00f6verdamine \u2014 see valgusti pakub piisavalt j\u00f5udu ja kvaliteeti, et kindlustada n\u00e4htavus, ohutus ning t\u00f6\u00f6 efektiivsus.<\/p>\n<p>BULLPRO SPECTRUM SQUARE 96 t\u00f6\u00f6tuli<\/p>\n","protected":false},"excerpt":{"rendered":"<p>BULLPRO SPECTRUM SQUARE 96 t\u00f6\u00f6tuli<br \/>\nM\u00f5\u00f5tmed: 112 x 112 x 55 mm<br \/>\nPinge: 9-32 V<br \/>\nVoolutarve: 6.03 A ja 13.7 V<br \/>\nLumenid: 14400 lm<br \/>\nLumenid m\u00f5\u00f5detud: 9240 lm<br \/>\n64 x Osram LED<br \/>\nVorm: Ruut<br \/>\nV\u00e4rvitemperatuur: 5000 K<br \/>\nPistiku t\u00fc\u00fcp: 2-pin DT<br \/>\nIntegreeritud DT pistik<br \/>\nDT-pistik pakendis<br \/>\nIP klassifikatsioon: IP68<br \/>\nSertifikaadid: R10<br \/>\nMudeli nimi: SPECTRUM SQUARE 96<br \/>\nKaal: 1.07 kg<br \/>\n<strong>Tarneaeg 1-7 t\u00f6\u00f6p\u00e4eva<\/strong><\/p>\n","protected":false},"featured_media":24014,"template":"","meta":{"inline_featured_image":false},"product_cat":[1116,1118],"product_tag":[2549,1006,2546,2547,1005,1007,2483,2480,2481,681,2550,654,2551,682],"class_list":{"0":"post-24009","1":"product","2":"type-product","3":"status-publish","4":"has-post-thumbnail","6":"product_brand-bullpro","7":"product_cat-lisaseadmed-ehitusseadmed-led-lisatuled-cb-raadiod-lallar","8":"product_cat-tootuled","9":"product_tag-1603-300234","10":"product_tag-1605-n8k200","11":"product_tag-1605-n8k203","12":"product_tag-1605-n8k204","13":"product_tag-1605-n8k500","14":"product_tag-1605-n8k501","15":"product_tag-1605-n8k502","16":"product_tag-1605-n8k503","17":"product_tag-1605-n8k800","18":"product_tag-bullpro","19":"product_tag-bullpro-spectrum-square-96","20":"product_tag-led-tuli","21":"product_tag-spectrum-square-96","22":"product_tag-tootuli","24":"first","25":"instock","26":"sale","27":"taxable","28":"shipping-taxable","29":"purchasable","30":"product-type-simple"},"yoast_head":"<!-- This site is optimized with the Yoast SEO plugin v27.4 - https:\/\/yoast.com\/product\/yoast-seo-wordpress\/ -->\n<title>BULLPRO SPECTRUM SQUARE 96 t\u00f6\u00f6tuli<\/title>\n<meta name=\"description\" content=\"BULLPRO SPECTRUM SQUARE 96 t\u00f6\u00f6tuli Valgusti t\u00f6\u00f6tab pingev\u00e4ljas 9-32 V, mis teeb selle sobivaks nii erinevate s\u00f5idukite, masina- kui ka t\u00f6\u00f6keskkondade jaoks.\" \/>\n<meta name=\"robots\" content=\"index, follow, max-snippet:-1, max-image-preview:large, max-video-preview:-1\" \/>\n<link rel=\"canonical\" href=\"https:\/\/ranoja.ee\/toode\/bullpro-spectrum-square-96-tootuli\/\" \/>\n<meta property=\"og:locale\" content=\"en_US\" \/>\n<meta property=\"og:type\" content=\"article\" \/>\n<meta property=\"og:title\" content=\"BULLPRO SPECTRUM SQUARE 96 t\u00f6\u00f6tuli\" \/>\n<meta property=\"og:description\" content=\"BULLPRO SPECTRUM SQUARE 96 t\u00f6\u00f6tuli Valgusti t\u00f6\u00f6tab pingev\u00e4ljas 9-32 V, mis teeb selle sobivaks nii erinevate s\u00f5idukite, masina- kui ka t\u00f6\u00f6keskkondade jaoks.\" \/>\n<meta property=\"og:url\" content=\"https:\/\/ranoja.ee\/toode\/bullpro-spectrum-square-96-tootuli\/\" \/>\n<meta property=\"og:site_name\" content=\"Ranoja\" \/>\n<meta property=\"article:publisher\" content=\"https:\/\/www.facebook.com\/ranoja.ee\" \/>\n<meta property=\"article:modified_time\" content=\"2025-12-12T12:50:53+00:00\" \/>\n<meta property=\"og:image\" content=\"https:\/\/ranoja.ee\/wp-content\/uploads\/2025\/11\/BULLPRO-SPECTRUM-SQUARE-96-tootuli.jpg\" \/>\n\t<meta property=\"og:image:width\" content=\"800\" \/>\n\t<meta property=\"og:image:height\" content=\"600\" \/>\n\t<meta property=\"og:image:type\" content=\"image\/jpeg\" \/>\n<meta name=\"twitter:card\" content=\"summary_large_image\" \/>\n<meta name=\"twitter:label1\" content=\"Est. reading time\" \/>\n\t<meta name=\"twitter:data1\" content=\"2 minutes\" \/>\n<script type=\"application\/ld+json\" class=\"yoast-schema-graph\">{\"@context\":\"https:\\\/\\\/schema.org\",\"@graph\":[{\"@type\":\"WebPage\",\"@id\":\"https:\\\/\\\/ranoja.ee\\\/toode\\\/bullpro-spectrum-square-96-tootuli\\\/\",\"url\":\"https:\\\/\\\/ranoja.ee\\\/toode\\\/bullpro-spectrum-square-96-tootuli\\\/\",\"name\":\"BULLPRO SPECTRUM SQUARE 96 t\u00f6\u00f6tuli\",\"isPartOf\":{\"@id\":\"https:\\\/\\\/ranoja.ee\\\/#website\"},\"primaryImageOfPage\":{\"@id\":\"https:\\\/\\\/ranoja.ee\\\/toode\\\/bullpro-spectrum-square-96-tootuli\\\/#primaryimage\"},\"image\":{\"@id\":\"https:\\\/\\\/ranoja.ee\\\/toode\\\/bullpro-spectrum-square-96-tootuli\\\/#primaryimage\"},\"thumbnailUrl\":\"https:\\\/\\\/ranoja.ee\\\/wp-content\\\/uploads\\\/2025\\\/11\\\/BULLPRO-SPECTRUM-SQUARE-96-tootuli.jpg\",\"datePublished\":\"2025-11-24T10:38:32+00:00\",\"dateModified\":\"2025-12-12T12:50:53+00:00\",\"description\":\"BULLPRO SPECTRUM SQUARE 96 t\u00f6\u00f6tuli Valgusti t\u00f6\u00f6tab pingev\u00e4ljas 9-32 V, mis teeb selle sobivaks nii erinevate s\u00f5idukite, masina- kui ka t\u00f6\u00f6keskkondade jaoks.\",\"breadcrumb\":{\"@id\":\"https:\\\/\\\/ranoja.ee\\\/toode\\\/bullpro-spectrum-square-96-tootuli\\\/#breadcrumb\"},\"inLanguage\":\"en-US\",\"potentialAction\":[{\"@type\":\"ReadAction\",\"target\":[\"https:\\\/\\\/ranoja.ee\\\/toode\\\/bullpro-spectrum-square-96-tootuli\\\/\"]}]},{\"@type\":\"ImageObject\",\"inLanguage\":\"en-US\",\"@id\":\"https:\\\/\\\/ranoja.ee\\\/toode\\\/bullpro-spectrum-square-96-tootuli\\\/#primaryimage\",\"url\":\"https:\\\/\\\/ranoja.ee\\\/wp-content\\\/uploads\\\/2025\\\/11\\\/BULLPRO-SPECTRUM-SQUARE-96-tootuli.jpg\",\"contentUrl\":\"https:\\\/\\\/ranoja.ee\\\/wp-content\\\/uploads\\\/2025\\\/11\\\/BULLPRO-SPECTRUM-SQUARE-96-tootuli.jpg\",\"width\":800,\"height\":600,\"caption\":\"BULLPRO SPECTRUM SQUARE 96 t\u00f6\u00f6tuli\"},{\"@type\":\"BreadcrumbList\",\"@id\":\"https:\\\/\\\/ranoja.ee\\\/toode\\\/bullpro-spectrum-square-96-tootuli\\\/#breadcrumb\",\"itemListElement\":[{\"@type\":\"ListItem\",\"position\":1,\"name\":\"Home\",\"item\":\"https:\\\/\\\/ranoja.ee\\\/\"},{\"@type\":\"ListItem\",\"position\":2,\"name\":\"Shop\",\"item\":\"https:\\\/\\\/ranoja.ee\\\/en\\\/shop\\\/\"},{\"@type\":\"ListItem\",\"position\":3,\"name\":\"BULLPRO SPECTRUM SQUARE 96 t\u00f6\u00f6tuli\"}]},{\"@type\":\"WebSite\",\"@id\":\"https:\\\/\\\/ranoja.ee\\\/#website\",\"url\":\"https:\\\/\\\/ranoja.ee\\\/\",\"name\":\"Ranoja\",\"description\":\"Equipment Shop WooCommerce WordPress Theme for Machine &amp; Tools\",\"publisher\":{\"@id\":\"https:\\\/\\\/ranoja.ee\\\/#organization\"},\"potentialAction\":[{\"@type\":\"SearchAction\",\"target\":{\"@type\":\"EntryPoint\",\"urlTemplate\":\"https:\\\/\\\/ranoja.ee\\\/?s={search_term_string}\"},\"query-input\":{\"@type\":\"PropertyValueSpecification\",\"valueRequired\":true,\"valueName\":\"search_term_string\"}}],\"inLanguage\":\"en-US\"},{\"@type\":\"Organization\",\"@id\":\"https:\\\/\\\/ranoja.ee\\\/#organization\",\"name\":\"Ranoja O\u00dc\",\"url\":\"https:\\\/\\\/ranoja.ee\\\/\",\"logo\":{\"@type\":\"ImageObject\",\"inLanguage\":\"en-US\",\"@id\":\"https:\\\/\\\/ranoja.ee\\\/#\\\/schema\\\/logo\\\/image\\\/\",\"url\":\"https:\\\/\\\/ranoja.ee\\\/wp-content\\\/uploads\\\/2023\\\/11\\\/ranoja-Logo.png\",\"contentUrl\":\"https:\\\/\\\/ranoja.ee\\\/wp-content\\\/uploads\\\/2023\\\/11\\\/ranoja-Logo.png\",\"width\":207,\"height\":58,\"caption\":\"Ranoja O\u00dc\"},\"image\":{\"@id\":\"https:\\\/\\\/ranoja.ee\\\/#\\\/schema\\\/logo\\\/image\\\/\"},\"sameAs\":[\"https:\\\/\\\/www.facebook.com\\\/ranoja.ee\",\"https:\\\/\\\/www.instagram.com\\\/ranoja__\\\/\"]}]}<\/script>\n<!-- \/ Yoast SEO plugin. -->","yoast_head_json":{"title":"BULLPRO SPECTRUM SQUARE 96 t\u00f6\u00f6tuli","description":"BULLPRO SPECTRUM SQUARE 96 t\u00f6\u00f6tuli Valgusti t\u00f6\u00f6tab pingev\u00e4ljas 9-32 V, mis teeb selle sobivaks nii erinevate s\u00f5idukite, masina- kui ka t\u00f6\u00f6keskkondade jaoks.","robots":{"index":"index","follow":"follow","max-snippet":"max-snippet:-1","max-image-preview":"max-image-preview:large","max-video-preview":"max-video-preview:-1"},"canonical":"https:\/\/ranoja.ee\/toode\/bullpro-spectrum-square-96-tootuli\/","og_locale":"en_US","og_type":"article","og_title":"BULLPRO SPECTRUM SQUARE 96 t\u00f6\u00f6tuli","og_description":"BULLPRO SPECTRUM SQUARE 96 t\u00f6\u00f6tuli Valgusti t\u00f6\u00f6tab pingev\u00e4ljas 9-32 V, mis teeb selle sobivaks nii erinevate s\u00f5idukite, masina- kui ka t\u00f6\u00f6keskkondade jaoks.","og_url":"https:\/\/ranoja.ee\/toode\/bullpro-spectrum-square-96-tootuli\/","og_site_name":"Ranoja","article_publisher":"https:\/\/www.facebook.com\/ranoja.ee","article_modified_time":"2025-12-12T12:50:53+00:00","og_image":[{"width":800,"height":600,"url":"https:\/\/ranoja.ee\/wp-content\/uploads\/2025\/11\/BULLPRO-SPECTRUM-SQUARE-96-tootuli.jpg","type":"image\/jpeg"}],"twitter_card":"summary_large_image","twitter_misc":{"Est. reading time":"2 minutes"},"schema":{"@context":"https:\/\/schema.org","@graph":[{"@type":"WebPage","@id":"https:\/\/ranoja.ee\/toode\/bullpro-spectrum-square-96-tootuli\/","url":"https:\/\/ranoja.ee\/toode\/bullpro-spectrum-square-96-tootuli\/","name":"BULLPRO SPECTRUM SQUARE 96 t\u00f6\u00f6tuli","isPartOf":{"@id":"https:\/\/ranoja.ee\/#website"},"primaryImageOfPage":{"@id":"https:\/\/ranoja.ee\/toode\/bullpro-spectrum-square-96-tootuli\/#primaryimage"},"image":{"@id":"https:\/\/ranoja.ee\/toode\/bullpro-spectrum-square-96-tootuli\/#primaryimage"},"thumbnailUrl":"https:\/\/ranoja.ee\/wp-content\/uploads\/2025\/11\/BULLPRO-SPECTRUM-SQUARE-96-tootuli.jpg","datePublished":"2025-11-24T10:38:32+00:00","dateModified":"2025-12-12T12:50:53+00:00","description":"BULLPRO SPECTRUM SQUARE 96 t\u00f6\u00f6tuli Valgusti t\u00f6\u00f6tab pingev\u00e4ljas 9-32 V, mis teeb selle sobivaks nii erinevate s\u00f5idukite, masina- kui ka t\u00f6\u00f6keskkondade jaoks.","breadcrumb":{"@id":"https:\/\/ranoja.ee\/toode\/bullpro-spectrum-square-96-tootuli\/#breadcrumb"},"inLanguage":"en-US","potentialAction":[{"@type":"ReadAction","target":["https:\/\/ranoja.ee\/toode\/bullpro-spectrum-square-96-tootuli\/"]}]},{"@type":"ImageObject","inLanguage":"en-US","@id":"https:\/\/ranoja.ee\/toode\/bullpro-spectrum-square-96-tootuli\/#primaryimage","url":"https:\/\/ranoja.ee\/wp-content\/uploads\/2025\/11\/BULLPRO-SPECTRUM-SQUARE-96-tootuli.jpg","contentUrl":"https:\/\/ranoja.ee\/wp-content\/uploads\/2025\/11\/BULLPRO-SPECTRUM-SQUARE-96-tootuli.jpg","width":800,"height":600,"caption":"BULLPRO SPECTRUM SQUARE 96 t\u00f6\u00f6tuli"},{"@type":"BreadcrumbList","@id":"https:\/\/ranoja.ee\/toode\/bullpro-spectrum-square-96-tootuli\/#breadcrumb","itemListElement":[{"@type":"ListItem","position":1,"name":"Home","item":"https:\/\/ranoja.ee\/"},{"@type":"ListItem","position":2,"name":"Shop","item":"https:\/\/ranoja.ee\/en\/shop\/"},{"@type":"ListItem","position":3,"name":"BULLPRO SPECTRUM SQUARE 96 t\u00f6\u00f6tuli"}]},{"@type":"WebSite","@id":"https:\/\/ranoja.ee\/#website","url":"https:\/\/ranoja.ee\/","name":"Ranoja","description":"Equipment Shop WooCommerce WordPress Theme for Machine &amp; Tools","publisher":{"@id":"https:\/\/ranoja.ee\/#organization"},"potentialAction":[{"@type":"SearchAction","target":{"@type":"EntryPoint","urlTemplate":"https:\/\/ranoja.ee\/?s={search_term_string}"},"query-input":{"@type":"PropertyValueSpecification","valueRequired":true,"valueName":"search_term_string"}}],"inLanguage":"en-US"},{"@type":"Organization","@id":"https:\/\/ranoja.ee\/#organization","name":"Ranoja O\u00dc","url":"https:\/\/ranoja.ee\/","logo":{"@type":"ImageObject","inLanguage":"en-US","@id":"https:\/\/ranoja.ee\/#\/schema\/logo\/image\/","url":"https:\/\/ranoja.ee\/wp-content\/uploads\/2023\/11\/ranoja-Logo.png","contentUrl":"https:\/\/ranoja.ee\/wp-content\/uploads\/2023\/11\/ranoja-Logo.png","width":207,"height":58,"caption":"Ranoja O\u00dc"},"image":{"@id":"https:\/\/ranoja.ee\/#\/schema\/logo\/image\/"},"sameAs":["https:\/\/www.facebook.com\/ranoja.ee","https:\/\/www.instagram.com\/ranoja__\/"]}]}},"_links":{"self":[{"href":"https:\/\/ranoja.ee\/en\/wp-json\/wp\/v2\/product\/24009","targetHints":{"allow":["GET"]}}],"collection":[{"href":"https:\/\/ranoja.ee\/en\/wp-json\/wp\/v2\/product"}],"about":[{"href":"https:\/\/ranoja.ee\/en\/wp-json\/wp\/v2\/types\/product"}],"wp:featuredmedia":[{"embeddable":true,"href":"https:\/\/ranoja.ee\/en\/wp-json\/wp\/v2\/media\/24014"}],"wp:attachment":[{"href":"https:\/\/ranoja.ee\/en\/wp-json\/wp\/v2\/media?parent=24009"}],"wp:term":[{"taxonomy":"product_cat","embeddable":true,"href":"https:\/\/ranoja.ee\/en\/wp-json\/wp\/v2\/product_cat?post=24009"},{"taxonomy":"product_tag","embeddable":true,"href":"https:\/\/ranoja.ee\/en\/wp-json\/wp\/v2\/product_tag?post=24009"}],"curies":[{"name":"wp","href":"https:\/\/api.w.org\/{rel}","templated":true}]}}