{"id":23994,"date":"2025-11-24T13:00:08","date_gmt":"2025-11-24T10:00:08","guid":{"rendered":"https:\/\/ranoja.ee\/?post_type=product&#038;p=23994"},"modified":"2025-12-10T16:06:51","modified_gmt":"2025-12-10T13:06:51","slug":"pistikukomplekt-deutsch-2-pin-dt-300-cm","status":"publish","type":"product","link":"https:\/\/ranoja.ee\/en\/toode\/pistikukomplekt-deutsch-2-pin-dt-300-cm\/","title":{"rendered":"Pistikukomplekt Deutsch 2-pin DT 300 cm"},"content":{"rendered":"<p>Pistikukomplekt Deutsch 2-pin DT 300 cm<\/p>\n<p>Kaabelikomplekt, mille p\u00f5hielemendiks on DT-liidmik, isased klemmid, \u00fchendatud 90\u00b0 nurga all paigutatud \u00fchendusega ning juhtmekomplekt on pikkusega 3 meetrit. <\/p>\n<p>See t\u00e4hendab, et tegu on lisatarvikuga, mis v\u00f5imaldab paindlikku ja nutikat elektri\u00fchendust olukordades, kus \u00fchenduskoht peab olema varjatud, ruumikitsendusega v\u00f5i kus on oluline optimeerida kaabli kulgu.<\/p>\n<p>Juhtmekomplekti paigaldamisel aitab 90\u00b0 nurga all liidmik v\u00e4hendada kaabli pinget \u00fchenduskoha \u00fcmbruses ning suurendab paigalduse v\u00f5imaluste valikut. N\u00e4iteks sobib see h\u00e4sti masina osadele, kus ruumi paiknemine on piiratud v\u00f5i kus kaabel peab kulgema vastu konstruktsiooni serva. Kolme meetrine pikkus annab piisava ulatuse, et kaabli v\u00f5ib paigutada sobivasse suunda ilma liigse pingutuseta.<\/p>\n<p>On m\u00f5eldud kasutamiseks erinevates liikuvates ja fikseeritud s\u00fcsteemides. N\u00e4iteks traktori v\u00f5i s\u00f5iduki rakendustes, kus elektri\u00fchendused peavad olema vastupidavad ja usaldusv\u00e4\u00e4rsed. DT-liidmik on tuntud t\u00f6\u00f6stuslikes tingimustes, kus oluline on kindel ja tihe \u00fchendus. Kaabli pikkus ja 90\u00b0 nurk teeb paigaldust\u00f6\u00f6d lihtsaks ja paindlikuks.<\/p>\n<p>Kaabelikomplekt pakub tugevust, paindlikkust ja valideeritud \u00fchendustehnoloogiat olukordadeks, kus \u00fchendada tuleb 2-klemmi abil ning paigaldusruum v\u00f5i kaabli kulgemise suund on eriline. Kui vajad usaldusv\u00e4\u00e4rset \u00fchenduslahendust d\u00fcnaamiliselt v\u00f5i statiliselt liikudele, siis see toode on \u00fcks praktiline valik.<\/p>\n<p>Pistikukomplekt Deutsch 2-pin DT 300 cm<\/p>\n","protected":false},"excerpt":{"rendered":"<p>Pistikukomplekt Deutsch 2-pin DT 300 cm<br \/>\nPistiku t\u00fc\u00fcp: 2-pin DT<br \/>\nJuhtme pikkus: 300 cm<br \/>\nIsased klemmid<br \/>\nPistik 90\u00b0 nurga all<br \/>\nKaal: 0.3 kg<br \/>\nGarantii 1 aasta (eraisikule 2 aastat)<br \/>\n<strong><span style=\"color: #339966;\">Seadme eeldatav tarneaeg 3-4 t\u00f6\u00f6p\u00e4eva<\/span><\/strong><\/p>\n","protected":false},"featured_media":24005,"template":"","meta":{"inline_featured_image":false},"product_cat":[1116,1119],"product_tag":[2547,697,699,2548,700],"class_list":{"0":"post-23994","1":"product","2":"type-product","3":"status-publish","4":"has-post-thumbnail","6":"product_brand-deutsch","7":"product_cat-lisaseadmed-ehitusseadmed-led-lisatuled-cb-raadiod-lallar","8":"product_cat-tulede-tarvikud","9":"product_tag-1605-n8k204","10":"product_tag-deutsch","11":"product_tag-juhtmekomplekt","12":"product_tag-juhtmestik-deutsch-3m","13":"product_tag-tootulede-juhtmestik","15":"first","16":"instock","17":"taxable","18":"shipping-taxable","19":"purchasable","20":"product-type-simple"},"yoast_head":"<!-- This site is optimized with the Yoast SEO plugin v27.4 - https:\/\/yoast.com\/product\/yoast-seo-wordpress\/ -->\n<title>Pistikukomplekt Deutsch 2-pin DT 300 cm<\/title>\n<meta name=\"description\" content=\"Pistikukomplekt Deutsch 2-pin DT 300 cm M\u00f5eldud kasutamiseks n\u00e4iteks rasketehnika, p\u00f5llumajanduse v\u00f5i s\u00f5idukite elektris\u00fcsteemides.\" \/>\n<meta name=\"robots\" content=\"index, follow, max-snippet:-1, max-image-preview:large, max-video-preview:-1\" \/>\n<link rel=\"canonical\" href=\"https:\/\/ranoja.ee\/toode\/pistikukomplekt-deutsch-2-pin-dt-300-cm\/\" \/>\n<meta property=\"og:locale\" content=\"en_US\" \/>\n<meta property=\"og:type\" content=\"article\" \/>\n<meta property=\"og:title\" content=\"Pistikukomplekt Deutsch 2-pin DT 300 cm\" \/>\n<meta property=\"og:description\" content=\"Pistikukomplekt Deutsch 2-pin DT 300 cm M\u00f5eldud kasutamiseks n\u00e4iteks rasketehnika, p\u00f5llumajanduse v\u00f5i s\u00f5idukite elektris\u00fcsteemides.\" \/>\n<meta property=\"og:url\" content=\"https:\/\/ranoja.ee\/toode\/pistikukomplekt-deutsch-2-pin-dt-300-cm\/\" \/>\n<meta property=\"og:site_name\" content=\"Ranoja\" \/>\n<meta property=\"article:publisher\" content=\"https:\/\/www.facebook.com\/ranoja.ee\" \/>\n<meta property=\"article:modified_time\" content=\"2025-12-10T13:06:51+00:00\" \/>\n<meta property=\"og:image\" content=\"https:\/\/ranoja.ee\/wp-content\/uploads\/2025\/11\/Pistikukomplekt-Deutsch-2-pin-DT-300-cm.jpg\" \/>\n\t<meta property=\"og:image:width\" content=\"800\" \/>\n\t<meta property=\"og:image:height\" content=\"600\" \/>\n\t<meta property=\"og:image:type\" content=\"image\/jpeg\" \/>\n<meta name=\"twitter:card\" content=\"summary_large_image\" \/>\n<meta name=\"twitter:label1\" content=\"Est. reading time\" \/>\n\t<meta name=\"twitter:data1\" content=\"2 minutes\" \/>\n<script type=\"application\/ld+json\" class=\"yoast-schema-graph\">{\"@context\":\"https:\\\/\\\/schema.org\",\"@graph\":[{\"@type\":\"WebPage\",\"@id\":\"https:\\\/\\\/ranoja.ee\\\/toode\\\/pistikukomplekt-deutsch-2-pin-dt-300-cm\\\/\",\"url\":\"https:\\\/\\\/ranoja.ee\\\/toode\\\/pistikukomplekt-deutsch-2-pin-dt-300-cm\\\/\",\"name\":\"Pistikukomplekt Deutsch 2-pin DT 300 cm\",\"isPartOf\":{\"@id\":\"https:\\\/\\\/ranoja.ee\\\/#website\"},\"primaryImageOfPage\":{\"@id\":\"https:\\\/\\\/ranoja.ee\\\/toode\\\/pistikukomplekt-deutsch-2-pin-dt-300-cm\\\/#primaryimage\"},\"image\":{\"@id\":\"https:\\\/\\\/ranoja.ee\\\/toode\\\/pistikukomplekt-deutsch-2-pin-dt-300-cm\\\/#primaryimage\"},\"thumbnailUrl\":\"https:\\\/\\\/ranoja.ee\\\/wp-content\\\/uploads\\\/2025\\\/11\\\/Pistikukomplekt-Deutsch-2-pin-DT-300-cm.jpg\",\"datePublished\":\"2025-11-24T10:00:08+00:00\",\"dateModified\":\"2025-12-10T13:06:51+00:00\",\"description\":\"Pistikukomplekt Deutsch 2-pin DT 300 cm M\u00f5eldud kasutamiseks n\u00e4iteks rasketehnika, p\u00f5llumajanduse v\u00f5i s\u00f5idukite elektris\u00fcsteemides.\",\"breadcrumb\":{\"@id\":\"https:\\\/\\\/ranoja.ee\\\/toode\\\/pistikukomplekt-deutsch-2-pin-dt-300-cm\\\/#breadcrumb\"},\"inLanguage\":\"en-US\",\"potentialAction\":[{\"@type\":\"ReadAction\",\"target\":[\"https:\\\/\\\/ranoja.ee\\\/toode\\\/pistikukomplekt-deutsch-2-pin-dt-300-cm\\\/\"]}]},{\"@type\":\"ImageObject\",\"inLanguage\":\"en-US\",\"@id\":\"https:\\\/\\\/ranoja.ee\\\/toode\\\/pistikukomplekt-deutsch-2-pin-dt-300-cm\\\/#primaryimage\",\"url\":\"https:\\\/\\\/ranoja.ee\\\/wp-content\\\/uploads\\\/2025\\\/11\\\/Pistikukomplekt-Deutsch-2-pin-DT-300-cm.jpg\",\"contentUrl\":\"https:\\\/\\\/ranoja.ee\\\/wp-content\\\/uploads\\\/2025\\\/11\\\/Pistikukomplekt-Deutsch-2-pin-DT-300-cm.jpg\",\"width\":800,\"height\":600,\"caption\":\"Pistikukomplekt Deutsch 2-pin DT 300 cm\"},{\"@type\":\"BreadcrumbList\",\"@id\":\"https:\\\/\\\/ranoja.ee\\\/toode\\\/pistikukomplekt-deutsch-2-pin-dt-300-cm\\\/#breadcrumb\",\"itemListElement\":[{\"@type\":\"ListItem\",\"position\":1,\"name\":\"Home\",\"item\":\"https:\\\/\\\/ranoja.ee\\\/\"},{\"@type\":\"ListItem\",\"position\":2,\"name\":\"Shop\",\"item\":\"https:\\\/\\\/ranoja.ee\\\/en\\\/shop\\\/\"},{\"@type\":\"ListItem\",\"position\":3,\"name\":\"Pistikukomplekt Deutsch 2-pin DT 300 cm\"}]},{\"@type\":\"WebSite\",\"@id\":\"https:\\\/\\\/ranoja.ee\\\/#website\",\"url\":\"https:\\\/\\\/ranoja.ee\\\/\",\"name\":\"Ranoja\",\"description\":\"Equipment Shop WooCommerce WordPress Theme for Machine &amp; Tools\",\"publisher\":{\"@id\":\"https:\\\/\\\/ranoja.ee\\\/#organization\"},\"potentialAction\":[{\"@type\":\"SearchAction\",\"target\":{\"@type\":\"EntryPoint\",\"urlTemplate\":\"https:\\\/\\\/ranoja.ee\\\/?s={search_term_string}\"},\"query-input\":{\"@type\":\"PropertyValueSpecification\",\"valueRequired\":true,\"valueName\":\"search_term_string\"}}],\"inLanguage\":\"en-US\"},{\"@type\":\"Organization\",\"@id\":\"https:\\\/\\\/ranoja.ee\\\/#organization\",\"name\":\"Ranoja O\u00dc\",\"url\":\"https:\\\/\\\/ranoja.ee\\\/\",\"logo\":{\"@type\":\"ImageObject\",\"inLanguage\":\"en-US\",\"@id\":\"https:\\\/\\\/ranoja.ee\\\/#\\\/schema\\\/logo\\\/image\\\/\",\"url\":\"https:\\\/\\\/ranoja.ee\\\/wp-content\\\/uploads\\\/2023\\\/11\\\/ranoja-Logo.png\",\"contentUrl\":\"https:\\\/\\\/ranoja.ee\\\/wp-content\\\/uploads\\\/2023\\\/11\\\/ranoja-Logo.png\",\"width\":207,\"height\":58,\"caption\":\"Ranoja O\u00dc\"},\"image\":{\"@id\":\"https:\\\/\\\/ranoja.ee\\\/#\\\/schema\\\/logo\\\/image\\\/\"},\"sameAs\":[\"https:\\\/\\\/www.facebook.com\\\/ranoja.ee\",\"https:\\\/\\\/www.instagram.com\\\/ranoja__\\\/\"]}]}<\/script>\n<!-- \/ Yoast SEO plugin. -->","yoast_head_json":{"title":"Pistikukomplekt Deutsch 2-pin DT 300 cm","description":"Pistikukomplekt Deutsch 2-pin DT 300 cm M\u00f5eldud kasutamiseks n\u00e4iteks rasketehnika, p\u00f5llumajanduse v\u00f5i s\u00f5idukite elektris\u00fcsteemides.","robots":{"index":"index","follow":"follow","max-snippet":"max-snippet:-1","max-image-preview":"max-image-preview:large","max-video-preview":"max-video-preview:-1"},"canonical":"https:\/\/ranoja.ee\/toode\/pistikukomplekt-deutsch-2-pin-dt-300-cm\/","og_locale":"en_US","og_type":"article","og_title":"Pistikukomplekt Deutsch 2-pin DT 300 cm","og_description":"Pistikukomplekt Deutsch 2-pin DT 300 cm M\u00f5eldud kasutamiseks n\u00e4iteks rasketehnika, p\u00f5llumajanduse v\u00f5i s\u00f5idukite elektris\u00fcsteemides.","og_url":"https:\/\/ranoja.ee\/toode\/pistikukomplekt-deutsch-2-pin-dt-300-cm\/","og_site_name":"Ranoja","article_publisher":"https:\/\/www.facebook.com\/ranoja.ee","article_modified_time":"2025-12-10T13:06:51+00:00","og_image":[{"width":800,"height":600,"url":"https:\/\/ranoja.ee\/wp-content\/uploads\/2025\/11\/Pistikukomplekt-Deutsch-2-pin-DT-300-cm.jpg","type":"image\/jpeg"}],"twitter_card":"summary_large_image","twitter_misc":{"Est. reading time":"2 minutes"},"schema":{"@context":"https:\/\/schema.org","@graph":[{"@type":"WebPage","@id":"https:\/\/ranoja.ee\/toode\/pistikukomplekt-deutsch-2-pin-dt-300-cm\/","url":"https:\/\/ranoja.ee\/toode\/pistikukomplekt-deutsch-2-pin-dt-300-cm\/","name":"Pistikukomplekt Deutsch 2-pin DT 300 cm","isPartOf":{"@id":"https:\/\/ranoja.ee\/#website"},"primaryImageOfPage":{"@id":"https:\/\/ranoja.ee\/toode\/pistikukomplekt-deutsch-2-pin-dt-300-cm\/#primaryimage"},"image":{"@id":"https:\/\/ranoja.ee\/toode\/pistikukomplekt-deutsch-2-pin-dt-300-cm\/#primaryimage"},"thumbnailUrl":"https:\/\/ranoja.ee\/wp-content\/uploads\/2025\/11\/Pistikukomplekt-Deutsch-2-pin-DT-300-cm.jpg","datePublished":"2025-11-24T10:00:08+00:00","dateModified":"2025-12-10T13:06:51+00:00","description":"Pistikukomplekt Deutsch 2-pin DT 300 cm M\u00f5eldud kasutamiseks n\u00e4iteks rasketehnika, p\u00f5llumajanduse v\u00f5i s\u00f5idukite elektris\u00fcsteemides.","breadcrumb":{"@id":"https:\/\/ranoja.ee\/toode\/pistikukomplekt-deutsch-2-pin-dt-300-cm\/#breadcrumb"},"inLanguage":"en-US","potentialAction":[{"@type":"ReadAction","target":["https:\/\/ranoja.ee\/toode\/pistikukomplekt-deutsch-2-pin-dt-300-cm\/"]}]},{"@type":"ImageObject","inLanguage":"en-US","@id":"https:\/\/ranoja.ee\/toode\/pistikukomplekt-deutsch-2-pin-dt-300-cm\/#primaryimage","url":"https:\/\/ranoja.ee\/wp-content\/uploads\/2025\/11\/Pistikukomplekt-Deutsch-2-pin-DT-300-cm.jpg","contentUrl":"https:\/\/ranoja.ee\/wp-content\/uploads\/2025\/11\/Pistikukomplekt-Deutsch-2-pin-DT-300-cm.jpg","width":800,"height":600,"caption":"Pistikukomplekt Deutsch 2-pin DT 300 cm"},{"@type":"BreadcrumbList","@id":"https:\/\/ranoja.ee\/toode\/pistikukomplekt-deutsch-2-pin-dt-300-cm\/#breadcrumb","itemListElement":[{"@type":"ListItem","position":1,"name":"Home","item":"https:\/\/ranoja.ee\/"},{"@type":"ListItem","position":2,"name":"Shop","item":"https:\/\/ranoja.ee\/en\/shop\/"},{"@type":"ListItem","position":3,"name":"Pistikukomplekt Deutsch 2-pin DT 300 cm"}]},{"@type":"WebSite","@id":"https:\/\/ranoja.ee\/#website","url":"https:\/\/ranoja.ee\/","name":"Ranoja","description":"Equipment Shop WooCommerce WordPress Theme for Machine &amp; Tools","publisher":{"@id":"https:\/\/ranoja.ee\/#organization"},"potentialAction":[{"@type":"SearchAction","target":{"@type":"EntryPoint","urlTemplate":"https:\/\/ranoja.ee\/?s={search_term_string}"},"query-input":{"@type":"PropertyValueSpecification","valueRequired":true,"valueName":"search_term_string"}}],"inLanguage":"en-US"},{"@type":"Organization","@id":"https:\/\/ranoja.ee\/#organization","name":"Ranoja O\u00dc","url":"https:\/\/ranoja.ee\/","logo":{"@type":"ImageObject","inLanguage":"en-US","@id":"https:\/\/ranoja.ee\/#\/schema\/logo\/image\/","url":"https:\/\/ranoja.ee\/wp-content\/uploads\/2023\/11\/ranoja-Logo.png","contentUrl":"https:\/\/ranoja.ee\/wp-content\/uploads\/2023\/11\/ranoja-Logo.png","width":207,"height":58,"caption":"Ranoja O\u00dc"},"image":{"@id":"https:\/\/ranoja.ee\/#\/schema\/logo\/image\/"},"sameAs":["https:\/\/www.facebook.com\/ranoja.ee","https:\/\/www.instagram.com\/ranoja__\/"]}]}},"_links":{"self":[{"href":"https:\/\/ranoja.ee\/en\/wp-json\/wp\/v2\/product\/23994","targetHints":{"allow":["GET"]}}],"collection":[{"href":"https:\/\/ranoja.ee\/en\/wp-json\/wp\/v2\/product"}],"about":[{"href":"https:\/\/ranoja.ee\/en\/wp-json\/wp\/v2\/types\/product"}],"wp:featuredmedia":[{"embeddable":true,"href":"https:\/\/ranoja.ee\/en\/wp-json\/wp\/v2\/media\/24005"}],"wp:attachment":[{"href":"https:\/\/ranoja.ee\/en\/wp-json\/wp\/v2\/media?parent=23994"}],"wp:term":[{"taxonomy":"product_cat","embeddable":true,"href":"https:\/\/ranoja.ee\/en\/wp-json\/wp\/v2\/product_cat?post=23994"},{"taxonomy":"product_tag","embeddable":true,"href":"https:\/\/ranoja.ee\/en\/wp-json\/wp\/v2\/product_tag?post=23994"}],"curies":[{"name":"wp","href":"https:\/\/api.w.org\/{rel}","templated":true}]}}