{"id":23985,"date":"2025-11-24T12:49:49","date_gmt":"2025-11-24T09:49:49","guid":{"rendered":"https:\/\/ranoja.ee\/?post_type=product&#038;p=23985"},"modified":"2025-12-12T15:50:53","modified_gmt":"2025-12-12T12:50:53","slug":"bullpro-spectrum-square-54-tootuli","status":"publish","type":"product","link":"https:\/\/ranoja.ee\/en\/toode\/bullpro-spectrum-square-54-tootuli\/","title":{"rendered":"BULLPRO SPECTRUM SQUARE 54 t\u00f6\u00f6tuli"},"content":{"rendered":"<p>BULLPRO SPECTRUM SQUARE 54 t\u00f6\u00f6tuli<\/p>\n<p>Modernne LED-t\u00f6\u00f6valgusti, mis \u00fchendab kompaktsuse, j\u00f5udluse ja tervikliku disaini. Ideaalne valik neile, kes vajavad valgustit t\u00f6\u00f6keskkondades, kus nii n\u00e4htavus kui ka esteetika loevad. Selle valgusti korpus on m\u00f5\u00f5tmetelt tagasihoidlik (u 101 \u00d7 101 \u00d7 45 mm), mist\u00f5ttu sobitub see ka s\u00f5idukitele v\u00f5i seadmetele, kus ruum on piiratud. <\/p>\n<p>Seade t\u00f6\u00f6tab laias pingev\u00e4ljas (9\u201332 V), voolutarve on umbes 3.9 A ja 13.7 V. Valgusvoog v\u00f5ib m\u00f5\u00f5detud v\u00e4\u00e4rtuste j\u00e4rgi ulatuda u 6000 luumenini, teoreetiliselt isegi kuni ~8100 luumenini.<br \/>\nV\u00e4rvitemperatuuriks on u 5000 K. Selge, pisut jahe valge valgus, mis toetab hea n\u00e4htavuse ja kontrasti t\u00f6\u00f6aladel. <\/p>\n<p>Vastupidavus on olnud konstrueerimisel olulisel kohal. T\u00f6\u00f6tulel on IP68 kaitseklass ehk see talub tolmu ja vee m\u00f5ju ka rasketes oludes.<br \/>\nKorpus on varustatud roostevaba kinnitusega ning integreeritud DT-pistikuga lihtsaks ja turvaliseks \u00fchenduseks. <\/p>\n<p>Optika ja valgusjaotus on kujundatud &#8220;Perfected wide beam&#8221; filosoofia j\u00e4rgi. See t\u00e4hendab, et valgus katab laia ala \u00fchtlaselt ja v\u00e4hendab pimedaid kohti, mis on eriti oluline t\u00f6\u00f6platsidel v\u00f5i masinate juures. <\/p>\n<p>Spectrum Square 54 on valgusti, mis pakub suurep\u00e4rast tasakaalu stiili, j\u00f5udluse ja t\u00f6\u00f6kindluse vahel. Kui otsid lahendust, mis peab vastu rasketele tingimustele, mutta, vee ja vibratsiooniga ja samal ajal n\u00e4eb h\u00e4sti v\u00e4lja ning annab tugeva valgustus. <\/p>\n<p>BULLPRO SPECTRUM SQUARE 54 t\u00f6\u00f6tuli<\/p>\n","protected":false},"excerpt":{"rendered":"<p>BULLPRO SPECTRUM SQUARE 54 t\u00f6\u00f6tuli<br \/>\nM\u00f5\u00f5tmed: 101 x 101 x 45 mm<br \/>\nPinge: 9-32 V<br \/>\nVoolutarve: 3.89 A ja 13.7 V<br \/>\nLumenid: 8100 lm<br \/>\nLumenid m\u00f5\u00f5detud: 6050 lm<br \/>\nVorm: Ruut<br \/>\nV\u00e4rvitemperatuur: 5000 K<br \/>\nPistiku t\u00fc\u00fcp: 2-pin DT<br \/>\nIntegreeritud DT pistik<br \/>\nDT-pistik pakendis<br \/>\nIP klassifikatsioon: IP68<br \/>\nSertifikaadid: R10<br \/>\nMudeli nimi: SPECTRUM SQUARE 54<br \/>\nKaal: 0.820 kg<br \/>\n<strong>Tarneaeg 1-7 t\u00f6\u00f6p\u00e4eva<\/strong><\/p>\n","protected":false},"featured_media":23992,"template":"","meta":{"inline_featured_image":false},"product_cat":[1116,1118],"product_tag":[2545,1006,2546,2547,1005,1007,2483,2480,2481,681,2544,654,682],"class_list":{"0":"post-23985","1":"product","2":"type-product","3":"status-publish","4":"has-post-thumbnail","6":"product_brand-bullpro","7":"product_cat-lisaseadmed-ehitusseadmed-led-lisatuled-cb-raadiod-lallar","8":"product_cat-tootuled","9":"product_tag-1603-300233","10":"product_tag-1605-n8k200","11":"product_tag-1605-n8k203","12":"product_tag-1605-n8k204","13":"product_tag-1605-n8k500","14":"product_tag-1605-n8k501","15":"product_tag-1605-n8k502","16":"product_tag-1605-n8k503","17":"product_tag-1605-n8k800","18":"product_tag-bullpro","19":"product_tag-bullpro-spectrum-ellipse-54","20":"product_tag-led-tuli","21":"product_tag-tootuli","23":"first","24":"instock","25":"sale","26":"taxable","27":"shipping-taxable","28":"purchasable","29":"product-type-simple"},"yoast_head":"<!-- This site is optimized with the Yoast SEO plugin v27.4 - https:\/\/yoast.com\/product\/yoast-seo-wordpress\/ -->\n<title>BULLPRO SPECTRUM SQUARE 54 t\u00f6\u00f6tuli<\/title>\n<meta name=\"description\" content=\"BULLPRO SPECTRUM SQUARE 54 t\u00f6\u00f6tuli Valgusti korpus on m\u00f5\u00f5tmetelt tagasihoidlik, mist\u00f5ttu sobitub see ka s\u00f5idukitele v\u00f5i seadmetele, kus ruum on piiratud\" \/>\n<meta name=\"robots\" content=\"index, follow, max-snippet:-1, max-image-preview:large, max-video-preview:-1\" \/>\n<link rel=\"canonical\" href=\"https:\/\/ranoja.ee\/toode\/bullpro-spectrum-square-54-tootuli\/\" \/>\n<meta property=\"og:locale\" content=\"en_US\" \/>\n<meta property=\"og:type\" content=\"article\" \/>\n<meta property=\"og:title\" content=\"BULLPRO SPECTRUM SQUARE 54 t\u00f6\u00f6tuli\" \/>\n<meta property=\"og:description\" content=\"BULLPRO SPECTRUM SQUARE 54 t\u00f6\u00f6tuli Valgusti korpus on m\u00f5\u00f5tmetelt tagasihoidlik, mist\u00f5ttu sobitub see ka s\u00f5idukitele v\u00f5i seadmetele, kus ruum on piiratud\" \/>\n<meta property=\"og:url\" content=\"https:\/\/ranoja.ee\/toode\/bullpro-spectrum-square-54-tootuli\/\" \/>\n<meta property=\"og:site_name\" content=\"Ranoja\" \/>\n<meta property=\"article:publisher\" content=\"https:\/\/www.facebook.com\/ranoja.ee\" \/>\n<meta property=\"article:modified_time\" content=\"2025-12-12T12:50:53+00:00\" \/>\n<meta property=\"og:image\" content=\"https:\/\/ranoja.ee\/wp-content\/uploads\/2025\/11\/BULLPRO-SPECTRUM-SQUARE-54-tootuli.jpg\" \/>\n\t<meta property=\"og:image:width\" content=\"800\" \/>\n\t<meta property=\"og:image:height\" content=\"600\" \/>\n\t<meta property=\"og:image:type\" content=\"image\/jpeg\" \/>\n<meta name=\"twitter:card\" content=\"summary_large_image\" \/>\n<meta name=\"twitter:label1\" content=\"Est. reading time\" \/>\n\t<meta name=\"twitter:data1\" content=\"2 minutes\" \/>\n<script type=\"application\/ld+json\" class=\"yoast-schema-graph\">{\"@context\":\"https:\\\/\\\/schema.org\",\"@graph\":[{\"@type\":\"WebPage\",\"@id\":\"https:\\\/\\\/ranoja.ee\\\/toode\\\/bullpro-spectrum-square-54-tootuli\\\/\",\"url\":\"https:\\\/\\\/ranoja.ee\\\/toode\\\/bullpro-spectrum-square-54-tootuli\\\/\",\"name\":\"BULLPRO SPECTRUM SQUARE 54 t\u00f6\u00f6tuli\",\"isPartOf\":{\"@id\":\"https:\\\/\\\/ranoja.ee\\\/#website\"},\"primaryImageOfPage\":{\"@id\":\"https:\\\/\\\/ranoja.ee\\\/toode\\\/bullpro-spectrum-square-54-tootuli\\\/#primaryimage\"},\"image\":{\"@id\":\"https:\\\/\\\/ranoja.ee\\\/toode\\\/bullpro-spectrum-square-54-tootuli\\\/#primaryimage\"},\"thumbnailUrl\":\"https:\\\/\\\/ranoja.ee\\\/wp-content\\\/uploads\\\/2025\\\/11\\\/BULLPRO-SPECTRUM-SQUARE-54-tootuli.jpg\",\"datePublished\":\"2025-11-24T09:49:49+00:00\",\"dateModified\":\"2025-12-12T12:50:53+00:00\",\"description\":\"BULLPRO SPECTRUM SQUARE 54 t\u00f6\u00f6tuli Valgusti korpus on m\u00f5\u00f5tmetelt tagasihoidlik, mist\u00f5ttu sobitub see ka s\u00f5idukitele v\u00f5i seadmetele, kus ruum on piiratud\",\"breadcrumb\":{\"@id\":\"https:\\\/\\\/ranoja.ee\\\/toode\\\/bullpro-spectrum-square-54-tootuli\\\/#breadcrumb\"},\"inLanguage\":\"en-US\",\"potentialAction\":[{\"@type\":\"ReadAction\",\"target\":[\"https:\\\/\\\/ranoja.ee\\\/toode\\\/bullpro-spectrum-square-54-tootuli\\\/\"]}]},{\"@type\":\"ImageObject\",\"inLanguage\":\"en-US\",\"@id\":\"https:\\\/\\\/ranoja.ee\\\/toode\\\/bullpro-spectrum-square-54-tootuli\\\/#primaryimage\",\"url\":\"https:\\\/\\\/ranoja.ee\\\/wp-content\\\/uploads\\\/2025\\\/11\\\/BULLPRO-SPECTRUM-SQUARE-54-tootuli.jpg\",\"contentUrl\":\"https:\\\/\\\/ranoja.ee\\\/wp-content\\\/uploads\\\/2025\\\/11\\\/BULLPRO-SPECTRUM-SQUARE-54-tootuli.jpg\",\"width\":800,\"height\":600,\"caption\":\"BULLPRO SPECTRUM SQUARE 54 t\u00f6\u00f6tuli\"},{\"@type\":\"BreadcrumbList\",\"@id\":\"https:\\\/\\\/ranoja.ee\\\/toode\\\/bullpro-spectrum-square-54-tootuli\\\/#breadcrumb\",\"itemListElement\":[{\"@type\":\"ListItem\",\"position\":1,\"name\":\"Home\",\"item\":\"https:\\\/\\\/ranoja.ee\\\/\"},{\"@type\":\"ListItem\",\"position\":2,\"name\":\"Shop\",\"item\":\"https:\\\/\\\/ranoja.ee\\\/en\\\/shop\\\/\"},{\"@type\":\"ListItem\",\"position\":3,\"name\":\"BULLPRO SPECTRUM SQUARE 54 t\u00f6\u00f6tuli\"}]},{\"@type\":\"WebSite\",\"@id\":\"https:\\\/\\\/ranoja.ee\\\/#website\",\"url\":\"https:\\\/\\\/ranoja.ee\\\/\",\"name\":\"Ranoja\",\"description\":\"Equipment Shop WooCommerce WordPress Theme for Machine &amp; Tools\",\"publisher\":{\"@id\":\"https:\\\/\\\/ranoja.ee\\\/#organization\"},\"potentialAction\":[{\"@type\":\"SearchAction\",\"target\":{\"@type\":\"EntryPoint\",\"urlTemplate\":\"https:\\\/\\\/ranoja.ee\\\/?s={search_term_string}\"},\"query-input\":{\"@type\":\"PropertyValueSpecification\",\"valueRequired\":true,\"valueName\":\"search_term_string\"}}],\"inLanguage\":\"en-US\"},{\"@type\":\"Organization\",\"@id\":\"https:\\\/\\\/ranoja.ee\\\/#organization\",\"name\":\"Ranoja O\u00dc\",\"url\":\"https:\\\/\\\/ranoja.ee\\\/\",\"logo\":{\"@type\":\"ImageObject\",\"inLanguage\":\"en-US\",\"@id\":\"https:\\\/\\\/ranoja.ee\\\/#\\\/schema\\\/logo\\\/image\\\/\",\"url\":\"https:\\\/\\\/ranoja.ee\\\/wp-content\\\/uploads\\\/2023\\\/11\\\/ranoja-Logo.png\",\"contentUrl\":\"https:\\\/\\\/ranoja.ee\\\/wp-content\\\/uploads\\\/2023\\\/11\\\/ranoja-Logo.png\",\"width\":207,\"height\":58,\"caption\":\"Ranoja O\u00dc\"},\"image\":{\"@id\":\"https:\\\/\\\/ranoja.ee\\\/#\\\/schema\\\/logo\\\/image\\\/\"},\"sameAs\":[\"https:\\\/\\\/www.facebook.com\\\/ranoja.ee\",\"https:\\\/\\\/www.instagram.com\\\/ranoja__\\\/\"]}]}<\/script>\n<!-- \/ Yoast SEO plugin. -->","yoast_head_json":{"title":"BULLPRO SPECTRUM SQUARE 54 t\u00f6\u00f6tuli","description":"BULLPRO SPECTRUM SQUARE 54 t\u00f6\u00f6tuli Valgusti korpus on m\u00f5\u00f5tmetelt tagasihoidlik, mist\u00f5ttu sobitub see ka s\u00f5idukitele v\u00f5i seadmetele, kus ruum on piiratud","robots":{"index":"index","follow":"follow","max-snippet":"max-snippet:-1","max-image-preview":"max-image-preview:large","max-video-preview":"max-video-preview:-1"},"canonical":"https:\/\/ranoja.ee\/toode\/bullpro-spectrum-square-54-tootuli\/","og_locale":"en_US","og_type":"article","og_title":"BULLPRO SPECTRUM SQUARE 54 t\u00f6\u00f6tuli","og_description":"BULLPRO SPECTRUM SQUARE 54 t\u00f6\u00f6tuli Valgusti korpus on m\u00f5\u00f5tmetelt tagasihoidlik, mist\u00f5ttu sobitub see ka s\u00f5idukitele v\u00f5i seadmetele, kus ruum on piiratud","og_url":"https:\/\/ranoja.ee\/toode\/bullpro-spectrum-square-54-tootuli\/","og_site_name":"Ranoja","article_publisher":"https:\/\/www.facebook.com\/ranoja.ee","article_modified_time":"2025-12-12T12:50:53+00:00","og_image":[{"width":800,"height":600,"url":"https:\/\/ranoja.ee\/wp-content\/uploads\/2025\/11\/BULLPRO-SPECTRUM-SQUARE-54-tootuli.jpg","type":"image\/jpeg"}],"twitter_card":"summary_large_image","twitter_misc":{"Est. reading time":"2 minutes"},"schema":{"@context":"https:\/\/schema.org","@graph":[{"@type":"WebPage","@id":"https:\/\/ranoja.ee\/toode\/bullpro-spectrum-square-54-tootuli\/","url":"https:\/\/ranoja.ee\/toode\/bullpro-spectrum-square-54-tootuli\/","name":"BULLPRO SPECTRUM SQUARE 54 t\u00f6\u00f6tuli","isPartOf":{"@id":"https:\/\/ranoja.ee\/#website"},"primaryImageOfPage":{"@id":"https:\/\/ranoja.ee\/toode\/bullpro-spectrum-square-54-tootuli\/#primaryimage"},"image":{"@id":"https:\/\/ranoja.ee\/toode\/bullpro-spectrum-square-54-tootuli\/#primaryimage"},"thumbnailUrl":"https:\/\/ranoja.ee\/wp-content\/uploads\/2025\/11\/BULLPRO-SPECTRUM-SQUARE-54-tootuli.jpg","datePublished":"2025-11-24T09:49:49+00:00","dateModified":"2025-12-12T12:50:53+00:00","description":"BULLPRO SPECTRUM SQUARE 54 t\u00f6\u00f6tuli Valgusti korpus on m\u00f5\u00f5tmetelt tagasihoidlik, mist\u00f5ttu sobitub see ka s\u00f5idukitele v\u00f5i seadmetele, kus ruum on piiratud","breadcrumb":{"@id":"https:\/\/ranoja.ee\/toode\/bullpro-spectrum-square-54-tootuli\/#breadcrumb"},"inLanguage":"en-US","potentialAction":[{"@type":"ReadAction","target":["https:\/\/ranoja.ee\/toode\/bullpro-spectrum-square-54-tootuli\/"]}]},{"@type":"ImageObject","inLanguage":"en-US","@id":"https:\/\/ranoja.ee\/toode\/bullpro-spectrum-square-54-tootuli\/#primaryimage","url":"https:\/\/ranoja.ee\/wp-content\/uploads\/2025\/11\/BULLPRO-SPECTRUM-SQUARE-54-tootuli.jpg","contentUrl":"https:\/\/ranoja.ee\/wp-content\/uploads\/2025\/11\/BULLPRO-SPECTRUM-SQUARE-54-tootuli.jpg","width":800,"height":600,"caption":"BULLPRO SPECTRUM SQUARE 54 t\u00f6\u00f6tuli"},{"@type":"BreadcrumbList","@id":"https:\/\/ranoja.ee\/toode\/bullpro-spectrum-square-54-tootuli\/#breadcrumb","itemListElement":[{"@type":"ListItem","position":1,"name":"Home","item":"https:\/\/ranoja.ee\/"},{"@type":"ListItem","position":2,"name":"Shop","item":"https:\/\/ranoja.ee\/en\/shop\/"},{"@type":"ListItem","position":3,"name":"BULLPRO SPECTRUM SQUARE 54 t\u00f6\u00f6tuli"}]},{"@type":"WebSite","@id":"https:\/\/ranoja.ee\/#website","url":"https:\/\/ranoja.ee\/","name":"Ranoja","description":"Equipment Shop WooCommerce WordPress Theme for Machine &amp; Tools","publisher":{"@id":"https:\/\/ranoja.ee\/#organization"},"potentialAction":[{"@type":"SearchAction","target":{"@type":"EntryPoint","urlTemplate":"https:\/\/ranoja.ee\/?s={search_term_string}"},"query-input":{"@type":"PropertyValueSpecification","valueRequired":true,"valueName":"search_term_string"}}],"inLanguage":"en-US"},{"@type":"Organization","@id":"https:\/\/ranoja.ee\/#organization","name":"Ranoja O\u00dc","url":"https:\/\/ranoja.ee\/","logo":{"@type":"ImageObject","inLanguage":"en-US","@id":"https:\/\/ranoja.ee\/#\/schema\/logo\/image\/","url":"https:\/\/ranoja.ee\/wp-content\/uploads\/2023\/11\/ranoja-Logo.png","contentUrl":"https:\/\/ranoja.ee\/wp-content\/uploads\/2023\/11\/ranoja-Logo.png","width":207,"height":58,"caption":"Ranoja O\u00dc"},"image":{"@id":"https:\/\/ranoja.ee\/#\/schema\/logo\/image\/"},"sameAs":["https:\/\/www.facebook.com\/ranoja.ee","https:\/\/www.instagram.com\/ranoja__\/"]}]}},"_links":{"self":[{"href":"https:\/\/ranoja.ee\/en\/wp-json\/wp\/v2\/product\/23985","targetHints":{"allow":["GET"]}}],"collection":[{"href":"https:\/\/ranoja.ee\/en\/wp-json\/wp\/v2\/product"}],"about":[{"href":"https:\/\/ranoja.ee\/en\/wp-json\/wp\/v2\/types\/product"}],"wp:featuredmedia":[{"embeddable":true,"href":"https:\/\/ranoja.ee\/en\/wp-json\/wp\/v2\/media\/23992"}],"wp:attachment":[{"href":"https:\/\/ranoja.ee\/en\/wp-json\/wp\/v2\/media?parent=23985"}],"wp:term":[{"taxonomy":"product_cat","embeddable":true,"href":"https:\/\/ranoja.ee\/en\/wp-json\/wp\/v2\/product_cat?post=23985"},{"taxonomy":"product_tag","embeddable":true,"href":"https:\/\/ranoja.ee\/en\/wp-json\/wp\/v2\/product_tag?post=23985"}],"curies":[{"name":"wp","href":"https:\/\/api.w.org\/{rel}","templated":true}]}}