{"id":23952,"date":"2025-11-24T12:16:16","date_gmt":"2025-11-24T09:16:16","guid":{"rendered":"https:\/\/ranoja.ee\/?post_type=product&#038;p=23952"},"modified":"2025-12-12T15:50:53","modified_gmt":"2025-12-12T12:50:53","slug":"optibeam-slimx-lisatuli","status":"publish","type":"product","link":"https:\/\/ranoja.ee\/en\/toode\/optibeam-slimx-lisatuli\/","title":{"rendered":"OPTIBEAM SlimX lisatuli"},"content":{"rendered":"<p>OPTIBEAM SlimX lisatuli<\/p>\n<p>Kaasaegne ja k\u00f5rgetasemeline LED-valgusti, mis on loodud neile, kes soovivad kombineerida tugevat valgusv\u00f5imsust, elegantset disaini ja t\u00f6\u00f6kindlust igas olukorras. SlimX eristub oma eriti \u00f5hukese korpuse poolest. See on madala profiiliga, peen ja minimalistlik, sobitudes suurep\u00e4raselt s\u00f5idukitele, kus ruumi on v\u00e4he v\u00f5i kus soovitakse s\u00e4ilitada puhas ning modernne v\u00e4limus. Hoolikalt valitud materjalid tagavad tugeva ja vastupidava konstruktsiooni. Mis peab vastu vibraat\u00adsioonile, niiskusele ja temperatuurik\u00f5ikumistele.<\/p>\n<p>SlimX p\u00f5hiomaduseks on selle v\u00f5imas ja \u00fchtlane valgusvihk. LED-tehnoloogia pakub selget, teravat ja kaugele ulatuvat valgust, mis parandab n\u00e4htavust nii maanteel kui ka maastikul. Valguse optika on disainitud nii, et see kataks laia ala, v\u00e4hendades pimedaid tsoone ning aidates juhil paremini hinnata teekeskkonda v\u00f5i t\u00f6\u00f6ala olukorda. Samas on valgusvihk kontrollitud, mis v\u00e4hendab pimestamisriski ja toetab ohutut liikumist.<\/p>\n<p>SlimX on lihtsasti paigaldatav ning sobib mitmesugustele s\u00f5idukitele \u2013 alates autode ja kaubikute lisatuledest kuni ATV-de, veokite ja eritehnika valgustuslahendusteni. Selle universaalne disain muudab valgusti nii funktsionaalseks t\u00f6\u00f6riistaks kui ka visuaalseks t\u00e4iustuseks.<\/p>\n<p>OPTIBEAM SlimX lisatuli<\/p>\n","protected":false},"excerpt":{"rendered":"<p>OPTIBEAM SlimX lisatuli<br \/>\nM\u00f5\u00f5tmed: 157 x 47 x 68 (90) mm<br \/>\nPinge: 9-36 V<br \/>\nVoolutarve 4.20 A ja 13.7 V<br \/>\nLumenid: 4800 lm<br \/>\nLumenid m\u00f5\u00f5detud: 4420 lm<br \/>\nVorm: Ristk\u00fclik<br \/>\nV\u00e4rvitemperatuur: 5300 K<br \/>\nJuhtme pikkus: 300 mm<br \/>\nIP klassifikatsioon: IP68<br \/>\nSertifikaadid: ECE R10, CISPR Class 3<br \/>\nMudeli nimi: SlimX<br \/>\nKaal: 0.4 kg<br \/>\n<strong>Tarneaeg 1-7 t\u00f6\u00f6p\u00e4eva<\/strong><\/p>\n","protected":false},"featured_media":23963,"template":"","meta":{"inline_featured_image":false},"product_cat":[1116,1117,1118],"product_tag":[2538,654,675,2536,2537,682],"class_list":{"0":"post-23952","1":"product","2":"type-product","3":"status-publish","4":"has-post-thumbnail","6":"product_brand-optibeam","7":"product_cat-lisaseadmed-ehitusseadmed-led-lisatuled-cb-raadiod-lallar","8":"product_cat-lisatuled","9":"product_cat-tootuled","10":"product_tag-1603-300767","11":"product_tag-led-tuli","12":"product_tag-optibeam","13":"product_tag-optibeam-slimx","14":"product_tag-slimx","15":"product_tag-tootuli","17":"first","18":"instock","19":"sale","20":"taxable","21":"shipping-taxable","22":"purchasable","23":"product-type-simple"},"yoast_head":"<!-- This site is optimized with the Yoast SEO plugin v27.4 - https:\/\/yoast.com\/product\/yoast-seo-wordpress\/ -->\n<title>OPTIBEAM SlimX lisatuli<\/title>\n<meta name=\"description\" content=\"OPTIBEAM SlimX lisatuli LED-tehnoloogia pakub selget, teravat ja kaugele ulatuvat valgust, mis parandab n\u00e4htavust nii maanteel kui ka maastikul.\" \/>\n<meta name=\"robots\" content=\"index, follow, max-snippet:-1, max-image-preview:large, max-video-preview:-1\" \/>\n<link rel=\"canonical\" href=\"https:\/\/ranoja.ee\/toode\/optibeam-slimx-lisatuli\/\" \/>\n<meta property=\"og:locale\" content=\"en_US\" \/>\n<meta property=\"og:type\" content=\"article\" \/>\n<meta property=\"og:title\" content=\"OPTIBEAM SlimX lisatuli\" \/>\n<meta property=\"og:description\" content=\"OPTIBEAM SlimX lisatuli LED-tehnoloogia pakub selget, teravat ja kaugele ulatuvat valgust, mis parandab n\u00e4htavust nii maanteel kui ka maastikul.\" \/>\n<meta property=\"og:url\" content=\"https:\/\/ranoja.ee\/toode\/optibeam-slimx-lisatuli\/\" \/>\n<meta property=\"og:site_name\" content=\"Ranoja\" \/>\n<meta property=\"article:publisher\" content=\"https:\/\/www.facebook.com\/ranoja.ee\" \/>\n<meta property=\"article:modified_time\" content=\"2025-12-12T12:50:53+00:00\" \/>\n<meta property=\"og:image\" content=\"https:\/\/ranoja.ee\/wp-content\/uploads\/2025\/11\/OPTIBEAM-SlimX-lisatuli.jpg\" \/>\n\t<meta property=\"og:image:width\" content=\"800\" \/>\n\t<meta property=\"og:image:height\" content=\"600\" \/>\n\t<meta property=\"og:image:type\" content=\"image\/jpeg\" \/>\n<meta name=\"twitter:card\" content=\"summary_large_image\" \/>\n<meta name=\"twitter:label1\" content=\"Est. reading time\" \/>\n\t<meta name=\"twitter:data1\" content=\"2 minutes\" \/>\n<script type=\"application\/ld+json\" class=\"yoast-schema-graph\">{\"@context\":\"https:\\\/\\\/schema.org\",\"@graph\":[{\"@type\":\"WebPage\",\"@id\":\"https:\\\/\\\/ranoja.ee\\\/toode\\\/optibeam-slimx-lisatuli\\\/\",\"url\":\"https:\\\/\\\/ranoja.ee\\\/toode\\\/optibeam-slimx-lisatuli\\\/\",\"name\":\"OPTIBEAM SlimX lisatuli\",\"isPartOf\":{\"@id\":\"https:\\\/\\\/ranoja.ee\\\/#website\"},\"primaryImageOfPage\":{\"@id\":\"https:\\\/\\\/ranoja.ee\\\/toode\\\/optibeam-slimx-lisatuli\\\/#primaryimage\"},\"image\":{\"@id\":\"https:\\\/\\\/ranoja.ee\\\/toode\\\/optibeam-slimx-lisatuli\\\/#primaryimage\"},\"thumbnailUrl\":\"https:\\\/\\\/ranoja.ee\\\/wp-content\\\/uploads\\\/2025\\\/11\\\/OPTIBEAM-SlimX-lisatuli.jpg\",\"datePublished\":\"2025-11-24T09:16:16+00:00\",\"dateModified\":\"2025-12-12T12:50:53+00:00\",\"description\":\"OPTIBEAM SlimX lisatuli LED-tehnoloogia pakub selget, teravat ja kaugele ulatuvat valgust, mis parandab n\u00e4htavust nii maanteel kui ka maastikul.\",\"breadcrumb\":{\"@id\":\"https:\\\/\\\/ranoja.ee\\\/toode\\\/optibeam-slimx-lisatuli\\\/#breadcrumb\"},\"inLanguage\":\"en-US\",\"potentialAction\":[{\"@type\":\"ReadAction\",\"target\":[\"https:\\\/\\\/ranoja.ee\\\/toode\\\/optibeam-slimx-lisatuli\\\/\"]}]},{\"@type\":\"ImageObject\",\"inLanguage\":\"en-US\",\"@id\":\"https:\\\/\\\/ranoja.ee\\\/toode\\\/optibeam-slimx-lisatuli\\\/#primaryimage\",\"url\":\"https:\\\/\\\/ranoja.ee\\\/wp-content\\\/uploads\\\/2025\\\/11\\\/OPTIBEAM-SlimX-lisatuli.jpg\",\"contentUrl\":\"https:\\\/\\\/ranoja.ee\\\/wp-content\\\/uploads\\\/2025\\\/11\\\/OPTIBEAM-SlimX-lisatuli.jpg\",\"width\":800,\"height\":600,\"caption\":\"OPTIBEAM SlimX lisatuli\"},{\"@type\":\"BreadcrumbList\",\"@id\":\"https:\\\/\\\/ranoja.ee\\\/toode\\\/optibeam-slimx-lisatuli\\\/#breadcrumb\",\"itemListElement\":[{\"@type\":\"ListItem\",\"position\":1,\"name\":\"Home\",\"item\":\"https:\\\/\\\/ranoja.ee\\\/\"},{\"@type\":\"ListItem\",\"position\":2,\"name\":\"Shop\",\"item\":\"https:\\\/\\\/ranoja.ee\\\/en\\\/shop\\\/\"},{\"@type\":\"ListItem\",\"position\":3,\"name\":\"OPTIBEAM SlimX lisatuli\"}]},{\"@type\":\"WebSite\",\"@id\":\"https:\\\/\\\/ranoja.ee\\\/#website\",\"url\":\"https:\\\/\\\/ranoja.ee\\\/\",\"name\":\"Ranoja\",\"description\":\"Equipment Shop WooCommerce WordPress Theme for Machine &amp; Tools\",\"publisher\":{\"@id\":\"https:\\\/\\\/ranoja.ee\\\/#organization\"},\"potentialAction\":[{\"@type\":\"SearchAction\",\"target\":{\"@type\":\"EntryPoint\",\"urlTemplate\":\"https:\\\/\\\/ranoja.ee\\\/?s={search_term_string}\"},\"query-input\":{\"@type\":\"PropertyValueSpecification\",\"valueRequired\":true,\"valueName\":\"search_term_string\"}}],\"inLanguage\":\"en-US\"},{\"@type\":\"Organization\",\"@id\":\"https:\\\/\\\/ranoja.ee\\\/#organization\",\"name\":\"Ranoja O\u00dc\",\"url\":\"https:\\\/\\\/ranoja.ee\\\/\",\"logo\":{\"@type\":\"ImageObject\",\"inLanguage\":\"en-US\",\"@id\":\"https:\\\/\\\/ranoja.ee\\\/#\\\/schema\\\/logo\\\/image\\\/\",\"url\":\"https:\\\/\\\/ranoja.ee\\\/wp-content\\\/uploads\\\/2023\\\/11\\\/ranoja-Logo.png\",\"contentUrl\":\"https:\\\/\\\/ranoja.ee\\\/wp-content\\\/uploads\\\/2023\\\/11\\\/ranoja-Logo.png\",\"width\":207,\"height\":58,\"caption\":\"Ranoja O\u00dc\"},\"image\":{\"@id\":\"https:\\\/\\\/ranoja.ee\\\/#\\\/schema\\\/logo\\\/image\\\/\"},\"sameAs\":[\"https:\\\/\\\/www.facebook.com\\\/ranoja.ee\",\"https:\\\/\\\/www.instagram.com\\\/ranoja__\\\/\"]}]}<\/script>\n<!-- \/ Yoast SEO plugin. -->","yoast_head_json":{"title":"OPTIBEAM SlimX lisatuli","description":"OPTIBEAM SlimX lisatuli LED-tehnoloogia pakub selget, teravat ja kaugele ulatuvat valgust, mis parandab n\u00e4htavust nii maanteel kui ka maastikul.","robots":{"index":"index","follow":"follow","max-snippet":"max-snippet:-1","max-image-preview":"max-image-preview:large","max-video-preview":"max-video-preview:-1"},"canonical":"https:\/\/ranoja.ee\/toode\/optibeam-slimx-lisatuli\/","og_locale":"en_US","og_type":"article","og_title":"OPTIBEAM SlimX lisatuli","og_description":"OPTIBEAM SlimX lisatuli LED-tehnoloogia pakub selget, teravat ja kaugele ulatuvat valgust, mis parandab n\u00e4htavust nii maanteel kui ka maastikul.","og_url":"https:\/\/ranoja.ee\/toode\/optibeam-slimx-lisatuli\/","og_site_name":"Ranoja","article_publisher":"https:\/\/www.facebook.com\/ranoja.ee","article_modified_time":"2025-12-12T12:50:53+00:00","og_image":[{"width":800,"height":600,"url":"https:\/\/ranoja.ee\/wp-content\/uploads\/2025\/11\/OPTIBEAM-SlimX-lisatuli.jpg","type":"image\/jpeg"}],"twitter_card":"summary_large_image","twitter_misc":{"Est. reading time":"2 minutes"},"schema":{"@context":"https:\/\/schema.org","@graph":[{"@type":"WebPage","@id":"https:\/\/ranoja.ee\/toode\/optibeam-slimx-lisatuli\/","url":"https:\/\/ranoja.ee\/toode\/optibeam-slimx-lisatuli\/","name":"OPTIBEAM SlimX lisatuli","isPartOf":{"@id":"https:\/\/ranoja.ee\/#website"},"primaryImageOfPage":{"@id":"https:\/\/ranoja.ee\/toode\/optibeam-slimx-lisatuli\/#primaryimage"},"image":{"@id":"https:\/\/ranoja.ee\/toode\/optibeam-slimx-lisatuli\/#primaryimage"},"thumbnailUrl":"https:\/\/ranoja.ee\/wp-content\/uploads\/2025\/11\/OPTIBEAM-SlimX-lisatuli.jpg","datePublished":"2025-11-24T09:16:16+00:00","dateModified":"2025-12-12T12:50:53+00:00","description":"OPTIBEAM SlimX lisatuli LED-tehnoloogia pakub selget, teravat ja kaugele ulatuvat valgust, mis parandab n\u00e4htavust nii maanteel kui ka maastikul.","breadcrumb":{"@id":"https:\/\/ranoja.ee\/toode\/optibeam-slimx-lisatuli\/#breadcrumb"},"inLanguage":"en-US","potentialAction":[{"@type":"ReadAction","target":["https:\/\/ranoja.ee\/toode\/optibeam-slimx-lisatuli\/"]}]},{"@type":"ImageObject","inLanguage":"en-US","@id":"https:\/\/ranoja.ee\/toode\/optibeam-slimx-lisatuli\/#primaryimage","url":"https:\/\/ranoja.ee\/wp-content\/uploads\/2025\/11\/OPTIBEAM-SlimX-lisatuli.jpg","contentUrl":"https:\/\/ranoja.ee\/wp-content\/uploads\/2025\/11\/OPTIBEAM-SlimX-lisatuli.jpg","width":800,"height":600,"caption":"OPTIBEAM SlimX lisatuli"},{"@type":"BreadcrumbList","@id":"https:\/\/ranoja.ee\/toode\/optibeam-slimx-lisatuli\/#breadcrumb","itemListElement":[{"@type":"ListItem","position":1,"name":"Home","item":"https:\/\/ranoja.ee\/"},{"@type":"ListItem","position":2,"name":"Shop","item":"https:\/\/ranoja.ee\/en\/shop\/"},{"@type":"ListItem","position":3,"name":"OPTIBEAM SlimX lisatuli"}]},{"@type":"WebSite","@id":"https:\/\/ranoja.ee\/#website","url":"https:\/\/ranoja.ee\/","name":"Ranoja","description":"Equipment Shop WooCommerce WordPress Theme for Machine &amp; Tools","publisher":{"@id":"https:\/\/ranoja.ee\/#organization"},"potentialAction":[{"@type":"SearchAction","target":{"@type":"EntryPoint","urlTemplate":"https:\/\/ranoja.ee\/?s={search_term_string}"},"query-input":{"@type":"PropertyValueSpecification","valueRequired":true,"valueName":"search_term_string"}}],"inLanguage":"en-US"},{"@type":"Organization","@id":"https:\/\/ranoja.ee\/#organization","name":"Ranoja O\u00dc","url":"https:\/\/ranoja.ee\/","logo":{"@type":"ImageObject","inLanguage":"en-US","@id":"https:\/\/ranoja.ee\/#\/schema\/logo\/image\/","url":"https:\/\/ranoja.ee\/wp-content\/uploads\/2023\/11\/ranoja-Logo.png","contentUrl":"https:\/\/ranoja.ee\/wp-content\/uploads\/2023\/11\/ranoja-Logo.png","width":207,"height":58,"caption":"Ranoja O\u00dc"},"image":{"@id":"https:\/\/ranoja.ee\/#\/schema\/logo\/image\/"},"sameAs":["https:\/\/www.facebook.com\/ranoja.ee","https:\/\/www.instagram.com\/ranoja__\/"]}]}},"_links":{"self":[{"href":"https:\/\/ranoja.ee\/en\/wp-json\/wp\/v2\/product\/23952","targetHints":{"allow":["GET"]}}],"collection":[{"href":"https:\/\/ranoja.ee\/en\/wp-json\/wp\/v2\/product"}],"about":[{"href":"https:\/\/ranoja.ee\/en\/wp-json\/wp\/v2\/types\/product"}],"wp:featuredmedia":[{"embeddable":true,"href":"https:\/\/ranoja.ee\/en\/wp-json\/wp\/v2\/media\/23963"}],"wp:attachment":[{"href":"https:\/\/ranoja.ee\/en\/wp-json\/wp\/v2\/media?parent=23952"}],"wp:term":[{"taxonomy":"product_cat","embeddable":true,"href":"https:\/\/ranoja.ee\/en\/wp-json\/wp\/v2\/product_cat?post=23952"},{"taxonomy":"product_tag","embeddable":true,"href":"https:\/\/ranoja.ee\/en\/wp-json\/wp\/v2\/product_tag?post=23952"}],"curies":[{"name":"wp","href":"https:\/\/api.w.org\/{rel}","templated":true}]}}