{"id":23931,"date":"2025-11-24T12:04:28","date_gmt":"2025-11-24T09:04:28","guid":{"rendered":"https:\/\/ranoja.ee\/?post_type=product&#038;p=23931"},"modified":"2025-12-12T15:50:53","modified_gmt":"2025-12-12T12:50:53","slug":"optibeam-slimx-ambient-tootuli","status":"publish","type":"product","link":"https:\/\/ranoja.ee\/en\/toode\/optibeam-slimx-ambient-tootuli\/","title":{"rendered":"OPTIBEAM SlimX Ambient t\u00f6\u00f6tuli"},"content":{"rendered":"<p>OPTIBEAM SlimX Ambient t\u00f6\u00f6tuli<\/p>\n<p>Valguslahendus, mis \u00fchendab endas \u00f5hukese disaini, tugeva valgusv\u00f5imsuse ja elegantse meeleoluvalguse funktsionaalsuse. See valgusti on loodud kasutajatele, kes hindavad nii praktilist n\u00e4htavust kui ka stiilset visuaalset efekti. Olgu tegu s\u00f5iduki, t\u00f6\u00f6ruumi v\u00f5i vaba aja tehnika t\u00e4iustamisega. SlimX Ambient m\u00f5jub kui detail, mis t\u00f5stab kogu keskkonna kvaliteeti. See lisab modernsust ja n\u00e4htavust ilma liigse massiivsuseta.<\/p>\n<p>Valgusti korpus on peen, madala profiiliga ja valmistatud vastupidavatest materjalidest, mis tagavad, et seade talub vibratsiooni, niiskust ja igap\u00e4evast kulumist. Selline konstruktsioon muudab sobivaks nii autodele, ATV-dele, veokitele kui ka muudele s\u00f5idukitele, kus soovitakse kombineerida tugevat p\u00f5hivalgust ja pehmemat meeleolu- v\u00f5i aktsentvalgust.<\/p>\n<p>Seadme \u00fcks olulisemaid omadusi on selle ambient-funktsioon \u2013 pehme, \u00fchtlane v\u00e4rvitoon, mis lisab valgustile iseloomu ja annab v\u00f5imaluse r\u00f5hutada masina v\u00f5i t\u00f6\u00f6ala v\u00e4limust. See lisavalgus ei ole m\u00f5eldud ainult ilu p\u00e4rast, vaid aitab paremini m\u00e4rgata masina kontuure ja suurendab n\u00e4htavust h\u00e4marates tingimustes, mis omakorda t\u00e4iendab ohutust.<\/p>\n<p>SlimX p\u00f5hi-LED-id annavad tugeva, selge ja kaugele ulatuva valgusvihu, mis sobib nii t\u00f6\u00f6ks kui teel liikumiseks. Valguse jaotust on hoolikalt kujundatud, et tagada optimaalne n\u00e4gemisv\u00e4li ilma liigse pimestamiseta.<\/p>\n<p>OPTIBEAM SlimX Ambient t\u00f6\u00f6tuli<\/p>\n","protected":false},"excerpt":{"rendered":"<p>OPTIBEAM SlimX Ambient t\u00f6\u00f6tuli<br \/>\nM\u00f5\u00f5tmed: 157 x 47.00 x 68 (90) mm<br \/>\nKollane \/ valge \/ punane park tuli<br \/>\nPinge: 9-36 V<br \/>\nVoolutarve: 4.20 A ja 13.7 V<br \/>\nLumenid: 3060 lm<br \/>\nLumenid m\u00f5\u00f5detud: 2760 lm<br \/>\nVorm: Ristk\u00fclik<br \/>\nV\u00e4rvitemperatuur: 5300 K<br \/>\nJuhtme pikkus: 300 mm<br \/>\nIP klassifikatsioon: IP68<br \/>\nSertifikaadid: ECE R10\/R148, CISPR Class 3<br \/>\nMudeli nimi: SlimX Ambient<br \/>\nKaal: 0.4 kg<br \/>\n<strong>Tarneaeg 1-7 t\u00f6\u00f6p\u00e4eva<\/strong><\/p>\n","protected":false},"featured_media":23950,"template":"","meta":{"inline_featured_image":false},"product_cat":[1116,1117,1118],"product_tag":[2533,654,675,2534,2535,682],"class_list":{"0":"post-23931","1":"product","2":"type-product","3":"status-publish","4":"has-post-thumbnail","6":"product_brand-optibeam","7":"product_cat-lisaseadmed-ehitusseadmed-led-lisatuled-cb-raadiod-lallar","8":"product_cat-lisatuled","9":"product_cat-tootuled","10":"product_tag-1603-300768","11":"product_tag-led-tuli","12":"product_tag-optibeam","13":"product_tag-optibeam-slimx-ambient","14":"product_tag-slimx-ambient","15":"product_tag-tootuli","17":"first","18":"instock","19":"sale","20":"taxable","21":"shipping-taxable","22":"purchasable","23":"product-type-simple"},"yoast_head":"<!-- This site is optimized with the Yoast SEO plugin v27.4 - https:\/\/yoast.com\/product\/yoast-seo-wordpress\/ -->\n<title>OPTIBEAM SlimX Ambient t\u00f6\u00f6tuli<\/title>\n<meta name=\"description\" content=\"OPTIBEAM SlimX Ambient t\u00f6\u00f6tuli Valguse jaotust on hoolikalt kujundatud, et tagada optimaalne n\u00e4gemisv\u00e4li ilma liigse pimestamiseta.\" \/>\n<meta name=\"robots\" content=\"index, follow, max-snippet:-1, max-image-preview:large, max-video-preview:-1\" \/>\n<link rel=\"canonical\" href=\"https:\/\/ranoja.ee\/toode\/optibeam-slimx-ambient-tootuli\/\" \/>\n<meta property=\"og:locale\" content=\"en_US\" \/>\n<meta property=\"og:type\" content=\"article\" \/>\n<meta property=\"og:title\" content=\"OPTIBEAM SlimX Ambient t\u00f6\u00f6tuli\" \/>\n<meta property=\"og:description\" content=\"OPTIBEAM SlimX Ambient t\u00f6\u00f6tuli Valguse jaotust on hoolikalt kujundatud, et tagada optimaalne n\u00e4gemisv\u00e4li ilma liigse pimestamiseta.\" \/>\n<meta property=\"og:url\" content=\"https:\/\/ranoja.ee\/toode\/optibeam-slimx-ambient-tootuli\/\" \/>\n<meta property=\"og:site_name\" content=\"Ranoja\" \/>\n<meta property=\"article:publisher\" content=\"https:\/\/www.facebook.com\/ranoja.ee\" \/>\n<meta property=\"article:modified_time\" content=\"2025-12-12T12:50:53+00:00\" \/>\n<meta property=\"og:image\" content=\"https:\/\/ranoja.ee\/wp-content\/uploads\/2025\/11\/OPTIBEAM-SlimX-Ambient-tootuli.jpg\" \/>\n\t<meta property=\"og:image:width\" content=\"800\" \/>\n\t<meta property=\"og:image:height\" content=\"600\" \/>\n\t<meta property=\"og:image:type\" content=\"image\/jpeg\" \/>\n<meta name=\"twitter:card\" content=\"summary_large_image\" \/>\n<meta name=\"twitter:label1\" content=\"Est. reading time\" \/>\n\t<meta name=\"twitter:data1\" content=\"2 minutes\" \/>\n<script type=\"application\/ld+json\" class=\"yoast-schema-graph\">{\"@context\":\"https:\\\/\\\/schema.org\",\"@graph\":[{\"@type\":\"WebPage\",\"@id\":\"https:\\\/\\\/ranoja.ee\\\/toode\\\/optibeam-slimx-ambient-tootuli\\\/\",\"url\":\"https:\\\/\\\/ranoja.ee\\\/toode\\\/optibeam-slimx-ambient-tootuli\\\/\",\"name\":\"OPTIBEAM SlimX Ambient t\u00f6\u00f6tuli\",\"isPartOf\":{\"@id\":\"https:\\\/\\\/ranoja.ee\\\/#website\"},\"primaryImageOfPage\":{\"@id\":\"https:\\\/\\\/ranoja.ee\\\/toode\\\/optibeam-slimx-ambient-tootuli\\\/#primaryimage\"},\"image\":{\"@id\":\"https:\\\/\\\/ranoja.ee\\\/toode\\\/optibeam-slimx-ambient-tootuli\\\/#primaryimage\"},\"thumbnailUrl\":\"https:\\\/\\\/ranoja.ee\\\/wp-content\\\/uploads\\\/2025\\\/11\\\/OPTIBEAM-SlimX-Ambient-tootuli.jpg\",\"datePublished\":\"2025-11-24T09:04:28+00:00\",\"dateModified\":\"2025-12-12T12:50:53+00:00\",\"description\":\"OPTIBEAM SlimX Ambient t\u00f6\u00f6tuli Valguse jaotust on hoolikalt kujundatud, et tagada optimaalne n\u00e4gemisv\u00e4li ilma liigse pimestamiseta.\",\"breadcrumb\":{\"@id\":\"https:\\\/\\\/ranoja.ee\\\/toode\\\/optibeam-slimx-ambient-tootuli\\\/#breadcrumb\"},\"inLanguage\":\"en-US\",\"potentialAction\":[{\"@type\":\"ReadAction\",\"target\":[\"https:\\\/\\\/ranoja.ee\\\/toode\\\/optibeam-slimx-ambient-tootuli\\\/\"]}]},{\"@type\":\"ImageObject\",\"inLanguage\":\"en-US\",\"@id\":\"https:\\\/\\\/ranoja.ee\\\/toode\\\/optibeam-slimx-ambient-tootuli\\\/#primaryimage\",\"url\":\"https:\\\/\\\/ranoja.ee\\\/wp-content\\\/uploads\\\/2025\\\/11\\\/OPTIBEAM-SlimX-Ambient-tootuli.jpg\",\"contentUrl\":\"https:\\\/\\\/ranoja.ee\\\/wp-content\\\/uploads\\\/2025\\\/11\\\/OPTIBEAM-SlimX-Ambient-tootuli.jpg\",\"width\":800,\"height\":600,\"caption\":\"OPTIBEAM SlimX Ambient t\u00f6\u00f6tuli\"},{\"@type\":\"BreadcrumbList\",\"@id\":\"https:\\\/\\\/ranoja.ee\\\/toode\\\/optibeam-slimx-ambient-tootuli\\\/#breadcrumb\",\"itemListElement\":[{\"@type\":\"ListItem\",\"position\":1,\"name\":\"Home\",\"item\":\"https:\\\/\\\/ranoja.ee\\\/\"},{\"@type\":\"ListItem\",\"position\":2,\"name\":\"Shop\",\"item\":\"https:\\\/\\\/ranoja.ee\\\/en\\\/shop\\\/\"},{\"@type\":\"ListItem\",\"position\":3,\"name\":\"OPTIBEAM SlimX Ambient t\u00f6\u00f6tuli\"}]},{\"@type\":\"WebSite\",\"@id\":\"https:\\\/\\\/ranoja.ee\\\/#website\",\"url\":\"https:\\\/\\\/ranoja.ee\\\/\",\"name\":\"Ranoja\",\"description\":\"Equipment Shop WooCommerce WordPress Theme for Machine &amp; Tools\",\"publisher\":{\"@id\":\"https:\\\/\\\/ranoja.ee\\\/#organization\"},\"potentialAction\":[{\"@type\":\"SearchAction\",\"target\":{\"@type\":\"EntryPoint\",\"urlTemplate\":\"https:\\\/\\\/ranoja.ee\\\/?s={search_term_string}\"},\"query-input\":{\"@type\":\"PropertyValueSpecification\",\"valueRequired\":true,\"valueName\":\"search_term_string\"}}],\"inLanguage\":\"en-US\"},{\"@type\":\"Organization\",\"@id\":\"https:\\\/\\\/ranoja.ee\\\/#organization\",\"name\":\"Ranoja O\u00dc\",\"url\":\"https:\\\/\\\/ranoja.ee\\\/\",\"logo\":{\"@type\":\"ImageObject\",\"inLanguage\":\"en-US\",\"@id\":\"https:\\\/\\\/ranoja.ee\\\/#\\\/schema\\\/logo\\\/image\\\/\",\"url\":\"https:\\\/\\\/ranoja.ee\\\/wp-content\\\/uploads\\\/2023\\\/11\\\/ranoja-Logo.png\",\"contentUrl\":\"https:\\\/\\\/ranoja.ee\\\/wp-content\\\/uploads\\\/2023\\\/11\\\/ranoja-Logo.png\",\"width\":207,\"height\":58,\"caption\":\"Ranoja O\u00dc\"},\"image\":{\"@id\":\"https:\\\/\\\/ranoja.ee\\\/#\\\/schema\\\/logo\\\/image\\\/\"},\"sameAs\":[\"https:\\\/\\\/www.facebook.com\\\/ranoja.ee\",\"https:\\\/\\\/www.instagram.com\\\/ranoja__\\\/\"]}]}<\/script>\n<!-- \/ Yoast SEO plugin. -->","yoast_head_json":{"title":"OPTIBEAM SlimX Ambient t\u00f6\u00f6tuli","description":"OPTIBEAM SlimX Ambient t\u00f6\u00f6tuli Valguse jaotust on hoolikalt kujundatud, et tagada optimaalne n\u00e4gemisv\u00e4li ilma liigse pimestamiseta.","robots":{"index":"index","follow":"follow","max-snippet":"max-snippet:-1","max-image-preview":"max-image-preview:large","max-video-preview":"max-video-preview:-1"},"canonical":"https:\/\/ranoja.ee\/toode\/optibeam-slimx-ambient-tootuli\/","og_locale":"en_US","og_type":"article","og_title":"OPTIBEAM SlimX Ambient t\u00f6\u00f6tuli","og_description":"OPTIBEAM SlimX Ambient t\u00f6\u00f6tuli Valguse jaotust on hoolikalt kujundatud, et tagada optimaalne n\u00e4gemisv\u00e4li ilma liigse pimestamiseta.","og_url":"https:\/\/ranoja.ee\/toode\/optibeam-slimx-ambient-tootuli\/","og_site_name":"Ranoja","article_publisher":"https:\/\/www.facebook.com\/ranoja.ee","article_modified_time":"2025-12-12T12:50:53+00:00","og_image":[{"width":800,"height":600,"url":"https:\/\/ranoja.ee\/wp-content\/uploads\/2025\/11\/OPTIBEAM-SlimX-Ambient-tootuli.jpg","type":"image\/jpeg"}],"twitter_card":"summary_large_image","twitter_misc":{"Est. reading time":"2 minutes"},"schema":{"@context":"https:\/\/schema.org","@graph":[{"@type":"WebPage","@id":"https:\/\/ranoja.ee\/toode\/optibeam-slimx-ambient-tootuli\/","url":"https:\/\/ranoja.ee\/toode\/optibeam-slimx-ambient-tootuli\/","name":"OPTIBEAM SlimX Ambient t\u00f6\u00f6tuli","isPartOf":{"@id":"https:\/\/ranoja.ee\/#website"},"primaryImageOfPage":{"@id":"https:\/\/ranoja.ee\/toode\/optibeam-slimx-ambient-tootuli\/#primaryimage"},"image":{"@id":"https:\/\/ranoja.ee\/toode\/optibeam-slimx-ambient-tootuli\/#primaryimage"},"thumbnailUrl":"https:\/\/ranoja.ee\/wp-content\/uploads\/2025\/11\/OPTIBEAM-SlimX-Ambient-tootuli.jpg","datePublished":"2025-11-24T09:04:28+00:00","dateModified":"2025-12-12T12:50:53+00:00","description":"OPTIBEAM SlimX Ambient t\u00f6\u00f6tuli Valguse jaotust on hoolikalt kujundatud, et tagada optimaalne n\u00e4gemisv\u00e4li ilma liigse pimestamiseta.","breadcrumb":{"@id":"https:\/\/ranoja.ee\/toode\/optibeam-slimx-ambient-tootuli\/#breadcrumb"},"inLanguage":"en-US","potentialAction":[{"@type":"ReadAction","target":["https:\/\/ranoja.ee\/toode\/optibeam-slimx-ambient-tootuli\/"]}]},{"@type":"ImageObject","inLanguage":"en-US","@id":"https:\/\/ranoja.ee\/toode\/optibeam-slimx-ambient-tootuli\/#primaryimage","url":"https:\/\/ranoja.ee\/wp-content\/uploads\/2025\/11\/OPTIBEAM-SlimX-Ambient-tootuli.jpg","contentUrl":"https:\/\/ranoja.ee\/wp-content\/uploads\/2025\/11\/OPTIBEAM-SlimX-Ambient-tootuli.jpg","width":800,"height":600,"caption":"OPTIBEAM SlimX Ambient t\u00f6\u00f6tuli"},{"@type":"BreadcrumbList","@id":"https:\/\/ranoja.ee\/toode\/optibeam-slimx-ambient-tootuli\/#breadcrumb","itemListElement":[{"@type":"ListItem","position":1,"name":"Home","item":"https:\/\/ranoja.ee\/"},{"@type":"ListItem","position":2,"name":"Shop","item":"https:\/\/ranoja.ee\/en\/shop\/"},{"@type":"ListItem","position":3,"name":"OPTIBEAM SlimX Ambient t\u00f6\u00f6tuli"}]},{"@type":"WebSite","@id":"https:\/\/ranoja.ee\/#website","url":"https:\/\/ranoja.ee\/","name":"Ranoja","description":"Equipment Shop WooCommerce WordPress Theme for Machine &amp; Tools","publisher":{"@id":"https:\/\/ranoja.ee\/#organization"},"potentialAction":[{"@type":"SearchAction","target":{"@type":"EntryPoint","urlTemplate":"https:\/\/ranoja.ee\/?s={search_term_string}"},"query-input":{"@type":"PropertyValueSpecification","valueRequired":true,"valueName":"search_term_string"}}],"inLanguage":"en-US"},{"@type":"Organization","@id":"https:\/\/ranoja.ee\/#organization","name":"Ranoja O\u00dc","url":"https:\/\/ranoja.ee\/","logo":{"@type":"ImageObject","inLanguage":"en-US","@id":"https:\/\/ranoja.ee\/#\/schema\/logo\/image\/","url":"https:\/\/ranoja.ee\/wp-content\/uploads\/2023\/11\/ranoja-Logo.png","contentUrl":"https:\/\/ranoja.ee\/wp-content\/uploads\/2023\/11\/ranoja-Logo.png","width":207,"height":58,"caption":"Ranoja O\u00dc"},"image":{"@id":"https:\/\/ranoja.ee\/#\/schema\/logo\/image\/"},"sameAs":["https:\/\/www.facebook.com\/ranoja.ee","https:\/\/www.instagram.com\/ranoja__\/"]}]}},"_links":{"self":[{"href":"https:\/\/ranoja.ee\/en\/wp-json\/wp\/v2\/product\/23931","targetHints":{"allow":["GET"]}}],"collection":[{"href":"https:\/\/ranoja.ee\/en\/wp-json\/wp\/v2\/product"}],"about":[{"href":"https:\/\/ranoja.ee\/en\/wp-json\/wp\/v2\/types\/product"}],"wp:featuredmedia":[{"embeddable":true,"href":"https:\/\/ranoja.ee\/en\/wp-json\/wp\/v2\/media\/23950"}],"wp:attachment":[{"href":"https:\/\/ranoja.ee\/en\/wp-json\/wp\/v2\/media?parent=23931"}],"wp:term":[{"taxonomy":"product_cat","embeddable":true,"href":"https:\/\/ranoja.ee\/en\/wp-json\/wp\/v2\/product_cat?post=23931"},{"taxonomy":"product_tag","embeddable":true,"href":"https:\/\/ranoja.ee\/en\/wp-json\/wp\/v2\/product_tag?post=23931"}],"curies":[{"name":"wp","href":"https:\/\/api.w.org\/{rel}","templated":true}]}}