{"id":23804,"date":"2025-11-19T15:26:23","date_gmt":"2025-11-19T12:26:23","guid":{"rendered":"https:\/\/ranoja.ee\/?post_type=product&#038;p=23804"},"modified":"2025-12-12T15:50:54","modified_gmt":"2025-12-12T12:50:54","slug":"ocean-vision-led-tootuli-2500-lm","status":"publish","type":"product","link":"https:\/\/ranoja.ee\/en\/toode\/ocean-vision-led-tootuli-2500-lm\/","title":{"rendered":"OCEAN VISION LED t\u00f6\u00f6tuli 2500 lm"},"content":{"rendered":"<p>OCEAN VISION LED t\u00f6\u00f6tuli 2500 lm<\/p>\n<p>K\u00f5rgekvaliteediline LED-t\u00f6\u00f6valgusti, mis on loodud vastu pidama ka k\u00f5ige n\u00f5udlikumates tingimustes. Selle korpus on valmistatud tugevast materjalist ja kaetud spetsiaalse roostekindla kihiga, mis kaitseb valgustit soolase vee ja niiskuse eest, tagades pikaajalise t\u00f6\u00f6kindluse. Roostevabad kinnitused annavad lisastabiilsuse ning v\u00f5imaldavad seadme paigaldamist erinevatesse keskkondadesse, alates laevadest kuni v\u00e4litingimustes toimuvate t\u00f6\u00f6projektideni.<\/p>\n<p>Valgusti LED-tehnoloogia tagab tugeva ja \u00fchtlase valguse, mis sobib nii t\u00f6\u00f6piirkondade valgustamiseks kui ka pimedas toimuvate tegevuste toetamiseks. Selle v\u00e4rvitemperatuur on optimaalselt valitud, et pakkuda meeldivat, pisut soojemat valget valgust, mis aitab v\u00e4hendada silmade v\u00e4simust pikema t\u00f6\u00f6perioodi v\u00e4ltel. Seade t\u00f6\u00f6tab laias pingev\u00e4ljas 12\u201348 V, muutes selle \u00fchilduvaks mitmesuguste s\u00f5idukite ja seadmetega.<\/p>\n<p>Kaitseklass IP68 ja roostevaba konstruktsioon muudavad OCEAN VISION 1603\u2011300281 eriti vastupidavaks nii vee- kui tolmukahjustuste suhtes. Seadme hooldus on lihtne ning intuitiivne, mis t\u00e4hendab, et see on kasutajas\u00f5bralik ka neile, kellel puudub tehniline taust. Modulaarne \u00fclesehitus v\u00f5imaldab vajadusel valgust t\u00e4iendada v\u00f5i kohandada.<\/p>\n<p>OCEAN VISION LED t\u00f6\u00f6tuli 2500 lm<\/p>\n","protected":false},"excerpt":{"rendered":"<p>OCEAN VISION LED t\u00f6\u00f6tuli 2500 lm<br \/>\nM\u00f5\u00f5tmed: \u00f8 90 x 75 mm<br \/>\nPinge: 9-48 V<br \/>\nLumenid: 2500 lm<br \/>\nLumenid m\u00f5\u00f5detud: 2100 lm<br \/>\nV\u00e4rvitemperatuur: 4000 K<br \/>\nPistiku t\u00fc\u00fcp: 2-pin DT<br \/>\nKorpuse materjal: Alumiinium<br \/>\nL\u00e4\u00e4tse materjal: Klaas<br \/>\nIP klassifikatsioon: IP69K<br \/>\nIntegreeritud DT-2 pistik<br \/>\nKaal: 0.9 kg<br \/>\n<strong>Tarneaeg 1-7 t\u00f6\u00f6p\u00e4eva<\/strong><\/p>\n","protected":false},"featured_media":23817,"template":"","meta":{"inline_featured_image":false},"product_cat":[1116,1118],"product_tag":[2505,1006,1005,1007,2483,2480,2481,683,2504,682],"class_list":{"0":"post-23804","1":"product","2":"type-product","3":"status-publish","4":"has-post-thumbnail","6":"product_brand-ocean-vision","7":"product_cat-lisaseadmed-ehitusseadmed-led-lisatuled-cb-raadiod-lallar","8":"product_cat-tootuled","9":"product_tag-1603-300281","10":"product_tag-1605-n8k200","11":"product_tag-1605-n8k500","12":"product_tag-1605-n8k501","13":"product_tag-1605-n8k502","14":"product_tag-1605-n8k503","15":"product_tag-1605-n8k800","16":"product_tag-led-tootuli","17":"product_tag-ocean-vision","18":"product_tag-tootuli","20":"first","21":"instock","22":"sale","23":"taxable","24":"shipping-taxable","25":"purchasable","26":"product-type-simple"},"yoast_head":"<!-- This site is optimized with the Yoast SEO plugin v27.4 - https:\/\/yoast.com\/product\/yoast-seo-wordpress\/ -->\n<title>OCEAN VISION LED t\u00f6\u00f6tuli 2500 lm<\/title>\n<meta name=\"description\" content=\"OCEAN VISION LED t\u00f6\u00f6tuli 2500 lm K\u00f5rgekvaliteediline LED-t\u00f6\u00f6valgusti, mis on loodud vastu pidama ka k\u00f5ige n\u00f5udlikumates tingimustes.\" \/>\n<meta name=\"robots\" content=\"index, follow, max-snippet:-1, max-image-preview:large, max-video-preview:-1\" \/>\n<link rel=\"canonical\" href=\"https:\/\/ranoja.ee\/toode\/ocean-vision-led-tootuli-2500-lm\/\" \/>\n<meta property=\"og:locale\" content=\"en_US\" \/>\n<meta property=\"og:type\" content=\"article\" \/>\n<meta property=\"og:title\" content=\"OCEAN VISION LED t\u00f6\u00f6tuli 2500 lm\" \/>\n<meta property=\"og:description\" content=\"OCEAN VISION LED t\u00f6\u00f6tuli 2500 lm K\u00f5rgekvaliteediline LED-t\u00f6\u00f6valgusti, mis on loodud vastu pidama ka k\u00f5ige n\u00f5udlikumates tingimustes.\" \/>\n<meta property=\"og:url\" content=\"https:\/\/ranoja.ee\/toode\/ocean-vision-led-tootuli-2500-lm\/\" \/>\n<meta property=\"og:site_name\" content=\"Ranoja\" \/>\n<meta property=\"article:publisher\" content=\"https:\/\/www.facebook.com\/ranoja.ee\" \/>\n<meta property=\"article:modified_time\" content=\"2025-12-12T12:50:54+00:00\" \/>\n<meta property=\"og:image\" content=\"https:\/\/ranoja.ee\/wp-content\/uploads\/2025\/11\/OCEAN-VISION-LED-tootuli-2500-lm.jpg\" \/>\n\t<meta property=\"og:image:width\" content=\"800\" \/>\n\t<meta property=\"og:image:height\" content=\"600\" \/>\n\t<meta property=\"og:image:type\" content=\"image\/jpeg\" \/>\n<meta name=\"twitter:card\" content=\"summary_large_image\" \/>\n<meta name=\"twitter:label1\" content=\"Est. reading time\" \/>\n\t<meta name=\"twitter:data1\" content=\"2 minutes\" \/>\n<script type=\"application\/ld+json\" class=\"yoast-schema-graph\">{\"@context\":\"https:\\\/\\\/schema.org\",\"@graph\":[{\"@type\":\"WebPage\",\"@id\":\"https:\\\/\\\/ranoja.ee\\\/toode\\\/ocean-vision-led-tootuli-2500-lm\\\/\",\"url\":\"https:\\\/\\\/ranoja.ee\\\/toode\\\/ocean-vision-led-tootuli-2500-lm\\\/\",\"name\":\"OCEAN VISION LED t\u00f6\u00f6tuli 2500 lm\",\"isPartOf\":{\"@id\":\"https:\\\/\\\/ranoja.ee\\\/#website\"},\"primaryImageOfPage\":{\"@id\":\"https:\\\/\\\/ranoja.ee\\\/toode\\\/ocean-vision-led-tootuli-2500-lm\\\/#primaryimage\"},\"image\":{\"@id\":\"https:\\\/\\\/ranoja.ee\\\/toode\\\/ocean-vision-led-tootuli-2500-lm\\\/#primaryimage\"},\"thumbnailUrl\":\"https:\\\/\\\/ranoja.ee\\\/wp-content\\\/uploads\\\/2025\\\/11\\\/OCEAN-VISION-LED-tootuli-2500-lm.jpg\",\"datePublished\":\"2025-11-19T12:26:23+00:00\",\"dateModified\":\"2025-12-12T12:50:54+00:00\",\"description\":\"OCEAN VISION LED t\u00f6\u00f6tuli 2500 lm K\u00f5rgekvaliteediline LED-t\u00f6\u00f6valgusti, mis on loodud vastu pidama ka k\u00f5ige n\u00f5udlikumates tingimustes.\",\"breadcrumb\":{\"@id\":\"https:\\\/\\\/ranoja.ee\\\/toode\\\/ocean-vision-led-tootuli-2500-lm\\\/#breadcrumb\"},\"inLanguage\":\"en-US\",\"potentialAction\":[{\"@type\":\"ReadAction\",\"target\":[\"https:\\\/\\\/ranoja.ee\\\/toode\\\/ocean-vision-led-tootuli-2500-lm\\\/\"]}]},{\"@type\":\"ImageObject\",\"inLanguage\":\"en-US\",\"@id\":\"https:\\\/\\\/ranoja.ee\\\/toode\\\/ocean-vision-led-tootuli-2500-lm\\\/#primaryimage\",\"url\":\"https:\\\/\\\/ranoja.ee\\\/wp-content\\\/uploads\\\/2025\\\/11\\\/OCEAN-VISION-LED-tootuli-2500-lm.jpg\",\"contentUrl\":\"https:\\\/\\\/ranoja.ee\\\/wp-content\\\/uploads\\\/2025\\\/11\\\/OCEAN-VISION-LED-tootuli-2500-lm.jpg\",\"width\":800,\"height\":600,\"caption\":\"OCEAN VISION LED t\u00f6\u00f6tuli 2500 lm\"},{\"@type\":\"BreadcrumbList\",\"@id\":\"https:\\\/\\\/ranoja.ee\\\/toode\\\/ocean-vision-led-tootuli-2500-lm\\\/#breadcrumb\",\"itemListElement\":[{\"@type\":\"ListItem\",\"position\":1,\"name\":\"Home\",\"item\":\"https:\\\/\\\/ranoja.ee\\\/\"},{\"@type\":\"ListItem\",\"position\":2,\"name\":\"Shop\",\"item\":\"https:\\\/\\\/ranoja.ee\\\/en\\\/shop\\\/\"},{\"@type\":\"ListItem\",\"position\":3,\"name\":\"OCEAN VISION LED t\u00f6\u00f6tuli 2500 lm\"}]},{\"@type\":\"WebSite\",\"@id\":\"https:\\\/\\\/ranoja.ee\\\/#website\",\"url\":\"https:\\\/\\\/ranoja.ee\\\/\",\"name\":\"Ranoja\",\"description\":\"Equipment Shop WooCommerce WordPress Theme for Machine &amp; Tools\",\"publisher\":{\"@id\":\"https:\\\/\\\/ranoja.ee\\\/#organization\"},\"potentialAction\":[{\"@type\":\"SearchAction\",\"target\":{\"@type\":\"EntryPoint\",\"urlTemplate\":\"https:\\\/\\\/ranoja.ee\\\/?s={search_term_string}\"},\"query-input\":{\"@type\":\"PropertyValueSpecification\",\"valueRequired\":true,\"valueName\":\"search_term_string\"}}],\"inLanguage\":\"en-US\"},{\"@type\":\"Organization\",\"@id\":\"https:\\\/\\\/ranoja.ee\\\/#organization\",\"name\":\"Ranoja O\u00dc\",\"url\":\"https:\\\/\\\/ranoja.ee\\\/\",\"logo\":{\"@type\":\"ImageObject\",\"inLanguage\":\"en-US\",\"@id\":\"https:\\\/\\\/ranoja.ee\\\/#\\\/schema\\\/logo\\\/image\\\/\",\"url\":\"https:\\\/\\\/ranoja.ee\\\/wp-content\\\/uploads\\\/2023\\\/11\\\/ranoja-Logo.png\",\"contentUrl\":\"https:\\\/\\\/ranoja.ee\\\/wp-content\\\/uploads\\\/2023\\\/11\\\/ranoja-Logo.png\",\"width\":207,\"height\":58,\"caption\":\"Ranoja O\u00dc\"},\"image\":{\"@id\":\"https:\\\/\\\/ranoja.ee\\\/#\\\/schema\\\/logo\\\/image\\\/\"},\"sameAs\":[\"https:\\\/\\\/www.facebook.com\\\/ranoja.ee\",\"https:\\\/\\\/www.instagram.com\\\/ranoja__\\\/\"]}]}<\/script>\n<!-- \/ Yoast SEO plugin. -->","yoast_head_json":{"title":"OCEAN VISION LED t\u00f6\u00f6tuli 2500 lm","description":"OCEAN VISION LED t\u00f6\u00f6tuli 2500 lm K\u00f5rgekvaliteediline LED-t\u00f6\u00f6valgusti, mis on loodud vastu pidama ka k\u00f5ige n\u00f5udlikumates tingimustes.","robots":{"index":"index","follow":"follow","max-snippet":"max-snippet:-1","max-image-preview":"max-image-preview:large","max-video-preview":"max-video-preview:-1"},"canonical":"https:\/\/ranoja.ee\/toode\/ocean-vision-led-tootuli-2500-lm\/","og_locale":"en_US","og_type":"article","og_title":"OCEAN VISION LED t\u00f6\u00f6tuli 2500 lm","og_description":"OCEAN VISION LED t\u00f6\u00f6tuli 2500 lm K\u00f5rgekvaliteediline LED-t\u00f6\u00f6valgusti, mis on loodud vastu pidama ka k\u00f5ige n\u00f5udlikumates tingimustes.","og_url":"https:\/\/ranoja.ee\/toode\/ocean-vision-led-tootuli-2500-lm\/","og_site_name":"Ranoja","article_publisher":"https:\/\/www.facebook.com\/ranoja.ee","article_modified_time":"2025-12-12T12:50:54+00:00","og_image":[{"width":800,"height":600,"url":"https:\/\/ranoja.ee\/wp-content\/uploads\/2025\/11\/OCEAN-VISION-LED-tootuli-2500-lm.jpg","type":"image\/jpeg"}],"twitter_card":"summary_large_image","twitter_misc":{"Est. reading time":"2 minutes"},"schema":{"@context":"https:\/\/schema.org","@graph":[{"@type":"WebPage","@id":"https:\/\/ranoja.ee\/toode\/ocean-vision-led-tootuli-2500-lm\/","url":"https:\/\/ranoja.ee\/toode\/ocean-vision-led-tootuli-2500-lm\/","name":"OCEAN VISION LED t\u00f6\u00f6tuli 2500 lm","isPartOf":{"@id":"https:\/\/ranoja.ee\/#website"},"primaryImageOfPage":{"@id":"https:\/\/ranoja.ee\/toode\/ocean-vision-led-tootuli-2500-lm\/#primaryimage"},"image":{"@id":"https:\/\/ranoja.ee\/toode\/ocean-vision-led-tootuli-2500-lm\/#primaryimage"},"thumbnailUrl":"https:\/\/ranoja.ee\/wp-content\/uploads\/2025\/11\/OCEAN-VISION-LED-tootuli-2500-lm.jpg","datePublished":"2025-11-19T12:26:23+00:00","dateModified":"2025-12-12T12:50:54+00:00","description":"OCEAN VISION LED t\u00f6\u00f6tuli 2500 lm K\u00f5rgekvaliteediline LED-t\u00f6\u00f6valgusti, mis on loodud vastu pidama ka k\u00f5ige n\u00f5udlikumates tingimustes.","breadcrumb":{"@id":"https:\/\/ranoja.ee\/toode\/ocean-vision-led-tootuli-2500-lm\/#breadcrumb"},"inLanguage":"en-US","potentialAction":[{"@type":"ReadAction","target":["https:\/\/ranoja.ee\/toode\/ocean-vision-led-tootuli-2500-lm\/"]}]},{"@type":"ImageObject","inLanguage":"en-US","@id":"https:\/\/ranoja.ee\/toode\/ocean-vision-led-tootuli-2500-lm\/#primaryimage","url":"https:\/\/ranoja.ee\/wp-content\/uploads\/2025\/11\/OCEAN-VISION-LED-tootuli-2500-lm.jpg","contentUrl":"https:\/\/ranoja.ee\/wp-content\/uploads\/2025\/11\/OCEAN-VISION-LED-tootuli-2500-lm.jpg","width":800,"height":600,"caption":"OCEAN VISION LED t\u00f6\u00f6tuli 2500 lm"},{"@type":"BreadcrumbList","@id":"https:\/\/ranoja.ee\/toode\/ocean-vision-led-tootuli-2500-lm\/#breadcrumb","itemListElement":[{"@type":"ListItem","position":1,"name":"Home","item":"https:\/\/ranoja.ee\/"},{"@type":"ListItem","position":2,"name":"Shop","item":"https:\/\/ranoja.ee\/en\/shop\/"},{"@type":"ListItem","position":3,"name":"OCEAN VISION LED t\u00f6\u00f6tuli 2500 lm"}]},{"@type":"WebSite","@id":"https:\/\/ranoja.ee\/#website","url":"https:\/\/ranoja.ee\/","name":"Ranoja","description":"Equipment Shop WooCommerce WordPress Theme for Machine &amp; Tools","publisher":{"@id":"https:\/\/ranoja.ee\/#organization"},"potentialAction":[{"@type":"SearchAction","target":{"@type":"EntryPoint","urlTemplate":"https:\/\/ranoja.ee\/?s={search_term_string}"},"query-input":{"@type":"PropertyValueSpecification","valueRequired":true,"valueName":"search_term_string"}}],"inLanguage":"en-US"},{"@type":"Organization","@id":"https:\/\/ranoja.ee\/#organization","name":"Ranoja O\u00dc","url":"https:\/\/ranoja.ee\/","logo":{"@type":"ImageObject","inLanguage":"en-US","@id":"https:\/\/ranoja.ee\/#\/schema\/logo\/image\/","url":"https:\/\/ranoja.ee\/wp-content\/uploads\/2023\/11\/ranoja-Logo.png","contentUrl":"https:\/\/ranoja.ee\/wp-content\/uploads\/2023\/11\/ranoja-Logo.png","width":207,"height":58,"caption":"Ranoja O\u00dc"},"image":{"@id":"https:\/\/ranoja.ee\/#\/schema\/logo\/image\/"},"sameAs":["https:\/\/www.facebook.com\/ranoja.ee","https:\/\/www.instagram.com\/ranoja__\/"]}]}},"_links":{"self":[{"href":"https:\/\/ranoja.ee\/en\/wp-json\/wp\/v2\/product\/23804","targetHints":{"allow":["GET"]}}],"collection":[{"href":"https:\/\/ranoja.ee\/en\/wp-json\/wp\/v2\/product"}],"about":[{"href":"https:\/\/ranoja.ee\/en\/wp-json\/wp\/v2\/types\/product"}],"wp:featuredmedia":[{"embeddable":true,"href":"https:\/\/ranoja.ee\/en\/wp-json\/wp\/v2\/media\/23817"}],"wp:attachment":[{"href":"https:\/\/ranoja.ee\/en\/wp-json\/wp\/v2\/media?parent=23804"}],"wp:term":[{"taxonomy":"product_cat","embeddable":true,"href":"https:\/\/ranoja.ee\/en\/wp-json\/wp\/v2\/product_cat?post=23804"},{"taxonomy":"product_tag","embeddable":true,"href":"https:\/\/ranoja.ee\/en\/wp-json\/wp\/v2\/product_tag?post=23804"}],"curies":[{"name":"wp","href":"https:\/\/api.w.org\/{rel}","templated":true}]}}