{"id":23795,"date":"2025-11-19T15:02:40","date_gmt":"2025-11-19T12:02:40","guid":{"rendered":"https:\/\/ranoja.ee\/?post_type=product&#038;p=23795"},"modified":"2025-12-12T15:50:54","modified_gmt":"2025-12-12T12:50:54","slug":"nordic-lights-flood-tootuli","status":"publish","type":"product","link":"https:\/\/ranoja.ee\/en\/toode\/nordic-lights-flood-tootuli\/","title":{"rendered":"NORDIC LIGHTS Flood t\u00f6\u00f6tuli"},"content":{"rendered":"<p>NORDIC LIGHTS Flood t\u00f6\u00f6tuli <\/p>\n<p>Selle valgusti valgustugevuseks on 6700 lm ja v\u00f5imsuseks 41 W.<br \/>\nValgusti \u00fchenduseks kasutatav pistik on Deutsch DT.<br \/>\nSobivus t\u00f6\u00f6masinatele ja seadmetele, kus on vajalik t\u00f6\u00f6valgustus.<br \/>\nT\u00f6\u00f6tuli on sobib n\u00f5udlikesse tingimustesse, k\u00f5rgus koos kinnitusega 143 mm.<br \/>\nT\u00f6\u00f6tule vibratsioonitaluvus on  20 Grms 24-2000Hz \u2013 4.65 Grrms 12-2000Hz.<br \/>\nTule l\u00f6\u00f6gitaluvus on 60 G.<br \/>\nTule kinnituspolt on M10.<br \/>\nT\u00f6\u00f6tule revolutsiooniline QUAKE summutuss\u00fcsteem hoiab vibratsiooni ja p\u00f5rutuste ees tuld.<\/p>\n<p>NORDIC LIGHTS Flood t\u00f6\u00f6tuli <\/p>\n","protected":false},"excerpt":{"rendered":"<p>NORDIC LIGHTS Flood t\u00f6\u00f6tuli<br \/>\nM\u00f5\u00f5tmed: 108 x 108 x 104 mm<br \/>\nT\u00fc\u00fcp: Scorpius N4401 QD<br \/>\nPinge: 12-24V<br \/>\nLumenid: 6700 lm<br \/>\nLumenid m\u00f5\u00f5detud: 4200 lm<br \/>\nV\u00f5imsus: 41 W<br \/>\nVoolutugevus: 3.2 A 12 V \/1.65 A 24 V<br \/>\nV\u00e4rvitemperatuur: 5700 K<br \/>\nPistiku t\u00fc\u00fcp: 2-pin DT<br \/>\nKorpuse materjal: Alumiinium<br \/>\nL\u00e4\u00e4tse materjal: Pol\u00fckarbonaat<br \/>\nIP klassifikatsioon: IP68, IP6K9K<br \/>\nSertifikaadid: SAE J1455, CISPR 25 Cl.5, ISO 13766, ISO 14982, ISO 7637-2, ISO 9227 240H<br \/>\nKinnituspolt M10<br \/>\nIntegreeritud Deutsch pistik<br \/>\nT\u00f6\u00f6temperatuur -40\u00b0C \u2026 +85\u00b0C<br \/>\nKaal: 1.40 kg<br \/>\n<strong>Tarneaeg 1-7 t\u00f6\u00f6p\u00e4eva<\/strong><\/p>\n","protected":false},"featured_media":23802,"template":"","meta":{"inline_featured_image":false},"product_cat":[1116,1118],"product_tag":[2493,1003,1006,1005,1007,2483,2480,2481,683,928,2473],"class_list":{"0":"post-23795","1":"product","2":"type-product","3":"status-publish","4":"has-post-thumbnail","6":"product_brand-nordic-lights","7":"product_cat-lisaseadmed-ehitusseadmed-led-lisatuled-cb-raadiod-lallar","8":"product_cat-tootuled","9":"product_tag-1605-984148","10":"product_tag-1605-n8k046","11":"product_tag-1605-n8k200","12":"product_tag-1605-n8k500","13":"product_tag-1605-n8k501","14":"product_tag-1605-n8k502","15":"product_tag-1605-n8k503","16":"product_tag-1605-n8k800","17":"product_tag-led-tootuli","18":"product_tag-nordic-lights","19":"product_tag-too-tuli","21":"first","22":"instock","23":"sale","24":"taxable","25":"shipping-taxable","26":"purchasable","27":"product-type-simple"},"yoast_head":"<!-- This site is optimized with the Yoast SEO plugin v27.4 - https:\/\/yoast.com\/product\/yoast-seo-wordpress\/ -->\n<title>NORDIC LIGHTS Flood t\u00f6\u00f6tuli<\/title>\n<meta name=\"description\" content=\"NORDIC LIGHTS Flood t\u00f6\u00f6tuli See t\u00f6\u00f6tuli sobib n\u00f5udlikesse tingimustesse, k\u00f5rgus koos kinnitusega on 143 mm. Tule kinnituspolt on M 10.\" \/>\n<meta name=\"robots\" content=\"index, follow, max-snippet:-1, max-image-preview:large, max-video-preview:-1\" \/>\n<link rel=\"canonical\" href=\"https:\/\/ranoja.ee\/toode\/nordic-lights-flood-tootuli\/\" \/>\n<meta property=\"og:locale\" content=\"en_US\" \/>\n<meta property=\"og:type\" content=\"article\" \/>\n<meta property=\"og:title\" content=\"NORDIC LIGHTS Flood t\u00f6\u00f6tuli\" \/>\n<meta property=\"og:description\" content=\"NORDIC LIGHTS Flood t\u00f6\u00f6tuli See t\u00f6\u00f6tuli sobib n\u00f5udlikesse tingimustesse, k\u00f5rgus koos kinnitusega on 143 mm. Tule kinnituspolt on M 10.\" \/>\n<meta property=\"og:url\" content=\"https:\/\/ranoja.ee\/toode\/nordic-lights-flood-tootuli\/\" \/>\n<meta property=\"og:site_name\" content=\"Ranoja\" \/>\n<meta property=\"article:publisher\" content=\"https:\/\/www.facebook.com\/ranoja.ee\" \/>\n<meta property=\"article:modified_time\" content=\"2025-12-12T12:50:54+00:00\" \/>\n<meta property=\"og:image\" content=\"https:\/\/ranoja.ee\/wp-content\/uploads\/2025\/11\/NORDIC-LIGHTS-Flood-tootuli.jpg\" \/>\n\t<meta property=\"og:image:width\" content=\"800\" \/>\n\t<meta property=\"og:image:height\" content=\"600\" \/>\n\t<meta property=\"og:image:type\" content=\"image\/jpeg\" \/>\n<meta name=\"twitter:card\" content=\"summary_large_image\" \/>\n<meta name=\"twitter:label1\" content=\"Est. reading time\" \/>\n\t<meta name=\"twitter:data1\" content=\"2 minutes\" \/>\n<script type=\"application\/ld+json\" class=\"yoast-schema-graph\">{\"@context\":\"https:\\\/\\\/schema.org\",\"@graph\":[{\"@type\":\"WebPage\",\"@id\":\"https:\\\/\\\/ranoja.ee\\\/toode\\\/nordic-lights-flood-tootuli\\\/\",\"url\":\"https:\\\/\\\/ranoja.ee\\\/toode\\\/nordic-lights-flood-tootuli\\\/\",\"name\":\"NORDIC LIGHTS Flood t\u00f6\u00f6tuli\",\"isPartOf\":{\"@id\":\"https:\\\/\\\/ranoja.ee\\\/#website\"},\"primaryImageOfPage\":{\"@id\":\"https:\\\/\\\/ranoja.ee\\\/toode\\\/nordic-lights-flood-tootuli\\\/#primaryimage\"},\"image\":{\"@id\":\"https:\\\/\\\/ranoja.ee\\\/toode\\\/nordic-lights-flood-tootuli\\\/#primaryimage\"},\"thumbnailUrl\":\"https:\\\/\\\/ranoja.ee\\\/wp-content\\\/uploads\\\/2025\\\/11\\\/NORDIC-LIGHTS-Flood-tootuli.jpg\",\"datePublished\":\"2025-11-19T12:02:40+00:00\",\"dateModified\":\"2025-12-12T12:50:54+00:00\",\"description\":\"NORDIC LIGHTS Flood t\u00f6\u00f6tuli See t\u00f6\u00f6tuli sobib n\u00f5udlikesse tingimustesse, k\u00f5rgus koos kinnitusega on 143 mm. Tule kinnituspolt on M 10.\",\"breadcrumb\":{\"@id\":\"https:\\\/\\\/ranoja.ee\\\/toode\\\/nordic-lights-flood-tootuli\\\/#breadcrumb\"},\"inLanguage\":\"en-US\",\"potentialAction\":[{\"@type\":\"ReadAction\",\"target\":[\"https:\\\/\\\/ranoja.ee\\\/toode\\\/nordic-lights-flood-tootuli\\\/\"]}]},{\"@type\":\"ImageObject\",\"inLanguage\":\"en-US\",\"@id\":\"https:\\\/\\\/ranoja.ee\\\/toode\\\/nordic-lights-flood-tootuli\\\/#primaryimage\",\"url\":\"https:\\\/\\\/ranoja.ee\\\/wp-content\\\/uploads\\\/2025\\\/11\\\/NORDIC-LIGHTS-Flood-tootuli.jpg\",\"contentUrl\":\"https:\\\/\\\/ranoja.ee\\\/wp-content\\\/uploads\\\/2025\\\/11\\\/NORDIC-LIGHTS-Flood-tootuli.jpg\",\"width\":800,\"height\":600,\"caption\":\"NORDIC LIGHTS Flood t\u00f6\u00f6tuli\"},{\"@type\":\"BreadcrumbList\",\"@id\":\"https:\\\/\\\/ranoja.ee\\\/toode\\\/nordic-lights-flood-tootuli\\\/#breadcrumb\",\"itemListElement\":[{\"@type\":\"ListItem\",\"position\":1,\"name\":\"Home\",\"item\":\"https:\\\/\\\/ranoja.ee\\\/\"},{\"@type\":\"ListItem\",\"position\":2,\"name\":\"Shop\",\"item\":\"https:\\\/\\\/ranoja.ee\\\/en\\\/shop\\\/\"},{\"@type\":\"ListItem\",\"position\":3,\"name\":\"NORDIC LIGHTS Flood t\u00f6\u00f6tuli\"}]},{\"@type\":\"WebSite\",\"@id\":\"https:\\\/\\\/ranoja.ee\\\/#website\",\"url\":\"https:\\\/\\\/ranoja.ee\\\/\",\"name\":\"Ranoja\",\"description\":\"Equipment Shop WooCommerce WordPress Theme for Machine &amp; Tools\",\"publisher\":{\"@id\":\"https:\\\/\\\/ranoja.ee\\\/#organization\"},\"potentialAction\":[{\"@type\":\"SearchAction\",\"target\":{\"@type\":\"EntryPoint\",\"urlTemplate\":\"https:\\\/\\\/ranoja.ee\\\/?s={search_term_string}\"},\"query-input\":{\"@type\":\"PropertyValueSpecification\",\"valueRequired\":true,\"valueName\":\"search_term_string\"}}],\"inLanguage\":\"en-US\"},{\"@type\":\"Organization\",\"@id\":\"https:\\\/\\\/ranoja.ee\\\/#organization\",\"name\":\"Ranoja O\u00dc\",\"url\":\"https:\\\/\\\/ranoja.ee\\\/\",\"logo\":{\"@type\":\"ImageObject\",\"inLanguage\":\"en-US\",\"@id\":\"https:\\\/\\\/ranoja.ee\\\/#\\\/schema\\\/logo\\\/image\\\/\",\"url\":\"https:\\\/\\\/ranoja.ee\\\/wp-content\\\/uploads\\\/2023\\\/11\\\/ranoja-Logo.png\",\"contentUrl\":\"https:\\\/\\\/ranoja.ee\\\/wp-content\\\/uploads\\\/2023\\\/11\\\/ranoja-Logo.png\",\"width\":207,\"height\":58,\"caption\":\"Ranoja O\u00dc\"},\"image\":{\"@id\":\"https:\\\/\\\/ranoja.ee\\\/#\\\/schema\\\/logo\\\/image\\\/\"},\"sameAs\":[\"https:\\\/\\\/www.facebook.com\\\/ranoja.ee\",\"https:\\\/\\\/www.instagram.com\\\/ranoja__\\\/\"]}]}<\/script>\n<!-- \/ Yoast SEO plugin. -->","yoast_head_json":{"title":"NORDIC LIGHTS Flood t\u00f6\u00f6tuli","description":"NORDIC LIGHTS Flood t\u00f6\u00f6tuli See t\u00f6\u00f6tuli sobib n\u00f5udlikesse tingimustesse, k\u00f5rgus koos kinnitusega on 143 mm. Tule kinnituspolt on M 10.","robots":{"index":"index","follow":"follow","max-snippet":"max-snippet:-1","max-image-preview":"max-image-preview:large","max-video-preview":"max-video-preview:-1"},"canonical":"https:\/\/ranoja.ee\/toode\/nordic-lights-flood-tootuli\/","og_locale":"en_US","og_type":"article","og_title":"NORDIC LIGHTS Flood t\u00f6\u00f6tuli","og_description":"NORDIC LIGHTS Flood t\u00f6\u00f6tuli See t\u00f6\u00f6tuli sobib n\u00f5udlikesse tingimustesse, k\u00f5rgus koos kinnitusega on 143 mm. Tule kinnituspolt on M 10.","og_url":"https:\/\/ranoja.ee\/toode\/nordic-lights-flood-tootuli\/","og_site_name":"Ranoja","article_publisher":"https:\/\/www.facebook.com\/ranoja.ee","article_modified_time":"2025-12-12T12:50:54+00:00","og_image":[{"width":800,"height":600,"url":"https:\/\/ranoja.ee\/wp-content\/uploads\/2025\/11\/NORDIC-LIGHTS-Flood-tootuli.jpg","type":"image\/jpeg"}],"twitter_card":"summary_large_image","twitter_misc":{"Est. reading time":"2 minutes"},"schema":{"@context":"https:\/\/schema.org","@graph":[{"@type":"WebPage","@id":"https:\/\/ranoja.ee\/toode\/nordic-lights-flood-tootuli\/","url":"https:\/\/ranoja.ee\/toode\/nordic-lights-flood-tootuli\/","name":"NORDIC LIGHTS Flood t\u00f6\u00f6tuli","isPartOf":{"@id":"https:\/\/ranoja.ee\/#website"},"primaryImageOfPage":{"@id":"https:\/\/ranoja.ee\/toode\/nordic-lights-flood-tootuli\/#primaryimage"},"image":{"@id":"https:\/\/ranoja.ee\/toode\/nordic-lights-flood-tootuli\/#primaryimage"},"thumbnailUrl":"https:\/\/ranoja.ee\/wp-content\/uploads\/2025\/11\/NORDIC-LIGHTS-Flood-tootuli.jpg","datePublished":"2025-11-19T12:02:40+00:00","dateModified":"2025-12-12T12:50:54+00:00","description":"NORDIC LIGHTS Flood t\u00f6\u00f6tuli See t\u00f6\u00f6tuli sobib n\u00f5udlikesse tingimustesse, k\u00f5rgus koos kinnitusega on 143 mm. Tule kinnituspolt on M 10.","breadcrumb":{"@id":"https:\/\/ranoja.ee\/toode\/nordic-lights-flood-tootuli\/#breadcrumb"},"inLanguage":"en-US","potentialAction":[{"@type":"ReadAction","target":["https:\/\/ranoja.ee\/toode\/nordic-lights-flood-tootuli\/"]}]},{"@type":"ImageObject","inLanguage":"en-US","@id":"https:\/\/ranoja.ee\/toode\/nordic-lights-flood-tootuli\/#primaryimage","url":"https:\/\/ranoja.ee\/wp-content\/uploads\/2025\/11\/NORDIC-LIGHTS-Flood-tootuli.jpg","contentUrl":"https:\/\/ranoja.ee\/wp-content\/uploads\/2025\/11\/NORDIC-LIGHTS-Flood-tootuli.jpg","width":800,"height":600,"caption":"NORDIC LIGHTS Flood t\u00f6\u00f6tuli"},{"@type":"BreadcrumbList","@id":"https:\/\/ranoja.ee\/toode\/nordic-lights-flood-tootuli\/#breadcrumb","itemListElement":[{"@type":"ListItem","position":1,"name":"Home","item":"https:\/\/ranoja.ee\/"},{"@type":"ListItem","position":2,"name":"Shop","item":"https:\/\/ranoja.ee\/en\/shop\/"},{"@type":"ListItem","position":3,"name":"NORDIC LIGHTS Flood t\u00f6\u00f6tuli"}]},{"@type":"WebSite","@id":"https:\/\/ranoja.ee\/#website","url":"https:\/\/ranoja.ee\/","name":"Ranoja","description":"Equipment Shop WooCommerce WordPress Theme for Machine &amp; Tools","publisher":{"@id":"https:\/\/ranoja.ee\/#organization"},"potentialAction":[{"@type":"SearchAction","target":{"@type":"EntryPoint","urlTemplate":"https:\/\/ranoja.ee\/?s={search_term_string}"},"query-input":{"@type":"PropertyValueSpecification","valueRequired":true,"valueName":"search_term_string"}}],"inLanguage":"en-US"},{"@type":"Organization","@id":"https:\/\/ranoja.ee\/#organization","name":"Ranoja O\u00dc","url":"https:\/\/ranoja.ee\/","logo":{"@type":"ImageObject","inLanguage":"en-US","@id":"https:\/\/ranoja.ee\/#\/schema\/logo\/image\/","url":"https:\/\/ranoja.ee\/wp-content\/uploads\/2023\/11\/ranoja-Logo.png","contentUrl":"https:\/\/ranoja.ee\/wp-content\/uploads\/2023\/11\/ranoja-Logo.png","width":207,"height":58,"caption":"Ranoja O\u00dc"},"image":{"@id":"https:\/\/ranoja.ee\/#\/schema\/logo\/image\/"},"sameAs":["https:\/\/www.facebook.com\/ranoja.ee","https:\/\/www.instagram.com\/ranoja__\/"]}]}},"_links":{"self":[{"href":"https:\/\/ranoja.ee\/en\/wp-json\/wp\/v2\/product\/23795","targetHints":{"allow":["GET"]}}],"collection":[{"href":"https:\/\/ranoja.ee\/en\/wp-json\/wp\/v2\/product"}],"about":[{"href":"https:\/\/ranoja.ee\/en\/wp-json\/wp\/v2\/types\/product"}],"wp:featuredmedia":[{"embeddable":true,"href":"https:\/\/ranoja.ee\/en\/wp-json\/wp\/v2\/media\/23802"}],"wp:attachment":[{"href":"https:\/\/ranoja.ee\/en\/wp-json\/wp\/v2\/media?parent=23795"}],"wp:term":[{"taxonomy":"product_cat","embeddable":true,"href":"https:\/\/ranoja.ee\/en\/wp-json\/wp\/v2\/product_cat?post=23795"},{"taxonomy":"product_tag","embeddable":true,"href":"https:\/\/ranoja.ee\/en\/wp-json\/wp\/v2\/product_tag?post=23795"}],"curies":[{"name":"wp","href":"https:\/\/api.w.org\/{rel}","templated":true}]}}