{"id":23788,"date":"2025-11-19T14:23:34","date_gmt":"2025-11-19T11:23:34","guid":{"rendered":"https:\/\/ranoja.ee\/?post_type=product&#038;p=23788"},"modified":"2025-12-12T15:50:54","modified_gmt":"2025-12-12T12:50:54","slug":"nordic-lights-scorpius-go-430-tootuli","status":"publish","type":"product","link":"https:\/\/ranoja.ee\/en\/toode\/nordic-lights-scorpius-go-430-tootuli\/","title":{"rendered":"NORDIC LIGHTS Scorpius GO 430 t\u00f6\u00f6tuli"},"content":{"rendered":"<p>NORDIC LIGHTS Scorpius GO 430 t\u00f6\u00f6tuli<\/p>\n<p>Kompaktne ja t\u00f6\u00f6kindel LED-t\u00f6\u00f6valgusti, mis on m\u00f5eldud raskete t\u00f6\u00f6keskkondade jaoks \u2014 n\u00e4iteks ehitus-, p\u00f5llumajandus-, metsandus- ja materjalik\u00e4itlemismasinatele. <\/p>\n<p>Peamised tehnilised omadused:<br \/>\nNominaalne pingevahemik on 12\u201324 V, t\u00f6\u00f6tab ka 9\u201316 V v\u00f5i 18\u201332 V sisendiga.<br \/>\nV\u00f5imsustarve on 44 W, mis annab piisava valgusv\u00f5imsuse seotud energiakuluga.<br \/>\nOperatiivne reaalselt m\u00f5\u00f5detud valgusvoog on 3000 luumenit, kuigi teoreetiline maksimaalne voog v\u00f5ib ulatuda kuni 4800 lm.<br \/>\nV\u00e4rvitemperatuur umbes 5000 K, mis annab neutraalse valge valguse \u2014 sobilik t\u00f6\u00f6keskkondadesse, kus on oluline kontrast ja n\u00e4htavus. <\/p>\n<p>On m\u00f5eldud neile, kes vajavad kompaktset, j\u00f5ulist ja vastupidavat t\u00f6\u00f6valgustit. Selle mudeli tugevuseks on lihtsus. Ilma liigsete lisafunktsioonideta pakub see puhta valgusevoo t\u00f6\u00f6ks, kus lihtne, aga vastupidav on olulisem kui keerukas tehnika.<\/p>\n<p>Seda mudelit saab kasutada:<br \/>\nEhitusmasinatel ekskavaatorid, laadurid, veoautod, t\u00f5stukid, t\u00f6\u00f6autod<br \/>\nP\u00f5llumajandus- ja metsat\u00f6\u00f6masinatel<br \/>\nMaterjalik\u00e4itlemisel laoplatvormid, t\u00f5stukid<br \/>\nMuudes t\u00f6\u00f6oludes, kus on vaja tugevat valgust l\u00e4hiala ja kauguse kombineerimiseks.<\/p>\n<p>T\u00e4nu oma robustsele disainile ja k\u00f5rgele IP-klassi kaitsele sobib see paigaldamiseks ka kohtadesse, kus eksisteerib palju tolmu, niiskust v\u00f5i vibratsiooni.<\/p>\n<p>NORDIC LIGHTS Scorpius GO 430 t\u00f6\u00f6tuli<\/p>\n","protected":false},"excerpt":{"rendered":"<p>NORDIC LIGHTS Scorpius GO 430 t\u00f6\u00f6tuli<br \/>\nM\u00f5\u00f5tmed: 98 x 91 x 85 mm<br \/>\nT\u00fc\u00fcp: Flood<br \/>\nPinge: 12-24 V<br \/>\nLumenid: 4800 lm<br \/>\nLumenid m\u00f5\u00f5detud: 3000 lm<br \/>\nV\u00e4rvitemperatuur: 5000 K<br \/>\nT\u00f6\u00f6temperatuur: -40\u00b0C \u2026 +85\u00b0C, t\u00e4isv\u00f5imsusel maksimaalne +50\u00b0C<br \/>\nPistiku t\u00fc\u00fcp: 2-pin DT<br \/>\nKorpuse materjal: Alumiinium<br \/>\nL\u00e4\u00e4tse materjal: Grilamid\u00ae<br \/>\nIP klassifikatsioon: IP68, IP6K9K<br \/>\nSertifikaadid: EMC CISPR 25 Class 5, EN12895, ISO 13766, ISO 14982, ISO 7637-2<br \/>\nMudeli nimi: Scorpius GO 430<br \/>\nKaal: 0.6 kg<br \/>\n<strong>Tarneaeg 1-7 t\u00f6\u00f6p\u00e4eva<\/strong><\/p>\n","protected":false},"featured_media":23789,"template":"","meta":{"inline_featured_image":false},"product_cat":[1116,1118],"product_tag":[2491,1006,1005,1007,2483,2480,2481,683,928,2492,2473],"class_list":{"0":"post-23788","1":"product","2":"type-product","3":"status-publish","4":"has-post-thumbnail","6":"product_brand-nordic-lights","7":"product_cat-lisaseadmed-ehitusseadmed-led-lisatuled-cb-raadiod-lallar","8":"product_cat-tootuled","9":"product_tag-1605-988294b","10":"product_tag-1605-n8k200","11":"product_tag-1605-n8k500","12":"product_tag-1605-n8k501","13":"product_tag-1605-n8k502","14":"product_tag-1605-n8k503","15":"product_tag-1605-n8k800","16":"product_tag-led-tootuli","17":"product_tag-nordic-lights","18":"product_tag-nordic-lights-scorpius-go-430","19":"product_tag-too-tuli","21":"first","22":"instock","23":"sale","24":"taxable","25":"shipping-taxable","26":"purchasable","27":"product-type-simple"},"yoast_head":"<!-- This site is optimized with the Yoast SEO plugin v27.4 - https:\/\/yoast.com\/product\/yoast-seo-wordpress\/ -->\n<title>NORDIC LIGHTS Scorpius GO 430 t\u00f6\u00f6tuli<\/title>\n<meta name=\"description\" content=\"NORDIC LIGHTS Scorpius GO 430 t\u00f6\u00f6tuli Robustsele disainile ja k\u00f5rgele IP-klassi kaitsele sobib paigaldamiseks kohtadesse, kus on palju tolmu ja niiskust.\" \/>\n<meta name=\"robots\" content=\"index, follow, max-snippet:-1, max-image-preview:large, max-video-preview:-1\" \/>\n<link rel=\"canonical\" href=\"https:\/\/ranoja.ee\/toode\/nordic-lights-scorpius-go-430-tootuli\/\" \/>\n<meta property=\"og:locale\" content=\"en_US\" \/>\n<meta property=\"og:type\" content=\"article\" \/>\n<meta property=\"og:title\" content=\"NORDIC LIGHTS Scorpius GO 430 t\u00f6\u00f6tuli\" \/>\n<meta property=\"og:description\" content=\"NORDIC LIGHTS Scorpius GO 430 t\u00f6\u00f6tuli Robustsele disainile ja k\u00f5rgele IP-klassi kaitsele sobib paigaldamiseks kohtadesse, kus on palju tolmu ja niiskust.\" \/>\n<meta property=\"og:url\" content=\"https:\/\/ranoja.ee\/toode\/nordic-lights-scorpius-go-430-tootuli\/\" \/>\n<meta property=\"og:site_name\" content=\"Ranoja\" \/>\n<meta property=\"article:publisher\" content=\"https:\/\/www.facebook.com\/ranoja.ee\" \/>\n<meta property=\"article:modified_time\" content=\"2025-12-12T12:50:54+00:00\" \/>\n<meta property=\"og:image\" content=\"https:\/\/ranoja.ee\/wp-content\/uploads\/2025\/11\/NORDIC-LIGHTS-Scorpius-GO-430-tootuli.jpg\" \/>\n\t<meta property=\"og:image:width\" content=\"800\" \/>\n\t<meta property=\"og:image:height\" content=\"600\" \/>\n\t<meta property=\"og:image:type\" content=\"image\/jpeg\" \/>\n<meta name=\"twitter:card\" content=\"summary_large_image\" \/>\n<meta name=\"twitter:label1\" content=\"Est. reading time\" \/>\n\t<meta name=\"twitter:data1\" content=\"2 minutes\" \/>\n<script type=\"application\/ld+json\" class=\"yoast-schema-graph\">{\"@context\":\"https:\\\/\\\/schema.org\",\"@graph\":[{\"@type\":\"WebPage\",\"@id\":\"https:\\\/\\\/ranoja.ee\\\/toode\\\/nordic-lights-scorpius-go-430-tootuli\\\/\",\"url\":\"https:\\\/\\\/ranoja.ee\\\/toode\\\/nordic-lights-scorpius-go-430-tootuli\\\/\",\"name\":\"NORDIC LIGHTS Scorpius GO 430 t\u00f6\u00f6tuli\",\"isPartOf\":{\"@id\":\"https:\\\/\\\/ranoja.ee\\\/#website\"},\"primaryImageOfPage\":{\"@id\":\"https:\\\/\\\/ranoja.ee\\\/toode\\\/nordic-lights-scorpius-go-430-tootuli\\\/#primaryimage\"},\"image\":{\"@id\":\"https:\\\/\\\/ranoja.ee\\\/toode\\\/nordic-lights-scorpius-go-430-tootuli\\\/#primaryimage\"},\"thumbnailUrl\":\"https:\\\/\\\/ranoja.ee\\\/wp-content\\\/uploads\\\/2025\\\/11\\\/NORDIC-LIGHTS-Scorpius-GO-430-tootuli.jpg\",\"datePublished\":\"2025-11-19T11:23:34+00:00\",\"dateModified\":\"2025-12-12T12:50:54+00:00\",\"description\":\"NORDIC LIGHTS Scorpius GO 430 t\u00f6\u00f6tuli Robustsele disainile ja k\u00f5rgele IP-klassi kaitsele sobib paigaldamiseks kohtadesse, kus on palju tolmu ja niiskust.\",\"breadcrumb\":{\"@id\":\"https:\\\/\\\/ranoja.ee\\\/toode\\\/nordic-lights-scorpius-go-430-tootuli\\\/#breadcrumb\"},\"inLanguage\":\"en-US\",\"potentialAction\":[{\"@type\":\"ReadAction\",\"target\":[\"https:\\\/\\\/ranoja.ee\\\/toode\\\/nordic-lights-scorpius-go-430-tootuli\\\/\"]}]},{\"@type\":\"ImageObject\",\"inLanguage\":\"en-US\",\"@id\":\"https:\\\/\\\/ranoja.ee\\\/toode\\\/nordic-lights-scorpius-go-430-tootuli\\\/#primaryimage\",\"url\":\"https:\\\/\\\/ranoja.ee\\\/wp-content\\\/uploads\\\/2025\\\/11\\\/NORDIC-LIGHTS-Scorpius-GO-430-tootuli.jpg\",\"contentUrl\":\"https:\\\/\\\/ranoja.ee\\\/wp-content\\\/uploads\\\/2025\\\/11\\\/NORDIC-LIGHTS-Scorpius-GO-430-tootuli.jpg\",\"width\":800,\"height\":600,\"caption\":\"NORDIC LIGHTS Scorpius GO 430 t\u00f6\u00f6tuli\"},{\"@type\":\"BreadcrumbList\",\"@id\":\"https:\\\/\\\/ranoja.ee\\\/toode\\\/nordic-lights-scorpius-go-430-tootuli\\\/#breadcrumb\",\"itemListElement\":[{\"@type\":\"ListItem\",\"position\":1,\"name\":\"Home\",\"item\":\"https:\\\/\\\/ranoja.ee\\\/\"},{\"@type\":\"ListItem\",\"position\":2,\"name\":\"Shop\",\"item\":\"https:\\\/\\\/ranoja.ee\\\/en\\\/shop\\\/\"},{\"@type\":\"ListItem\",\"position\":3,\"name\":\"NORDIC LIGHTS Scorpius GO 430 t\u00f6\u00f6tuli\"}]},{\"@type\":\"WebSite\",\"@id\":\"https:\\\/\\\/ranoja.ee\\\/#website\",\"url\":\"https:\\\/\\\/ranoja.ee\\\/\",\"name\":\"Ranoja\",\"description\":\"Equipment Shop WooCommerce WordPress Theme for Machine &amp; Tools\",\"publisher\":{\"@id\":\"https:\\\/\\\/ranoja.ee\\\/#organization\"},\"potentialAction\":[{\"@type\":\"SearchAction\",\"target\":{\"@type\":\"EntryPoint\",\"urlTemplate\":\"https:\\\/\\\/ranoja.ee\\\/?s={search_term_string}\"},\"query-input\":{\"@type\":\"PropertyValueSpecification\",\"valueRequired\":true,\"valueName\":\"search_term_string\"}}],\"inLanguage\":\"en-US\"},{\"@type\":\"Organization\",\"@id\":\"https:\\\/\\\/ranoja.ee\\\/#organization\",\"name\":\"Ranoja O\u00dc\",\"url\":\"https:\\\/\\\/ranoja.ee\\\/\",\"logo\":{\"@type\":\"ImageObject\",\"inLanguage\":\"en-US\",\"@id\":\"https:\\\/\\\/ranoja.ee\\\/#\\\/schema\\\/logo\\\/image\\\/\",\"url\":\"https:\\\/\\\/ranoja.ee\\\/wp-content\\\/uploads\\\/2023\\\/11\\\/ranoja-Logo.png\",\"contentUrl\":\"https:\\\/\\\/ranoja.ee\\\/wp-content\\\/uploads\\\/2023\\\/11\\\/ranoja-Logo.png\",\"width\":207,\"height\":58,\"caption\":\"Ranoja O\u00dc\"},\"image\":{\"@id\":\"https:\\\/\\\/ranoja.ee\\\/#\\\/schema\\\/logo\\\/image\\\/\"},\"sameAs\":[\"https:\\\/\\\/www.facebook.com\\\/ranoja.ee\",\"https:\\\/\\\/www.instagram.com\\\/ranoja__\\\/\"]}]}<\/script>\n<!-- \/ Yoast SEO plugin. -->","yoast_head_json":{"title":"NORDIC LIGHTS Scorpius GO 430 t\u00f6\u00f6tuli","description":"NORDIC LIGHTS Scorpius GO 430 t\u00f6\u00f6tuli Robustsele disainile ja k\u00f5rgele IP-klassi kaitsele sobib paigaldamiseks kohtadesse, kus on palju tolmu ja niiskust.","robots":{"index":"index","follow":"follow","max-snippet":"max-snippet:-1","max-image-preview":"max-image-preview:large","max-video-preview":"max-video-preview:-1"},"canonical":"https:\/\/ranoja.ee\/toode\/nordic-lights-scorpius-go-430-tootuli\/","og_locale":"en_US","og_type":"article","og_title":"NORDIC LIGHTS Scorpius GO 430 t\u00f6\u00f6tuli","og_description":"NORDIC LIGHTS Scorpius GO 430 t\u00f6\u00f6tuli Robustsele disainile ja k\u00f5rgele IP-klassi kaitsele sobib paigaldamiseks kohtadesse, kus on palju tolmu ja niiskust.","og_url":"https:\/\/ranoja.ee\/toode\/nordic-lights-scorpius-go-430-tootuli\/","og_site_name":"Ranoja","article_publisher":"https:\/\/www.facebook.com\/ranoja.ee","article_modified_time":"2025-12-12T12:50:54+00:00","og_image":[{"width":800,"height":600,"url":"https:\/\/ranoja.ee\/wp-content\/uploads\/2025\/11\/NORDIC-LIGHTS-Scorpius-GO-430-tootuli.jpg","type":"image\/jpeg"}],"twitter_card":"summary_large_image","twitter_misc":{"Est. reading time":"2 minutes"},"schema":{"@context":"https:\/\/schema.org","@graph":[{"@type":"WebPage","@id":"https:\/\/ranoja.ee\/toode\/nordic-lights-scorpius-go-430-tootuli\/","url":"https:\/\/ranoja.ee\/toode\/nordic-lights-scorpius-go-430-tootuli\/","name":"NORDIC LIGHTS Scorpius GO 430 t\u00f6\u00f6tuli","isPartOf":{"@id":"https:\/\/ranoja.ee\/#website"},"primaryImageOfPage":{"@id":"https:\/\/ranoja.ee\/toode\/nordic-lights-scorpius-go-430-tootuli\/#primaryimage"},"image":{"@id":"https:\/\/ranoja.ee\/toode\/nordic-lights-scorpius-go-430-tootuli\/#primaryimage"},"thumbnailUrl":"https:\/\/ranoja.ee\/wp-content\/uploads\/2025\/11\/NORDIC-LIGHTS-Scorpius-GO-430-tootuli.jpg","datePublished":"2025-11-19T11:23:34+00:00","dateModified":"2025-12-12T12:50:54+00:00","description":"NORDIC LIGHTS Scorpius GO 430 t\u00f6\u00f6tuli Robustsele disainile ja k\u00f5rgele IP-klassi kaitsele sobib paigaldamiseks kohtadesse, kus on palju tolmu ja niiskust.","breadcrumb":{"@id":"https:\/\/ranoja.ee\/toode\/nordic-lights-scorpius-go-430-tootuli\/#breadcrumb"},"inLanguage":"en-US","potentialAction":[{"@type":"ReadAction","target":["https:\/\/ranoja.ee\/toode\/nordic-lights-scorpius-go-430-tootuli\/"]}]},{"@type":"ImageObject","inLanguage":"en-US","@id":"https:\/\/ranoja.ee\/toode\/nordic-lights-scorpius-go-430-tootuli\/#primaryimage","url":"https:\/\/ranoja.ee\/wp-content\/uploads\/2025\/11\/NORDIC-LIGHTS-Scorpius-GO-430-tootuli.jpg","contentUrl":"https:\/\/ranoja.ee\/wp-content\/uploads\/2025\/11\/NORDIC-LIGHTS-Scorpius-GO-430-tootuli.jpg","width":800,"height":600,"caption":"NORDIC LIGHTS Scorpius GO 430 t\u00f6\u00f6tuli"},{"@type":"BreadcrumbList","@id":"https:\/\/ranoja.ee\/toode\/nordic-lights-scorpius-go-430-tootuli\/#breadcrumb","itemListElement":[{"@type":"ListItem","position":1,"name":"Home","item":"https:\/\/ranoja.ee\/"},{"@type":"ListItem","position":2,"name":"Shop","item":"https:\/\/ranoja.ee\/en\/shop\/"},{"@type":"ListItem","position":3,"name":"NORDIC LIGHTS Scorpius GO 430 t\u00f6\u00f6tuli"}]},{"@type":"WebSite","@id":"https:\/\/ranoja.ee\/#website","url":"https:\/\/ranoja.ee\/","name":"Ranoja","description":"Equipment Shop WooCommerce WordPress Theme for Machine &amp; Tools","publisher":{"@id":"https:\/\/ranoja.ee\/#organization"},"potentialAction":[{"@type":"SearchAction","target":{"@type":"EntryPoint","urlTemplate":"https:\/\/ranoja.ee\/?s={search_term_string}"},"query-input":{"@type":"PropertyValueSpecification","valueRequired":true,"valueName":"search_term_string"}}],"inLanguage":"en-US"},{"@type":"Organization","@id":"https:\/\/ranoja.ee\/#organization","name":"Ranoja O\u00dc","url":"https:\/\/ranoja.ee\/","logo":{"@type":"ImageObject","inLanguage":"en-US","@id":"https:\/\/ranoja.ee\/#\/schema\/logo\/image\/","url":"https:\/\/ranoja.ee\/wp-content\/uploads\/2023\/11\/ranoja-Logo.png","contentUrl":"https:\/\/ranoja.ee\/wp-content\/uploads\/2023\/11\/ranoja-Logo.png","width":207,"height":58,"caption":"Ranoja O\u00dc"},"image":{"@id":"https:\/\/ranoja.ee\/#\/schema\/logo\/image\/"},"sameAs":["https:\/\/www.facebook.com\/ranoja.ee","https:\/\/www.instagram.com\/ranoja__\/"]}]}},"_links":{"self":[{"href":"https:\/\/ranoja.ee\/en\/wp-json\/wp\/v2\/product\/23788","targetHints":{"allow":["GET"]}}],"collection":[{"href":"https:\/\/ranoja.ee\/en\/wp-json\/wp\/v2\/product"}],"about":[{"href":"https:\/\/ranoja.ee\/en\/wp-json\/wp\/v2\/types\/product"}],"wp:featuredmedia":[{"embeddable":true,"href":"https:\/\/ranoja.ee\/en\/wp-json\/wp\/v2\/media\/23789"}],"wp:attachment":[{"href":"https:\/\/ranoja.ee\/en\/wp-json\/wp\/v2\/media?parent=23788"}],"wp:term":[{"taxonomy":"product_cat","embeddable":true,"href":"https:\/\/ranoja.ee\/en\/wp-json\/wp\/v2\/product_cat?post=23788"},{"taxonomy":"product_tag","embeddable":true,"href":"https:\/\/ranoja.ee\/en\/wp-json\/wp\/v2\/product_tag?post=23788"}],"curies":[{"name":"wp","href":"https:\/\/api.w.org\/{rel}","templated":true}]}}