{"id":23774,"date":"2025-11-19T13:37:57","date_gmt":"2025-11-19T10:37:57","guid":{"rendered":"https:\/\/ranoja.ee\/?post_type=product&#038;p=23774"},"modified":"2025-12-12T15:50:54","modified_gmt":"2025-12-12T12:50:54","slug":"nordic-lights-led-tootuli-3200-lm","status":"publish","type":"product","link":"https:\/\/ranoja.ee\/en\/toode\/nordic-lights-led-tootuli-3200-lm\/","title":{"rendered":"NORDIC LIGHTS LED t\u00f6\u00f6tuli 3200 lm"},"content":{"rendered":"<p>NORDIC LIGHTS LED t\u00f6\u00f6tuli 3200 lm<\/p>\n<p>Usaldusv\u00e4\u00e4rne t\u00f6\u00f6-LED-valgusti, mis \u00fchendab kvaliteedi, lihtsuse ja tugeva valguse voolu. See mudel kuulub Nordic Lightsi KL-seeriasse ning on m\u00f5eldud eelk\u00f5ige rasketele t\u00f6\u00f6olukordadele, kus on vaja kestvat ja tugevat valgustust. <\/p>\n<p>Valgusti t\u00f6\u00f6tab pingel 12\u201324 V, mis teeb selle sobivaks laiale valikule s\u00f5idukitele ja t\u00f6\u00f6masinatele.<br \/>\nSelle v\u00f5imsus on 42 W, mis annab teoreetiliselt kuni ~ 3200 lumeni, kuid praktiline (operatiivne) valgustugevus on ~ 2150 lm.<br \/>\nV\u00e4rvitemperatuuriks on ~ 5700 K \u2014 selge, valge valgus, mis sobib h\u00e4sti t\u00f6\u00f6oludesse ja ei v\u00e4sita silmi liigselt. <\/p>\n<p>Konstruktsioonilt kasutab KL1401 alumiiniumist korpust ja pol\u00fckarbonaatl\u00e4\u00e4tsi, mis tagavad vastupidavuse l\u00f6\u00f6kidele ja karmidele<br \/>\nSelle kaitseklass on IP68 ja IP6K9K, mis t\u00e4hendab v\u00e4ga head tolmu- ja veekindlust, sealhulgas survepesu tingimustes. <\/p>\n<p>\u00dchenduseks on 2-kontaktiga Deutsch DT-2 pistik, mis tagab tugeva ja t\u00f6\u00f6kindla \u00fchenduse ka karmides tingimustes.<br \/>\nNORDIC LIGHTS\u00ae &#8211; Nordic Lights Ltd.<br \/>\nElektrons\u00fcsteem on isoleeritud, et v\u00e4hendada h\u00e4irete tekkimist, ja valgusti vastab EMC-standardile CISPR-25 klass 5 \u2014 sobib h\u00e4sti ka kohtadesse, kus on tundlik elektroonika. <\/p>\n<p>Valgusti on m\u00f5eldud kasutamiseks t\u00f6\u00f6masinatel, p\u00f5llumajandus- ja kaevandusseadmetel v\u00f5i muudel t\u00f6\u00f6keskkondadel, kus on vaja tugevat, t\u00f6\u00f6kindlat valgustust. T\u00e4nu oma kompaktsele suurusele ja tugevale konstruktsioonile sobib see h\u00e4sti nii p\u00fcst-, horisontaal- kui ka ripuasendisse paigaldamiseks.<\/p>\n<p>NORDIC LIGHTS LED t\u00f6\u00f6tuli 3200 lm<\/p>\n","protected":false},"excerpt":{"rendered":"<p>NORDIC LIGHTS LED t\u00f6\u00f6tuli 3200 lm<br \/>\nM\u00f5\u00f5tmed: 110 x 137 x 74 mm<br \/>\nT\u00fc\u00fcp: Flood<br \/>\nPinge: 12-24 V<br \/>\nLumenid: 3200 lm<br \/>\nLumenid m\u00f5\u00f5detud: 2150 lm<br \/>\nV\u00e4rvitemperatuur: 5700 K<br \/>\nPistiku t\u00fc\u00fcp: 2-pin DT<br \/>\nKorpuse materjal: Alumiinium<br \/>\nL\u00e4\u00e4tse materjal: Pol\u00fckarbonaat<br \/>\nIP klassifikatsioon: IP69<br \/>\nKaal: 1.10 kg<br \/>\n<strong>Tarneaeg 1-7 t\u00f6\u00f6p\u00e4eva<\/strong><\/p>\n","protected":false},"featured_media":23779,"template":"","meta":{"inline_featured_image":false},"product_cat":[1116,1118],"product_tag":[2487,1006,1005,1007,2483,2480,683,928,2488,2473],"class_list":{"0":"post-23774","1":"product","2":"type-product","3":"status-publish","4":"has-post-thumbnail","6":"product_brand-nordic-lights","7":"product_cat-lisaseadmed-ehitusseadmed-led-lisatuled-cb-raadiod-lallar","8":"product_cat-tootuled","9":"product_tag-1605-982802b","10":"product_tag-1605-n8k200","11":"product_tag-1605-n8k500","12":"product_tag-1605-n8k501","13":"product_tag-1605-n8k502","14":"product_tag-1605-n8k503","15":"product_tag-led-tootuli","16":"product_tag-nordic-lights","17":"product_tag-nordic-lights-led-tootuli-3200-lm","18":"product_tag-too-tuli","20":"first","21":"instock","22":"sale","23":"taxable","24":"shipping-taxable","25":"purchasable","26":"product-type-simple"},"yoast_head":"<!-- This site is optimized with the Yoast SEO plugin v27.4 - https:\/\/yoast.com\/product\/yoast-seo-wordpress\/ -->\n<title>NORDIC LIGHTS LED t\u00f6\u00f6tuli 3200 lm<\/title>\n<meta name=\"description\" content=\"NORDIC LIGHTS LED t\u00f6\u00f6tuli 3200 lm LED-t\u00f6\u00f6tuli, mis sobib h\u00e4sti nii rasketehnika, t\u00f6\u00f6masinate kui ka t\u00f6\u00f6platside valgustamiseks.\" \/>\n<meta name=\"robots\" content=\"index, follow, max-snippet:-1, max-image-preview:large, max-video-preview:-1\" \/>\n<link rel=\"canonical\" href=\"https:\/\/ranoja.ee\/toode\/nordic-lights-led-tootuli-3200-lm\/\" \/>\n<meta property=\"og:locale\" content=\"en_US\" \/>\n<meta property=\"og:type\" content=\"article\" \/>\n<meta property=\"og:title\" content=\"NORDIC LIGHTS LED t\u00f6\u00f6tuli 3200 lm\" \/>\n<meta property=\"og:description\" content=\"NORDIC LIGHTS LED t\u00f6\u00f6tuli 3200 lm LED-t\u00f6\u00f6tuli, mis sobib h\u00e4sti nii rasketehnika, t\u00f6\u00f6masinate kui ka t\u00f6\u00f6platside valgustamiseks.\" \/>\n<meta property=\"og:url\" content=\"https:\/\/ranoja.ee\/toode\/nordic-lights-led-tootuli-3200-lm\/\" \/>\n<meta property=\"og:site_name\" content=\"Ranoja\" \/>\n<meta property=\"article:publisher\" content=\"https:\/\/www.facebook.com\/ranoja.ee\" \/>\n<meta property=\"article:modified_time\" content=\"2025-12-12T12:50:54+00:00\" \/>\n<meta property=\"og:image\" content=\"https:\/\/ranoja.ee\/wp-content\/uploads\/2025\/11\/NORDIC-LIGHTS-LED-tootuli-3200-lm.jpg\" \/>\n\t<meta property=\"og:image:width\" content=\"400\" \/>\n\t<meta property=\"og:image:height\" content=\"300\" \/>\n\t<meta property=\"og:image:type\" content=\"image\/jpeg\" \/>\n<meta name=\"twitter:card\" content=\"summary_large_image\" \/>\n<meta name=\"twitter:label1\" content=\"Est. reading time\" \/>\n\t<meta name=\"twitter:data1\" content=\"1 minute\" \/>\n<script type=\"application\/ld+json\" class=\"yoast-schema-graph\">{\"@context\":\"https:\\\/\\\/schema.org\",\"@graph\":[{\"@type\":\"WebPage\",\"@id\":\"https:\\\/\\\/ranoja.ee\\\/toode\\\/nordic-lights-led-tootuli-3200-lm\\\/\",\"url\":\"https:\\\/\\\/ranoja.ee\\\/toode\\\/nordic-lights-led-tootuli-3200-lm\\\/\",\"name\":\"NORDIC LIGHTS LED t\u00f6\u00f6tuli 3200 lm\",\"isPartOf\":{\"@id\":\"https:\\\/\\\/ranoja.ee\\\/#website\"},\"primaryImageOfPage\":{\"@id\":\"https:\\\/\\\/ranoja.ee\\\/toode\\\/nordic-lights-led-tootuli-3200-lm\\\/#primaryimage\"},\"image\":{\"@id\":\"https:\\\/\\\/ranoja.ee\\\/toode\\\/nordic-lights-led-tootuli-3200-lm\\\/#primaryimage\"},\"thumbnailUrl\":\"https:\\\/\\\/ranoja.ee\\\/wp-content\\\/uploads\\\/2025\\\/11\\\/NORDIC-LIGHTS-LED-tootuli-3200-lm.jpg\",\"datePublished\":\"2025-11-19T10:37:57+00:00\",\"dateModified\":\"2025-12-12T12:50:54+00:00\",\"description\":\"NORDIC LIGHTS LED t\u00f6\u00f6tuli 3200 lm LED-t\u00f6\u00f6tuli, mis sobib h\u00e4sti nii rasketehnika, t\u00f6\u00f6masinate kui ka t\u00f6\u00f6platside valgustamiseks.\",\"breadcrumb\":{\"@id\":\"https:\\\/\\\/ranoja.ee\\\/toode\\\/nordic-lights-led-tootuli-3200-lm\\\/#breadcrumb\"},\"inLanguage\":\"en-US\",\"potentialAction\":[{\"@type\":\"ReadAction\",\"target\":[\"https:\\\/\\\/ranoja.ee\\\/toode\\\/nordic-lights-led-tootuli-3200-lm\\\/\"]}]},{\"@type\":\"ImageObject\",\"inLanguage\":\"en-US\",\"@id\":\"https:\\\/\\\/ranoja.ee\\\/toode\\\/nordic-lights-led-tootuli-3200-lm\\\/#primaryimage\",\"url\":\"https:\\\/\\\/ranoja.ee\\\/wp-content\\\/uploads\\\/2025\\\/11\\\/NORDIC-LIGHTS-LED-tootuli-3200-lm.jpg\",\"contentUrl\":\"https:\\\/\\\/ranoja.ee\\\/wp-content\\\/uploads\\\/2025\\\/11\\\/NORDIC-LIGHTS-LED-tootuli-3200-lm.jpg\",\"width\":400,\"height\":300,\"caption\":\"NORDIC LIGHTS LED t\u00f6\u00f6tuli 3200 lm\"},{\"@type\":\"BreadcrumbList\",\"@id\":\"https:\\\/\\\/ranoja.ee\\\/toode\\\/nordic-lights-led-tootuli-3200-lm\\\/#breadcrumb\",\"itemListElement\":[{\"@type\":\"ListItem\",\"position\":1,\"name\":\"Home\",\"item\":\"https:\\\/\\\/ranoja.ee\\\/\"},{\"@type\":\"ListItem\",\"position\":2,\"name\":\"Shop\",\"item\":\"https:\\\/\\\/ranoja.ee\\\/en\\\/shop\\\/\"},{\"@type\":\"ListItem\",\"position\":3,\"name\":\"NORDIC LIGHTS LED t\u00f6\u00f6tuli 3200 lm\"}]},{\"@type\":\"WebSite\",\"@id\":\"https:\\\/\\\/ranoja.ee\\\/#website\",\"url\":\"https:\\\/\\\/ranoja.ee\\\/\",\"name\":\"Ranoja\",\"description\":\"Equipment Shop WooCommerce WordPress Theme for Machine &amp; Tools\",\"publisher\":{\"@id\":\"https:\\\/\\\/ranoja.ee\\\/#organization\"},\"potentialAction\":[{\"@type\":\"SearchAction\",\"target\":{\"@type\":\"EntryPoint\",\"urlTemplate\":\"https:\\\/\\\/ranoja.ee\\\/?s={search_term_string}\"},\"query-input\":{\"@type\":\"PropertyValueSpecification\",\"valueRequired\":true,\"valueName\":\"search_term_string\"}}],\"inLanguage\":\"en-US\"},{\"@type\":\"Organization\",\"@id\":\"https:\\\/\\\/ranoja.ee\\\/#organization\",\"name\":\"Ranoja O\u00dc\",\"url\":\"https:\\\/\\\/ranoja.ee\\\/\",\"logo\":{\"@type\":\"ImageObject\",\"inLanguage\":\"en-US\",\"@id\":\"https:\\\/\\\/ranoja.ee\\\/#\\\/schema\\\/logo\\\/image\\\/\",\"url\":\"https:\\\/\\\/ranoja.ee\\\/wp-content\\\/uploads\\\/2023\\\/11\\\/ranoja-Logo.png\",\"contentUrl\":\"https:\\\/\\\/ranoja.ee\\\/wp-content\\\/uploads\\\/2023\\\/11\\\/ranoja-Logo.png\",\"width\":207,\"height\":58,\"caption\":\"Ranoja O\u00dc\"},\"image\":{\"@id\":\"https:\\\/\\\/ranoja.ee\\\/#\\\/schema\\\/logo\\\/image\\\/\"},\"sameAs\":[\"https:\\\/\\\/www.facebook.com\\\/ranoja.ee\",\"https:\\\/\\\/www.instagram.com\\\/ranoja__\\\/\"]}]}<\/script>\n<!-- \/ Yoast SEO plugin. -->","yoast_head_json":{"title":"NORDIC LIGHTS LED t\u00f6\u00f6tuli 3200 lm","description":"NORDIC LIGHTS LED t\u00f6\u00f6tuli 3200 lm LED-t\u00f6\u00f6tuli, mis sobib h\u00e4sti nii rasketehnika, t\u00f6\u00f6masinate kui ka t\u00f6\u00f6platside valgustamiseks.","robots":{"index":"index","follow":"follow","max-snippet":"max-snippet:-1","max-image-preview":"max-image-preview:large","max-video-preview":"max-video-preview:-1"},"canonical":"https:\/\/ranoja.ee\/toode\/nordic-lights-led-tootuli-3200-lm\/","og_locale":"en_US","og_type":"article","og_title":"NORDIC LIGHTS LED t\u00f6\u00f6tuli 3200 lm","og_description":"NORDIC LIGHTS LED t\u00f6\u00f6tuli 3200 lm LED-t\u00f6\u00f6tuli, mis sobib h\u00e4sti nii rasketehnika, t\u00f6\u00f6masinate kui ka t\u00f6\u00f6platside valgustamiseks.","og_url":"https:\/\/ranoja.ee\/toode\/nordic-lights-led-tootuli-3200-lm\/","og_site_name":"Ranoja","article_publisher":"https:\/\/www.facebook.com\/ranoja.ee","article_modified_time":"2025-12-12T12:50:54+00:00","og_image":[{"width":400,"height":300,"url":"https:\/\/ranoja.ee\/wp-content\/uploads\/2025\/11\/NORDIC-LIGHTS-LED-tootuli-3200-lm.jpg","type":"image\/jpeg"}],"twitter_card":"summary_large_image","twitter_misc":{"Est. reading time":"1 minute"},"schema":{"@context":"https:\/\/schema.org","@graph":[{"@type":"WebPage","@id":"https:\/\/ranoja.ee\/toode\/nordic-lights-led-tootuli-3200-lm\/","url":"https:\/\/ranoja.ee\/toode\/nordic-lights-led-tootuli-3200-lm\/","name":"NORDIC LIGHTS LED t\u00f6\u00f6tuli 3200 lm","isPartOf":{"@id":"https:\/\/ranoja.ee\/#website"},"primaryImageOfPage":{"@id":"https:\/\/ranoja.ee\/toode\/nordic-lights-led-tootuli-3200-lm\/#primaryimage"},"image":{"@id":"https:\/\/ranoja.ee\/toode\/nordic-lights-led-tootuli-3200-lm\/#primaryimage"},"thumbnailUrl":"https:\/\/ranoja.ee\/wp-content\/uploads\/2025\/11\/NORDIC-LIGHTS-LED-tootuli-3200-lm.jpg","datePublished":"2025-11-19T10:37:57+00:00","dateModified":"2025-12-12T12:50:54+00:00","description":"NORDIC LIGHTS LED t\u00f6\u00f6tuli 3200 lm LED-t\u00f6\u00f6tuli, mis sobib h\u00e4sti nii rasketehnika, t\u00f6\u00f6masinate kui ka t\u00f6\u00f6platside valgustamiseks.","breadcrumb":{"@id":"https:\/\/ranoja.ee\/toode\/nordic-lights-led-tootuli-3200-lm\/#breadcrumb"},"inLanguage":"en-US","potentialAction":[{"@type":"ReadAction","target":["https:\/\/ranoja.ee\/toode\/nordic-lights-led-tootuli-3200-lm\/"]}]},{"@type":"ImageObject","inLanguage":"en-US","@id":"https:\/\/ranoja.ee\/toode\/nordic-lights-led-tootuli-3200-lm\/#primaryimage","url":"https:\/\/ranoja.ee\/wp-content\/uploads\/2025\/11\/NORDIC-LIGHTS-LED-tootuli-3200-lm.jpg","contentUrl":"https:\/\/ranoja.ee\/wp-content\/uploads\/2025\/11\/NORDIC-LIGHTS-LED-tootuli-3200-lm.jpg","width":400,"height":300,"caption":"NORDIC LIGHTS LED t\u00f6\u00f6tuli 3200 lm"},{"@type":"BreadcrumbList","@id":"https:\/\/ranoja.ee\/toode\/nordic-lights-led-tootuli-3200-lm\/#breadcrumb","itemListElement":[{"@type":"ListItem","position":1,"name":"Home","item":"https:\/\/ranoja.ee\/"},{"@type":"ListItem","position":2,"name":"Shop","item":"https:\/\/ranoja.ee\/en\/shop\/"},{"@type":"ListItem","position":3,"name":"NORDIC LIGHTS LED t\u00f6\u00f6tuli 3200 lm"}]},{"@type":"WebSite","@id":"https:\/\/ranoja.ee\/#website","url":"https:\/\/ranoja.ee\/","name":"Ranoja","description":"Equipment Shop WooCommerce WordPress Theme for Machine &amp; Tools","publisher":{"@id":"https:\/\/ranoja.ee\/#organization"},"potentialAction":[{"@type":"SearchAction","target":{"@type":"EntryPoint","urlTemplate":"https:\/\/ranoja.ee\/?s={search_term_string}"},"query-input":{"@type":"PropertyValueSpecification","valueRequired":true,"valueName":"search_term_string"}}],"inLanguage":"en-US"},{"@type":"Organization","@id":"https:\/\/ranoja.ee\/#organization","name":"Ranoja O\u00dc","url":"https:\/\/ranoja.ee\/","logo":{"@type":"ImageObject","inLanguage":"en-US","@id":"https:\/\/ranoja.ee\/#\/schema\/logo\/image\/","url":"https:\/\/ranoja.ee\/wp-content\/uploads\/2023\/11\/ranoja-Logo.png","contentUrl":"https:\/\/ranoja.ee\/wp-content\/uploads\/2023\/11\/ranoja-Logo.png","width":207,"height":58,"caption":"Ranoja O\u00dc"},"image":{"@id":"https:\/\/ranoja.ee\/#\/schema\/logo\/image\/"},"sameAs":["https:\/\/www.facebook.com\/ranoja.ee","https:\/\/www.instagram.com\/ranoja__\/"]}]}},"_links":{"self":[{"href":"https:\/\/ranoja.ee\/en\/wp-json\/wp\/v2\/product\/23774","targetHints":{"allow":["GET"]}}],"collection":[{"href":"https:\/\/ranoja.ee\/en\/wp-json\/wp\/v2\/product"}],"about":[{"href":"https:\/\/ranoja.ee\/en\/wp-json\/wp\/v2\/types\/product"}],"wp:featuredmedia":[{"embeddable":true,"href":"https:\/\/ranoja.ee\/en\/wp-json\/wp\/v2\/media\/23779"}],"wp:attachment":[{"href":"https:\/\/ranoja.ee\/en\/wp-json\/wp\/v2\/media?parent=23774"}],"wp:term":[{"taxonomy":"product_cat","embeddable":true,"href":"https:\/\/ranoja.ee\/en\/wp-json\/wp\/v2\/product_cat?post=23774"},{"taxonomy":"product_tag","embeddable":true,"href":"https:\/\/ranoja.ee\/en\/wp-json\/wp\/v2\/product_tag?post=23774"}],"curies":[{"name":"wp","href":"https:\/\/api.w.org\/{rel}","templated":true}]}}