{"id":23751,"date":"2025-11-18T17:02:28","date_gmt":"2025-11-18T14:02:28","guid":{"rendered":"https:\/\/ranoja.ee\/?post_type=product&#038;p=23751"},"modified":"2026-03-11T16:31:56","modified_gmt":"2026-03-11T13:31:56","slug":"dewalt-rauasaag-dwht0-20547-300-mm","status":"publish","type":"product","link":"https:\/\/ranoja.ee\/en\/toode\/dewalt-rauasaag-dwht0-20547-300-mm\/","title":{"rendered":"DeWalt rauasaag DWHT0-20547 300 mm"},"content":{"rendered":"<p>DeWalt rauasaag DWHT0-20547 300 mm<\/p>\n<p>Vastupidav ja mitmek\u00fclgne 300 mm rauasaag, mis on loodud metalli ja muude k\u00f5vemate materjalide l\u00f5ikamiseks nii professionaalsetes t\u00f6\u00f6tingimustes kui ka kodustes t\u00f6\u00f6des. See k\u00e4sit\u00f6\u00f6riist on tuntud oma tugeva konstruktsiooni ja nutika disaini poolest, mis v\u00f5imaldab t\u00f6\u00f6tada kiiresti, t\u00e4pselt ja mugavalt ka kitsastes kohtades. T\u00e4nu oma kvaliteetsele ehitusele sobib see rauasaag h\u00e4sti ehitajatele, torulukkseppadele, mehaanikutele ning k\u00f5igile, kes vajavad t\u00f6\u00f6kindlat metalli l\u00f5ikamise t\u00f6\u00f6riista.<\/p>\n<p>Rauasaag on varustatud 300 mm pikkuse teraga, mis v\u00f5imaldab l\u00f5igata erinevaid metallmaterjale, n\u00e4iteks torusid, polte, profiile ja muid metallosi. Terale saab rakendada tugevat pinget, mis hoiab selle kindlalt paigal ja aitab tagada t\u00e4pse ning sujuva l\u00f5ike. K\u00f5rge pingutusj\u00f5ud v\u00e4hendab tera paindumist ja parandab l\u00f5iketulemust.<\/p>\n<p>DeWalt DWHT0-20547 erip\u00e4raks on 5-\u00fches multifunktsionaalne konstruktsioon, mis v\u00f5imaldab t\u00f6\u00f6riista kasutada erinevates konfiguratsioonides. Tera saab paigaldada 45\u00b0 v\u00f5i 90\u00b0 nurga alla, mis v\u00f5imaldab teha nii standardseid kui ka tasapinnalisi l\u00f5ikeid. Samuti saab esik\u00e4epidet kasutada eraldi v\u00e4ikese k\u00e4sisaena ning tera saab paigaldada ettepoole, et saavutada pikem ulatus raskesti ligip\u00e4\u00e4setavates kohtades.<\/p>\n<p>Sael on ergonoomiline kahekomponentne k\u00e4epide, mis tagab mugava haarde ja parema kontrolli l\u00f5ikamise ajal. Libisemiskindel pind aitab t\u00f6\u00f6tada kindlalt ka siis, kui t\u00f6\u00f6 toimub suurema j\u00f5uga v\u00f5i pikema aja jooksul. Lisaks on t\u00f6\u00f6riista sisse ehitatud terade hoiukoht, mis v\u00f5imaldab varuterasid mugavalt kaasas hoida.<\/p>\n<p>DeWalt rauasaag DWHT0-20547 300 mm<\/p>\n","protected":false},"excerpt":{"rendered":"<p>DeWalt rauasaag DWHT0-20547 300 mm<br \/>\nTera pikkus: 300 mm<br \/>\nSeadistatav tera nurk: &#8211; 45\u00b0 v\u00f5i 90\u00b0<br \/>\nTugevalt fikseeritav tera<br \/>\nMadal profiil kitsastes kohtades l\u00f5ikamiseks<br \/>\nTera on kinnitatav esiraami k\u00fclge, et tagada pikem t\u00f6\u00f6ulatus<br \/>\nTera saab korpuses hoiustada<br \/>\nK\u00e4epidet saab kasutada ka otssaeteradega<br \/>\n<strong>Eeldatav tarneaeg 1-7 t\u00f6\u00f6p\u00e4eva<\/strong><\/p>\n","protected":false},"featured_media":56253,"template":"","meta":{"inline_featured_image":false},"product_cat":[2486],"product_tag":[1309,4577,4580,4579,4578],"class_list":{"0":"post-23751","1":"product","2":"type-product","3":"status-publish","4":"has-post-thumbnail","6":"product_brand-dewalt","7":"product_cat-outlet","8":"product_tag-dewalt","9":"product_tag-dewalt-rauasaag-dwht0-20547-300-mm","10":"product_tag-dwht0-20547","11":"product_tag-eemalda-termin-dewalt-rauasaag-dwht0-20547-300-mm-dewalt-rauasaag","12":"product_tag-rauasaag","14":"first","15":"instock","16":"purchasable","17":"product-type-simple"},"yoast_head":"<!-- This site is optimized with the Yoast SEO plugin v27.4 - https:\/\/yoast.com\/product\/yoast-seo-wordpress\/ -->\n<title>DeWalt rauasaag DWHT0-20547 300 mm<\/title>\n<meta name=\"description\" content=\"DeWalt rauasaag DWHT0-20547 300 mm Vastupidav ja mitmek\u00fclgne 300 mm rauasaag, mis on loodud metalli ja muude k\u00f5vemate materjalide l\u00f5ikamiseks.\" \/>\n<meta name=\"robots\" content=\"index, follow, max-snippet:-1, max-image-preview:large, max-video-preview:-1\" \/>\n<link rel=\"canonical\" href=\"https:\/\/ranoja.ee\/toode\/dewalt-rauasaag-dwht0-20547-300-mm\/\" \/>\n<meta property=\"og:locale\" content=\"en_US\" \/>\n<meta property=\"og:type\" content=\"article\" \/>\n<meta property=\"og:title\" content=\"DeWalt rauasaag DWHT0-20547 300 mm\" \/>\n<meta property=\"og:description\" content=\"DeWalt rauasaag DWHT0-20547 300 mm Vastupidav ja mitmek\u00fclgne 300 mm rauasaag, mis on loodud metalli ja muude k\u00f5vemate materjalide l\u00f5ikamiseks.\" \/>\n<meta property=\"og:url\" content=\"https:\/\/ranoja.ee\/toode\/dewalt-rauasaag-dwht0-20547-300-mm\/\" \/>\n<meta property=\"og:site_name\" content=\"Ranoja\" \/>\n<meta property=\"article:publisher\" content=\"https:\/\/www.facebook.com\/ranoja.ee\" \/>\n<meta property=\"article:modified_time\" content=\"2026-03-11T13:31:56+00:00\" \/>\n<meta property=\"og:image\" content=\"https:\/\/ranoja.ee\/wp-content\/uploads\/2025\/11\/DWHT0-20547.jpg\" \/>\n\t<meta property=\"og:image:width\" content=\"500\" \/>\n\t<meta property=\"og:image:height\" content=\"500\" \/>\n\t<meta property=\"og:image:type\" content=\"image\/jpeg\" \/>\n<meta name=\"twitter:card\" content=\"summary_large_image\" \/>\n<meta name=\"twitter:label1\" content=\"Est. reading time\" \/>\n\t<meta name=\"twitter:data1\" content=\"1 minute\" \/>\n<script type=\"application\/ld+json\" class=\"yoast-schema-graph\">{\"@context\":\"https:\\\/\\\/schema.org\",\"@graph\":[{\"@type\":\"WebPage\",\"@id\":\"https:\\\/\\\/ranoja.ee\\\/toode\\\/dewalt-rauasaag-dwht0-20547-300-mm\\\/\",\"url\":\"https:\\\/\\\/ranoja.ee\\\/toode\\\/dewalt-rauasaag-dwht0-20547-300-mm\\\/\",\"name\":\"DeWalt rauasaag DWHT0-20547 300 mm\",\"isPartOf\":{\"@id\":\"https:\\\/\\\/ranoja.ee\\\/#website\"},\"primaryImageOfPage\":{\"@id\":\"https:\\\/\\\/ranoja.ee\\\/toode\\\/dewalt-rauasaag-dwht0-20547-300-mm\\\/#primaryimage\"},\"image\":{\"@id\":\"https:\\\/\\\/ranoja.ee\\\/toode\\\/dewalt-rauasaag-dwht0-20547-300-mm\\\/#primaryimage\"},\"thumbnailUrl\":\"https:\\\/\\\/ranoja.ee\\\/wp-content\\\/uploads\\\/2025\\\/11\\\/DWHT0-20547.jpg\",\"datePublished\":\"2025-11-18T14:02:28+00:00\",\"dateModified\":\"2026-03-11T13:31:56+00:00\",\"description\":\"DeWalt rauasaag DWHT0-20547 300 mm Vastupidav ja mitmek\u00fclgne 300 mm rauasaag, mis on loodud metalli ja muude k\u00f5vemate materjalide l\u00f5ikamiseks.\",\"breadcrumb\":{\"@id\":\"https:\\\/\\\/ranoja.ee\\\/toode\\\/dewalt-rauasaag-dwht0-20547-300-mm\\\/#breadcrumb\"},\"inLanguage\":\"en-US\",\"potentialAction\":[{\"@type\":\"ReadAction\",\"target\":[\"https:\\\/\\\/ranoja.ee\\\/toode\\\/dewalt-rauasaag-dwht0-20547-300-mm\\\/\"]}]},{\"@type\":\"ImageObject\",\"inLanguage\":\"en-US\",\"@id\":\"https:\\\/\\\/ranoja.ee\\\/toode\\\/dewalt-rauasaag-dwht0-20547-300-mm\\\/#primaryimage\",\"url\":\"https:\\\/\\\/ranoja.ee\\\/wp-content\\\/uploads\\\/2025\\\/11\\\/DWHT0-20547.jpg\",\"contentUrl\":\"https:\\\/\\\/ranoja.ee\\\/wp-content\\\/uploads\\\/2025\\\/11\\\/DWHT0-20547.jpg\",\"width\":500,\"height\":500,\"caption\":\"DeWalt rauasaag DWHT0-20547 300 mm\"},{\"@type\":\"BreadcrumbList\",\"@id\":\"https:\\\/\\\/ranoja.ee\\\/toode\\\/dewalt-rauasaag-dwht0-20547-300-mm\\\/#breadcrumb\",\"itemListElement\":[{\"@type\":\"ListItem\",\"position\":1,\"name\":\"Home\",\"item\":\"https:\\\/\\\/ranoja.ee\\\/\"},{\"@type\":\"ListItem\",\"position\":2,\"name\":\"Shop\",\"item\":\"https:\\\/\\\/ranoja.ee\\\/en\\\/shop\\\/\"},{\"@type\":\"ListItem\",\"position\":3,\"name\":\"DeWalt rauasaag DWHT0-20547 300 mm\"}]},{\"@type\":\"WebSite\",\"@id\":\"https:\\\/\\\/ranoja.ee\\\/#website\",\"url\":\"https:\\\/\\\/ranoja.ee\\\/\",\"name\":\"Ranoja\",\"description\":\"Equipment Shop WooCommerce WordPress Theme for Machine &amp; Tools\",\"publisher\":{\"@id\":\"https:\\\/\\\/ranoja.ee\\\/#organization\"},\"potentialAction\":[{\"@type\":\"SearchAction\",\"target\":{\"@type\":\"EntryPoint\",\"urlTemplate\":\"https:\\\/\\\/ranoja.ee\\\/?s={search_term_string}\"},\"query-input\":{\"@type\":\"PropertyValueSpecification\",\"valueRequired\":true,\"valueName\":\"search_term_string\"}}],\"inLanguage\":\"en-US\"},{\"@type\":\"Organization\",\"@id\":\"https:\\\/\\\/ranoja.ee\\\/#organization\",\"name\":\"Ranoja O\u00dc\",\"url\":\"https:\\\/\\\/ranoja.ee\\\/\",\"logo\":{\"@type\":\"ImageObject\",\"inLanguage\":\"en-US\",\"@id\":\"https:\\\/\\\/ranoja.ee\\\/#\\\/schema\\\/logo\\\/image\\\/\",\"url\":\"https:\\\/\\\/ranoja.ee\\\/wp-content\\\/uploads\\\/2023\\\/11\\\/ranoja-Logo.png\",\"contentUrl\":\"https:\\\/\\\/ranoja.ee\\\/wp-content\\\/uploads\\\/2023\\\/11\\\/ranoja-Logo.png\",\"width\":207,\"height\":58,\"caption\":\"Ranoja O\u00dc\"},\"image\":{\"@id\":\"https:\\\/\\\/ranoja.ee\\\/#\\\/schema\\\/logo\\\/image\\\/\"},\"sameAs\":[\"https:\\\/\\\/www.facebook.com\\\/ranoja.ee\",\"https:\\\/\\\/www.instagram.com\\\/ranoja__\\\/\"]}]}<\/script>\n<!-- \/ Yoast SEO plugin. -->","yoast_head_json":{"title":"DeWalt rauasaag DWHT0-20547 300 mm","description":"DeWalt rauasaag DWHT0-20547 300 mm Vastupidav ja mitmek\u00fclgne 300 mm rauasaag, mis on loodud metalli ja muude k\u00f5vemate materjalide l\u00f5ikamiseks.","robots":{"index":"index","follow":"follow","max-snippet":"max-snippet:-1","max-image-preview":"max-image-preview:large","max-video-preview":"max-video-preview:-1"},"canonical":"https:\/\/ranoja.ee\/toode\/dewalt-rauasaag-dwht0-20547-300-mm\/","og_locale":"en_US","og_type":"article","og_title":"DeWalt rauasaag DWHT0-20547 300 mm","og_description":"DeWalt rauasaag DWHT0-20547 300 mm Vastupidav ja mitmek\u00fclgne 300 mm rauasaag, mis on loodud metalli ja muude k\u00f5vemate materjalide l\u00f5ikamiseks.","og_url":"https:\/\/ranoja.ee\/toode\/dewalt-rauasaag-dwht0-20547-300-mm\/","og_site_name":"Ranoja","article_publisher":"https:\/\/www.facebook.com\/ranoja.ee","article_modified_time":"2026-03-11T13:31:56+00:00","og_image":[{"width":500,"height":500,"url":"https:\/\/ranoja.ee\/wp-content\/uploads\/2025\/11\/DWHT0-20547.jpg","type":"image\/jpeg"}],"twitter_card":"summary_large_image","twitter_misc":{"Est. reading time":"1 minute"},"schema":{"@context":"https:\/\/schema.org","@graph":[{"@type":"WebPage","@id":"https:\/\/ranoja.ee\/toode\/dewalt-rauasaag-dwht0-20547-300-mm\/","url":"https:\/\/ranoja.ee\/toode\/dewalt-rauasaag-dwht0-20547-300-mm\/","name":"DeWalt rauasaag DWHT0-20547 300 mm","isPartOf":{"@id":"https:\/\/ranoja.ee\/#website"},"primaryImageOfPage":{"@id":"https:\/\/ranoja.ee\/toode\/dewalt-rauasaag-dwht0-20547-300-mm\/#primaryimage"},"image":{"@id":"https:\/\/ranoja.ee\/toode\/dewalt-rauasaag-dwht0-20547-300-mm\/#primaryimage"},"thumbnailUrl":"https:\/\/ranoja.ee\/wp-content\/uploads\/2025\/11\/DWHT0-20547.jpg","datePublished":"2025-11-18T14:02:28+00:00","dateModified":"2026-03-11T13:31:56+00:00","description":"DeWalt rauasaag DWHT0-20547 300 mm Vastupidav ja mitmek\u00fclgne 300 mm rauasaag, mis on loodud metalli ja muude k\u00f5vemate materjalide l\u00f5ikamiseks.","breadcrumb":{"@id":"https:\/\/ranoja.ee\/toode\/dewalt-rauasaag-dwht0-20547-300-mm\/#breadcrumb"},"inLanguage":"en-US","potentialAction":[{"@type":"ReadAction","target":["https:\/\/ranoja.ee\/toode\/dewalt-rauasaag-dwht0-20547-300-mm\/"]}]},{"@type":"ImageObject","inLanguage":"en-US","@id":"https:\/\/ranoja.ee\/toode\/dewalt-rauasaag-dwht0-20547-300-mm\/#primaryimage","url":"https:\/\/ranoja.ee\/wp-content\/uploads\/2025\/11\/DWHT0-20547.jpg","contentUrl":"https:\/\/ranoja.ee\/wp-content\/uploads\/2025\/11\/DWHT0-20547.jpg","width":500,"height":500,"caption":"DeWalt rauasaag DWHT0-20547 300 mm"},{"@type":"BreadcrumbList","@id":"https:\/\/ranoja.ee\/toode\/dewalt-rauasaag-dwht0-20547-300-mm\/#breadcrumb","itemListElement":[{"@type":"ListItem","position":1,"name":"Home","item":"https:\/\/ranoja.ee\/"},{"@type":"ListItem","position":2,"name":"Shop","item":"https:\/\/ranoja.ee\/en\/shop\/"},{"@type":"ListItem","position":3,"name":"DeWalt rauasaag DWHT0-20547 300 mm"}]},{"@type":"WebSite","@id":"https:\/\/ranoja.ee\/#website","url":"https:\/\/ranoja.ee\/","name":"Ranoja","description":"Equipment Shop WooCommerce WordPress Theme for Machine &amp; Tools","publisher":{"@id":"https:\/\/ranoja.ee\/#organization"},"potentialAction":[{"@type":"SearchAction","target":{"@type":"EntryPoint","urlTemplate":"https:\/\/ranoja.ee\/?s={search_term_string}"},"query-input":{"@type":"PropertyValueSpecification","valueRequired":true,"valueName":"search_term_string"}}],"inLanguage":"en-US"},{"@type":"Organization","@id":"https:\/\/ranoja.ee\/#organization","name":"Ranoja O\u00dc","url":"https:\/\/ranoja.ee\/","logo":{"@type":"ImageObject","inLanguage":"en-US","@id":"https:\/\/ranoja.ee\/#\/schema\/logo\/image\/","url":"https:\/\/ranoja.ee\/wp-content\/uploads\/2023\/11\/ranoja-Logo.png","contentUrl":"https:\/\/ranoja.ee\/wp-content\/uploads\/2023\/11\/ranoja-Logo.png","width":207,"height":58,"caption":"Ranoja O\u00dc"},"image":{"@id":"https:\/\/ranoja.ee\/#\/schema\/logo\/image\/"},"sameAs":["https:\/\/www.facebook.com\/ranoja.ee","https:\/\/www.instagram.com\/ranoja__\/"]}]}},"_links":{"self":[{"href":"https:\/\/ranoja.ee\/en\/wp-json\/wp\/v2\/product\/23751","targetHints":{"allow":["GET"]}}],"collection":[{"href":"https:\/\/ranoja.ee\/en\/wp-json\/wp\/v2\/product"}],"about":[{"href":"https:\/\/ranoja.ee\/en\/wp-json\/wp\/v2\/types\/product"}],"wp:featuredmedia":[{"embeddable":true,"href":"https:\/\/ranoja.ee\/en\/wp-json\/wp\/v2\/media\/56253"}],"wp:attachment":[{"href":"https:\/\/ranoja.ee\/en\/wp-json\/wp\/v2\/media?parent=23751"}],"wp:term":[{"taxonomy":"product_cat","embeddable":true,"href":"https:\/\/ranoja.ee\/en\/wp-json\/wp\/v2\/product_cat?post=23751"},{"taxonomy":"product_tag","embeddable":true,"href":"https:\/\/ranoja.ee\/en\/wp-json\/wp\/v2\/product_tag?post=23751"}],"curies":[{"name":"wp","href":"https:\/\/api.w.org\/{rel}","templated":true}]}}