{"id":23727,"date":"2025-11-18T17:02:04","date_gmt":"2025-11-18T14:02:04","guid":{"rendered":"https:\/\/ranoja.ee\/?post_type=product&#038;p=23727"},"modified":"2026-03-06T18:24:09","modified_gmt":"2026-03-06T15:24:09","slug":"dewalt-dcb104-qw-neljane-akulaadija","status":"publish","type":"product","link":"https:\/\/ranoja.ee\/en\/toode\/dewalt-dcb104-qw-neljane-akulaadija\/","title":{"rendered":"DeWALT DCB104-QW neljane akulaadija"},"content":{"rendered":"<p>DeWALT DCB104-QW neljane akulaadija<\/p>\n<p>V\u00f5imas ja t\u00f6\u00f6kindel neljane akulaadija, mis on loodud professionaalsete t\u00f6\u00f6riistakasutajate vajadusi silmas pidades. Tegemist on mitme pesaga kiirlaadijaga, mis v\u00f5imaldab laadida kuni nelja akut samaaegselt, v\u00e4hendades t\u00f6\u00f6seisakuid ja tagades t\u00f6\u00f6riistade pideva valmisoleku. Laadija sobib DeWALT 12V MAX, 20V MAX ja FLEXVOLT 20\/60V liitiumioonakudele, mist\u00f5ttu on see universaalne lahendus paljudele DeWALT akuseadmetele.<\/p>\n<p>Iga laadimispesa annab kuni 8 amprit laadimisvoolu, mis v\u00f5imaldab akusid kiiresti t\u00e4is laadida. N\u00e4iteks 4 Ah 20V aku v\u00f5ib t\u00e4ituda umbes 40 minutiga ning 6 Ah aku umbes 60 minutiga, mis aitab t\u00f6\u00f6riistu kiiremini uuesti kasutusele v\u00f5tta.<\/p>\n<p>Laadija konstruktsioon on vastupidav ja sobib h\u00e4sti kasutamiseks nii t\u00f6\u00f6kojas kui ka ehitusplatsil. Seadmel on LED-indikaatorid, mis n\u00e4itavad iga aku laadimise olekut, ning korpuses on lahendused juhtme mugavaks hoiustamiseks. Samuti saab laadija kinnitada seinale v\u00f5i DeWALT ToughSystem hoiukastide k\u00fclge, mis muudab selle transportimise ja kasutamise lihtsaks.<\/p>\n<p>Kokkuv\u00f5ttes on DeWALT DCB104-QW praktiline ja t\u00f5hus laadimislahendus kasutajatele, kes t\u00f6\u00f6tavad mitme akuga korraga. T\u00e4nu kiirele laadimiskiirusele, neljale laadimispesale ja laiale \u00fchilduvusele aitab see hoida t\u00f6\u00f6tempo k\u00f5rgel ning tagab, et akud on alati kasutusvalmis.<\/p>\n<p>DeWALT DCB104-QW neljane akulaadija<\/p>\n","protected":false},"excerpt":{"rendered":"<p>DeWALT DCB104-QW neljane akulaadija<br \/>\nToote omadused: 4-pordiline akulaadija<\/p>\n","protected":false},"featured_media":45286,"template":"","meta":{"inline_featured_image":false},"product_cat":[2486],"product_tag":[4296,1309,4297],"class_list":{"0":"post-23727","1":"product","2":"type-product","3":"status-publish","4":"has-post-thumbnail","6":"product_brand-dewalt","7":"product_cat-outlet","8":"product_tag-dcb104","9":"product_tag-dewalt","10":"product_tag-dewalt-dcb104-qw-neljane-akulaadija","12":"first","13":"instock","14":"featured","15":"purchasable","16":"product-type-simple"},"yoast_head":"<!-- This site is optimized with the Yoast SEO plugin v27.4 - https:\/\/yoast.com\/product\/yoast-seo-wordpress\/ -->\n<title>DeWALT DCB104-QW neljane akulaadija<\/title>\n<meta name=\"description\" content=\"DeWALT DCB104-QW neljane akulaadija Laadija konstruktsioon on vastupidav ja sobib h\u00e4sti kasutamiseks nii t\u00f6\u00f6kojas kui ka ehitusplatsil.\" \/>\n<meta name=\"robots\" content=\"index, follow, max-snippet:-1, max-image-preview:large, max-video-preview:-1\" \/>\n<link rel=\"canonical\" href=\"https:\/\/ranoja.ee\/toode\/dewalt-dcb104-qw-neljane-akulaadija\/\" \/>\n<meta property=\"og:locale\" content=\"en_US\" \/>\n<meta property=\"og:type\" content=\"article\" \/>\n<meta property=\"og:title\" content=\"DeWALT DCB104-QW neljane akulaadija\" \/>\n<meta property=\"og:description\" content=\"DeWALT DCB104-QW neljane akulaadija Laadija konstruktsioon on vastupidav ja sobib h\u00e4sti kasutamiseks nii t\u00f6\u00f6kojas kui ka ehitusplatsil.\" \/>\n<meta property=\"og:url\" content=\"https:\/\/ranoja.ee\/toode\/dewalt-dcb104-qw-neljane-akulaadija\/\" \/>\n<meta property=\"og:site_name\" content=\"Ranoja\" \/>\n<meta property=\"article:publisher\" content=\"https:\/\/www.facebook.com\/ranoja.ee\" \/>\n<meta property=\"article:modified_time\" content=\"2026-03-06T15:24:09+00:00\" \/>\n<meta property=\"og:image\" content=\"https:\/\/ranoja.ee\/wp-content\/uploads\/2025\/11\/DeWALT-DCB104-QW-neljane-akulaadija.jpg\" \/>\n\t<meta property=\"og:image:width\" content=\"870\" \/>\n\t<meta property=\"og:image:height\" content=\"870\" \/>\n\t<meta property=\"og:image:type\" content=\"image\/jpeg\" \/>\n<meta name=\"twitter:card\" content=\"summary_large_image\" \/>\n<meta name=\"twitter:label1\" content=\"Est. reading time\" \/>\n\t<meta name=\"twitter:data1\" content=\"2 minutes\" \/>\n<script type=\"application\/ld+json\" class=\"yoast-schema-graph\">{\"@context\":\"https:\\\/\\\/schema.org\",\"@graph\":[{\"@type\":\"WebPage\",\"@id\":\"https:\\\/\\\/ranoja.ee\\\/toode\\\/dewalt-dcb104-qw-neljane-akulaadija\\\/\",\"url\":\"https:\\\/\\\/ranoja.ee\\\/toode\\\/dewalt-dcb104-qw-neljane-akulaadija\\\/\",\"name\":\"DeWALT DCB104-QW neljane akulaadija\",\"isPartOf\":{\"@id\":\"https:\\\/\\\/ranoja.ee\\\/#website\"},\"primaryImageOfPage\":{\"@id\":\"https:\\\/\\\/ranoja.ee\\\/toode\\\/dewalt-dcb104-qw-neljane-akulaadija\\\/#primaryimage\"},\"image\":{\"@id\":\"https:\\\/\\\/ranoja.ee\\\/toode\\\/dewalt-dcb104-qw-neljane-akulaadija\\\/#primaryimage\"},\"thumbnailUrl\":\"https:\\\/\\\/ranoja.ee\\\/wp-content\\\/uploads\\\/2025\\\/11\\\/DeWALT-DCB104-QW-neljane-akulaadija.jpg\",\"datePublished\":\"2025-11-18T14:02:04+00:00\",\"dateModified\":\"2026-03-06T15:24:09+00:00\",\"description\":\"DeWALT DCB104-QW neljane akulaadija Laadija konstruktsioon on vastupidav ja sobib h\u00e4sti kasutamiseks nii t\u00f6\u00f6kojas kui ka ehitusplatsil.\",\"breadcrumb\":{\"@id\":\"https:\\\/\\\/ranoja.ee\\\/toode\\\/dewalt-dcb104-qw-neljane-akulaadija\\\/#breadcrumb\"},\"inLanguage\":\"en-US\",\"potentialAction\":[{\"@type\":\"ReadAction\",\"target\":[\"https:\\\/\\\/ranoja.ee\\\/toode\\\/dewalt-dcb104-qw-neljane-akulaadija\\\/\"]}]},{\"@type\":\"ImageObject\",\"inLanguage\":\"en-US\",\"@id\":\"https:\\\/\\\/ranoja.ee\\\/toode\\\/dewalt-dcb104-qw-neljane-akulaadija\\\/#primaryimage\",\"url\":\"https:\\\/\\\/ranoja.ee\\\/wp-content\\\/uploads\\\/2025\\\/11\\\/DeWALT-DCB104-QW-neljane-akulaadija.jpg\",\"contentUrl\":\"https:\\\/\\\/ranoja.ee\\\/wp-content\\\/uploads\\\/2025\\\/11\\\/DeWALT-DCB104-QW-neljane-akulaadija.jpg\",\"width\":870,\"height\":870,\"caption\":\"DeWALT DCB104-QW neljane akulaadija\"},{\"@type\":\"BreadcrumbList\",\"@id\":\"https:\\\/\\\/ranoja.ee\\\/toode\\\/dewalt-dcb104-qw-neljane-akulaadija\\\/#breadcrumb\",\"itemListElement\":[{\"@type\":\"ListItem\",\"position\":1,\"name\":\"Home\",\"item\":\"https:\\\/\\\/ranoja.ee\\\/\"},{\"@type\":\"ListItem\",\"position\":2,\"name\":\"Shop\",\"item\":\"https:\\\/\\\/ranoja.ee\\\/en\\\/shop\\\/\"},{\"@type\":\"ListItem\",\"position\":3,\"name\":\"DeWALT DCB104-QW neljane akulaadija\"}]},{\"@type\":\"WebSite\",\"@id\":\"https:\\\/\\\/ranoja.ee\\\/#website\",\"url\":\"https:\\\/\\\/ranoja.ee\\\/\",\"name\":\"Ranoja\",\"description\":\"Equipment Shop WooCommerce WordPress Theme for Machine &amp; Tools\",\"publisher\":{\"@id\":\"https:\\\/\\\/ranoja.ee\\\/#organization\"},\"potentialAction\":[{\"@type\":\"SearchAction\",\"target\":{\"@type\":\"EntryPoint\",\"urlTemplate\":\"https:\\\/\\\/ranoja.ee\\\/?s={search_term_string}\"},\"query-input\":{\"@type\":\"PropertyValueSpecification\",\"valueRequired\":true,\"valueName\":\"search_term_string\"}}],\"inLanguage\":\"en-US\"},{\"@type\":\"Organization\",\"@id\":\"https:\\\/\\\/ranoja.ee\\\/#organization\",\"name\":\"Ranoja O\u00dc\",\"url\":\"https:\\\/\\\/ranoja.ee\\\/\",\"logo\":{\"@type\":\"ImageObject\",\"inLanguage\":\"en-US\",\"@id\":\"https:\\\/\\\/ranoja.ee\\\/#\\\/schema\\\/logo\\\/image\\\/\",\"url\":\"https:\\\/\\\/ranoja.ee\\\/wp-content\\\/uploads\\\/2023\\\/11\\\/ranoja-Logo.png\",\"contentUrl\":\"https:\\\/\\\/ranoja.ee\\\/wp-content\\\/uploads\\\/2023\\\/11\\\/ranoja-Logo.png\",\"width\":207,\"height\":58,\"caption\":\"Ranoja O\u00dc\"},\"image\":{\"@id\":\"https:\\\/\\\/ranoja.ee\\\/#\\\/schema\\\/logo\\\/image\\\/\"},\"sameAs\":[\"https:\\\/\\\/www.facebook.com\\\/ranoja.ee\",\"https:\\\/\\\/www.instagram.com\\\/ranoja__\\\/\"]}]}<\/script>\n<!-- \/ Yoast SEO plugin. -->","yoast_head_json":{"title":"DeWALT DCB104-QW neljane akulaadija","description":"DeWALT DCB104-QW neljane akulaadija Laadija konstruktsioon on vastupidav ja sobib h\u00e4sti kasutamiseks nii t\u00f6\u00f6kojas kui ka ehitusplatsil.","robots":{"index":"index","follow":"follow","max-snippet":"max-snippet:-1","max-image-preview":"max-image-preview:large","max-video-preview":"max-video-preview:-1"},"canonical":"https:\/\/ranoja.ee\/toode\/dewalt-dcb104-qw-neljane-akulaadija\/","og_locale":"en_US","og_type":"article","og_title":"DeWALT DCB104-QW neljane akulaadija","og_description":"DeWALT DCB104-QW neljane akulaadija Laadija konstruktsioon on vastupidav ja sobib h\u00e4sti kasutamiseks nii t\u00f6\u00f6kojas kui ka ehitusplatsil.","og_url":"https:\/\/ranoja.ee\/toode\/dewalt-dcb104-qw-neljane-akulaadija\/","og_site_name":"Ranoja","article_publisher":"https:\/\/www.facebook.com\/ranoja.ee","article_modified_time":"2026-03-06T15:24:09+00:00","og_image":[{"width":870,"height":870,"url":"https:\/\/ranoja.ee\/wp-content\/uploads\/2025\/11\/DeWALT-DCB104-QW-neljane-akulaadija.jpg","type":"image\/jpeg"}],"twitter_card":"summary_large_image","twitter_misc":{"Est. reading time":"2 minutes"},"schema":{"@context":"https:\/\/schema.org","@graph":[{"@type":"WebPage","@id":"https:\/\/ranoja.ee\/toode\/dewalt-dcb104-qw-neljane-akulaadija\/","url":"https:\/\/ranoja.ee\/toode\/dewalt-dcb104-qw-neljane-akulaadija\/","name":"DeWALT DCB104-QW neljane akulaadija","isPartOf":{"@id":"https:\/\/ranoja.ee\/#website"},"primaryImageOfPage":{"@id":"https:\/\/ranoja.ee\/toode\/dewalt-dcb104-qw-neljane-akulaadija\/#primaryimage"},"image":{"@id":"https:\/\/ranoja.ee\/toode\/dewalt-dcb104-qw-neljane-akulaadija\/#primaryimage"},"thumbnailUrl":"https:\/\/ranoja.ee\/wp-content\/uploads\/2025\/11\/DeWALT-DCB104-QW-neljane-akulaadija.jpg","datePublished":"2025-11-18T14:02:04+00:00","dateModified":"2026-03-06T15:24:09+00:00","description":"DeWALT DCB104-QW neljane akulaadija Laadija konstruktsioon on vastupidav ja sobib h\u00e4sti kasutamiseks nii t\u00f6\u00f6kojas kui ka ehitusplatsil.","breadcrumb":{"@id":"https:\/\/ranoja.ee\/toode\/dewalt-dcb104-qw-neljane-akulaadija\/#breadcrumb"},"inLanguage":"en-US","potentialAction":[{"@type":"ReadAction","target":["https:\/\/ranoja.ee\/toode\/dewalt-dcb104-qw-neljane-akulaadija\/"]}]},{"@type":"ImageObject","inLanguage":"en-US","@id":"https:\/\/ranoja.ee\/toode\/dewalt-dcb104-qw-neljane-akulaadija\/#primaryimage","url":"https:\/\/ranoja.ee\/wp-content\/uploads\/2025\/11\/DeWALT-DCB104-QW-neljane-akulaadija.jpg","contentUrl":"https:\/\/ranoja.ee\/wp-content\/uploads\/2025\/11\/DeWALT-DCB104-QW-neljane-akulaadija.jpg","width":870,"height":870,"caption":"DeWALT DCB104-QW neljane akulaadija"},{"@type":"BreadcrumbList","@id":"https:\/\/ranoja.ee\/toode\/dewalt-dcb104-qw-neljane-akulaadija\/#breadcrumb","itemListElement":[{"@type":"ListItem","position":1,"name":"Home","item":"https:\/\/ranoja.ee\/"},{"@type":"ListItem","position":2,"name":"Shop","item":"https:\/\/ranoja.ee\/en\/shop\/"},{"@type":"ListItem","position":3,"name":"DeWALT DCB104-QW neljane akulaadija"}]},{"@type":"WebSite","@id":"https:\/\/ranoja.ee\/#website","url":"https:\/\/ranoja.ee\/","name":"Ranoja","description":"Equipment Shop WooCommerce WordPress Theme for Machine &amp; Tools","publisher":{"@id":"https:\/\/ranoja.ee\/#organization"},"potentialAction":[{"@type":"SearchAction","target":{"@type":"EntryPoint","urlTemplate":"https:\/\/ranoja.ee\/?s={search_term_string}"},"query-input":{"@type":"PropertyValueSpecification","valueRequired":true,"valueName":"search_term_string"}}],"inLanguage":"en-US"},{"@type":"Organization","@id":"https:\/\/ranoja.ee\/#organization","name":"Ranoja O\u00dc","url":"https:\/\/ranoja.ee\/","logo":{"@type":"ImageObject","inLanguage":"en-US","@id":"https:\/\/ranoja.ee\/#\/schema\/logo\/image\/","url":"https:\/\/ranoja.ee\/wp-content\/uploads\/2023\/11\/ranoja-Logo.png","contentUrl":"https:\/\/ranoja.ee\/wp-content\/uploads\/2023\/11\/ranoja-Logo.png","width":207,"height":58,"caption":"Ranoja O\u00dc"},"image":{"@id":"https:\/\/ranoja.ee\/#\/schema\/logo\/image\/"},"sameAs":["https:\/\/www.facebook.com\/ranoja.ee","https:\/\/www.instagram.com\/ranoja__\/"]}]}},"_links":{"self":[{"href":"https:\/\/ranoja.ee\/en\/wp-json\/wp\/v2\/product\/23727","targetHints":{"allow":["GET"]}}],"collection":[{"href":"https:\/\/ranoja.ee\/en\/wp-json\/wp\/v2\/product"}],"about":[{"href":"https:\/\/ranoja.ee\/en\/wp-json\/wp\/v2\/types\/product"}],"wp:featuredmedia":[{"embeddable":true,"href":"https:\/\/ranoja.ee\/en\/wp-json\/wp\/v2\/media\/45286"}],"wp:attachment":[{"href":"https:\/\/ranoja.ee\/en\/wp-json\/wp\/v2\/media?parent=23727"}],"wp:term":[{"taxonomy":"product_cat","embeddable":true,"href":"https:\/\/ranoja.ee\/en\/wp-json\/wp\/v2\/product_cat?post=23727"},{"taxonomy":"product_tag","embeddable":true,"href":"https:\/\/ranoja.ee\/en\/wp-json\/wp\/v2\/product_tag?post=23727"}],"curies":[{"name":"wp","href":"https:\/\/api.w.org\/{rel}","templated":true}]}}