{"id":23724,"date":"2025-11-18T17:02:04","date_gmt":"2025-11-18T14:02:04","guid":{"rendered":"https:\/\/ranoja.ee\/?post_type=product&#038;p=23724"},"modified":"2026-03-11T16:03:53","modified_gmt":"2026-03-11T13:03:53","slug":"bosch-ampertangid-gfm-1000-15-2-x-1-5v-aa","status":"publish","type":"product","link":"https:\/\/ranoja.ee\/en\/toode\/bosch-ampertangid-gfm-1000-15-2-x-1-5v-aa\/","title":{"rendered":"Bosch ampertangid GFM 1000-15 2 x 1.5V AA"},"content":{"rendered":"<p>Bosch ampertangid GFM 1000-15 2 x 1.5V AA<\/p>\n<p>Ampertangid on professionaalne elektrim\u00f5\u00f5teriist, mis on m\u00f5eldud elektrikutele, hooldustehnikutele ja teistele spetsialistidele, kes peavad kiiresti ja t\u00e4pselt kontrollima elektrivoolu ning pinget. Tegemist on nn \u201cfork meter\u201d t\u00fc\u00fcpi m\u00f5\u00f5teriistaga, mille avatud l\u00f5uaga konstruktsioon v\u00f5imaldab m\u00f5\u00f5ta voolu juhtme \u00fcmbert ilma vooluahelat katkestamata. See teeb m\u00f5\u00f5tmise mugavaks ja kiiremaks n\u00e4iteks elektrikilpides v\u00f5i kitsastes paigalduskohtades.<\/p>\n<p>Seade suudab m\u00f5\u00f5ta vahelduvvoolu kuni 200 amprit ning AC- ja DC-pinget kuni 1000 volti. Lisaks voolu ja pinge m\u00f5\u00f5tmisele v\u00f5imaldab see kontrollida ka takistust, sagedust ning juhtmete j\u00e4rjepidevust. T\u00e4nu True RMS m\u00f5\u00f5tmistehnoloogiale on tulemused t\u00e4psed ka keerukamate elektrisignaalide korral. See muudab seadme sobivaks nii paigaldust\u00f6\u00f6deks, hoolduseks kui ka rikete diagnoosimiseks.<\/p>\n<p>Bosch GFM 1000-15 on loodud kasutamiseks keerulistes t\u00f6\u00f6tingimustes. Seadmel on IP54 kaitseklass, mis t\u00e4hendab, et see on kaitstud tolmu ja pritsiva vee eest. Vastupidav konstruktsioon talub ka kukkumisi kuni umbes kahe meetri k\u00f5rguselt, mis on oluline ehitusplatsil v\u00f5i t\u00f6\u00f6stuskeskkonnas t\u00f6\u00f6tamisel. Ergonoomiline k\u00e4epide aitab t\u00f6\u00f6riista mugavalt k\u00e4es hoida ka pikema kasutamise ajal.<\/p>\n<p>Lisafunktsioonide hulka kuuluvad n\u00e4iteks kontaktivaba pinge tuvastus (NCV), sisseehitatud taskulamp ja helisignaaliga m\u00e4rguanded, mis muudavad t\u00f6\u00f6 ohutumaks ja lihtsamaks. Selge LCD-ekraan v\u00f5imaldab m\u00f5\u00f5tetulemusi kiiresti lugeda ka h\u00e4maras keskkonnas.<\/p>\n<p>Seade t\u00f6\u00f6tab kahe 1.5-voldise AA patareiga, mis tagavad pika t\u00f6\u00f6aja ning on kergesti vahetatavad. Kokkuv\u00f5ttes on Bosch GFM 1000-15 mitmek\u00fclgne ja t\u00f6\u00f6kindel ampertangide t\u00fc\u00fcpi m\u00f5\u00f5teriist, mis sobib h\u00e4sti professionaalseks kasutamiseks elektripaigalduses, hoolduses ja diagnostikas.<\/p>\n<p>Bosch ampertangid GFM 1000-15 2 x 1.5V AA<\/p>\n","protected":false},"excerpt":{"rendered":"<p>Bosch ampertangid GFM 1000-15 2 x 1.5V AA<br \/>\nVahelduvpinge resolutsioon: 1 V<br \/>\nVahelduvvoolu pinge t\u00e4psus: \u00b1 1.5 % + 5<br \/>\nVahelduvvool: 200 A<br \/>\nVahelduvvoolu resolutsioon: 0.1 A<br \/>\nVahelduvvoolu t\u00e4psus: \u00b1 3.0 % + 3<br \/>\nAlalispinge: 1000 V<br \/>\nAlalispinge resolutsioon: 1 V<br \/>\nAlalispinge t\u00e4psus: \u00b1 1.0 % + 2<br \/>\nTakistuse m\u00f5\u00f5tepiirkond: 60 M\u03a9<br \/>\nTakistuse resolutsioon: 0.01 millioomi<br \/>\nTakistuse t\u00e4psus: \u00b1 2.0 % + 5<br \/>\nPidevus: Jah<br \/>\nJ\u00e4rjepidevuse resolutsioon: 0.1 \u03a9<br \/>\nJ\u00e4rjepidevuse t\u00e4psus: \u00b11.0 % + 5<br \/>\nJ\u00e4rjepidevuse vahemik: 0 \u03a9<br \/>\nSageduse m\u00f5\u00f5tepiirkond: 10 Hz &#8211; 50 kHz<br \/>\nSageduse resolutsioon: 0.01 kHz<br \/>\nSageduse t\u00e4psus: \u00b1 0.1 % + 2<br \/>\nMadal sisendn\u00e4ivtakistus (LoZ): 1000 V<br \/>\nIP-kaitse: IP54<br \/>\nTegelik RMS: Jah<br \/>\nOhutusklass: CAT IV 600 V \/ CAT III 1000 V<br \/>\nEkraani t\u00fc\u00fcp: LCD, p\u00f6\u00f6ratud<br \/>\nNCV m\u00f5\u00f5t: Jah<br \/>\nTaskulambi funktsioon: Jah<br \/>\nHeliga m\u00e4rguanne: Jah<br \/>\n<strong>Eeldatav tarneaeg 1-7 t\u00f6\u00f6p\u00e4eva<\/strong><\/p>\n","protected":false},"featured_media":56248,"template":"","meta":{"inline_featured_image":false},"product_cat":[2486],"product_tag":[4574,1310,4573,4575,4576],"class_list":{"0":"post-23724","1":"product","2":"type-product","3":"status-publish","4":"has-post-thumbnail","6":"product_brand-bosch","7":"product_cat-outlet","8":"product_tag-ampertangid","9":"product_tag-bosch","10":"product_tag-bosch-ampertangid-gfm-1000-15-2-x-1-5v-aa","11":"product_tag-gfm-1000-15","12":"product_tag-gfm100015","14":"first","15":"instock","16":"purchasable","17":"product-type-simple"},"yoast_head":"<!-- This site is optimized with the Yoast SEO plugin v27.4 - https:\/\/yoast.com\/product\/yoast-seo-wordpress\/ -->\n<title>Bosch ampertangid GFM 1000-15 2 x 1.5V AA<\/title>\n<meta name=\"description\" content=\"Bosch ampertangid GFM 1000-15 2 x 1.5V AA Ergonoomiline k\u00e4epide aitab t\u00f6\u00f6riista mugavalt k\u00e4es hoida ka pikema kasutamise ajal.\" \/>\n<meta name=\"robots\" content=\"index, follow, max-snippet:-1, max-image-preview:large, max-video-preview:-1\" \/>\n<link rel=\"canonical\" href=\"https:\/\/ranoja.ee\/toode\/bosch-ampertangid-gfm-1000-15-2-x-1-5v-aa\/\" \/>\n<meta property=\"og:locale\" content=\"en_US\" \/>\n<meta property=\"og:type\" content=\"article\" \/>\n<meta property=\"og:title\" content=\"Bosch ampertangid GFM 1000-15 2 x 1.5V AA\" \/>\n<meta property=\"og:description\" content=\"Bosch ampertangid GFM 1000-15 2 x 1.5V AA Ergonoomiline k\u00e4epide aitab t\u00f6\u00f6riista mugavalt k\u00e4es hoida ka pikema kasutamise ajal.\" \/>\n<meta property=\"og:url\" content=\"https:\/\/ranoja.ee\/toode\/bosch-ampertangid-gfm-1000-15-2-x-1-5v-aa\/\" \/>\n<meta property=\"og:site_name\" content=\"Ranoja\" \/>\n<meta property=\"article:publisher\" content=\"https:\/\/www.facebook.com\/ranoja.ee\" \/>\n<meta property=\"article:modified_time\" content=\"2026-03-11T13:03:53+00:00\" \/>\n<meta property=\"og:image\" content=\"https:\/\/ranoja.ee\/wp-content\/uploads\/2025\/11\/47.jpg\" \/>\n\t<meta property=\"og:image:width\" content=\"500\" \/>\n\t<meta property=\"og:image:height\" content=\"393\" \/>\n\t<meta property=\"og:image:type\" content=\"image\/jpeg\" \/>\n<meta name=\"twitter:card\" content=\"summary_large_image\" \/>\n<meta name=\"twitter:label1\" content=\"Est. reading time\" \/>\n\t<meta name=\"twitter:data1\" content=\"2 minutes\" \/>\n<script type=\"application\/ld+json\" class=\"yoast-schema-graph\">{\"@context\":\"https:\\\/\\\/schema.org\",\"@graph\":[{\"@type\":\"WebPage\",\"@id\":\"https:\\\/\\\/ranoja.ee\\\/toode\\\/bosch-ampertangid-gfm-1000-15-2-x-1-5v-aa\\\/\",\"url\":\"https:\\\/\\\/ranoja.ee\\\/toode\\\/bosch-ampertangid-gfm-1000-15-2-x-1-5v-aa\\\/\",\"name\":\"Bosch ampertangid GFM 1000-15 2 x 1.5V AA\",\"isPartOf\":{\"@id\":\"https:\\\/\\\/ranoja.ee\\\/#website\"},\"primaryImageOfPage\":{\"@id\":\"https:\\\/\\\/ranoja.ee\\\/toode\\\/bosch-ampertangid-gfm-1000-15-2-x-1-5v-aa\\\/#primaryimage\"},\"image\":{\"@id\":\"https:\\\/\\\/ranoja.ee\\\/toode\\\/bosch-ampertangid-gfm-1000-15-2-x-1-5v-aa\\\/#primaryimage\"},\"thumbnailUrl\":\"https:\\\/\\\/ranoja.ee\\\/wp-content\\\/uploads\\\/2025\\\/11\\\/47.jpg\",\"datePublished\":\"2025-11-18T14:02:04+00:00\",\"dateModified\":\"2026-03-11T13:03:53+00:00\",\"description\":\"Bosch ampertangid GFM 1000-15 2 x 1.5V AA Ergonoomiline k\u00e4epide aitab t\u00f6\u00f6riista mugavalt k\u00e4es hoida ka pikema kasutamise ajal.\",\"breadcrumb\":{\"@id\":\"https:\\\/\\\/ranoja.ee\\\/toode\\\/bosch-ampertangid-gfm-1000-15-2-x-1-5v-aa\\\/#breadcrumb\"},\"inLanguage\":\"en-US\",\"potentialAction\":[{\"@type\":\"ReadAction\",\"target\":[\"https:\\\/\\\/ranoja.ee\\\/toode\\\/bosch-ampertangid-gfm-1000-15-2-x-1-5v-aa\\\/\"]}]},{\"@type\":\"ImageObject\",\"inLanguage\":\"en-US\",\"@id\":\"https:\\\/\\\/ranoja.ee\\\/toode\\\/bosch-ampertangid-gfm-1000-15-2-x-1-5v-aa\\\/#primaryimage\",\"url\":\"https:\\\/\\\/ranoja.ee\\\/wp-content\\\/uploads\\\/2025\\\/11\\\/47.jpg\",\"contentUrl\":\"https:\\\/\\\/ranoja.ee\\\/wp-content\\\/uploads\\\/2025\\\/11\\\/47.jpg\",\"width\":500,\"height\":393,\"caption\":\"Bosch ampertangid GFM 1000-15 2 x 1.5V AA\"},{\"@type\":\"BreadcrumbList\",\"@id\":\"https:\\\/\\\/ranoja.ee\\\/toode\\\/bosch-ampertangid-gfm-1000-15-2-x-1-5v-aa\\\/#breadcrumb\",\"itemListElement\":[{\"@type\":\"ListItem\",\"position\":1,\"name\":\"Home\",\"item\":\"https:\\\/\\\/ranoja.ee\\\/\"},{\"@type\":\"ListItem\",\"position\":2,\"name\":\"Shop\",\"item\":\"https:\\\/\\\/ranoja.ee\\\/en\\\/shop\\\/\"},{\"@type\":\"ListItem\",\"position\":3,\"name\":\"Bosch ampertangid GFM 1000-15 2 x 1.5V AA\"}]},{\"@type\":\"WebSite\",\"@id\":\"https:\\\/\\\/ranoja.ee\\\/#website\",\"url\":\"https:\\\/\\\/ranoja.ee\\\/\",\"name\":\"Ranoja\",\"description\":\"Equipment Shop WooCommerce WordPress Theme for Machine &amp; Tools\",\"publisher\":{\"@id\":\"https:\\\/\\\/ranoja.ee\\\/#organization\"},\"potentialAction\":[{\"@type\":\"SearchAction\",\"target\":{\"@type\":\"EntryPoint\",\"urlTemplate\":\"https:\\\/\\\/ranoja.ee\\\/?s={search_term_string}\"},\"query-input\":{\"@type\":\"PropertyValueSpecification\",\"valueRequired\":true,\"valueName\":\"search_term_string\"}}],\"inLanguage\":\"en-US\"},{\"@type\":\"Organization\",\"@id\":\"https:\\\/\\\/ranoja.ee\\\/#organization\",\"name\":\"Ranoja O\u00dc\",\"url\":\"https:\\\/\\\/ranoja.ee\\\/\",\"logo\":{\"@type\":\"ImageObject\",\"inLanguage\":\"en-US\",\"@id\":\"https:\\\/\\\/ranoja.ee\\\/#\\\/schema\\\/logo\\\/image\\\/\",\"url\":\"https:\\\/\\\/ranoja.ee\\\/wp-content\\\/uploads\\\/2023\\\/11\\\/ranoja-Logo.png\",\"contentUrl\":\"https:\\\/\\\/ranoja.ee\\\/wp-content\\\/uploads\\\/2023\\\/11\\\/ranoja-Logo.png\",\"width\":207,\"height\":58,\"caption\":\"Ranoja O\u00dc\"},\"image\":{\"@id\":\"https:\\\/\\\/ranoja.ee\\\/#\\\/schema\\\/logo\\\/image\\\/\"},\"sameAs\":[\"https:\\\/\\\/www.facebook.com\\\/ranoja.ee\",\"https:\\\/\\\/www.instagram.com\\\/ranoja__\\\/\"]}]}<\/script>\n<!-- \/ Yoast SEO plugin. -->","yoast_head_json":{"title":"Bosch ampertangid GFM 1000-15 2 x 1.5V AA","description":"Bosch ampertangid GFM 1000-15 2 x 1.5V AA Ergonoomiline k\u00e4epide aitab t\u00f6\u00f6riista mugavalt k\u00e4es hoida ka pikema kasutamise ajal.","robots":{"index":"index","follow":"follow","max-snippet":"max-snippet:-1","max-image-preview":"max-image-preview:large","max-video-preview":"max-video-preview:-1"},"canonical":"https:\/\/ranoja.ee\/toode\/bosch-ampertangid-gfm-1000-15-2-x-1-5v-aa\/","og_locale":"en_US","og_type":"article","og_title":"Bosch ampertangid GFM 1000-15 2 x 1.5V AA","og_description":"Bosch ampertangid GFM 1000-15 2 x 1.5V AA Ergonoomiline k\u00e4epide aitab t\u00f6\u00f6riista mugavalt k\u00e4es hoida ka pikema kasutamise ajal.","og_url":"https:\/\/ranoja.ee\/toode\/bosch-ampertangid-gfm-1000-15-2-x-1-5v-aa\/","og_site_name":"Ranoja","article_publisher":"https:\/\/www.facebook.com\/ranoja.ee","article_modified_time":"2026-03-11T13:03:53+00:00","og_image":[{"width":500,"height":393,"url":"https:\/\/ranoja.ee\/wp-content\/uploads\/2025\/11\/47.jpg","type":"image\/jpeg"}],"twitter_card":"summary_large_image","twitter_misc":{"Est. reading time":"2 minutes"},"schema":{"@context":"https:\/\/schema.org","@graph":[{"@type":"WebPage","@id":"https:\/\/ranoja.ee\/toode\/bosch-ampertangid-gfm-1000-15-2-x-1-5v-aa\/","url":"https:\/\/ranoja.ee\/toode\/bosch-ampertangid-gfm-1000-15-2-x-1-5v-aa\/","name":"Bosch ampertangid GFM 1000-15 2 x 1.5V AA","isPartOf":{"@id":"https:\/\/ranoja.ee\/#website"},"primaryImageOfPage":{"@id":"https:\/\/ranoja.ee\/toode\/bosch-ampertangid-gfm-1000-15-2-x-1-5v-aa\/#primaryimage"},"image":{"@id":"https:\/\/ranoja.ee\/toode\/bosch-ampertangid-gfm-1000-15-2-x-1-5v-aa\/#primaryimage"},"thumbnailUrl":"https:\/\/ranoja.ee\/wp-content\/uploads\/2025\/11\/47.jpg","datePublished":"2025-11-18T14:02:04+00:00","dateModified":"2026-03-11T13:03:53+00:00","description":"Bosch ampertangid GFM 1000-15 2 x 1.5V AA Ergonoomiline k\u00e4epide aitab t\u00f6\u00f6riista mugavalt k\u00e4es hoida ka pikema kasutamise ajal.","breadcrumb":{"@id":"https:\/\/ranoja.ee\/toode\/bosch-ampertangid-gfm-1000-15-2-x-1-5v-aa\/#breadcrumb"},"inLanguage":"en-US","potentialAction":[{"@type":"ReadAction","target":["https:\/\/ranoja.ee\/toode\/bosch-ampertangid-gfm-1000-15-2-x-1-5v-aa\/"]}]},{"@type":"ImageObject","inLanguage":"en-US","@id":"https:\/\/ranoja.ee\/toode\/bosch-ampertangid-gfm-1000-15-2-x-1-5v-aa\/#primaryimage","url":"https:\/\/ranoja.ee\/wp-content\/uploads\/2025\/11\/47.jpg","contentUrl":"https:\/\/ranoja.ee\/wp-content\/uploads\/2025\/11\/47.jpg","width":500,"height":393,"caption":"Bosch ampertangid GFM 1000-15 2 x 1.5V AA"},{"@type":"BreadcrumbList","@id":"https:\/\/ranoja.ee\/toode\/bosch-ampertangid-gfm-1000-15-2-x-1-5v-aa\/#breadcrumb","itemListElement":[{"@type":"ListItem","position":1,"name":"Home","item":"https:\/\/ranoja.ee\/"},{"@type":"ListItem","position":2,"name":"Shop","item":"https:\/\/ranoja.ee\/en\/shop\/"},{"@type":"ListItem","position":3,"name":"Bosch ampertangid GFM 1000-15 2 x 1.5V AA"}]},{"@type":"WebSite","@id":"https:\/\/ranoja.ee\/#website","url":"https:\/\/ranoja.ee\/","name":"Ranoja","description":"Equipment Shop WooCommerce WordPress Theme for Machine &amp; Tools","publisher":{"@id":"https:\/\/ranoja.ee\/#organization"},"potentialAction":[{"@type":"SearchAction","target":{"@type":"EntryPoint","urlTemplate":"https:\/\/ranoja.ee\/?s={search_term_string}"},"query-input":{"@type":"PropertyValueSpecification","valueRequired":true,"valueName":"search_term_string"}}],"inLanguage":"en-US"},{"@type":"Organization","@id":"https:\/\/ranoja.ee\/#organization","name":"Ranoja O\u00dc","url":"https:\/\/ranoja.ee\/","logo":{"@type":"ImageObject","inLanguage":"en-US","@id":"https:\/\/ranoja.ee\/#\/schema\/logo\/image\/","url":"https:\/\/ranoja.ee\/wp-content\/uploads\/2023\/11\/ranoja-Logo.png","contentUrl":"https:\/\/ranoja.ee\/wp-content\/uploads\/2023\/11\/ranoja-Logo.png","width":207,"height":58,"caption":"Ranoja O\u00dc"},"image":{"@id":"https:\/\/ranoja.ee\/#\/schema\/logo\/image\/"},"sameAs":["https:\/\/www.facebook.com\/ranoja.ee","https:\/\/www.instagram.com\/ranoja__\/"]}]}},"_links":{"self":[{"href":"https:\/\/ranoja.ee\/en\/wp-json\/wp\/v2\/product\/23724","targetHints":{"allow":["GET"]}}],"collection":[{"href":"https:\/\/ranoja.ee\/en\/wp-json\/wp\/v2\/product"}],"about":[{"href":"https:\/\/ranoja.ee\/en\/wp-json\/wp\/v2\/types\/product"}],"wp:featuredmedia":[{"embeddable":true,"href":"https:\/\/ranoja.ee\/en\/wp-json\/wp\/v2\/media\/56248"}],"wp:attachment":[{"href":"https:\/\/ranoja.ee\/en\/wp-json\/wp\/v2\/media?parent=23724"}],"wp:term":[{"taxonomy":"product_cat","embeddable":true,"href":"https:\/\/ranoja.ee\/en\/wp-json\/wp\/v2\/product_cat?post=23724"},{"taxonomy":"product_tag","embeddable":true,"href":"https:\/\/ranoja.ee\/en\/wp-json\/wp\/v2\/product_tag?post=23724"}],"curies":[{"name":"wp","href":"https:\/\/api.w.org\/{rel}","templated":true}]}}