{"id":23713,"date":"2025-11-14T18:16:44","date_gmt":"2025-11-14T15:16:44","guid":{"rendered":"https:\/\/ranoja.ee\/?post_type=product&#038;p=23713"},"modified":"2025-12-12T15:50:54","modified_gmt":"2025-12-12T12:50:54","slug":"bullpro-led-tootuli-2500-lm","status":"publish","type":"product","link":"https:\/\/ranoja.ee\/en\/toode\/bullpro-led-tootuli-2500-lm\/","title":{"rendered":"BULLPRO LED t\u00f6\u00f6tuli 2500 lm"},"content":{"rendered":"<p>BULLPRO LED t\u00f6\u00f6tuli 2500 lm<\/p>\n<p>LED-tuli, mis on m\u00f5eldud eriti n\u00f5udlikuks kasutamiseks. N\u00e4iteks ehitus- v\u00f5i p\u00f5llumajandusmasinatel, t\u00f6\u00f6konteinerites v\u00f5i muudes kohtades, kus oluline on tugev ja lai valgustus. Toide t\u00f6\u00f6tab vahemikus 9\u201348 V, mis annab paindlikkuse nii v\u00e4iksema kui suurema t\u00f6\u00f6s\u00f5iduki elektris\u00fcsteemidega.<\/p>\n<p>Selles valgustis kasutatakse 4 \u00d7 10 W Osram LED-dioodi, mis tagavad kokku ~40 W v\u00f5imsuse. Vastavalt tootja kataloogandmetele on valgusvoog ligikaudu 3000 luumenit, kuid testid on n\u00e4idanud veidi madalamat v\u00e4\u00e4rtust (umbes 2495 lm).<br \/>\nV\u00e4rvitemperatuur on 5000 K, mis annab puhta ja jaheda valge valguse \u2014 sobiv t\u00f6\u00f6aladeks, kus oluline on hea n\u00e4htavus ja kontrastsus. <\/p>\n<p>Valgusti korpus on alumiiniumist, mis aitab h\u00e4sti juhtida soojust ning tagada vastupidavuse vibratsiooni ja mehaanilistele koormustele. Esil\u00e4\u00e4ts on valmistatud vastupidavast materjalist, samuti on kinnitus jalaga, mis v\u00f5imaldab reguleerida tule suunda. Kinnitus on roostevabaterasest. <\/p>\n<p>\u00dchendus toimub integreeritud 2-pin Deutsch DT \u00fchenduse kaudu, mis on tuntud oma t\u00f6\u00f6kindluse ja veekindluse poolest.<br \/>\nKaitseklassiks on IP69K, mis t\u00e4hendab, et valgusti on v\u00e4ga h\u00e4sti kaitstud tolmu ja survevee eest \u2014 sobib karmidesse ilmastikutingimustesse. <\/p>\n<p>BULLPRO LED t\u00f6\u00f6tuli 2500 lm<\/p>\n","protected":false},"excerpt":{"rendered":"<p>BULLPRO LED t\u00f6\u00f6tuli 2500 lm<br \/>\nM\u00f5\u00f5tmed: \u00f8 90 x 75 mm<br \/>\nPinge: 9-48 V<br \/>\nLumenid: 2500 lm<br \/>\nLumenid m\u00f5\u00f5detud: 2100 lm<br \/>\nV\u00e4rvitemperatuur: 5000 K<br \/>\nPistiku t\u00fc\u00fcp: 2-pin DT<br \/>\nKorpuse materjal: Alumiinium<br \/>\nL\u00e4\u00e4tse materjal: Klaas<br \/>\nIP klassifikatsioon: IP69K<br \/>\nKaal: 1 kg<br \/>\n<strong>Tarneaeg 1-7 t\u00f6\u00f6p\u00e4eva<\/strong><\/p>\n","protected":false},"featured_media":23716,"template":"","meta":{"inline_featured_image":false},"product_cat":[1116,1118],"product_tag":[2485,1006,1005,1007,2483,2480,2481,681,683,2473],"class_list":{"0":"post-23713","1":"product","2":"type-product","3":"status-publish","4":"has-post-thumbnail","6":"product_brand-bullpro","7":"product_cat-lisaseadmed-ehitusseadmed-led-lisatuled-cb-raadiod-lallar","8":"product_cat-tootuled","9":"product_tag-1603-300272","10":"product_tag-1605-n8k200","11":"product_tag-1605-n8k500","12":"product_tag-1605-n8k501","13":"product_tag-1605-n8k502","14":"product_tag-1605-n8k503","15":"product_tag-1605-n8k800","16":"product_tag-bullpro","17":"product_tag-led-tootuli","18":"product_tag-too-tuli","20":"first","21":"instock","22":"sale","23":"taxable","24":"shipping-taxable","25":"purchasable","26":"product-type-simple"},"yoast_head":"<!-- This site is optimized with the Yoast SEO plugin v27.4 - https:\/\/yoast.com\/product\/yoast-seo-wordpress\/ -->\n<title>BULLPRO LED t\u00f6\u00f6tuli 2500 lm<\/title>\n<meta name=\"description\" content=\"BULLPRO LED t\u00f6\u00f6tuli 2500 lm Toide t\u00f6\u00f6tab vahemikus 9\u201348 V, mis annab paindlikkuse nii v\u00e4iksema kui suurema t\u00f6\u00f6s\u00f5iduki elektris\u00fcsteemidega.\" \/>\n<meta name=\"robots\" content=\"index, follow, max-snippet:-1, max-image-preview:large, max-video-preview:-1\" \/>\n<link rel=\"canonical\" href=\"https:\/\/ranoja.ee\/toode\/bullpro-led-tootuli-2500-lm\/\" \/>\n<meta property=\"og:locale\" content=\"en_US\" \/>\n<meta property=\"og:type\" content=\"article\" \/>\n<meta property=\"og:title\" content=\"BULLPRO LED t\u00f6\u00f6tuli 2500 lm\" \/>\n<meta property=\"og:description\" content=\"BULLPRO LED t\u00f6\u00f6tuli 2500 lm Toide t\u00f6\u00f6tab vahemikus 9\u201348 V, mis annab paindlikkuse nii v\u00e4iksema kui suurema t\u00f6\u00f6s\u00f5iduki elektris\u00fcsteemidega.\" \/>\n<meta property=\"og:url\" content=\"https:\/\/ranoja.ee\/toode\/bullpro-led-tootuli-2500-lm\/\" \/>\n<meta property=\"og:site_name\" content=\"Ranoja\" \/>\n<meta property=\"article:publisher\" content=\"https:\/\/www.facebook.com\/ranoja.ee\" \/>\n<meta property=\"article:modified_time\" content=\"2025-12-12T12:50:54+00:00\" \/>\n<meta property=\"og:image\" content=\"https:\/\/ranoja.ee\/wp-content\/uploads\/2025\/11\/BULLPRO-LED-tootuli-2500-lm.jpg\" \/>\n\t<meta property=\"og:image:width\" content=\"800\" \/>\n\t<meta property=\"og:image:height\" content=\"600\" \/>\n\t<meta property=\"og:image:type\" content=\"image\/jpeg\" \/>\n<meta name=\"twitter:card\" content=\"summary_large_image\" \/>\n<meta name=\"twitter:label1\" content=\"Est. reading time\" \/>\n\t<meta name=\"twitter:data1\" content=\"2 minutes\" \/>\n<script type=\"application\/ld+json\" class=\"yoast-schema-graph\">{\"@context\":\"https:\\\/\\\/schema.org\",\"@graph\":[{\"@type\":\"WebPage\",\"@id\":\"https:\\\/\\\/ranoja.ee\\\/toode\\\/bullpro-led-tootuli-2500-lm\\\/\",\"url\":\"https:\\\/\\\/ranoja.ee\\\/toode\\\/bullpro-led-tootuli-2500-lm\\\/\",\"name\":\"BULLPRO LED t\u00f6\u00f6tuli 2500 lm\",\"isPartOf\":{\"@id\":\"https:\\\/\\\/ranoja.ee\\\/#website\"},\"primaryImageOfPage\":{\"@id\":\"https:\\\/\\\/ranoja.ee\\\/toode\\\/bullpro-led-tootuli-2500-lm\\\/#primaryimage\"},\"image\":{\"@id\":\"https:\\\/\\\/ranoja.ee\\\/toode\\\/bullpro-led-tootuli-2500-lm\\\/#primaryimage\"},\"thumbnailUrl\":\"https:\\\/\\\/ranoja.ee\\\/wp-content\\\/uploads\\\/2025\\\/11\\\/BULLPRO-LED-tootuli-2500-lm.jpg\",\"datePublished\":\"2025-11-14T15:16:44+00:00\",\"dateModified\":\"2025-12-12T12:50:54+00:00\",\"description\":\"BULLPRO LED t\u00f6\u00f6tuli 2500 lm Toide t\u00f6\u00f6tab vahemikus 9\u201348 V, mis annab paindlikkuse nii v\u00e4iksema kui suurema t\u00f6\u00f6s\u00f5iduki elektris\u00fcsteemidega.\",\"breadcrumb\":{\"@id\":\"https:\\\/\\\/ranoja.ee\\\/toode\\\/bullpro-led-tootuli-2500-lm\\\/#breadcrumb\"},\"inLanguage\":\"en-US\",\"potentialAction\":[{\"@type\":\"ReadAction\",\"target\":[\"https:\\\/\\\/ranoja.ee\\\/toode\\\/bullpro-led-tootuli-2500-lm\\\/\"]}]},{\"@type\":\"ImageObject\",\"inLanguage\":\"en-US\",\"@id\":\"https:\\\/\\\/ranoja.ee\\\/toode\\\/bullpro-led-tootuli-2500-lm\\\/#primaryimage\",\"url\":\"https:\\\/\\\/ranoja.ee\\\/wp-content\\\/uploads\\\/2025\\\/11\\\/BULLPRO-LED-tootuli-2500-lm.jpg\",\"contentUrl\":\"https:\\\/\\\/ranoja.ee\\\/wp-content\\\/uploads\\\/2025\\\/11\\\/BULLPRO-LED-tootuli-2500-lm.jpg\",\"width\":800,\"height\":600,\"caption\":\"BULLPRO LED t\u00f6\u00f6tuli 2500 lm\"},{\"@type\":\"BreadcrumbList\",\"@id\":\"https:\\\/\\\/ranoja.ee\\\/toode\\\/bullpro-led-tootuli-2500-lm\\\/#breadcrumb\",\"itemListElement\":[{\"@type\":\"ListItem\",\"position\":1,\"name\":\"Home\",\"item\":\"https:\\\/\\\/ranoja.ee\\\/\"},{\"@type\":\"ListItem\",\"position\":2,\"name\":\"Shop\",\"item\":\"https:\\\/\\\/ranoja.ee\\\/en\\\/shop\\\/\"},{\"@type\":\"ListItem\",\"position\":3,\"name\":\"BULLPRO LED t\u00f6\u00f6tuli 2500 lm\"}]},{\"@type\":\"WebSite\",\"@id\":\"https:\\\/\\\/ranoja.ee\\\/#website\",\"url\":\"https:\\\/\\\/ranoja.ee\\\/\",\"name\":\"Ranoja\",\"description\":\"Equipment Shop WooCommerce WordPress Theme for Machine &amp; Tools\",\"publisher\":{\"@id\":\"https:\\\/\\\/ranoja.ee\\\/#organization\"},\"potentialAction\":[{\"@type\":\"SearchAction\",\"target\":{\"@type\":\"EntryPoint\",\"urlTemplate\":\"https:\\\/\\\/ranoja.ee\\\/?s={search_term_string}\"},\"query-input\":{\"@type\":\"PropertyValueSpecification\",\"valueRequired\":true,\"valueName\":\"search_term_string\"}}],\"inLanguage\":\"en-US\"},{\"@type\":\"Organization\",\"@id\":\"https:\\\/\\\/ranoja.ee\\\/#organization\",\"name\":\"Ranoja O\u00dc\",\"url\":\"https:\\\/\\\/ranoja.ee\\\/\",\"logo\":{\"@type\":\"ImageObject\",\"inLanguage\":\"en-US\",\"@id\":\"https:\\\/\\\/ranoja.ee\\\/#\\\/schema\\\/logo\\\/image\\\/\",\"url\":\"https:\\\/\\\/ranoja.ee\\\/wp-content\\\/uploads\\\/2023\\\/11\\\/ranoja-Logo.png\",\"contentUrl\":\"https:\\\/\\\/ranoja.ee\\\/wp-content\\\/uploads\\\/2023\\\/11\\\/ranoja-Logo.png\",\"width\":207,\"height\":58,\"caption\":\"Ranoja O\u00dc\"},\"image\":{\"@id\":\"https:\\\/\\\/ranoja.ee\\\/#\\\/schema\\\/logo\\\/image\\\/\"},\"sameAs\":[\"https:\\\/\\\/www.facebook.com\\\/ranoja.ee\",\"https:\\\/\\\/www.instagram.com\\\/ranoja__\\\/\"]}]}<\/script>\n<!-- \/ Yoast SEO plugin. -->","yoast_head_json":{"title":"BULLPRO LED t\u00f6\u00f6tuli 2500 lm","description":"BULLPRO LED t\u00f6\u00f6tuli 2500 lm Toide t\u00f6\u00f6tab vahemikus 9\u201348 V, mis annab paindlikkuse nii v\u00e4iksema kui suurema t\u00f6\u00f6s\u00f5iduki elektris\u00fcsteemidega.","robots":{"index":"index","follow":"follow","max-snippet":"max-snippet:-1","max-image-preview":"max-image-preview:large","max-video-preview":"max-video-preview:-1"},"canonical":"https:\/\/ranoja.ee\/toode\/bullpro-led-tootuli-2500-lm\/","og_locale":"en_US","og_type":"article","og_title":"BULLPRO LED t\u00f6\u00f6tuli 2500 lm","og_description":"BULLPRO LED t\u00f6\u00f6tuli 2500 lm Toide t\u00f6\u00f6tab vahemikus 9\u201348 V, mis annab paindlikkuse nii v\u00e4iksema kui suurema t\u00f6\u00f6s\u00f5iduki elektris\u00fcsteemidega.","og_url":"https:\/\/ranoja.ee\/toode\/bullpro-led-tootuli-2500-lm\/","og_site_name":"Ranoja","article_publisher":"https:\/\/www.facebook.com\/ranoja.ee","article_modified_time":"2025-12-12T12:50:54+00:00","og_image":[{"width":800,"height":600,"url":"https:\/\/ranoja.ee\/wp-content\/uploads\/2025\/11\/BULLPRO-LED-tootuli-2500-lm.jpg","type":"image\/jpeg"}],"twitter_card":"summary_large_image","twitter_misc":{"Est. reading time":"2 minutes"},"schema":{"@context":"https:\/\/schema.org","@graph":[{"@type":"WebPage","@id":"https:\/\/ranoja.ee\/toode\/bullpro-led-tootuli-2500-lm\/","url":"https:\/\/ranoja.ee\/toode\/bullpro-led-tootuli-2500-lm\/","name":"BULLPRO LED t\u00f6\u00f6tuli 2500 lm","isPartOf":{"@id":"https:\/\/ranoja.ee\/#website"},"primaryImageOfPage":{"@id":"https:\/\/ranoja.ee\/toode\/bullpro-led-tootuli-2500-lm\/#primaryimage"},"image":{"@id":"https:\/\/ranoja.ee\/toode\/bullpro-led-tootuli-2500-lm\/#primaryimage"},"thumbnailUrl":"https:\/\/ranoja.ee\/wp-content\/uploads\/2025\/11\/BULLPRO-LED-tootuli-2500-lm.jpg","datePublished":"2025-11-14T15:16:44+00:00","dateModified":"2025-12-12T12:50:54+00:00","description":"BULLPRO LED t\u00f6\u00f6tuli 2500 lm Toide t\u00f6\u00f6tab vahemikus 9\u201348 V, mis annab paindlikkuse nii v\u00e4iksema kui suurema t\u00f6\u00f6s\u00f5iduki elektris\u00fcsteemidega.","breadcrumb":{"@id":"https:\/\/ranoja.ee\/toode\/bullpro-led-tootuli-2500-lm\/#breadcrumb"},"inLanguage":"en-US","potentialAction":[{"@type":"ReadAction","target":["https:\/\/ranoja.ee\/toode\/bullpro-led-tootuli-2500-lm\/"]}]},{"@type":"ImageObject","inLanguage":"en-US","@id":"https:\/\/ranoja.ee\/toode\/bullpro-led-tootuli-2500-lm\/#primaryimage","url":"https:\/\/ranoja.ee\/wp-content\/uploads\/2025\/11\/BULLPRO-LED-tootuli-2500-lm.jpg","contentUrl":"https:\/\/ranoja.ee\/wp-content\/uploads\/2025\/11\/BULLPRO-LED-tootuli-2500-lm.jpg","width":800,"height":600,"caption":"BULLPRO LED t\u00f6\u00f6tuli 2500 lm"},{"@type":"BreadcrumbList","@id":"https:\/\/ranoja.ee\/toode\/bullpro-led-tootuli-2500-lm\/#breadcrumb","itemListElement":[{"@type":"ListItem","position":1,"name":"Home","item":"https:\/\/ranoja.ee\/"},{"@type":"ListItem","position":2,"name":"Shop","item":"https:\/\/ranoja.ee\/en\/shop\/"},{"@type":"ListItem","position":3,"name":"BULLPRO LED t\u00f6\u00f6tuli 2500 lm"}]},{"@type":"WebSite","@id":"https:\/\/ranoja.ee\/#website","url":"https:\/\/ranoja.ee\/","name":"Ranoja","description":"Equipment Shop WooCommerce WordPress Theme for Machine &amp; Tools","publisher":{"@id":"https:\/\/ranoja.ee\/#organization"},"potentialAction":[{"@type":"SearchAction","target":{"@type":"EntryPoint","urlTemplate":"https:\/\/ranoja.ee\/?s={search_term_string}"},"query-input":{"@type":"PropertyValueSpecification","valueRequired":true,"valueName":"search_term_string"}}],"inLanguage":"en-US"},{"@type":"Organization","@id":"https:\/\/ranoja.ee\/#organization","name":"Ranoja O\u00dc","url":"https:\/\/ranoja.ee\/","logo":{"@type":"ImageObject","inLanguage":"en-US","@id":"https:\/\/ranoja.ee\/#\/schema\/logo\/image\/","url":"https:\/\/ranoja.ee\/wp-content\/uploads\/2023\/11\/ranoja-Logo.png","contentUrl":"https:\/\/ranoja.ee\/wp-content\/uploads\/2023\/11\/ranoja-Logo.png","width":207,"height":58,"caption":"Ranoja O\u00dc"},"image":{"@id":"https:\/\/ranoja.ee\/#\/schema\/logo\/image\/"},"sameAs":["https:\/\/www.facebook.com\/ranoja.ee","https:\/\/www.instagram.com\/ranoja__\/"]}]}},"_links":{"self":[{"href":"https:\/\/ranoja.ee\/en\/wp-json\/wp\/v2\/product\/23713","targetHints":{"allow":["GET"]}}],"collection":[{"href":"https:\/\/ranoja.ee\/en\/wp-json\/wp\/v2\/product"}],"about":[{"href":"https:\/\/ranoja.ee\/en\/wp-json\/wp\/v2\/types\/product"}],"wp:featuredmedia":[{"embeddable":true,"href":"https:\/\/ranoja.ee\/en\/wp-json\/wp\/v2\/media\/23716"}],"wp:attachment":[{"href":"https:\/\/ranoja.ee\/en\/wp-json\/wp\/v2\/media?parent=23713"}],"wp:term":[{"taxonomy":"product_cat","embeddable":true,"href":"https:\/\/ranoja.ee\/en\/wp-json\/wp\/v2\/product_cat?post=23713"},{"taxonomy":"product_tag","embeddable":true,"href":"https:\/\/ranoja.ee\/en\/wp-json\/wp\/v2\/product_tag?post=23713"}],"curies":[{"name":"wp","href":"https:\/\/api.w.org\/{rel}","templated":true}]}}