{"id":23708,"date":"2025-11-14T18:06:33","date_gmt":"2025-11-14T15:06:33","guid":{"rendered":"https:\/\/ranoja.ee\/?post_type=product&#038;p=23708"},"modified":"2025-12-10T16:06:53","modified_gmt":"2025-12-10T13:06:53","slug":"juhtmestiku-komplekt-deutsch-y-pistik-2-pin-dt","status":"publish","type":"product","link":"https:\/\/ranoja.ee\/en\/toode\/juhtmestiku-komplekt-deutsch-y-pistik-2-pin-dt\/","title":{"rendered":"Juhtmestiku komplekt Deutsch Y-pistik 2-pin DT"},"content":{"rendered":"<p>Juhtmestiku komplekt Deutsch Y-pistik 2-pin DT<\/p>\n<p>See toode pakub v\u00f5imalust \u00fchendada \u00fchelt toiteallikalt kaks valgustit v\u00f5i lisatule seadet t\u00e4nu Y-kujuliselt jagatud kaablile. Mille pistikud on doseeritud kvaliteetsele DT-\u00fchendusele. See lahendus sobib eriti h\u00e4sti kasutamiseks t\u00f6\u00f6masinatel, p\u00f5llumajandusseadmetel v\u00f5i maastikus\u00f5idukitel.<\/p>\n<p>Kus lisatulesid on vaja mitmele k\u00fcljele v\u00f5i mitu t\u00fckki korraga. Valmistatud nii, et see \u00fchenduskaabel on juba varustatud ka kaabli kaitse \u00fcmbrisega, mis aitab s\u00e4ilitada vastupidavust vibratsiooni, h\u00f5\u00f5rdumise ja v\u00e4listingimuste suhtes. <\/p>\n<p>Kuigi pistik m\u00f5eldud kahe seadme \u00fchendamiseks, tuleb siiski veenduda, et toiteallika ja juhtmestiku kannatavad m\u00f5lema tule voolutarbe. Ning et kaitse\/relee-lahendus on \u00f5igesti tehtud.<br \/>\nPaigaldamisel tuleb hoolikalt kinnitada ka kaabli kinnitus, et v\u00e4ltida vibratsioonist v\u00f5i h\u00f5\u00f5rdumisest tingitud rikkeid.<\/p>\n<p>Kui kasutad avalikel teedel v\u00f5i n\u00f5udlikes keskkondades, veendu, et k\u00f5ik \u00fchendused ja lisatules\u00fcsteem vastavad kohalikele seadustele\/ohutusn\u00f5uetele.<\/p>\n<p>Juhtmestiku komplekt Deutsch Y-pistik 2-pin DT<\/p>\n","protected":false},"excerpt":{"rendered":"<p>Juhtmestiku komplekt Deutsch Y-pistik 2-pin DT<br \/>\nPistiku t\u00fc\u00fcp: 2-pin DT<br \/>\nDeutsch Y-pistik kaablikaitsega<br \/>\nKaal: 2.50 kg<br \/>\nGarantii 1 aasta (eraisikule 2 aastat)<br \/>\n<strong><span style=\"color: #339966;\">Seadme eeldatav tarneaeg 3-4 t\u00f6\u00f6p\u00e4eva<\/span><\/strong><\/p>\n","protected":false},"featured_media":23711,"template":"","meta":{"inline_featured_image":false},"product_cat":[1116,1119],"product_tag":[2483,697,2484,699],"class_list":{"0":"post-23708","1":"product","2":"type-product","3":"status-publish","4":"has-post-thumbnail","6":"product_brand-deutsch","7":"product_cat-lisaseadmed-ehitusseadmed-led-lisatuled-cb-raadiod-lallar","8":"product_cat-tulede-tarvikud","9":"product_tag-1605-n8k502","10":"product_tag-deutsch","11":"product_tag-deutsch-y-pistik","12":"product_tag-juhtmekomplekt","14":"first","15":"instock","16":"taxable","17":"shipping-taxable","18":"purchasable","19":"product-type-simple"},"yoast_head":"<!-- This site is optimized with the Yoast SEO plugin v27.4 - https:\/\/yoast.com\/product\/yoast-seo-wordpress\/ -->\n<title>Juhtmestiku komplekt Deutsch Y-pistik 2-pin DT<\/title>\n<meta name=\"description\" content=\"Juhtmestiku komplekt Deutsch Y-pistik 2-pin DT v\u00f5imalust \u00fchendada \u00fchelt toiteallikalt kaks valgustit v\u00f5i lisatule seadet t\u00e4nu Y-kujuliselt jagatud kaablile.\" \/>\n<meta name=\"robots\" content=\"index, follow, max-snippet:-1, max-image-preview:large, max-video-preview:-1\" \/>\n<link rel=\"canonical\" href=\"https:\/\/ranoja.ee\/toode\/juhtmestiku-komplekt-deutsch-y-pistik-2-pin-dt\/\" \/>\n<meta property=\"og:locale\" content=\"en_US\" \/>\n<meta property=\"og:type\" content=\"article\" \/>\n<meta property=\"og:title\" content=\"Juhtmestiku komplekt Deutsch Y-pistik 2-pin DT\" \/>\n<meta property=\"og:description\" content=\"Juhtmestiku komplekt Deutsch Y-pistik 2-pin DT v\u00f5imalust \u00fchendada \u00fchelt toiteallikalt kaks valgustit v\u00f5i lisatule seadet t\u00e4nu Y-kujuliselt jagatud kaablile.\" \/>\n<meta property=\"og:url\" content=\"https:\/\/ranoja.ee\/toode\/juhtmestiku-komplekt-deutsch-y-pistik-2-pin-dt\/\" \/>\n<meta property=\"og:site_name\" content=\"Ranoja\" \/>\n<meta property=\"article:publisher\" content=\"https:\/\/www.facebook.com\/ranoja.ee\" \/>\n<meta property=\"article:modified_time\" content=\"2025-12-10T13:06:53+00:00\" \/>\n<meta property=\"og:image\" content=\"https:\/\/ranoja.ee\/wp-content\/uploads\/2025\/11\/Juhtmestiku-komplekt-Deutsch-Y-pistik-2-pin-DT.jpg\" \/>\n\t<meta property=\"og:image:width\" content=\"800\" \/>\n\t<meta property=\"og:image:height\" content=\"600\" \/>\n\t<meta property=\"og:image:type\" content=\"image\/jpeg\" \/>\n<meta name=\"twitter:card\" content=\"summary_large_image\" \/>\n<meta name=\"twitter:label1\" content=\"Est. reading time\" \/>\n\t<meta name=\"twitter:data1\" content=\"2 minutes\" \/>\n<script type=\"application\/ld+json\" class=\"yoast-schema-graph\">{\"@context\":\"https:\\\/\\\/schema.org\",\"@graph\":[{\"@type\":\"WebPage\",\"@id\":\"https:\\\/\\\/ranoja.ee\\\/toode\\\/juhtmestiku-komplekt-deutsch-y-pistik-2-pin-dt\\\/\",\"url\":\"https:\\\/\\\/ranoja.ee\\\/toode\\\/juhtmestiku-komplekt-deutsch-y-pistik-2-pin-dt\\\/\",\"name\":\"Juhtmestiku komplekt Deutsch Y-pistik 2-pin DT\",\"isPartOf\":{\"@id\":\"https:\\\/\\\/ranoja.ee\\\/#website\"},\"primaryImageOfPage\":{\"@id\":\"https:\\\/\\\/ranoja.ee\\\/toode\\\/juhtmestiku-komplekt-deutsch-y-pistik-2-pin-dt\\\/#primaryimage\"},\"image\":{\"@id\":\"https:\\\/\\\/ranoja.ee\\\/toode\\\/juhtmestiku-komplekt-deutsch-y-pistik-2-pin-dt\\\/#primaryimage\"},\"thumbnailUrl\":\"https:\\\/\\\/ranoja.ee\\\/wp-content\\\/uploads\\\/2025\\\/11\\\/Juhtmestiku-komplekt-Deutsch-Y-pistik-2-pin-DT.jpg\",\"datePublished\":\"2025-11-14T15:06:33+00:00\",\"dateModified\":\"2025-12-10T13:06:53+00:00\",\"description\":\"Juhtmestiku komplekt Deutsch Y-pistik 2-pin DT v\u00f5imalust \u00fchendada \u00fchelt toiteallikalt kaks valgustit v\u00f5i lisatule seadet t\u00e4nu Y-kujuliselt jagatud kaablile.\",\"breadcrumb\":{\"@id\":\"https:\\\/\\\/ranoja.ee\\\/toode\\\/juhtmestiku-komplekt-deutsch-y-pistik-2-pin-dt\\\/#breadcrumb\"},\"inLanguage\":\"en-US\",\"potentialAction\":[{\"@type\":\"ReadAction\",\"target\":[\"https:\\\/\\\/ranoja.ee\\\/toode\\\/juhtmestiku-komplekt-deutsch-y-pistik-2-pin-dt\\\/\"]}]},{\"@type\":\"ImageObject\",\"inLanguage\":\"en-US\",\"@id\":\"https:\\\/\\\/ranoja.ee\\\/toode\\\/juhtmestiku-komplekt-deutsch-y-pistik-2-pin-dt\\\/#primaryimage\",\"url\":\"https:\\\/\\\/ranoja.ee\\\/wp-content\\\/uploads\\\/2025\\\/11\\\/Juhtmestiku-komplekt-Deutsch-Y-pistik-2-pin-DT.jpg\",\"contentUrl\":\"https:\\\/\\\/ranoja.ee\\\/wp-content\\\/uploads\\\/2025\\\/11\\\/Juhtmestiku-komplekt-Deutsch-Y-pistik-2-pin-DT.jpg\",\"width\":800,\"height\":600,\"caption\":\"Juhtmestiku komplekt Deutsch Y-pistik 2-pin DT\"},{\"@type\":\"BreadcrumbList\",\"@id\":\"https:\\\/\\\/ranoja.ee\\\/toode\\\/juhtmestiku-komplekt-deutsch-y-pistik-2-pin-dt\\\/#breadcrumb\",\"itemListElement\":[{\"@type\":\"ListItem\",\"position\":1,\"name\":\"Home\",\"item\":\"https:\\\/\\\/ranoja.ee\\\/\"},{\"@type\":\"ListItem\",\"position\":2,\"name\":\"Shop\",\"item\":\"https:\\\/\\\/ranoja.ee\\\/en\\\/shop\\\/\"},{\"@type\":\"ListItem\",\"position\":3,\"name\":\"Juhtmestiku komplekt Deutsch Y-pistik 2-pin DT\"}]},{\"@type\":\"WebSite\",\"@id\":\"https:\\\/\\\/ranoja.ee\\\/#website\",\"url\":\"https:\\\/\\\/ranoja.ee\\\/\",\"name\":\"Ranoja\",\"description\":\"Equipment Shop WooCommerce WordPress Theme for Machine &amp; Tools\",\"publisher\":{\"@id\":\"https:\\\/\\\/ranoja.ee\\\/#organization\"},\"potentialAction\":[{\"@type\":\"SearchAction\",\"target\":{\"@type\":\"EntryPoint\",\"urlTemplate\":\"https:\\\/\\\/ranoja.ee\\\/?s={search_term_string}\"},\"query-input\":{\"@type\":\"PropertyValueSpecification\",\"valueRequired\":true,\"valueName\":\"search_term_string\"}}],\"inLanguage\":\"en-US\"},{\"@type\":\"Organization\",\"@id\":\"https:\\\/\\\/ranoja.ee\\\/#organization\",\"name\":\"Ranoja O\u00dc\",\"url\":\"https:\\\/\\\/ranoja.ee\\\/\",\"logo\":{\"@type\":\"ImageObject\",\"inLanguage\":\"en-US\",\"@id\":\"https:\\\/\\\/ranoja.ee\\\/#\\\/schema\\\/logo\\\/image\\\/\",\"url\":\"https:\\\/\\\/ranoja.ee\\\/wp-content\\\/uploads\\\/2023\\\/11\\\/ranoja-Logo.png\",\"contentUrl\":\"https:\\\/\\\/ranoja.ee\\\/wp-content\\\/uploads\\\/2023\\\/11\\\/ranoja-Logo.png\",\"width\":207,\"height\":58,\"caption\":\"Ranoja O\u00dc\"},\"image\":{\"@id\":\"https:\\\/\\\/ranoja.ee\\\/#\\\/schema\\\/logo\\\/image\\\/\"},\"sameAs\":[\"https:\\\/\\\/www.facebook.com\\\/ranoja.ee\",\"https:\\\/\\\/www.instagram.com\\\/ranoja__\\\/\"]}]}<\/script>\n<!-- \/ Yoast SEO plugin. -->","yoast_head_json":{"title":"Juhtmestiku komplekt Deutsch Y-pistik 2-pin DT","description":"Juhtmestiku komplekt Deutsch Y-pistik 2-pin DT v\u00f5imalust \u00fchendada \u00fchelt toiteallikalt kaks valgustit v\u00f5i lisatule seadet t\u00e4nu Y-kujuliselt jagatud kaablile.","robots":{"index":"index","follow":"follow","max-snippet":"max-snippet:-1","max-image-preview":"max-image-preview:large","max-video-preview":"max-video-preview:-1"},"canonical":"https:\/\/ranoja.ee\/toode\/juhtmestiku-komplekt-deutsch-y-pistik-2-pin-dt\/","og_locale":"en_US","og_type":"article","og_title":"Juhtmestiku komplekt Deutsch Y-pistik 2-pin DT","og_description":"Juhtmestiku komplekt Deutsch Y-pistik 2-pin DT v\u00f5imalust \u00fchendada \u00fchelt toiteallikalt kaks valgustit v\u00f5i lisatule seadet t\u00e4nu Y-kujuliselt jagatud kaablile.","og_url":"https:\/\/ranoja.ee\/toode\/juhtmestiku-komplekt-deutsch-y-pistik-2-pin-dt\/","og_site_name":"Ranoja","article_publisher":"https:\/\/www.facebook.com\/ranoja.ee","article_modified_time":"2025-12-10T13:06:53+00:00","og_image":[{"width":800,"height":600,"url":"https:\/\/ranoja.ee\/wp-content\/uploads\/2025\/11\/Juhtmestiku-komplekt-Deutsch-Y-pistik-2-pin-DT.jpg","type":"image\/jpeg"}],"twitter_card":"summary_large_image","twitter_misc":{"Est. reading time":"2 minutes"},"schema":{"@context":"https:\/\/schema.org","@graph":[{"@type":"WebPage","@id":"https:\/\/ranoja.ee\/toode\/juhtmestiku-komplekt-deutsch-y-pistik-2-pin-dt\/","url":"https:\/\/ranoja.ee\/toode\/juhtmestiku-komplekt-deutsch-y-pistik-2-pin-dt\/","name":"Juhtmestiku komplekt Deutsch Y-pistik 2-pin DT","isPartOf":{"@id":"https:\/\/ranoja.ee\/#website"},"primaryImageOfPage":{"@id":"https:\/\/ranoja.ee\/toode\/juhtmestiku-komplekt-deutsch-y-pistik-2-pin-dt\/#primaryimage"},"image":{"@id":"https:\/\/ranoja.ee\/toode\/juhtmestiku-komplekt-deutsch-y-pistik-2-pin-dt\/#primaryimage"},"thumbnailUrl":"https:\/\/ranoja.ee\/wp-content\/uploads\/2025\/11\/Juhtmestiku-komplekt-Deutsch-Y-pistik-2-pin-DT.jpg","datePublished":"2025-11-14T15:06:33+00:00","dateModified":"2025-12-10T13:06:53+00:00","description":"Juhtmestiku komplekt Deutsch Y-pistik 2-pin DT v\u00f5imalust \u00fchendada \u00fchelt toiteallikalt kaks valgustit v\u00f5i lisatule seadet t\u00e4nu Y-kujuliselt jagatud kaablile.","breadcrumb":{"@id":"https:\/\/ranoja.ee\/toode\/juhtmestiku-komplekt-deutsch-y-pistik-2-pin-dt\/#breadcrumb"},"inLanguage":"en-US","potentialAction":[{"@type":"ReadAction","target":["https:\/\/ranoja.ee\/toode\/juhtmestiku-komplekt-deutsch-y-pistik-2-pin-dt\/"]}]},{"@type":"ImageObject","inLanguage":"en-US","@id":"https:\/\/ranoja.ee\/toode\/juhtmestiku-komplekt-deutsch-y-pistik-2-pin-dt\/#primaryimage","url":"https:\/\/ranoja.ee\/wp-content\/uploads\/2025\/11\/Juhtmestiku-komplekt-Deutsch-Y-pistik-2-pin-DT.jpg","contentUrl":"https:\/\/ranoja.ee\/wp-content\/uploads\/2025\/11\/Juhtmestiku-komplekt-Deutsch-Y-pistik-2-pin-DT.jpg","width":800,"height":600,"caption":"Juhtmestiku komplekt Deutsch Y-pistik 2-pin DT"},{"@type":"BreadcrumbList","@id":"https:\/\/ranoja.ee\/toode\/juhtmestiku-komplekt-deutsch-y-pistik-2-pin-dt\/#breadcrumb","itemListElement":[{"@type":"ListItem","position":1,"name":"Home","item":"https:\/\/ranoja.ee\/"},{"@type":"ListItem","position":2,"name":"Shop","item":"https:\/\/ranoja.ee\/en\/shop\/"},{"@type":"ListItem","position":3,"name":"Juhtmestiku komplekt Deutsch Y-pistik 2-pin DT"}]},{"@type":"WebSite","@id":"https:\/\/ranoja.ee\/#website","url":"https:\/\/ranoja.ee\/","name":"Ranoja","description":"Equipment Shop WooCommerce WordPress Theme for Machine &amp; Tools","publisher":{"@id":"https:\/\/ranoja.ee\/#organization"},"potentialAction":[{"@type":"SearchAction","target":{"@type":"EntryPoint","urlTemplate":"https:\/\/ranoja.ee\/?s={search_term_string}"},"query-input":{"@type":"PropertyValueSpecification","valueRequired":true,"valueName":"search_term_string"}}],"inLanguage":"en-US"},{"@type":"Organization","@id":"https:\/\/ranoja.ee\/#organization","name":"Ranoja O\u00dc","url":"https:\/\/ranoja.ee\/","logo":{"@type":"ImageObject","inLanguage":"en-US","@id":"https:\/\/ranoja.ee\/#\/schema\/logo\/image\/","url":"https:\/\/ranoja.ee\/wp-content\/uploads\/2023\/11\/ranoja-Logo.png","contentUrl":"https:\/\/ranoja.ee\/wp-content\/uploads\/2023\/11\/ranoja-Logo.png","width":207,"height":58,"caption":"Ranoja O\u00dc"},"image":{"@id":"https:\/\/ranoja.ee\/#\/schema\/logo\/image\/"},"sameAs":["https:\/\/www.facebook.com\/ranoja.ee","https:\/\/www.instagram.com\/ranoja__\/"]}]}},"_links":{"self":[{"href":"https:\/\/ranoja.ee\/en\/wp-json\/wp\/v2\/product\/23708","targetHints":{"allow":["GET"]}}],"collection":[{"href":"https:\/\/ranoja.ee\/en\/wp-json\/wp\/v2\/product"}],"about":[{"href":"https:\/\/ranoja.ee\/en\/wp-json\/wp\/v2\/types\/product"}],"wp:featuredmedia":[{"embeddable":true,"href":"https:\/\/ranoja.ee\/en\/wp-json\/wp\/v2\/media\/23711"}],"wp:attachment":[{"href":"https:\/\/ranoja.ee\/en\/wp-json\/wp\/v2\/media?parent=23708"}],"wp:term":[{"taxonomy":"product_cat","embeddable":true,"href":"https:\/\/ranoja.ee\/en\/wp-json\/wp\/v2\/product_cat?post=23708"},{"taxonomy":"product_tag","embeddable":true,"href":"https:\/\/ranoja.ee\/en\/wp-json\/wp\/v2\/product_tag?post=23708"}],"curies":[{"name":"wp","href":"https:\/\/api.w.org\/{rel}","templated":true}]}}