{"id":23651,"date":"2025-11-14T15:11:06","date_gmt":"2025-11-14T12:11:06","guid":{"rendered":"https:\/\/ranoja.ee\/?post_type=product&#038;p=23651"},"modified":"2025-12-12T15:50:54","modified_gmt":"2025-12-12T12:50:54","slug":"optibeam-e-bar-reverse-too-ja-tagurdustuli","status":"publish","type":"product","link":"https:\/\/ranoja.ee\/en\/toode\/optibeam-e-bar-reverse-too-ja-tagurdustuli\/","title":{"rendered":"OPTIBEAM E-Bar Reverse t\u00f6\u00f6- ja tagurdustuli"},"content":{"rendered":"<p>OPTIBEAM E-Bar Reverse t\u00f6\u00f6- ja tagurdustuli<\/p>\n<p>See valgusti pakub 4800 luumenit t\u00f6\u00f6valgustuseks ja 1200 luumenit tagurdus valgustuseks.<br \/>\nSelline kahe re\u017eiimi lahendus muudab paigaldamise lihtsaks ja praktiliseks, eriti neile, kes vajavad tugevat tagurdetuge, n\u00e4iteks maastikus v\u00f5i t\u00f6\u00f6olukordades. Konstruktsioon on tugev ja ilmastikukindel: IP\u2011kaitseklass on IP68, mis tagab vastupidavuse tolmu ja vee suhtes. <\/p>\n<p>Toitepinge ulatub 12\u201324\u202fV, mis teeb selle sobivaks ka t\u00f6\u00f6masinatele ja veoautodele.<br \/>\nT\u00f6\u00f6valgustuse fookus (light beam) on \u201cfull flood\u201d ehk v\u00e4ga lai, mis aitab h\u00e4sti valgustada laiemat ala taga. <\/p>\n<p>E-Bar Reverse\u2019il on ka E\u2011sertifikaadid: ECE R148 ja R10, mis n\u00e4itab, et see on disainitud vastama Euroopa standarditele.<br \/>\nbilradiospes.no<br \/>\nValgustemperatuur on umbes 5300 K, mis annab neutraalse, valge-rohelise valguse. <\/p>\n<p>F\u00fc\u00fcsiliselt on ribal m\u00f5\u00f5dud 534 \u00d7 157 \u00d7\u202f25 mm, mis teeb selle suhteliselt \u00f5hukeseks ja lihtsaks paigaldada numbrialuse alla.<br \/>\nPaigalduses kasutatakse umbes 2,5 m juhet ning \u00fchendust tehakse lahtise kaabli kaudu (pole pistikut), mis annab rohkem paindlikkust kaablite suunamisel. <\/p>\n<p>OPTIBEAM E-Bar Reverse t\u00f6\u00f6- ja tagurdustuli<\/p>\n","protected":false},"excerpt":{"rendered":"<p>OPTIBEAM E-Bar Reverse t\u00f6\u00f6- ja tagurdustuli<br \/>\nM\u00f5\u00f5tmed: 534 x 157 x 25 mm<br \/>\nPinge: 12-24 V<br \/>\nT\u00f6\u00f6valgustuseks: 4800 luumenit<br \/>\nTagurdus valgustuseks: 1200 luumenit<br \/>\nVoolutugevus: 3.64\/0.85 A ja 13.7 V<br \/>\nV\u00e4rvitemperatuur: 5300 K<br \/>\nPistiku t\u00fc\u00fcp: 3-pin avatud kaabel<br \/>\nJuhtme pikkus: 2,50 m<br \/>\nIP klassifikatsioon: IP68<br \/>\nSertifikaadid: R148, R10<br \/>\nMudeli nimi: E-Bar Reverse<br \/>\nKaal: 1 kg<br \/>\n<strong>Tarneaeg 1-7  t\u00f6\u00f6p\u00e4eva<\/strong><\/p>\n","protected":false},"featured_media":23664,"template":"","meta":{"inline_featured_image":false},"product_cat":[1116,1117,1118],"product_tag":[2470,675,2472,2473,2471],"class_list":{"0":"post-23651","1":"product","2":"type-product","3":"status-publish","4":"has-post-thumbnail","6":"product_brand-optibeam","7":"product_cat-lisaseadmed-ehitusseadmed-led-lisatuled-cb-raadiod-lallar","8":"product_cat-lisatuled","9":"product_cat-tootuled","10":"product_tag-1603-300785","11":"product_tag-optibeam","12":"product_tag-optibeam-e-bar-reverse","13":"product_tag-too-tuli","14":"product_tag-too-ja-tagurdustuli","16":"first","17":"instock","18":"sale","19":"taxable","20":"shipping-taxable","21":"purchasable","22":"product-type-simple"},"yoast_head":"<!-- This site is optimized with the Yoast SEO plugin v27.4 - https:\/\/yoast.com\/product\/yoast-seo-wordpress\/ -->\n<title>OPTIBEAM E-Bar Reverse t\u00f6\u00f6- ja tagurdustuli<\/title>\n<meta name=\"description\" content=\"OPTIBEAM E-Bar Reverse t\u00f6\u00f6- ja tagurdustuli See valgusti pakub 4800 luumenit t\u00f6\u00f6valgustuseks ja 1200 luumenit tagurdus valgustuseks.\" \/>\n<meta name=\"robots\" content=\"index, follow, max-snippet:-1, max-image-preview:large, max-video-preview:-1\" \/>\n<link rel=\"canonical\" href=\"https:\/\/ranoja.ee\/toode\/optibeam-e-bar-reverse-too-ja-tagurdustuli\/\" \/>\n<meta property=\"og:locale\" content=\"en_US\" \/>\n<meta property=\"og:type\" content=\"article\" \/>\n<meta property=\"og:title\" content=\"OPTIBEAM E-Bar Reverse t\u00f6\u00f6- ja tagurdustuli\" \/>\n<meta property=\"og:description\" content=\"OPTIBEAM E-Bar Reverse t\u00f6\u00f6- ja tagurdustuli See valgusti pakub 4800 luumenit t\u00f6\u00f6valgustuseks ja 1200 luumenit tagurdus valgustuseks.\" \/>\n<meta property=\"og:url\" content=\"https:\/\/ranoja.ee\/toode\/optibeam-e-bar-reverse-too-ja-tagurdustuli\/\" \/>\n<meta property=\"og:site_name\" content=\"Ranoja\" \/>\n<meta property=\"article:publisher\" content=\"https:\/\/www.facebook.com\/ranoja.ee\" \/>\n<meta property=\"article:modified_time\" content=\"2025-12-12T12:50:54+00:00\" \/>\n<meta property=\"og:image\" content=\"https:\/\/ranoja.ee\/wp-content\/uploads\/2025\/11\/OPTIBEAM-E-Bar-Reverse-too-ja-tagurdustuli.jpg\" \/>\n\t<meta property=\"og:image:width\" content=\"800\" \/>\n\t<meta property=\"og:image:height\" content=\"600\" \/>\n\t<meta property=\"og:image:type\" content=\"image\/jpeg\" \/>\n<meta name=\"twitter:card\" content=\"summary_large_image\" \/>\n<meta name=\"twitter:label1\" content=\"Est. reading time\" \/>\n\t<meta name=\"twitter:data1\" content=\"2 minutes\" \/>\n<script type=\"application\/ld+json\" class=\"yoast-schema-graph\">{\"@context\":\"https:\\\/\\\/schema.org\",\"@graph\":[{\"@type\":\"WebPage\",\"@id\":\"https:\\\/\\\/ranoja.ee\\\/toode\\\/optibeam-e-bar-reverse-too-ja-tagurdustuli\\\/\",\"url\":\"https:\\\/\\\/ranoja.ee\\\/toode\\\/optibeam-e-bar-reverse-too-ja-tagurdustuli\\\/\",\"name\":\"OPTIBEAM E-Bar Reverse t\u00f6\u00f6- ja tagurdustuli\",\"isPartOf\":{\"@id\":\"https:\\\/\\\/ranoja.ee\\\/#website\"},\"primaryImageOfPage\":{\"@id\":\"https:\\\/\\\/ranoja.ee\\\/toode\\\/optibeam-e-bar-reverse-too-ja-tagurdustuli\\\/#primaryimage\"},\"image\":{\"@id\":\"https:\\\/\\\/ranoja.ee\\\/toode\\\/optibeam-e-bar-reverse-too-ja-tagurdustuli\\\/#primaryimage\"},\"thumbnailUrl\":\"https:\\\/\\\/ranoja.ee\\\/wp-content\\\/uploads\\\/2025\\\/11\\\/OPTIBEAM-E-Bar-Reverse-too-ja-tagurdustuli.jpg\",\"datePublished\":\"2025-11-14T12:11:06+00:00\",\"dateModified\":\"2025-12-12T12:50:54+00:00\",\"description\":\"OPTIBEAM E-Bar Reverse t\u00f6\u00f6- ja tagurdustuli See valgusti pakub 4800 luumenit t\u00f6\u00f6valgustuseks ja 1200 luumenit tagurdus valgustuseks.\",\"breadcrumb\":{\"@id\":\"https:\\\/\\\/ranoja.ee\\\/toode\\\/optibeam-e-bar-reverse-too-ja-tagurdustuli\\\/#breadcrumb\"},\"inLanguage\":\"en-US\",\"potentialAction\":[{\"@type\":\"ReadAction\",\"target\":[\"https:\\\/\\\/ranoja.ee\\\/toode\\\/optibeam-e-bar-reverse-too-ja-tagurdustuli\\\/\"]}]},{\"@type\":\"ImageObject\",\"inLanguage\":\"en-US\",\"@id\":\"https:\\\/\\\/ranoja.ee\\\/toode\\\/optibeam-e-bar-reverse-too-ja-tagurdustuli\\\/#primaryimage\",\"url\":\"https:\\\/\\\/ranoja.ee\\\/wp-content\\\/uploads\\\/2025\\\/11\\\/OPTIBEAM-E-Bar-Reverse-too-ja-tagurdustuli.jpg\",\"contentUrl\":\"https:\\\/\\\/ranoja.ee\\\/wp-content\\\/uploads\\\/2025\\\/11\\\/OPTIBEAM-E-Bar-Reverse-too-ja-tagurdustuli.jpg\",\"width\":800,\"height\":600,\"caption\":\"OPTIBEAM E-Bar Reverse t\u00f6\u00f6- ja tagurdustuli\"},{\"@type\":\"BreadcrumbList\",\"@id\":\"https:\\\/\\\/ranoja.ee\\\/toode\\\/optibeam-e-bar-reverse-too-ja-tagurdustuli\\\/#breadcrumb\",\"itemListElement\":[{\"@type\":\"ListItem\",\"position\":1,\"name\":\"Home\",\"item\":\"https:\\\/\\\/ranoja.ee\\\/\"},{\"@type\":\"ListItem\",\"position\":2,\"name\":\"Shop\",\"item\":\"https:\\\/\\\/ranoja.ee\\\/en\\\/shop\\\/\"},{\"@type\":\"ListItem\",\"position\":3,\"name\":\"OPTIBEAM E-Bar Reverse t\u00f6\u00f6- ja tagurdustuli\"}]},{\"@type\":\"WebSite\",\"@id\":\"https:\\\/\\\/ranoja.ee\\\/#website\",\"url\":\"https:\\\/\\\/ranoja.ee\\\/\",\"name\":\"Ranoja\",\"description\":\"Equipment Shop WooCommerce WordPress Theme for Machine &amp; Tools\",\"publisher\":{\"@id\":\"https:\\\/\\\/ranoja.ee\\\/#organization\"},\"potentialAction\":[{\"@type\":\"SearchAction\",\"target\":{\"@type\":\"EntryPoint\",\"urlTemplate\":\"https:\\\/\\\/ranoja.ee\\\/?s={search_term_string}\"},\"query-input\":{\"@type\":\"PropertyValueSpecification\",\"valueRequired\":true,\"valueName\":\"search_term_string\"}}],\"inLanguage\":\"en-US\"},{\"@type\":\"Organization\",\"@id\":\"https:\\\/\\\/ranoja.ee\\\/#organization\",\"name\":\"Ranoja O\u00dc\",\"url\":\"https:\\\/\\\/ranoja.ee\\\/\",\"logo\":{\"@type\":\"ImageObject\",\"inLanguage\":\"en-US\",\"@id\":\"https:\\\/\\\/ranoja.ee\\\/#\\\/schema\\\/logo\\\/image\\\/\",\"url\":\"https:\\\/\\\/ranoja.ee\\\/wp-content\\\/uploads\\\/2023\\\/11\\\/ranoja-Logo.png\",\"contentUrl\":\"https:\\\/\\\/ranoja.ee\\\/wp-content\\\/uploads\\\/2023\\\/11\\\/ranoja-Logo.png\",\"width\":207,\"height\":58,\"caption\":\"Ranoja O\u00dc\"},\"image\":{\"@id\":\"https:\\\/\\\/ranoja.ee\\\/#\\\/schema\\\/logo\\\/image\\\/\"},\"sameAs\":[\"https:\\\/\\\/www.facebook.com\\\/ranoja.ee\",\"https:\\\/\\\/www.instagram.com\\\/ranoja__\\\/\"]}]}<\/script>\n<!-- \/ Yoast SEO plugin. -->","yoast_head_json":{"title":"OPTIBEAM E-Bar Reverse t\u00f6\u00f6- ja tagurdustuli","description":"OPTIBEAM E-Bar Reverse t\u00f6\u00f6- ja tagurdustuli See valgusti pakub 4800 luumenit t\u00f6\u00f6valgustuseks ja 1200 luumenit tagurdus valgustuseks.","robots":{"index":"index","follow":"follow","max-snippet":"max-snippet:-1","max-image-preview":"max-image-preview:large","max-video-preview":"max-video-preview:-1"},"canonical":"https:\/\/ranoja.ee\/toode\/optibeam-e-bar-reverse-too-ja-tagurdustuli\/","og_locale":"en_US","og_type":"article","og_title":"OPTIBEAM E-Bar Reverse t\u00f6\u00f6- ja tagurdustuli","og_description":"OPTIBEAM E-Bar Reverse t\u00f6\u00f6- ja tagurdustuli See valgusti pakub 4800 luumenit t\u00f6\u00f6valgustuseks ja 1200 luumenit tagurdus valgustuseks.","og_url":"https:\/\/ranoja.ee\/toode\/optibeam-e-bar-reverse-too-ja-tagurdustuli\/","og_site_name":"Ranoja","article_publisher":"https:\/\/www.facebook.com\/ranoja.ee","article_modified_time":"2025-12-12T12:50:54+00:00","og_image":[{"width":800,"height":600,"url":"https:\/\/ranoja.ee\/wp-content\/uploads\/2025\/11\/OPTIBEAM-E-Bar-Reverse-too-ja-tagurdustuli.jpg","type":"image\/jpeg"}],"twitter_card":"summary_large_image","twitter_misc":{"Est. reading time":"2 minutes"},"schema":{"@context":"https:\/\/schema.org","@graph":[{"@type":"WebPage","@id":"https:\/\/ranoja.ee\/toode\/optibeam-e-bar-reverse-too-ja-tagurdustuli\/","url":"https:\/\/ranoja.ee\/toode\/optibeam-e-bar-reverse-too-ja-tagurdustuli\/","name":"OPTIBEAM E-Bar Reverse t\u00f6\u00f6- ja tagurdustuli","isPartOf":{"@id":"https:\/\/ranoja.ee\/#website"},"primaryImageOfPage":{"@id":"https:\/\/ranoja.ee\/toode\/optibeam-e-bar-reverse-too-ja-tagurdustuli\/#primaryimage"},"image":{"@id":"https:\/\/ranoja.ee\/toode\/optibeam-e-bar-reverse-too-ja-tagurdustuli\/#primaryimage"},"thumbnailUrl":"https:\/\/ranoja.ee\/wp-content\/uploads\/2025\/11\/OPTIBEAM-E-Bar-Reverse-too-ja-tagurdustuli.jpg","datePublished":"2025-11-14T12:11:06+00:00","dateModified":"2025-12-12T12:50:54+00:00","description":"OPTIBEAM E-Bar Reverse t\u00f6\u00f6- ja tagurdustuli See valgusti pakub 4800 luumenit t\u00f6\u00f6valgustuseks ja 1200 luumenit tagurdus valgustuseks.","breadcrumb":{"@id":"https:\/\/ranoja.ee\/toode\/optibeam-e-bar-reverse-too-ja-tagurdustuli\/#breadcrumb"},"inLanguage":"en-US","potentialAction":[{"@type":"ReadAction","target":["https:\/\/ranoja.ee\/toode\/optibeam-e-bar-reverse-too-ja-tagurdustuli\/"]}]},{"@type":"ImageObject","inLanguage":"en-US","@id":"https:\/\/ranoja.ee\/toode\/optibeam-e-bar-reverse-too-ja-tagurdustuli\/#primaryimage","url":"https:\/\/ranoja.ee\/wp-content\/uploads\/2025\/11\/OPTIBEAM-E-Bar-Reverse-too-ja-tagurdustuli.jpg","contentUrl":"https:\/\/ranoja.ee\/wp-content\/uploads\/2025\/11\/OPTIBEAM-E-Bar-Reverse-too-ja-tagurdustuli.jpg","width":800,"height":600,"caption":"OPTIBEAM E-Bar Reverse t\u00f6\u00f6- ja tagurdustuli"},{"@type":"BreadcrumbList","@id":"https:\/\/ranoja.ee\/toode\/optibeam-e-bar-reverse-too-ja-tagurdustuli\/#breadcrumb","itemListElement":[{"@type":"ListItem","position":1,"name":"Home","item":"https:\/\/ranoja.ee\/"},{"@type":"ListItem","position":2,"name":"Shop","item":"https:\/\/ranoja.ee\/en\/shop\/"},{"@type":"ListItem","position":3,"name":"OPTIBEAM E-Bar Reverse t\u00f6\u00f6- ja tagurdustuli"}]},{"@type":"WebSite","@id":"https:\/\/ranoja.ee\/#website","url":"https:\/\/ranoja.ee\/","name":"Ranoja","description":"Equipment Shop WooCommerce WordPress Theme for Machine &amp; Tools","publisher":{"@id":"https:\/\/ranoja.ee\/#organization"},"potentialAction":[{"@type":"SearchAction","target":{"@type":"EntryPoint","urlTemplate":"https:\/\/ranoja.ee\/?s={search_term_string}"},"query-input":{"@type":"PropertyValueSpecification","valueRequired":true,"valueName":"search_term_string"}}],"inLanguage":"en-US"},{"@type":"Organization","@id":"https:\/\/ranoja.ee\/#organization","name":"Ranoja O\u00dc","url":"https:\/\/ranoja.ee\/","logo":{"@type":"ImageObject","inLanguage":"en-US","@id":"https:\/\/ranoja.ee\/#\/schema\/logo\/image\/","url":"https:\/\/ranoja.ee\/wp-content\/uploads\/2023\/11\/ranoja-Logo.png","contentUrl":"https:\/\/ranoja.ee\/wp-content\/uploads\/2023\/11\/ranoja-Logo.png","width":207,"height":58,"caption":"Ranoja O\u00dc"},"image":{"@id":"https:\/\/ranoja.ee\/#\/schema\/logo\/image\/"},"sameAs":["https:\/\/www.facebook.com\/ranoja.ee","https:\/\/www.instagram.com\/ranoja__\/"]}]}},"_links":{"self":[{"href":"https:\/\/ranoja.ee\/en\/wp-json\/wp\/v2\/product\/23651","targetHints":{"allow":["GET"]}}],"collection":[{"href":"https:\/\/ranoja.ee\/en\/wp-json\/wp\/v2\/product"}],"about":[{"href":"https:\/\/ranoja.ee\/en\/wp-json\/wp\/v2\/types\/product"}],"wp:featuredmedia":[{"embeddable":true,"href":"https:\/\/ranoja.ee\/en\/wp-json\/wp\/v2\/media\/23664"}],"wp:attachment":[{"href":"https:\/\/ranoja.ee\/en\/wp-json\/wp\/v2\/media?parent=23651"}],"wp:term":[{"taxonomy":"product_cat","embeddable":true,"href":"https:\/\/ranoja.ee\/en\/wp-json\/wp\/v2\/product_cat?post=23651"},{"taxonomy":"product_tag","embeddable":true,"href":"https:\/\/ranoja.ee\/en\/wp-json\/wp\/v2\/product_tag?post=23651"}],"curies":[{"name":"wp","href":"https:\/\/api.w.org\/{rel}","templated":true}]}}