{"id":23638,"date":"2025-11-14T14:12:27","date_gmt":"2025-11-14T11:12:27","guid":{"rendered":"https:\/\/ranoja.ee\/?post_type=product&#038;p=23638"},"modified":"2025-12-10T16:07:38","modified_gmt":"2025-12-10T13:07:38","slug":"lisatule-raam","status":"publish","type":"product","link":"https:\/\/ranoja.ee\/en\/toode\/lisatule-raam\/","title":{"rendered":"Lisatule raam"},"content":{"rendered":"<p>Lisatule raam<\/p>\n<p>Umbes 430 mm pikk must metallkinnitus, mis sobib Euroopa numbrim\u00e4rgi all asuvaks paigaldamiseks. <\/p>\n<p>Materjaliks on pulberv\u00e4rvitud teras v\u00f5i muu vastupidav metall, mis peab vastu vibratsioonile ja s\u00f5idu ajal tekkivale koormusele. Sellise raami kasutamine aitab tagada, et lisatuli on kindlalt ja korrektselt kinnitatud s\u00f5iduki esiosale, ilma et see domineeriks v\u00f5i segaks numbrim\u00e4rki v\u00f5i kahjustaks s\u00f5iduki v\u00e4limust.<\/p>\n<p>Kinnituse peamine eelis on visuaalne korrap\u00e4rasus ja paigaldamise lihtsus. Tule saab paigutada nii, et see j\u00e4\u00e4b s\u00f5iduki numbrim\u00e4rgi alla n\u00e4htavale, kuid samas ei teki segadust vormis ega konstruktsioonis. Raami abil saab tule suunda ka optimaalselt s\u00e4ttida, mis on oluline eriti kasutamisel pimedas, maastikul v\u00f5i olukordades, kus t\u00e4pne valgusvihu suunamine m\u00e4ngib rolli. Lisaks aitab see v\u00e4ltida improviseeritud tugistruktuure, mis v\u00f5ivad aja jooksul lahti tulla v\u00f5i vibreerima hakata.<\/p>\n<p>Lisatule raam<\/p>\n","protected":false},"excerpt":{"rendered":"<p>Lisatule raam Soome numbrim\u00e4rgile<br \/>\nM\u00f5\u00f5tmed: 430 mm<br \/>\nLisatule raam kinnitub EU numbrim\u00e4rgi taha<br \/>\nLisatule raami v\u00e4rvus on must<br \/>\nKaal: 0.243 kg<br \/>\n<strong><span style=\"color: #339966;\">Seadme eeldatav tarneaeg 3-4 t\u00f6\u00f6p\u00e4eva<\/span><\/strong><\/p>\n","protected":false},"featured_media":23641,"template":"","meta":{"inline_featured_image":false},"product_cat":[1116,1119],"product_tag":[2464,953,952,2465],"class_list":{"0":"post-23638","1":"product","2":"type-product","3":"status-publish","4":"has-post-thumbnail","6":"product_cat-lisaseadmed-ehitusseadmed-led-lisatuled-cb-raadiod-lallar","7":"product_cat-tulede-tarvikud","8":"product_tag-1605-3037","9":"product_tag-kinnitus","10":"product_tag-lisatule-kinnitus","11":"product_tag-lisatule-raam","13":"first","14":"instock","15":"taxable","16":"shipping-taxable","17":"purchasable","18":"product-type-simple"},"yoast_head":"<!-- This site is optimized with the Yoast SEO plugin v27.4 - https:\/\/yoast.com\/product\/yoast-seo-wordpress\/ -->\n<title>Lisatule raam<\/title>\n<meta name=\"description\" content=\"Lisatule raam Lisatule raam paigaldatakse otse EU numbrim\u00e4rgi taha, mis loob kompaktse ja puhta montaa\u017eilahenduse autodele.\" \/>\n<meta name=\"robots\" content=\"index, follow, max-snippet:-1, max-image-preview:large, max-video-preview:-1\" \/>\n<link rel=\"canonical\" href=\"https:\/\/ranoja.ee\/toode\/lisatule-raam\/\" \/>\n<meta property=\"og:locale\" content=\"en_US\" \/>\n<meta property=\"og:type\" content=\"article\" \/>\n<meta property=\"og:title\" content=\"Lisatule raam\" \/>\n<meta property=\"og:description\" content=\"Lisatule raam Lisatule raam paigaldatakse otse EU numbrim\u00e4rgi taha, mis loob kompaktse ja puhta montaa\u017eilahenduse autodele.\" \/>\n<meta property=\"og:url\" content=\"https:\/\/ranoja.ee\/toode\/lisatule-raam\/\" \/>\n<meta property=\"og:site_name\" content=\"Ranoja\" \/>\n<meta property=\"article:publisher\" content=\"https:\/\/www.facebook.com\/ranoja.ee\" \/>\n<meta property=\"article:modified_time\" content=\"2025-12-10T13:07:38+00:00\" \/>\n<meta property=\"og:image\" content=\"https:\/\/ranoja.ee\/wp-content\/uploads\/2025\/11\/Lisatule-raam-10.jpg\" \/>\n\t<meta property=\"og:image:width\" content=\"800\" \/>\n\t<meta property=\"og:image:height\" content=\"600\" \/>\n\t<meta property=\"og:image:type\" content=\"image\/jpeg\" \/>\n<meta name=\"twitter:card\" content=\"summary_large_image\" \/>\n<meta name=\"twitter:label1\" content=\"Est. reading time\" \/>\n\t<meta name=\"twitter:data1\" content=\"1 minute\" \/>\n<script type=\"application\/ld+json\" class=\"yoast-schema-graph\">{\"@context\":\"https:\\\/\\\/schema.org\",\"@graph\":[{\"@type\":\"WebPage\",\"@id\":\"https:\\\/\\\/ranoja.ee\\\/toode\\\/lisatule-raam\\\/\",\"url\":\"https:\\\/\\\/ranoja.ee\\\/toode\\\/lisatule-raam\\\/\",\"name\":\"Lisatule raam\",\"isPartOf\":{\"@id\":\"https:\\\/\\\/ranoja.ee\\\/#website\"},\"primaryImageOfPage\":{\"@id\":\"https:\\\/\\\/ranoja.ee\\\/toode\\\/lisatule-raam\\\/#primaryimage\"},\"image\":{\"@id\":\"https:\\\/\\\/ranoja.ee\\\/toode\\\/lisatule-raam\\\/#primaryimage\"},\"thumbnailUrl\":\"https:\\\/\\\/ranoja.ee\\\/wp-content\\\/uploads\\\/2025\\\/11\\\/Lisatule-raam-10.jpg\",\"datePublished\":\"2025-11-14T11:12:27+00:00\",\"dateModified\":\"2025-12-10T13:07:38+00:00\",\"description\":\"Lisatule raam Lisatule raam paigaldatakse otse EU numbrim\u00e4rgi taha, mis loob kompaktse ja puhta montaa\u017eilahenduse autodele.\",\"breadcrumb\":{\"@id\":\"https:\\\/\\\/ranoja.ee\\\/toode\\\/lisatule-raam\\\/#breadcrumb\"},\"inLanguage\":\"en-US\",\"potentialAction\":[{\"@type\":\"ReadAction\",\"target\":[\"https:\\\/\\\/ranoja.ee\\\/toode\\\/lisatule-raam\\\/\"]}]},{\"@type\":\"ImageObject\",\"inLanguage\":\"en-US\",\"@id\":\"https:\\\/\\\/ranoja.ee\\\/toode\\\/lisatule-raam\\\/#primaryimage\",\"url\":\"https:\\\/\\\/ranoja.ee\\\/wp-content\\\/uploads\\\/2025\\\/11\\\/Lisatule-raam-10.jpg\",\"contentUrl\":\"https:\\\/\\\/ranoja.ee\\\/wp-content\\\/uploads\\\/2025\\\/11\\\/Lisatule-raam-10.jpg\",\"width\":800,\"height\":600,\"caption\":\"Lisatule raam\"},{\"@type\":\"BreadcrumbList\",\"@id\":\"https:\\\/\\\/ranoja.ee\\\/toode\\\/lisatule-raam\\\/#breadcrumb\",\"itemListElement\":[{\"@type\":\"ListItem\",\"position\":1,\"name\":\"Home\",\"item\":\"https:\\\/\\\/ranoja.ee\\\/\"},{\"@type\":\"ListItem\",\"position\":2,\"name\":\"Shop\",\"item\":\"https:\\\/\\\/ranoja.ee\\\/en\\\/shop\\\/\"},{\"@type\":\"ListItem\",\"position\":3,\"name\":\"Lisatule raam\"}]},{\"@type\":\"WebSite\",\"@id\":\"https:\\\/\\\/ranoja.ee\\\/#website\",\"url\":\"https:\\\/\\\/ranoja.ee\\\/\",\"name\":\"Ranoja\",\"description\":\"Equipment Shop WooCommerce WordPress Theme for Machine &amp; Tools\",\"publisher\":{\"@id\":\"https:\\\/\\\/ranoja.ee\\\/#organization\"},\"potentialAction\":[{\"@type\":\"SearchAction\",\"target\":{\"@type\":\"EntryPoint\",\"urlTemplate\":\"https:\\\/\\\/ranoja.ee\\\/?s={search_term_string}\"},\"query-input\":{\"@type\":\"PropertyValueSpecification\",\"valueRequired\":true,\"valueName\":\"search_term_string\"}}],\"inLanguage\":\"en-US\"},{\"@type\":\"Organization\",\"@id\":\"https:\\\/\\\/ranoja.ee\\\/#organization\",\"name\":\"Ranoja O\u00dc\",\"url\":\"https:\\\/\\\/ranoja.ee\\\/\",\"logo\":{\"@type\":\"ImageObject\",\"inLanguage\":\"en-US\",\"@id\":\"https:\\\/\\\/ranoja.ee\\\/#\\\/schema\\\/logo\\\/image\\\/\",\"url\":\"https:\\\/\\\/ranoja.ee\\\/wp-content\\\/uploads\\\/2023\\\/11\\\/ranoja-Logo.png\",\"contentUrl\":\"https:\\\/\\\/ranoja.ee\\\/wp-content\\\/uploads\\\/2023\\\/11\\\/ranoja-Logo.png\",\"width\":207,\"height\":58,\"caption\":\"Ranoja O\u00dc\"},\"image\":{\"@id\":\"https:\\\/\\\/ranoja.ee\\\/#\\\/schema\\\/logo\\\/image\\\/\"},\"sameAs\":[\"https:\\\/\\\/www.facebook.com\\\/ranoja.ee\",\"https:\\\/\\\/www.instagram.com\\\/ranoja__\\\/\"]}]}<\/script>\n<!-- \/ Yoast SEO plugin. -->","yoast_head_json":{"title":"Lisatule raam","description":"Lisatule raam Lisatule raam paigaldatakse otse EU numbrim\u00e4rgi taha, mis loob kompaktse ja puhta montaa\u017eilahenduse autodele.","robots":{"index":"index","follow":"follow","max-snippet":"max-snippet:-1","max-image-preview":"max-image-preview:large","max-video-preview":"max-video-preview:-1"},"canonical":"https:\/\/ranoja.ee\/toode\/lisatule-raam\/","og_locale":"en_US","og_type":"article","og_title":"Lisatule raam","og_description":"Lisatule raam Lisatule raam paigaldatakse otse EU numbrim\u00e4rgi taha, mis loob kompaktse ja puhta montaa\u017eilahenduse autodele.","og_url":"https:\/\/ranoja.ee\/toode\/lisatule-raam\/","og_site_name":"Ranoja","article_publisher":"https:\/\/www.facebook.com\/ranoja.ee","article_modified_time":"2025-12-10T13:07:38+00:00","og_image":[{"width":800,"height":600,"url":"https:\/\/ranoja.ee\/wp-content\/uploads\/2025\/11\/Lisatule-raam-10.jpg","type":"image\/jpeg"}],"twitter_card":"summary_large_image","twitter_misc":{"Est. reading time":"1 minute"},"schema":{"@context":"https:\/\/schema.org","@graph":[{"@type":"WebPage","@id":"https:\/\/ranoja.ee\/toode\/lisatule-raam\/","url":"https:\/\/ranoja.ee\/toode\/lisatule-raam\/","name":"Lisatule raam","isPartOf":{"@id":"https:\/\/ranoja.ee\/#website"},"primaryImageOfPage":{"@id":"https:\/\/ranoja.ee\/toode\/lisatule-raam\/#primaryimage"},"image":{"@id":"https:\/\/ranoja.ee\/toode\/lisatule-raam\/#primaryimage"},"thumbnailUrl":"https:\/\/ranoja.ee\/wp-content\/uploads\/2025\/11\/Lisatule-raam-10.jpg","datePublished":"2025-11-14T11:12:27+00:00","dateModified":"2025-12-10T13:07:38+00:00","description":"Lisatule raam Lisatule raam paigaldatakse otse EU numbrim\u00e4rgi taha, mis loob kompaktse ja puhta montaa\u017eilahenduse autodele.","breadcrumb":{"@id":"https:\/\/ranoja.ee\/toode\/lisatule-raam\/#breadcrumb"},"inLanguage":"en-US","potentialAction":[{"@type":"ReadAction","target":["https:\/\/ranoja.ee\/toode\/lisatule-raam\/"]}]},{"@type":"ImageObject","inLanguage":"en-US","@id":"https:\/\/ranoja.ee\/toode\/lisatule-raam\/#primaryimage","url":"https:\/\/ranoja.ee\/wp-content\/uploads\/2025\/11\/Lisatule-raam-10.jpg","contentUrl":"https:\/\/ranoja.ee\/wp-content\/uploads\/2025\/11\/Lisatule-raam-10.jpg","width":800,"height":600,"caption":"Lisatule raam"},{"@type":"BreadcrumbList","@id":"https:\/\/ranoja.ee\/toode\/lisatule-raam\/#breadcrumb","itemListElement":[{"@type":"ListItem","position":1,"name":"Home","item":"https:\/\/ranoja.ee\/"},{"@type":"ListItem","position":2,"name":"Shop","item":"https:\/\/ranoja.ee\/en\/shop\/"},{"@type":"ListItem","position":3,"name":"Lisatule raam"}]},{"@type":"WebSite","@id":"https:\/\/ranoja.ee\/#website","url":"https:\/\/ranoja.ee\/","name":"Ranoja","description":"Equipment Shop WooCommerce WordPress Theme for Machine &amp; Tools","publisher":{"@id":"https:\/\/ranoja.ee\/#organization"},"potentialAction":[{"@type":"SearchAction","target":{"@type":"EntryPoint","urlTemplate":"https:\/\/ranoja.ee\/?s={search_term_string}"},"query-input":{"@type":"PropertyValueSpecification","valueRequired":true,"valueName":"search_term_string"}}],"inLanguage":"en-US"},{"@type":"Organization","@id":"https:\/\/ranoja.ee\/#organization","name":"Ranoja O\u00dc","url":"https:\/\/ranoja.ee\/","logo":{"@type":"ImageObject","inLanguage":"en-US","@id":"https:\/\/ranoja.ee\/#\/schema\/logo\/image\/","url":"https:\/\/ranoja.ee\/wp-content\/uploads\/2023\/11\/ranoja-Logo.png","contentUrl":"https:\/\/ranoja.ee\/wp-content\/uploads\/2023\/11\/ranoja-Logo.png","width":207,"height":58,"caption":"Ranoja O\u00dc"},"image":{"@id":"https:\/\/ranoja.ee\/#\/schema\/logo\/image\/"},"sameAs":["https:\/\/www.facebook.com\/ranoja.ee","https:\/\/www.instagram.com\/ranoja__\/"]}]}},"_links":{"self":[{"href":"https:\/\/ranoja.ee\/en\/wp-json\/wp\/v2\/product\/23638","targetHints":{"allow":["GET"]}}],"collection":[{"href":"https:\/\/ranoja.ee\/en\/wp-json\/wp\/v2\/product"}],"about":[{"href":"https:\/\/ranoja.ee\/en\/wp-json\/wp\/v2\/types\/product"}],"wp:featuredmedia":[{"embeddable":true,"href":"https:\/\/ranoja.ee\/en\/wp-json\/wp\/v2\/media\/23641"}],"wp:attachment":[{"href":"https:\/\/ranoja.ee\/en\/wp-json\/wp\/v2\/media?parent=23638"}],"wp:term":[{"taxonomy":"product_cat","embeddable":true,"href":"https:\/\/ranoja.ee\/en\/wp-json\/wp\/v2\/product_cat?post=23638"},{"taxonomy":"product_tag","embeddable":true,"href":"https:\/\/ranoja.ee\/en\/wp-json\/wp\/v2\/product_tag?post=23638"}],"curies":[{"name":"wp","href":"https:\/\/api.w.org\/{rel}","templated":true}]}}