{"id":23606,"date":"2025-11-14T11:56:41","date_gmt":"2025-11-14T08:56:41","guid":{"rendered":"https:\/\/ranoja.ee\/?post_type=product&#038;p=23606"},"modified":"2025-12-10T16:07:38","modified_gmt":"2025-12-10T13:07:38","slug":"lisatule-raam-seeker-ultima-20-lisatulele","status":"publish","type":"product","link":"https:\/\/ranoja.ee\/en\/toode\/lisatule-raam-seeker-ultima-20-lisatulele\/","title":{"rendered":"Lisatule raam Seeker Ultima 20 lisatulele"},"content":{"rendered":"<p>Lisatule raam Seeker Ultima 20 lisatulele<\/p>\n<p>Vastupidav ja lihtsa konstruktsiooniga metallist raam, mis pakub stabiilset tugipunkti Seeker Ultima 20 kaugtuledele. Selle raam v\u00f5imaldab valgustuse paigaldada korrektselt ja kindlalt Euroopa t\u00fc\u00fcpi nummerplaadi alla, s\u00e4ilitades samal ajal s\u00f5iduki esiosa puhta ja organiseeritud v\u00e4limuse. <\/p>\n<p>Materjalina kasutatakse tugevdatud metalli, mis peab h\u00e4sti vastu vibratsioonile, l\u00f6\u00f6kidele ja keskkonnast tulenevale mehaanilisele koormusele, mis tekib s\u00f5ites. Raami tugevus tagab, et Seeker Ultima 20 tuli j\u00e4\u00e4b paigale ka pikema s\u00f5idu ja ebatasaste teede korral.<br \/>\nSamuti aitab raam \u00f5igesti suunata tule kiirt ja hoida selle kallutatust vastavalt soovile \u2014 see on oluline t\u00e4pse valgusvihu saavutamiseks.<\/p>\n<p>Paigaldusprotsess on disainitud v\u00f5imalikult lihtsaks: raam kinnitatakse numbrialuse v\u00f5i selle aluse k\u00fclge, kasutades sobivaid polte ja kruvisid. Kuna raam on spetsiaalselt m\u00f5eldud Seeker Ultima 20 mudeli jaoks, v\u00e4listab see improviseeritud v\u00f5i ebakindlad paigalduslahendused. <\/p>\n<p>Lisatule raam Seeker Ultima 20 lisatulele<\/p>\n","protected":false},"excerpt":{"rendered":"<p>Lisatule raam Seeker Ultima 20 lisatulele<br \/>\nM\u00f5\u00f5tmed: 470 mm<br \/>\nLisatule raam on m\u00f5eldud Seeker Ultima 20 lisatule paigaldamiseks<br \/>\nLisatule raam kinnitub EU numbrim\u00e4rgi taha<br \/>\nKaal: 0.3 kg<br \/>\n<strong><span style=\"color: #339966;\">Seadme eeldatav tarneaeg 3-4 t\u00f6\u00f6p\u00e4eva<\/span><\/strong><\/p>\n","protected":false},"featured_media":23620,"template":"","meta":{"inline_featured_image":false},"product_cat":[1116,1119],"product_tag":[2458,953,952,2457,2456],"class_list":{"0":"post-23606","1":"product","2":"type-product","3":"status-publish","4":"has-post-thumbnail","6":"product_cat-lisaseadmed-ehitusseadmed-led-lisatuled-cb-raadiod-lallar","7":"product_cat-tulede-tarvikud","8":"product_tag-1605-3039","9":"product_tag-kinnitus","10":"product_tag-lisatule-kinnitus","11":"product_tag-lisatule-raam-seeker-ultima-20-lisatulele","12":"product_tag-seeker-ultima-20","14":"first","15":"instock","16":"taxable","17":"shipping-taxable","18":"purchasable","19":"product-type-simple"},"yoast_head":"<!-- This site is optimized with the Yoast SEO plugin v27.4 - https:\/\/yoast.com\/product\/yoast-seo-wordpress\/ -->\n<title>Lisatule raam Seeker Ultima 20 lisatulele<\/title>\n<meta name=\"description\" content=\"Lisatule raam Seeker Ultima 20 lisatulele Vastupidav ja lihtsa konstruktsiooniga metallist raam, mis pakub stabiilset tugipunkti Seeker Ultima 20 lisatulele\" \/>\n<meta name=\"robots\" content=\"index, follow, max-snippet:-1, max-image-preview:large, max-video-preview:-1\" \/>\n<link rel=\"canonical\" href=\"https:\/\/ranoja.ee\/toode\/lisatule-raam-seeker-ultima-20-lisatulele\/\" \/>\n<meta property=\"og:locale\" content=\"en_US\" \/>\n<meta property=\"og:type\" content=\"article\" \/>\n<meta property=\"og:title\" content=\"Lisatule raam Seeker Ultima 20 lisatulele\" \/>\n<meta property=\"og:description\" content=\"Lisatule raam Seeker Ultima 20 lisatulele Vastupidav ja lihtsa konstruktsiooniga metallist raam, mis pakub stabiilset tugipunkti Seeker Ultima 20 lisatulele\" \/>\n<meta property=\"og:url\" content=\"https:\/\/ranoja.ee\/toode\/lisatule-raam-seeker-ultima-20-lisatulele\/\" \/>\n<meta property=\"og:site_name\" content=\"Ranoja\" \/>\n<meta property=\"article:publisher\" content=\"https:\/\/www.facebook.com\/ranoja.ee\" \/>\n<meta property=\"article:modified_time\" content=\"2025-12-10T13:07:38+00:00\" \/>\n<meta property=\"og:image\" content=\"https:\/\/ranoja.ee\/wp-content\/uploads\/2025\/11\/Lisatule-raam-Seeker-Ultima-20-lisatulele-2.jpg\" \/>\n\t<meta property=\"og:image:width\" content=\"400\" \/>\n\t<meta property=\"og:image:height\" content=\"300\" \/>\n\t<meta property=\"og:image:type\" content=\"image\/jpeg\" \/>\n<meta name=\"twitter:card\" content=\"summary_large_image\" \/>\n<meta name=\"twitter:label1\" content=\"Est. reading time\" \/>\n\t<meta name=\"twitter:data1\" content=\"2 minutes\" \/>\n<script type=\"application\/ld+json\" class=\"yoast-schema-graph\">{\"@context\":\"https:\\\/\\\/schema.org\",\"@graph\":[{\"@type\":\"WebPage\",\"@id\":\"https:\\\/\\\/ranoja.ee\\\/toode\\\/lisatule-raam-seeker-ultima-20-lisatulele\\\/\",\"url\":\"https:\\\/\\\/ranoja.ee\\\/toode\\\/lisatule-raam-seeker-ultima-20-lisatulele\\\/\",\"name\":\"Lisatule raam Seeker Ultima 20 lisatulele\",\"isPartOf\":{\"@id\":\"https:\\\/\\\/ranoja.ee\\\/#website\"},\"primaryImageOfPage\":{\"@id\":\"https:\\\/\\\/ranoja.ee\\\/toode\\\/lisatule-raam-seeker-ultima-20-lisatulele\\\/#primaryimage\"},\"image\":{\"@id\":\"https:\\\/\\\/ranoja.ee\\\/toode\\\/lisatule-raam-seeker-ultima-20-lisatulele\\\/#primaryimage\"},\"thumbnailUrl\":\"https:\\\/\\\/ranoja.ee\\\/wp-content\\\/uploads\\\/2025\\\/11\\\/Lisatule-raam-Seeker-Ultima-20-lisatulele-2.jpg\",\"datePublished\":\"2025-11-14T08:56:41+00:00\",\"dateModified\":\"2025-12-10T13:07:38+00:00\",\"description\":\"Lisatule raam Seeker Ultima 20 lisatulele Vastupidav ja lihtsa konstruktsiooniga metallist raam, mis pakub stabiilset tugipunkti Seeker Ultima 20 lisatulele\",\"breadcrumb\":{\"@id\":\"https:\\\/\\\/ranoja.ee\\\/toode\\\/lisatule-raam-seeker-ultima-20-lisatulele\\\/#breadcrumb\"},\"inLanguage\":\"en-US\",\"potentialAction\":[{\"@type\":\"ReadAction\",\"target\":[\"https:\\\/\\\/ranoja.ee\\\/toode\\\/lisatule-raam-seeker-ultima-20-lisatulele\\\/\"]}]},{\"@type\":\"ImageObject\",\"inLanguage\":\"en-US\",\"@id\":\"https:\\\/\\\/ranoja.ee\\\/toode\\\/lisatule-raam-seeker-ultima-20-lisatulele\\\/#primaryimage\",\"url\":\"https:\\\/\\\/ranoja.ee\\\/wp-content\\\/uploads\\\/2025\\\/11\\\/Lisatule-raam-Seeker-Ultima-20-lisatulele-2.jpg\",\"contentUrl\":\"https:\\\/\\\/ranoja.ee\\\/wp-content\\\/uploads\\\/2025\\\/11\\\/Lisatule-raam-Seeker-Ultima-20-lisatulele-2.jpg\",\"width\":400,\"height\":300,\"caption\":\"Lisatule raam Seeker Ultima 20 lisatulele\"},{\"@type\":\"BreadcrumbList\",\"@id\":\"https:\\\/\\\/ranoja.ee\\\/toode\\\/lisatule-raam-seeker-ultima-20-lisatulele\\\/#breadcrumb\",\"itemListElement\":[{\"@type\":\"ListItem\",\"position\":1,\"name\":\"Home\",\"item\":\"https:\\\/\\\/ranoja.ee\\\/\"},{\"@type\":\"ListItem\",\"position\":2,\"name\":\"Shop\",\"item\":\"https:\\\/\\\/ranoja.ee\\\/en\\\/shop\\\/\"},{\"@type\":\"ListItem\",\"position\":3,\"name\":\"Lisatule raam Seeker Ultima 20 lisatulele\"}]},{\"@type\":\"WebSite\",\"@id\":\"https:\\\/\\\/ranoja.ee\\\/#website\",\"url\":\"https:\\\/\\\/ranoja.ee\\\/\",\"name\":\"Ranoja\",\"description\":\"Equipment Shop WooCommerce WordPress Theme for Machine &amp; Tools\",\"publisher\":{\"@id\":\"https:\\\/\\\/ranoja.ee\\\/#organization\"},\"potentialAction\":[{\"@type\":\"SearchAction\",\"target\":{\"@type\":\"EntryPoint\",\"urlTemplate\":\"https:\\\/\\\/ranoja.ee\\\/?s={search_term_string}\"},\"query-input\":{\"@type\":\"PropertyValueSpecification\",\"valueRequired\":true,\"valueName\":\"search_term_string\"}}],\"inLanguage\":\"en-US\"},{\"@type\":\"Organization\",\"@id\":\"https:\\\/\\\/ranoja.ee\\\/#organization\",\"name\":\"Ranoja O\u00dc\",\"url\":\"https:\\\/\\\/ranoja.ee\\\/\",\"logo\":{\"@type\":\"ImageObject\",\"inLanguage\":\"en-US\",\"@id\":\"https:\\\/\\\/ranoja.ee\\\/#\\\/schema\\\/logo\\\/image\\\/\",\"url\":\"https:\\\/\\\/ranoja.ee\\\/wp-content\\\/uploads\\\/2023\\\/11\\\/ranoja-Logo.png\",\"contentUrl\":\"https:\\\/\\\/ranoja.ee\\\/wp-content\\\/uploads\\\/2023\\\/11\\\/ranoja-Logo.png\",\"width\":207,\"height\":58,\"caption\":\"Ranoja O\u00dc\"},\"image\":{\"@id\":\"https:\\\/\\\/ranoja.ee\\\/#\\\/schema\\\/logo\\\/image\\\/\"},\"sameAs\":[\"https:\\\/\\\/www.facebook.com\\\/ranoja.ee\",\"https:\\\/\\\/www.instagram.com\\\/ranoja__\\\/\"]}]}<\/script>\n<!-- \/ Yoast SEO plugin. -->","yoast_head_json":{"title":"Lisatule raam Seeker Ultima 20 lisatulele","description":"Lisatule raam Seeker Ultima 20 lisatulele Vastupidav ja lihtsa konstruktsiooniga metallist raam, mis pakub stabiilset tugipunkti Seeker Ultima 20 lisatulele","robots":{"index":"index","follow":"follow","max-snippet":"max-snippet:-1","max-image-preview":"max-image-preview:large","max-video-preview":"max-video-preview:-1"},"canonical":"https:\/\/ranoja.ee\/toode\/lisatule-raam-seeker-ultima-20-lisatulele\/","og_locale":"en_US","og_type":"article","og_title":"Lisatule raam Seeker Ultima 20 lisatulele","og_description":"Lisatule raam Seeker Ultima 20 lisatulele Vastupidav ja lihtsa konstruktsiooniga metallist raam, mis pakub stabiilset tugipunkti Seeker Ultima 20 lisatulele","og_url":"https:\/\/ranoja.ee\/toode\/lisatule-raam-seeker-ultima-20-lisatulele\/","og_site_name":"Ranoja","article_publisher":"https:\/\/www.facebook.com\/ranoja.ee","article_modified_time":"2025-12-10T13:07:38+00:00","og_image":[{"width":400,"height":300,"url":"https:\/\/ranoja.ee\/wp-content\/uploads\/2025\/11\/Lisatule-raam-Seeker-Ultima-20-lisatulele-2.jpg","type":"image\/jpeg"}],"twitter_card":"summary_large_image","twitter_misc":{"Est. reading time":"2 minutes"},"schema":{"@context":"https:\/\/schema.org","@graph":[{"@type":"WebPage","@id":"https:\/\/ranoja.ee\/toode\/lisatule-raam-seeker-ultima-20-lisatulele\/","url":"https:\/\/ranoja.ee\/toode\/lisatule-raam-seeker-ultima-20-lisatulele\/","name":"Lisatule raam Seeker Ultima 20 lisatulele","isPartOf":{"@id":"https:\/\/ranoja.ee\/#website"},"primaryImageOfPage":{"@id":"https:\/\/ranoja.ee\/toode\/lisatule-raam-seeker-ultima-20-lisatulele\/#primaryimage"},"image":{"@id":"https:\/\/ranoja.ee\/toode\/lisatule-raam-seeker-ultima-20-lisatulele\/#primaryimage"},"thumbnailUrl":"https:\/\/ranoja.ee\/wp-content\/uploads\/2025\/11\/Lisatule-raam-Seeker-Ultima-20-lisatulele-2.jpg","datePublished":"2025-11-14T08:56:41+00:00","dateModified":"2025-12-10T13:07:38+00:00","description":"Lisatule raam Seeker Ultima 20 lisatulele Vastupidav ja lihtsa konstruktsiooniga metallist raam, mis pakub stabiilset tugipunkti Seeker Ultima 20 lisatulele","breadcrumb":{"@id":"https:\/\/ranoja.ee\/toode\/lisatule-raam-seeker-ultima-20-lisatulele\/#breadcrumb"},"inLanguage":"en-US","potentialAction":[{"@type":"ReadAction","target":["https:\/\/ranoja.ee\/toode\/lisatule-raam-seeker-ultima-20-lisatulele\/"]}]},{"@type":"ImageObject","inLanguage":"en-US","@id":"https:\/\/ranoja.ee\/toode\/lisatule-raam-seeker-ultima-20-lisatulele\/#primaryimage","url":"https:\/\/ranoja.ee\/wp-content\/uploads\/2025\/11\/Lisatule-raam-Seeker-Ultima-20-lisatulele-2.jpg","contentUrl":"https:\/\/ranoja.ee\/wp-content\/uploads\/2025\/11\/Lisatule-raam-Seeker-Ultima-20-lisatulele-2.jpg","width":400,"height":300,"caption":"Lisatule raam Seeker Ultima 20 lisatulele"},{"@type":"BreadcrumbList","@id":"https:\/\/ranoja.ee\/toode\/lisatule-raam-seeker-ultima-20-lisatulele\/#breadcrumb","itemListElement":[{"@type":"ListItem","position":1,"name":"Home","item":"https:\/\/ranoja.ee\/"},{"@type":"ListItem","position":2,"name":"Shop","item":"https:\/\/ranoja.ee\/en\/shop\/"},{"@type":"ListItem","position":3,"name":"Lisatule raam Seeker Ultima 20 lisatulele"}]},{"@type":"WebSite","@id":"https:\/\/ranoja.ee\/#website","url":"https:\/\/ranoja.ee\/","name":"Ranoja","description":"Equipment Shop WooCommerce WordPress Theme for Machine &amp; Tools","publisher":{"@id":"https:\/\/ranoja.ee\/#organization"},"potentialAction":[{"@type":"SearchAction","target":{"@type":"EntryPoint","urlTemplate":"https:\/\/ranoja.ee\/?s={search_term_string}"},"query-input":{"@type":"PropertyValueSpecification","valueRequired":true,"valueName":"search_term_string"}}],"inLanguage":"en-US"},{"@type":"Organization","@id":"https:\/\/ranoja.ee\/#organization","name":"Ranoja O\u00dc","url":"https:\/\/ranoja.ee\/","logo":{"@type":"ImageObject","inLanguage":"en-US","@id":"https:\/\/ranoja.ee\/#\/schema\/logo\/image\/","url":"https:\/\/ranoja.ee\/wp-content\/uploads\/2023\/11\/ranoja-Logo.png","contentUrl":"https:\/\/ranoja.ee\/wp-content\/uploads\/2023\/11\/ranoja-Logo.png","width":207,"height":58,"caption":"Ranoja O\u00dc"},"image":{"@id":"https:\/\/ranoja.ee\/#\/schema\/logo\/image\/"},"sameAs":["https:\/\/www.facebook.com\/ranoja.ee","https:\/\/www.instagram.com\/ranoja__\/"]}]}},"_links":{"self":[{"href":"https:\/\/ranoja.ee\/en\/wp-json\/wp\/v2\/product\/23606","targetHints":{"allow":["GET"]}}],"collection":[{"href":"https:\/\/ranoja.ee\/en\/wp-json\/wp\/v2\/product"}],"about":[{"href":"https:\/\/ranoja.ee\/en\/wp-json\/wp\/v2\/types\/product"}],"wp:featuredmedia":[{"embeddable":true,"href":"https:\/\/ranoja.ee\/en\/wp-json\/wp\/v2\/media\/23620"}],"wp:attachment":[{"href":"https:\/\/ranoja.ee\/en\/wp-json\/wp\/v2\/media?parent=23606"}],"wp:term":[{"taxonomy":"product_cat","embeddable":true,"href":"https:\/\/ranoja.ee\/en\/wp-json\/wp\/v2\/product_cat?post=23606"},{"taxonomy":"product_tag","embeddable":true,"href":"https:\/\/ranoja.ee\/en\/wp-json\/wp\/v2\/product_tag?post=23606"}],"curies":[{"name":"wp","href":"https:\/\/api.w.org\/{rel}","templated":true}]}}