{"id":23605,"date":"2025-11-14T11:56:41","date_gmt":"2025-11-14T08:56:41","guid":{"rendered":"https:\/\/ranoja.ee\/?post_type=product&#038;p=23605"},"modified":"2025-12-10T16:07:38","modified_gmt":"2025-12-10T13:07:38","slug":"lisatule-raam-x-vision-optima-8-tulele","status":"publish","type":"product","link":"https:\/\/ranoja.ee\/en\/toode\/lisatule-raam-x-vision-optima-8-tulele\/","title":{"rendered":"Lisatule raam X-Vision Optima 8 tulele"},"content":{"rendered":"<p>Lisatule raam X-Vision Optima 8 tulele<\/p>\n<p>Sobib ideaalselt X-Vision Optima 8 tule m\u00f5\u00f5tudega, tagades tiheda ja stabiilse paigalduse.<br \/>\nMaterjaliks kasutatakse vastupidavat metalli. Konstruktsioon peab h\u00e4sti vastu vibratsioonile ja s\u00f5idustingimustele, mis v\u00f5ib tekkida eriti maastiku- v\u00f5i t\u00f6\u00f6autodel.<\/p>\n<p>Kinnitades lisatule selle raami taha, saad valguse stabiilselt suunata, s\u00e4ilitades samal ajal s\u00f5iduki esiosa puhta ja kompaktse ilme. Numbrim\u00e4rgi taha paigaldamine ei sega s\u00f5iduki v\u00e4lisilmet, vaid loob esteetilise ja diskreetse valgustuse lisamise viisi. <\/p>\n<p>Paigaldamisel on oluline valida \u00f5iged poltid ja kinnituspunktid, et tagada raamile tugev ja ohutu fiksatsioon.<br \/>\nSee lahendus aitab v\u00e4ltida juhuslikku improvisatsiooni paigalduse juures ja tagab, et tuli on tugevasti ja kindlalt kinnitatud.<\/p>\n<p>Lisatule raam X-Vision Optima 8 tulele<\/p>\n","protected":false},"excerpt":{"rendered":"<p>Lisatule raam X-Vision Optima 8 tulele<br \/>\nM\u00f5\u00f5tmed: 405 mm<br \/>\nKinnitub EU numbrim\u00e4rgi taha<br \/>\nLisatule raam on m\u00f5eldud X-Vision Optima 8 lisatule paigaldamiseks<br \/>\nV\u00e4rvus on must<br \/>\nKaal: 0.7 kg<br \/>\n<strong><span style=\"color: #339966;\">Seadme eeldatav tarneaeg 3-4 t\u00f6\u00f6p\u00e4eva<\/span><\/strong><\/p>\n","protected":false},"featured_media":23611,"template":"","meta":{"inline_featured_image":false},"product_cat":[1116,1119],"product_tag":[2319,2318,953,952,2454,2455,647],"class_list":{"0":"post-23605","1":"product","2":"type-product","3":"status-publish","4":"has-post-thumbnail","6":"product_cat-lisaseadmed-ehitusseadmed-led-lisatuled-cb-raadiod-lallar","7":"product_cat-tulede-tarvikud","8":"product_tag-1605-3040","9":"product_tag-1605-ns3739","10":"product_tag-kinnitus","11":"product_tag-lisatule-kinnitus","12":"product_tag-lisatule-raam-neljale-lisatulele","13":"product_tag-lisatule-raam-x-vision-optima-8-tulele","14":"product_tag-x-vision-optima-8","16":"first","17":"instock","18":"taxable","19":"shipping-taxable","20":"purchasable","21":"product-type-simple"},"yoast_head":"<!-- This site is optimized with the Yoast SEO plugin v27.4 - https:\/\/yoast.com\/product\/yoast-seo-wordpress\/ -->\n<title>Lisatule raam X-Vision Optima 8 tulele<\/title>\n<meta name=\"description\" content=\"Lisatule raam X-Vision Optima 8 tulele Lisatule raam kinnitub EU numbrim\u00e4rgi taha. Lisatule raam on m\u00f5eldud X-Vision Optima 8 lisatule paigaldamiseks.\" \/>\n<meta name=\"robots\" content=\"index, follow, max-snippet:-1, max-image-preview:large, max-video-preview:-1\" \/>\n<link rel=\"canonical\" href=\"https:\/\/ranoja.ee\/toode\/lisatule-raam-x-vision-optima-8-tulele\/\" \/>\n<meta property=\"og:locale\" content=\"en_US\" \/>\n<meta property=\"og:type\" content=\"article\" \/>\n<meta property=\"og:title\" content=\"Lisatule raam X-Vision Optima 8 tulele\" \/>\n<meta property=\"og:description\" content=\"Lisatule raam X-Vision Optima 8 tulele Lisatule raam kinnitub EU numbrim\u00e4rgi taha. Lisatule raam on m\u00f5eldud X-Vision Optima 8 lisatule paigaldamiseks.\" \/>\n<meta property=\"og:url\" content=\"https:\/\/ranoja.ee\/toode\/lisatule-raam-x-vision-optima-8-tulele\/\" \/>\n<meta property=\"og:site_name\" content=\"Ranoja\" \/>\n<meta property=\"article:publisher\" content=\"https:\/\/www.facebook.com\/ranoja.ee\" \/>\n<meta property=\"article:modified_time\" content=\"2025-12-10T13:07:38+00:00\" \/>\n<meta property=\"og:image\" content=\"https:\/\/ranoja.ee\/wp-content\/uploads\/2025\/11\/Lisatule-raam-X-Vision-Optima-8-tulele-2.jpg\" \/>\n\t<meta property=\"og:image:width\" content=\"400\" \/>\n\t<meta property=\"og:image:height\" content=\"300\" \/>\n\t<meta property=\"og:image:type\" content=\"image\/jpeg\" \/>\n<meta name=\"twitter:card\" content=\"summary_large_image\" \/>\n<meta name=\"twitter:label1\" content=\"Est. reading time\" \/>\n\t<meta name=\"twitter:data1\" content=\"1 minute\" \/>\n<script type=\"application\/ld+json\" class=\"yoast-schema-graph\">{\"@context\":\"https:\\\/\\\/schema.org\",\"@graph\":[{\"@type\":\"WebPage\",\"@id\":\"https:\\\/\\\/ranoja.ee\\\/toode\\\/lisatule-raam-x-vision-optima-8-tulele\\\/\",\"url\":\"https:\\\/\\\/ranoja.ee\\\/toode\\\/lisatule-raam-x-vision-optima-8-tulele\\\/\",\"name\":\"Lisatule raam X-Vision Optima 8 tulele\",\"isPartOf\":{\"@id\":\"https:\\\/\\\/ranoja.ee\\\/#website\"},\"primaryImageOfPage\":{\"@id\":\"https:\\\/\\\/ranoja.ee\\\/toode\\\/lisatule-raam-x-vision-optima-8-tulele\\\/#primaryimage\"},\"image\":{\"@id\":\"https:\\\/\\\/ranoja.ee\\\/toode\\\/lisatule-raam-x-vision-optima-8-tulele\\\/#primaryimage\"},\"thumbnailUrl\":\"https:\\\/\\\/ranoja.ee\\\/wp-content\\\/uploads\\\/2025\\\/11\\\/Lisatule-raam-X-Vision-Optima-8-tulele-2.jpg\",\"datePublished\":\"2025-11-14T08:56:41+00:00\",\"dateModified\":\"2025-12-10T13:07:38+00:00\",\"description\":\"Lisatule raam X-Vision Optima 8 tulele Lisatule raam kinnitub EU numbrim\u00e4rgi taha. Lisatule raam on m\u00f5eldud X-Vision Optima 8 lisatule paigaldamiseks.\",\"breadcrumb\":{\"@id\":\"https:\\\/\\\/ranoja.ee\\\/toode\\\/lisatule-raam-x-vision-optima-8-tulele\\\/#breadcrumb\"},\"inLanguage\":\"en-US\",\"potentialAction\":[{\"@type\":\"ReadAction\",\"target\":[\"https:\\\/\\\/ranoja.ee\\\/toode\\\/lisatule-raam-x-vision-optima-8-tulele\\\/\"]}]},{\"@type\":\"ImageObject\",\"inLanguage\":\"en-US\",\"@id\":\"https:\\\/\\\/ranoja.ee\\\/toode\\\/lisatule-raam-x-vision-optima-8-tulele\\\/#primaryimage\",\"url\":\"https:\\\/\\\/ranoja.ee\\\/wp-content\\\/uploads\\\/2025\\\/11\\\/Lisatule-raam-X-Vision-Optima-8-tulele-2.jpg\",\"contentUrl\":\"https:\\\/\\\/ranoja.ee\\\/wp-content\\\/uploads\\\/2025\\\/11\\\/Lisatule-raam-X-Vision-Optima-8-tulele-2.jpg\",\"width\":400,\"height\":300,\"caption\":\"Lisatule raam X-Vision Optima 8 tulele\"},{\"@type\":\"BreadcrumbList\",\"@id\":\"https:\\\/\\\/ranoja.ee\\\/toode\\\/lisatule-raam-x-vision-optima-8-tulele\\\/#breadcrumb\",\"itemListElement\":[{\"@type\":\"ListItem\",\"position\":1,\"name\":\"Home\",\"item\":\"https:\\\/\\\/ranoja.ee\\\/\"},{\"@type\":\"ListItem\",\"position\":2,\"name\":\"Shop\",\"item\":\"https:\\\/\\\/ranoja.ee\\\/en\\\/shop\\\/\"},{\"@type\":\"ListItem\",\"position\":3,\"name\":\"Lisatule raam X-Vision Optima 8 tulele\"}]},{\"@type\":\"WebSite\",\"@id\":\"https:\\\/\\\/ranoja.ee\\\/#website\",\"url\":\"https:\\\/\\\/ranoja.ee\\\/\",\"name\":\"Ranoja\",\"description\":\"Equipment Shop WooCommerce WordPress Theme for Machine &amp; Tools\",\"publisher\":{\"@id\":\"https:\\\/\\\/ranoja.ee\\\/#organization\"},\"potentialAction\":[{\"@type\":\"SearchAction\",\"target\":{\"@type\":\"EntryPoint\",\"urlTemplate\":\"https:\\\/\\\/ranoja.ee\\\/?s={search_term_string}\"},\"query-input\":{\"@type\":\"PropertyValueSpecification\",\"valueRequired\":true,\"valueName\":\"search_term_string\"}}],\"inLanguage\":\"en-US\"},{\"@type\":\"Organization\",\"@id\":\"https:\\\/\\\/ranoja.ee\\\/#organization\",\"name\":\"Ranoja O\u00dc\",\"url\":\"https:\\\/\\\/ranoja.ee\\\/\",\"logo\":{\"@type\":\"ImageObject\",\"inLanguage\":\"en-US\",\"@id\":\"https:\\\/\\\/ranoja.ee\\\/#\\\/schema\\\/logo\\\/image\\\/\",\"url\":\"https:\\\/\\\/ranoja.ee\\\/wp-content\\\/uploads\\\/2023\\\/11\\\/ranoja-Logo.png\",\"contentUrl\":\"https:\\\/\\\/ranoja.ee\\\/wp-content\\\/uploads\\\/2023\\\/11\\\/ranoja-Logo.png\",\"width\":207,\"height\":58,\"caption\":\"Ranoja O\u00dc\"},\"image\":{\"@id\":\"https:\\\/\\\/ranoja.ee\\\/#\\\/schema\\\/logo\\\/image\\\/\"},\"sameAs\":[\"https:\\\/\\\/www.facebook.com\\\/ranoja.ee\",\"https:\\\/\\\/www.instagram.com\\\/ranoja__\\\/\"]}]}<\/script>\n<!-- \/ Yoast SEO plugin. -->","yoast_head_json":{"title":"Lisatule raam X-Vision Optima 8 tulele","description":"Lisatule raam X-Vision Optima 8 tulele Lisatule raam kinnitub EU numbrim\u00e4rgi taha. Lisatule raam on m\u00f5eldud X-Vision Optima 8 lisatule paigaldamiseks.","robots":{"index":"index","follow":"follow","max-snippet":"max-snippet:-1","max-image-preview":"max-image-preview:large","max-video-preview":"max-video-preview:-1"},"canonical":"https:\/\/ranoja.ee\/toode\/lisatule-raam-x-vision-optima-8-tulele\/","og_locale":"en_US","og_type":"article","og_title":"Lisatule raam X-Vision Optima 8 tulele","og_description":"Lisatule raam X-Vision Optima 8 tulele Lisatule raam kinnitub EU numbrim\u00e4rgi taha. Lisatule raam on m\u00f5eldud X-Vision Optima 8 lisatule paigaldamiseks.","og_url":"https:\/\/ranoja.ee\/toode\/lisatule-raam-x-vision-optima-8-tulele\/","og_site_name":"Ranoja","article_publisher":"https:\/\/www.facebook.com\/ranoja.ee","article_modified_time":"2025-12-10T13:07:38+00:00","og_image":[{"width":400,"height":300,"url":"https:\/\/ranoja.ee\/wp-content\/uploads\/2025\/11\/Lisatule-raam-X-Vision-Optima-8-tulele-2.jpg","type":"image\/jpeg"}],"twitter_card":"summary_large_image","twitter_misc":{"Est. reading time":"1 minute"},"schema":{"@context":"https:\/\/schema.org","@graph":[{"@type":"WebPage","@id":"https:\/\/ranoja.ee\/toode\/lisatule-raam-x-vision-optima-8-tulele\/","url":"https:\/\/ranoja.ee\/toode\/lisatule-raam-x-vision-optima-8-tulele\/","name":"Lisatule raam X-Vision Optima 8 tulele","isPartOf":{"@id":"https:\/\/ranoja.ee\/#website"},"primaryImageOfPage":{"@id":"https:\/\/ranoja.ee\/toode\/lisatule-raam-x-vision-optima-8-tulele\/#primaryimage"},"image":{"@id":"https:\/\/ranoja.ee\/toode\/lisatule-raam-x-vision-optima-8-tulele\/#primaryimage"},"thumbnailUrl":"https:\/\/ranoja.ee\/wp-content\/uploads\/2025\/11\/Lisatule-raam-X-Vision-Optima-8-tulele-2.jpg","datePublished":"2025-11-14T08:56:41+00:00","dateModified":"2025-12-10T13:07:38+00:00","description":"Lisatule raam X-Vision Optima 8 tulele Lisatule raam kinnitub EU numbrim\u00e4rgi taha. Lisatule raam on m\u00f5eldud X-Vision Optima 8 lisatule paigaldamiseks.","breadcrumb":{"@id":"https:\/\/ranoja.ee\/toode\/lisatule-raam-x-vision-optima-8-tulele\/#breadcrumb"},"inLanguage":"en-US","potentialAction":[{"@type":"ReadAction","target":["https:\/\/ranoja.ee\/toode\/lisatule-raam-x-vision-optima-8-tulele\/"]}]},{"@type":"ImageObject","inLanguage":"en-US","@id":"https:\/\/ranoja.ee\/toode\/lisatule-raam-x-vision-optima-8-tulele\/#primaryimage","url":"https:\/\/ranoja.ee\/wp-content\/uploads\/2025\/11\/Lisatule-raam-X-Vision-Optima-8-tulele-2.jpg","contentUrl":"https:\/\/ranoja.ee\/wp-content\/uploads\/2025\/11\/Lisatule-raam-X-Vision-Optima-8-tulele-2.jpg","width":400,"height":300,"caption":"Lisatule raam X-Vision Optima 8 tulele"},{"@type":"BreadcrumbList","@id":"https:\/\/ranoja.ee\/toode\/lisatule-raam-x-vision-optima-8-tulele\/#breadcrumb","itemListElement":[{"@type":"ListItem","position":1,"name":"Home","item":"https:\/\/ranoja.ee\/"},{"@type":"ListItem","position":2,"name":"Shop","item":"https:\/\/ranoja.ee\/en\/shop\/"},{"@type":"ListItem","position":3,"name":"Lisatule raam X-Vision Optima 8 tulele"}]},{"@type":"WebSite","@id":"https:\/\/ranoja.ee\/#website","url":"https:\/\/ranoja.ee\/","name":"Ranoja","description":"Equipment Shop WooCommerce WordPress Theme for Machine &amp; Tools","publisher":{"@id":"https:\/\/ranoja.ee\/#organization"},"potentialAction":[{"@type":"SearchAction","target":{"@type":"EntryPoint","urlTemplate":"https:\/\/ranoja.ee\/?s={search_term_string}"},"query-input":{"@type":"PropertyValueSpecification","valueRequired":true,"valueName":"search_term_string"}}],"inLanguage":"en-US"},{"@type":"Organization","@id":"https:\/\/ranoja.ee\/#organization","name":"Ranoja O\u00dc","url":"https:\/\/ranoja.ee\/","logo":{"@type":"ImageObject","inLanguage":"en-US","@id":"https:\/\/ranoja.ee\/#\/schema\/logo\/image\/","url":"https:\/\/ranoja.ee\/wp-content\/uploads\/2023\/11\/ranoja-Logo.png","contentUrl":"https:\/\/ranoja.ee\/wp-content\/uploads\/2023\/11\/ranoja-Logo.png","width":207,"height":58,"caption":"Ranoja O\u00dc"},"image":{"@id":"https:\/\/ranoja.ee\/#\/schema\/logo\/image\/"},"sameAs":["https:\/\/www.facebook.com\/ranoja.ee","https:\/\/www.instagram.com\/ranoja__\/"]}]}},"_links":{"self":[{"href":"https:\/\/ranoja.ee\/en\/wp-json\/wp\/v2\/product\/23605","targetHints":{"allow":["GET"]}}],"collection":[{"href":"https:\/\/ranoja.ee\/en\/wp-json\/wp\/v2\/product"}],"about":[{"href":"https:\/\/ranoja.ee\/en\/wp-json\/wp\/v2\/types\/product"}],"wp:featuredmedia":[{"embeddable":true,"href":"https:\/\/ranoja.ee\/en\/wp-json\/wp\/v2\/media\/23611"}],"wp:attachment":[{"href":"https:\/\/ranoja.ee\/en\/wp-json\/wp\/v2\/media?parent=23605"}],"wp:term":[{"taxonomy":"product_cat","embeddable":true,"href":"https:\/\/ranoja.ee\/en\/wp-json\/wp\/v2\/product_cat?post=23605"},{"taxonomy":"product_tag","embeddable":true,"href":"https:\/\/ranoja.ee\/en\/wp-json\/wp\/v2\/product_tag?post=23605"}],"curies":[{"name":"wp","href":"https:\/\/api.w.org\/{rel}","templated":true}]}}