{"id":23589,"date":"2025-11-14T11:21:56","date_gmt":"2025-11-14T08:21:56","guid":{"rendered":"https:\/\/ranoja.ee\/?post_type=product&#038;p=23589"},"modified":"2025-12-10T16:07:38","modified_gmt":"2025-12-10T13:07:38","slug":"lisatule-raam-neljale-lisatulele","status":"publish","type":"product","link":"https:\/\/ranoja.ee\/en\/toode\/lisatule-raam-neljale-lisatulele\/","title":{"rendered":"Lisatule raam neljale lisatulele"},"content":{"rendered":"<p>Lisatule raam neljale lisatulele<\/p>\n<p>H\u00e4sti projekteeritud lisavalgustite raam, mis on m\u00f5eldud kasutamiseks s\u00f5idukitel. See metallist raam on valmistatud 4 mm paksusest roostevabast terasest, mis tagab strukturaalse tugevuse ning pikema eluiga. Raami m\u00f5\u00f5dud on 790 mm \u00d7 160 mm, mis t\u00e4hendab, et see sobib mitmele lisatuledest. Eriti suuremate v\u00f5i laiemate lisavalguste paigaldamiseks.<\/p>\n<p>V\u00f5imaldab kinnitada kuni neli lisavalgustit auto esik\u00fcljele, t\u00e4psemalt Euroopa numbrikilbi taha, mis muudab paigalduse puhtaks ja stiilseks. Kuna raam paigaldatakse numbrim\u00e4rgi all, ei tekita see visuaalset \u00fclek\u00fcllust ja s\u00e4ilitab elegantse v\u00e4ljan\u00e4gemise. Samal ajal kui valgusvilkusid saab optimaalselt seadistada.<\/p>\n<p>Kaitse ja vastupidavuse osas on toode m\u00f5eldud ka karmimates tingimustes kasutamiseks. Roostevaba teras m\u00f5jub h\u00e4sti nii korrosioonile kui ka vibratsioonile. V\u00e4ga sobiv auto lisavarustuseks, eriti off-road v\u00f5i maantees\u00f5idul. Raam ise kaalub ligikaudu 1,5 kg, mis t\u00e4hendab, et selle lisandumine s\u00f5iduki esiosale ei anna \u00fcleliigset kaalu. Kuid on samas piisavalt j\u00e4ik, et p\u00fcsivalt kindlalt paigal p\u00fcsida ka raskemat t\u00fc\u00fcpi lisavalguste puhul.<\/p>\n<p>Paigaldamiseks on vajalik \u00f5igete poltide ja kinnituste kasutamine, et tagada raami stabiilsus ja turvalisus. Kuna raam on m\u00f5eldud nelja valgusti jaoks, pakub see suurep\u00e4rast paindlikkust mitmesugustele konfiguratsioonidele \u2014 v\u00f5id \u00fchendada n\u00e4iteks kaks suurt tuld ja kaks v\u00e4iksemat t\u00f6\u00f6- v\u00f5i k\u00fclgtuld.<\/p>\n<p>Lisatule raam neljale lisatulele<\/p>\n","protected":false},"excerpt":{"rendered":"<p>Lisatule raam neljale lisatulele<br \/>\nM\u00f5\u00f5tmed: 790 x 160 mm<br \/>\nKinnitub EU numbrim\u00e4rgi taha<br \/>\nV\u00e4rvus on must<br \/>\nRaam on valmistatud 4 mm paksusest roostevaba terasest<br \/>\nKaal: 1.5 kg<br \/>\n<strong><span style=\"color: #339966;\">Seadme eeldatav tarneaeg 3-4 t\u00f6\u00f6p\u00e4eva<\/span><\/strong><\/p>\n","protected":false},"featured_media":23596,"template":"","meta":{"inline_featured_image":false},"product_cat":[1116,1119],"product_tag":[2453,953,952,2454],"class_list":{"0":"post-23589","1":"product","2":"type-product","3":"status-publish","4":"has-post-thumbnail","6":"product_cat-lisaseadmed-ehitusseadmed-led-lisatuled-cb-raadiod-lallar","7":"product_cat-tulede-tarvikud","8":"product_tag-1605-3066","9":"product_tag-kinnitus","10":"product_tag-lisatule-kinnitus","11":"product_tag-lisatule-raam-neljale-lisatulele","13":"first","14":"instock","15":"taxable","16":"shipping-taxable","17":"purchasable","18":"product-type-simple"},"yoast_head":"<!-- This site is optimized with the Yoast SEO plugin v27.4 - https:\/\/yoast.com\/product\/yoast-seo-wordpress\/ -->\n<title>Lisatule raam neljale lisatulele<\/title>\n<meta name=\"description\" content=\"Lisatule raam neljale lisatulele Lisatule raam on valmistatud 4 mm paksusest roostevaba terasest. Lisatule raam on m\u00f5eldud nelja lisatule paigaldamiseks.\" \/>\n<meta name=\"robots\" content=\"index, follow, max-snippet:-1, max-image-preview:large, max-video-preview:-1\" \/>\n<link rel=\"canonical\" href=\"https:\/\/ranoja.ee\/toode\/lisatule-raam-neljale-lisatulele\/\" \/>\n<meta property=\"og:locale\" content=\"en_US\" \/>\n<meta property=\"og:type\" content=\"article\" \/>\n<meta property=\"og:title\" content=\"Lisatule raam neljale lisatulele\" \/>\n<meta property=\"og:description\" content=\"Lisatule raam neljale lisatulele Lisatule raam on valmistatud 4 mm paksusest roostevaba terasest. Lisatule raam on m\u00f5eldud nelja lisatule paigaldamiseks.\" \/>\n<meta property=\"og:url\" content=\"https:\/\/ranoja.ee\/toode\/lisatule-raam-neljale-lisatulele\/\" \/>\n<meta property=\"og:site_name\" content=\"Ranoja\" \/>\n<meta property=\"article:publisher\" content=\"https:\/\/www.facebook.com\/ranoja.ee\" \/>\n<meta property=\"article:modified_time\" content=\"2025-12-10T13:07:38+00:00\" \/>\n<meta property=\"og:image\" content=\"https:\/\/ranoja.ee\/wp-content\/uploads\/2025\/11\/Lisatule-raam-neljale-lisatulele-5.jpg\" \/>\n\t<meta property=\"og:image:width\" content=\"800\" \/>\n\t<meta property=\"og:image:height\" content=\"600\" \/>\n\t<meta property=\"og:image:type\" content=\"image\/jpeg\" \/>\n<meta name=\"twitter:card\" content=\"summary_large_image\" \/>\n<meta name=\"twitter:label1\" content=\"Est. reading time\" \/>\n\t<meta name=\"twitter:data1\" content=\"1 minute\" \/>\n<script type=\"application\/ld+json\" class=\"yoast-schema-graph\">{\"@context\":\"https:\\\/\\\/schema.org\",\"@graph\":[{\"@type\":\"WebPage\",\"@id\":\"https:\\\/\\\/ranoja.ee\\\/toode\\\/lisatule-raam-neljale-lisatulele\\\/\",\"url\":\"https:\\\/\\\/ranoja.ee\\\/toode\\\/lisatule-raam-neljale-lisatulele\\\/\",\"name\":\"Lisatule raam neljale lisatulele\",\"isPartOf\":{\"@id\":\"https:\\\/\\\/ranoja.ee\\\/#website\"},\"primaryImageOfPage\":{\"@id\":\"https:\\\/\\\/ranoja.ee\\\/toode\\\/lisatule-raam-neljale-lisatulele\\\/#primaryimage\"},\"image\":{\"@id\":\"https:\\\/\\\/ranoja.ee\\\/toode\\\/lisatule-raam-neljale-lisatulele\\\/#primaryimage\"},\"thumbnailUrl\":\"https:\\\/\\\/ranoja.ee\\\/wp-content\\\/uploads\\\/2025\\\/11\\\/Lisatule-raam-neljale-lisatulele-5.jpg\",\"datePublished\":\"2025-11-14T08:21:56+00:00\",\"dateModified\":\"2025-12-10T13:07:38+00:00\",\"description\":\"Lisatule raam neljale lisatulele Lisatule raam on valmistatud 4 mm paksusest roostevaba terasest. Lisatule raam on m\u00f5eldud nelja lisatule paigaldamiseks.\",\"breadcrumb\":{\"@id\":\"https:\\\/\\\/ranoja.ee\\\/toode\\\/lisatule-raam-neljale-lisatulele\\\/#breadcrumb\"},\"inLanguage\":\"en-US\",\"potentialAction\":[{\"@type\":\"ReadAction\",\"target\":[\"https:\\\/\\\/ranoja.ee\\\/toode\\\/lisatule-raam-neljale-lisatulele\\\/\"]}]},{\"@type\":\"ImageObject\",\"inLanguage\":\"en-US\",\"@id\":\"https:\\\/\\\/ranoja.ee\\\/toode\\\/lisatule-raam-neljale-lisatulele\\\/#primaryimage\",\"url\":\"https:\\\/\\\/ranoja.ee\\\/wp-content\\\/uploads\\\/2025\\\/11\\\/Lisatule-raam-neljale-lisatulele-5.jpg\",\"contentUrl\":\"https:\\\/\\\/ranoja.ee\\\/wp-content\\\/uploads\\\/2025\\\/11\\\/Lisatule-raam-neljale-lisatulele-5.jpg\",\"width\":800,\"height\":600,\"caption\":\"Lisatule raam neljale lisatulele\"},{\"@type\":\"BreadcrumbList\",\"@id\":\"https:\\\/\\\/ranoja.ee\\\/toode\\\/lisatule-raam-neljale-lisatulele\\\/#breadcrumb\",\"itemListElement\":[{\"@type\":\"ListItem\",\"position\":1,\"name\":\"Home\",\"item\":\"https:\\\/\\\/ranoja.ee\\\/\"},{\"@type\":\"ListItem\",\"position\":2,\"name\":\"Shop\",\"item\":\"https:\\\/\\\/ranoja.ee\\\/en\\\/shop\\\/\"},{\"@type\":\"ListItem\",\"position\":3,\"name\":\"Lisatule raam neljale lisatulele\"}]},{\"@type\":\"WebSite\",\"@id\":\"https:\\\/\\\/ranoja.ee\\\/#website\",\"url\":\"https:\\\/\\\/ranoja.ee\\\/\",\"name\":\"Ranoja\",\"description\":\"Equipment Shop WooCommerce WordPress Theme for Machine &amp; Tools\",\"publisher\":{\"@id\":\"https:\\\/\\\/ranoja.ee\\\/#organization\"},\"potentialAction\":[{\"@type\":\"SearchAction\",\"target\":{\"@type\":\"EntryPoint\",\"urlTemplate\":\"https:\\\/\\\/ranoja.ee\\\/?s={search_term_string}\"},\"query-input\":{\"@type\":\"PropertyValueSpecification\",\"valueRequired\":true,\"valueName\":\"search_term_string\"}}],\"inLanguage\":\"en-US\"},{\"@type\":\"Organization\",\"@id\":\"https:\\\/\\\/ranoja.ee\\\/#organization\",\"name\":\"Ranoja O\u00dc\",\"url\":\"https:\\\/\\\/ranoja.ee\\\/\",\"logo\":{\"@type\":\"ImageObject\",\"inLanguage\":\"en-US\",\"@id\":\"https:\\\/\\\/ranoja.ee\\\/#\\\/schema\\\/logo\\\/image\\\/\",\"url\":\"https:\\\/\\\/ranoja.ee\\\/wp-content\\\/uploads\\\/2023\\\/11\\\/ranoja-Logo.png\",\"contentUrl\":\"https:\\\/\\\/ranoja.ee\\\/wp-content\\\/uploads\\\/2023\\\/11\\\/ranoja-Logo.png\",\"width\":207,\"height\":58,\"caption\":\"Ranoja O\u00dc\"},\"image\":{\"@id\":\"https:\\\/\\\/ranoja.ee\\\/#\\\/schema\\\/logo\\\/image\\\/\"},\"sameAs\":[\"https:\\\/\\\/www.facebook.com\\\/ranoja.ee\",\"https:\\\/\\\/www.instagram.com\\\/ranoja__\\\/\"]}]}<\/script>\n<!-- \/ Yoast SEO plugin. -->","yoast_head_json":{"title":"Lisatule raam neljale lisatulele","description":"Lisatule raam neljale lisatulele Lisatule raam on valmistatud 4 mm paksusest roostevaba terasest. Lisatule raam on m\u00f5eldud nelja lisatule paigaldamiseks.","robots":{"index":"index","follow":"follow","max-snippet":"max-snippet:-1","max-image-preview":"max-image-preview:large","max-video-preview":"max-video-preview:-1"},"canonical":"https:\/\/ranoja.ee\/toode\/lisatule-raam-neljale-lisatulele\/","og_locale":"en_US","og_type":"article","og_title":"Lisatule raam neljale lisatulele","og_description":"Lisatule raam neljale lisatulele Lisatule raam on valmistatud 4 mm paksusest roostevaba terasest. Lisatule raam on m\u00f5eldud nelja lisatule paigaldamiseks.","og_url":"https:\/\/ranoja.ee\/toode\/lisatule-raam-neljale-lisatulele\/","og_site_name":"Ranoja","article_publisher":"https:\/\/www.facebook.com\/ranoja.ee","article_modified_time":"2025-12-10T13:07:38+00:00","og_image":[{"width":800,"height":600,"url":"https:\/\/ranoja.ee\/wp-content\/uploads\/2025\/11\/Lisatule-raam-neljale-lisatulele-5.jpg","type":"image\/jpeg"}],"twitter_card":"summary_large_image","twitter_misc":{"Est. reading time":"1 minute"},"schema":{"@context":"https:\/\/schema.org","@graph":[{"@type":"WebPage","@id":"https:\/\/ranoja.ee\/toode\/lisatule-raam-neljale-lisatulele\/","url":"https:\/\/ranoja.ee\/toode\/lisatule-raam-neljale-lisatulele\/","name":"Lisatule raam neljale lisatulele","isPartOf":{"@id":"https:\/\/ranoja.ee\/#website"},"primaryImageOfPage":{"@id":"https:\/\/ranoja.ee\/toode\/lisatule-raam-neljale-lisatulele\/#primaryimage"},"image":{"@id":"https:\/\/ranoja.ee\/toode\/lisatule-raam-neljale-lisatulele\/#primaryimage"},"thumbnailUrl":"https:\/\/ranoja.ee\/wp-content\/uploads\/2025\/11\/Lisatule-raam-neljale-lisatulele-5.jpg","datePublished":"2025-11-14T08:21:56+00:00","dateModified":"2025-12-10T13:07:38+00:00","description":"Lisatule raam neljale lisatulele Lisatule raam on valmistatud 4 mm paksusest roostevaba terasest. Lisatule raam on m\u00f5eldud nelja lisatule paigaldamiseks.","breadcrumb":{"@id":"https:\/\/ranoja.ee\/toode\/lisatule-raam-neljale-lisatulele\/#breadcrumb"},"inLanguage":"en-US","potentialAction":[{"@type":"ReadAction","target":["https:\/\/ranoja.ee\/toode\/lisatule-raam-neljale-lisatulele\/"]}]},{"@type":"ImageObject","inLanguage":"en-US","@id":"https:\/\/ranoja.ee\/toode\/lisatule-raam-neljale-lisatulele\/#primaryimage","url":"https:\/\/ranoja.ee\/wp-content\/uploads\/2025\/11\/Lisatule-raam-neljale-lisatulele-5.jpg","contentUrl":"https:\/\/ranoja.ee\/wp-content\/uploads\/2025\/11\/Lisatule-raam-neljale-lisatulele-5.jpg","width":800,"height":600,"caption":"Lisatule raam neljale lisatulele"},{"@type":"BreadcrumbList","@id":"https:\/\/ranoja.ee\/toode\/lisatule-raam-neljale-lisatulele\/#breadcrumb","itemListElement":[{"@type":"ListItem","position":1,"name":"Home","item":"https:\/\/ranoja.ee\/"},{"@type":"ListItem","position":2,"name":"Shop","item":"https:\/\/ranoja.ee\/en\/shop\/"},{"@type":"ListItem","position":3,"name":"Lisatule raam neljale lisatulele"}]},{"@type":"WebSite","@id":"https:\/\/ranoja.ee\/#website","url":"https:\/\/ranoja.ee\/","name":"Ranoja","description":"Equipment Shop WooCommerce WordPress Theme for Machine &amp; Tools","publisher":{"@id":"https:\/\/ranoja.ee\/#organization"},"potentialAction":[{"@type":"SearchAction","target":{"@type":"EntryPoint","urlTemplate":"https:\/\/ranoja.ee\/?s={search_term_string}"},"query-input":{"@type":"PropertyValueSpecification","valueRequired":true,"valueName":"search_term_string"}}],"inLanguage":"en-US"},{"@type":"Organization","@id":"https:\/\/ranoja.ee\/#organization","name":"Ranoja O\u00dc","url":"https:\/\/ranoja.ee\/","logo":{"@type":"ImageObject","inLanguage":"en-US","@id":"https:\/\/ranoja.ee\/#\/schema\/logo\/image\/","url":"https:\/\/ranoja.ee\/wp-content\/uploads\/2023\/11\/ranoja-Logo.png","contentUrl":"https:\/\/ranoja.ee\/wp-content\/uploads\/2023\/11\/ranoja-Logo.png","width":207,"height":58,"caption":"Ranoja O\u00dc"},"image":{"@id":"https:\/\/ranoja.ee\/#\/schema\/logo\/image\/"},"sameAs":["https:\/\/www.facebook.com\/ranoja.ee","https:\/\/www.instagram.com\/ranoja__\/"]}]}},"_links":{"self":[{"href":"https:\/\/ranoja.ee\/en\/wp-json\/wp\/v2\/product\/23589","targetHints":{"allow":["GET"]}}],"collection":[{"href":"https:\/\/ranoja.ee\/en\/wp-json\/wp\/v2\/product"}],"about":[{"href":"https:\/\/ranoja.ee\/en\/wp-json\/wp\/v2\/types\/product"}],"wp:featuredmedia":[{"embeddable":true,"href":"https:\/\/ranoja.ee\/en\/wp-json\/wp\/v2\/media\/23596"}],"wp:attachment":[{"href":"https:\/\/ranoja.ee\/en\/wp-json\/wp\/v2\/media?parent=23589"}],"wp:term":[{"taxonomy":"product_cat","embeddable":true,"href":"https:\/\/ranoja.ee\/en\/wp-json\/wp\/v2\/product_cat?post=23589"},{"taxonomy":"product_tag","embeddable":true,"href":"https:\/\/ranoja.ee\/en\/wp-json\/wp\/v2\/product_tag?post=23589"}],"curies":[{"name":"wp","href":"https:\/\/api.w.org\/{rel}","templated":true}]}}