{"id":23560,"date":"2025-11-12T17:55:03","date_gmt":"2025-11-12T14:55:03","guid":{"rendered":"https:\/\/ranoja.ee\/?post_type=product&#038;p=23560"},"modified":"2025-12-10T16:07:38","modified_gmt":"2025-12-10T13:07:38","slug":"lisatule-raam-optibeam-super-captain-one-tulele","status":"publish","type":"product","link":"https:\/\/ranoja.ee\/en\/toode\/lisatule-raam-optibeam-super-captain-one-tulele\/","title":{"rendered":"Lisatule raam Optibeam Super Captain One tulele"},"content":{"rendered":"<p>Lisatule raam Optibeam Super Captain One tulele<\/p>\n<p>Tugev ja h\u00e4sti l\u00e4bim\u00f5eldud kinnitustugi, mis v\u00f5imaldab Optibeam Super Captain One lisatule korrektselt paigaldada numbrim\u00e4rgi taha. Konstruktsioon on valmistatud 3 mm paksusest roostevabast terasest. Tagab nii vastupidavuse kui ka korrosioonikindluse. Sobib ideaalselt auto esiosale, kuhu paigaldusel soovitakse j\u00e4tta puhas ja stiilne ilme. <\/p>\n<p>Tugi on kujundatud nii, et lisatuli istuks t\u00e4pselt, v\u00e4hendades visuaalset r\u00e4gastust ja tagades puhta v\u00e4ljan\u00e4gemise ilma, et numbrim\u00e4rk varjuks v\u00f5i paistaks \u00fcle. Selle paigaldus aitab s\u00e4ilitada s\u00f5iduki originaalse esiosa esteetika. Kuid lisab samal ajal funktsionaalsust. Valgusti saab olla suunatud \u00f5igesti ja kindlalt. <\/p>\n<p>Kinnitusraami kaal on ligikaudu 1,5 kg, mis on piisavalt kerge, et ei koorma \u00fcle paigaldatud tuled ega s\u00f5iduki esiosa liigselt.<br \/>\nRaami seinapaksus ning materjalivalik tagavad, et see peab vastu vibratsioonile ja sagedasele s\u00f5idukikasutusele. Eriti kui lamp on suunatud pikema n\u00e4htavuse v\u00f5i maastikus\u00f5idu jaoks.<\/p>\n<p>Kasutamisel on oluline valida \u00f5iged poltid ja mutrid paigaldamiseks, et tagada raamile stabiilsus ja v\u00e4ltida hilisemaid liikumisi v\u00f5i m\u00e4\u00e4rdumist. Kuna tegemist on spetsiaalse kinnitusega, mis sobib just Super Captain One seeriaga, aitab see lihtsustada tuledetailide paigaldust ja v\u00e4ltida improvisatsioonilisi lahendusi.<\/p>\n<p>Lisatule raam Optibeam Super Captain One tulele<\/p>\n","protected":false},"excerpt":{"rendered":"<p>Lisatule raam Optibeam Super Captain One tulele<br \/>\nKinnitub EU numbrim\u00e4rgi taha<br \/>\nV\u00e4rvus on must<br \/>\nRaam on valmistatud 3 mm paksusest terasest<br \/>\nLisatule raam on m\u00f5eldud Optibeam Super Captain One lisatule paigaldamiseks<br \/>\nKaal: 1.5 kg<br \/>\n<strong><span style=\"color: #339966;\">Seadme eeldatav tarneaeg 3-4 t\u00f6\u00f6p\u00e4eva<\/span><\/strong><\/p>\n","protected":false},"featured_media":23585,"template":"","meta":{"inline_featured_image":false},"product_cat":[1116,1119],"product_tag":[2449,2452,953,952,2450],"class_list":{"0":"post-23560","1":"product","2":"type-product","3":"status-publish","4":"has-post-thumbnail","6":"product_cat-lisaseadmed-ehitusseadmed-led-lisatuled-cb-raadiod-lallar","7":"product_cat-tulede-tarvikud","8":"product_tag-1605-3064","9":"product_tag-1605-ns2096","10":"product_tag-kinnitus","11":"product_tag-lisatule-kinnitus","12":"product_tag-optibeam-super-captain-one","14":"first","15":"instock","16":"taxable","17":"shipping-taxable","18":"purchasable","19":"product-type-simple"},"yoast_head":"<!-- This site is optimized with the Yoast SEO plugin v27.4 - https:\/\/yoast.com\/product\/yoast-seo-wordpress\/ -->\n<title>Lisatule raam Optibeam Super Captain One tulele<\/title>\n<meta name=\"description\" content=\"Lisatule raam Optibeam Super Captain One tulele Lisatule raam kinnitub EU numbrim\u00e4rgi taha. Lisatule raam on valmistatud 3 mm paksusest terasest.\" \/>\n<meta name=\"robots\" content=\"index, follow, max-snippet:-1, max-image-preview:large, max-video-preview:-1\" \/>\n<link rel=\"canonical\" href=\"https:\/\/ranoja.ee\/toode\/lisatule-raam-optibeam-super-captain-one-tulele\/\" \/>\n<meta property=\"og:locale\" content=\"en_US\" \/>\n<meta property=\"og:type\" content=\"article\" \/>\n<meta property=\"og:title\" content=\"Lisatule raam Optibeam Super Captain One tulele\" \/>\n<meta property=\"og:description\" content=\"Lisatule raam Optibeam Super Captain One tulele Lisatule raam kinnitub EU numbrim\u00e4rgi taha. Lisatule raam on valmistatud 3 mm paksusest terasest.\" \/>\n<meta property=\"og:url\" content=\"https:\/\/ranoja.ee\/toode\/lisatule-raam-optibeam-super-captain-one-tulele\/\" \/>\n<meta property=\"og:site_name\" content=\"Ranoja\" \/>\n<meta property=\"article:publisher\" content=\"https:\/\/www.facebook.com\/ranoja.ee\" \/>\n<meta property=\"article:modified_time\" content=\"2025-12-10T13:07:38+00:00\" \/>\n<meta property=\"og:image\" content=\"https:\/\/ranoja.ee\/wp-content\/uploads\/2025\/11\/Lisatule-raam-Optibeam-Super-Captain-One-tulele-4.jpg\" \/>\n\t<meta property=\"og:image:width\" content=\"800\" \/>\n\t<meta property=\"og:image:height\" content=\"600\" \/>\n\t<meta property=\"og:image:type\" content=\"image\/jpeg\" \/>\n<meta name=\"twitter:card\" content=\"summary_large_image\" \/>\n<meta name=\"twitter:label1\" content=\"Est. reading time\" \/>\n\t<meta name=\"twitter:data1\" content=\"1 minute\" \/>\n<script type=\"application\/ld+json\" class=\"yoast-schema-graph\">{\"@context\":\"https:\\\/\\\/schema.org\",\"@graph\":[{\"@type\":\"WebPage\",\"@id\":\"https:\\\/\\\/ranoja.ee\\\/toode\\\/lisatule-raam-optibeam-super-captain-one-tulele\\\/\",\"url\":\"https:\\\/\\\/ranoja.ee\\\/toode\\\/lisatule-raam-optibeam-super-captain-one-tulele\\\/\",\"name\":\"Lisatule raam Optibeam Super Captain One tulele\",\"isPartOf\":{\"@id\":\"https:\\\/\\\/ranoja.ee\\\/#website\"},\"primaryImageOfPage\":{\"@id\":\"https:\\\/\\\/ranoja.ee\\\/toode\\\/lisatule-raam-optibeam-super-captain-one-tulele\\\/#primaryimage\"},\"image\":{\"@id\":\"https:\\\/\\\/ranoja.ee\\\/toode\\\/lisatule-raam-optibeam-super-captain-one-tulele\\\/#primaryimage\"},\"thumbnailUrl\":\"https:\\\/\\\/ranoja.ee\\\/wp-content\\\/uploads\\\/2025\\\/11\\\/Lisatule-raam-Optibeam-Super-Captain-One-tulele-4.jpg\",\"datePublished\":\"2025-11-12T14:55:03+00:00\",\"dateModified\":\"2025-12-10T13:07:38+00:00\",\"description\":\"Lisatule raam Optibeam Super Captain One tulele Lisatule raam kinnitub EU numbrim\u00e4rgi taha. Lisatule raam on valmistatud 3 mm paksusest terasest.\",\"breadcrumb\":{\"@id\":\"https:\\\/\\\/ranoja.ee\\\/toode\\\/lisatule-raam-optibeam-super-captain-one-tulele\\\/#breadcrumb\"},\"inLanguage\":\"en-US\",\"potentialAction\":[{\"@type\":\"ReadAction\",\"target\":[\"https:\\\/\\\/ranoja.ee\\\/toode\\\/lisatule-raam-optibeam-super-captain-one-tulele\\\/\"]}]},{\"@type\":\"ImageObject\",\"inLanguage\":\"en-US\",\"@id\":\"https:\\\/\\\/ranoja.ee\\\/toode\\\/lisatule-raam-optibeam-super-captain-one-tulele\\\/#primaryimage\",\"url\":\"https:\\\/\\\/ranoja.ee\\\/wp-content\\\/uploads\\\/2025\\\/11\\\/Lisatule-raam-Optibeam-Super-Captain-One-tulele-4.jpg\",\"contentUrl\":\"https:\\\/\\\/ranoja.ee\\\/wp-content\\\/uploads\\\/2025\\\/11\\\/Lisatule-raam-Optibeam-Super-Captain-One-tulele-4.jpg\",\"width\":800,\"height\":600,\"caption\":\"Lisatule raam Optibeam Super Captain One tulele\"},{\"@type\":\"BreadcrumbList\",\"@id\":\"https:\\\/\\\/ranoja.ee\\\/toode\\\/lisatule-raam-optibeam-super-captain-one-tulele\\\/#breadcrumb\",\"itemListElement\":[{\"@type\":\"ListItem\",\"position\":1,\"name\":\"Home\",\"item\":\"https:\\\/\\\/ranoja.ee\\\/\"},{\"@type\":\"ListItem\",\"position\":2,\"name\":\"Shop\",\"item\":\"https:\\\/\\\/ranoja.ee\\\/en\\\/shop\\\/\"},{\"@type\":\"ListItem\",\"position\":3,\"name\":\"Lisatule raam Optibeam Super Captain One tulele\"}]},{\"@type\":\"WebSite\",\"@id\":\"https:\\\/\\\/ranoja.ee\\\/#website\",\"url\":\"https:\\\/\\\/ranoja.ee\\\/\",\"name\":\"Ranoja\",\"description\":\"Equipment Shop WooCommerce WordPress Theme for Machine &amp; Tools\",\"publisher\":{\"@id\":\"https:\\\/\\\/ranoja.ee\\\/#organization\"},\"potentialAction\":[{\"@type\":\"SearchAction\",\"target\":{\"@type\":\"EntryPoint\",\"urlTemplate\":\"https:\\\/\\\/ranoja.ee\\\/?s={search_term_string}\"},\"query-input\":{\"@type\":\"PropertyValueSpecification\",\"valueRequired\":true,\"valueName\":\"search_term_string\"}}],\"inLanguage\":\"en-US\"},{\"@type\":\"Organization\",\"@id\":\"https:\\\/\\\/ranoja.ee\\\/#organization\",\"name\":\"Ranoja O\u00dc\",\"url\":\"https:\\\/\\\/ranoja.ee\\\/\",\"logo\":{\"@type\":\"ImageObject\",\"inLanguage\":\"en-US\",\"@id\":\"https:\\\/\\\/ranoja.ee\\\/#\\\/schema\\\/logo\\\/image\\\/\",\"url\":\"https:\\\/\\\/ranoja.ee\\\/wp-content\\\/uploads\\\/2023\\\/11\\\/ranoja-Logo.png\",\"contentUrl\":\"https:\\\/\\\/ranoja.ee\\\/wp-content\\\/uploads\\\/2023\\\/11\\\/ranoja-Logo.png\",\"width\":207,\"height\":58,\"caption\":\"Ranoja O\u00dc\"},\"image\":{\"@id\":\"https:\\\/\\\/ranoja.ee\\\/#\\\/schema\\\/logo\\\/image\\\/\"},\"sameAs\":[\"https:\\\/\\\/www.facebook.com\\\/ranoja.ee\",\"https:\\\/\\\/www.instagram.com\\\/ranoja__\\\/\"]}]}<\/script>\n<!-- \/ Yoast SEO plugin. -->","yoast_head_json":{"title":"Lisatule raam Optibeam Super Captain One tulele","description":"Lisatule raam Optibeam Super Captain One tulele Lisatule raam kinnitub EU numbrim\u00e4rgi taha. Lisatule raam on valmistatud 3 mm paksusest terasest.","robots":{"index":"index","follow":"follow","max-snippet":"max-snippet:-1","max-image-preview":"max-image-preview:large","max-video-preview":"max-video-preview:-1"},"canonical":"https:\/\/ranoja.ee\/toode\/lisatule-raam-optibeam-super-captain-one-tulele\/","og_locale":"en_US","og_type":"article","og_title":"Lisatule raam Optibeam Super Captain One tulele","og_description":"Lisatule raam Optibeam Super Captain One tulele Lisatule raam kinnitub EU numbrim\u00e4rgi taha. Lisatule raam on valmistatud 3 mm paksusest terasest.","og_url":"https:\/\/ranoja.ee\/toode\/lisatule-raam-optibeam-super-captain-one-tulele\/","og_site_name":"Ranoja","article_publisher":"https:\/\/www.facebook.com\/ranoja.ee","article_modified_time":"2025-12-10T13:07:38+00:00","og_image":[{"width":800,"height":600,"url":"https:\/\/ranoja.ee\/wp-content\/uploads\/2025\/11\/Lisatule-raam-Optibeam-Super-Captain-One-tulele-4.jpg","type":"image\/jpeg"}],"twitter_card":"summary_large_image","twitter_misc":{"Est. reading time":"1 minute"},"schema":{"@context":"https:\/\/schema.org","@graph":[{"@type":"WebPage","@id":"https:\/\/ranoja.ee\/toode\/lisatule-raam-optibeam-super-captain-one-tulele\/","url":"https:\/\/ranoja.ee\/toode\/lisatule-raam-optibeam-super-captain-one-tulele\/","name":"Lisatule raam Optibeam Super Captain One tulele","isPartOf":{"@id":"https:\/\/ranoja.ee\/#website"},"primaryImageOfPage":{"@id":"https:\/\/ranoja.ee\/toode\/lisatule-raam-optibeam-super-captain-one-tulele\/#primaryimage"},"image":{"@id":"https:\/\/ranoja.ee\/toode\/lisatule-raam-optibeam-super-captain-one-tulele\/#primaryimage"},"thumbnailUrl":"https:\/\/ranoja.ee\/wp-content\/uploads\/2025\/11\/Lisatule-raam-Optibeam-Super-Captain-One-tulele-4.jpg","datePublished":"2025-11-12T14:55:03+00:00","dateModified":"2025-12-10T13:07:38+00:00","description":"Lisatule raam Optibeam Super Captain One tulele Lisatule raam kinnitub EU numbrim\u00e4rgi taha. Lisatule raam on valmistatud 3 mm paksusest terasest.","breadcrumb":{"@id":"https:\/\/ranoja.ee\/toode\/lisatule-raam-optibeam-super-captain-one-tulele\/#breadcrumb"},"inLanguage":"en-US","potentialAction":[{"@type":"ReadAction","target":["https:\/\/ranoja.ee\/toode\/lisatule-raam-optibeam-super-captain-one-tulele\/"]}]},{"@type":"ImageObject","inLanguage":"en-US","@id":"https:\/\/ranoja.ee\/toode\/lisatule-raam-optibeam-super-captain-one-tulele\/#primaryimage","url":"https:\/\/ranoja.ee\/wp-content\/uploads\/2025\/11\/Lisatule-raam-Optibeam-Super-Captain-One-tulele-4.jpg","contentUrl":"https:\/\/ranoja.ee\/wp-content\/uploads\/2025\/11\/Lisatule-raam-Optibeam-Super-Captain-One-tulele-4.jpg","width":800,"height":600,"caption":"Lisatule raam Optibeam Super Captain One tulele"},{"@type":"BreadcrumbList","@id":"https:\/\/ranoja.ee\/toode\/lisatule-raam-optibeam-super-captain-one-tulele\/#breadcrumb","itemListElement":[{"@type":"ListItem","position":1,"name":"Home","item":"https:\/\/ranoja.ee\/"},{"@type":"ListItem","position":2,"name":"Shop","item":"https:\/\/ranoja.ee\/en\/shop\/"},{"@type":"ListItem","position":3,"name":"Lisatule raam Optibeam Super Captain One tulele"}]},{"@type":"WebSite","@id":"https:\/\/ranoja.ee\/#website","url":"https:\/\/ranoja.ee\/","name":"Ranoja","description":"Equipment Shop WooCommerce WordPress Theme for Machine &amp; Tools","publisher":{"@id":"https:\/\/ranoja.ee\/#organization"},"potentialAction":[{"@type":"SearchAction","target":{"@type":"EntryPoint","urlTemplate":"https:\/\/ranoja.ee\/?s={search_term_string}"},"query-input":{"@type":"PropertyValueSpecification","valueRequired":true,"valueName":"search_term_string"}}],"inLanguage":"en-US"},{"@type":"Organization","@id":"https:\/\/ranoja.ee\/#organization","name":"Ranoja O\u00dc","url":"https:\/\/ranoja.ee\/","logo":{"@type":"ImageObject","inLanguage":"en-US","@id":"https:\/\/ranoja.ee\/#\/schema\/logo\/image\/","url":"https:\/\/ranoja.ee\/wp-content\/uploads\/2023\/11\/ranoja-Logo.png","contentUrl":"https:\/\/ranoja.ee\/wp-content\/uploads\/2023\/11\/ranoja-Logo.png","width":207,"height":58,"caption":"Ranoja O\u00dc"},"image":{"@id":"https:\/\/ranoja.ee\/#\/schema\/logo\/image\/"},"sameAs":["https:\/\/www.facebook.com\/ranoja.ee","https:\/\/www.instagram.com\/ranoja__\/"]}]}},"_links":{"self":[{"href":"https:\/\/ranoja.ee\/en\/wp-json\/wp\/v2\/product\/23560","targetHints":{"allow":["GET"]}}],"collection":[{"href":"https:\/\/ranoja.ee\/en\/wp-json\/wp\/v2\/product"}],"about":[{"href":"https:\/\/ranoja.ee\/en\/wp-json\/wp\/v2\/types\/product"}],"wp:featuredmedia":[{"embeddable":true,"href":"https:\/\/ranoja.ee\/en\/wp-json\/wp\/v2\/media\/23585"}],"wp:attachment":[{"href":"https:\/\/ranoja.ee\/en\/wp-json\/wp\/v2\/media?parent=23560"}],"wp:term":[{"taxonomy":"product_cat","embeddable":true,"href":"https:\/\/ranoja.ee\/en\/wp-json\/wp\/v2\/product_cat?post=23560"},{"taxonomy":"product_tag","embeddable":true,"href":"https:\/\/ranoja.ee\/en\/wp-json\/wp\/v2\/product_tag?post=23560"}],"curies":[{"name":"wp","href":"https:\/\/api.w.org\/{rel}","templated":true}]}}