{"id":23313,"date":"2025-11-07T13:24:37","date_gmt":"2025-11-07T10:24:37","guid":{"rendered":"https:\/\/ranoja.ee\/?post_type=product&#038;p=23313"},"modified":"2025-12-12T15:48:32","modified_gmt":"2025-12-12T12:48:32","slug":"optibeam-pure-506-lisatuli","status":"publish","type":"product","link":"https:\/\/ranoja.ee\/en\/toode\/optibeam-pure-506-lisatuli\/","title":{"rendered":"OPTIBEAM PURE 506 lisatuli"},"content":{"rendered":"<p>OPTIBEAM PURE 506 lisatuli<\/p>\n<p>K\u00f5rgtasemeline LED\u2011valgusriba, mis \u00fchendab kaasaegse disaini ja v\u00f5imsa valgustuse ning sobib neile, kes soovivad oma s\u00f5idukile lisatuledena parimat n\u00e4htavust ning elegantset paigaldust. Selle mudeli eriliseks omaduseks on v\u00e4ga hea valgusvoog ja korpuse suurus. <\/p>\n<p>Tehnilised p\u00f5hitunnused:<br \/>\nPURE\u202f506 t\u00f6\u00f6tab pingev\u00e4ljas 9\u201348\u202fV. Sobides nii 12\u2011V autodele kui ka 24\u2011V v\u00f5i suuremate elektris\u00fcsteemidega.<br \/>\nValgusvoog on m\u00f5\u00f5detud ligikaudu 17\u202f600\u202flm ja tootja andmetel kuni ~19\u202f400\u202flm.<br \/>\nUlatus 1\u202flux tasemel on hinnanguliselt ~\u202f562\u202fmeetrit, mis t\u00e4hendab, et valgus j\u00f5uab kaugele ette ja tagab suure n\u00e4htavuse pimedas. <\/p>\n<p>Disain ja konstruktsioon:<br \/>\nKorpus on \u00fcheosaline alumiiniumvalust, l\u00e4\u00e4ts pol\u00fckarbonaadist. V\u00e4ga vastupidav nii l\u00f6\u00f6kidele kui ilmastiku m\u00f5judele. Korpuse k\u00f5rgus on vaid ~42\u202fmm \u2013 see madal profiil sobib paigaldamiseks ka kaasaegsetele s\u00f5idukitele, kus esiv\u00f5re on suletud v\u00f5i ruum piiratud.<br \/>\nKaitseklassiks on IP68 \u2013 tagades tolmu\u2011 ja veekindluse ka ekstreemsetes oludes. <\/p>\n<p>PURE\u202f506 mudelil on ka topeltv\u00e4rviline positsioonituled (\u201eparking-\/position light\u201c) \u2013 valge v\u00f5i oran\u017e, vastavalt vajadusele. Samuti on olemas funktsioon \u201cDouble Up Boost\u201d, mis v\u00f5imaldab maksimaalse heledusre\u017eiimi kasutamist, kui tingimused seda n\u00f5uavad (off\u2011road, v\u00e4ljaspool tavaliikluse standardeid).<\/p>\n<p>OPTIBEAM PURE 506 lisatuli<\/p>\n","protected":false},"excerpt":{"rendered":"<p>OPTIBEAM PURE 506 lisatuli<br \/>\nM\u00f5\u00f5tmed: 508 x 42 x 65 mm<br \/>\nPinge: 9-48 V<br \/>\nVoolutarve: 21 A ja 13.7 V<br \/>\nLumenid: 19400 lm<br \/>\nLumenid m\u00f5\u00f5detud: 17620 lm<br \/>\nReferentsarv: 30<br \/>\nVorm: Riba<br \/>\nV\u00e4rvitemperatuur: 5000 K<br \/>\nValgustus kaugus: 1 lux = 260 m<br \/>\nDouble up valgustus kaugus: 1 lux = 562 m<br \/>\nElegantne kumer disain<br \/>\nVastupidav PC klaas<br \/>\nKahev\u00e4rviline parktuli<br \/>\nPistiku t\u00fc\u00fcp: 2-pin DTP<br \/>\nJuhtme pikkus: 2,20 m<br \/>\nIP klassifikatsioon: IP68<br \/>\nSertifikaadid: ECE R148, R149, R10<br \/>\nMudeli nimi: PURE 506<br \/>\nKaal: 2 kg<br \/>\n<strong>Eeldatav tarneaeg 1-7 t\u00f6\u00f6p\u00e4eva<\/strong>  <\/p>\n","protected":false},"featured_media":23341,"template":"","meta":{"inline_featured_image":false},"product_cat":[1116,1117],"product_tag":[2425,2423,1001,998,654,649,675,2422],"class_list":{"0":"post-23313","1":"product","2":"type-product","3":"status-publish","4":"has-post-thumbnail","6":"product_brand-optibeam","7":"product_cat-lisaseadmed-ehitusseadmed-led-lisatuled-cb-raadiod-lallar","8":"product_cat-lisatuled","9":"product_tag-1605-3065","10":"product_tag-1605-ns2097","11":"product_tag-1605-wk021","12":"product_tag-1605-wk069","13":"product_tag-led-tuli","14":"product_tag-lisatuli","15":"product_tag-optibeam","16":"product_tag-optibeam-pure-506","18":"first","19":"instock","20":"sale","21":"taxable","22":"shipping-taxable","23":"purchasable","24":"product-type-simple"},"yoast_head":"<!-- This site is optimized with the Yoast SEO plugin v27.4 - https:\/\/yoast.com\/product\/yoast-seo-wordpress\/ -->\n<title>OPTIBEAM PURE 506 lisatuli<\/title>\n<meta name=\"description\" content=\"OPTIBEAM PURE 506 lisatuli PURE\u202f 506 t\u00f6\u00f6tab pingev\u00e4ljas 9 \u2013 48\u202f V. Sobides nii 12\u2011V autodele kui ka 24\u2011V v\u00f5i suuremate elektris\u00fcsteemidega.\" \/>\n<meta name=\"robots\" content=\"index, follow, max-snippet:-1, max-image-preview:large, max-video-preview:-1\" \/>\n<link rel=\"canonical\" href=\"https:\/\/ranoja.ee\/toode\/optibeam-pure-506-lisatuli\/\" \/>\n<meta property=\"og:locale\" content=\"en_US\" \/>\n<meta property=\"og:type\" content=\"article\" \/>\n<meta property=\"og:title\" content=\"OPTIBEAM PURE 506 lisatuli\" \/>\n<meta property=\"og:description\" content=\"OPTIBEAM PURE 506 lisatuli PURE\u202f 506 t\u00f6\u00f6tab pingev\u00e4ljas 9 \u2013 48\u202f V. Sobides nii 12\u2011V autodele kui ka 24\u2011V v\u00f5i suuremate elektris\u00fcsteemidega.\" \/>\n<meta property=\"og:url\" content=\"https:\/\/ranoja.ee\/toode\/optibeam-pure-506-lisatuli\/\" \/>\n<meta property=\"og:site_name\" content=\"Ranoja\" \/>\n<meta property=\"article:publisher\" content=\"https:\/\/www.facebook.com\/ranoja.ee\" \/>\n<meta property=\"article:modified_time\" content=\"2025-12-12T12:48:32+00:00\" \/>\n<meta property=\"og:image\" content=\"https:\/\/ranoja.ee\/wp-content\/uploads\/2025\/11\/OPTIBEAM-PURE-506-lisatuli.jpg\" \/>\n\t<meta property=\"og:image:width\" content=\"800\" \/>\n\t<meta property=\"og:image:height\" content=\"600\" \/>\n\t<meta property=\"og:image:type\" content=\"image\/jpeg\" \/>\n<meta name=\"twitter:card\" content=\"summary_large_image\" \/>\n<meta name=\"twitter:label1\" content=\"Est. reading time\" \/>\n\t<meta name=\"twitter:data1\" content=\"1 minute\" \/>\n<script type=\"application\/ld+json\" class=\"yoast-schema-graph\">{\"@context\":\"https:\\\/\\\/schema.org\",\"@graph\":[{\"@type\":\"WebPage\",\"@id\":\"https:\\\/\\\/ranoja.ee\\\/toode\\\/optibeam-pure-506-lisatuli\\\/\",\"url\":\"https:\\\/\\\/ranoja.ee\\\/toode\\\/optibeam-pure-506-lisatuli\\\/\",\"name\":\"OPTIBEAM PURE 506 lisatuli\",\"isPartOf\":{\"@id\":\"https:\\\/\\\/ranoja.ee\\\/#website\"},\"primaryImageOfPage\":{\"@id\":\"https:\\\/\\\/ranoja.ee\\\/toode\\\/optibeam-pure-506-lisatuli\\\/#primaryimage\"},\"image\":{\"@id\":\"https:\\\/\\\/ranoja.ee\\\/toode\\\/optibeam-pure-506-lisatuli\\\/#primaryimage\"},\"thumbnailUrl\":\"https:\\\/\\\/ranoja.ee\\\/wp-content\\\/uploads\\\/2025\\\/11\\\/OPTIBEAM-PURE-506-lisatuli.jpg\",\"datePublished\":\"2025-11-07T10:24:37+00:00\",\"dateModified\":\"2025-12-12T12:48:32+00:00\",\"description\":\"OPTIBEAM PURE 506 lisatuli PURE\u202f 506 t\u00f6\u00f6tab pingev\u00e4ljas 9 \u2013 48\u202f V. Sobides nii 12\u2011V autodele kui ka 24\u2011V v\u00f5i suuremate elektris\u00fcsteemidega.\",\"breadcrumb\":{\"@id\":\"https:\\\/\\\/ranoja.ee\\\/toode\\\/optibeam-pure-506-lisatuli\\\/#breadcrumb\"},\"inLanguage\":\"en-US\",\"potentialAction\":[{\"@type\":\"ReadAction\",\"target\":[\"https:\\\/\\\/ranoja.ee\\\/toode\\\/optibeam-pure-506-lisatuli\\\/\"]}]},{\"@type\":\"ImageObject\",\"inLanguage\":\"en-US\",\"@id\":\"https:\\\/\\\/ranoja.ee\\\/toode\\\/optibeam-pure-506-lisatuli\\\/#primaryimage\",\"url\":\"https:\\\/\\\/ranoja.ee\\\/wp-content\\\/uploads\\\/2025\\\/11\\\/OPTIBEAM-PURE-506-lisatuli.jpg\",\"contentUrl\":\"https:\\\/\\\/ranoja.ee\\\/wp-content\\\/uploads\\\/2025\\\/11\\\/OPTIBEAM-PURE-506-lisatuli.jpg\",\"width\":800,\"height\":600,\"caption\":\"OPTIBEAM PURE 506 lisatuli\"},{\"@type\":\"BreadcrumbList\",\"@id\":\"https:\\\/\\\/ranoja.ee\\\/toode\\\/optibeam-pure-506-lisatuli\\\/#breadcrumb\",\"itemListElement\":[{\"@type\":\"ListItem\",\"position\":1,\"name\":\"Home\",\"item\":\"https:\\\/\\\/ranoja.ee\\\/\"},{\"@type\":\"ListItem\",\"position\":2,\"name\":\"Shop\",\"item\":\"https:\\\/\\\/ranoja.ee\\\/en\\\/shop\\\/\"},{\"@type\":\"ListItem\",\"position\":3,\"name\":\"OPTIBEAM PURE 506 lisatuli\"}]},{\"@type\":\"WebSite\",\"@id\":\"https:\\\/\\\/ranoja.ee\\\/#website\",\"url\":\"https:\\\/\\\/ranoja.ee\\\/\",\"name\":\"Ranoja\",\"description\":\"Equipment Shop WooCommerce WordPress Theme for Machine &amp; Tools\",\"publisher\":{\"@id\":\"https:\\\/\\\/ranoja.ee\\\/#organization\"},\"potentialAction\":[{\"@type\":\"SearchAction\",\"target\":{\"@type\":\"EntryPoint\",\"urlTemplate\":\"https:\\\/\\\/ranoja.ee\\\/?s={search_term_string}\"},\"query-input\":{\"@type\":\"PropertyValueSpecification\",\"valueRequired\":true,\"valueName\":\"search_term_string\"}}],\"inLanguage\":\"en-US\"},{\"@type\":\"Organization\",\"@id\":\"https:\\\/\\\/ranoja.ee\\\/#organization\",\"name\":\"Ranoja O\u00dc\",\"url\":\"https:\\\/\\\/ranoja.ee\\\/\",\"logo\":{\"@type\":\"ImageObject\",\"inLanguage\":\"en-US\",\"@id\":\"https:\\\/\\\/ranoja.ee\\\/#\\\/schema\\\/logo\\\/image\\\/\",\"url\":\"https:\\\/\\\/ranoja.ee\\\/wp-content\\\/uploads\\\/2023\\\/11\\\/ranoja-Logo.png\",\"contentUrl\":\"https:\\\/\\\/ranoja.ee\\\/wp-content\\\/uploads\\\/2023\\\/11\\\/ranoja-Logo.png\",\"width\":207,\"height\":58,\"caption\":\"Ranoja O\u00dc\"},\"image\":{\"@id\":\"https:\\\/\\\/ranoja.ee\\\/#\\\/schema\\\/logo\\\/image\\\/\"},\"sameAs\":[\"https:\\\/\\\/www.facebook.com\\\/ranoja.ee\",\"https:\\\/\\\/www.instagram.com\\\/ranoja__\\\/\"]}]}<\/script>\n<!-- \/ Yoast SEO plugin. -->","yoast_head_json":{"title":"OPTIBEAM PURE 506 lisatuli","description":"OPTIBEAM PURE 506 lisatuli PURE\u202f 506 t\u00f6\u00f6tab pingev\u00e4ljas 9 \u2013 48\u202f V. Sobides nii 12\u2011V autodele kui ka 24\u2011V v\u00f5i suuremate elektris\u00fcsteemidega.","robots":{"index":"index","follow":"follow","max-snippet":"max-snippet:-1","max-image-preview":"max-image-preview:large","max-video-preview":"max-video-preview:-1"},"canonical":"https:\/\/ranoja.ee\/toode\/optibeam-pure-506-lisatuli\/","og_locale":"en_US","og_type":"article","og_title":"OPTIBEAM PURE 506 lisatuli","og_description":"OPTIBEAM PURE 506 lisatuli PURE\u202f 506 t\u00f6\u00f6tab pingev\u00e4ljas 9 \u2013 48\u202f V. Sobides nii 12\u2011V autodele kui ka 24\u2011V v\u00f5i suuremate elektris\u00fcsteemidega.","og_url":"https:\/\/ranoja.ee\/toode\/optibeam-pure-506-lisatuli\/","og_site_name":"Ranoja","article_publisher":"https:\/\/www.facebook.com\/ranoja.ee","article_modified_time":"2025-12-12T12:48:32+00:00","og_image":[{"width":800,"height":600,"url":"https:\/\/ranoja.ee\/wp-content\/uploads\/2025\/11\/OPTIBEAM-PURE-506-lisatuli.jpg","type":"image\/jpeg"}],"twitter_card":"summary_large_image","twitter_misc":{"Est. reading time":"1 minute"},"schema":{"@context":"https:\/\/schema.org","@graph":[{"@type":"WebPage","@id":"https:\/\/ranoja.ee\/toode\/optibeam-pure-506-lisatuli\/","url":"https:\/\/ranoja.ee\/toode\/optibeam-pure-506-lisatuli\/","name":"OPTIBEAM PURE 506 lisatuli","isPartOf":{"@id":"https:\/\/ranoja.ee\/#website"},"primaryImageOfPage":{"@id":"https:\/\/ranoja.ee\/toode\/optibeam-pure-506-lisatuli\/#primaryimage"},"image":{"@id":"https:\/\/ranoja.ee\/toode\/optibeam-pure-506-lisatuli\/#primaryimage"},"thumbnailUrl":"https:\/\/ranoja.ee\/wp-content\/uploads\/2025\/11\/OPTIBEAM-PURE-506-lisatuli.jpg","datePublished":"2025-11-07T10:24:37+00:00","dateModified":"2025-12-12T12:48:32+00:00","description":"OPTIBEAM PURE 506 lisatuli PURE\u202f 506 t\u00f6\u00f6tab pingev\u00e4ljas 9 \u2013 48\u202f V. Sobides nii 12\u2011V autodele kui ka 24\u2011V v\u00f5i suuremate elektris\u00fcsteemidega.","breadcrumb":{"@id":"https:\/\/ranoja.ee\/toode\/optibeam-pure-506-lisatuli\/#breadcrumb"},"inLanguage":"en-US","potentialAction":[{"@type":"ReadAction","target":["https:\/\/ranoja.ee\/toode\/optibeam-pure-506-lisatuli\/"]}]},{"@type":"ImageObject","inLanguage":"en-US","@id":"https:\/\/ranoja.ee\/toode\/optibeam-pure-506-lisatuli\/#primaryimage","url":"https:\/\/ranoja.ee\/wp-content\/uploads\/2025\/11\/OPTIBEAM-PURE-506-lisatuli.jpg","contentUrl":"https:\/\/ranoja.ee\/wp-content\/uploads\/2025\/11\/OPTIBEAM-PURE-506-lisatuli.jpg","width":800,"height":600,"caption":"OPTIBEAM PURE 506 lisatuli"},{"@type":"BreadcrumbList","@id":"https:\/\/ranoja.ee\/toode\/optibeam-pure-506-lisatuli\/#breadcrumb","itemListElement":[{"@type":"ListItem","position":1,"name":"Home","item":"https:\/\/ranoja.ee\/"},{"@type":"ListItem","position":2,"name":"Shop","item":"https:\/\/ranoja.ee\/en\/shop\/"},{"@type":"ListItem","position":3,"name":"OPTIBEAM PURE 506 lisatuli"}]},{"@type":"WebSite","@id":"https:\/\/ranoja.ee\/#website","url":"https:\/\/ranoja.ee\/","name":"Ranoja","description":"Equipment Shop WooCommerce WordPress Theme for Machine &amp; Tools","publisher":{"@id":"https:\/\/ranoja.ee\/#organization"},"potentialAction":[{"@type":"SearchAction","target":{"@type":"EntryPoint","urlTemplate":"https:\/\/ranoja.ee\/?s={search_term_string}"},"query-input":{"@type":"PropertyValueSpecification","valueRequired":true,"valueName":"search_term_string"}}],"inLanguage":"en-US"},{"@type":"Organization","@id":"https:\/\/ranoja.ee\/#organization","name":"Ranoja O\u00dc","url":"https:\/\/ranoja.ee\/","logo":{"@type":"ImageObject","inLanguage":"en-US","@id":"https:\/\/ranoja.ee\/#\/schema\/logo\/image\/","url":"https:\/\/ranoja.ee\/wp-content\/uploads\/2023\/11\/ranoja-Logo.png","contentUrl":"https:\/\/ranoja.ee\/wp-content\/uploads\/2023\/11\/ranoja-Logo.png","width":207,"height":58,"caption":"Ranoja O\u00dc"},"image":{"@id":"https:\/\/ranoja.ee\/#\/schema\/logo\/image\/"},"sameAs":["https:\/\/www.facebook.com\/ranoja.ee","https:\/\/www.instagram.com\/ranoja__\/"]}]}},"_links":{"self":[{"href":"https:\/\/ranoja.ee\/en\/wp-json\/wp\/v2\/product\/23313","targetHints":{"allow":["GET"]}}],"collection":[{"href":"https:\/\/ranoja.ee\/en\/wp-json\/wp\/v2\/product"}],"about":[{"href":"https:\/\/ranoja.ee\/en\/wp-json\/wp\/v2\/types\/product"}],"wp:featuredmedia":[{"embeddable":true,"href":"https:\/\/ranoja.ee\/en\/wp-json\/wp\/v2\/media\/23341"}],"wp:attachment":[{"href":"https:\/\/ranoja.ee\/en\/wp-json\/wp\/v2\/media?parent=23313"}],"wp:term":[{"taxonomy":"product_cat","embeddable":true,"href":"https:\/\/ranoja.ee\/en\/wp-json\/wp\/v2\/product_cat?post=23313"},{"taxonomy":"product_tag","embeddable":true,"href":"https:\/\/ranoja.ee\/en\/wp-json\/wp\/v2\/product_tag?post=23313"}],"curies":[{"name":"wp","href":"https:\/\/api.w.org\/{rel}","templated":true}]}}