{"id":23270,"date":"2025-11-07T11:25:41","date_gmt":"2025-11-07T08:25:41","guid":{"rendered":"https:\/\/ranoja.ee\/?post_type=product&#038;p=23270"},"modified":"2025-12-10T16:07:39","modified_gmt":"2025-12-10T13:07:39","slug":"optibeam-juhtmestik-2-x-deutsch-dtp","status":"publish","type":"product","link":"https:\/\/ranoja.ee\/en\/toode\/optibeam-juhtmestik-2-x-deutsch-dtp\/","title":{"rendered":"OPTIBEAM juhtmestik 2 x Deutsch DTP"},"content":{"rendered":"<p>OPTIBEAM juhtmestik 2 x Deutsch DTP<\/p>\n<p>Praktiliselt t\u00e4hendab see, et kui paigaldate oma s\u00f5idukisse kahe lisatuledena s\u00fcsteemi \u2013 n\u00e4iteks LED-kaugtuled v\u00f5i valgustusriba. Siis see juhtmestik tagab korrektse toitele ja \u00fchenduse. Sisaldab releed v\u00f5i elektroonilise juhtseadme (vastavalt mudelile), kaitseid, piisava juhtmeg\u00f5\u00f5duga kaableid ja standardi-kohase \u00fchenduse. T\u00e4nu sellele on paigaldus kiirem ja t\u00f6\u00f6kindlus k\u00f5rgem v\u00f5rreldes k\u00e4sitsi \u201e\u00fcksikjuhe-\u00fcksiklahendus\u201c variandiga.<\/p>\n<p>Oluline on paigaldamisel tagada, et juhtmestiku \u00fchendus oleks h\u00e4sti maandatud, juhtmed korralikult kinnitatud ning valgustid suunatud vastavalt n\u00f5uetele. Kuna v\u00f5imalus on kuni 135 W \u00d7 2 (12 V) v\u00f5i 270 W \u00d7 2 (24 V). Tuleb samuti kontrollida, et s\u00f5iduki elektris\u00fcsteem kannaks n\u00f5utavat koormust (juhtmed, \u00fchendused, aku, generaator).<\/p>\n<p>Kokkuv\u00f5ttes on OPTIBEAM 1605-WK036 v\u00e4ga sobiv valik neile, kes plaanivad paigaldada kahte lisatuledena s\u00fcsteemi ja soovivad, et \u00fchendus oleks turvaline, standardne ning t\u00f6\u00f6kindel. Olgu selleks maantee- v\u00f5i off-road kasutus.<\/p>\n<p>OPTIBEAM juhtmestik 2 x Deutsch DTP<\/p>\n","protected":false},"excerpt":{"rendered":"<p>OPTIBEAM juhtmestik 2 x Deutsch DTP<br \/>\nT\u00fc\u00fcp: SET 6<br \/>\nPinge: 12\/24 V<br \/>\n12V: 2 x 135 W, 24V: 2 x 270 W<br \/>\n2 x Deutsch DTP -pistikut<br \/>\nCAN \u00fchilduv<br \/>\nKorrosiooni eest kaitstud juhtmestik<br \/>\nKaal: 130g<br \/>\n<strong>Eeldatav tarneaeg 1-7 t\u00f6\u00f6p\u00e4eva<\/strong><\/p>\n","protected":false},"featured_media":23271,"template":"","meta":{"inline_featured_image":false},"product_cat":[1116,1119],"product_tag":[2419,916,675,917],"class_list":{"0":"post-23270","1":"product","2":"type-product","3":"status-publish","4":"has-post-thumbnail","6":"product_brand-optibeam","7":"product_cat-lisaseadmed-ehitusseadmed-led-lisatuled-cb-raadiod-lallar","8":"product_cat-tulede-tarvikud","9":"product_tag-1605-wk036","10":"product_tag-lisatulede-juhtmestik","11":"product_tag-optibeam","12":"product_tag-tulede-juhtmestik","14":"first","15":"instock","16":"taxable","17":"shipping-taxable","18":"purchasable","19":"product-type-simple"},"yoast_head":"<!-- This site is optimized with the Yoast SEO plugin v27.4 - https:\/\/yoast.com\/product\/yoast-seo-wordpress\/ -->\n<title>OPTIBEAM juhtmestik 2 x Deutsch DTP<\/title>\n<meta name=\"description\" content=\"OPTIBEAM juhtmestik 2 x Deutsch DTP Sobiv valik neile, kes plaanivad paigaldada kahte lisatulede s\u00fcsteemi ja soovivad, et \u00fchendus oleks turvaline.\" \/>\n<meta name=\"robots\" content=\"index, follow, max-snippet:-1, max-image-preview:large, max-video-preview:-1\" \/>\n<link rel=\"canonical\" href=\"https:\/\/ranoja.ee\/toode\/optibeam-juhtmestik-2-x-deutsch-dtp\/\" \/>\n<meta property=\"og:locale\" content=\"en_US\" \/>\n<meta property=\"og:type\" content=\"article\" \/>\n<meta property=\"og:title\" content=\"OPTIBEAM juhtmestik 2 x Deutsch DTP\" \/>\n<meta property=\"og:description\" content=\"OPTIBEAM juhtmestik 2 x Deutsch DTP Sobiv valik neile, kes plaanivad paigaldada kahte lisatulede s\u00fcsteemi ja soovivad, et \u00fchendus oleks turvaline.\" \/>\n<meta property=\"og:url\" content=\"https:\/\/ranoja.ee\/toode\/optibeam-juhtmestik-2-x-deutsch-dtp\/\" \/>\n<meta property=\"og:site_name\" content=\"Ranoja\" \/>\n<meta property=\"article:publisher\" content=\"https:\/\/www.facebook.com\/ranoja.ee\" \/>\n<meta property=\"article:modified_time\" content=\"2025-12-10T13:07:39+00:00\" \/>\n<meta property=\"og:image\" content=\"https:\/\/ranoja.ee\/wp-content\/uploads\/2025\/11\/OPTIBEAM-juhtmestik-2-x-Deutsch-DTP-2.jpg\" \/>\n\t<meta property=\"og:image:width\" content=\"400\" \/>\n\t<meta property=\"og:image:height\" content=\"300\" \/>\n\t<meta property=\"og:image:type\" content=\"image\/jpeg\" \/>\n<meta name=\"twitter:card\" content=\"summary_large_image\" \/>\n<meta name=\"twitter:label1\" content=\"Est. reading time\" \/>\n\t<meta name=\"twitter:data1\" content=\"1 minute\" \/>\n<script type=\"application\/ld+json\" class=\"yoast-schema-graph\">{\"@context\":\"https:\\\/\\\/schema.org\",\"@graph\":[{\"@type\":\"WebPage\",\"@id\":\"https:\\\/\\\/ranoja.ee\\\/toode\\\/optibeam-juhtmestik-2-x-deutsch-dtp\\\/\",\"url\":\"https:\\\/\\\/ranoja.ee\\\/toode\\\/optibeam-juhtmestik-2-x-deutsch-dtp\\\/\",\"name\":\"OPTIBEAM juhtmestik 2 x Deutsch DTP\",\"isPartOf\":{\"@id\":\"https:\\\/\\\/ranoja.ee\\\/#website\"},\"primaryImageOfPage\":{\"@id\":\"https:\\\/\\\/ranoja.ee\\\/toode\\\/optibeam-juhtmestik-2-x-deutsch-dtp\\\/#primaryimage\"},\"image\":{\"@id\":\"https:\\\/\\\/ranoja.ee\\\/toode\\\/optibeam-juhtmestik-2-x-deutsch-dtp\\\/#primaryimage\"},\"thumbnailUrl\":\"https:\\\/\\\/ranoja.ee\\\/wp-content\\\/uploads\\\/2025\\\/11\\\/OPTIBEAM-juhtmestik-2-x-Deutsch-DTP-2.jpg\",\"datePublished\":\"2025-11-07T08:25:41+00:00\",\"dateModified\":\"2025-12-10T13:07:39+00:00\",\"description\":\"OPTIBEAM juhtmestik 2 x Deutsch DTP Sobiv valik neile, kes plaanivad paigaldada kahte lisatulede s\u00fcsteemi ja soovivad, et \u00fchendus oleks turvaline.\",\"breadcrumb\":{\"@id\":\"https:\\\/\\\/ranoja.ee\\\/toode\\\/optibeam-juhtmestik-2-x-deutsch-dtp\\\/#breadcrumb\"},\"inLanguage\":\"en-US\",\"potentialAction\":[{\"@type\":\"ReadAction\",\"target\":[\"https:\\\/\\\/ranoja.ee\\\/toode\\\/optibeam-juhtmestik-2-x-deutsch-dtp\\\/\"]}]},{\"@type\":\"ImageObject\",\"inLanguage\":\"en-US\",\"@id\":\"https:\\\/\\\/ranoja.ee\\\/toode\\\/optibeam-juhtmestik-2-x-deutsch-dtp\\\/#primaryimage\",\"url\":\"https:\\\/\\\/ranoja.ee\\\/wp-content\\\/uploads\\\/2025\\\/11\\\/OPTIBEAM-juhtmestik-2-x-Deutsch-DTP-2.jpg\",\"contentUrl\":\"https:\\\/\\\/ranoja.ee\\\/wp-content\\\/uploads\\\/2025\\\/11\\\/OPTIBEAM-juhtmestik-2-x-Deutsch-DTP-2.jpg\",\"width\":400,\"height\":300,\"caption\":\"OPTIBEAM juhtmestik 2 x Deutsch DTP\"},{\"@type\":\"BreadcrumbList\",\"@id\":\"https:\\\/\\\/ranoja.ee\\\/toode\\\/optibeam-juhtmestik-2-x-deutsch-dtp\\\/#breadcrumb\",\"itemListElement\":[{\"@type\":\"ListItem\",\"position\":1,\"name\":\"Home\",\"item\":\"https:\\\/\\\/ranoja.ee\\\/\"},{\"@type\":\"ListItem\",\"position\":2,\"name\":\"Shop\",\"item\":\"https:\\\/\\\/ranoja.ee\\\/en\\\/shop\\\/\"},{\"@type\":\"ListItem\",\"position\":3,\"name\":\"OPTIBEAM juhtmestik 2 x Deutsch DTP\"}]},{\"@type\":\"WebSite\",\"@id\":\"https:\\\/\\\/ranoja.ee\\\/#website\",\"url\":\"https:\\\/\\\/ranoja.ee\\\/\",\"name\":\"Ranoja\",\"description\":\"Equipment Shop WooCommerce WordPress Theme for Machine &amp; Tools\",\"publisher\":{\"@id\":\"https:\\\/\\\/ranoja.ee\\\/#organization\"},\"potentialAction\":[{\"@type\":\"SearchAction\",\"target\":{\"@type\":\"EntryPoint\",\"urlTemplate\":\"https:\\\/\\\/ranoja.ee\\\/?s={search_term_string}\"},\"query-input\":{\"@type\":\"PropertyValueSpecification\",\"valueRequired\":true,\"valueName\":\"search_term_string\"}}],\"inLanguage\":\"en-US\"},{\"@type\":\"Organization\",\"@id\":\"https:\\\/\\\/ranoja.ee\\\/#organization\",\"name\":\"Ranoja O\u00dc\",\"url\":\"https:\\\/\\\/ranoja.ee\\\/\",\"logo\":{\"@type\":\"ImageObject\",\"inLanguage\":\"en-US\",\"@id\":\"https:\\\/\\\/ranoja.ee\\\/#\\\/schema\\\/logo\\\/image\\\/\",\"url\":\"https:\\\/\\\/ranoja.ee\\\/wp-content\\\/uploads\\\/2023\\\/11\\\/ranoja-Logo.png\",\"contentUrl\":\"https:\\\/\\\/ranoja.ee\\\/wp-content\\\/uploads\\\/2023\\\/11\\\/ranoja-Logo.png\",\"width\":207,\"height\":58,\"caption\":\"Ranoja O\u00dc\"},\"image\":{\"@id\":\"https:\\\/\\\/ranoja.ee\\\/#\\\/schema\\\/logo\\\/image\\\/\"},\"sameAs\":[\"https:\\\/\\\/www.facebook.com\\\/ranoja.ee\",\"https:\\\/\\\/www.instagram.com\\\/ranoja__\\\/\"]}]}<\/script>\n<!-- \/ Yoast SEO plugin. -->","yoast_head_json":{"title":"OPTIBEAM juhtmestik 2 x Deutsch DTP","description":"OPTIBEAM juhtmestik 2 x Deutsch DTP Sobiv valik neile, kes plaanivad paigaldada kahte lisatulede s\u00fcsteemi ja soovivad, et \u00fchendus oleks turvaline.","robots":{"index":"index","follow":"follow","max-snippet":"max-snippet:-1","max-image-preview":"max-image-preview:large","max-video-preview":"max-video-preview:-1"},"canonical":"https:\/\/ranoja.ee\/toode\/optibeam-juhtmestik-2-x-deutsch-dtp\/","og_locale":"en_US","og_type":"article","og_title":"OPTIBEAM juhtmestik 2 x Deutsch DTP","og_description":"OPTIBEAM juhtmestik 2 x Deutsch DTP Sobiv valik neile, kes plaanivad paigaldada kahte lisatulede s\u00fcsteemi ja soovivad, et \u00fchendus oleks turvaline.","og_url":"https:\/\/ranoja.ee\/toode\/optibeam-juhtmestik-2-x-deutsch-dtp\/","og_site_name":"Ranoja","article_publisher":"https:\/\/www.facebook.com\/ranoja.ee","article_modified_time":"2025-12-10T13:07:39+00:00","og_image":[{"width":400,"height":300,"url":"https:\/\/ranoja.ee\/wp-content\/uploads\/2025\/11\/OPTIBEAM-juhtmestik-2-x-Deutsch-DTP-2.jpg","type":"image\/jpeg"}],"twitter_card":"summary_large_image","twitter_misc":{"Est. reading time":"1 minute"},"schema":{"@context":"https:\/\/schema.org","@graph":[{"@type":"WebPage","@id":"https:\/\/ranoja.ee\/toode\/optibeam-juhtmestik-2-x-deutsch-dtp\/","url":"https:\/\/ranoja.ee\/toode\/optibeam-juhtmestik-2-x-deutsch-dtp\/","name":"OPTIBEAM juhtmestik 2 x Deutsch DTP","isPartOf":{"@id":"https:\/\/ranoja.ee\/#website"},"primaryImageOfPage":{"@id":"https:\/\/ranoja.ee\/toode\/optibeam-juhtmestik-2-x-deutsch-dtp\/#primaryimage"},"image":{"@id":"https:\/\/ranoja.ee\/toode\/optibeam-juhtmestik-2-x-deutsch-dtp\/#primaryimage"},"thumbnailUrl":"https:\/\/ranoja.ee\/wp-content\/uploads\/2025\/11\/OPTIBEAM-juhtmestik-2-x-Deutsch-DTP-2.jpg","datePublished":"2025-11-07T08:25:41+00:00","dateModified":"2025-12-10T13:07:39+00:00","description":"OPTIBEAM juhtmestik 2 x Deutsch DTP Sobiv valik neile, kes plaanivad paigaldada kahte lisatulede s\u00fcsteemi ja soovivad, et \u00fchendus oleks turvaline.","breadcrumb":{"@id":"https:\/\/ranoja.ee\/toode\/optibeam-juhtmestik-2-x-deutsch-dtp\/#breadcrumb"},"inLanguage":"en-US","potentialAction":[{"@type":"ReadAction","target":["https:\/\/ranoja.ee\/toode\/optibeam-juhtmestik-2-x-deutsch-dtp\/"]}]},{"@type":"ImageObject","inLanguage":"en-US","@id":"https:\/\/ranoja.ee\/toode\/optibeam-juhtmestik-2-x-deutsch-dtp\/#primaryimage","url":"https:\/\/ranoja.ee\/wp-content\/uploads\/2025\/11\/OPTIBEAM-juhtmestik-2-x-Deutsch-DTP-2.jpg","contentUrl":"https:\/\/ranoja.ee\/wp-content\/uploads\/2025\/11\/OPTIBEAM-juhtmestik-2-x-Deutsch-DTP-2.jpg","width":400,"height":300,"caption":"OPTIBEAM juhtmestik 2 x Deutsch DTP"},{"@type":"BreadcrumbList","@id":"https:\/\/ranoja.ee\/toode\/optibeam-juhtmestik-2-x-deutsch-dtp\/#breadcrumb","itemListElement":[{"@type":"ListItem","position":1,"name":"Home","item":"https:\/\/ranoja.ee\/"},{"@type":"ListItem","position":2,"name":"Shop","item":"https:\/\/ranoja.ee\/en\/shop\/"},{"@type":"ListItem","position":3,"name":"OPTIBEAM juhtmestik 2 x Deutsch DTP"}]},{"@type":"WebSite","@id":"https:\/\/ranoja.ee\/#website","url":"https:\/\/ranoja.ee\/","name":"Ranoja","description":"Equipment Shop WooCommerce WordPress Theme for Machine &amp; Tools","publisher":{"@id":"https:\/\/ranoja.ee\/#organization"},"potentialAction":[{"@type":"SearchAction","target":{"@type":"EntryPoint","urlTemplate":"https:\/\/ranoja.ee\/?s={search_term_string}"},"query-input":{"@type":"PropertyValueSpecification","valueRequired":true,"valueName":"search_term_string"}}],"inLanguage":"en-US"},{"@type":"Organization","@id":"https:\/\/ranoja.ee\/#organization","name":"Ranoja O\u00dc","url":"https:\/\/ranoja.ee\/","logo":{"@type":"ImageObject","inLanguage":"en-US","@id":"https:\/\/ranoja.ee\/#\/schema\/logo\/image\/","url":"https:\/\/ranoja.ee\/wp-content\/uploads\/2023\/11\/ranoja-Logo.png","contentUrl":"https:\/\/ranoja.ee\/wp-content\/uploads\/2023\/11\/ranoja-Logo.png","width":207,"height":58,"caption":"Ranoja O\u00dc"},"image":{"@id":"https:\/\/ranoja.ee\/#\/schema\/logo\/image\/"},"sameAs":["https:\/\/www.facebook.com\/ranoja.ee","https:\/\/www.instagram.com\/ranoja__\/"]}]}},"_links":{"self":[{"href":"https:\/\/ranoja.ee\/en\/wp-json\/wp\/v2\/product\/23270","targetHints":{"allow":["GET"]}}],"collection":[{"href":"https:\/\/ranoja.ee\/en\/wp-json\/wp\/v2\/product"}],"about":[{"href":"https:\/\/ranoja.ee\/en\/wp-json\/wp\/v2\/types\/product"}],"wp:featuredmedia":[{"embeddable":true,"href":"https:\/\/ranoja.ee\/en\/wp-json\/wp\/v2\/media\/23271"}],"wp:attachment":[{"href":"https:\/\/ranoja.ee\/en\/wp-json\/wp\/v2\/media?parent=23270"}],"wp:term":[{"taxonomy":"product_cat","embeddable":true,"href":"https:\/\/ranoja.ee\/en\/wp-json\/wp\/v2\/product_cat?post=23270"},{"taxonomy":"product_tag","embeddable":true,"href":"https:\/\/ranoja.ee\/en\/wp-json\/wp\/v2\/product_tag?post=23270"}],"curies":[{"name":"wp","href":"https:\/\/api.w.org\/{rel}","templated":true}]}}