{"id":23263,"date":"2025-11-07T11:13:26","date_gmt":"2025-11-07T08:13:26","guid":{"rendered":"https:\/\/ranoja.ee\/?post_type=product&#038;p=23263"},"modified":"2025-12-10T16:07:39","modified_gmt":"2025-12-10T13:07:39","slug":"optibeam-universaalne-uhenduskomplekt-kolmele-tulele","status":"publish","type":"product","link":"https:\/\/ranoja.ee\/en\/toode\/optibeam-universaalne-uhenduskomplekt-kolmele-tulele\/","title":{"rendered":"OPTIBEAM universaalne \u00fchenduskomplekt kolmele tulele"},"content":{"rendered":"<p>OPTIBEAM universaalne \u00fchenduskomplekt kolmele tulele<\/p>\n<p>M\u00f5eldud kuni kolme lisatuledena \u00fchendatava seadme turvaliseks ja korralikuks paigalduseks s\u00f5idukile.<br \/>\nKomplekt on disainitud nii 12 V kui 24 V elektris\u00fcsteemidele. 12 V korral on lubatud koormus 3 \u00d7 200 W, 24 V korral 3 \u00d7 400 W.<br \/>\nSee t\u00e4hendab, et selle juhtmestikuga on v\u00f5imalik \u00fchendada kuni kolm v\u00f5imsat lisavalu\u00adgustit, ilma et elektris\u00fcsteemilt toetust kaotataks v\u00f5i \u00fchendused \u00fcle kuumeneks.<\/p>\n<p>Juhtmestikku iseloomustab plug-and-play paigalduslahendus: komplekt sisaldab vajalikke kaableid, juhtseadmeid ja tihendid \u2013 \u00fchendused on kiirelt teostatavad ning s\u00fcsteem mugavalt paigutatavad. T\u00e4nu korrosioonikindlatele \u00fchendustele sobib juhtmestik ka karmimatesse tingimustesse. Vee-, tolmu- ja vibratsioonikindlus.<\/p>\n<p>Optibeam 1605-WK033 on m\u00f5eldud kasutamiseks lisatuledega s\u00fcsteemides, kus oluline on turvaline toitelahendus ja lihtne paigaldus. N\u00e4iteks maasturites, t\u00f6\u00f6autodes v\u00f5i k\u00f5rvaliste lisatuledega s\u00f5idukites. Paigaldades sellise komplekti v\u00e4hendad riskidele (liigne juhe, kehv \u00fchendus, \u00fclekoormus) ning seadistus vastab paremini n\u00f5uetele.<\/p>\n<p>OPTIBEAM universaalne \u00fchenduskomplekt kolmele tulele<\/p>\n","protected":false},"excerpt":{"rendered":"<p>OPTIBEAM universaalne \u00fchenduskomplekt kolmele tulele<br \/>\nPinge: 12\/24 V<br \/>\n12V: 3 x 200 W, 24V: 3 x 400 W<br \/>\nT\u00fc\u00fcp: SET 3<br \/>\nL\u00fchikese voolujuhtmega, ilma pistikuta<br \/>\n1.35 m pikad juhtmed termokahanevate juhtmeotstega<br \/>\nCAN-\u00fchilduv<br \/>\nKorrosiooni eest kaitstud juhtmed<br \/>\nAsendab eraldiseisvat releed ja kaitset<br \/>\n<strong>Eeldatav tarneaeg 1-7 t\u00f6\u00f6p\u00e4eva<\/strong><\/p>\n","protected":false},"featured_media":23266,"template":"","meta":{"inline_featured_image":false},"product_cat":[1116,1119],"product_tag":[2418,916,675,2417,917],"class_list":{"0":"post-23263","1":"product","2":"type-product","3":"status-publish","4":"has-post-thumbnail","6":"product_brand-optibeam","7":"product_cat-lisaseadmed-ehitusseadmed-led-lisatuled-cb-raadiod-lallar","8":"product_cat-tulede-tarvikud","9":"product_tag-1605-wk033","10":"product_tag-lisatulede-juhtmestik","11":"product_tag-optibeam","12":"product_tag-optibeam-universaalne-uhenduskomplekt-kolmele-tulele","13":"product_tag-tulede-juhtmestik","15":"first","16":"instock","17":"taxable","18":"shipping-taxable","19":"purchasable","20":"product-type-simple"},"yoast_head":"<!-- This site is optimized with the Yoast SEO plugin v27.4 - https:\/\/yoast.com\/product\/yoast-seo-wordpress\/ -->\n<title>OPTIBEAM universaalne \u00fchenduskomplekt kolmele tulele<\/title>\n<meta name=\"description\" content=\"OPTIBEAM universaalne \u00fchenduskomplekt kolmele tulele M\u00f5eldud kuni kolme lisatuledena \u00fchendatava seadme turvaliseks ja korralikuks paigalduseks s\u00f5idukile.\" \/>\n<meta name=\"robots\" content=\"index, follow, max-snippet:-1, max-image-preview:large, max-video-preview:-1\" \/>\n<link rel=\"canonical\" href=\"https:\/\/ranoja.ee\/toode\/optibeam-universaalne-uhenduskomplekt-kolmele-tulele\/\" \/>\n<meta property=\"og:locale\" content=\"en_US\" \/>\n<meta property=\"og:type\" content=\"article\" \/>\n<meta property=\"og:title\" content=\"OPTIBEAM universaalne \u00fchenduskomplekt kolmele tulele\" \/>\n<meta property=\"og:description\" content=\"OPTIBEAM universaalne \u00fchenduskomplekt kolmele tulele M\u00f5eldud kuni kolme lisatuledena \u00fchendatava seadme turvaliseks ja korralikuks paigalduseks s\u00f5idukile.\" \/>\n<meta property=\"og:url\" content=\"https:\/\/ranoja.ee\/toode\/optibeam-universaalne-uhenduskomplekt-kolmele-tulele\/\" \/>\n<meta property=\"og:site_name\" content=\"Ranoja\" \/>\n<meta property=\"article:publisher\" content=\"https:\/\/www.facebook.com\/ranoja.ee\" \/>\n<meta property=\"article:modified_time\" content=\"2025-12-10T13:07:39+00:00\" \/>\n<meta property=\"og:image\" content=\"https:\/\/ranoja.ee\/wp-content\/uploads\/2025\/11\/OPTIBEAM-universaalne-uhenduskomplekt-kolmele-tulele-2.jpg\" \/>\n\t<meta property=\"og:image:width\" content=\"800\" \/>\n\t<meta property=\"og:image:height\" content=\"600\" \/>\n\t<meta property=\"og:image:type\" content=\"image\/jpeg\" \/>\n<meta name=\"twitter:card\" content=\"summary_large_image\" \/>\n<meta name=\"twitter:label1\" content=\"Est. reading time\" \/>\n\t<meta name=\"twitter:data1\" content=\"2 minutes\" \/>\n<script type=\"application\/ld+json\" class=\"yoast-schema-graph\">{\"@context\":\"https:\\\/\\\/schema.org\",\"@graph\":[{\"@type\":\"WebPage\",\"@id\":\"https:\\\/\\\/ranoja.ee\\\/toode\\\/optibeam-universaalne-uhenduskomplekt-kolmele-tulele\\\/\",\"url\":\"https:\\\/\\\/ranoja.ee\\\/toode\\\/optibeam-universaalne-uhenduskomplekt-kolmele-tulele\\\/\",\"name\":\"OPTIBEAM universaalne \u00fchenduskomplekt kolmele tulele\",\"isPartOf\":{\"@id\":\"https:\\\/\\\/ranoja.ee\\\/#website\"},\"primaryImageOfPage\":{\"@id\":\"https:\\\/\\\/ranoja.ee\\\/toode\\\/optibeam-universaalne-uhenduskomplekt-kolmele-tulele\\\/#primaryimage\"},\"image\":{\"@id\":\"https:\\\/\\\/ranoja.ee\\\/toode\\\/optibeam-universaalne-uhenduskomplekt-kolmele-tulele\\\/#primaryimage\"},\"thumbnailUrl\":\"https:\\\/\\\/ranoja.ee\\\/wp-content\\\/uploads\\\/2025\\\/11\\\/OPTIBEAM-universaalne-uhenduskomplekt-kolmele-tulele-2.jpg\",\"datePublished\":\"2025-11-07T08:13:26+00:00\",\"dateModified\":\"2025-12-10T13:07:39+00:00\",\"description\":\"OPTIBEAM universaalne \u00fchenduskomplekt kolmele tulele M\u00f5eldud kuni kolme lisatuledena \u00fchendatava seadme turvaliseks ja korralikuks paigalduseks s\u00f5idukile.\",\"breadcrumb\":{\"@id\":\"https:\\\/\\\/ranoja.ee\\\/toode\\\/optibeam-universaalne-uhenduskomplekt-kolmele-tulele\\\/#breadcrumb\"},\"inLanguage\":\"en-US\",\"potentialAction\":[{\"@type\":\"ReadAction\",\"target\":[\"https:\\\/\\\/ranoja.ee\\\/toode\\\/optibeam-universaalne-uhenduskomplekt-kolmele-tulele\\\/\"]}]},{\"@type\":\"ImageObject\",\"inLanguage\":\"en-US\",\"@id\":\"https:\\\/\\\/ranoja.ee\\\/toode\\\/optibeam-universaalne-uhenduskomplekt-kolmele-tulele\\\/#primaryimage\",\"url\":\"https:\\\/\\\/ranoja.ee\\\/wp-content\\\/uploads\\\/2025\\\/11\\\/OPTIBEAM-universaalne-uhenduskomplekt-kolmele-tulele-2.jpg\",\"contentUrl\":\"https:\\\/\\\/ranoja.ee\\\/wp-content\\\/uploads\\\/2025\\\/11\\\/OPTIBEAM-universaalne-uhenduskomplekt-kolmele-tulele-2.jpg\",\"width\":800,\"height\":600,\"caption\":\"OPTIBEAM universaalne \u00fchenduskomplekt kolmele tulele\"},{\"@type\":\"BreadcrumbList\",\"@id\":\"https:\\\/\\\/ranoja.ee\\\/toode\\\/optibeam-universaalne-uhenduskomplekt-kolmele-tulele\\\/#breadcrumb\",\"itemListElement\":[{\"@type\":\"ListItem\",\"position\":1,\"name\":\"Home\",\"item\":\"https:\\\/\\\/ranoja.ee\\\/\"},{\"@type\":\"ListItem\",\"position\":2,\"name\":\"Shop\",\"item\":\"https:\\\/\\\/ranoja.ee\\\/en\\\/shop\\\/\"},{\"@type\":\"ListItem\",\"position\":3,\"name\":\"OPTIBEAM universaalne \u00fchenduskomplekt kolmele tulele\"}]},{\"@type\":\"WebSite\",\"@id\":\"https:\\\/\\\/ranoja.ee\\\/#website\",\"url\":\"https:\\\/\\\/ranoja.ee\\\/\",\"name\":\"Ranoja\",\"description\":\"Equipment Shop WooCommerce WordPress Theme for Machine &amp; Tools\",\"publisher\":{\"@id\":\"https:\\\/\\\/ranoja.ee\\\/#organization\"},\"potentialAction\":[{\"@type\":\"SearchAction\",\"target\":{\"@type\":\"EntryPoint\",\"urlTemplate\":\"https:\\\/\\\/ranoja.ee\\\/?s={search_term_string}\"},\"query-input\":{\"@type\":\"PropertyValueSpecification\",\"valueRequired\":true,\"valueName\":\"search_term_string\"}}],\"inLanguage\":\"en-US\"},{\"@type\":\"Organization\",\"@id\":\"https:\\\/\\\/ranoja.ee\\\/#organization\",\"name\":\"Ranoja O\u00dc\",\"url\":\"https:\\\/\\\/ranoja.ee\\\/\",\"logo\":{\"@type\":\"ImageObject\",\"inLanguage\":\"en-US\",\"@id\":\"https:\\\/\\\/ranoja.ee\\\/#\\\/schema\\\/logo\\\/image\\\/\",\"url\":\"https:\\\/\\\/ranoja.ee\\\/wp-content\\\/uploads\\\/2023\\\/11\\\/ranoja-Logo.png\",\"contentUrl\":\"https:\\\/\\\/ranoja.ee\\\/wp-content\\\/uploads\\\/2023\\\/11\\\/ranoja-Logo.png\",\"width\":207,\"height\":58,\"caption\":\"Ranoja O\u00dc\"},\"image\":{\"@id\":\"https:\\\/\\\/ranoja.ee\\\/#\\\/schema\\\/logo\\\/image\\\/\"},\"sameAs\":[\"https:\\\/\\\/www.facebook.com\\\/ranoja.ee\",\"https:\\\/\\\/www.instagram.com\\\/ranoja__\\\/\"]}]}<\/script>\n<!-- \/ Yoast SEO plugin. -->","yoast_head_json":{"title":"OPTIBEAM universaalne \u00fchenduskomplekt kolmele tulele","description":"OPTIBEAM universaalne \u00fchenduskomplekt kolmele tulele M\u00f5eldud kuni kolme lisatuledena \u00fchendatava seadme turvaliseks ja korralikuks paigalduseks s\u00f5idukile.","robots":{"index":"index","follow":"follow","max-snippet":"max-snippet:-1","max-image-preview":"max-image-preview:large","max-video-preview":"max-video-preview:-1"},"canonical":"https:\/\/ranoja.ee\/toode\/optibeam-universaalne-uhenduskomplekt-kolmele-tulele\/","og_locale":"en_US","og_type":"article","og_title":"OPTIBEAM universaalne \u00fchenduskomplekt kolmele tulele","og_description":"OPTIBEAM universaalne \u00fchenduskomplekt kolmele tulele M\u00f5eldud kuni kolme lisatuledena \u00fchendatava seadme turvaliseks ja korralikuks paigalduseks s\u00f5idukile.","og_url":"https:\/\/ranoja.ee\/toode\/optibeam-universaalne-uhenduskomplekt-kolmele-tulele\/","og_site_name":"Ranoja","article_publisher":"https:\/\/www.facebook.com\/ranoja.ee","article_modified_time":"2025-12-10T13:07:39+00:00","og_image":[{"width":800,"height":600,"url":"https:\/\/ranoja.ee\/wp-content\/uploads\/2025\/11\/OPTIBEAM-universaalne-uhenduskomplekt-kolmele-tulele-2.jpg","type":"image\/jpeg"}],"twitter_card":"summary_large_image","twitter_misc":{"Est. reading time":"2 minutes"},"schema":{"@context":"https:\/\/schema.org","@graph":[{"@type":"WebPage","@id":"https:\/\/ranoja.ee\/toode\/optibeam-universaalne-uhenduskomplekt-kolmele-tulele\/","url":"https:\/\/ranoja.ee\/toode\/optibeam-universaalne-uhenduskomplekt-kolmele-tulele\/","name":"OPTIBEAM universaalne \u00fchenduskomplekt kolmele tulele","isPartOf":{"@id":"https:\/\/ranoja.ee\/#website"},"primaryImageOfPage":{"@id":"https:\/\/ranoja.ee\/toode\/optibeam-universaalne-uhenduskomplekt-kolmele-tulele\/#primaryimage"},"image":{"@id":"https:\/\/ranoja.ee\/toode\/optibeam-universaalne-uhenduskomplekt-kolmele-tulele\/#primaryimage"},"thumbnailUrl":"https:\/\/ranoja.ee\/wp-content\/uploads\/2025\/11\/OPTIBEAM-universaalne-uhenduskomplekt-kolmele-tulele-2.jpg","datePublished":"2025-11-07T08:13:26+00:00","dateModified":"2025-12-10T13:07:39+00:00","description":"OPTIBEAM universaalne \u00fchenduskomplekt kolmele tulele M\u00f5eldud kuni kolme lisatuledena \u00fchendatava seadme turvaliseks ja korralikuks paigalduseks s\u00f5idukile.","breadcrumb":{"@id":"https:\/\/ranoja.ee\/toode\/optibeam-universaalne-uhenduskomplekt-kolmele-tulele\/#breadcrumb"},"inLanguage":"en-US","potentialAction":[{"@type":"ReadAction","target":["https:\/\/ranoja.ee\/toode\/optibeam-universaalne-uhenduskomplekt-kolmele-tulele\/"]}]},{"@type":"ImageObject","inLanguage":"en-US","@id":"https:\/\/ranoja.ee\/toode\/optibeam-universaalne-uhenduskomplekt-kolmele-tulele\/#primaryimage","url":"https:\/\/ranoja.ee\/wp-content\/uploads\/2025\/11\/OPTIBEAM-universaalne-uhenduskomplekt-kolmele-tulele-2.jpg","contentUrl":"https:\/\/ranoja.ee\/wp-content\/uploads\/2025\/11\/OPTIBEAM-universaalne-uhenduskomplekt-kolmele-tulele-2.jpg","width":800,"height":600,"caption":"OPTIBEAM universaalne \u00fchenduskomplekt kolmele tulele"},{"@type":"BreadcrumbList","@id":"https:\/\/ranoja.ee\/toode\/optibeam-universaalne-uhenduskomplekt-kolmele-tulele\/#breadcrumb","itemListElement":[{"@type":"ListItem","position":1,"name":"Home","item":"https:\/\/ranoja.ee\/"},{"@type":"ListItem","position":2,"name":"Shop","item":"https:\/\/ranoja.ee\/en\/shop\/"},{"@type":"ListItem","position":3,"name":"OPTIBEAM universaalne \u00fchenduskomplekt kolmele tulele"}]},{"@type":"WebSite","@id":"https:\/\/ranoja.ee\/#website","url":"https:\/\/ranoja.ee\/","name":"Ranoja","description":"Equipment Shop WooCommerce WordPress Theme for Machine &amp; Tools","publisher":{"@id":"https:\/\/ranoja.ee\/#organization"},"potentialAction":[{"@type":"SearchAction","target":{"@type":"EntryPoint","urlTemplate":"https:\/\/ranoja.ee\/?s={search_term_string}"},"query-input":{"@type":"PropertyValueSpecification","valueRequired":true,"valueName":"search_term_string"}}],"inLanguage":"en-US"},{"@type":"Organization","@id":"https:\/\/ranoja.ee\/#organization","name":"Ranoja O\u00dc","url":"https:\/\/ranoja.ee\/","logo":{"@type":"ImageObject","inLanguage":"en-US","@id":"https:\/\/ranoja.ee\/#\/schema\/logo\/image\/","url":"https:\/\/ranoja.ee\/wp-content\/uploads\/2023\/11\/ranoja-Logo.png","contentUrl":"https:\/\/ranoja.ee\/wp-content\/uploads\/2023\/11\/ranoja-Logo.png","width":207,"height":58,"caption":"Ranoja O\u00dc"},"image":{"@id":"https:\/\/ranoja.ee\/#\/schema\/logo\/image\/"},"sameAs":["https:\/\/www.facebook.com\/ranoja.ee","https:\/\/www.instagram.com\/ranoja__\/"]}]}},"_links":{"self":[{"href":"https:\/\/ranoja.ee\/en\/wp-json\/wp\/v2\/product\/23263","targetHints":{"allow":["GET"]}}],"collection":[{"href":"https:\/\/ranoja.ee\/en\/wp-json\/wp\/v2\/product"}],"about":[{"href":"https:\/\/ranoja.ee\/en\/wp-json\/wp\/v2\/types\/product"}],"wp:featuredmedia":[{"embeddable":true,"href":"https:\/\/ranoja.ee\/en\/wp-json\/wp\/v2\/media\/23266"}],"wp:attachment":[{"href":"https:\/\/ranoja.ee\/en\/wp-json\/wp\/v2\/media?parent=23263"}],"wp:term":[{"taxonomy":"product_cat","embeddable":true,"href":"https:\/\/ranoja.ee\/en\/wp-json\/wp\/v2\/product_cat?post=23263"},{"taxonomy":"product_tag","embeddable":true,"href":"https:\/\/ranoja.ee\/en\/wp-json\/wp\/v2\/product_tag?post=23263"}],"curies":[{"name":"wp","href":"https:\/\/api.w.org\/{rel}","templated":true}]}}