{"id":23256,"date":"2025-11-07T10:53:10","date_gmt":"2025-11-07T07:53:10","guid":{"rendered":"https:\/\/ranoja.ee\/?post_type=product&#038;p=23256"},"modified":"2025-12-10T16:07:39","modified_gmt":"2025-12-10T13:07:39","slug":"optibeam-universaalne-uhenduskomplekt-kahele-tulele","status":"publish","type":"product","link":"https:\/\/ranoja.ee\/en\/toode\/optibeam-universaalne-uhenduskomplekt-kahele-tulele\/","title":{"rendered":"OPTIBEAM universaalne \u00fchenduskomplekt kahele tulele"},"content":{"rendered":"<p>OPTIBEAM universaalne \u00fchenduskomplekt kahele tulele<\/p>\n<p>Universaalne juhtmestikukomplekt, mis on m\u00f5eldud paigaldamiseks kahe lisatuledena s\u00fcsteemi eesm\u00e4rgil s\u00f5idukitele. Kus on vajalik kvaliteetne \u00fchendus ning lihtne paigaldus. Komplekt on kohandatud nii 12 V kui 24 V elektris\u00fcsteemidega ning sisaldab olulisemaid komponente: piisava l\u00e4bim\u00f5\u00f5duga juhtmeid, releed, kaitse (fuse) ja \u00fchendusliidesed korrosioonikindlaks \u00fchenduseks. <\/p>\n<p>Juhtmestik v\u00f5ib kanda koormust erinevalt s\u00f5ltuvalt pingest. N\u00e4iteks 12 V s\u00fcsteemis tavaliselt kuni ~300 W, 24 V s\u00fcsteemis kuni ~600 W. See annab piisava varu kahe lisatule \u00fchendamiseks isegi v\u00f5imsamates rakendustes. <\/p>\n<p>\u00dchendus on lihtsustatud Plug-and-Play stiilis, mis tagavad stabiilse, ilmastikukindla \u00fchenduse: see sobib eriti h\u00e4sti rasketesse tingimustesse ja off-road rakendustesse. <\/p>\n<p>Paigaldamisel on r\u00f5hk kvaliteetsetel komponendil: juhtmed, liidesed ja kaitse-releed on m\u00f5eldud v\u00e4ltima liigset kuumenemist, l\u00fchiseid ja olulist energiakadude tekkimist. Komplekti kasutamine aitab hoida s\u00fcsteemi korrap\u00e4rasena ja n\u00f5uetekohasena, mis on eriti t\u00e4htis kui kasutatakse suure v\u00f5imsusega lisatulesid. <\/p>\n<p>Kokkuv\u00f5ttes on OPTIBEAM 1605-WK041 kindel valik neile, kes plaanivad paigaldada s\u00f5idukile kaks lisatuledena s\u00fcsteemi ja soovivad usaldusv\u00e4\u00e4rset, lihtsat ning h\u00e4sti varustatud juhtmestikku. See mitte ainult ei lihtsusta paigaldust. Vaid tagab ka, et lisatuled saavad korraliku toite ning \u00fchendus vastab t\u00e4nap\u00e4evastele standarditele.<\/p>\n<p>OPTIBEAM universaalne \u00fchenduskomplekt kahele tulele<\/p>\n","protected":false},"excerpt":{"rendered":"<p>OPTIBEAM universaalne \u00fchenduskomplekt kahele tulele<br \/>\nPinge: 12\/24 V<br \/>\n12V: 2&#215;135 W, 24V: 2&#215;270 W<br \/>\nT\u00fc\u00fcp: SET 8<br \/>\nCAN-\u00fchilduv<br \/>\nUniversaalne \u00fchenduskomplekt kahele tulele, l\u00fchikese voolujuhtmega, ilma pistikuta<br \/>\n1.35 m pikad juhtmed termokahanevate juhtmeotstega<br \/>\nAsendab eraldiseisvat releed ja kaitset<br \/>\nKorrosiooni eest kaitstud juhtmed<br \/>\nKaal: 280 g<br \/>\n<strong>Eeldatav tarneaeg 1-7 t\u00f6\u00f6p\u00e4eva<\/strong><\/p>\n","protected":false},"featured_media":23261,"template":"","meta":{"inline_featured_image":false},"product_cat":[1116,1119],"product_tag":[2415,916,675,917,2416],"class_list":{"0":"post-23256","1":"product","2":"type-product","3":"status-publish","4":"has-post-thumbnail","6":"product_brand-optibeam","7":"product_cat-lisaseadmed-ehitusseadmed-led-lisatuled-cb-raadiod-lallar","8":"product_cat-tulede-tarvikud","9":"product_tag-1605-wk041","10":"product_tag-lisatulede-juhtmestik","11":"product_tag-optibeam","12":"product_tag-tulede-juhtmestik","13":"product_tag-universaalne-uhenduskomplekt-kahele-tulele","15":"first","16":"instock","17":"taxable","18":"shipping-taxable","19":"purchasable","20":"product-type-simple"},"yoast_head":"<!-- This site is optimized with the Yoast SEO plugin v27.4 - https:\/\/yoast.com\/product\/yoast-seo-wordpress\/ -->\n<title>OPTIBEAM universaalne \u00fchenduskomplekt kahele tulele<\/title>\n<meta name=\"description\" content=\"OPTIBEAM universaalne \u00fchenduskomplekt kahele tulele Komplektis on 1.35 m pikad juhtmed termokahanevate juhtmeotstega, mis on korrosiooni eest kaitstud.\" \/>\n<meta name=\"robots\" content=\"index, follow, max-snippet:-1, max-image-preview:large, max-video-preview:-1\" \/>\n<link rel=\"canonical\" href=\"https:\/\/ranoja.ee\/toode\/optibeam-universaalne-uhenduskomplekt-kahele-tulele\/\" \/>\n<meta property=\"og:locale\" content=\"en_US\" \/>\n<meta property=\"og:type\" content=\"article\" \/>\n<meta property=\"og:title\" content=\"OPTIBEAM universaalne \u00fchenduskomplekt kahele tulele\" \/>\n<meta property=\"og:description\" content=\"OPTIBEAM universaalne \u00fchenduskomplekt kahele tulele Komplektis on 1.35 m pikad juhtmed termokahanevate juhtmeotstega, mis on korrosiooni eest kaitstud.\" \/>\n<meta property=\"og:url\" content=\"https:\/\/ranoja.ee\/toode\/optibeam-universaalne-uhenduskomplekt-kahele-tulele\/\" \/>\n<meta property=\"og:site_name\" content=\"Ranoja\" \/>\n<meta property=\"article:publisher\" content=\"https:\/\/www.facebook.com\/ranoja.ee\" \/>\n<meta property=\"article:modified_time\" content=\"2025-12-10T13:07:39+00:00\" \/>\n<meta property=\"og:image\" content=\"https:\/\/ranoja.ee\/wp-content\/uploads\/2025\/11\/OPTIBEAM-universaalne-uhenduskomplekt-kahele-tulele.jpg\" \/>\n\t<meta property=\"og:image:width\" content=\"800\" \/>\n\t<meta property=\"og:image:height\" content=\"600\" \/>\n\t<meta property=\"og:image:type\" content=\"image\/jpeg\" \/>\n<meta name=\"twitter:card\" content=\"summary_large_image\" \/>\n<meta name=\"twitter:label1\" content=\"Est. reading time\" \/>\n\t<meta name=\"twitter:data1\" content=\"2 minutes\" \/>\n<script type=\"application\/ld+json\" class=\"yoast-schema-graph\">{\"@context\":\"https:\\\/\\\/schema.org\",\"@graph\":[{\"@type\":\"WebPage\",\"@id\":\"https:\\\/\\\/ranoja.ee\\\/toode\\\/optibeam-universaalne-uhenduskomplekt-kahele-tulele\\\/\",\"url\":\"https:\\\/\\\/ranoja.ee\\\/toode\\\/optibeam-universaalne-uhenduskomplekt-kahele-tulele\\\/\",\"name\":\"OPTIBEAM universaalne \u00fchenduskomplekt kahele tulele\",\"isPartOf\":{\"@id\":\"https:\\\/\\\/ranoja.ee\\\/#website\"},\"primaryImageOfPage\":{\"@id\":\"https:\\\/\\\/ranoja.ee\\\/toode\\\/optibeam-universaalne-uhenduskomplekt-kahele-tulele\\\/#primaryimage\"},\"image\":{\"@id\":\"https:\\\/\\\/ranoja.ee\\\/toode\\\/optibeam-universaalne-uhenduskomplekt-kahele-tulele\\\/#primaryimage\"},\"thumbnailUrl\":\"https:\\\/\\\/ranoja.ee\\\/wp-content\\\/uploads\\\/2025\\\/11\\\/OPTIBEAM-universaalne-uhenduskomplekt-kahele-tulele.jpg\",\"datePublished\":\"2025-11-07T07:53:10+00:00\",\"dateModified\":\"2025-12-10T13:07:39+00:00\",\"description\":\"OPTIBEAM universaalne \u00fchenduskomplekt kahele tulele Komplektis on 1.35 m pikad juhtmed termokahanevate juhtmeotstega, mis on korrosiooni eest kaitstud.\",\"breadcrumb\":{\"@id\":\"https:\\\/\\\/ranoja.ee\\\/toode\\\/optibeam-universaalne-uhenduskomplekt-kahele-tulele\\\/#breadcrumb\"},\"inLanguage\":\"en-US\",\"potentialAction\":[{\"@type\":\"ReadAction\",\"target\":[\"https:\\\/\\\/ranoja.ee\\\/toode\\\/optibeam-universaalne-uhenduskomplekt-kahele-tulele\\\/\"]}]},{\"@type\":\"ImageObject\",\"inLanguage\":\"en-US\",\"@id\":\"https:\\\/\\\/ranoja.ee\\\/toode\\\/optibeam-universaalne-uhenduskomplekt-kahele-tulele\\\/#primaryimage\",\"url\":\"https:\\\/\\\/ranoja.ee\\\/wp-content\\\/uploads\\\/2025\\\/11\\\/OPTIBEAM-universaalne-uhenduskomplekt-kahele-tulele.jpg\",\"contentUrl\":\"https:\\\/\\\/ranoja.ee\\\/wp-content\\\/uploads\\\/2025\\\/11\\\/OPTIBEAM-universaalne-uhenduskomplekt-kahele-tulele.jpg\",\"width\":800,\"height\":600,\"caption\":\"OPTIBEAM universaalne \u00fchenduskomplekt kahele tulele\"},{\"@type\":\"BreadcrumbList\",\"@id\":\"https:\\\/\\\/ranoja.ee\\\/toode\\\/optibeam-universaalne-uhenduskomplekt-kahele-tulele\\\/#breadcrumb\",\"itemListElement\":[{\"@type\":\"ListItem\",\"position\":1,\"name\":\"Home\",\"item\":\"https:\\\/\\\/ranoja.ee\\\/\"},{\"@type\":\"ListItem\",\"position\":2,\"name\":\"Shop\",\"item\":\"https:\\\/\\\/ranoja.ee\\\/en\\\/shop\\\/\"},{\"@type\":\"ListItem\",\"position\":3,\"name\":\"OPTIBEAM universaalne \u00fchenduskomplekt kahele tulele\"}]},{\"@type\":\"WebSite\",\"@id\":\"https:\\\/\\\/ranoja.ee\\\/#website\",\"url\":\"https:\\\/\\\/ranoja.ee\\\/\",\"name\":\"Ranoja\",\"description\":\"Equipment Shop WooCommerce WordPress Theme for Machine &amp; Tools\",\"publisher\":{\"@id\":\"https:\\\/\\\/ranoja.ee\\\/#organization\"},\"potentialAction\":[{\"@type\":\"SearchAction\",\"target\":{\"@type\":\"EntryPoint\",\"urlTemplate\":\"https:\\\/\\\/ranoja.ee\\\/?s={search_term_string}\"},\"query-input\":{\"@type\":\"PropertyValueSpecification\",\"valueRequired\":true,\"valueName\":\"search_term_string\"}}],\"inLanguage\":\"en-US\"},{\"@type\":\"Organization\",\"@id\":\"https:\\\/\\\/ranoja.ee\\\/#organization\",\"name\":\"Ranoja O\u00dc\",\"url\":\"https:\\\/\\\/ranoja.ee\\\/\",\"logo\":{\"@type\":\"ImageObject\",\"inLanguage\":\"en-US\",\"@id\":\"https:\\\/\\\/ranoja.ee\\\/#\\\/schema\\\/logo\\\/image\\\/\",\"url\":\"https:\\\/\\\/ranoja.ee\\\/wp-content\\\/uploads\\\/2023\\\/11\\\/ranoja-Logo.png\",\"contentUrl\":\"https:\\\/\\\/ranoja.ee\\\/wp-content\\\/uploads\\\/2023\\\/11\\\/ranoja-Logo.png\",\"width\":207,\"height\":58,\"caption\":\"Ranoja O\u00dc\"},\"image\":{\"@id\":\"https:\\\/\\\/ranoja.ee\\\/#\\\/schema\\\/logo\\\/image\\\/\"},\"sameAs\":[\"https:\\\/\\\/www.facebook.com\\\/ranoja.ee\",\"https:\\\/\\\/www.instagram.com\\\/ranoja__\\\/\"]}]}<\/script>\n<!-- \/ Yoast SEO plugin. -->","yoast_head_json":{"title":"OPTIBEAM universaalne \u00fchenduskomplekt kahele tulele","description":"OPTIBEAM universaalne \u00fchenduskomplekt kahele tulele Komplektis on 1.35 m pikad juhtmed termokahanevate juhtmeotstega, mis on korrosiooni eest kaitstud.","robots":{"index":"index","follow":"follow","max-snippet":"max-snippet:-1","max-image-preview":"max-image-preview:large","max-video-preview":"max-video-preview:-1"},"canonical":"https:\/\/ranoja.ee\/toode\/optibeam-universaalne-uhenduskomplekt-kahele-tulele\/","og_locale":"en_US","og_type":"article","og_title":"OPTIBEAM universaalne \u00fchenduskomplekt kahele tulele","og_description":"OPTIBEAM universaalne \u00fchenduskomplekt kahele tulele Komplektis on 1.35 m pikad juhtmed termokahanevate juhtmeotstega, mis on korrosiooni eest kaitstud.","og_url":"https:\/\/ranoja.ee\/toode\/optibeam-universaalne-uhenduskomplekt-kahele-tulele\/","og_site_name":"Ranoja","article_publisher":"https:\/\/www.facebook.com\/ranoja.ee","article_modified_time":"2025-12-10T13:07:39+00:00","og_image":[{"width":800,"height":600,"url":"https:\/\/ranoja.ee\/wp-content\/uploads\/2025\/11\/OPTIBEAM-universaalne-uhenduskomplekt-kahele-tulele.jpg","type":"image\/jpeg"}],"twitter_card":"summary_large_image","twitter_misc":{"Est. reading time":"2 minutes"},"schema":{"@context":"https:\/\/schema.org","@graph":[{"@type":"WebPage","@id":"https:\/\/ranoja.ee\/toode\/optibeam-universaalne-uhenduskomplekt-kahele-tulele\/","url":"https:\/\/ranoja.ee\/toode\/optibeam-universaalne-uhenduskomplekt-kahele-tulele\/","name":"OPTIBEAM universaalne \u00fchenduskomplekt kahele tulele","isPartOf":{"@id":"https:\/\/ranoja.ee\/#website"},"primaryImageOfPage":{"@id":"https:\/\/ranoja.ee\/toode\/optibeam-universaalne-uhenduskomplekt-kahele-tulele\/#primaryimage"},"image":{"@id":"https:\/\/ranoja.ee\/toode\/optibeam-universaalne-uhenduskomplekt-kahele-tulele\/#primaryimage"},"thumbnailUrl":"https:\/\/ranoja.ee\/wp-content\/uploads\/2025\/11\/OPTIBEAM-universaalne-uhenduskomplekt-kahele-tulele.jpg","datePublished":"2025-11-07T07:53:10+00:00","dateModified":"2025-12-10T13:07:39+00:00","description":"OPTIBEAM universaalne \u00fchenduskomplekt kahele tulele Komplektis on 1.35 m pikad juhtmed termokahanevate juhtmeotstega, mis on korrosiooni eest kaitstud.","breadcrumb":{"@id":"https:\/\/ranoja.ee\/toode\/optibeam-universaalne-uhenduskomplekt-kahele-tulele\/#breadcrumb"},"inLanguage":"en-US","potentialAction":[{"@type":"ReadAction","target":["https:\/\/ranoja.ee\/toode\/optibeam-universaalne-uhenduskomplekt-kahele-tulele\/"]}]},{"@type":"ImageObject","inLanguage":"en-US","@id":"https:\/\/ranoja.ee\/toode\/optibeam-universaalne-uhenduskomplekt-kahele-tulele\/#primaryimage","url":"https:\/\/ranoja.ee\/wp-content\/uploads\/2025\/11\/OPTIBEAM-universaalne-uhenduskomplekt-kahele-tulele.jpg","contentUrl":"https:\/\/ranoja.ee\/wp-content\/uploads\/2025\/11\/OPTIBEAM-universaalne-uhenduskomplekt-kahele-tulele.jpg","width":800,"height":600,"caption":"OPTIBEAM universaalne \u00fchenduskomplekt kahele tulele"},{"@type":"BreadcrumbList","@id":"https:\/\/ranoja.ee\/toode\/optibeam-universaalne-uhenduskomplekt-kahele-tulele\/#breadcrumb","itemListElement":[{"@type":"ListItem","position":1,"name":"Home","item":"https:\/\/ranoja.ee\/"},{"@type":"ListItem","position":2,"name":"Shop","item":"https:\/\/ranoja.ee\/en\/shop\/"},{"@type":"ListItem","position":3,"name":"OPTIBEAM universaalne \u00fchenduskomplekt kahele tulele"}]},{"@type":"WebSite","@id":"https:\/\/ranoja.ee\/#website","url":"https:\/\/ranoja.ee\/","name":"Ranoja","description":"Equipment Shop WooCommerce WordPress Theme for Machine &amp; Tools","publisher":{"@id":"https:\/\/ranoja.ee\/#organization"},"potentialAction":[{"@type":"SearchAction","target":{"@type":"EntryPoint","urlTemplate":"https:\/\/ranoja.ee\/?s={search_term_string}"},"query-input":{"@type":"PropertyValueSpecification","valueRequired":true,"valueName":"search_term_string"}}],"inLanguage":"en-US"},{"@type":"Organization","@id":"https:\/\/ranoja.ee\/#organization","name":"Ranoja O\u00dc","url":"https:\/\/ranoja.ee\/","logo":{"@type":"ImageObject","inLanguage":"en-US","@id":"https:\/\/ranoja.ee\/#\/schema\/logo\/image\/","url":"https:\/\/ranoja.ee\/wp-content\/uploads\/2023\/11\/ranoja-Logo.png","contentUrl":"https:\/\/ranoja.ee\/wp-content\/uploads\/2023\/11\/ranoja-Logo.png","width":207,"height":58,"caption":"Ranoja O\u00dc"},"image":{"@id":"https:\/\/ranoja.ee\/#\/schema\/logo\/image\/"},"sameAs":["https:\/\/www.facebook.com\/ranoja.ee","https:\/\/www.instagram.com\/ranoja__\/"]}]}},"_links":{"self":[{"href":"https:\/\/ranoja.ee\/en\/wp-json\/wp\/v2\/product\/23256","targetHints":{"allow":["GET"]}}],"collection":[{"href":"https:\/\/ranoja.ee\/en\/wp-json\/wp\/v2\/product"}],"about":[{"href":"https:\/\/ranoja.ee\/en\/wp-json\/wp\/v2\/types\/product"}],"wp:featuredmedia":[{"embeddable":true,"href":"https:\/\/ranoja.ee\/en\/wp-json\/wp\/v2\/media\/23261"}],"wp:attachment":[{"href":"https:\/\/ranoja.ee\/en\/wp-json\/wp\/v2\/media?parent=23256"}],"wp:term":[{"taxonomy":"product_cat","embeddable":true,"href":"https:\/\/ranoja.ee\/en\/wp-json\/wp\/v2\/product_cat?post=23256"},{"taxonomy":"product_tag","embeddable":true,"href":"https:\/\/ranoja.ee\/en\/wp-json\/wp\/v2\/product_tag?post=23256"}],"curies":[{"name":"wp","href":"https:\/\/api.w.org\/{rel}","templated":true}]}}