{"id":23255,"date":"2025-11-07T10:47:06","date_gmt":"2025-11-07T07:47:06","guid":{"rendered":"https:\/\/ranoja.ee\/?post_type=product&#038;p=23255"},"modified":"2025-12-12T15:48:32","modified_gmt":"2025-12-12T12:48:32","slug":"optibeam-pure-185-lisatuli","status":"publish","type":"product","link":"https:\/\/ranoja.ee\/en\/toode\/optibeam-pure-185-lisatuli\/","title":{"rendered":"OPTIBEAM PURE 185 lisatuli"},"content":{"rendered":"<p>OPTIBEAM PURE 185 lisatuli <\/p>\n<p>Korpus on vaid 42 mm k\u00f5rge, mis teeb paigalduse elegantse ja madalaprofiilseks ka s\u00f5idukite esisosadel, kus ruumi v\u00e4he.<br \/>\nValgusvoog on hinnanguliselt kuni 8 900 lm ning m\u00f5\u00f5detult ligikaudu 8 050 lm.<br \/>\nV\u00e4rvitemperatuur on ~ 5 000 K \u2013 neutraalne valge, mis tagab hea kontrasti ja n\u00e4htavuse.<br \/>\nValgusulatus 1 lux tasemel on ~ 153 meetrit.<br \/>\nKorpus on alumiiniumist \u00fches t\u00fckis t\u00f6\u00f6tlusega, l\u00e4\u00e4tseks tugevdus-pol\u00fckarbonaat, mis tagab vastupidavuse l\u00f6\u00f6kide, kivikahjustuste ja karmide tingimuste suhtes.<br \/>\nT\u00f6\u00f6pingevahemik on 9-48 V, mis t\u00e4hendab, et sobib nii 12 V autodele kui ka 24 V v\u00f5i suuremate elektris\u00fcsteemidega s\u00f5idukitele.<br \/>\nKaitseklassiks on IP68, \u00fchendus pistikuga DT-2 t\u00fc\u00fcpi, juhtmepikkus ~ 2,20 m. <\/p>\n<p>Paigaldus sobib h\u00e4sti neile, kes soovivad lisavalgustust, mis on nii tugev kui ka visuaalselt diskreetne. N\u00e4iteks kaasaegsetele maasturitele, sportlikumatele s\u00f5idukitele v\u00f5i t\u00f6\u00f6masinatele, kus v\u00e4limus on oluline. Madal profiil aitab v\u00e4hendada lume v\u00f5i j\u00e4\u00e4 kogunemist, samuti sobib kinnitus kohtadesse kitsama ruumiga.<\/p>\n<p>Pure 185 pakub v\u00f5imsat LED-valgustust kompaktsel ja stiliseeritud kujul, \u00fchendades tehnoloogilised uuendused, vastupidava konstruktsiooni ja mitmek\u00fclgse paigalduse.<\/p>\n<p>OPTIBEAM PURE 185 lisatuli <\/p>\n","protected":false},"excerpt":{"rendered":"<p>OPTIBEAM PURE 185 lisatuli<br \/>\nM\u00f5\u00f5tmed: 183 x 42 x 65 mm<br \/>\nPinge: 9-48 V<br \/>\nVoolutarve 6.75 A ja 13.7 V<br \/>\nLumenid: 8900 lm<br \/>\nLumenid m\u00f5\u00f5detud: 8050 lm<br \/>\nReferentsarv: 12.5<br \/>\nV\u00e4rvitemperatuur: 5000 K<br \/>\nValgustus kaugus: 1 lux = 153 m<br \/>\nDouble up valgustus kaugus: 1 lux = 327 m<br \/>\nPistiku t\u00fc\u00fcp: 2-pin DTP<br \/>\nJuhtme pikkus: 2,20 m<br \/>\nSertifikaadid: R148, R149, R10<br \/>\nMudeli nimi: PURE 185<br \/>\nOran\u017e v\u00f5i valge parktuli<br \/>\nKaal: 1 kg<br \/>\n<strong>Eeldatav tarneaeg 1-7 t\u00f6\u00f6p\u00e4eva<\/strong>  <\/p>\n","protected":false},"featured_media":23289,"template":"","meta":{"inline_featured_image":false},"product_cat":[1116,1117],"product_tag":[2414,1001,2418,990,2419,2364,2415,654,649,675,2413],"class_list":{"0":"post-23255","1":"product","2":"type-product","3":"status-publish","4":"has-post-thumbnail","6":"product_brand-optibeam","7":"product_cat-lisaseadmed-ehitusseadmed-led-lisatuled-cb-raadiod-lallar","8":"product_cat-lisatuled","9":"product_tag-1605-ns2104","10":"product_tag-1605-wk021","11":"product_tag-1605-wk033","12":"product_tag-1605-wk035","13":"product_tag-1605-wk036","14":"product_tag-1605-wk040","15":"product_tag-1605-wk041","16":"product_tag-led-tuli","17":"product_tag-lisatuli","18":"product_tag-optibeam","19":"product_tag-optibeam-pure-185","21":"first","22":"instock","23":"sale","24":"taxable","25":"shipping-taxable","26":"purchasable","27":"product-type-simple"},"yoast_head":"<!-- This site is optimized with the Yoast SEO plugin v27.4 - https:\/\/yoast.com\/product\/yoast-seo-wordpress\/ -->\n<title>OPTIBEAM PURE 185 lisatuli<\/title>\n<meta name=\"description\" content=\"OPTIBEAM PURE 185 lisatuli T\u00f6\u00f6pingevahemik on 9-48 V, mis t\u00e4hendab, et sobib nii 12 V autodele kui ka 24 V v\u00f5i suuremate elektris\u00fcsteemidega s\u00f5idukitele.\" \/>\n<meta name=\"robots\" content=\"index, follow, max-snippet:-1, max-image-preview:large, max-video-preview:-1\" \/>\n<link rel=\"canonical\" href=\"https:\/\/ranoja.ee\/toode\/optibeam-pure-185-lisatuli\/\" \/>\n<meta property=\"og:locale\" content=\"en_US\" \/>\n<meta property=\"og:type\" content=\"article\" \/>\n<meta property=\"og:title\" content=\"OPTIBEAM PURE 185 lisatuli\" \/>\n<meta property=\"og:description\" content=\"OPTIBEAM PURE 185 lisatuli T\u00f6\u00f6pingevahemik on 9-48 V, mis t\u00e4hendab, et sobib nii 12 V autodele kui ka 24 V v\u00f5i suuremate elektris\u00fcsteemidega s\u00f5idukitele.\" \/>\n<meta property=\"og:url\" content=\"https:\/\/ranoja.ee\/toode\/optibeam-pure-185-lisatuli\/\" \/>\n<meta property=\"og:site_name\" content=\"Ranoja\" \/>\n<meta property=\"article:publisher\" content=\"https:\/\/www.facebook.com\/ranoja.ee\" \/>\n<meta property=\"article:modified_time\" content=\"2025-12-12T12:48:32+00:00\" \/>\n<meta property=\"og:image\" content=\"https:\/\/ranoja.ee\/wp-content\/uploads\/2025\/11\/OPTIBEAM-PURE-185-lisatuli.jpg\" \/>\n\t<meta property=\"og:image:width\" content=\"800\" \/>\n\t<meta property=\"og:image:height\" content=\"600\" \/>\n\t<meta property=\"og:image:type\" content=\"image\/jpeg\" \/>\n<meta name=\"twitter:card\" content=\"summary_large_image\" \/>\n<meta name=\"twitter:label1\" content=\"Est. reading time\" \/>\n\t<meta name=\"twitter:data1\" content=\"1 minute\" \/>\n<script type=\"application\/ld+json\" class=\"yoast-schema-graph\">{\"@context\":\"https:\\\/\\\/schema.org\",\"@graph\":[{\"@type\":\"WebPage\",\"@id\":\"https:\\\/\\\/ranoja.ee\\\/toode\\\/optibeam-pure-185-lisatuli\\\/\",\"url\":\"https:\\\/\\\/ranoja.ee\\\/toode\\\/optibeam-pure-185-lisatuli\\\/\",\"name\":\"OPTIBEAM PURE 185 lisatuli\",\"isPartOf\":{\"@id\":\"https:\\\/\\\/ranoja.ee\\\/#website\"},\"primaryImageOfPage\":{\"@id\":\"https:\\\/\\\/ranoja.ee\\\/toode\\\/optibeam-pure-185-lisatuli\\\/#primaryimage\"},\"image\":{\"@id\":\"https:\\\/\\\/ranoja.ee\\\/toode\\\/optibeam-pure-185-lisatuli\\\/#primaryimage\"},\"thumbnailUrl\":\"https:\\\/\\\/ranoja.ee\\\/wp-content\\\/uploads\\\/2025\\\/11\\\/OPTIBEAM-PURE-185-lisatuli.jpg\",\"datePublished\":\"2025-11-07T07:47:06+00:00\",\"dateModified\":\"2025-12-12T12:48:32+00:00\",\"description\":\"OPTIBEAM PURE 185 lisatuli T\u00f6\u00f6pingevahemik on 9-48 V, mis t\u00e4hendab, et sobib nii 12 V autodele kui ka 24 V v\u00f5i suuremate elektris\u00fcsteemidega s\u00f5idukitele.\",\"breadcrumb\":{\"@id\":\"https:\\\/\\\/ranoja.ee\\\/toode\\\/optibeam-pure-185-lisatuli\\\/#breadcrumb\"},\"inLanguage\":\"en-US\",\"potentialAction\":[{\"@type\":\"ReadAction\",\"target\":[\"https:\\\/\\\/ranoja.ee\\\/toode\\\/optibeam-pure-185-lisatuli\\\/\"]}]},{\"@type\":\"ImageObject\",\"inLanguage\":\"en-US\",\"@id\":\"https:\\\/\\\/ranoja.ee\\\/toode\\\/optibeam-pure-185-lisatuli\\\/#primaryimage\",\"url\":\"https:\\\/\\\/ranoja.ee\\\/wp-content\\\/uploads\\\/2025\\\/11\\\/OPTIBEAM-PURE-185-lisatuli.jpg\",\"contentUrl\":\"https:\\\/\\\/ranoja.ee\\\/wp-content\\\/uploads\\\/2025\\\/11\\\/OPTIBEAM-PURE-185-lisatuli.jpg\",\"width\":800,\"height\":600,\"caption\":\"oran\u017ei v\u00f5i valge parktulega.\"},{\"@type\":\"BreadcrumbList\",\"@id\":\"https:\\\/\\\/ranoja.ee\\\/toode\\\/optibeam-pure-185-lisatuli\\\/#breadcrumb\",\"itemListElement\":[{\"@type\":\"ListItem\",\"position\":1,\"name\":\"Home\",\"item\":\"https:\\\/\\\/ranoja.ee\\\/\"},{\"@type\":\"ListItem\",\"position\":2,\"name\":\"Shop\",\"item\":\"https:\\\/\\\/ranoja.ee\\\/en\\\/shop\\\/\"},{\"@type\":\"ListItem\",\"position\":3,\"name\":\"OPTIBEAM PURE 185 lisatuli\"}]},{\"@type\":\"WebSite\",\"@id\":\"https:\\\/\\\/ranoja.ee\\\/#website\",\"url\":\"https:\\\/\\\/ranoja.ee\\\/\",\"name\":\"Ranoja\",\"description\":\"Equipment Shop WooCommerce WordPress Theme for Machine &amp; Tools\",\"publisher\":{\"@id\":\"https:\\\/\\\/ranoja.ee\\\/#organization\"},\"potentialAction\":[{\"@type\":\"SearchAction\",\"target\":{\"@type\":\"EntryPoint\",\"urlTemplate\":\"https:\\\/\\\/ranoja.ee\\\/?s={search_term_string}\"},\"query-input\":{\"@type\":\"PropertyValueSpecification\",\"valueRequired\":true,\"valueName\":\"search_term_string\"}}],\"inLanguage\":\"en-US\"},{\"@type\":\"Organization\",\"@id\":\"https:\\\/\\\/ranoja.ee\\\/#organization\",\"name\":\"Ranoja O\u00dc\",\"url\":\"https:\\\/\\\/ranoja.ee\\\/\",\"logo\":{\"@type\":\"ImageObject\",\"inLanguage\":\"en-US\",\"@id\":\"https:\\\/\\\/ranoja.ee\\\/#\\\/schema\\\/logo\\\/image\\\/\",\"url\":\"https:\\\/\\\/ranoja.ee\\\/wp-content\\\/uploads\\\/2023\\\/11\\\/ranoja-Logo.png\",\"contentUrl\":\"https:\\\/\\\/ranoja.ee\\\/wp-content\\\/uploads\\\/2023\\\/11\\\/ranoja-Logo.png\",\"width\":207,\"height\":58,\"caption\":\"Ranoja O\u00dc\"},\"image\":{\"@id\":\"https:\\\/\\\/ranoja.ee\\\/#\\\/schema\\\/logo\\\/image\\\/\"},\"sameAs\":[\"https:\\\/\\\/www.facebook.com\\\/ranoja.ee\",\"https:\\\/\\\/www.instagram.com\\\/ranoja__\\\/\"]}]}<\/script>\n<!-- \/ Yoast SEO plugin. -->","yoast_head_json":{"title":"OPTIBEAM PURE 185 lisatuli","description":"OPTIBEAM PURE 185 lisatuli T\u00f6\u00f6pingevahemik on 9-48 V, mis t\u00e4hendab, et sobib nii 12 V autodele kui ka 24 V v\u00f5i suuremate elektris\u00fcsteemidega s\u00f5idukitele.","robots":{"index":"index","follow":"follow","max-snippet":"max-snippet:-1","max-image-preview":"max-image-preview:large","max-video-preview":"max-video-preview:-1"},"canonical":"https:\/\/ranoja.ee\/toode\/optibeam-pure-185-lisatuli\/","og_locale":"en_US","og_type":"article","og_title":"OPTIBEAM PURE 185 lisatuli","og_description":"OPTIBEAM PURE 185 lisatuli T\u00f6\u00f6pingevahemik on 9-48 V, mis t\u00e4hendab, et sobib nii 12 V autodele kui ka 24 V v\u00f5i suuremate elektris\u00fcsteemidega s\u00f5idukitele.","og_url":"https:\/\/ranoja.ee\/toode\/optibeam-pure-185-lisatuli\/","og_site_name":"Ranoja","article_publisher":"https:\/\/www.facebook.com\/ranoja.ee","article_modified_time":"2025-12-12T12:48:32+00:00","og_image":[{"width":800,"height":600,"url":"https:\/\/ranoja.ee\/wp-content\/uploads\/2025\/11\/OPTIBEAM-PURE-185-lisatuli.jpg","type":"image\/jpeg"}],"twitter_card":"summary_large_image","twitter_misc":{"Est. reading time":"1 minute"},"schema":{"@context":"https:\/\/schema.org","@graph":[{"@type":"WebPage","@id":"https:\/\/ranoja.ee\/toode\/optibeam-pure-185-lisatuli\/","url":"https:\/\/ranoja.ee\/toode\/optibeam-pure-185-lisatuli\/","name":"OPTIBEAM PURE 185 lisatuli","isPartOf":{"@id":"https:\/\/ranoja.ee\/#website"},"primaryImageOfPage":{"@id":"https:\/\/ranoja.ee\/toode\/optibeam-pure-185-lisatuli\/#primaryimage"},"image":{"@id":"https:\/\/ranoja.ee\/toode\/optibeam-pure-185-lisatuli\/#primaryimage"},"thumbnailUrl":"https:\/\/ranoja.ee\/wp-content\/uploads\/2025\/11\/OPTIBEAM-PURE-185-lisatuli.jpg","datePublished":"2025-11-07T07:47:06+00:00","dateModified":"2025-12-12T12:48:32+00:00","description":"OPTIBEAM PURE 185 lisatuli T\u00f6\u00f6pingevahemik on 9-48 V, mis t\u00e4hendab, et sobib nii 12 V autodele kui ka 24 V v\u00f5i suuremate elektris\u00fcsteemidega s\u00f5idukitele.","breadcrumb":{"@id":"https:\/\/ranoja.ee\/toode\/optibeam-pure-185-lisatuli\/#breadcrumb"},"inLanguage":"en-US","potentialAction":[{"@type":"ReadAction","target":["https:\/\/ranoja.ee\/toode\/optibeam-pure-185-lisatuli\/"]}]},{"@type":"ImageObject","inLanguage":"en-US","@id":"https:\/\/ranoja.ee\/toode\/optibeam-pure-185-lisatuli\/#primaryimage","url":"https:\/\/ranoja.ee\/wp-content\/uploads\/2025\/11\/OPTIBEAM-PURE-185-lisatuli.jpg","contentUrl":"https:\/\/ranoja.ee\/wp-content\/uploads\/2025\/11\/OPTIBEAM-PURE-185-lisatuli.jpg","width":800,"height":600,"caption":"oran\u017ei v\u00f5i valge parktulega."},{"@type":"BreadcrumbList","@id":"https:\/\/ranoja.ee\/toode\/optibeam-pure-185-lisatuli\/#breadcrumb","itemListElement":[{"@type":"ListItem","position":1,"name":"Home","item":"https:\/\/ranoja.ee\/"},{"@type":"ListItem","position":2,"name":"Shop","item":"https:\/\/ranoja.ee\/en\/shop\/"},{"@type":"ListItem","position":3,"name":"OPTIBEAM PURE 185 lisatuli"}]},{"@type":"WebSite","@id":"https:\/\/ranoja.ee\/#website","url":"https:\/\/ranoja.ee\/","name":"Ranoja","description":"Equipment Shop WooCommerce WordPress Theme for Machine &amp; Tools","publisher":{"@id":"https:\/\/ranoja.ee\/#organization"},"potentialAction":[{"@type":"SearchAction","target":{"@type":"EntryPoint","urlTemplate":"https:\/\/ranoja.ee\/?s={search_term_string}"},"query-input":{"@type":"PropertyValueSpecification","valueRequired":true,"valueName":"search_term_string"}}],"inLanguage":"en-US"},{"@type":"Organization","@id":"https:\/\/ranoja.ee\/#organization","name":"Ranoja O\u00dc","url":"https:\/\/ranoja.ee\/","logo":{"@type":"ImageObject","inLanguage":"en-US","@id":"https:\/\/ranoja.ee\/#\/schema\/logo\/image\/","url":"https:\/\/ranoja.ee\/wp-content\/uploads\/2023\/11\/ranoja-Logo.png","contentUrl":"https:\/\/ranoja.ee\/wp-content\/uploads\/2023\/11\/ranoja-Logo.png","width":207,"height":58,"caption":"Ranoja O\u00dc"},"image":{"@id":"https:\/\/ranoja.ee\/#\/schema\/logo\/image\/"},"sameAs":["https:\/\/www.facebook.com\/ranoja.ee","https:\/\/www.instagram.com\/ranoja__\/"]}]}},"_links":{"self":[{"href":"https:\/\/ranoja.ee\/en\/wp-json\/wp\/v2\/product\/23255","targetHints":{"allow":["GET"]}}],"collection":[{"href":"https:\/\/ranoja.ee\/en\/wp-json\/wp\/v2\/product"}],"about":[{"href":"https:\/\/ranoja.ee\/en\/wp-json\/wp\/v2\/types\/product"}],"wp:featuredmedia":[{"embeddable":true,"href":"https:\/\/ranoja.ee\/en\/wp-json\/wp\/v2\/media\/23289"}],"wp:attachment":[{"href":"https:\/\/ranoja.ee\/en\/wp-json\/wp\/v2\/media?parent=23255"}],"wp:term":[{"taxonomy":"product_cat","embeddable":true,"href":"https:\/\/ranoja.ee\/en\/wp-json\/wp\/v2\/product_cat?post=23255"},{"taxonomy":"product_tag","embeddable":true,"href":"https:\/\/ranoja.ee\/en\/wp-json\/wp\/v2\/product_tag?post=23255"}],"curies":[{"name":"wp","href":"https:\/\/api.w.org\/{rel}","templated":true}]}}