{"id":23189,"date":"2025-11-06T17:07:21","date_gmt":"2025-11-06T14:07:21","guid":{"rendered":"https:\/\/ranoja.ee\/?post_type=product&#038;p=23189"},"modified":"2025-12-12T15:48:32","modified_gmt":"2025-12-12T12:48:32","slug":"optibeam-elites-7-lisatuli","status":"publish","type":"product","link":"https:\/\/ranoja.ee\/en\/toode\/optibeam-elites-7-lisatuli\/","title":{"rendered":"OPTIBEAM Elites 7 lisatuli"},"content":{"rendered":"<p>OPTIBEAM Elites 7 lisatuli<\/p>\n<p>Ringikujuline LED lisatuli, mis pakub tipptasemel laternavalgustust kompaktse mahuga. See mudel on loodud neile, kes tahavad s\u00f5idukile t\u00e4isvalgustust. Nii kaugele ette kui ka laiemalt ilma liiga suure ja pealet\u00fckkiva bar-lambi v\u00e4limuseta. <\/p>\n<p>T\u00f6\u00f6tab pingel vahemikus 9-36 V, mist\u00f5ttu sobib paigaldamiseks nii tavaautodesse, maasturitesse kui ka suurematesse elektris\u00fcsteemidega s\u00f5idukitesse. <\/p>\n<p>Valgusv\u00e4ljund on t\u00e4helepanuv\u00e4\u00e4rne. M\u00f5\u00f5detud ~ 7 780 lumeeni ja 1 lux kauguseks v\u00e4idetavasti ~ 332 meetrit, Double up re\u017eiimis kuni ~ 672 meetrit. <\/p>\n<p>Konstruktsiooni poolest on Elites 7 valmistatud alumiiniumist korpusest, mille esipinnal on pol\u00fckarbonaadist l\u00e4\u00e4ts. Kaitseklassiks on IP68\/69K \u2013 see tagab tolmu-, vee- ja survepesu kindluse, mis on oluline v\u00e4litingimustes kasutamiseks. <\/p>\n<p>Disainis on kasutatud \u201cdark optics\u201d ehk tume optika ning integreeritud kahev\u00e4rviline (valge v\u00f5i oran\u017e) parkimis-\/poisitsioonivalgustus, mis lisab nii funktsionaalsust kui visuaalset stiili.<br \/>\nBilradiospesialisten<\/p>\n<p>Paigaldus on mugav: pistikuks 4-pin DT \u00fchendus, juhtme pikkus tavaliselt ~2,20 m. Lampi v\u00f5ib kasutada s\u00f5idukiga nii igap\u00e4evases liikluses lisatuledena kui ka v\u00e4ljaspool tavaolukordi (off-road) \u2014 paigaldades vastavalt valguskuviooni ja heledust normidele. Tuleb siiski t\u00e4hele panna, et t\u00e4isv\u00f5imsusel kasutamine v\u00f5ib eeldada korralikku elektrivarustust ning vajab asjakohast juhtmestust ja kinnituslahendust.<\/p>\n<p>OPTIBEAM Elites 7 lisatuli<\/p>\n","protected":false},"excerpt":{"rendered":"<p>OPTIBEAM Elites 7 lisatuli<br \/>\nM\u00f5\u00f5tmed: \u00f8 178 x 75 mm<br \/>\nPinge: 9-36 V<br \/>\nVoolutarve 8.96 A ja 13.7 V<br \/>\nLumenid m\u00f5\u00f5detud: 7780 lm<br \/>\nReferentsarv: 20<br \/>\nV\u00e4rvitemperatuur: 5000 K<br \/>\nValgustus kaugus: 1 lux = 332 m<br \/>\nDouble up valgustus kaugus: 1 lux = 672 m<br \/>\nPistiku t\u00fc\u00fcp: 4-pin DT<br \/>\nJuhtme pikkus: 2,20 m<br \/>\nKorpuse materjal: Alumiinium<br \/>\nL\u00e4\u00e4tse materjal: Pol\u00fckarbonaat<br \/>\nIP klassifikatsioon: IP68\/69K<br \/>\nSertifikaadid: ECE R149, R148, R10<br \/>\nKahev\u00e4rviline parktuli<br \/>\nTume optika<br \/>\nMudeli nimi: Elites 7<br \/>\nKaal: 2 kg<br \/>\n<strong>Eeldatav tarneaeg 1-7 t\u00f6\u00f6p\u00e4eva<\/strong>  <\/p>\n","protected":false},"featured_media":23196,"template":"","meta":{"inline_featured_image":false},"product_cat":[1116,1117],"product_tag":[2406,654,649,675,2405],"class_list":{"0":"post-23189","1":"product","2":"type-product","3":"status-publish","4":"has-post-thumbnail","6":"product_brand-optibeam","7":"product_cat-lisaseadmed-ehitusseadmed-led-lisatuled-cb-raadiod-lallar","8":"product_cat-lisatuled","9":"product_tag-1605-ns2117","10":"product_tag-led-tuli","11":"product_tag-lisatuli","12":"product_tag-optibeam","13":"product_tag-optibeam-elites-7","15":"first","16":"instock","17":"sale","18":"taxable","19":"shipping-taxable","20":"purchasable","21":"product-type-simple"},"yoast_head":"<!-- This site is optimized with the Yoast SEO plugin v27.4 - https:\/\/yoast.com\/product\/yoast-seo-wordpress\/ -->\n<title>OPTIBEAM Elites 7 lisatuli<\/title>\n<meta name=\"description\" content=\"OPTIBEAM Elites 7 lisatuli Konstruktsiooni poolest on Elites 7 valmistatud alumiiniumist korpusest, mille esipinnal on pol\u00fckarbonaadist l\u00e4\u00e4ts.\" \/>\n<meta name=\"robots\" content=\"index, follow, max-snippet:-1, max-image-preview:large, max-video-preview:-1\" \/>\n<link rel=\"canonical\" href=\"https:\/\/ranoja.ee\/toode\/optibeam-elites-7-lisatuli\/\" \/>\n<meta property=\"og:locale\" content=\"en_US\" \/>\n<meta property=\"og:type\" content=\"article\" \/>\n<meta property=\"og:title\" content=\"OPTIBEAM Elites 7 lisatuli\" \/>\n<meta property=\"og:description\" content=\"OPTIBEAM Elites 7 lisatuli Konstruktsiooni poolest on Elites 7 valmistatud alumiiniumist korpusest, mille esipinnal on pol\u00fckarbonaadist l\u00e4\u00e4ts.\" \/>\n<meta property=\"og:url\" content=\"https:\/\/ranoja.ee\/toode\/optibeam-elites-7-lisatuli\/\" \/>\n<meta property=\"og:site_name\" content=\"Ranoja\" \/>\n<meta property=\"article:publisher\" content=\"https:\/\/www.facebook.com\/ranoja.ee\" \/>\n<meta property=\"article:modified_time\" content=\"2025-12-12T12:48:32+00:00\" \/>\n<meta property=\"og:image\" content=\"https:\/\/ranoja.ee\/wp-content\/uploads\/2025\/11\/OPTIBEAM-Elites-7-lisatuli-2.jpg\" \/>\n\t<meta property=\"og:image:width\" content=\"800\" \/>\n\t<meta property=\"og:image:height\" content=\"600\" \/>\n\t<meta property=\"og:image:type\" content=\"image\/jpeg\" \/>\n<meta name=\"twitter:card\" content=\"summary_large_image\" \/>\n<meta name=\"twitter:label1\" content=\"Est. reading time\" \/>\n\t<meta name=\"twitter:data1\" content=\"2 minutes\" \/>\n<script type=\"application\/ld+json\" class=\"yoast-schema-graph\">{\"@context\":\"https:\\\/\\\/schema.org\",\"@graph\":[{\"@type\":\"WebPage\",\"@id\":\"https:\\\/\\\/ranoja.ee\\\/toode\\\/optibeam-elites-7-lisatuli\\\/\",\"url\":\"https:\\\/\\\/ranoja.ee\\\/toode\\\/optibeam-elites-7-lisatuli\\\/\",\"name\":\"OPTIBEAM Elites 7 lisatuli\",\"isPartOf\":{\"@id\":\"https:\\\/\\\/ranoja.ee\\\/#website\"},\"primaryImageOfPage\":{\"@id\":\"https:\\\/\\\/ranoja.ee\\\/toode\\\/optibeam-elites-7-lisatuli\\\/#primaryimage\"},\"image\":{\"@id\":\"https:\\\/\\\/ranoja.ee\\\/toode\\\/optibeam-elites-7-lisatuli\\\/#primaryimage\"},\"thumbnailUrl\":\"https:\\\/\\\/ranoja.ee\\\/wp-content\\\/uploads\\\/2025\\\/11\\\/OPTIBEAM-Elites-7-lisatuli-2.jpg\",\"datePublished\":\"2025-11-06T14:07:21+00:00\",\"dateModified\":\"2025-12-12T12:48:32+00:00\",\"description\":\"OPTIBEAM Elites 7 lisatuli Konstruktsiooni poolest on Elites 7 valmistatud alumiiniumist korpusest, mille esipinnal on pol\u00fckarbonaadist l\u00e4\u00e4ts.\",\"breadcrumb\":{\"@id\":\"https:\\\/\\\/ranoja.ee\\\/toode\\\/optibeam-elites-7-lisatuli\\\/#breadcrumb\"},\"inLanguage\":\"en-US\",\"potentialAction\":[{\"@type\":\"ReadAction\",\"target\":[\"https:\\\/\\\/ranoja.ee\\\/toode\\\/optibeam-elites-7-lisatuli\\\/\"]}]},{\"@type\":\"ImageObject\",\"inLanguage\":\"en-US\",\"@id\":\"https:\\\/\\\/ranoja.ee\\\/toode\\\/optibeam-elites-7-lisatuli\\\/#primaryimage\",\"url\":\"https:\\\/\\\/ranoja.ee\\\/wp-content\\\/uploads\\\/2025\\\/11\\\/OPTIBEAM-Elites-7-lisatuli-2.jpg\",\"contentUrl\":\"https:\\\/\\\/ranoja.ee\\\/wp-content\\\/uploads\\\/2025\\\/11\\\/OPTIBEAM-Elites-7-lisatuli-2.jpg\",\"width\":800,\"height\":600,\"caption\":\"OPTIBEAM Elites 7 lisatuli\"},{\"@type\":\"BreadcrumbList\",\"@id\":\"https:\\\/\\\/ranoja.ee\\\/toode\\\/optibeam-elites-7-lisatuli\\\/#breadcrumb\",\"itemListElement\":[{\"@type\":\"ListItem\",\"position\":1,\"name\":\"Home\",\"item\":\"https:\\\/\\\/ranoja.ee\\\/\"},{\"@type\":\"ListItem\",\"position\":2,\"name\":\"Shop\",\"item\":\"https:\\\/\\\/ranoja.ee\\\/en\\\/shop\\\/\"},{\"@type\":\"ListItem\",\"position\":3,\"name\":\"OPTIBEAM Elites 7 lisatuli\"}]},{\"@type\":\"WebSite\",\"@id\":\"https:\\\/\\\/ranoja.ee\\\/#website\",\"url\":\"https:\\\/\\\/ranoja.ee\\\/\",\"name\":\"Ranoja\",\"description\":\"Equipment Shop WooCommerce WordPress Theme for Machine &amp; Tools\",\"publisher\":{\"@id\":\"https:\\\/\\\/ranoja.ee\\\/#organization\"},\"potentialAction\":[{\"@type\":\"SearchAction\",\"target\":{\"@type\":\"EntryPoint\",\"urlTemplate\":\"https:\\\/\\\/ranoja.ee\\\/?s={search_term_string}\"},\"query-input\":{\"@type\":\"PropertyValueSpecification\",\"valueRequired\":true,\"valueName\":\"search_term_string\"}}],\"inLanguage\":\"en-US\"},{\"@type\":\"Organization\",\"@id\":\"https:\\\/\\\/ranoja.ee\\\/#organization\",\"name\":\"Ranoja O\u00dc\",\"url\":\"https:\\\/\\\/ranoja.ee\\\/\",\"logo\":{\"@type\":\"ImageObject\",\"inLanguage\":\"en-US\",\"@id\":\"https:\\\/\\\/ranoja.ee\\\/#\\\/schema\\\/logo\\\/image\\\/\",\"url\":\"https:\\\/\\\/ranoja.ee\\\/wp-content\\\/uploads\\\/2023\\\/11\\\/ranoja-Logo.png\",\"contentUrl\":\"https:\\\/\\\/ranoja.ee\\\/wp-content\\\/uploads\\\/2023\\\/11\\\/ranoja-Logo.png\",\"width\":207,\"height\":58,\"caption\":\"Ranoja O\u00dc\"},\"image\":{\"@id\":\"https:\\\/\\\/ranoja.ee\\\/#\\\/schema\\\/logo\\\/image\\\/\"},\"sameAs\":[\"https:\\\/\\\/www.facebook.com\\\/ranoja.ee\",\"https:\\\/\\\/www.instagram.com\\\/ranoja__\\\/\"]}]}<\/script>\n<!-- \/ Yoast SEO plugin. -->","yoast_head_json":{"title":"OPTIBEAM Elites 7 lisatuli","description":"OPTIBEAM Elites 7 lisatuli Konstruktsiooni poolest on Elites 7 valmistatud alumiiniumist korpusest, mille esipinnal on pol\u00fckarbonaadist l\u00e4\u00e4ts.","robots":{"index":"index","follow":"follow","max-snippet":"max-snippet:-1","max-image-preview":"max-image-preview:large","max-video-preview":"max-video-preview:-1"},"canonical":"https:\/\/ranoja.ee\/toode\/optibeam-elites-7-lisatuli\/","og_locale":"en_US","og_type":"article","og_title":"OPTIBEAM Elites 7 lisatuli","og_description":"OPTIBEAM Elites 7 lisatuli Konstruktsiooni poolest on Elites 7 valmistatud alumiiniumist korpusest, mille esipinnal on pol\u00fckarbonaadist l\u00e4\u00e4ts.","og_url":"https:\/\/ranoja.ee\/toode\/optibeam-elites-7-lisatuli\/","og_site_name":"Ranoja","article_publisher":"https:\/\/www.facebook.com\/ranoja.ee","article_modified_time":"2025-12-12T12:48:32+00:00","og_image":[{"width":800,"height":600,"url":"https:\/\/ranoja.ee\/wp-content\/uploads\/2025\/11\/OPTIBEAM-Elites-7-lisatuli-2.jpg","type":"image\/jpeg"}],"twitter_card":"summary_large_image","twitter_misc":{"Est. reading time":"2 minutes"},"schema":{"@context":"https:\/\/schema.org","@graph":[{"@type":"WebPage","@id":"https:\/\/ranoja.ee\/toode\/optibeam-elites-7-lisatuli\/","url":"https:\/\/ranoja.ee\/toode\/optibeam-elites-7-lisatuli\/","name":"OPTIBEAM Elites 7 lisatuli","isPartOf":{"@id":"https:\/\/ranoja.ee\/#website"},"primaryImageOfPage":{"@id":"https:\/\/ranoja.ee\/toode\/optibeam-elites-7-lisatuli\/#primaryimage"},"image":{"@id":"https:\/\/ranoja.ee\/toode\/optibeam-elites-7-lisatuli\/#primaryimage"},"thumbnailUrl":"https:\/\/ranoja.ee\/wp-content\/uploads\/2025\/11\/OPTIBEAM-Elites-7-lisatuli-2.jpg","datePublished":"2025-11-06T14:07:21+00:00","dateModified":"2025-12-12T12:48:32+00:00","description":"OPTIBEAM Elites 7 lisatuli Konstruktsiooni poolest on Elites 7 valmistatud alumiiniumist korpusest, mille esipinnal on pol\u00fckarbonaadist l\u00e4\u00e4ts.","breadcrumb":{"@id":"https:\/\/ranoja.ee\/toode\/optibeam-elites-7-lisatuli\/#breadcrumb"},"inLanguage":"en-US","potentialAction":[{"@type":"ReadAction","target":["https:\/\/ranoja.ee\/toode\/optibeam-elites-7-lisatuli\/"]}]},{"@type":"ImageObject","inLanguage":"en-US","@id":"https:\/\/ranoja.ee\/toode\/optibeam-elites-7-lisatuli\/#primaryimage","url":"https:\/\/ranoja.ee\/wp-content\/uploads\/2025\/11\/OPTIBEAM-Elites-7-lisatuli-2.jpg","contentUrl":"https:\/\/ranoja.ee\/wp-content\/uploads\/2025\/11\/OPTIBEAM-Elites-7-lisatuli-2.jpg","width":800,"height":600,"caption":"OPTIBEAM Elites 7 lisatuli"},{"@type":"BreadcrumbList","@id":"https:\/\/ranoja.ee\/toode\/optibeam-elites-7-lisatuli\/#breadcrumb","itemListElement":[{"@type":"ListItem","position":1,"name":"Home","item":"https:\/\/ranoja.ee\/"},{"@type":"ListItem","position":2,"name":"Shop","item":"https:\/\/ranoja.ee\/en\/shop\/"},{"@type":"ListItem","position":3,"name":"OPTIBEAM Elites 7 lisatuli"}]},{"@type":"WebSite","@id":"https:\/\/ranoja.ee\/#website","url":"https:\/\/ranoja.ee\/","name":"Ranoja","description":"Equipment Shop WooCommerce WordPress Theme for Machine &amp; Tools","publisher":{"@id":"https:\/\/ranoja.ee\/#organization"},"potentialAction":[{"@type":"SearchAction","target":{"@type":"EntryPoint","urlTemplate":"https:\/\/ranoja.ee\/?s={search_term_string}"},"query-input":{"@type":"PropertyValueSpecification","valueRequired":true,"valueName":"search_term_string"}}],"inLanguage":"en-US"},{"@type":"Organization","@id":"https:\/\/ranoja.ee\/#organization","name":"Ranoja O\u00dc","url":"https:\/\/ranoja.ee\/","logo":{"@type":"ImageObject","inLanguage":"en-US","@id":"https:\/\/ranoja.ee\/#\/schema\/logo\/image\/","url":"https:\/\/ranoja.ee\/wp-content\/uploads\/2023\/11\/ranoja-Logo.png","contentUrl":"https:\/\/ranoja.ee\/wp-content\/uploads\/2023\/11\/ranoja-Logo.png","width":207,"height":58,"caption":"Ranoja O\u00dc"},"image":{"@id":"https:\/\/ranoja.ee\/#\/schema\/logo\/image\/"},"sameAs":["https:\/\/www.facebook.com\/ranoja.ee","https:\/\/www.instagram.com\/ranoja__\/"]}]}},"_links":{"self":[{"href":"https:\/\/ranoja.ee\/en\/wp-json\/wp\/v2\/product\/23189","targetHints":{"allow":["GET"]}}],"collection":[{"href":"https:\/\/ranoja.ee\/en\/wp-json\/wp\/v2\/product"}],"about":[{"href":"https:\/\/ranoja.ee\/en\/wp-json\/wp\/v2\/types\/product"}],"wp:featuredmedia":[{"embeddable":true,"href":"https:\/\/ranoja.ee\/en\/wp-json\/wp\/v2\/media\/23196"}],"wp:attachment":[{"href":"https:\/\/ranoja.ee\/en\/wp-json\/wp\/v2\/media?parent=23189"}],"wp:term":[{"taxonomy":"product_cat","embeddable":true,"href":"https:\/\/ranoja.ee\/en\/wp-json\/wp\/v2\/product_cat?post=23189"},{"taxonomy":"product_tag","embeddable":true,"href":"https:\/\/ranoja.ee\/en\/wp-json\/wp\/v2\/product_tag?post=23189"}],"curies":[{"name":"wp","href":"https:\/\/api.w.org\/{rel}","templated":true}]}}