{"id":23065,"date":"2025-10-23T17:15:43","date_gmt":"2025-10-23T14:15:43","guid":{"rendered":"https:\/\/ranoja.ee\/?post_type=product&#038;p=23065"},"modified":"2025-12-12T15:48:32","modified_gmt":"2025-12-12T12:48:32","slug":"w-light-eclipse-7-lisatuli","status":"publish","type":"product","link":"https:\/\/ranoja.ee\/en\/toode\/w-light-eclipse-7-lisatuli\/","title":{"rendered":"W-LIGHT ECLIPSE 7 lisatuli"},"content":{"rendered":"<p>W-LIGHT ECLIPSE 7 lisatuli<\/p>\n<p>LED lisatuli, mis on kujundatud \u00fchendama tugevat valgust, kaasaegset disaini ja vastupidavust. Sobides nii maasturitele kui ka linnamaasturitele. See tuli pakub m\u00e4rkimisv\u00e4\u00e4rset valgusj\u00f5udu ~5400 lm m\u00f5\u00f5detult ning ulatub hinnanguliselt ~550 meetrit 1 lux tase juures. T\u00f6\u00f6pinge on 10-30 V, mis teeb selle sobilikuks nii 12 V kui ka 24 V elektris\u00fcsteemiga s\u00f5idukitele. <\/p>\n<p>Eclipse seeria erip\u00e4raks on tumeda optikaga esiosa ning \u00fcmber l\u00f6\u00f6dud \u201cneon-efektiga\u201d parkimis-\/poisitsioonivalgustus, mille v\u00e4rv on valge v\u00f5i oran\u017e ning mida saab vajadusel muuta. <\/p>\n<p>Korpus on alumiiniumist, l\u00e4\u00e4ts pol\u00fckarbonaadist ning seade kannatab karmis kliimas \u2014 kaitseklassiks IP68\/69K, tagades tolmu ja vee-pritsmete suhtes k\u00f5rge vastupidavuse. <\/p>\n<p>M\u00f5\u00f5tmetelt on see suhteliselt kompaktselt kujundatud: umbes 176,5 \u00d7 166,0 \u00d7 70,6 mm.<br \/>\n\u00dchendus toimub 4-pin DT pistiku kaudu ja juhtme pikkus on umbes 2,20 m.<br \/>\nTuli kannab ka sertifikaate R10, R148 ning R149 \u2014 mis t\u00e4hendab, et see vastab liiklus- ja valgustusn\u00f5uetele, kui paigaldus on n\u00f5uetekohane. <\/p>\n<p>Praktilises kasutuses pakub Eclipse 7\u2033 lahendust neile, kes soovivad lisavalgustust, mis on nii efektne kui funktsionaalne: vale v\u00f5i halb n\u00e4htavus \u00f6isel maanteel, metsateed, off-road s\u00f5idud. Selle ringikujuline disain sobib auto esiosale sageli visuaalselt ning neutraalne valge valgus 5500 K aitab tagada head n\u00e4htavust ja v\u00e4rvitaju. <\/p>\n<p>W-LIGHT ECLIPSE 7 lisatuli<\/p>\n","protected":false},"excerpt":{"rendered":"<p>W-LIGHT ECLIPSE 7 lisatuli<br \/>\nM\u00f5\u00f5tmed: 176 x 166 x 70.60 mm<br \/>\nPinge: 10-30 V<br \/>\nVoolutarve 5.54 A ja 13.7 V<br \/>\nLumenid m\u00f5\u00f5detud: 5400 lm<br \/>\nReferentsarv: 20<br \/>\nVorm: Ringi kujuline<br \/>\nParktuli: Kollane\/valge<br \/>\nV\u00e4rvitemperatuur: 5500 K<br \/>\nValgustus kaugus: 1 lux = 263 m<br \/>\nValgustus kaugus Double up: 1 lux = 550 m<br \/>\nPistiku t\u00fc\u00fcp: 4-pin DT<br \/>\nJuhtme pikkus: 2.20 m<br \/>\nIP klassifikatsioon: IP68<br \/>\nSertifikaadid: R149, R148, R10<br \/>\nMudeli nimi: ECLIPSE 7<br \/>\nKaal: 3 kg<br \/>\n<strong>Eeldatav tarneaeg 1-7 t\u00f6\u00f6p\u00e4eva<\/strong><\/p>\n","protected":false},"featured_media":23084,"template":"","meta":{"inline_featured_image":false},"product_cat":[1116,1117],"product_tag":[2397,654,649,656,2396],"class_list":{"0":"post-23065","1":"product","2":"type-product","3":"status-publish","4":"has-post-thumbnail","6":"product_brand-w-light","7":"product_cat-lisaseadmed-ehitusseadmed-led-lisatuled-cb-raadiod-lallar","8":"product_cat-lisatuled","9":"product_tag-1605-ns3872","10":"product_tag-led-tuli","11":"product_tag-lisatuli","12":"product_tag-w-light","13":"product_tag-w-light-eclipse-7","15":"first","16":"instock","17":"sale","18":"taxable","19":"shipping-taxable","20":"purchasable","21":"product-type-simple"},"yoast_head":"<!-- This site is optimized with the Yoast SEO plugin v27.4 - https:\/\/yoast.com\/product\/yoast-seo-wordpress\/ -->\n<title>W-LIGHT ECLIPSE 7 lisatuli<\/title>\n<meta name=\"description\" content=\"W-LIGHT ECLIPSE 7 lisatuli T\u00f6\u00f6pinge on 10-30 V, mis teeb selle sobilikuks nii 12 V kui ka 24 V elektris\u00fcsteemiga s\u00f5idukitele.\" \/>\n<meta name=\"robots\" content=\"index, follow, max-snippet:-1, max-image-preview:large, max-video-preview:-1\" \/>\n<link rel=\"canonical\" href=\"https:\/\/ranoja.ee\/toode\/w-light-eclipse-7-lisatuli\/\" \/>\n<meta property=\"og:locale\" content=\"en_US\" \/>\n<meta property=\"og:type\" content=\"article\" \/>\n<meta property=\"og:title\" content=\"W-LIGHT ECLIPSE 7 lisatuli\" \/>\n<meta property=\"og:description\" content=\"W-LIGHT ECLIPSE 7 lisatuli T\u00f6\u00f6pinge on 10-30 V, mis teeb selle sobilikuks nii 12 V kui ka 24 V elektris\u00fcsteemiga s\u00f5idukitele.\" \/>\n<meta property=\"og:url\" content=\"https:\/\/ranoja.ee\/toode\/w-light-eclipse-7-lisatuli\/\" \/>\n<meta property=\"og:site_name\" content=\"Ranoja\" \/>\n<meta property=\"article:publisher\" content=\"https:\/\/www.facebook.com\/ranoja.ee\" \/>\n<meta property=\"article:modified_time\" content=\"2025-12-12T12:48:32+00:00\" \/>\n<meta property=\"og:image\" content=\"https:\/\/ranoja.ee\/wp-content\/uploads\/2025\/10\/W-LIGHT-ECLIPSE-7-lisatuli.jpg\" \/>\n\t<meta property=\"og:image:width\" content=\"800\" \/>\n\t<meta property=\"og:image:height\" content=\"600\" \/>\n\t<meta property=\"og:image:type\" content=\"image\/jpeg\" \/>\n<meta name=\"twitter:card\" content=\"summary_large_image\" \/>\n<meta name=\"twitter:label1\" content=\"Est. reading time\" \/>\n\t<meta name=\"twitter:data1\" content=\"2 minutes\" \/>\n<script type=\"application\/ld+json\" class=\"yoast-schema-graph\">{\"@context\":\"https:\\\/\\\/schema.org\",\"@graph\":[{\"@type\":\"WebPage\",\"@id\":\"https:\\\/\\\/ranoja.ee\\\/toode\\\/w-light-eclipse-7-lisatuli\\\/\",\"url\":\"https:\\\/\\\/ranoja.ee\\\/toode\\\/w-light-eclipse-7-lisatuli\\\/\",\"name\":\"W-LIGHT ECLIPSE 7 lisatuli\",\"isPartOf\":{\"@id\":\"https:\\\/\\\/ranoja.ee\\\/#website\"},\"primaryImageOfPage\":{\"@id\":\"https:\\\/\\\/ranoja.ee\\\/toode\\\/w-light-eclipse-7-lisatuli\\\/#primaryimage\"},\"image\":{\"@id\":\"https:\\\/\\\/ranoja.ee\\\/toode\\\/w-light-eclipse-7-lisatuli\\\/#primaryimage\"},\"thumbnailUrl\":\"https:\\\/\\\/ranoja.ee\\\/wp-content\\\/uploads\\\/2025\\\/10\\\/W-LIGHT-ECLIPSE-7-lisatuli.jpg\",\"datePublished\":\"2025-10-23T14:15:43+00:00\",\"dateModified\":\"2025-12-12T12:48:32+00:00\",\"description\":\"W-LIGHT ECLIPSE 7 lisatuli T\u00f6\u00f6pinge on 10-30 V, mis teeb selle sobilikuks nii 12 V kui ka 24 V elektris\u00fcsteemiga s\u00f5idukitele.\",\"breadcrumb\":{\"@id\":\"https:\\\/\\\/ranoja.ee\\\/toode\\\/w-light-eclipse-7-lisatuli\\\/#breadcrumb\"},\"inLanguage\":\"en-US\",\"potentialAction\":[{\"@type\":\"ReadAction\",\"target\":[\"https:\\\/\\\/ranoja.ee\\\/toode\\\/w-light-eclipse-7-lisatuli\\\/\"]}]},{\"@type\":\"ImageObject\",\"inLanguage\":\"en-US\",\"@id\":\"https:\\\/\\\/ranoja.ee\\\/toode\\\/w-light-eclipse-7-lisatuli\\\/#primaryimage\",\"url\":\"https:\\\/\\\/ranoja.ee\\\/wp-content\\\/uploads\\\/2025\\\/10\\\/W-LIGHT-ECLIPSE-7-lisatuli.jpg\",\"contentUrl\":\"https:\\\/\\\/ranoja.ee\\\/wp-content\\\/uploads\\\/2025\\\/10\\\/W-LIGHT-ECLIPSE-7-lisatuli.jpg\",\"width\":800,\"height\":600,\"caption\":\"W-LIGHT ECLIPSE 7 lisatuli\"},{\"@type\":\"BreadcrumbList\",\"@id\":\"https:\\\/\\\/ranoja.ee\\\/toode\\\/w-light-eclipse-7-lisatuli\\\/#breadcrumb\",\"itemListElement\":[{\"@type\":\"ListItem\",\"position\":1,\"name\":\"Home\",\"item\":\"https:\\\/\\\/ranoja.ee\\\/\"},{\"@type\":\"ListItem\",\"position\":2,\"name\":\"Shop\",\"item\":\"https:\\\/\\\/ranoja.ee\\\/en\\\/shop\\\/\"},{\"@type\":\"ListItem\",\"position\":3,\"name\":\"W-LIGHT ECLIPSE 7 lisatuli\"}]},{\"@type\":\"WebSite\",\"@id\":\"https:\\\/\\\/ranoja.ee\\\/#website\",\"url\":\"https:\\\/\\\/ranoja.ee\\\/\",\"name\":\"Ranoja\",\"description\":\"Equipment Shop WooCommerce WordPress Theme for Machine &amp; Tools\",\"publisher\":{\"@id\":\"https:\\\/\\\/ranoja.ee\\\/#organization\"},\"potentialAction\":[{\"@type\":\"SearchAction\",\"target\":{\"@type\":\"EntryPoint\",\"urlTemplate\":\"https:\\\/\\\/ranoja.ee\\\/?s={search_term_string}\"},\"query-input\":{\"@type\":\"PropertyValueSpecification\",\"valueRequired\":true,\"valueName\":\"search_term_string\"}}],\"inLanguage\":\"en-US\"},{\"@type\":\"Organization\",\"@id\":\"https:\\\/\\\/ranoja.ee\\\/#organization\",\"name\":\"Ranoja O\u00dc\",\"url\":\"https:\\\/\\\/ranoja.ee\\\/\",\"logo\":{\"@type\":\"ImageObject\",\"inLanguage\":\"en-US\",\"@id\":\"https:\\\/\\\/ranoja.ee\\\/#\\\/schema\\\/logo\\\/image\\\/\",\"url\":\"https:\\\/\\\/ranoja.ee\\\/wp-content\\\/uploads\\\/2023\\\/11\\\/ranoja-Logo.png\",\"contentUrl\":\"https:\\\/\\\/ranoja.ee\\\/wp-content\\\/uploads\\\/2023\\\/11\\\/ranoja-Logo.png\",\"width\":207,\"height\":58,\"caption\":\"Ranoja O\u00dc\"},\"image\":{\"@id\":\"https:\\\/\\\/ranoja.ee\\\/#\\\/schema\\\/logo\\\/image\\\/\"},\"sameAs\":[\"https:\\\/\\\/www.facebook.com\\\/ranoja.ee\",\"https:\\\/\\\/www.instagram.com\\\/ranoja__\\\/\"]}]}<\/script>\n<!-- \/ Yoast SEO plugin. -->","yoast_head_json":{"title":"W-LIGHT ECLIPSE 7 lisatuli","description":"W-LIGHT ECLIPSE 7 lisatuli T\u00f6\u00f6pinge on 10-30 V, mis teeb selle sobilikuks nii 12 V kui ka 24 V elektris\u00fcsteemiga s\u00f5idukitele.","robots":{"index":"index","follow":"follow","max-snippet":"max-snippet:-1","max-image-preview":"max-image-preview:large","max-video-preview":"max-video-preview:-1"},"canonical":"https:\/\/ranoja.ee\/toode\/w-light-eclipse-7-lisatuli\/","og_locale":"en_US","og_type":"article","og_title":"W-LIGHT ECLIPSE 7 lisatuli","og_description":"W-LIGHT ECLIPSE 7 lisatuli T\u00f6\u00f6pinge on 10-30 V, mis teeb selle sobilikuks nii 12 V kui ka 24 V elektris\u00fcsteemiga s\u00f5idukitele.","og_url":"https:\/\/ranoja.ee\/toode\/w-light-eclipse-7-lisatuli\/","og_site_name":"Ranoja","article_publisher":"https:\/\/www.facebook.com\/ranoja.ee","article_modified_time":"2025-12-12T12:48:32+00:00","og_image":[{"width":800,"height":600,"url":"https:\/\/ranoja.ee\/wp-content\/uploads\/2025\/10\/W-LIGHT-ECLIPSE-7-lisatuli.jpg","type":"image\/jpeg"}],"twitter_card":"summary_large_image","twitter_misc":{"Est. reading time":"2 minutes"},"schema":{"@context":"https:\/\/schema.org","@graph":[{"@type":"WebPage","@id":"https:\/\/ranoja.ee\/toode\/w-light-eclipse-7-lisatuli\/","url":"https:\/\/ranoja.ee\/toode\/w-light-eclipse-7-lisatuli\/","name":"W-LIGHT ECLIPSE 7 lisatuli","isPartOf":{"@id":"https:\/\/ranoja.ee\/#website"},"primaryImageOfPage":{"@id":"https:\/\/ranoja.ee\/toode\/w-light-eclipse-7-lisatuli\/#primaryimage"},"image":{"@id":"https:\/\/ranoja.ee\/toode\/w-light-eclipse-7-lisatuli\/#primaryimage"},"thumbnailUrl":"https:\/\/ranoja.ee\/wp-content\/uploads\/2025\/10\/W-LIGHT-ECLIPSE-7-lisatuli.jpg","datePublished":"2025-10-23T14:15:43+00:00","dateModified":"2025-12-12T12:48:32+00:00","description":"W-LIGHT ECLIPSE 7 lisatuli T\u00f6\u00f6pinge on 10-30 V, mis teeb selle sobilikuks nii 12 V kui ka 24 V elektris\u00fcsteemiga s\u00f5idukitele.","breadcrumb":{"@id":"https:\/\/ranoja.ee\/toode\/w-light-eclipse-7-lisatuli\/#breadcrumb"},"inLanguage":"en-US","potentialAction":[{"@type":"ReadAction","target":["https:\/\/ranoja.ee\/toode\/w-light-eclipse-7-lisatuli\/"]}]},{"@type":"ImageObject","inLanguage":"en-US","@id":"https:\/\/ranoja.ee\/toode\/w-light-eclipse-7-lisatuli\/#primaryimage","url":"https:\/\/ranoja.ee\/wp-content\/uploads\/2025\/10\/W-LIGHT-ECLIPSE-7-lisatuli.jpg","contentUrl":"https:\/\/ranoja.ee\/wp-content\/uploads\/2025\/10\/W-LIGHT-ECLIPSE-7-lisatuli.jpg","width":800,"height":600,"caption":"W-LIGHT ECLIPSE 7 lisatuli"},{"@type":"BreadcrumbList","@id":"https:\/\/ranoja.ee\/toode\/w-light-eclipse-7-lisatuli\/#breadcrumb","itemListElement":[{"@type":"ListItem","position":1,"name":"Home","item":"https:\/\/ranoja.ee\/"},{"@type":"ListItem","position":2,"name":"Shop","item":"https:\/\/ranoja.ee\/en\/shop\/"},{"@type":"ListItem","position":3,"name":"W-LIGHT ECLIPSE 7 lisatuli"}]},{"@type":"WebSite","@id":"https:\/\/ranoja.ee\/#website","url":"https:\/\/ranoja.ee\/","name":"Ranoja","description":"Equipment Shop WooCommerce WordPress Theme for Machine &amp; Tools","publisher":{"@id":"https:\/\/ranoja.ee\/#organization"},"potentialAction":[{"@type":"SearchAction","target":{"@type":"EntryPoint","urlTemplate":"https:\/\/ranoja.ee\/?s={search_term_string}"},"query-input":{"@type":"PropertyValueSpecification","valueRequired":true,"valueName":"search_term_string"}}],"inLanguage":"en-US"},{"@type":"Organization","@id":"https:\/\/ranoja.ee\/#organization","name":"Ranoja O\u00dc","url":"https:\/\/ranoja.ee\/","logo":{"@type":"ImageObject","inLanguage":"en-US","@id":"https:\/\/ranoja.ee\/#\/schema\/logo\/image\/","url":"https:\/\/ranoja.ee\/wp-content\/uploads\/2023\/11\/ranoja-Logo.png","contentUrl":"https:\/\/ranoja.ee\/wp-content\/uploads\/2023\/11\/ranoja-Logo.png","width":207,"height":58,"caption":"Ranoja O\u00dc"},"image":{"@id":"https:\/\/ranoja.ee\/#\/schema\/logo\/image\/"},"sameAs":["https:\/\/www.facebook.com\/ranoja.ee","https:\/\/www.instagram.com\/ranoja__\/"]}]}},"_links":{"self":[{"href":"https:\/\/ranoja.ee\/en\/wp-json\/wp\/v2\/product\/23065","targetHints":{"allow":["GET"]}}],"collection":[{"href":"https:\/\/ranoja.ee\/en\/wp-json\/wp\/v2\/product"}],"about":[{"href":"https:\/\/ranoja.ee\/en\/wp-json\/wp\/v2\/types\/product"}],"wp:featuredmedia":[{"embeddable":true,"href":"https:\/\/ranoja.ee\/en\/wp-json\/wp\/v2\/media\/23084"}],"wp:attachment":[{"href":"https:\/\/ranoja.ee\/en\/wp-json\/wp\/v2\/media?parent=23065"}],"wp:term":[{"taxonomy":"product_cat","embeddable":true,"href":"https:\/\/ranoja.ee\/en\/wp-json\/wp\/v2\/product_cat?post=23065"},{"taxonomy":"product_tag","embeddable":true,"href":"https:\/\/ranoja.ee\/en\/wp-json\/wp\/v2\/product_tag?post=23065"}],"curies":[{"name":"wp","href":"https:\/\/api.w.org\/{rel}","templated":true}]}}