{"id":23057,"date":"2025-10-23T16:51:41","date_gmt":"2025-10-23T13:51:41","guid":{"rendered":"https:\/\/ranoja.ee\/?post_type=product&#038;p=23057"},"modified":"2025-12-12T15:48:32","modified_gmt":"2025-12-12T12:48:32","slug":"w-light-neptune-gen-2-lisatuli","status":"publish","type":"product","link":"https:\/\/ranoja.ee\/en\/toode\/w-light-neptune-gen-2-lisatuli\/","title":{"rendered":"W-LIGHT Neptune Gen 2 lisatuli"},"content":{"rendered":"<p>W-LIGHT Neptune Gen 2 lisatuli<\/p>\n<p>\u00dcmara kujuga LED-lisatuli, mis on saanud uuenduse \u00fche populaarseima ringikujulise lisatuledereale \u2014 Gen2 versioon. Toob kaasa kaasaegse raamita v\u00f5i minimaalsete servadeta disaini ning visuaalselt atraktiivse kahev\u00e4rvilise (valge v\u00f5i oran\u017e) park-\/poisitsioonituled-lahenduse. <\/p>\n<p>Tehniliselt on tegemist 9-tolline (~ \u00d8227 mm) lisatulediga, mille m\u00f5\u00f5detud valgusvoog ulatub umbes 7600 lm ja tootja v\u00e4idab kuni ~ 8750 lm.<br \/>\nT\u00f6\u00f6pingevahemik on 9-30 V, seega sobib erinevate autode ja veokite elektris\u00fcsteemidega.<br \/>\nValgusv\u00e4rv on ~ 5700 K, mis annab naturaalset valget valgust ilma liigselt sinakana m\u00f5juta. <\/p>\n<p>Neptune Gen2 paistab silma ka oma konstruktsiooniga. Alumiiniumkorpus, pol\u00fckarbonaatl\u00e4\u00e4tsed, IP-klassiks v\u00e4hemalt IP68 \u2013 tagades tolmu- ja veekindluse. Sobides seega ka karmimatele teetingimustele.<br \/>\n\u00dchendus on tehtud 4-pin DTP\/DT-liidese kaudu, mis lihtsustab paigaldust ja tagab usaldusv\u00e4\u00e4rse \u00fchenduse. <\/p>\n<p>Park-\/poisitsioonivalgustus on topeltv\u00e4rviline (valge v\u00f5i oran\u017e), mis annab lisaks visuaalse v\u00e4limuse ka funktsionaalse l\u00e4hivalgustuse. Sobib h\u00e4sti autos ette, kui soovitakse just nii t\u00f6\u00f6\u2010 kui lisavalgustust. <\/p>\n<p>Kasutuslikult on tegemist v\u00e4ga heaks valikuks lisatuledena neile, kes s\u00f5idavad sageli pimedal ajal v\u00f5i halva n\u00e4htavusega teedel ning soovivad nii kaugele v\u00e4lja n\u00e4ha kui ka stiilset lahendust. Disain sobib h\u00e4sti kaasaegsete autode ette, kus soovitakse k\u00fcll tugevat valgustust, kuid mitte massiivset bar-lamppi irvitatavalt esiosas.<\/p>\n<p>W-LIGHT Neptune Gen 2 lisatuli<\/p>\n","protected":false},"excerpt":{"rendered":"<p>W-LIGHT Neptune Gen 2 lisatuli<br \/>\nM\u00f5\u00f5tmed: \u00f8 227 x 80 mm<br \/>\nPinge: 9-30 V<br \/>\nVoolutarve 5.33 A @ 13.7 V<br \/>\nLumenid: 8750 lm<br \/>\nLumenid m\u00f5\u00f5detud: 7600 lm<br \/>\nReferentsarv: 25<br \/>\nVorm: Ringi kujuline<br \/>\nV\u00e4rvitemperatuur: 5700 K<br \/>\nPistiku t\u00fc\u00fcp: 4-pin DT<br \/>\nJuhtme pikkus: 1 m<br \/>\nSertifikaadid: R10, R149<br \/>\nMudeli nimi: Neptune Gen2<br \/>\nKaal: 2.60 kg<br \/>\n<strong>Eeldatav tarneaeg 1-7 t\u00f6\u00f6p\u00e4eva<\/strong><\/p>\n","protected":false},"featured_media":23059,"template":"","meta":{"inline_featured_image":false},"product_cat":[1116,1117],"product_tag":[2394,993,991,654,649,656,2395],"class_list":{"0":"post-23057","1":"product","2":"type-product","3":"status-publish","4":"has-post-thumbnail","6":"product_brand-w-light","7":"product_cat-lisaseadmed-ehitusseadmed-led-lisatuled-cb-raadiod-lallar","8":"product_cat-lisatuled","9":"product_tag-1605-ns3869","10":"product_tag-1605-wk045","11":"product_tag-1605-wk064","12":"product_tag-led-tuli","13":"product_tag-lisatuli","14":"product_tag-w-light","15":"product_tag-w-light-neptune-gen-2","17":"first","18":"instock","19":"sale","20":"taxable","21":"shipping-taxable","22":"purchasable","23":"product-type-simple"},"yoast_head":"<!-- This site is optimized with the Yoast SEO plugin v27.4 - https:\/\/yoast.com\/product\/yoast-seo-wordpress\/ -->\n<title>W-LIGHT Neptune Gen 2 lisatuli<\/title>\n<meta name=\"description\" content=\"W-LIGHT Neptune Gen 2 lisatuli Alumiiniumkorpus, pol\u00fckarbonaatl\u00e4\u00e4tsed, IP-klassiks v\u00e4hemalt IP68, mis tagab tolmu- ja veekindluse.\" \/>\n<meta name=\"robots\" content=\"index, follow, max-snippet:-1, max-image-preview:large, max-video-preview:-1\" \/>\n<link rel=\"canonical\" href=\"https:\/\/ranoja.ee\/toode\/w-light-neptune-gen-2-lisatuli\/\" \/>\n<meta property=\"og:locale\" content=\"en_US\" \/>\n<meta property=\"og:type\" content=\"article\" \/>\n<meta property=\"og:title\" content=\"W-LIGHT Neptune Gen 2 lisatuli\" \/>\n<meta property=\"og:description\" content=\"W-LIGHT Neptune Gen 2 lisatuli Alumiiniumkorpus, pol\u00fckarbonaatl\u00e4\u00e4tsed, IP-klassiks v\u00e4hemalt IP68, mis tagab tolmu- ja veekindluse.\" \/>\n<meta property=\"og:url\" content=\"https:\/\/ranoja.ee\/toode\/w-light-neptune-gen-2-lisatuli\/\" \/>\n<meta property=\"og:site_name\" content=\"Ranoja\" \/>\n<meta property=\"article:publisher\" content=\"https:\/\/www.facebook.com\/ranoja.ee\" \/>\n<meta property=\"article:modified_time\" content=\"2025-12-12T12:48:32+00:00\" \/>\n<meta property=\"og:image\" content=\"https:\/\/ranoja.ee\/wp-content\/uploads\/2025\/10\/W-LIGHT-Neptune-Gen-2-lisatuli.jpg\" \/>\n\t<meta property=\"og:image:width\" content=\"800\" \/>\n\t<meta property=\"og:image:height\" content=\"600\" \/>\n\t<meta property=\"og:image:type\" content=\"image\/jpeg\" \/>\n<meta name=\"twitter:card\" content=\"summary_large_image\" \/>\n<meta name=\"twitter:label1\" content=\"Est. reading time\" \/>\n\t<meta name=\"twitter:data1\" content=\"1 minute\" \/>\n<script type=\"application\/ld+json\" class=\"yoast-schema-graph\">{\"@context\":\"https:\\\/\\\/schema.org\",\"@graph\":[{\"@type\":\"WebPage\",\"@id\":\"https:\\\/\\\/ranoja.ee\\\/toode\\\/w-light-neptune-gen-2-lisatuli\\\/\",\"url\":\"https:\\\/\\\/ranoja.ee\\\/toode\\\/w-light-neptune-gen-2-lisatuli\\\/\",\"name\":\"W-LIGHT Neptune Gen 2 lisatuli\",\"isPartOf\":{\"@id\":\"https:\\\/\\\/ranoja.ee\\\/#website\"},\"primaryImageOfPage\":{\"@id\":\"https:\\\/\\\/ranoja.ee\\\/toode\\\/w-light-neptune-gen-2-lisatuli\\\/#primaryimage\"},\"image\":{\"@id\":\"https:\\\/\\\/ranoja.ee\\\/toode\\\/w-light-neptune-gen-2-lisatuli\\\/#primaryimage\"},\"thumbnailUrl\":\"https:\\\/\\\/ranoja.ee\\\/wp-content\\\/uploads\\\/2025\\\/10\\\/W-LIGHT-Neptune-Gen-2-lisatuli.jpg\",\"datePublished\":\"2025-10-23T13:51:41+00:00\",\"dateModified\":\"2025-12-12T12:48:32+00:00\",\"description\":\"W-LIGHT Neptune Gen 2 lisatuli Alumiiniumkorpus, pol\u00fckarbonaatl\u00e4\u00e4tsed, IP-klassiks v\u00e4hemalt IP68, mis tagab tolmu- ja veekindluse.\",\"breadcrumb\":{\"@id\":\"https:\\\/\\\/ranoja.ee\\\/toode\\\/w-light-neptune-gen-2-lisatuli\\\/#breadcrumb\"},\"inLanguage\":\"en-US\",\"potentialAction\":[{\"@type\":\"ReadAction\",\"target\":[\"https:\\\/\\\/ranoja.ee\\\/toode\\\/w-light-neptune-gen-2-lisatuli\\\/\"]}]},{\"@type\":\"ImageObject\",\"inLanguage\":\"en-US\",\"@id\":\"https:\\\/\\\/ranoja.ee\\\/toode\\\/w-light-neptune-gen-2-lisatuli\\\/#primaryimage\",\"url\":\"https:\\\/\\\/ranoja.ee\\\/wp-content\\\/uploads\\\/2025\\\/10\\\/W-LIGHT-Neptune-Gen-2-lisatuli.jpg\",\"contentUrl\":\"https:\\\/\\\/ranoja.ee\\\/wp-content\\\/uploads\\\/2025\\\/10\\\/W-LIGHT-Neptune-Gen-2-lisatuli.jpg\",\"width\":800,\"height\":600,\"caption\":\"W-LIGHT Neptune Gen 2 lisatuli\"},{\"@type\":\"BreadcrumbList\",\"@id\":\"https:\\\/\\\/ranoja.ee\\\/toode\\\/w-light-neptune-gen-2-lisatuli\\\/#breadcrumb\",\"itemListElement\":[{\"@type\":\"ListItem\",\"position\":1,\"name\":\"Home\",\"item\":\"https:\\\/\\\/ranoja.ee\\\/\"},{\"@type\":\"ListItem\",\"position\":2,\"name\":\"Shop\",\"item\":\"https:\\\/\\\/ranoja.ee\\\/en\\\/shop\\\/\"},{\"@type\":\"ListItem\",\"position\":3,\"name\":\"W-LIGHT Neptune Gen 2 lisatuli\"}]},{\"@type\":\"WebSite\",\"@id\":\"https:\\\/\\\/ranoja.ee\\\/#website\",\"url\":\"https:\\\/\\\/ranoja.ee\\\/\",\"name\":\"Ranoja\",\"description\":\"Equipment Shop WooCommerce WordPress Theme for Machine &amp; Tools\",\"publisher\":{\"@id\":\"https:\\\/\\\/ranoja.ee\\\/#organization\"},\"potentialAction\":[{\"@type\":\"SearchAction\",\"target\":{\"@type\":\"EntryPoint\",\"urlTemplate\":\"https:\\\/\\\/ranoja.ee\\\/?s={search_term_string}\"},\"query-input\":{\"@type\":\"PropertyValueSpecification\",\"valueRequired\":true,\"valueName\":\"search_term_string\"}}],\"inLanguage\":\"en-US\"},{\"@type\":\"Organization\",\"@id\":\"https:\\\/\\\/ranoja.ee\\\/#organization\",\"name\":\"Ranoja O\u00dc\",\"url\":\"https:\\\/\\\/ranoja.ee\\\/\",\"logo\":{\"@type\":\"ImageObject\",\"inLanguage\":\"en-US\",\"@id\":\"https:\\\/\\\/ranoja.ee\\\/#\\\/schema\\\/logo\\\/image\\\/\",\"url\":\"https:\\\/\\\/ranoja.ee\\\/wp-content\\\/uploads\\\/2023\\\/11\\\/ranoja-Logo.png\",\"contentUrl\":\"https:\\\/\\\/ranoja.ee\\\/wp-content\\\/uploads\\\/2023\\\/11\\\/ranoja-Logo.png\",\"width\":207,\"height\":58,\"caption\":\"Ranoja O\u00dc\"},\"image\":{\"@id\":\"https:\\\/\\\/ranoja.ee\\\/#\\\/schema\\\/logo\\\/image\\\/\"},\"sameAs\":[\"https:\\\/\\\/www.facebook.com\\\/ranoja.ee\",\"https:\\\/\\\/www.instagram.com\\\/ranoja__\\\/\"]}]}<\/script>\n<!-- \/ Yoast SEO plugin. -->","yoast_head_json":{"title":"W-LIGHT Neptune Gen 2 lisatuli","description":"W-LIGHT Neptune Gen 2 lisatuli Alumiiniumkorpus, pol\u00fckarbonaatl\u00e4\u00e4tsed, IP-klassiks v\u00e4hemalt IP68, mis tagab tolmu- ja veekindluse.","robots":{"index":"index","follow":"follow","max-snippet":"max-snippet:-1","max-image-preview":"max-image-preview:large","max-video-preview":"max-video-preview:-1"},"canonical":"https:\/\/ranoja.ee\/toode\/w-light-neptune-gen-2-lisatuli\/","og_locale":"en_US","og_type":"article","og_title":"W-LIGHT Neptune Gen 2 lisatuli","og_description":"W-LIGHT Neptune Gen 2 lisatuli Alumiiniumkorpus, pol\u00fckarbonaatl\u00e4\u00e4tsed, IP-klassiks v\u00e4hemalt IP68, mis tagab tolmu- ja veekindluse.","og_url":"https:\/\/ranoja.ee\/toode\/w-light-neptune-gen-2-lisatuli\/","og_site_name":"Ranoja","article_publisher":"https:\/\/www.facebook.com\/ranoja.ee","article_modified_time":"2025-12-12T12:48:32+00:00","og_image":[{"width":800,"height":600,"url":"https:\/\/ranoja.ee\/wp-content\/uploads\/2025\/10\/W-LIGHT-Neptune-Gen-2-lisatuli.jpg","type":"image\/jpeg"}],"twitter_card":"summary_large_image","twitter_misc":{"Est. reading time":"1 minute"},"schema":{"@context":"https:\/\/schema.org","@graph":[{"@type":"WebPage","@id":"https:\/\/ranoja.ee\/toode\/w-light-neptune-gen-2-lisatuli\/","url":"https:\/\/ranoja.ee\/toode\/w-light-neptune-gen-2-lisatuli\/","name":"W-LIGHT Neptune Gen 2 lisatuli","isPartOf":{"@id":"https:\/\/ranoja.ee\/#website"},"primaryImageOfPage":{"@id":"https:\/\/ranoja.ee\/toode\/w-light-neptune-gen-2-lisatuli\/#primaryimage"},"image":{"@id":"https:\/\/ranoja.ee\/toode\/w-light-neptune-gen-2-lisatuli\/#primaryimage"},"thumbnailUrl":"https:\/\/ranoja.ee\/wp-content\/uploads\/2025\/10\/W-LIGHT-Neptune-Gen-2-lisatuli.jpg","datePublished":"2025-10-23T13:51:41+00:00","dateModified":"2025-12-12T12:48:32+00:00","description":"W-LIGHT Neptune Gen 2 lisatuli Alumiiniumkorpus, pol\u00fckarbonaatl\u00e4\u00e4tsed, IP-klassiks v\u00e4hemalt IP68, mis tagab tolmu- ja veekindluse.","breadcrumb":{"@id":"https:\/\/ranoja.ee\/toode\/w-light-neptune-gen-2-lisatuli\/#breadcrumb"},"inLanguage":"en-US","potentialAction":[{"@type":"ReadAction","target":["https:\/\/ranoja.ee\/toode\/w-light-neptune-gen-2-lisatuli\/"]}]},{"@type":"ImageObject","inLanguage":"en-US","@id":"https:\/\/ranoja.ee\/toode\/w-light-neptune-gen-2-lisatuli\/#primaryimage","url":"https:\/\/ranoja.ee\/wp-content\/uploads\/2025\/10\/W-LIGHT-Neptune-Gen-2-lisatuli.jpg","contentUrl":"https:\/\/ranoja.ee\/wp-content\/uploads\/2025\/10\/W-LIGHT-Neptune-Gen-2-lisatuli.jpg","width":800,"height":600,"caption":"W-LIGHT Neptune Gen 2 lisatuli"},{"@type":"BreadcrumbList","@id":"https:\/\/ranoja.ee\/toode\/w-light-neptune-gen-2-lisatuli\/#breadcrumb","itemListElement":[{"@type":"ListItem","position":1,"name":"Home","item":"https:\/\/ranoja.ee\/"},{"@type":"ListItem","position":2,"name":"Shop","item":"https:\/\/ranoja.ee\/en\/shop\/"},{"@type":"ListItem","position":3,"name":"W-LIGHT Neptune Gen 2 lisatuli"}]},{"@type":"WebSite","@id":"https:\/\/ranoja.ee\/#website","url":"https:\/\/ranoja.ee\/","name":"Ranoja","description":"Equipment Shop WooCommerce WordPress Theme for Machine &amp; Tools","publisher":{"@id":"https:\/\/ranoja.ee\/#organization"},"potentialAction":[{"@type":"SearchAction","target":{"@type":"EntryPoint","urlTemplate":"https:\/\/ranoja.ee\/?s={search_term_string}"},"query-input":{"@type":"PropertyValueSpecification","valueRequired":true,"valueName":"search_term_string"}}],"inLanguage":"en-US"},{"@type":"Organization","@id":"https:\/\/ranoja.ee\/#organization","name":"Ranoja O\u00dc","url":"https:\/\/ranoja.ee\/","logo":{"@type":"ImageObject","inLanguage":"en-US","@id":"https:\/\/ranoja.ee\/#\/schema\/logo\/image\/","url":"https:\/\/ranoja.ee\/wp-content\/uploads\/2023\/11\/ranoja-Logo.png","contentUrl":"https:\/\/ranoja.ee\/wp-content\/uploads\/2023\/11\/ranoja-Logo.png","width":207,"height":58,"caption":"Ranoja O\u00dc"},"image":{"@id":"https:\/\/ranoja.ee\/#\/schema\/logo\/image\/"},"sameAs":["https:\/\/www.facebook.com\/ranoja.ee","https:\/\/www.instagram.com\/ranoja__\/"]}]}},"_links":{"self":[{"href":"https:\/\/ranoja.ee\/en\/wp-json\/wp\/v2\/product\/23057","targetHints":{"allow":["GET"]}}],"collection":[{"href":"https:\/\/ranoja.ee\/en\/wp-json\/wp\/v2\/product"}],"about":[{"href":"https:\/\/ranoja.ee\/en\/wp-json\/wp\/v2\/types\/product"}],"wp:featuredmedia":[{"embeddable":true,"href":"https:\/\/ranoja.ee\/en\/wp-json\/wp\/v2\/media\/23059"}],"wp:attachment":[{"href":"https:\/\/ranoja.ee\/en\/wp-json\/wp\/v2\/media?parent=23057"}],"wp:term":[{"taxonomy":"product_cat","embeddable":true,"href":"https:\/\/ranoja.ee\/en\/wp-json\/wp\/v2\/product_cat?post=23057"},{"taxonomy":"product_tag","embeddable":true,"href":"https:\/\/ranoja.ee\/en\/wp-json\/wp\/v2\/product_tag?post=23057"}],"curies":[{"name":"wp","href":"https:\/\/api.w.org\/{rel}","templated":true}]}}