{"id":23056,"date":"2025-10-22T13:45:44","date_gmt":"2025-10-22T10:45:44","guid":{"rendered":"https:\/\/ranoja.ee\/?post_type=product&#038;p=23056"},"modified":"2025-10-22T13:48:03","modified_gmt":"2025-10-22T10:48:03","slug":"miniekskavaator-mb-600-kasutatud","status":"publish","type":"product","link":"https:\/\/ranoja.ee\/en\/toode\/miniekskavaator-mb-600-kasutatud\/","title":{"rendered":"Miniekskavaator MB 600 (kasutatud)"},"content":{"rendered":"<p>Lumag miniekskavaator MB-600<br \/>\nMB-600 \u2013 mitmek\u00fclgne, kompaktne ja kasutajas\u00f5bralik miniekskavaator!<br \/>\nT\u00e4iuslik abimees kitsastes ruumides, n\u00e4iteks hoonetes, v\u00f5i v\u00e4iksematel t\u00f6\u00f6del eraaedades, kus pole ruumi suuremate masinate jaoks.<br \/>\nMB-600 pakub v\u00e4\u00e4rtuslikke teenuseid. Meie multitalent sobib ideaalselt ka maja drenaa\u017eide ja kaevikute kaevamiseks, kuna poomi saab p\u00f6\u00f6rata 70\u00b0 vasakule<br \/>\nja paremale.<br \/>\nOperaatori p\u00f5rand on kaetud libisemis- ja l\u00f6\u00f6gikindla kummikattega.<br \/>\n\u00c4\u00e4rmiselt kitsas disain ja kompaktsed m\u00f5\u00f5tmed toovad MB-600 turvaliselt t\u00f6\u00f6kohta ka l\u00e4bi kitsaste v\u00e4ravate ja radade.<br \/>\nSellel on ka LED pro\u017eektor, kaks peeglit, tunnim\u00f5\u00f5tja ja helisignaal!<br \/>\nTarnekomplekti kuuluvad j\u00e4rgmised lisaseadmed<br \/>\nKaubaaluste kahvlid, reha kinnitus, kopp-p\u00f6ial, haarats.<\/p>\n<p>Miniekskavaatorid on v\u00e4ikesed, kompaktsed ja man\u00f6\u00f6verdatavad ekskavaatorid, mis on m\u00f5eldud kasutamiseks kitsastes v\u00f5i piiratud ruumides, nagu aedades, linnat\u00e4navatel v\u00f5i ehitusplatsidel, kus suuremad masinad ei pruugi mahutuda. Need masinad on varustatud kabiini, k\u00fctusepaagi ja h\u00fcdraulikas\u00fcsteemiga ning neil on mitmesugused kaevev\u00f5imsused s\u00f5ltuvalt mudelist.<\/p>\n<p>Siin on m\u00f5ned olulised omadused ja kasutusalad miniekskavaatorite kohta:<br \/>\nKompaktsus: Miniekskavaatorid on tavaliselt kompaktsed, mis v\u00f5imaldab neil lihtsasti man\u00f6\u00f6verdada ja t\u00f6\u00f6tada kitsastes oludes. See muudab need ideaalseks valikuks piiratud ruumidega t\u00f6\u00f6de jaoks.<\/p>\n<p>Man\u00f6\u00f6verdusv\u00f5ime: Need masinad on varustatud mitmesuguste man\u00f6\u00f6verdusfunktsioonidega, sealhulgas p\u00f6\u00f6ratava \u00fclemise konsooli v\u00f5i h\u00fcdrauliliste j\u00e4ikade jalgadega, mis v\u00f5imaldavad neil liikuda ja t\u00f6\u00f6tada piiratud ruumides.<\/p>\n<p>Erinevad lisaseadmed: Miniekskavaatoritel on sageli mitmesuguseid lisaseadmeid, nagu erineva suurusega koppad, haamrid, purustajad ja k\u00fchvlid, mis v\u00f5imaldavad neil t\u00e4ita erinevaid \u00fclesandeid vastavalt vajadusele.<br \/>\nLumag miniekskavaator MB-600<\/p>\n<p>Lumagi tootevalik h\u00f5lmab mitmesuguseid ehitusseadmeid ja tarvikuid, alates k\u00f5rgkvaliteedilistest rasketest masinatest kuni kompaktsete t\u00f6\u00f6riistadeni. Br\u00e4ndi toodete disain on t\u00e4nap\u00e4evane, praktiline ja vastupidav, vastates professionaalsete ehitajate ja kodukasutajate k\u00f5rgeimatele standarditele.<\/p>\n<p>Lumag on p\u00fchendunud ka klientide rahulolu tagamisele, pakkudes tipptasemel teenindust ja usaldusv\u00e4\u00e4rset tuge. Nende klientideks on nii suured ehitusettev\u00f5tted kui ka v\u00e4iksemad kohalikud ettev\u00f5tted ning kodukasutajad, kes hindavad vastupidavust ja j\u00f5udlust.<br \/>\n<img decoding=\"async\" src=\"https:\/\/www.ranoja.ee\/wp-content\/uploads\/2023\/07\/LUMAG_Germany_logo_black-300x105.png\" alt=\"\" width=\"300\" height=\"105\" class=\"alignnone size-medium wp-image-5899\" srcset=\"https:\/\/ranoja.ee\/wp-content\/uploads\/2023\/07\/LUMAG_Germany_logo_black-300x105.png 300w, https:\/\/ranoja.ee\/wp-content\/uploads\/2023\/07\/LUMAG_Germany_logo_black-768x270.png 768w, https:\/\/ranoja.ee\/wp-content\/uploads\/2023\/07\/LUMAG_Germany_logo_black-850x299.png 850w, https:\/\/ranoja.ee\/wp-content\/uploads\/2023\/07\/LUMAG_Germany_logo_black-800x281.png 800w, https:\/\/ranoja.ee\/wp-content\/uploads\/2023\/07\/LUMAG_Germany_logo_black.png 852w\" sizes=\"(max-width: 300px) 100vw, 300px\" \/><\/p>\n","protected":false},"excerpt":{"rendered":"<p>umag miniekskavaator MB-600<\/p>\n<p>MB-600 on ideaalne igap\u00e4evane miniekskavaator v\u00e4iksemateks t\u00f6\u00f6deks \/ objektideks kus ruumipuudus on suureks probleemiks.<br \/>\nV\u00f5imalik vedada v\u00e4ikese haagisega!<br \/>\nMahub ka kuppel haagisele!<\/p>\n<p>*Alusvankri laius 690 mm<br \/>\n*Kaeves\u00fcgavus kuni 1200mm<br \/>\n*Kaal: 562kg<br \/>\n*K\u00e4ivituss\u00fcsteem E-Start v\u00f5tmega<br \/>\n*Tunnilugeja<br \/>\n*Signaal<br \/>\n*Peeglid<\/p>\n<p>*Seadmega on komplektis kaasas j\u00e4rgmised lisaseadmed:<br \/>\n*T\u00f5stekahvlid aluste liigutamiseks<br \/>\n*Reha<br \/>\n*Haaratsi kihv<br \/>\n*Kopasulgur<\/p>\n<p>Bensiinimootor v\u00f5imsus 6,3 kW p\u00f6\u00f6retel 3600 p\/min \/ T\u00f6\u00f6maht 306 cm\u00b3<br \/>\nH\u00fcdraulikapumbad 2 x 9L\/min<br \/>\nH\u00fcdrauliline t\u00f6\u00f6r\u00f5hk 17,5 Mpa (175 baari)<br \/>\nAjamis\u00fcsteem:kett\u00fclekanne<br \/>\n(150 mm laiused kummist roomikud)<br \/>\nPaagi mahud<br \/>\nMootori\u00f5li (10W30): 1,1l<br \/>\nK\u00fctus (ROZ\/RON95): 6,0l<br \/>\nH\u00fcdraulika\u00f5li (HLP-22): 12l<br \/>\nKopa maht: 0,011 m\u00b3<br \/>\nLaius: 290mm<br \/>\nPoom, p\u00f6\u00f6rdeulatus kumbki 70\u00b0 (vasakule ja paremale)<br \/>\nRonimisnurk 15\u00b0<br \/>\nS\u00f5idukiirus Max. 1,7 km\/h<\/p>\n<p>Masin asub Paides<br \/>\nEkskavaator on igap\u00e4evases t\u00f6\u00f6s<br \/>\nSobib ka v\u00e4iksema haagisega vedamiseks v\u00f5i t\u00f6\u00f6bussis!<br \/>\nKorralik ja hooldatud masin.<br \/>\nKaeves\u00fcgavus 1,2m<\/p>\n[embed]https:\/\/www.youtube.com\/watch?v=920UUgRErc8[\/embed]\n","protected":false},"featured_media":23044,"template":"","meta":{"inline_featured_image":false},"product_cat":[1210],"product_tag":[888,134,887],"class_list":{"0":"post-23056","1":"product","2":"type-product","3":"status-publish","4":"has-post-thumbnail","6":"product_brand-lumag","7":"product_cat-kasutatud-masinad","8":"product_tag-ekskavaator","9":"product_tag-lumag","10":"product_tag-miniekskavaator","12":"first","13":"instock","14":"taxable","15":"shipping-taxable","16":"purchasable","17":"product-type-simple"},"yoast_head":"<!-- This site is optimized with the Yoast SEO plugin v27.4 - https:\/\/yoast.com\/product\/yoast-seo-wordpress\/ -->\n<title>Miniekskavaator MB 600 (kasutatud)<\/title>\n<meta name=\"description\" content=\"Miniekskavaator MB 600 (kasutatud) Operaatori p\u00f5rand on kaetud libisemis- ja l\u00f6\u00f6gikindla kummikattega.\u00c4\u00e4rmiselt kitsas disain ja kompaktsed m\u00f5\u00f5tmed.\" \/>\n<meta name=\"robots\" content=\"index, follow, max-snippet:-1, max-image-preview:large, max-video-preview:-1\" \/>\n<link rel=\"canonical\" href=\"https:\/\/ranoja.ee\/toode\/miniekskavaator-mb-600-kasutatud\/\" \/>\n<meta property=\"og:locale\" content=\"en_US\" \/>\n<meta property=\"og:type\" content=\"article\" \/>\n<meta property=\"og:title\" content=\"Miniekskavaator MB 600 (kasutatud)\" \/>\n<meta property=\"og:description\" content=\"Miniekskavaator MB 600 (kasutatud) Operaatori p\u00f5rand on kaetud libisemis- ja l\u00f6\u00f6gikindla kummikattega.\u00c4\u00e4rmiselt kitsas disain ja kompaktsed m\u00f5\u00f5tmed.\" \/>\n<meta property=\"og:url\" content=\"https:\/\/ranoja.ee\/toode\/miniekskavaator-mb-600-kasutatud\/\" \/>\n<meta property=\"og:site_name\" content=\"Ranoja\" \/>\n<meta property=\"article:publisher\" content=\"https:\/\/www.facebook.com\/ranoja.ee\" \/>\n<meta property=\"article:modified_time\" content=\"2025-10-22T10:48:03+00:00\" \/>\n<meta property=\"og:image\" content=\"https:\/\/ranoja.ee\/wp-content\/uploads\/2024\/02\/miniekskavaator-kerghaagisele-3.jpg\" \/>\n\t<meta property=\"og:image:width\" content=\"800\" \/>\n\t<meta property=\"og:image:height\" content=\"600\" \/>\n\t<meta property=\"og:image:type\" content=\"image\/jpeg\" \/>\n<meta name=\"twitter:card\" content=\"summary_large_image\" \/>\n<meta name=\"twitter:label1\" content=\"Est. reading time\" \/>\n\t<meta name=\"twitter:data1\" content=\"2 minutes\" \/>\n<script type=\"application\/ld+json\" class=\"yoast-schema-graph\">{\"@context\":\"https:\\\/\\\/schema.org\",\"@graph\":[{\"@type\":\"WebPage\",\"@id\":\"https:\\\/\\\/ranoja.ee\\\/toode\\\/miniekskavaator-mb-600-kasutatud\\\/\",\"url\":\"https:\\\/\\\/ranoja.ee\\\/toode\\\/miniekskavaator-mb-600-kasutatud\\\/\",\"name\":\"Miniekskavaator MB 600 (kasutatud)\",\"isPartOf\":{\"@id\":\"https:\\\/\\\/ranoja.ee\\\/#website\"},\"primaryImageOfPage\":{\"@id\":\"https:\\\/\\\/ranoja.ee\\\/toode\\\/miniekskavaator-mb-600-kasutatud\\\/#primaryimage\"},\"image\":{\"@id\":\"https:\\\/\\\/ranoja.ee\\\/toode\\\/miniekskavaator-mb-600-kasutatud\\\/#primaryimage\"},\"thumbnailUrl\":\"https:\\\/\\\/ranoja.ee\\\/wp-content\\\/uploads\\\/2024\\\/02\\\/miniekskavaator-kerghaagisele-3.jpg\",\"datePublished\":\"2025-10-22T10:45:44+00:00\",\"dateModified\":\"2025-10-22T10:48:03+00:00\",\"description\":\"Miniekskavaator MB 600 (kasutatud) Operaatori p\u00f5rand on kaetud libisemis- ja l\u00f6\u00f6gikindla kummikattega.\u00c4\u00e4rmiselt kitsas disain ja kompaktsed m\u00f5\u00f5tmed.\",\"breadcrumb\":{\"@id\":\"https:\\\/\\\/ranoja.ee\\\/toode\\\/miniekskavaator-mb-600-kasutatud\\\/#breadcrumb\"},\"inLanguage\":\"en-US\",\"potentialAction\":[{\"@type\":\"ReadAction\",\"target\":[\"https:\\\/\\\/ranoja.ee\\\/toode\\\/miniekskavaator-mb-600-kasutatud\\\/\"]}]},{\"@type\":\"ImageObject\",\"inLanguage\":\"en-US\",\"@id\":\"https:\\\/\\\/ranoja.ee\\\/toode\\\/miniekskavaator-mb-600-kasutatud\\\/#primaryimage\",\"url\":\"https:\\\/\\\/ranoja.ee\\\/wp-content\\\/uploads\\\/2024\\\/02\\\/miniekskavaator-kerghaagisele-3.jpg\",\"contentUrl\":\"https:\\\/\\\/ranoja.ee\\\/wp-content\\\/uploads\\\/2024\\\/02\\\/miniekskavaator-kerghaagisele-3.jpg\",\"width\":800,\"height\":600,\"caption\":\"miniekskavaator kerghaagisele\"},{\"@type\":\"BreadcrumbList\",\"@id\":\"https:\\\/\\\/ranoja.ee\\\/toode\\\/miniekskavaator-mb-600-kasutatud\\\/#breadcrumb\",\"itemListElement\":[{\"@type\":\"ListItem\",\"position\":1,\"name\":\"Home\",\"item\":\"https:\\\/\\\/ranoja.ee\\\/\"},{\"@type\":\"ListItem\",\"position\":2,\"name\":\"Shop\",\"item\":\"https:\\\/\\\/ranoja.ee\\\/en\\\/shop\\\/\"},{\"@type\":\"ListItem\",\"position\":3,\"name\":\"Miniekskavaator MB 600 (kasutatud)\"}]},{\"@type\":\"WebSite\",\"@id\":\"https:\\\/\\\/ranoja.ee\\\/#website\",\"url\":\"https:\\\/\\\/ranoja.ee\\\/\",\"name\":\"Ranoja\",\"description\":\"Equipment Shop WooCommerce WordPress Theme for Machine &amp; Tools\",\"publisher\":{\"@id\":\"https:\\\/\\\/ranoja.ee\\\/#organization\"},\"potentialAction\":[{\"@type\":\"SearchAction\",\"target\":{\"@type\":\"EntryPoint\",\"urlTemplate\":\"https:\\\/\\\/ranoja.ee\\\/?s={search_term_string}\"},\"query-input\":{\"@type\":\"PropertyValueSpecification\",\"valueRequired\":true,\"valueName\":\"search_term_string\"}}],\"inLanguage\":\"en-US\"},{\"@type\":\"Organization\",\"@id\":\"https:\\\/\\\/ranoja.ee\\\/#organization\",\"name\":\"Ranoja O\u00dc\",\"url\":\"https:\\\/\\\/ranoja.ee\\\/\",\"logo\":{\"@type\":\"ImageObject\",\"inLanguage\":\"en-US\",\"@id\":\"https:\\\/\\\/ranoja.ee\\\/#\\\/schema\\\/logo\\\/image\\\/\",\"url\":\"https:\\\/\\\/ranoja.ee\\\/wp-content\\\/uploads\\\/2023\\\/11\\\/ranoja-Logo.png\",\"contentUrl\":\"https:\\\/\\\/ranoja.ee\\\/wp-content\\\/uploads\\\/2023\\\/11\\\/ranoja-Logo.png\",\"width\":207,\"height\":58,\"caption\":\"Ranoja O\u00dc\"},\"image\":{\"@id\":\"https:\\\/\\\/ranoja.ee\\\/#\\\/schema\\\/logo\\\/image\\\/\"},\"sameAs\":[\"https:\\\/\\\/www.facebook.com\\\/ranoja.ee\",\"https:\\\/\\\/www.instagram.com\\\/ranoja__\\\/\"]}]}<\/script>\n<!-- \/ Yoast SEO plugin. -->","yoast_head_json":{"title":"Miniekskavaator MB 600 (kasutatud)","description":"Miniekskavaator MB 600 (kasutatud) Operaatori p\u00f5rand on kaetud libisemis- ja l\u00f6\u00f6gikindla kummikattega.\u00c4\u00e4rmiselt kitsas disain ja kompaktsed m\u00f5\u00f5tmed.","robots":{"index":"index","follow":"follow","max-snippet":"max-snippet:-1","max-image-preview":"max-image-preview:large","max-video-preview":"max-video-preview:-1"},"canonical":"https:\/\/ranoja.ee\/toode\/miniekskavaator-mb-600-kasutatud\/","og_locale":"en_US","og_type":"article","og_title":"Miniekskavaator MB 600 (kasutatud)","og_description":"Miniekskavaator MB 600 (kasutatud) Operaatori p\u00f5rand on kaetud libisemis- ja l\u00f6\u00f6gikindla kummikattega.\u00c4\u00e4rmiselt kitsas disain ja kompaktsed m\u00f5\u00f5tmed.","og_url":"https:\/\/ranoja.ee\/toode\/miniekskavaator-mb-600-kasutatud\/","og_site_name":"Ranoja","article_publisher":"https:\/\/www.facebook.com\/ranoja.ee","article_modified_time":"2025-10-22T10:48:03+00:00","og_image":[{"width":800,"height":600,"url":"https:\/\/ranoja.ee\/wp-content\/uploads\/2024\/02\/miniekskavaator-kerghaagisele-3.jpg","type":"image\/jpeg"}],"twitter_card":"summary_large_image","twitter_misc":{"Est. reading time":"2 minutes"},"schema":{"@context":"https:\/\/schema.org","@graph":[{"@type":"WebPage","@id":"https:\/\/ranoja.ee\/toode\/miniekskavaator-mb-600-kasutatud\/","url":"https:\/\/ranoja.ee\/toode\/miniekskavaator-mb-600-kasutatud\/","name":"Miniekskavaator MB 600 (kasutatud)","isPartOf":{"@id":"https:\/\/ranoja.ee\/#website"},"primaryImageOfPage":{"@id":"https:\/\/ranoja.ee\/toode\/miniekskavaator-mb-600-kasutatud\/#primaryimage"},"image":{"@id":"https:\/\/ranoja.ee\/toode\/miniekskavaator-mb-600-kasutatud\/#primaryimage"},"thumbnailUrl":"https:\/\/ranoja.ee\/wp-content\/uploads\/2024\/02\/miniekskavaator-kerghaagisele-3.jpg","datePublished":"2025-10-22T10:45:44+00:00","dateModified":"2025-10-22T10:48:03+00:00","description":"Miniekskavaator MB 600 (kasutatud) Operaatori p\u00f5rand on kaetud libisemis- ja l\u00f6\u00f6gikindla kummikattega.\u00c4\u00e4rmiselt kitsas disain ja kompaktsed m\u00f5\u00f5tmed.","breadcrumb":{"@id":"https:\/\/ranoja.ee\/toode\/miniekskavaator-mb-600-kasutatud\/#breadcrumb"},"inLanguage":"en-US","potentialAction":[{"@type":"ReadAction","target":["https:\/\/ranoja.ee\/toode\/miniekskavaator-mb-600-kasutatud\/"]}]},{"@type":"ImageObject","inLanguage":"en-US","@id":"https:\/\/ranoja.ee\/toode\/miniekskavaator-mb-600-kasutatud\/#primaryimage","url":"https:\/\/ranoja.ee\/wp-content\/uploads\/2024\/02\/miniekskavaator-kerghaagisele-3.jpg","contentUrl":"https:\/\/ranoja.ee\/wp-content\/uploads\/2024\/02\/miniekskavaator-kerghaagisele-3.jpg","width":800,"height":600,"caption":"miniekskavaator kerghaagisele"},{"@type":"BreadcrumbList","@id":"https:\/\/ranoja.ee\/toode\/miniekskavaator-mb-600-kasutatud\/#breadcrumb","itemListElement":[{"@type":"ListItem","position":1,"name":"Home","item":"https:\/\/ranoja.ee\/"},{"@type":"ListItem","position":2,"name":"Shop","item":"https:\/\/ranoja.ee\/en\/shop\/"},{"@type":"ListItem","position":3,"name":"Miniekskavaator MB 600 (kasutatud)"}]},{"@type":"WebSite","@id":"https:\/\/ranoja.ee\/#website","url":"https:\/\/ranoja.ee\/","name":"Ranoja","description":"Equipment Shop WooCommerce WordPress Theme for Machine &amp; Tools","publisher":{"@id":"https:\/\/ranoja.ee\/#organization"},"potentialAction":[{"@type":"SearchAction","target":{"@type":"EntryPoint","urlTemplate":"https:\/\/ranoja.ee\/?s={search_term_string}"},"query-input":{"@type":"PropertyValueSpecification","valueRequired":true,"valueName":"search_term_string"}}],"inLanguage":"en-US"},{"@type":"Organization","@id":"https:\/\/ranoja.ee\/#organization","name":"Ranoja O\u00dc","url":"https:\/\/ranoja.ee\/","logo":{"@type":"ImageObject","inLanguage":"en-US","@id":"https:\/\/ranoja.ee\/#\/schema\/logo\/image\/","url":"https:\/\/ranoja.ee\/wp-content\/uploads\/2023\/11\/ranoja-Logo.png","contentUrl":"https:\/\/ranoja.ee\/wp-content\/uploads\/2023\/11\/ranoja-Logo.png","width":207,"height":58,"caption":"Ranoja O\u00dc"},"image":{"@id":"https:\/\/ranoja.ee\/#\/schema\/logo\/image\/"},"sameAs":["https:\/\/www.facebook.com\/ranoja.ee","https:\/\/www.instagram.com\/ranoja__\/"]}]}},"_links":{"self":[{"href":"https:\/\/ranoja.ee\/en\/wp-json\/wp\/v2\/product\/23056","targetHints":{"allow":["GET"]}}],"collection":[{"href":"https:\/\/ranoja.ee\/en\/wp-json\/wp\/v2\/product"}],"about":[{"href":"https:\/\/ranoja.ee\/en\/wp-json\/wp\/v2\/types\/product"}],"wp:featuredmedia":[{"embeddable":true,"href":"https:\/\/ranoja.ee\/en\/wp-json\/wp\/v2\/media\/23044"}],"wp:attachment":[{"href":"https:\/\/ranoja.ee\/en\/wp-json\/wp\/v2\/media?parent=23056"}],"wp:term":[{"taxonomy":"product_cat","embeddable":true,"href":"https:\/\/ranoja.ee\/en\/wp-json\/wp\/v2\/product_cat?post=23056"},{"taxonomy":"product_tag","embeddable":true,"href":"https:\/\/ranoja.ee\/en\/wp-json\/wp\/v2\/product_tag?post=23056"}],"curies":[{"name":"wp","href":"https:\/\/api.w.org\/{rel}","templated":true}]}}