{"id":23029,"date":"2025-10-22T13:33:57","date_gmt":"2025-10-22T10:33:57","guid":{"rendered":"https:\/\/ranoja.ee\/?post_type=product&#038;p=23029"},"modified":"2026-01-08T18:12:25","modified_gmt":"2026-01-08T15:12:25","slug":"bensiinimootoriga-oksapurustaja-kasutatud","status":"publish","type":"product","link":"https:\/\/ranoja.ee\/en\/toode\/bensiinimootoriga-oksapurustaja-kasutatud\/","title":{"rendered":"Bensiinimootoriga oksapurustaja (kasutatud)"},"content":{"rendered":"<p>Cedrus bensiinimootoriga oksapurustaja CEDRBR13 on t\u00e4navalegaalne ning v\u00f5imalik arvele v\u00f5tta. <\/p>\n<p>Turvalisus on Cedrus oksapurustajate disainis esmat\u00e4htis. Need on varustatud mitmete turvafunktsioonidega, sealhulgas automaatse peatamise s\u00fcsteemiga, mis k\u00e4ivitub koheselt, kui avatakse juurdep\u00e4\u00e4s purustuskambrile. See tagab kasutaja ohutuse ja v\u00e4hendab \u00f5nnetuste riski.<\/p>\n<p>Lisaks on Cedrus keskkonnas\u00f5bralikud, p\u00f6\u00f6rates t\u00e4helepanu j\u00e4tkusuutlikkusele. Need oksapurustajad mitte ainult ei aita aiat\u00f6id kiirendada, vaid muudavad ka aiaj\u00e4\u00e4tmed kasulikuks mult\u0161iks v\u00f5i kompostiks, toetades seel\u00e4bi \u00f6koloogilist aiat\u00f6\u00f6d.<\/p>\n<p>Cedrus oksapurustajad on t\u00f5husad ja vastupidavad t\u00f6\u00f6riistad, mis muudavad aiat\u00f6\u00f6de tegemise nauditavaks ja tulemuslikuks. Nende usaldusv\u00e4\u00e4rne j\u00f5udlus, innovatiivne disain muudavad Cedrus oksapurustajad eelistatuks valikuks neile, kes hindavad kvaliteeti ja soovivad investeerida usaldusv\u00e4\u00e4rsetesse aiat\u00f6\u00f6riistadesse.<\/p>\n<p>Aiat\u00f6\u00f6riistu, alates oksapurustajatest ja muruniidukitest kuni trimmerite ja lehepuhuriteni. Iga toode on hoolikalt disainitud, arvestades kasutajate vajadusi ja keskkonnas\u00f5bralikkust.<br \/>\nCedrus panustab j\u00e4tkusuutlikkusse, pakkudes tooteid, mis aitavad v\u00e4hendada aiaj\u00e4\u00e4tmete kogust ja soodustavad taaskasutust. <\/p>\n<p>Lisaks on br\u00e4nd tuntud oma klienditeeninduse ja tootekvaliteedi poolest, pakkudes tarbijatele kindlustunnet oma valiku suhtes.<\/p>\n<p>Br\u00e4ndi CEDRUS taga on p\u00fchendunud meeskond, kes usub, et iga aednik peaks saama nautida aiat\u00f6id ilma kompromissideta. Cedrus tooted on loodud selleks, et muuta aiat\u00f6\u00f6d lihtsamaks, t\u00f5husamaks<br \/>\nja nauditavamaks. Olgu tegemist aia korrastamise, rohu niitmise v\u00f5i oksapurustamisega \u2013 <\/p>\n<p>Cedrus br\u00e4ndi all leiab iga\u00fcks endale sobiva lahenduse oma aia eest hoolitsemiseks.<br \/>\nCedrus bensiinimootoriga oksapurustaja CEDRBR13<\/p>\n","protected":false},"excerpt":{"rendered":"<p>Bensiinimootoriga oksapurustaja (kasutatud)<\/p>\n<p>Mootori tootja: Loncin<br \/>\nMootori mudel: kahe silindriline LC2V80FD elektristarteriga<br \/>\nMootori v\u00f5imsus: 18kW<br \/>\nK\u00fctusepaagi maht: 12l<br \/>\nMax oksa l\u00e4bim\u00f5\u00f5t: 13cm<br \/>\nL\u00f5ikes\u00fcsteem: Kahe l\u00f5iketeraga + vastutera<br \/>\nTurval\u00fclitid<br \/>\nJ\u00e4relveetav, alus vanker AL-KO<br \/>\nMasina kaal: 383kg<br \/>\nT\u00e4navalegaalne, max. kiirus 96km\/h<\/p>\n<p>Korralik oksapurustaja v\u00f5imsa 2 silindrilise Loncin bensiinimootoriga.<br \/>\nMasin on arvel ning igap\u00e4evases kasutuses.<br \/>\nT\u00f6\u00f6tunde kellal ca 60 +<\/p>\n<p>Masin asub Paides<br \/>\n[embed]https:\/\/www.youtube.com\/watch?v=MsUCQSQdVgY[\/embed]<\/p>\n","protected":false},"featured_media":23030,"template":"","meta":{"inline_featured_image":false},"product_cat":[1210],"product_tag":[375,381,1730,1411],"class_list":{"0":"post-23029","1":"product","2":"type-product","3":"status-publish","4":"has-post-thumbnail","6":"product_brand-cedrus","7":"product_cat-kasutatud-masinad","8":"product_tag-bensiinimootoriga-oksapurustaja","9":"product_tag-bensiinimootoriga-oksapurusti","10":"product_tag-cedrbr13","11":"product_tag-cedrus-oksapurustaja","13":"first","14":"instock","15":"sale","16":"taxable","17":"shipping-taxable","18":"purchasable","19":"product-type-simple"},"yoast_head":"<!-- This site is optimized with the Yoast SEO plugin v27.4 - https:\/\/yoast.com\/product\/yoast-seo-wordpress\/ -->\n<title>Bensiinimootoriga oksapurustaja (kasutatud)<\/title>\n<meta name=\"description\" content=\"Bensiinimootoriga oksapurustaja (kasutatud), Loncin kahe silindriline LC2V80FD 18kw elektristarteriga mootor, Oksa l\u00e4bim\u00f5\u00f5t: 13cm, T\u00e4navalegaalne.\" \/>\n<meta name=\"robots\" content=\"index, follow, max-snippet:-1, max-image-preview:large, max-video-preview:-1\" \/>\n<link rel=\"canonical\" href=\"https:\/\/ranoja.ee\/toode\/bensiinimootoriga-oksapurustaja-kasutatud\/\" \/>\n<meta property=\"og:locale\" content=\"en_US\" \/>\n<meta property=\"og:type\" content=\"article\" \/>\n<meta property=\"og:title\" content=\"Bensiinimootoriga oksapurustaja (kasutatud)\" \/>\n<meta property=\"og:description\" content=\"Bensiinimootoriga oksapurustaja (kasutatud), Loncin kahe silindriline LC2V80FD 18kw elektristarteriga mootor, Oksa l\u00e4bim\u00f5\u00f5t: 13cm, T\u00e4navalegaalne.\" \/>\n<meta property=\"og:url\" content=\"https:\/\/ranoja.ee\/toode\/bensiinimootoriga-oksapurustaja-kasutatud\/\" \/>\n<meta property=\"og:site_name\" content=\"Ranoja\" \/>\n<meta property=\"article:publisher\" content=\"https:\/\/www.facebook.com\/ranoja.ee\" \/>\n<meta property=\"article:modified_time\" content=\"2026-01-08T15:12:25+00:00\" \/>\n<meta property=\"og:image\" content=\"https:\/\/ranoja.ee\/wp-content\/uploads\/2025\/10\/oksapurustaja-jarelveetav.jpg\" \/>\n\t<meta property=\"og:image:width\" content=\"800\" \/>\n\t<meta property=\"og:image:height\" content=\"600\" \/>\n\t<meta property=\"og:image:type\" content=\"image\/jpeg\" \/>\n<meta name=\"twitter:card\" content=\"summary_large_image\" \/>\n<meta name=\"twitter:label1\" content=\"Est. reading time\" \/>\n\t<meta name=\"twitter:data1\" content=\"2 minutes\" \/>\n<script type=\"application\/ld+json\" class=\"yoast-schema-graph\">{\"@context\":\"https:\\\/\\\/schema.org\",\"@graph\":[{\"@type\":\"WebPage\",\"@id\":\"https:\\\/\\\/ranoja.ee\\\/toode\\\/bensiinimootoriga-oksapurustaja-kasutatud\\\/\",\"url\":\"https:\\\/\\\/ranoja.ee\\\/toode\\\/bensiinimootoriga-oksapurustaja-kasutatud\\\/\",\"name\":\"Bensiinimootoriga oksapurustaja (kasutatud)\",\"isPartOf\":{\"@id\":\"https:\\\/\\\/ranoja.ee\\\/#website\"},\"primaryImageOfPage\":{\"@id\":\"https:\\\/\\\/ranoja.ee\\\/toode\\\/bensiinimootoriga-oksapurustaja-kasutatud\\\/#primaryimage\"},\"image\":{\"@id\":\"https:\\\/\\\/ranoja.ee\\\/toode\\\/bensiinimootoriga-oksapurustaja-kasutatud\\\/#primaryimage\"},\"thumbnailUrl\":\"https:\\\/\\\/ranoja.ee\\\/wp-content\\\/uploads\\\/2025\\\/10\\\/oksapurustaja-jarelveetav.jpg\",\"datePublished\":\"2025-10-22T10:33:57+00:00\",\"dateModified\":\"2026-01-08T15:12:25+00:00\",\"description\":\"Bensiinimootoriga oksapurustaja (kasutatud), Loncin kahe silindriline LC2V80FD 18kw elektristarteriga mootor, Oksa l\u00e4bim\u00f5\u00f5t: 13cm, T\u00e4navalegaalne.\",\"breadcrumb\":{\"@id\":\"https:\\\/\\\/ranoja.ee\\\/toode\\\/bensiinimootoriga-oksapurustaja-kasutatud\\\/#breadcrumb\"},\"inLanguage\":\"en-US\",\"potentialAction\":[{\"@type\":\"ReadAction\",\"target\":[\"https:\\\/\\\/ranoja.ee\\\/toode\\\/bensiinimootoriga-oksapurustaja-kasutatud\\\/\"]}]},{\"@type\":\"ImageObject\",\"inLanguage\":\"en-US\",\"@id\":\"https:\\\/\\\/ranoja.ee\\\/toode\\\/bensiinimootoriga-oksapurustaja-kasutatud\\\/#primaryimage\",\"url\":\"https:\\\/\\\/ranoja.ee\\\/wp-content\\\/uploads\\\/2025\\\/10\\\/oksapurustaja-jarelveetav.jpg\",\"contentUrl\":\"https:\\\/\\\/ranoja.ee\\\/wp-content\\\/uploads\\\/2025\\\/10\\\/oksapurustaja-jarelveetav.jpg\",\"width\":800,\"height\":600,\"caption\":\"oksapurustaja j\u00e4relveetav\"},{\"@type\":\"BreadcrumbList\",\"@id\":\"https:\\\/\\\/ranoja.ee\\\/toode\\\/bensiinimootoriga-oksapurustaja-kasutatud\\\/#breadcrumb\",\"itemListElement\":[{\"@type\":\"ListItem\",\"position\":1,\"name\":\"Home\",\"item\":\"https:\\\/\\\/ranoja.ee\\\/\"},{\"@type\":\"ListItem\",\"position\":2,\"name\":\"Shop\",\"item\":\"https:\\\/\\\/ranoja.ee\\\/en\\\/shop\\\/\"},{\"@type\":\"ListItem\",\"position\":3,\"name\":\"Bensiinimootoriga oksapurustaja (kasutatud)\"}]},{\"@type\":\"WebSite\",\"@id\":\"https:\\\/\\\/ranoja.ee\\\/#website\",\"url\":\"https:\\\/\\\/ranoja.ee\\\/\",\"name\":\"Ranoja\",\"description\":\"Equipment Shop WooCommerce WordPress Theme for Machine &amp; Tools\",\"publisher\":{\"@id\":\"https:\\\/\\\/ranoja.ee\\\/#organization\"},\"potentialAction\":[{\"@type\":\"SearchAction\",\"target\":{\"@type\":\"EntryPoint\",\"urlTemplate\":\"https:\\\/\\\/ranoja.ee\\\/?s={search_term_string}\"},\"query-input\":{\"@type\":\"PropertyValueSpecification\",\"valueRequired\":true,\"valueName\":\"search_term_string\"}}],\"inLanguage\":\"en-US\"},{\"@type\":\"Organization\",\"@id\":\"https:\\\/\\\/ranoja.ee\\\/#organization\",\"name\":\"Ranoja O\u00dc\",\"url\":\"https:\\\/\\\/ranoja.ee\\\/\",\"logo\":{\"@type\":\"ImageObject\",\"inLanguage\":\"en-US\",\"@id\":\"https:\\\/\\\/ranoja.ee\\\/#\\\/schema\\\/logo\\\/image\\\/\",\"url\":\"https:\\\/\\\/ranoja.ee\\\/wp-content\\\/uploads\\\/2023\\\/11\\\/ranoja-Logo.png\",\"contentUrl\":\"https:\\\/\\\/ranoja.ee\\\/wp-content\\\/uploads\\\/2023\\\/11\\\/ranoja-Logo.png\",\"width\":207,\"height\":58,\"caption\":\"Ranoja O\u00dc\"},\"image\":{\"@id\":\"https:\\\/\\\/ranoja.ee\\\/#\\\/schema\\\/logo\\\/image\\\/\"},\"sameAs\":[\"https:\\\/\\\/www.facebook.com\\\/ranoja.ee\",\"https:\\\/\\\/www.instagram.com\\\/ranoja__\\\/\"]}]}<\/script>\n<!-- \/ Yoast SEO plugin. -->","yoast_head_json":{"title":"Bensiinimootoriga oksapurustaja (kasutatud)","description":"Bensiinimootoriga oksapurustaja (kasutatud), Loncin kahe silindriline LC2V80FD 18kw elektristarteriga mootor, Oksa l\u00e4bim\u00f5\u00f5t: 13cm, T\u00e4navalegaalne.","robots":{"index":"index","follow":"follow","max-snippet":"max-snippet:-1","max-image-preview":"max-image-preview:large","max-video-preview":"max-video-preview:-1"},"canonical":"https:\/\/ranoja.ee\/toode\/bensiinimootoriga-oksapurustaja-kasutatud\/","og_locale":"en_US","og_type":"article","og_title":"Bensiinimootoriga oksapurustaja (kasutatud)","og_description":"Bensiinimootoriga oksapurustaja (kasutatud), Loncin kahe silindriline LC2V80FD 18kw elektristarteriga mootor, Oksa l\u00e4bim\u00f5\u00f5t: 13cm, T\u00e4navalegaalne.","og_url":"https:\/\/ranoja.ee\/toode\/bensiinimootoriga-oksapurustaja-kasutatud\/","og_site_name":"Ranoja","article_publisher":"https:\/\/www.facebook.com\/ranoja.ee","article_modified_time":"2026-01-08T15:12:25+00:00","og_image":[{"width":800,"height":600,"url":"https:\/\/ranoja.ee\/wp-content\/uploads\/2025\/10\/oksapurustaja-jarelveetav.jpg","type":"image\/jpeg"}],"twitter_card":"summary_large_image","twitter_misc":{"Est. reading time":"2 minutes"},"schema":{"@context":"https:\/\/schema.org","@graph":[{"@type":"WebPage","@id":"https:\/\/ranoja.ee\/toode\/bensiinimootoriga-oksapurustaja-kasutatud\/","url":"https:\/\/ranoja.ee\/toode\/bensiinimootoriga-oksapurustaja-kasutatud\/","name":"Bensiinimootoriga oksapurustaja (kasutatud)","isPartOf":{"@id":"https:\/\/ranoja.ee\/#website"},"primaryImageOfPage":{"@id":"https:\/\/ranoja.ee\/toode\/bensiinimootoriga-oksapurustaja-kasutatud\/#primaryimage"},"image":{"@id":"https:\/\/ranoja.ee\/toode\/bensiinimootoriga-oksapurustaja-kasutatud\/#primaryimage"},"thumbnailUrl":"https:\/\/ranoja.ee\/wp-content\/uploads\/2025\/10\/oksapurustaja-jarelveetav.jpg","datePublished":"2025-10-22T10:33:57+00:00","dateModified":"2026-01-08T15:12:25+00:00","description":"Bensiinimootoriga oksapurustaja (kasutatud), Loncin kahe silindriline LC2V80FD 18kw elektristarteriga mootor, Oksa l\u00e4bim\u00f5\u00f5t: 13cm, T\u00e4navalegaalne.","breadcrumb":{"@id":"https:\/\/ranoja.ee\/toode\/bensiinimootoriga-oksapurustaja-kasutatud\/#breadcrumb"},"inLanguage":"en-US","potentialAction":[{"@type":"ReadAction","target":["https:\/\/ranoja.ee\/toode\/bensiinimootoriga-oksapurustaja-kasutatud\/"]}]},{"@type":"ImageObject","inLanguage":"en-US","@id":"https:\/\/ranoja.ee\/toode\/bensiinimootoriga-oksapurustaja-kasutatud\/#primaryimage","url":"https:\/\/ranoja.ee\/wp-content\/uploads\/2025\/10\/oksapurustaja-jarelveetav.jpg","contentUrl":"https:\/\/ranoja.ee\/wp-content\/uploads\/2025\/10\/oksapurustaja-jarelveetav.jpg","width":800,"height":600,"caption":"oksapurustaja j\u00e4relveetav"},{"@type":"BreadcrumbList","@id":"https:\/\/ranoja.ee\/toode\/bensiinimootoriga-oksapurustaja-kasutatud\/#breadcrumb","itemListElement":[{"@type":"ListItem","position":1,"name":"Home","item":"https:\/\/ranoja.ee\/"},{"@type":"ListItem","position":2,"name":"Shop","item":"https:\/\/ranoja.ee\/en\/shop\/"},{"@type":"ListItem","position":3,"name":"Bensiinimootoriga oksapurustaja (kasutatud)"}]},{"@type":"WebSite","@id":"https:\/\/ranoja.ee\/#website","url":"https:\/\/ranoja.ee\/","name":"Ranoja","description":"Equipment Shop WooCommerce WordPress Theme for Machine &amp; Tools","publisher":{"@id":"https:\/\/ranoja.ee\/#organization"},"potentialAction":[{"@type":"SearchAction","target":{"@type":"EntryPoint","urlTemplate":"https:\/\/ranoja.ee\/?s={search_term_string}"},"query-input":{"@type":"PropertyValueSpecification","valueRequired":true,"valueName":"search_term_string"}}],"inLanguage":"en-US"},{"@type":"Organization","@id":"https:\/\/ranoja.ee\/#organization","name":"Ranoja O\u00dc","url":"https:\/\/ranoja.ee\/","logo":{"@type":"ImageObject","inLanguage":"en-US","@id":"https:\/\/ranoja.ee\/#\/schema\/logo\/image\/","url":"https:\/\/ranoja.ee\/wp-content\/uploads\/2023\/11\/ranoja-Logo.png","contentUrl":"https:\/\/ranoja.ee\/wp-content\/uploads\/2023\/11\/ranoja-Logo.png","width":207,"height":58,"caption":"Ranoja O\u00dc"},"image":{"@id":"https:\/\/ranoja.ee\/#\/schema\/logo\/image\/"},"sameAs":["https:\/\/www.facebook.com\/ranoja.ee","https:\/\/www.instagram.com\/ranoja__\/"]}]}},"_links":{"self":[{"href":"https:\/\/ranoja.ee\/en\/wp-json\/wp\/v2\/product\/23029","targetHints":{"allow":["GET"]}}],"collection":[{"href":"https:\/\/ranoja.ee\/en\/wp-json\/wp\/v2\/product"}],"about":[{"href":"https:\/\/ranoja.ee\/en\/wp-json\/wp\/v2\/types\/product"}],"wp:featuredmedia":[{"embeddable":true,"href":"https:\/\/ranoja.ee\/en\/wp-json\/wp\/v2\/media\/23030"}],"wp:attachment":[{"href":"https:\/\/ranoja.ee\/en\/wp-json\/wp\/v2\/media?parent=23029"}],"wp:term":[{"taxonomy":"product_cat","embeddable":true,"href":"https:\/\/ranoja.ee\/en\/wp-json\/wp\/v2\/product_cat?post=23029"},{"taxonomy":"product_tag","embeddable":true,"href":"https:\/\/ranoja.ee\/en\/wp-json\/wp\/v2\/product_tag?post=23029"}],"curies":[{"name":"wp","href":"https:\/\/api.w.org\/{rel}","templated":true}]}}