{"id":23003,"date":"2025-10-20T13:02:17","date_gmt":"2025-10-20T10:02:17","guid":{"rendered":"https:\/\/ranoja.ee\/?post_type=product&#038;p=23003"},"modified":"2025-12-12T15:48:32","modified_gmt":"2025-12-12T12:48:32","slug":"w-light-led-kaugtuli-hoiatustuli-2","status":"publish","type":"product","link":"https:\/\/ranoja.ee\/en\/toode\/w-light-led-kaugtuli-hoiatustuli-2\/","title":{"rendered":"W-Light LED kaugtuli\/ hoiatustuli"},"content":{"rendered":"<p>W-Light LED kaugtuli\/ hoiatustuli<\/p>\n<p>W-LIGHT LED kaugtuli \/ hoiatustuli on mitmek\u00fclgne valgustuslahendus, mis \u00fchendab tugeva valguse, vastupidava konstruktsiooni ja kasutajas\u00f5braliku disaini. See lisatuli sobib nii lisakaugtuleks (driving light) kui ka hoiatustuleks. Pakkudes v\u00f5imalust suurendada s\u00f5iduki n\u00e4htavust ning tagada paremad tingimused s\u00f5idul. Olgu siis maanteel v\u00f5i raskemal maastikul.<\/p>\n<p>Seade t\u00f6\u00f6tab pingevahemikus 10-30 V. Muutes selle sobivaks enamikele 12 V ja 24 V s\u00fcsteemidele.<br \/>\nKorpus on varustatud IP67 kaitseklassiga, mis t\u00e4hendab, et seadmel on hea tolmu- ja veekindlus \u2013 oluline omadus v\u00e4litingimustes, kus v\u00f5ib ette tulla vihma, udu, tolmu ja muid karmimaid ilmastikuolusid. Pistikut\u00fc\u00fcbiks on antud mudelil 5-pin avatud kaabel \u00fchendusega, juhtme pikkus tavaliselt ~2,00 m. <\/p>\n<p>Hoiatus- ja kaugtule funktsiooni puhul on oluline, et paigaldus vastaks n\u00f5uetele ja valguskuvioon oleks \u00f5igesti suunatud, et v\u00e4ltida vastutulejate pimestamist ja tagada seaduslik kasutus lisavalgustina. Seadet v\u00f5ib kasutada oluliselt ka maanteel, kuid \u00f5iged heledus- ja suundamisn\u00f5uded tuleb t\u00e4ita.<\/p>\n<p>W-Light LED kaugtuli\/ hoiatustuli<\/p>\n","protected":false},"excerpt":{"rendered":"<p>W-Light LED kaugtuli\/ hoiatustuli<br \/>\nM\u00f5\u00f5tmed: 561 x 67 x 70 mm<br \/>\nPinge: 10-30 V<br \/>\nLumenid m\u00f5\u00f5detud: 7420 lm<br \/>\nReferentsarv: 40<br \/>\nVorm: Riba<br \/>\nV\u00e4rvitemperatuur: 5700 K<br \/>\nPistiku t\u00fc\u00fcp: 5-pin avatud kaabel<br \/>\nJuhtme pikkus: 2,00 m<br \/>\nIP klassifikatsioon: IP67<br \/>\nSertifikaadid: R112\/R65, R7<br \/>\nKirjeldus: W LED kaugtuli\/hoiatustuli<br \/>\nKaal: 3.19 kg<br \/>\n<strong>Eeldatav tarneaeg 1-7 t\u00f6\u00f6p\u00e4eva<\/strong><\/p>\n","protected":false},"featured_media":23010,"template":"","meta":{"inline_featured_image":false},"product_cat":[1116,1117],"product_tag":[2392,654,649,656,2393],"class_list":{"0":"post-23003","1":"product","2":"type-product","3":"status-publish","4":"has-post-thumbnail","6":"product_brand-w-light","7":"product_cat-lisaseadmed-ehitusseadmed-led-lisatuled-cb-raadiod-lallar","8":"product_cat-lisatuled","9":"product_tag-1605-ns3852","10":"product_tag-led-tuli","11":"product_tag-lisatuli","12":"product_tag-w-light","13":"product_tag-w-light-led-kaugtuli-hoiatustuli","15":"first","16":"instock","17":"sale","18":"taxable","19":"shipping-taxable","20":"purchasable","21":"product-type-simple"},"yoast_head":"<!-- This site is optimized with the Yoast SEO plugin v27.4 - https:\/\/yoast.com\/product\/yoast-seo-wordpress\/ -->\n<title>W-Light LED kaugtuli\/ hoiatustuli<\/title>\n<meta name=\"description\" content=\"W-Light LED kaugtuli\/ hoiatustuli M itmek\u00fclgne valgustuslahendus, mis \u00fchendab tugeva valguse, vastupidava konstruktsiooni ja kasutajas\u00f5braliku disaini.\" \/>\n<meta name=\"robots\" content=\"index, follow, max-snippet:-1, max-image-preview:large, max-video-preview:-1\" \/>\n<link rel=\"canonical\" href=\"https:\/\/ranoja.ee\/toode\/w-light-led-kaugtuli-hoiatustuli-2\/\" \/>\n<meta property=\"og:locale\" content=\"en_US\" \/>\n<meta property=\"og:type\" content=\"article\" \/>\n<meta property=\"og:title\" content=\"W-Light LED kaugtuli\/ hoiatustuli\" \/>\n<meta property=\"og:description\" content=\"W-Light LED kaugtuli\/ hoiatustuli M itmek\u00fclgne valgustuslahendus, mis \u00fchendab tugeva valguse, vastupidava konstruktsiooni ja kasutajas\u00f5braliku disaini.\" \/>\n<meta property=\"og:url\" content=\"https:\/\/ranoja.ee\/toode\/w-light-led-kaugtuli-hoiatustuli-2\/\" \/>\n<meta property=\"og:site_name\" content=\"Ranoja\" \/>\n<meta property=\"article:publisher\" content=\"https:\/\/www.facebook.com\/ranoja.ee\" \/>\n<meta property=\"article:modified_time\" content=\"2025-12-12T12:48:32+00:00\" \/>\n<meta property=\"og:image\" content=\"https:\/\/ranoja.ee\/wp-content\/uploads\/2025\/10\/W-Light-LED-kaugtuli-hoiatustuli.jpg\" \/>\n\t<meta property=\"og:image:width\" content=\"800\" \/>\n\t<meta property=\"og:image:height\" content=\"600\" \/>\n\t<meta property=\"og:image:type\" content=\"image\/jpeg\" \/>\n<meta name=\"twitter:card\" content=\"summary_large_image\" \/>\n<meta name=\"twitter:label1\" content=\"Est. reading time\" \/>\n\t<meta name=\"twitter:data1\" content=\"2 minutes\" \/>\n<script type=\"application\/ld+json\" class=\"yoast-schema-graph\">{\"@context\":\"https:\\\/\\\/schema.org\",\"@graph\":[{\"@type\":\"WebPage\",\"@id\":\"https:\\\/\\\/ranoja.ee\\\/toode\\\/w-light-led-kaugtuli-hoiatustuli-2\\\/\",\"url\":\"https:\\\/\\\/ranoja.ee\\\/toode\\\/w-light-led-kaugtuli-hoiatustuli-2\\\/\",\"name\":\"W-Light LED kaugtuli\\\/ hoiatustuli\",\"isPartOf\":{\"@id\":\"https:\\\/\\\/ranoja.ee\\\/#website\"},\"primaryImageOfPage\":{\"@id\":\"https:\\\/\\\/ranoja.ee\\\/toode\\\/w-light-led-kaugtuli-hoiatustuli-2\\\/#primaryimage\"},\"image\":{\"@id\":\"https:\\\/\\\/ranoja.ee\\\/toode\\\/w-light-led-kaugtuli-hoiatustuli-2\\\/#primaryimage\"},\"thumbnailUrl\":\"https:\\\/\\\/ranoja.ee\\\/wp-content\\\/uploads\\\/2025\\\/10\\\/W-Light-LED-kaugtuli-hoiatustuli.jpg\",\"datePublished\":\"2025-10-20T10:02:17+00:00\",\"dateModified\":\"2025-12-12T12:48:32+00:00\",\"description\":\"W-Light LED kaugtuli\\\/ hoiatustuli M itmek\u00fclgne valgustuslahendus, mis \u00fchendab tugeva valguse, vastupidava konstruktsiooni ja kasutajas\u00f5braliku disaini.\",\"breadcrumb\":{\"@id\":\"https:\\\/\\\/ranoja.ee\\\/toode\\\/w-light-led-kaugtuli-hoiatustuli-2\\\/#breadcrumb\"},\"inLanguage\":\"en-US\",\"potentialAction\":[{\"@type\":\"ReadAction\",\"target\":[\"https:\\\/\\\/ranoja.ee\\\/toode\\\/w-light-led-kaugtuli-hoiatustuli-2\\\/\"]}]},{\"@type\":\"ImageObject\",\"inLanguage\":\"en-US\",\"@id\":\"https:\\\/\\\/ranoja.ee\\\/toode\\\/w-light-led-kaugtuli-hoiatustuli-2\\\/#primaryimage\",\"url\":\"https:\\\/\\\/ranoja.ee\\\/wp-content\\\/uploads\\\/2025\\\/10\\\/W-Light-LED-kaugtuli-hoiatustuli.jpg\",\"contentUrl\":\"https:\\\/\\\/ranoja.ee\\\/wp-content\\\/uploads\\\/2025\\\/10\\\/W-Light-LED-kaugtuli-hoiatustuli.jpg\",\"width\":800,\"height\":600,\"caption\":\"W-Light LED kaugtuli\\\/ hoiatustuli\"},{\"@type\":\"BreadcrumbList\",\"@id\":\"https:\\\/\\\/ranoja.ee\\\/toode\\\/w-light-led-kaugtuli-hoiatustuli-2\\\/#breadcrumb\",\"itemListElement\":[{\"@type\":\"ListItem\",\"position\":1,\"name\":\"Home\",\"item\":\"https:\\\/\\\/ranoja.ee\\\/\"},{\"@type\":\"ListItem\",\"position\":2,\"name\":\"Shop\",\"item\":\"https:\\\/\\\/ranoja.ee\\\/en\\\/shop\\\/\"},{\"@type\":\"ListItem\",\"position\":3,\"name\":\"W-Light LED kaugtuli\\\/ hoiatustuli\"}]},{\"@type\":\"WebSite\",\"@id\":\"https:\\\/\\\/ranoja.ee\\\/#website\",\"url\":\"https:\\\/\\\/ranoja.ee\\\/\",\"name\":\"Ranoja\",\"description\":\"Equipment Shop WooCommerce WordPress Theme for Machine &amp; Tools\",\"publisher\":{\"@id\":\"https:\\\/\\\/ranoja.ee\\\/#organization\"},\"potentialAction\":[{\"@type\":\"SearchAction\",\"target\":{\"@type\":\"EntryPoint\",\"urlTemplate\":\"https:\\\/\\\/ranoja.ee\\\/?s={search_term_string}\"},\"query-input\":{\"@type\":\"PropertyValueSpecification\",\"valueRequired\":true,\"valueName\":\"search_term_string\"}}],\"inLanguage\":\"en-US\"},{\"@type\":\"Organization\",\"@id\":\"https:\\\/\\\/ranoja.ee\\\/#organization\",\"name\":\"Ranoja O\u00dc\",\"url\":\"https:\\\/\\\/ranoja.ee\\\/\",\"logo\":{\"@type\":\"ImageObject\",\"inLanguage\":\"en-US\",\"@id\":\"https:\\\/\\\/ranoja.ee\\\/#\\\/schema\\\/logo\\\/image\\\/\",\"url\":\"https:\\\/\\\/ranoja.ee\\\/wp-content\\\/uploads\\\/2023\\\/11\\\/ranoja-Logo.png\",\"contentUrl\":\"https:\\\/\\\/ranoja.ee\\\/wp-content\\\/uploads\\\/2023\\\/11\\\/ranoja-Logo.png\",\"width\":207,\"height\":58,\"caption\":\"Ranoja O\u00dc\"},\"image\":{\"@id\":\"https:\\\/\\\/ranoja.ee\\\/#\\\/schema\\\/logo\\\/image\\\/\"},\"sameAs\":[\"https:\\\/\\\/www.facebook.com\\\/ranoja.ee\",\"https:\\\/\\\/www.instagram.com\\\/ranoja__\\\/\"]}]}<\/script>\n<!-- \/ Yoast SEO plugin. -->","yoast_head_json":{"title":"W-Light LED kaugtuli\/ hoiatustuli","description":"W-Light LED kaugtuli\/ hoiatustuli M itmek\u00fclgne valgustuslahendus, mis \u00fchendab tugeva valguse, vastupidava konstruktsiooni ja kasutajas\u00f5braliku disaini.","robots":{"index":"index","follow":"follow","max-snippet":"max-snippet:-1","max-image-preview":"max-image-preview:large","max-video-preview":"max-video-preview:-1"},"canonical":"https:\/\/ranoja.ee\/toode\/w-light-led-kaugtuli-hoiatustuli-2\/","og_locale":"en_US","og_type":"article","og_title":"W-Light LED kaugtuli\/ hoiatustuli","og_description":"W-Light LED kaugtuli\/ hoiatustuli M itmek\u00fclgne valgustuslahendus, mis \u00fchendab tugeva valguse, vastupidava konstruktsiooni ja kasutajas\u00f5braliku disaini.","og_url":"https:\/\/ranoja.ee\/toode\/w-light-led-kaugtuli-hoiatustuli-2\/","og_site_name":"Ranoja","article_publisher":"https:\/\/www.facebook.com\/ranoja.ee","article_modified_time":"2025-12-12T12:48:32+00:00","og_image":[{"width":800,"height":600,"url":"https:\/\/ranoja.ee\/wp-content\/uploads\/2025\/10\/W-Light-LED-kaugtuli-hoiatustuli.jpg","type":"image\/jpeg"}],"twitter_card":"summary_large_image","twitter_misc":{"Est. reading time":"2 minutes"},"schema":{"@context":"https:\/\/schema.org","@graph":[{"@type":"WebPage","@id":"https:\/\/ranoja.ee\/toode\/w-light-led-kaugtuli-hoiatustuli-2\/","url":"https:\/\/ranoja.ee\/toode\/w-light-led-kaugtuli-hoiatustuli-2\/","name":"W-Light LED kaugtuli\/ hoiatustuli","isPartOf":{"@id":"https:\/\/ranoja.ee\/#website"},"primaryImageOfPage":{"@id":"https:\/\/ranoja.ee\/toode\/w-light-led-kaugtuli-hoiatustuli-2\/#primaryimage"},"image":{"@id":"https:\/\/ranoja.ee\/toode\/w-light-led-kaugtuli-hoiatustuli-2\/#primaryimage"},"thumbnailUrl":"https:\/\/ranoja.ee\/wp-content\/uploads\/2025\/10\/W-Light-LED-kaugtuli-hoiatustuli.jpg","datePublished":"2025-10-20T10:02:17+00:00","dateModified":"2025-12-12T12:48:32+00:00","description":"W-Light LED kaugtuli\/ hoiatustuli M itmek\u00fclgne valgustuslahendus, mis \u00fchendab tugeva valguse, vastupidava konstruktsiooni ja kasutajas\u00f5braliku disaini.","breadcrumb":{"@id":"https:\/\/ranoja.ee\/toode\/w-light-led-kaugtuli-hoiatustuli-2\/#breadcrumb"},"inLanguage":"en-US","potentialAction":[{"@type":"ReadAction","target":["https:\/\/ranoja.ee\/toode\/w-light-led-kaugtuli-hoiatustuli-2\/"]}]},{"@type":"ImageObject","inLanguage":"en-US","@id":"https:\/\/ranoja.ee\/toode\/w-light-led-kaugtuli-hoiatustuli-2\/#primaryimage","url":"https:\/\/ranoja.ee\/wp-content\/uploads\/2025\/10\/W-Light-LED-kaugtuli-hoiatustuli.jpg","contentUrl":"https:\/\/ranoja.ee\/wp-content\/uploads\/2025\/10\/W-Light-LED-kaugtuli-hoiatustuli.jpg","width":800,"height":600,"caption":"W-Light LED kaugtuli\/ hoiatustuli"},{"@type":"BreadcrumbList","@id":"https:\/\/ranoja.ee\/toode\/w-light-led-kaugtuli-hoiatustuli-2\/#breadcrumb","itemListElement":[{"@type":"ListItem","position":1,"name":"Home","item":"https:\/\/ranoja.ee\/"},{"@type":"ListItem","position":2,"name":"Shop","item":"https:\/\/ranoja.ee\/en\/shop\/"},{"@type":"ListItem","position":3,"name":"W-Light LED kaugtuli\/ hoiatustuli"}]},{"@type":"WebSite","@id":"https:\/\/ranoja.ee\/#website","url":"https:\/\/ranoja.ee\/","name":"Ranoja","description":"Equipment Shop WooCommerce WordPress Theme for Machine &amp; Tools","publisher":{"@id":"https:\/\/ranoja.ee\/#organization"},"potentialAction":[{"@type":"SearchAction","target":{"@type":"EntryPoint","urlTemplate":"https:\/\/ranoja.ee\/?s={search_term_string}"},"query-input":{"@type":"PropertyValueSpecification","valueRequired":true,"valueName":"search_term_string"}}],"inLanguage":"en-US"},{"@type":"Organization","@id":"https:\/\/ranoja.ee\/#organization","name":"Ranoja O\u00dc","url":"https:\/\/ranoja.ee\/","logo":{"@type":"ImageObject","inLanguage":"en-US","@id":"https:\/\/ranoja.ee\/#\/schema\/logo\/image\/","url":"https:\/\/ranoja.ee\/wp-content\/uploads\/2023\/11\/ranoja-Logo.png","contentUrl":"https:\/\/ranoja.ee\/wp-content\/uploads\/2023\/11\/ranoja-Logo.png","width":207,"height":58,"caption":"Ranoja O\u00dc"},"image":{"@id":"https:\/\/ranoja.ee\/#\/schema\/logo\/image\/"},"sameAs":["https:\/\/www.facebook.com\/ranoja.ee","https:\/\/www.instagram.com\/ranoja__\/"]}]}},"_links":{"self":[{"href":"https:\/\/ranoja.ee\/en\/wp-json\/wp\/v2\/product\/23003","targetHints":{"allow":["GET"]}}],"collection":[{"href":"https:\/\/ranoja.ee\/en\/wp-json\/wp\/v2\/product"}],"about":[{"href":"https:\/\/ranoja.ee\/en\/wp-json\/wp\/v2\/types\/product"}],"wp:featuredmedia":[{"embeddable":true,"href":"https:\/\/ranoja.ee\/en\/wp-json\/wp\/v2\/media\/23010"}],"wp:attachment":[{"href":"https:\/\/ranoja.ee\/en\/wp-json\/wp\/v2\/media?parent=23003"}],"wp:term":[{"taxonomy":"product_cat","embeddable":true,"href":"https:\/\/ranoja.ee\/en\/wp-json\/wp\/v2\/product_cat?post=23003"},{"taxonomy":"product_tag","embeddable":true,"href":"https:\/\/ranoja.ee\/en\/wp-json\/wp\/v2\/product_tag?post=23003"}],"curies":[{"name":"wp","href":"https:\/\/api.w.org\/{rel}","templated":true}]}}