{"id":22933,"date":"2025-10-14T13:38:02","date_gmt":"2025-10-14T10:38:02","guid":{"rendered":"https:\/\/ranoja.ee\/?post_type=product&#038;p=22933"},"modified":"2025-12-12T15:48:33","modified_gmt":"2025-12-12T12:48:33","slug":"w-light-impulse-2-1-lisatuli","status":"publish","type":"product","link":"https:\/\/ranoja.ee\/en\/toode\/w-light-impulse-2-1-lisatuli\/","title":{"rendered":"W-LIGHT Impulse 2.1 lisatuli"},"content":{"rendered":"<p>W-LIGHT Impulse 2.1 lisatuli <\/p>\n<p>Kaasaegne ja h\u00e4sti l\u00e4bim\u00f5eldud LED lisavalguspaneel. Mis sobib neile, kes soovivad parimat n\u00e4htavust \u00f6\u00f6siti ja halbades ilmastikutingimustes. Impulse-seeria uus versioon t\u00f5stab esile madala profiili paigaldusv\u00f5imaluste, tugeva optika ja hea valgusj\u00f5u kombinatsiooni. Ilma, et seade v\u00e4lja paistaks v\u00f5i auto v\u00e4limust liiga domineeriks. <\/p>\n<p>Tehnilised peamised omadused<\/p>\n<p>Tarnitav t\u00f6\u00f6pingevahemik on 11-32 V, mis t\u00e4hendab, et seade t\u00f6\u00f6tab h\u00e4sti nii 12 V kui ka 24 V s\u00fcsteemidega.<br \/>\nValgusvoog teoreetiliselt kuni 12 000 luumenit, m\u00f5\u00f5detud tegelikult ca 7 600 lm.<br \/>\nV\u00e4rvitemperatuur on umbes 5700 K. Erksalt valge valgus, mis aitab kontrasti ja n\u00e4htavust, eriti pimedas ja vihmas.<br \/>\n1 lux tase umbes 401 meetrit, mis n\u00e4itab, et valgus j\u00f5uab p\u00e4ris kaugele. Tagades reaalselt head n\u00e4htavust pikamaal. <\/p>\n<p>Korpus, konstruktsioon ja funktsioonid<\/p>\n<p>M\u00f5\u00f5tmed on umbes 536 \u00d7 36 \u00d7 58 mm, kaal umbes 1.44 kg.<br \/>\nKaitseklass IP68, mis t\u00e4hendab tolmu- ja veekindlust; korpus ja l\u00e4\u00e4ts on disainitud nii, et l\u00e4\u00e4ts ei koguks lihtsasti j\u00e4\u00e4d, lund ega mustust.<\/p>\n<p>Pistiku t\u00fc\u00fcp on 2-pin DT, mis on standardne, tugev ja ilmastikukindel \u00fchendus. Juhtme pikkus tavaliselt 2,20 m, mis annab paigaldamisel head ulatust.<br \/>\nSertifikaadid on R112 ja R10, mis t\u00e4hendab, et valgusstandardeid liikluses j\u00e4rgides saab seadme paigaldada legitiimselt, kui valguskuvioon on n\u00f5uetekohane. <\/p>\n<p>T\u00e4nu madalale profiilile ja stiilsele disainile sobib Impulse 2.1 h\u00e4sti kohtadesse, kus ruumi on piiratud.<br \/>\nKaugvalgus aitab eelk\u00f5ige siis, kui s\u00f5idad pimedal maanteel v\u00f5i halbades ilmastikutingimustes. Valgus j\u00f5uab kaugele andes rohkem aega reageerimiseks.<\/p>\n<p>Kuna seade tarbib umbes 5,98 A ja 13,7 V (82 W v\u00f5i ligikaudu) t\u00e4isv\u00f5imsusel, peab elektris\u00fcsteem olema piisavalt tugev ja paigalduskorraldus (juhtmed, \u00fchendused) hea, et v\u00e4ltida \u00fclekuumenemist.<\/p>\n<p>W-LIGHT Impulse 2.1 lisatuli <\/p>\n","protected":false},"excerpt":{"rendered":"<p>W-LIGHT Impulse 2.1 lisatuli<br \/>\nM\u00f5\u00f5tmed: 536 x 36 x 58 mm<br \/>\nPinge: 11-32 V<br \/>\nVoolutarve 5.98 A ja 13,7 V<br \/>\nLumenid: 12000 lm<br \/>\nLumenid m\u00f5\u00f5detud: 7600 lm<br \/>\nValgustus kaugus: 1 lux = 401 m<br \/>\nReferentsarv: 50<br \/>\nVorm: Riba<br \/>\nV\u00e4rvitemperatuur: 5700 K<br \/>\nPistiku t\u00fc\u00fcp: 2-pin DT<br \/>\nJuhtme pikkus: 2,20 m<br \/>\nIP klassifikatsioon: IP68<br \/>\nSertifikaadid: R112, R10<br \/>\nMudeli nimi: Impulse 2.1<br \/>\nKaal: 1.44 kg<br \/>\n<strong>Eeldatav tarneaeg 1-7 t\u00f6\u00f6p\u00e4eva<\/strong><\/p>\n","protected":false},"featured_media":22949,"template":"","meta":{"inline_featured_image":false},"product_cat":[1116,1117],"product_tag":[2374,995,2371,654,649,656,2372],"class_list":{"0":"post-22933","1":"product","2":"type-product","3":"status-publish","4":"has-post-thumbnail","6":"product_brand-w-light","7":"product_cat-lisaseadmed-ehitusseadmed-led-lisatuled-cb-raadiod-lallar","8":"product_cat-lisatuled","9":"product_tag-1605-ns3866","10":"product_tag-1605-wk018","11":"product_tag-1605-wk031","12":"product_tag-led-tuli","13":"product_tag-lisatuli","14":"product_tag-w-light","15":"product_tag-w-light-impulse-2-1","17":"first","18":"instock","19":"sale","20":"taxable","21":"shipping-taxable","22":"purchasable","23":"product-type-simple"},"yoast_head":"<!-- This site is optimized with the Yoast SEO plugin v27.4 - https:\/\/yoast.com\/product\/yoast-seo-wordpress\/ -->\n<title>W-LIGHT Impulse 2.1 lisatuli<\/title>\n<meta name=\"description\" content=\"W-LIGHT Impulse 2.1 lisatuli Tarnitav t\u00f6\u00f6pingevahemik on 11-32 V, mis t\u00e4hendab, et seade t\u00f6\u00f6tab h\u00e4sti nii 12 V kui ka 24 V s\u00fcsteemidega.\" \/>\n<meta name=\"robots\" content=\"index, follow, max-snippet:-1, max-image-preview:large, max-video-preview:-1\" \/>\n<link rel=\"canonical\" href=\"https:\/\/ranoja.ee\/toode\/w-light-impulse-2-1-lisatuli\/\" \/>\n<meta property=\"og:locale\" content=\"en_US\" \/>\n<meta property=\"og:type\" content=\"article\" \/>\n<meta property=\"og:title\" content=\"W-LIGHT Impulse 2.1 lisatuli\" \/>\n<meta property=\"og:description\" content=\"W-LIGHT Impulse 2.1 lisatuli Tarnitav t\u00f6\u00f6pingevahemik on 11-32 V, mis t\u00e4hendab, et seade t\u00f6\u00f6tab h\u00e4sti nii 12 V kui ka 24 V s\u00fcsteemidega.\" \/>\n<meta property=\"og:url\" content=\"https:\/\/ranoja.ee\/toode\/w-light-impulse-2-1-lisatuli\/\" \/>\n<meta property=\"og:site_name\" content=\"Ranoja\" \/>\n<meta property=\"article:publisher\" content=\"https:\/\/www.facebook.com\/ranoja.ee\" \/>\n<meta property=\"article:modified_time\" content=\"2025-12-12T12:48:33+00:00\" \/>\n<meta property=\"og:image\" content=\"https:\/\/ranoja.ee\/wp-content\/uploads\/2025\/10\/W-LIGHT-Impulse-2.1-lisatuli.jpg\" \/>\n\t<meta property=\"og:image:width\" content=\"800\" \/>\n\t<meta property=\"og:image:height\" content=\"600\" \/>\n\t<meta property=\"og:image:type\" content=\"image\/jpeg\" \/>\n<meta name=\"twitter:card\" content=\"summary_large_image\" \/>\n<meta name=\"twitter:label1\" content=\"Est. reading time\" \/>\n\t<meta name=\"twitter:data1\" content=\"1 minute\" \/>\n<script type=\"application\/ld+json\" class=\"yoast-schema-graph\">{\"@context\":\"https:\\\/\\\/schema.org\",\"@graph\":[{\"@type\":\"WebPage\",\"@id\":\"https:\\\/\\\/ranoja.ee\\\/toode\\\/w-light-impulse-2-1-lisatuli\\\/\",\"url\":\"https:\\\/\\\/ranoja.ee\\\/toode\\\/w-light-impulse-2-1-lisatuli\\\/\",\"name\":\"W-LIGHT Impulse 2.1 lisatuli\",\"isPartOf\":{\"@id\":\"https:\\\/\\\/ranoja.ee\\\/#website\"},\"primaryImageOfPage\":{\"@id\":\"https:\\\/\\\/ranoja.ee\\\/toode\\\/w-light-impulse-2-1-lisatuli\\\/#primaryimage\"},\"image\":{\"@id\":\"https:\\\/\\\/ranoja.ee\\\/toode\\\/w-light-impulse-2-1-lisatuli\\\/#primaryimage\"},\"thumbnailUrl\":\"https:\\\/\\\/ranoja.ee\\\/wp-content\\\/uploads\\\/2025\\\/10\\\/W-LIGHT-Impulse-2.1-lisatuli.jpg\",\"datePublished\":\"2025-10-14T10:38:02+00:00\",\"dateModified\":\"2025-12-12T12:48:33+00:00\",\"description\":\"W-LIGHT Impulse 2.1 lisatuli Tarnitav t\u00f6\u00f6pingevahemik on 11-32 V, mis t\u00e4hendab, et seade t\u00f6\u00f6tab h\u00e4sti nii 12 V kui ka 24 V s\u00fcsteemidega.\",\"breadcrumb\":{\"@id\":\"https:\\\/\\\/ranoja.ee\\\/toode\\\/w-light-impulse-2-1-lisatuli\\\/#breadcrumb\"},\"inLanguage\":\"en-US\",\"potentialAction\":[{\"@type\":\"ReadAction\",\"target\":[\"https:\\\/\\\/ranoja.ee\\\/toode\\\/w-light-impulse-2-1-lisatuli\\\/\"]}]},{\"@type\":\"ImageObject\",\"inLanguage\":\"en-US\",\"@id\":\"https:\\\/\\\/ranoja.ee\\\/toode\\\/w-light-impulse-2-1-lisatuli\\\/#primaryimage\",\"url\":\"https:\\\/\\\/ranoja.ee\\\/wp-content\\\/uploads\\\/2025\\\/10\\\/W-LIGHT-Impulse-2.1-lisatuli.jpg\",\"contentUrl\":\"https:\\\/\\\/ranoja.ee\\\/wp-content\\\/uploads\\\/2025\\\/10\\\/W-LIGHT-Impulse-2.1-lisatuli.jpg\",\"width\":800,\"height\":600,\"caption\":\"W-LIGHT Impulse 2.1 lisatuli\"},{\"@type\":\"BreadcrumbList\",\"@id\":\"https:\\\/\\\/ranoja.ee\\\/toode\\\/w-light-impulse-2-1-lisatuli\\\/#breadcrumb\",\"itemListElement\":[{\"@type\":\"ListItem\",\"position\":1,\"name\":\"Home\",\"item\":\"https:\\\/\\\/ranoja.ee\\\/\"},{\"@type\":\"ListItem\",\"position\":2,\"name\":\"Shop\",\"item\":\"https:\\\/\\\/ranoja.ee\\\/en\\\/shop\\\/\"},{\"@type\":\"ListItem\",\"position\":3,\"name\":\"W-LIGHT Impulse 2.1 lisatuli\"}]},{\"@type\":\"WebSite\",\"@id\":\"https:\\\/\\\/ranoja.ee\\\/#website\",\"url\":\"https:\\\/\\\/ranoja.ee\\\/\",\"name\":\"Ranoja\",\"description\":\"Equipment Shop WooCommerce WordPress Theme for Machine &amp; Tools\",\"publisher\":{\"@id\":\"https:\\\/\\\/ranoja.ee\\\/#organization\"},\"potentialAction\":[{\"@type\":\"SearchAction\",\"target\":{\"@type\":\"EntryPoint\",\"urlTemplate\":\"https:\\\/\\\/ranoja.ee\\\/?s={search_term_string}\"},\"query-input\":{\"@type\":\"PropertyValueSpecification\",\"valueRequired\":true,\"valueName\":\"search_term_string\"}}],\"inLanguage\":\"en-US\"},{\"@type\":\"Organization\",\"@id\":\"https:\\\/\\\/ranoja.ee\\\/#organization\",\"name\":\"Ranoja O\u00dc\",\"url\":\"https:\\\/\\\/ranoja.ee\\\/\",\"logo\":{\"@type\":\"ImageObject\",\"inLanguage\":\"en-US\",\"@id\":\"https:\\\/\\\/ranoja.ee\\\/#\\\/schema\\\/logo\\\/image\\\/\",\"url\":\"https:\\\/\\\/ranoja.ee\\\/wp-content\\\/uploads\\\/2023\\\/11\\\/ranoja-Logo.png\",\"contentUrl\":\"https:\\\/\\\/ranoja.ee\\\/wp-content\\\/uploads\\\/2023\\\/11\\\/ranoja-Logo.png\",\"width\":207,\"height\":58,\"caption\":\"Ranoja O\u00dc\"},\"image\":{\"@id\":\"https:\\\/\\\/ranoja.ee\\\/#\\\/schema\\\/logo\\\/image\\\/\"},\"sameAs\":[\"https:\\\/\\\/www.facebook.com\\\/ranoja.ee\",\"https:\\\/\\\/www.instagram.com\\\/ranoja__\\\/\"]}]}<\/script>\n<!-- \/ Yoast SEO plugin. -->","yoast_head_json":{"title":"W-LIGHT Impulse 2.1 lisatuli","description":"W-LIGHT Impulse 2.1 lisatuli Tarnitav t\u00f6\u00f6pingevahemik on 11-32 V, mis t\u00e4hendab, et seade t\u00f6\u00f6tab h\u00e4sti nii 12 V kui ka 24 V s\u00fcsteemidega.","robots":{"index":"index","follow":"follow","max-snippet":"max-snippet:-1","max-image-preview":"max-image-preview:large","max-video-preview":"max-video-preview:-1"},"canonical":"https:\/\/ranoja.ee\/toode\/w-light-impulse-2-1-lisatuli\/","og_locale":"en_US","og_type":"article","og_title":"W-LIGHT Impulse 2.1 lisatuli","og_description":"W-LIGHT Impulse 2.1 lisatuli Tarnitav t\u00f6\u00f6pingevahemik on 11-32 V, mis t\u00e4hendab, et seade t\u00f6\u00f6tab h\u00e4sti nii 12 V kui ka 24 V s\u00fcsteemidega.","og_url":"https:\/\/ranoja.ee\/toode\/w-light-impulse-2-1-lisatuli\/","og_site_name":"Ranoja","article_publisher":"https:\/\/www.facebook.com\/ranoja.ee","article_modified_time":"2025-12-12T12:48:33+00:00","og_image":[{"width":800,"height":600,"url":"https:\/\/ranoja.ee\/wp-content\/uploads\/2025\/10\/W-LIGHT-Impulse-2.1-lisatuli.jpg","type":"image\/jpeg"}],"twitter_card":"summary_large_image","twitter_misc":{"Est. reading time":"1 minute"},"schema":{"@context":"https:\/\/schema.org","@graph":[{"@type":"WebPage","@id":"https:\/\/ranoja.ee\/toode\/w-light-impulse-2-1-lisatuli\/","url":"https:\/\/ranoja.ee\/toode\/w-light-impulse-2-1-lisatuli\/","name":"W-LIGHT Impulse 2.1 lisatuli","isPartOf":{"@id":"https:\/\/ranoja.ee\/#website"},"primaryImageOfPage":{"@id":"https:\/\/ranoja.ee\/toode\/w-light-impulse-2-1-lisatuli\/#primaryimage"},"image":{"@id":"https:\/\/ranoja.ee\/toode\/w-light-impulse-2-1-lisatuli\/#primaryimage"},"thumbnailUrl":"https:\/\/ranoja.ee\/wp-content\/uploads\/2025\/10\/W-LIGHT-Impulse-2.1-lisatuli.jpg","datePublished":"2025-10-14T10:38:02+00:00","dateModified":"2025-12-12T12:48:33+00:00","description":"W-LIGHT Impulse 2.1 lisatuli Tarnitav t\u00f6\u00f6pingevahemik on 11-32 V, mis t\u00e4hendab, et seade t\u00f6\u00f6tab h\u00e4sti nii 12 V kui ka 24 V s\u00fcsteemidega.","breadcrumb":{"@id":"https:\/\/ranoja.ee\/toode\/w-light-impulse-2-1-lisatuli\/#breadcrumb"},"inLanguage":"en-US","potentialAction":[{"@type":"ReadAction","target":["https:\/\/ranoja.ee\/toode\/w-light-impulse-2-1-lisatuli\/"]}]},{"@type":"ImageObject","inLanguage":"en-US","@id":"https:\/\/ranoja.ee\/toode\/w-light-impulse-2-1-lisatuli\/#primaryimage","url":"https:\/\/ranoja.ee\/wp-content\/uploads\/2025\/10\/W-LIGHT-Impulse-2.1-lisatuli.jpg","contentUrl":"https:\/\/ranoja.ee\/wp-content\/uploads\/2025\/10\/W-LIGHT-Impulse-2.1-lisatuli.jpg","width":800,"height":600,"caption":"W-LIGHT Impulse 2.1 lisatuli"},{"@type":"BreadcrumbList","@id":"https:\/\/ranoja.ee\/toode\/w-light-impulse-2-1-lisatuli\/#breadcrumb","itemListElement":[{"@type":"ListItem","position":1,"name":"Home","item":"https:\/\/ranoja.ee\/"},{"@type":"ListItem","position":2,"name":"Shop","item":"https:\/\/ranoja.ee\/en\/shop\/"},{"@type":"ListItem","position":3,"name":"W-LIGHT Impulse 2.1 lisatuli"}]},{"@type":"WebSite","@id":"https:\/\/ranoja.ee\/#website","url":"https:\/\/ranoja.ee\/","name":"Ranoja","description":"Equipment Shop WooCommerce WordPress Theme for Machine &amp; Tools","publisher":{"@id":"https:\/\/ranoja.ee\/#organization"},"potentialAction":[{"@type":"SearchAction","target":{"@type":"EntryPoint","urlTemplate":"https:\/\/ranoja.ee\/?s={search_term_string}"},"query-input":{"@type":"PropertyValueSpecification","valueRequired":true,"valueName":"search_term_string"}}],"inLanguage":"en-US"},{"@type":"Organization","@id":"https:\/\/ranoja.ee\/#organization","name":"Ranoja O\u00dc","url":"https:\/\/ranoja.ee\/","logo":{"@type":"ImageObject","inLanguage":"en-US","@id":"https:\/\/ranoja.ee\/#\/schema\/logo\/image\/","url":"https:\/\/ranoja.ee\/wp-content\/uploads\/2023\/11\/ranoja-Logo.png","contentUrl":"https:\/\/ranoja.ee\/wp-content\/uploads\/2023\/11\/ranoja-Logo.png","width":207,"height":58,"caption":"Ranoja O\u00dc"},"image":{"@id":"https:\/\/ranoja.ee\/#\/schema\/logo\/image\/"},"sameAs":["https:\/\/www.facebook.com\/ranoja.ee","https:\/\/www.instagram.com\/ranoja__\/"]}]}},"_links":{"self":[{"href":"https:\/\/ranoja.ee\/en\/wp-json\/wp\/v2\/product\/22933","targetHints":{"allow":["GET"]}}],"collection":[{"href":"https:\/\/ranoja.ee\/en\/wp-json\/wp\/v2\/product"}],"about":[{"href":"https:\/\/ranoja.ee\/en\/wp-json\/wp\/v2\/types\/product"}],"wp:featuredmedia":[{"embeddable":true,"href":"https:\/\/ranoja.ee\/en\/wp-json\/wp\/v2\/media\/22949"}],"wp:attachment":[{"href":"https:\/\/ranoja.ee\/en\/wp-json\/wp\/v2\/media?parent=22933"}],"wp:term":[{"taxonomy":"product_cat","embeddable":true,"href":"https:\/\/ranoja.ee\/en\/wp-json\/wp\/v2\/product_cat?post=22933"},{"taxonomy":"product_tag","embeddable":true,"href":"https:\/\/ranoja.ee\/en\/wp-json\/wp\/v2\/product_tag?post=22933"}],"curies":[{"name":"wp","href":"https:\/\/api.w.org\/{rel}","templated":true}]}}