{"id":22879,"date":"2025-10-14T10:37:14","date_gmt":"2025-10-14T07:37:14","guid":{"rendered":"https:\/\/ranoja.ee\/?post_type=product&#038;p=22879"},"modified":"2025-12-10T16:07:41","modified_gmt":"2025-12-10T13:07:41","slug":"optibeam-universaalne-juhtekomplekt-uhele-lisatulepaneelile","status":"publish","type":"product","link":"https:\/\/ranoja.ee\/en\/toode\/optibeam-universaalne-juhtekomplekt-uhele-lisatulepaneelile\/","title":{"rendered":"OPTIBEAM universaalne juhtekomplekt \u00fchele lisatulepaneelile"},"content":{"rendered":"<p>OPTIBEAM universaalne juhtekomplekt \u00fchele lisatulepaneelile <\/p>\n<p>Universaalne OPTIBEAM juhtekomplekt \u00fchele lisatulepaneelile, ilma pistikuta. Juhtmestik on korrosiooni eest kaitstud.<\/p>\n<p>OPTIBEAM universaalne juhtekomplekt \u00fchele lisatulepaneelile <\/p>\n","protected":false},"excerpt":{"rendered":"<p>OPTIBEAM universaalne juhtekomplekt \u00fchele lisatulepaneelile<br \/>\nT\u00fc\u00fcp: SET 7<br \/>\nPinge: 12\/24 V, 12 V: 200 W, 24 V: 400 W<br \/>\nCAN \u00fchilduv<br \/>\nUniversaalne juhtekomplekt \u00fchele lisatulepaneelile, ilma pistikuta<br \/>\nJuhtme pikkus koos klemmidega: 1.35 m<br \/>\nAsendab eraldiseisvat releed ja kaitset<br \/>\nKorrosiooni eest kaitstud<br \/>\nKaal: 130 g<br \/>\n<strong>Eeldatav tarneaeg 1-7 t\u00f6\u00f6p\u00e4eva<\/strong><\/p>\n","protected":false},"featured_media":22882,"template":"","meta":{"inline_featured_image":false},"product_cat":[1116,1119],"product_tag":[2364,2356,916,675,917],"class_list":{"0":"post-22879","1":"product","2":"type-product","3":"status-publish","4":"has-post-thumbnail","6":"product_brand-optibeam","7":"product_cat-lisaseadmed-ehitusseadmed-led-lisatuled-cb-raadiod-lallar","8":"product_cat-tulede-tarvikud","9":"product_tag-1605-wk040","10":"product_tag-juhtmekomplekt-kolmele-parktulega-lisatulele","11":"product_tag-lisatulede-juhtmestik","12":"product_tag-optibeam","13":"product_tag-tulede-juhtmestik","15":"first","16":"instock","17":"taxable","18":"shipping-taxable","19":"purchasable","20":"product-type-simple"},"yoast_head":"<!-- This site is optimized with the Yoast SEO plugin v27.4 - https:\/\/yoast.com\/product\/yoast-seo-wordpress\/ -->\n<title>OPTIBEAM universaalne juhtekomplekt \u00fchele lisatulepaneelile<\/title>\n<meta name=\"description\" content=\"OPTIBEAM universaalne juhtekomplekt \u00fchele lisatulepaneelile Universaalne juhtekomplekt ilma pistikuta. Juhtme pikkus koos klemmidega: 1.35 m.\" \/>\n<meta name=\"robots\" content=\"index, follow, max-snippet:-1, max-image-preview:large, max-video-preview:-1\" \/>\n<link rel=\"canonical\" href=\"https:\/\/ranoja.ee\/toode\/optibeam-universaalne-juhtekomplekt-uhele-lisatulepaneelile\/\" \/>\n<meta property=\"og:locale\" content=\"en_US\" \/>\n<meta property=\"og:type\" content=\"article\" \/>\n<meta property=\"og:title\" content=\"OPTIBEAM universaalne juhtekomplekt \u00fchele lisatulepaneelile\" \/>\n<meta property=\"og:description\" content=\"OPTIBEAM universaalne juhtekomplekt \u00fchele lisatulepaneelile Universaalne juhtekomplekt ilma pistikuta. Juhtme pikkus koos klemmidega: 1.35 m.\" \/>\n<meta property=\"og:url\" content=\"https:\/\/ranoja.ee\/toode\/optibeam-universaalne-juhtekomplekt-uhele-lisatulepaneelile\/\" \/>\n<meta property=\"og:site_name\" content=\"Ranoja\" \/>\n<meta property=\"article:publisher\" content=\"https:\/\/www.facebook.com\/ranoja.ee\" \/>\n<meta property=\"article:modified_time\" content=\"2025-12-10T13:07:41+00:00\" \/>\n<meta property=\"og:image\" content=\"https:\/\/ranoja.ee\/wp-content\/uploads\/2025\/10\/OPTIBEAM-universaalne-juhtekomplekt-uhele-lisatulepaneelile-2.jpg\" \/>\n\t<meta property=\"og:image:width\" content=\"800\" \/>\n\t<meta property=\"og:image:height\" content=\"600\" \/>\n\t<meta property=\"og:image:type\" content=\"image\/jpeg\" \/>\n<meta name=\"twitter:card\" content=\"summary_large_image\" \/>\n<meta name=\"twitter:label1\" content=\"Est. reading time\" \/>\n\t<meta name=\"twitter:data1\" content=\"1 minute\" \/>\n<script type=\"application\/ld+json\" class=\"yoast-schema-graph\">{\"@context\":\"https:\\\/\\\/schema.org\",\"@graph\":[{\"@type\":\"WebPage\",\"@id\":\"https:\\\/\\\/ranoja.ee\\\/toode\\\/optibeam-universaalne-juhtekomplekt-uhele-lisatulepaneelile\\\/\",\"url\":\"https:\\\/\\\/ranoja.ee\\\/toode\\\/optibeam-universaalne-juhtekomplekt-uhele-lisatulepaneelile\\\/\",\"name\":\"OPTIBEAM universaalne juhtekomplekt \u00fchele lisatulepaneelile\",\"isPartOf\":{\"@id\":\"https:\\\/\\\/ranoja.ee\\\/#website\"},\"primaryImageOfPage\":{\"@id\":\"https:\\\/\\\/ranoja.ee\\\/toode\\\/optibeam-universaalne-juhtekomplekt-uhele-lisatulepaneelile\\\/#primaryimage\"},\"image\":{\"@id\":\"https:\\\/\\\/ranoja.ee\\\/toode\\\/optibeam-universaalne-juhtekomplekt-uhele-lisatulepaneelile\\\/#primaryimage\"},\"thumbnailUrl\":\"https:\\\/\\\/ranoja.ee\\\/wp-content\\\/uploads\\\/2025\\\/10\\\/OPTIBEAM-universaalne-juhtekomplekt-uhele-lisatulepaneelile-2.jpg\",\"datePublished\":\"2025-10-14T07:37:14+00:00\",\"dateModified\":\"2025-12-10T13:07:41+00:00\",\"description\":\"OPTIBEAM universaalne juhtekomplekt \u00fchele lisatulepaneelile Universaalne juhtekomplekt ilma pistikuta. Juhtme pikkus koos klemmidega: 1.35 m.\",\"breadcrumb\":{\"@id\":\"https:\\\/\\\/ranoja.ee\\\/toode\\\/optibeam-universaalne-juhtekomplekt-uhele-lisatulepaneelile\\\/#breadcrumb\"},\"inLanguage\":\"en-US\",\"potentialAction\":[{\"@type\":\"ReadAction\",\"target\":[\"https:\\\/\\\/ranoja.ee\\\/toode\\\/optibeam-universaalne-juhtekomplekt-uhele-lisatulepaneelile\\\/\"]}]},{\"@type\":\"ImageObject\",\"inLanguage\":\"en-US\",\"@id\":\"https:\\\/\\\/ranoja.ee\\\/toode\\\/optibeam-universaalne-juhtekomplekt-uhele-lisatulepaneelile\\\/#primaryimage\",\"url\":\"https:\\\/\\\/ranoja.ee\\\/wp-content\\\/uploads\\\/2025\\\/10\\\/OPTIBEAM-universaalne-juhtekomplekt-uhele-lisatulepaneelile-2.jpg\",\"contentUrl\":\"https:\\\/\\\/ranoja.ee\\\/wp-content\\\/uploads\\\/2025\\\/10\\\/OPTIBEAM-universaalne-juhtekomplekt-uhele-lisatulepaneelile-2.jpg\",\"width\":800,\"height\":600,\"caption\":\"OPTIBEAM universaalne juhtekomplekt \u00fchele lisatulepaneelile\"},{\"@type\":\"BreadcrumbList\",\"@id\":\"https:\\\/\\\/ranoja.ee\\\/toode\\\/optibeam-universaalne-juhtekomplekt-uhele-lisatulepaneelile\\\/#breadcrumb\",\"itemListElement\":[{\"@type\":\"ListItem\",\"position\":1,\"name\":\"Home\",\"item\":\"https:\\\/\\\/ranoja.ee\\\/\"},{\"@type\":\"ListItem\",\"position\":2,\"name\":\"Shop\",\"item\":\"https:\\\/\\\/ranoja.ee\\\/en\\\/shop\\\/\"},{\"@type\":\"ListItem\",\"position\":3,\"name\":\"OPTIBEAM universaalne juhtekomplekt \u00fchele lisatulepaneelile\"}]},{\"@type\":\"WebSite\",\"@id\":\"https:\\\/\\\/ranoja.ee\\\/#website\",\"url\":\"https:\\\/\\\/ranoja.ee\\\/\",\"name\":\"Ranoja\",\"description\":\"Equipment Shop WooCommerce WordPress Theme for Machine &amp; Tools\",\"publisher\":{\"@id\":\"https:\\\/\\\/ranoja.ee\\\/#organization\"},\"potentialAction\":[{\"@type\":\"SearchAction\",\"target\":{\"@type\":\"EntryPoint\",\"urlTemplate\":\"https:\\\/\\\/ranoja.ee\\\/?s={search_term_string}\"},\"query-input\":{\"@type\":\"PropertyValueSpecification\",\"valueRequired\":true,\"valueName\":\"search_term_string\"}}],\"inLanguage\":\"en-US\"},{\"@type\":\"Organization\",\"@id\":\"https:\\\/\\\/ranoja.ee\\\/#organization\",\"name\":\"Ranoja O\u00dc\",\"url\":\"https:\\\/\\\/ranoja.ee\\\/\",\"logo\":{\"@type\":\"ImageObject\",\"inLanguage\":\"en-US\",\"@id\":\"https:\\\/\\\/ranoja.ee\\\/#\\\/schema\\\/logo\\\/image\\\/\",\"url\":\"https:\\\/\\\/ranoja.ee\\\/wp-content\\\/uploads\\\/2023\\\/11\\\/ranoja-Logo.png\",\"contentUrl\":\"https:\\\/\\\/ranoja.ee\\\/wp-content\\\/uploads\\\/2023\\\/11\\\/ranoja-Logo.png\",\"width\":207,\"height\":58,\"caption\":\"Ranoja O\u00dc\"},\"image\":{\"@id\":\"https:\\\/\\\/ranoja.ee\\\/#\\\/schema\\\/logo\\\/image\\\/\"},\"sameAs\":[\"https:\\\/\\\/www.facebook.com\\\/ranoja.ee\",\"https:\\\/\\\/www.instagram.com\\\/ranoja__\\\/\"]}]}<\/script>\n<!-- \/ Yoast SEO plugin. -->","yoast_head_json":{"title":"OPTIBEAM universaalne juhtekomplekt \u00fchele lisatulepaneelile","description":"OPTIBEAM universaalne juhtekomplekt \u00fchele lisatulepaneelile Universaalne juhtekomplekt ilma pistikuta. Juhtme pikkus koos klemmidega: 1.35 m.","robots":{"index":"index","follow":"follow","max-snippet":"max-snippet:-1","max-image-preview":"max-image-preview:large","max-video-preview":"max-video-preview:-1"},"canonical":"https:\/\/ranoja.ee\/toode\/optibeam-universaalne-juhtekomplekt-uhele-lisatulepaneelile\/","og_locale":"en_US","og_type":"article","og_title":"OPTIBEAM universaalne juhtekomplekt \u00fchele lisatulepaneelile","og_description":"OPTIBEAM universaalne juhtekomplekt \u00fchele lisatulepaneelile Universaalne juhtekomplekt ilma pistikuta. Juhtme pikkus koos klemmidega: 1.35 m.","og_url":"https:\/\/ranoja.ee\/toode\/optibeam-universaalne-juhtekomplekt-uhele-lisatulepaneelile\/","og_site_name":"Ranoja","article_publisher":"https:\/\/www.facebook.com\/ranoja.ee","article_modified_time":"2025-12-10T13:07:41+00:00","og_image":[{"width":800,"height":600,"url":"https:\/\/ranoja.ee\/wp-content\/uploads\/2025\/10\/OPTIBEAM-universaalne-juhtekomplekt-uhele-lisatulepaneelile-2.jpg","type":"image\/jpeg"}],"twitter_card":"summary_large_image","twitter_misc":{"Est. reading time":"1 minute"},"schema":{"@context":"https:\/\/schema.org","@graph":[{"@type":"WebPage","@id":"https:\/\/ranoja.ee\/toode\/optibeam-universaalne-juhtekomplekt-uhele-lisatulepaneelile\/","url":"https:\/\/ranoja.ee\/toode\/optibeam-universaalne-juhtekomplekt-uhele-lisatulepaneelile\/","name":"OPTIBEAM universaalne juhtekomplekt \u00fchele lisatulepaneelile","isPartOf":{"@id":"https:\/\/ranoja.ee\/#website"},"primaryImageOfPage":{"@id":"https:\/\/ranoja.ee\/toode\/optibeam-universaalne-juhtekomplekt-uhele-lisatulepaneelile\/#primaryimage"},"image":{"@id":"https:\/\/ranoja.ee\/toode\/optibeam-universaalne-juhtekomplekt-uhele-lisatulepaneelile\/#primaryimage"},"thumbnailUrl":"https:\/\/ranoja.ee\/wp-content\/uploads\/2025\/10\/OPTIBEAM-universaalne-juhtekomplekt-uhele-lisatulepaneelile-2.jpg","datePublished":"2025-10-14T07:37:14+00:00","dateModified":"2025-12-10T13:07:41+00:00","description":"OPTIBEAM universaalne juhtekomplekt \u00fchele lisatulepaneelile Universaalne juhtekomplekt ilma pistikuta. Juhtme pikkus koos klemmidega: 1.35 m.","breadcrumb":{"@id":"https:\/\/ranoja.ee\/toode\/optibeam-universaalne-juhtekomplekt-uhele-lisatulepaneelile\/#breadcrumb"},"inLanguage":"en-US","potentialAction":[{"@type":"ReadAction","target":["https:\/\/ranoja.ee\/toode\/optibeam-universaalne-juhtekomplekt-uhele-lisatulepaneelile\/"]}]},{"@type":"ImageObject","inLanguage":"en-US","@id":"https:\/\/ranoja.ee\/toode\/optibeam-universaalne-juhtekomplekt-uhele-lisatulepaneelile\/#primaryimage","url":"https:\/\/ranoja.ee\/wp-content\/uploads\/2025\/10\/OPTIBEAM-universaalne-juhtekomplekt-uhele-lisatulepaneelile-2.jpg","contentUrl":"https:\/\/ranoja.ee\/wp-content\/uploads\/2025\/10\/OPTIBEAM-universaalne-juhtekomplekt-uhele-lisatulepaneelile-2.jpg","width":800,"height":600,"caption":"OPTIBEAM universaalne juhtekomplekt \u00fchele lisatulepaneelile"},{"@type":"BreadcrumbList","@id":"https:\/\/ranoja.ee\/toode\/optibeam-universaalne-juhtekomplekt-uhele-lisatulepaneelile\/#breadcrumb","itemListElement":[{"@type":"ListItem","position":1,"name":"Home","item":"https:\/\/ranoja.ee\/"},{"@type":"ListItem","position":2,"name":"Shop","item":"https:\/\/ranoja.ee\/en\/shop\/"},{"@type":"ListItem","position":3,"name":"OPTIBEAM universaalne juhtekomplekt \u00fchele lisatulepaneelile"}]},{"@type":"WebSite","@id":"https:\/\/ranoja.ee\/#website","url":"https:\/\/ranoja.ee\/","name":"Ranoja","description":"Equipment Shop WooCommerce WordPress Theme for Machine &amp; Tools","publisher":{"@id":"https:\/\/ranoja.ee\/#organization"},"potentialAction":[{"@type":"SearchAction","target":{"@type":"EntryPoint","urlTemplate":"https:\/\/ranoja.ee\/?s={search_term_string}"},"query-input":{"@type":"PropertyValueSpecification","valueRequired":true,"valueName":"search_term_string"}}],"inLanguage":"en-US"},{"@type":"Organization","@id":"https:\/\/ranoja.ee\/#organization","name":"Ranoja O\u00dc","url":"https:\/\/ranoja.ee\/","logo":{"@type":"ImageObject","inLanguage":"en-US","@id":"https:\/\/ranoja.ee\/#\/schema\/logo\/image\/","url":"https:\/\/ranoja.ee\/wp-content\/uploads\/2023\/11\/ranoja-Logo.png","contentUrl":"https:\/\/ranoja.ee\/wp-content\/uploads\/2023\/11\/ranoja-Logo.png","width":207,"height":58,"caption":"Ranoja O\u00dc"},"image":{"@id":"https:\/\/ranoja.ee\/#\/schema\/logo\/image\/"},"sameAs":["https:\/\/www.facebook.com\/ranoja.ee","https:\/\/www.instagram.com\/ranoja__\/"]}]}},"_links":{"self":[{"href":"https:\/\/ranoja.ee\/en\/wp-json\/wp\/v2\/product\/22879","targetHints":{"allow":["GET"]}}],"collection":[{"href":"https:\/\/ranoja.ee\/en\/wp-json\/wp\/v2\/product"}],"about":[{"href":"https:\/\/ranoja.ee\/en\/wp-json\/wp\/v2\/types\/product"}],"wp:featuredmedia":[{"embeddable":true,"href":"https:\/\/ranoja.ee\/en\/wp-json\/wp\/v2\/media\/22882"}],"wp:attachment":[{"href":"https:\/\/ranoja.ee\/en\/wp-json\/wp\/v2\/media?parent=22879"}],"wp:term":[{"taxonomy":"product_cat","embeddable":true,"href":"https:\/\/ranoja.ee\/en\/wp-json\/wp\/v2\/product_cat?post=22879"},{"taxonomy":"product_tag","embeddable":true,"href":"https:\/\/ranoja.ee\/en\/wp-json\/wp\/v2\/product_tag?post=22879"}],"curies":[{"name":"wp","href":"https:\/\/api.w.org\/{rel}","templated":true}]}}