{"id":22827,"date":"2025-10-13T16:09:23","date_gmt":"2025-10-13T13:09:23","guid":{"rendered":"https:\/\/ranoja.ee\/?post_type=product&#038;p=22827"},"modified":"2025-12-12T15:48:33","modified_gmt":"2025-12-12T12:48:33","slug":"w-light-comber-ii-lisatuli","status":"publish","type":"product","link":"https:\/\/ranoja.ee\/en\/toode\/w-light-comber-ii-lisatuli\/","title":{"rendered":"W-LIGHT Comber II lisatuli"},"content":{"rendered":"<p>W-LIGHT Comber II lisatuli <\/p>\n<p>Modernne ja v\u00f5imas LED lisatuli, mis \u00fchendab kaasaegse disaini, k\u00f5rge valgusv\u00f5imsuse ja mitmek\u00fclgsuse. See mudel on Comber seeria uuenduslik versioon. Kus on parandatud optikat ning lisatud k\u00e4ep\u00e4rane park-, stabiilne valgusriba. Mis lisab valge v\u00f5i kollase v\u00e4rvusega valgus s\u00f5ltuvalt maitse v\u00f5i vajadusest. Toon, valgus ja materjalid loovad premium-mulje s\u00f5iduki esiosal.<\/p>\n<p>Tehnilised omadused:<br \/>\nT\u00f6\u00f6pingevahemik: 12-48 V, sobib nii tavalisele 12 V elektris\u00fcsteemile kui ka suurematele 24-V v\u00f5i 48-V s\u00fcsteemidele.<br \/>\nTeoreetiline valgusvoog: 13 800 lm, reaalne m\u00f5\u00f5detud ~ 9 200 lm. See t\u00e4hendab, et Comber II annab t\u00f5eliselt tugeva valguse, eriti \u00f6istel ja halvade n\u00e4htavusega \u00f5htutel.<br \/>\nValgusulatus: 1 lux tase saavutatakse ~ 487 meetri kauguselt.<br \/>\nV\u00e4rvitemperatuur umbes 5000-5400 K, mis annab neutraalse valge valguse \u2013 loodusliku ja kontrastse n\u00e4htavuse ilma liiga \u201esinaka\u201c toonita. <\/p>\n<p>Konstruktsioon ja omadused:<\/p>\n<p>Korpus on alumiiniumist, l\u00e4\u00e4ts pol\u00fckarbonaadist.<br \/>\nRaamita disain, mis aitab v\u00e4ltida lume, j\u00e4\u00e4 v\u00f5i mustuse kogunemist l\u00e4\u00e4tsede \u00e4\u00e4rtele.<br \/>\nPistiku t\u00fc\u00fcp: 4-pin DT, juhtme pikkus ~ 2,20 m, mis annab piisavalt ulatust paigaldusel.<br \/>\nKaitseklassiks on IP67, mis t\u00e4hendab tolmu- ja veekindlust.<br \/>\nM\u00f5\u00f5tmed: Umbes 543 \u00d7 56 \u00d7 72 mm. Klassikaline LED barr-laadse kujundusega seade, mis ei ole v\u00e4ga s\u00fcgav ja mahub h\u00e4sti paljudesse kohtadesse.<br \/>\nOmab sertifikaate R112, R148 ja R10, mis t\u00e4hendab, et valguskuvioon ja heledus vastavad liiklusohutus- ja legaliseerimisn\u00f5uetele, kui paigaldus ja kasutus on kohased. <\/p>\n<p>Comber II sobib ideaalselt autoesistesse bar-lisadesse, kus vaja lisavalgust kaugele ette, kuid samas soovitakse s\u00e4ilitada stiilne ja madal profiil. See lisab n\u00e4htavust kurvides, pimedates teeoludes ja eelk\u00f5ige v\u00e4ljaspool linna. Parkivad valgusribad v\u00f5imaldavad mugavalt valguse iseloomu kohandada (valge vs kollane) olenevalt tingimustest.<\/p>\n<p>W-LIGHT Comber II lisatuli <\/p>\n","protected":false},"excerpt":{"rendered":"<p>W-LIGHT Comber II lisatuli<br \/>\nM\u00f5\u00f5tmed: 543 x 56 x 72 mm<br \/>\nPinge: 12-32 V<br \/>\nLumenid: 13800 lm<br \/>\nLumenid m\u00f5\u00f5detud: 9200 lm<br \/>\nReferentsarv: 45<br \/>\nVorm: Riba<br \/>\nV\u00e4rvitemperatuur: 5000 K<br \/>\nPistiku t\u00fc\u00fcp: 4-pin DT<br \/>\n15 x Osram LED, kollane\/valge parktuli,<br \/>\nJuhtme pikkus: 2,20 m<br \/>\nIP klassifikatsioon: IP67<br \/>\nSertifikaadid: R112, R148, R10<br \/>\nMudeli nimi: Comber II<br \/>\nKaal: 2.50 kg<br \/>\n<strong>Eeldatav tarneaeg 1-7 t\u00f6\u00f6p\u00e4eva<\/strong><\/p>\n","protected":false},"featured_media":22844,"template":"","meta":{"inline_featured_image":false},"product_cat":[1116,1117],"product_tag":[980,2359,985,996,654,649,656,2358],"class_list":{"0":"post-22827","1":"product","2":"type-product","3":"status-publish","4":"has-post-thumbnail","6":"product_brand-w-light","7":"product_cat-lisaseadmed-ehitusseadmed-led-lisatuled-cb-raadiod-lallar","8":"product_cat-lisatuled","9":"product_tag-1605-3022","10":"product_tag-1605-ns3848","11":"product_tag-1605-wk048","12":"product_tag-1605-wk068","13":"product_tag-led-tuli","14":"product_tag-lisatuli","15":"product_tag-w-light","16":"product_tag-w-light-comber-ii","18":"first","19":"instock","20":"sale","21":"taxable","22":"shipping-taxable","23":"purchasable","24":"product-type-simple"},"yoast_head":"<!-- This site is optimized with the Yoast SEO plugin v27.4 - https:\/\/yoast.com\/product\/yoast-seo-wordpress\/ -->\n<title>W-LIGHT Comber II lisatuli<\/title>\n<meta name=\"description\" content=\"W-LIGHT Comber II lisatuli Modernne ja v\u00f5imas LED lisatuli, mis \u00fchendab kaasaegse disaini, k\u00f5rge valgusv\u00f5imsuse ja mitmek\u00fclgsuse.\" \/>\n<meta name=\"robots\" content=\"index, follow, max-snippet:-1, max-image-preview:large, max-video-preview:-1\" \/>\n<link rel=\"canonical\" href=\"https:\/\/ranoja.ee\/toode\/w-light-comber-ii-lisatuli\/\" \/>\n<meta property=\"og:locale\" content=\"en_US\" \/>\n<meta property=\"og:type\" content=\"article\" \/>\n<meta property=\"og:title\" content=\"W-LIGHT Comber II lisatuli\" \/>\n<meta property=\"og:description\" content=\"W-LIGHT Comber II lisatuli Modernne ja v\u00f5imas LED lisatuli, mis \u00fchendab kaasaegse disaini, k\u00f5rge valgusv\u00f5imsuse ja mitmek\u00fclgsuse.\" \/>\n<meta property=\"og:url\" content=\"https:\/\/ranoja.ee\/toode\/w-light-comber-ii-lisatuli\/\" \/>\n<meta property=\"og:site_name\" content=\"Ranoja\" \/>\n<meta property=\"article:publisher\" content=\"https:\/\/www.facebook.com\/ranoja.ee\" \/>\n<meta property=\"article:modified_time\" content=\"2025-12-12T12:48:33+00:00\" \/>\n<meta property=\"og:image\" content=\"https:\/\/ranoja.ee\/wp-content\/uploads\/2025\/10\/W-LIGHT-Comber-II-lisatuli.jpg\" \/>\n\t<meta property=\"og:image:width\" content=\"800\" \/>\n\t<meta property=\"og:image:height\" content=\"600\" \/>\n\t<meta property=\"og:image:type\" content=\"image\/jpeg\" \/>\n<meta name=\"twitter:card\" content=\"summary_large_image\" \/>\n<meta name=\"twitter:label1\" content=\"Est. reading time\" \/>\n\t<meta name=\"twitter:data1\" content=\"2 minutes\" \/>\n<script type=\"application\/ld+json\" class=\"yoast-schema-graph\">{\"@context\":\"https:\\\/\\\/schema.org\",\"@graph\":[{\"@type\":\"WebPage\",\"@id\":\"https:\\\/\\\/ranoja.ee\\\/toode\\\/w-light-comber-ii-lisatuli\\\/\",\"url\":\"https:\\\/\\\/ranoja.ee\\\/toode\\\/w-light-comber-ii-lisatuli\\\/\",\"name\":\"W-LIGHT Comber II lisatuli\",\"isPartOf\":{\"@id\":\"https:\\\/\\\/ranoja.ee\\\/#website\"},\"primaryImageOfPage\":{\"@id\":\"https:\\\/\\\/ranoja.ee\\\/toode\\\/w-light-comber-ii-lisatuli\\\/#primaryimage\"},\"image\":{\"@id\":\"https:\\\/\\\/ranoja.ee\\\/toode\\\/w-light-comber-ii-lisatuli\\\/#primaryimage\"},\"thumbnailUrl\":\"https:\\\/\\\/ranoja.ee\\\/wp-content\\\/uploads\\\/2025\\\/10\\\/W-LIGHT-Comber-II-lisatuli.jpg\",\"datePublished\":\"2025-10-13T13:09:23+00:00\",\"dateModified\":\"2025-12-12T12:48:33+00:00\",\"description\":\"W-LIGHT Comber II lisatuli Modernne ja v\u00f5imas LED lisatuli, mis \u00fchendab kaasaegse disaini, k\u00f5rge valgusv\u00f5imsuse ja mitmek\u00fclgsuse.\",\"breadcrumb\":{\"@id\":\"https:\\\/\\\/ranoja.ee\\\/toode\\\/w-light-comber-ii-lisatuli\\\/#breadcrumb\"},\"inLanguage\":\"en-US\",\"potentialAction\":[{\"@type\":\"ReadAction\",\"target\":[\"https:\\\/\\\/ranoja.ee\\\/toode\\\/w-light-comber-ii-lisatuli\\\/\"]}]},{\"@type\":\"ImageObject\",\"inLanguage\":\"en-US\",\"@id\":\"https:\\\/\\\/ranoja.ee\\\/toode\\\/w-light-comber-ii-lisatuli\\\/#primaryimage\",\"url\":\"https:\\\/\\\/ranoja.ee\\\/wp-content\\\/uploads\\\/2025\\\/10\\\/W-LIGHT-Comber-II-lisatuli.jpg\",\"contentUrl\":\"https:\\\/\\\/ranoja.ee\\\/wp-content\\\/uploads\\\/2025\\\/10\\\/W-LIGHT-Comber-II-lisatuli.jpg\",\"width\":800,\"height\":600,\"caption\":\"W-LIGHT Comber II lisatuli\"},{\"@type\":\"BreadcrumbList\",\"@id\":\"https:\\\/\\\/ranoja.ee\\\/toode\\\/w-light-comber-ii-lisatuli\\\/#breadcrumb\",\"itemListElement\":[{\"@type\":\"ListItem\",\"position\":1,\"name\":\"Home\",\"item\":\"https:\\\/\\\/ranoja.ee\\\/\"},{\"@type\":\"ListItem\",\"position\":2,\"name\":\"Shop\",\"item\":\"https:\\\/\\\/ranoja.ee\\\/en\\\/shop\\\/\"},{\"@type\":\"ListItem\",\"position\":3,\"name\":\"W-LIGHT Comber II lisatuli\"}]},{\"@type\":\"WebSite\",\"@id\":\"https:\\\/\\\/ranoja.ee\\\/#website\",\"url\":\"https:\\\/\\\/ranoja.ee\\\/\",\"name\":\"Ranoja\",\"description\":\"Equipment Shop WooCommerce WordPress Theme for Machine &amp; Tools\",\"publisher\":{\"@id\":\"https:\\\/\\\/ranoja.ee\\\/#organization\"},\"potentialAction\":[{\"@type\":\"SearchAction\",\"target\":{\"@type\":\"EntryPoint\",\"urlTemplate\":\"https:\\\/\\\/ranoja.ee\\\/?s={search_term_string}\"},\"query-input\":{\"@type\":\"PropertyValueSpecification\",\"valueRequired\":true,\"valueName\":\"search_term_string\"}}],\"inLanguage\":\"en-US\"},{\"@type\":\"Organization\",\"@id\":\"https:\\\/\\\/ranoja.ee\\\/#organization\",\"name\":\"Ranoja O\u00dc\",\"url\":\"https:\\\/\\\/ranoja.ee\\\/\",\"logo\":{\"@type\":\"ImageObject\",\"inLanguage\":\"en-US\",\"@id\":\"https:\\\/\\\/ranoja.ee\\\/#\\\/schema\\\/logo\\\/image\\\/\",\"url\":\"https:\\\/\\\/ranoja.ee\\\/wp-content\\\/uploads\\\/2023\\\/11\\\/ranoja-Logo.png\",\"contentUrl\":\"https:\\\/\\\/ranoja.ee\\\/wp-content\\\/uploads\\\/2023\\\/11\\\/ranoja-Logo.png\",\"width\":207,\"height\":58,\"caption\":\"Ranoja O\u00dc\"},\"image\":{\"@id\":\"https:\\\/\\\/ranoja.ee\\\/#\\\/schema\\\/logo\\\/image\\\/\"},\"sameAs\":[\"https:\\\/\\\/www.facebook.com\\\/ranoja.ee\",\"https:\\\/\\\/www.instagram.com\\\/ranoja__\\\/\"]}]}<\/script>\n<!-- \/ Yoast SEO plugin. -->","yoast_head_json":{"title":"W-LIGHT Comber II lisatuli","description":"W-LIGHT Comber II lisatuli Modernne ja v\u00f5imas LED lisatuli, mis \u00fchendab kaasaegse disaini, k\u00f5rge valgusv\u00f5imsuse ja mitmek\u00fclgsuse.","robots":{"index":"index","follow":"follow","max-snippet":"max-snippet:-1","max-image-preview":"max-image-preview:large","max-video-preview":"max-video-preview:-1"},"canonical":"https:\/\/ranoja.ee\/toode\/w-light-comber-ii-lisatuli\/","og_locale":"en_US","og_type":"article","og_title":"W-LIGHT Comber II lisatuli","og_description":"W-LIGHT Comber II lisatuli Modernne ja v\u00f5imas LED lisatuli, mis \u00fchendab kaasaegse disaini, k\u00f5rge valgusv\u00f5imsuse ja mitmek\u00fclgsuse.","og_url":"https:\/\/ranoja.ee\/toode\/w-light-comber-ii-lisatuli\/","og_site_name":"Ranoja","article_publisher":"https:\/\/www.facebook.com\/ranoja.ee","article_modified_time":"2025-12-12T12:48:33+00:00","og_image":[{"width":800,"height":600,"url":"https:\/\/ranoja.ee\/wp-content\/uploads\/2025\/10\/W-LIGHT-Comber-II-lisatuli.jpg","type":"image\/jpeg"}],"twitter_card":"summary_large_image","twitter_misc":{"Est. reading time":"2 minutes"},"schema":{"@context":"https:\/\/schema.org","@graph":[{"@type":"WebPage","@id":"https:\/\/ranoja.ee\/toode\/w-light-comber-ii-lisatuli\/","url":"https:\/\/ranoja.ee\/toode\/w-light-comber-ii-lisatuli\/","name":"W-LIGHT Comber II lisatuli","isPartOf":{"@id":"https:\/\/ranoja.ee\/#website"},"primaryImageOfPage":{"@id":"https:\/\/ranoja.ee\/toode\/w-light-comber-ii-lisatuli\/#primaryimage"},"image":{"@id":"https:\/\/ranoja.ee\/toode\/w-light-comber-ii-lisatuli\/#primaryimage"},"thumbnailUrl":"https:\/\/ranoja.ee\/wp-content\/uploads\/2025\/10\/W-LIGHT-Comber-II-lisatuli.jpg","datePublished":"2025-10-13T13:09:23+00:00","dateModified":"2025-12-12T12:48:33+00:00","description":"W-LIGHT Comber II lisatuli Modernne ja v\u00f5imas LED lisatuli, mis \u00fchendab kaasaegse disaini, k\u00f5rge valgusv\u00f5imsuse ja mitmek\u00fclgsuse.","breadcrumb":{"@id":"https:\/\/ranoja.ee\/toode\/w-light-comber-ii-lisatuli\/#breadcrumb"},"inLanguage":"en-US","potentialAction":[{"@type":"ReadAction","target":["https:\/\/ranoja.ee\/toode\/w-light-comber-ii-lisatuli\/"]}]},{"@type":"ImageObject","inLanguage":"en-US","@id":"https:\/\/ranoja.ee\/toode\/w-light-comber-ii-lisatuli\/#primaryimage","url":"https:\/\/ranoja.ee\/wp-content\/uploads\/2025\/10\/W-LIGHT-Comber-II-lisatuli.jpg","contentUrl":"https:\/\/ranoja.ee\/wp-content\/uploads\/2025\/10\/W-LIGHT-Comber-II-lisatuli.jpg","width":800,"height":600,"caption":"W-LIGHT Comber II lisatuli"},{"@type":"BreadcrumbList","@id":"https:\/\/ranoja.ee\/toode\/w-light-comber-ii-lisatuli\/#breadcrumb","itemListElement":[{"@type":"ListItem","position":1,"name":"Home","item":"https:\/\/ranoja.ee\/"},{"@type":"ListItem","position":2,"name":"Shop","item":"https:\/\/ranoja.ee\/en\/shop\/"},{"@type":"ListItem","position":3,"name":"W-LIGHT Comber II lisatuli"}]},{"@type":"WebSite","@id":"https:\/\/ranoja.ee\/#website","url":"https:\/\/ranoja.ee\/","name":"Ranoja","description":"Equipment Shop WooCommerce WordPress Theme for Machine &amp; Tools","publisher":{"@id":"https:\/\/ranoja.ee\/#organization"},"potentialAction":[{"@type":"SearchAction","target":{"@type":"EntryPoint","urlTemplate":"https:\/\/ranoja.ee\/?s={search_term_string}"},"query-input":{"@type":"PropertyValueSpecification","valueRequired":true,"valueName":"search_term_string"}}],"inLanguage":"en-US"},{"@type":"Organization","@id":"https:\/\/ranoja.ee\/#organization","name":"Ranoja O\u00dc","url":"https:\/\/ranoja.ee\/","logo":{"@type":"ImageObject","inLanguage":"en-US","@id":"https:\/\/ranoja.ee\/#\/schema\/logo\/image\/","url":"https:\/\/ranoja.ee\/wp-content\/uploads\/2023\/11\/ranoja-Logo.png","contentUrl":"https:\/\/ranoja.ee\/wp-content\/uploads\/2023\/11\/ranoja-Logo.png","width":207,"height":58,"caption":"Ranoja O\u00dc"},"image":{"@id":"https:\/\/ranoja.ee\/#\/schema\/logo\/image\/"},"sameAs":["https:\/\/www.facebook.com\/ranoja.ee","https:\/\/www.instagram.com\/ranoja__\/"]}]}},"_links":{"self":[{"href":"https:\/\/ranoja.ee\/en\/wp-json\/wp\/v2\/product\/22827","targetHints":{"allow":["GET"]}}],"collection":[{"href":"https:\/\/ranoja.ee\/en\/wp-json\/wp\/v2\/product"}],"about":[{"href":"https:\/\/ranoja.ee\/en\/wp-json\/wp\/v2\/types\/product"}],"wp:featuredmedia":[{"embeddable":true,"href":"https:\/\/ranoja.ee\/en\/wp-json\/wp\/v2\/media\/22844"}],"wp:attachment":[{"href":"https:\/\/ranoja.ee\/en\/wp-json\/wp\/v2\/media?parent=22827"}],"wp:term":[{"taxonomy":"product_cat","embeddable":true,"href":"https:\/\/ranoja.ee\/en\/wp-json\/wp\/v2\/product_cat?post=22827"},{"taxonomy":"product_tag","embeddable":true,"href":"https:\/\/ranoja.ee\/en\/wp-json\/wp\/v2\/product_tag?post=22827"}],"curies":[{"name":"wp","href":"https:\/\/api.w.org\/{rel}","templated":true}]}}