{"id":22822,"date":"2025-10-13T15:53:06","date_gmt":"2025-10-13T12:53:06","guid":{"rendered":"https:\/\/ranoja.ee\/?post_type=product&#038;p=22822"},"modified":"2025-12-10T16:07:41","modified_gmt":"2025-12-10T13:07:41","slug":"3-x-3-klemmiga-deutsch-dt-juhtmekomplekt","status":"publish","type":"product","link":"https:\/\/ranoja.ee\/en\/toode\/3-x-3-klemmiga-deutsch-dt-juhtmekomplekt\/","title":{"rendered":"3 x 3-klemmiga Deutsch DT juhtmekomplekt"},"content":{"rendered":"<p>3 x 3-klemmiga Deutsch DT juhtmekomplekt<\/p>\n<p>Ilmastikukindlus ja vastupidavus:<br \/>\nDT-pistikud on konstrueeritud nii, et nad taluksid tolmu, niiskust, veepritsmeid ja vibratsiooni. Ilma, et \u00fchendus katkeks. Housing ehk korpus on valmistatud termoplastilisest materjalist. Millel on tihendid, mis takistavad niiskuse tungimist \u00fchendusse. <\/p>\n<p>Kontaktide suurus ja voolutugevus:<br \/>\nDT-seeria \u00fchendused kasutavad tavaliselt size 16 kontakti ning nende maksimaalne voolutugevus kontaktide kohta on umbes 13 A. Juhtmekaliibrid (AWG\/ mm\u00b2) on selleks sobivad. <\/p>\n<p>Kasutusvaldkonnad:<br \/>\nDT-juhtmestikud on levinud autot\u00f6\u00f6stuses, t\u00f6\u00f6- ja p\u00f5llumajandustehnikas, maastiku- ja vees\u00f5idukites. Samuti LED-tulede ja muude lisavalgustuslahenduste \u00fchendamiseks, kus on vajalik, et \u00fchendused oleksid turvalised, vastupidavad ja lihtsasti lahti \u00fchendatavad. <\/p>\n<p>Lihtne paigaldus ja hooldus:<br \/>\nKuna juhtmestik on eelmontaa\u017eitult \u00fchendustega. Piisab tavaliselt vaid pistikute kokku sobitamisest ning vajadusel kaitse, relee ja sulavkaitse paigaldamisest. See v\u00e4hendab eksimusi ja t\u00f6\u00f6aega v\u00f5rreldes k\u00e4sitsi \u00fchenduste paigaldusega.<\/p>\n<p>3 x 3-klemmiga Deutsch DT juhtmekomplekt<\/p>\n","protected":false},"excerpt":{"rendered":"<p>3 x 3-klemmiga Deutsch DT juhtmekomplekt<br \/>\n3 x 3-klemmiga Deutsch DT juhtmekomplekt kolmele parktulega lisatulele<br \/>\nPinge: 12 V<br \/>\nRelee: 12 V 40 A<br \/>\nKaabli pikkus: 2.5 m tuledele + 0.5 m<br \/>\nParktule signaali juhtme pikkus: 1.5 m<br \/>\nAkukaabli pikkus: 1 m<br \/>\nKaitse: 40 A<br \/>\nL\u00fcliti kaabli pikkus: 2.5 m<br \/>\nKaal: 380 g<br \/>\n<strong>Eeldatav tarneaeg 1-7 t\u00f6\u00f6p\u00e4eva<\/strong><\/p>\n","protected":false},"featured_media":22825,"template":"","meta":{"inline_featured_image":false},"product_cat":[1116,1119],"product_tag":[2357,697,2356,916,917],"class_list":{"0":"post-22822","1":"product","2":"type-product","3":"status-publish","4":"has-post-thumbnail","6":"product_brand-deutsch","7":"product_cat-lisaseadmed-ehitusseadmed-led-lisatuled-cb-raadiod-lallar","8":"product_cat-tulede-tarvikud","9":"product_tag-1605-wk039","10":"product_tag-deutsch","11":"product_tag-juhtmekomplekt-kolmele-parktulega-lisatulele","12":"product_tag-lisatulede-juhtmestik","13":"product_tag-tulede-juhtmestik","15":"first","16":"instock","17":"taxable","18":"shipping-taxable","19":"purchasable","20":"product-type-simple"},"yoast_head":"<!-- This site is optimized with the Yoast SEO plugin v27.4 - https:\/\/yoast.com\/product\/yoast-seo-wordpress\/ -->\n<title>3 x 3-klemmiga Deutsch DT juhtmekomplekt<\/title>\n<meta name=\"description\" content=\"3 x 3-klemmiga Deutsch DT juhtmekomplekt DT-pistikud on konstrueeritud nii, et nad taluksid tolmu, niiskust, veepritsmeid ja vibratsiooni.\" \/>\n<meta name=\"robots\" content=\"index, follow, max-snippet:-1, max-image-preview:large, max-video-preview:-1\" \/>\n<link rel=\"canonical\" href=\"https:\/\/ranoja.ee\/toode\/3-x-3-klemmiga-deutsch-dt-juhtmekomplekt\/\" \/>\n<meta property=\"og:locale\" content=\"en_US\" \/>\n<meta property=\"og:type\" content=\"article\" \/>\n<meta property=\"og:title\" content=\"3 x 3-klemmiga Deutsch DT juhtmekomplekt\" \/>\n<meta property=\"og:description\" content=\"3 x 3-klemmiga Deutsch DT juhtmekomplekt DT-pistikud on konstrueeritud nii, et nad taluksid tolmu, niiskust, veepritsmeid ja vibratsiooni.\" \/>\n<meta property=\"og:url\" content=\"https:\/\/ranoja.ee\/toode\/3-x-3-klemmiga-deutsch-dt-juhtmekomplekt\/\" \/>\n<meta property=\"og:site_name\" content=\"Ranoja\" \/>\n<meta property=\"article:publisher\" content=\"https:\/\/www.facebook.com\/ranoja.ee\" \/>\n<meta property=\"article:modified_time\" content=\"2025-12-10T13:07:41+00:00\" \/>\n<meta property=\"og:image\" content=\"https:\/\/ranoja.ee\/wp-content\/uploads\/2025\/10\/3-x-3-klemmiga-Deutsch-DT-juhtmekomplekt.jpg\" \/>\n\t<meta property=\"og:image:width\" content=\"800\" \/>\n\t<meta property=\"og:image:height\" content=\"600\" \/>\n\t<meta property=\"og:image:type\" content=\"image\/jpeg\" \/>\n<meta name=\"twitter:card\" content=\"summary_large_image\" \/>\n<meta name=\"twitter:label1\" content=\"Est. reading time\" \/>\n\t<meta name=\"twitter:data1\" content=\"2 minutes\" \/>\n<script type=\"application\/ld+json\" class=\"yoast-schema-graph\">{\"@context\":\"https:\\\/\\\/schema.org\",\"@graph\":[{\"@type\":\"WebPage\",\"@id\":\"https:\\\/\\\/ranoja.ee\\\/toode\\\/3-x-3-klemmiga-deutsch-dt-juhtmekomplekt\\\/\",\"url\":\"https:\\\/\\\/ranoja.ee\\\/toode\\\/3-x-3-klemmiga-deutsch-dt-juhtmekomplekt\\\/\",\"name\":\"3 x 3-klemmiga Deutsch DT juhtmekomplekt\",\"isPartOf\":{\"@id\":\"https:\\\/\\\/ranoja.ee\\\/#website\"},\"primaryImageOfPage\":{\"@id\":\"https:\\\/\\\/ranoja.ee\\\/toode\\\/3-x-3-klemmiga-deutsch-dt-juhtmekomplekt\\\/#primaryimage\"},\"image\":{\"@id\":\"https:\\\/\\\/ranoja.ee\\\/toode\\\/3-x-3-klemmiga-deutsch-dt-juhtmekomplekt\\\/#primaryimage\"},\"thumbnailUrl\":\"https:\\\/\\\/ranoja.ee\\\/wp-content\\\/uploads\\\/2025\\\/10\\\/3-x-3-klemmiga-Deutsch-DT-juhtmekomplekt.jpg\",\"datePublished\":\"2025-10-13T12:53:06+00:00\",\"dateModified\":\"2025-12-10T13:07:41+00:00\",\"description\":\"3 x 3-klemmiga Deutsch DT juhtmekomplekt DT-pistikud on konstrueeritud nii, et nad taluksid tolmu, niiskust, veepritsmeid ja vibratsiooni.\",\"breadcrumb\":{\"@id\":\"https:\\\/\\\/ranoja.ee\\\/toode\\\/3-x-3-klemmiga-deutsch-dt-juhtmekomplekt\\\/#breadcrumb\"},\"inLanguage\":\"en-US\",\"potentialAction\":[{\"@type\":\"ReadAction\",\"target\":[\"https:\\\/\\\/ranoja.ee\\\/toode\\\/3-x-3-klemmiga-deutsch-dt-juhtmekomplekt\\\/\"]}]},{\"@type\":\"ImageObject\",\"inLanguage\":\"en-US\",\"@id\":\"https:\\\/\\\/ranoja.ee\\\/toode\\\/3-x-3-klemmiga-deutsch-dt-juhtmekomplekt\\\/#primaryimage\",\"url\":\"https:\\\/\\\/ranoja.ee\\\/wp-content\\\/uploads\\\/2025\\\/10\\\/3-x-3-klemmiga-Deutsch-DT-juhtmekomplekt.jpg\",\"contentUrl\":\"https:\\\/\\\/ranoja.ee\\\/wp-content\\\/uploads\\\/2025\\\/10\\\/3-x-3-klemmiga-Deutsch-DT-juhtmekomplekt.jpg\",\"width\":800,\"height\":600,\"caption\":\"3 x 3-klemmiga Deutsch DT juhtmekomplekt\"},{\"@type\":\"BreadcrumbList\",\"@id\":\"https:\\\/\\\/ranoja.ee\\\/toode\\\/3-x-3-klemmiga-deutsch-dt-juhtmekomplekt\\\/#breadcrumb\",\"itemListElement\":[{\"@type\":\"ListItem\",\"position\":1,\"name\":\"Home\",\"item\":\"https:\\\/\\\/ranoja.ee\\\/\"},{\"@type\":\"ListItem\",\"position\":2,\"name\":\"Shop\",\"item\":\"https:\\\/\\\/ranoja.ee\\\/en\\\/shop\\\/\"},{\"@type\":\"ListItem\",\"position\":3,\"name\":\"3 x 3-klemmiga Deutsch DT juhtmekomplekt\"}]},{\"@type\":\"WebSite\",\"@id\":\"https:\\\/\\\/ranoja.ee\\\/#website\",\"url\":\"https:\\\/\\\/ranoja.ee\\\/\",\"name\":\"Ranoja\",\"description\":\"Equipment Shop WooCommerce WordPress Theme for Machine &amp; Tools\",\"publisher\":{\"@id\":\"https:\\\/\\\/ranoja.ee\\\/#organization\"},\"potentialAction\":[{\"@type\":\"SearchAction\",\"target\":{\"@type\":\"EntryPoint\",\"urlTemplate\":\"https:\\\/\\\/ranoja.ee\\\/?s={search_term_string}\"},\"query-input\":{\"@type\":\"PropertyValueSpecification\",\"valueRequired\":true,\"valueName\":\"search_term_string\"}}],\"inLanguage\":\"en-US\"},{\"@type\":\"Organization\",\"@id\":\"https:\\\/\\\/ranoja.ee\\\/#organization\",\"name\":\"Ranoja O\u00dc\",\"url\":\"https:\\\/\\\/ranoja.ee\\\/\",\"logo\":{\"@type\":\"ImageObject\",\"inLanguage\":\"en-US\",\"@id\":\"https:\\\/\\\/ranoja.ee\\\/#\\\/schema\\\/logo\\\/image\\\/\",\"url\":\"https:\\\/\\\/ranoja.ee\\\/wp-content\\\/uploads\\\/2023\\\/11\\\/ranoja-Logo.png\",\"contentUrl\":\"https:\\\/\\\/ranoja.ee\\\/wp-content\\\/uploads\\\/2023\\\/11\\\/ranoja-Logo.png\",\"width\":207,\"height\":58,\"caption\":\"Ranoja O\u00dc\"},\"image\":{\"@id\":\"https:\\\/\\\/ranoja.ee\\\/#\\\/schema\\\/logo\\\/image\\\/\"},\"sameAs\":[\"https:\\\/\\\/www.facebook.com\\\/ranoja.ee\",\"https:\\\/\\\/www.instagram.com\\\/ranoja__\\\/\"]}]}<\/script>\n<!-- \/ Yoast SEO plugin. -->","yoast_head_json":{"title":"3 x 3-klemmiga Deutsch DT juhtmekomplekt","description":"3 x 3-klemmiga Deutsch DT juhtmekomplekt DT-pistikud on konstrueeritud nii, et nad taluksid tolmu, niiskust, veepritsmeid ja vibratsiooni.","robots":{"index":"index","follow":"follow","max-snippet":"max-snippet:-1","max-image-preview":"max-image-preview:large","max-video-preview":"max-video-preview:-1"},"canonical":"https:\/\/ranoja.ee\/toode\/3-x-3-klemmiga-deutsch-dt-juhtmekomplekt\/","og_locale":"en_US","og_type":"article","og_title":"3 x 3-klemmiga Deutsch DT juhtmekomplekt","og_description":"3 x 3-klemmiga Deutsch DT juhtmekomplekt DT-pistikud on konstrueeritud nii, et nad taluksid tolmu, niiskust, veepritsmeid ja vibratsiooni.","og_url":"https:\/\/ranoja.ee\/toode\/3-x-3-klemmiga-deutsch-dt-juhtmekomplekt\/","og_site_name":"Ranoja","article_publisher":"https:\/\/www.facebook.com\/ranoja.ee","article_modified_time":"2025-12-10T13:07:41+00:00","og_image":[{"width":800,"height":600,"url":"https:\/\/ranoja.ee\/wp-content\/uploads\/2025\/10\/3-x-3-klemmiga-Deutsch-DT-juhtmekomplekt.jpg","type":"image\/jpeg"}],"twitter_card":"summary_large_image","twitter_misc":{"Est. reading time":"2 minutes"},"schema":{"@context":"https:\/\/schema.org","@graph":[{"@type":"WebPage","@id":"https:\/\/ranoja.ee\/toode\/3-x-3-klemmiga-deutsch-dt-juhtmekomplekt\/","url":"https:\/\/ranoja.ee\/toode\/3-x-3-klemmiga-deutsch-dt-juhtmekomplekt\/","name":"3 x 3-klemmiga Deutsch DT juhtmekomplekt","isPartOf":{"@id":"https:\/\/ranoja.ee\/#website"},"primaryImageOfPage":{"@id":"https:\/\/ranoja.ee\/toode\/3-x-3-klemmiga-deutsch-dt-juhtmekomplekt\/#primaryimage"},"image":{"@id":"https:\/\/ranoja.ee\/toode\/3-x-3-klemmiga-deutsch-dt-juhtmekomplekt\/#primaryimage"},"thumbnailUrl":"https:\/\/ranoja.ee\/wp-content\/uploads\/2025\/10\/3-x-3-klemmiga-Deutsch-DT-juhtmekomplekt.jpg","datePublished":"2025-10-13T12:53:06+00:00","dateModified":"2025-12-10T13:07:41+00:00","description":"3 x 3-klemmiga Deutsch DT juhtmekomplekt DT-pistikud on konstrueeritud nii, et nad taluksid tolmu, niiskust, veepritsmeid ja vibratsiooni.","breadcrumb":{"@id":"https:\/\/ranoja.ee\/toode\/3-x-3-klemmiga-deutsch-dt-juhtmekomplekt\/#breadcrumb"},"inLanguage":"en-US","potentialAction":[{"@type":"ReadAction","target":["https:\/\/ranoja.ee\/toode\/3-x-3-klemmiga-deutsch-dt-juhtmekomplekt\/"]}]},{"@type":"ImageObject","inLanguage":"en-US","@id":"https:\/\/ranoja.ee\/toode\/3-x-3-klemmiga-deutsch-dt-juhtmekomplekt\/#primaryimage","url":"https:\/\/ranoja.ee\/wp-content\/uploads\/2025\/10\/3-x-3-klemmiga-Deutsch-DT-juhtmekomplekt.jpg","contentUrl":"https:\/\/ranoja.ee\/wp-content\/uploads\/2025\/10\/3-x-3-klemmiga-Deutsch-DT-juhtmekomplekt.jpg","width":800,"height":600,"caption":"3 x 3-klemmiga Deutsch DT juhtmekomplekt"},{"@type":"BreadcrumbList","@id":"https:\/\/ranoja.ee\/toode\/3-x-3-klemmiga-deutsch-dt-juhtmekomplekt\/#breadcrumb","itemListElement":[{"@type":"ListItem","position":1,"name":"Home","item":"https:\/\/ranoja.ee\/"},{"@type":"ListItem","position":2,"name":"Shop","item":"https:\/\/ranoja.ee\/en\/shop\/"},{"@type":"ListItem","position":3,"name":"3 x 3-klemmiga Deutsch DT juhtmekomplekt"}]},{"@type":"WebSite","@id":"https:\/\/ranoja.ee\/#website","url":"https:\/\/ranoja.ee\/","name":"Ranoja","description":"Equipment Shop WooCommerce WordPress Theme for Machine &amp; Tools","publisher":{"@id":"https:\/\/ranoja.ee\/#organization"},"potentialAction":[{"@type":"SearchAction","target":{"@type":"EntryPoint","urlTemplate":"https:\/\/ranoja.ee\/?s={search_term_string}"},"query-input":{"@type":"PropertyValueSpecification","valueRequired":true,"valueName":"search_term_string"}}],"inLanguage":"en-US"},{"@type":"Organization","@id":"https:\/\/ranoja.ee\/#organization","name":"Ranoja O\u00dc","url":"https:\/\/ranoja.ee\/","logo":{"@type":"ImageObject","inLanguage":"en-US","@id":"https:\/\/ranoja.ee\/#\/schema\/logo\/image\/","url":"https:\/\/ranoja.ee\/wp-content\/uploads\/2023\/11\/ranoja-Logo.png","contentUrl":"https:\/\/ranoja.ee\/wp-content\/uploads\/2023\/11\/ranoja-Logo.png","width":207,"height":58,"caption":"Ranoja O\u00dc"},"image":{"@id":"https:\/\/ranoja.ee\/#\/schema\/logo\/image\/"},"sameAs":["https:\/\/www.facebook.com\/ranoja.ee","https:\/\/www.instagram.com\/ranoja__\/"]}]}},"_links":{"self":[{"href":"https:\/\/ranoja.ee\/en\/wp-json\/wp\/v2\/product\/22822","targetHints":{"allow":["GET"]}}],"collection":[{"href":"https:\/\/ranoja.ee\/en\/wp-json\/wp\/v2\/product"}],"about":[{"href":"https:\/\/ranoja.ee\/en\/wp-json\/wp\/v2\/types\/product"}],"wp:featuredmedia":[{"embeddable":true,"href":"https:\/\/ranoja.ee\/en\/wp-json\/wp\/v2\/media\/22825"}],"wp:attachment":[{"href":"https:\/\/ranoja.ee\/en\/wp-json\/wp\/v2\/media?parent=22822"}],"wp:term":[{"taxonomy":"product_cat","embeddable":true,"href":"https:\/\/ranoja.ee\/en\/wp-json\/wp\/v2\/product_cat?post=22822"},{"taxonomy":"product_tag","embeddable":true,"href":"https:\/\/ranoja.ee\/en\/wp-json\/wp\/v2\/product_tag?post=22822"}],"curies":[{"name":"wp","href":"https:\/\/api.w.org\/{rel}","templated":true}]}}