{"id":22768,"date":"2025-10-13T13:44:13","date_gmt":"2025-10-13T10:44:13","guid":{"rendered":"https:\/\/ranoja.ee\/?post_type=product&#038;p=22768"},"modified":"2025-12-12T15:48:33","modified_gmt":"2025-12-12T12:48:33","slug":"seeker-405-led-udutuli","status":"publish","type":"product","link":"https:\/\/ranoja.ee\/en\/toode\/seeker-405-led-udutuli\/","title":{"rendered":"Seeker 405 LED udutuli"},"content":{"rendered":"<p>Seeker 405 LED udutuli<\/p>\n<p>Kompaktne LED-udutuli, mis on loodud auto jaoks l\u00e4hivalguse parandamiseks tihedas udu, vihmas v\u00f5i halva n\u00e4htavusega oludes. Mudelit iseloomustab v\u00e4ike suurus, vastupidav ehitus ja piisav valgusv\u00f5imsus. Mis teeb selle heaks valikuks nii linnatingimustes kui ka maanteel.<\/p>\n<p>Nimiv\u00f5imsus on umbes 12 W, koos 4 \u00d7 3 W SMD-LED-diodiga. Mis v\u00f5imaldab saavutada teoreetilise valgusvoo ligikaudu 470 luumenit, m\u00f5\u00f5detud tulemuseks umbes 465 lm. Voolutarve on umbes 0,75 A pingel 13,7 V. <\/p>\n<p>Seeker 405 t\u00f6\u00f6tab pingel 10-30 V, t\u00e4nu millele sobib see nii tavalistele 12 V autodele kui ka 24 V s\u00fcsteemidele. Valgusulatus (1 lux) on umbes 70 meetrit, mis t\u00e4hendab, et valgus on n\u00e4htav l\u00e4himate takistuste \u00fcle ja aitab oluliselt parandada n\u00e4htavust udu v\u00f5i pimeduse tingimustes. <\/p>\n<p>Konstruktsiooni poolest on korpus alumiiniumist, tugev ja h\u00e4sti soojus- ning vibratsiooni taluv ning l\u00e4\u00e4ts mou pol\u00fckarbonaat, mis tagab l\u00f6\u00f6gikindluse ja vastupidavuse ilmastiku ja mustuse suhtes. Kaitseklassiks on IP67, mis t\u00e4hendab, et tuli on tolmu- ja veekindel, suudab taluda veepritsmeid ja ajutist veekahjustust. <\/p>\n<p>Disaini m\u00f5ttes on Seeker 405 v\u00e4ikese m\u00f5\u00f5tmetega: Umbes 80 \u00d7 70 \u00d7 67,5 mm, mis teeb seadme paigaldamise lihtsaks ka kitsamatele aladele. Udu-valgustina esiv\u00f5re alla, v\u00f5i varju\u00ads servale ilma liigse visuaalse koormata. <\/p>\n<p>Kokkuv\u00f5tteks on Seeker 405 praktiline ja t\u00f6\u00f6kindel udutuli neile, kes vajavad usaldusv\u00e4\u00e4rset l\u00e4hivalgustust halva n\u00e4htavusega olukordades. Selle kompaktne suurus, hea valgusvoog, IP-klass ja vastupidav konstruktsioon teevad sellest hea kaaslase auto-tuledes\u00fcsteemi t\u00e4iendusena.<\/p>\n<p>Seeker 405 LED udutuli<\/p>\n","protected":false},"excerpt":{"rendered":"<p>Seeker 405 LED udutuli<br \/>\nM\u00f5\u00f5tmed: 80 x 70 x 67.50 mm<br \/>\nPinge: 10-30 V<br \/>\nLumenid: 600 lm<br \/>\nLumenid m\u00f5\u00f5detud: 465 lm<br \/>\nV\u00f5imsus: 12 W<br \/>\nV\u00e4rvitemperatuur: 4000 K<br \/>\nJuhtme pikkus: 300 mm<br \/>\nL\u00e4\u00e4tse materjal: Pol\u00fckarbonaat<br \/>\nIP klassifikatsioon: IP67<br \/>\nSertifikaadid: R19, R10<br \/>\nKaal: 550g<br \/>\n<strong>Eeldatav tarneaeg 1-7 t\u00f6\u00f6p\u00e4eva<\/strong><\/p>\n","protected":false},"featured_media":22769,"template":"","meta":{"inline_featured_image":false},"product_cat":[1116,1117],"product_tag":[2344,654,2345,649,2337,2346],"class_list":{"0":"post-22768","1":"product","2":"type-product","3":"status-publish","4":"has-post-thumbnail","6":"product_brand-seeker","7":"product_cat-lisaseadmed-ehitusseadmed-led-lisatuled-cb-raadiod-lallar","8":"product_cat-lisatuled","9":"product_tag-1605-ns405","10":"product_tag-led-tuli","11":"product_tag-led-udutuli","12":"product_tag-lisatuli","13":"product_tag-seeker","14":"product_tag-seeker-405","16":"first","17":"instock","18":"sale","19":"taxable","20":"shipping-taxable","21":"purchasable","22":"product-type-simple"},"yoast_head":"<!-- This site is optimized with the Yoast SEO plugin v27.4 - https:\/\/yoast.com\/product\/yoast-seo-wordpress\/ -->\n<title>Seeker 405 LED udutuli<\/title>\n<meta name=\"description\" content=\"Seeker 405 LED udutuli See udutuli t\u00f6\u00f6tab pingel 10-30 V, t\u00e4nu millele sobib see nii tavalistele 12 V autodele kui ka 24 V s\u00fcsteemidele.\" \/>\n<meta name=\"robots\" content=\"index, follow, max-snippet:-1, max-image-preview:large, max-video-preview:-1\" \/>\n<link rel=\"canonical\" href=\"https:\/\/ranoja.ee\/toode\/seeker-405-led-udutuli\/\" \/>\n<meta property=\"og:locale\" content=\"en_US\" \/>\n<meta property=\"og:type\" content=\"article\" \/>\n<meta property=\"og:title\" content=\"Seeker 405 LED udutuli\" \/>\n<meta property=\"og:description\" content=\"Seeker 405 LED udutuli See udutuli t\u00f6\u00f6tab pingel 10-30 V, t\u00e4nu millele sobib see nii tavalistele 12 V autodele kui ka 24 V s\u00fcsteemidele.\" \/>\n<meta property=\"og:url\" content=\"https:\/\/ranoja.ee\/toode\/seeker-405-led-udutuli\/\" \/>\n<meta property=\"og:site_name\" content=\"Ranoja\" \/>\n<meta property=\"article:publisher\" content=\"https:\/\/www.facebook.com\/ranoja.ee\" \/>\n<meta property=\"article:modified_time\" content=\"2025-12-12T12:48:33+00:00\" \/>\n<meta property=\"og:image\" content=\"https:\/\/ranoja.ee\/wp-content\/uploads\/2025\/10\/Seeker-405-LED-udutuli.jpg\" \/>\n\t<meta property=\"og:image:width\" content=\"400\" \/>\n\t<meta property=\"og:image:height\" content=\"300\" \/>\n\t<meta property=\"og:image:type\" content=\"image\/jpeg\" \/>\n<meta name=\"twitter:card\" content=\"summary_large_image\" \/>\n<meta name=\"twitter:label1\" content=\"Est. reading time\" \/>\n\t<meta name=\"twitter:data1\" content=\"2 minutes\" \/>\n<script type=\"application\/ld+json\" class=\"yoast-schema-graph\">{\"@context\":\"https:\\\/\\\/schema.org\",\"@graph\":[{\"@type\":\"WebPage\",\"@id\":\"https:\\\/\\\/ranoja.ee\\\/toode\\\/seeker-405-led-udutuli\\\/\",\"url\":\"https:\\\/\\\/ranoja.ee\\\/toode\\\/seeker-405-led-udutuli\\\/\",\"name\":\"Seeker 405 LED udutuli\",\"isPartOf\":{\"@id\":\"https:\\\/\\\/ranoja.ee\\\/#website\"},\"primaryImageOfPage\":{\"@id\":\"https:\\\/\\\/ranoja.ee\\\/toode\\\/seeker-405-led-udutuli\\\/#primaryimage\"},\"image\":{\"@id\":\"https:\\\/\\\/ranoja.ee\\\/toode\\\/seeker-405-led-udutuli\\\/#primaryimage\"},\"thumbnailUrl\":\"https:\\\/\\\/ranoja.ee\\\/wp-content\\\/uploads\\\/2025\\\/10\\\/Seeker-405-LED-udutuli.jpg\",\"datePublished\":\"2025-10-13T10:44:13+00:00\",\"dateModified\":\"2025-12-12T12:48:33+00:00\",\"description\":\"Seeker 405 LED udutuli See udutuli t\u00f6\u00f6tab pingel 10-30 V, t\u00e4nu millele sobib see nii tavalistele 12 V autodele kui ka 24 V s\u00fcsteemidele.\",\"breadcrumb\":{\"@id\":\"https:\\\/\\\/ranoja.ee\\\/toode\\\/seeker-405-led-udutuli\\\/#breadcrumb\"},\"inLanguage\":\"en-US\",\"potentialAction\":[{\"@type\":\"ReadAction\",\"target\":[\"https:\\\/\\\/ranoja.ee\\\/toode\\\/seeker-405-led-udutuli\\\/\"]}]},{\"@type\":\"ImageObject\",\"inLanguage\":\"en-US\",\"@id\":\"https:\\\/\\\/ranoja.ee\\\/toode\\\/seeker-405-led-udutuli\\\/#primaryimage\",\"url\":\"https:\\\/\\\/ranoja.ee\\\/wp-content\\\/uploads\\\/2025\\\/10\\\/Seeker-405-LED-udutuli.jpg\",\"contentUrl\":\"https:\\\/\\\/ranoja.ee\\\/wp-content\\\/uploads\\\/2025\\\/10\\\/Seeker-405-LED-udutuli.jpg\",\"width\":400,\"height\":300,\"caption\":\"Seeker 405 LED udutuli\"},{\"@type\":\"BreadcrumbList\",\"@id\":\"https:\\\/\\\/ranoja.ee\\\/toode\\\/seeker-405-led-udutuli\\\/#breadcrumb\",\"itemListElement\":[{\"@type\":\"ListItem\",\"position\":1,\"name\":\"Home\",\"item\":\"https:\\\/\\\/ranoja.ee\\\/\"},{\"@type\":\"ListItem\",\"position\":2,\"name\":\"Shop\",\"item\":\"https:\\\/\\\/ranoja.ee\\\/en\\\/shop\\\/\"},{\"@type\":\"ListItem\",\"position\":3,\"name\":\"Seeker 405 LED udutuli\"}]},{\"@type\":\"WebSite\",\"@id\":\"https:\\\/\\\/ranoja.ee\\\/#website\",\"url\":\"https:\\\/\\\/ranoja.ee\\\/\",\"name\":\"Ranoja\",\"description\":\"Equipment Shop WooCommerce WordPress Theme for Machine &amp; Tools\",\"publisher\":{\"@id\":\"https:\\\/\\\/ranoja.ee\\\/#organization\"},\"potentialAction\":[{\"@type\":\"SearchAction\",\"target\":{\"@type\":\"EntryPoint\",\"urlTemplate\":\"https:\\\/\\\/ranoja.ee\\\/?s={search_term_string}\"},\"query-input\":{\"@type\":\"PropertyValueSpecification\",\"valueRequired\":true,\"valueName\":\"search_term_string\"}}],\"inLanguage\":\"en-US\"},{\"@type\":\"Organization\",\"@id\":\"https:\\\/\\\/ranoja.ee\\\/#organization\",\"name\":\"Ranoja O\u00dc\",\"url\":\"https:\\\/\\\/ranoja.ee\\\/\",\"logo\":{\"@type\":\"ImageObject\",\"inLanguage\":\"en-US\",\"@id\":\"https:\\\/\\\/ranoja.ee\\\/#\\\/schema\\\/logo\\\/image\\\/\",\"url\":\"https:\\\/\\\/ranoja.ee\\\/wp-content\\\/uploads\\\/2023\\\/11\\\/ranoja-Logo.png\",\"contentUrl\":\"https:\\\/\\\/ranoja.ee\\\/wp-content\\\/uploads\\\/2023\\\/11\\\/ranoja-Logo.png\",\"width\":207,\"height\":58,\"caption\":\"Ranoja O\u00dc\"},\"image\":{\"@id\":\"https:\\\/\\\/ranoja.ee\\\/#\\\/schema\\\/logo\\\/image\\\/\"},\"sameAs\":[\"https:\\\/\\\/www.facebook.com\\\/ranoja.ee\",\"https:\\\/\\\/www.instagram.com\\\/ranoja__\\\/\"]}]}<\/script>\n<!-- \/ Yoast SEO plugin. -->","yoast_head_json":{"title":"Seeker 405 LED udutuli","description":"Seeker 405 LED udutuli See udutuli t\u00f6\u00f6tab pingel 10-30 V, t\u00e4nu millele sobib see nii tavalistele 12 V autodele kui ka 24 V s\u00fcsteemidele.","robots":{"index":"index","follow":"follow","max-snippet":"max-snippet:-1","max-image-preview":"max-image-preview:large","max-video-preview":"max-video-preview:-1"},"canonical":"https:\/\/ranoja.ee\/toode\/seeker-405-led-udutuli\/","og_locale":"en_US","og_type":"article","og_title":"Seeker 405 LED udutuli","og_description":"Seeker 405 LED udutuli See udutuli t\u00f6\u00f6tab pingel 10-30 V, t\u00e4nu millele sobib see nii tavalistele 12 V autodele kui ka 24 V s\u00fcsteemidele.","og_url":"https:\/\/ranoja.ee\/toode\/seeker-405-led-udutuli\/","og_site_name":"Ranoja","article_publisher":"https:\/\/www.facebook.com\/ranoja.ee","article_modified_time":"2025-12-12T12:48:33+00:00","og_image":[{"width":400,"height":300,"url":"https:\/\/ranoja.ee\/wp-content\/uploads\/2025\/10\/Seeker-405-LED-udutuli.jpg","type":"image\/jpeg"}],"twitter_card":"summary_large_image","twitter_misc":{"Est. reading time":"2 minutes"},"schema":{"@context":"https:\/\/schema.org","@graph":[{"@type":"WebPage","@id":"https:\/\/ranoja.ee\/toode\/seeker-405-led-udutuli\/","url":"https:\/\/ranoja.ee\/toode\/seeker-405-led-udutuli\/","name":"Seeker 405 LED udutuli","isPartOf":{"@id":"https:\/\/ranoja.ee\/#website"},"primaryImageOfPage":{"@id":"https:\/\/ranoja.ee\/toode\/seeker-405-led-udutuli\/#primaryimage"},"image":{"@id":"https:\/\/ranoja.ee\/toode\/seeker-405-led-udutuli\/#primaryimage"},"thumbnailUrl":"https:\/\/ranoja.ee\/wp-content\/uploads\/2025\/10\/Seeker-405-LED-udutuli.jpg","datePublished":"2025-10-13T10:44:13+00:00","dateModified":"2025-12-12T12:48:33+00:00","description":"Seeker 405 LED udutuli See udutuli t\u00f6\u00f6tab pingel 10-30 V, t\u00e4nu millele sobib see nii tavalistele 12 V autodele kui ka 24 V s\u00fcsteemidele.","breadcrumb":{"@id":"https:\/\/ranoja.ee\/toode\/seeker-405-led-udutuli\/#breadcrumb"},"inLanguage":"en-US","potentialAction":[{"@type":"ReadAction","target":["https:\/\/ranoja.ee\/toode\/seeker-405-led-udutuli\/"]}]},{"@type":"ImageObject","inLanguage":"en-US","@id":"https:\/\/ranoja.ee\/toode\/seeker-405-led-udutuli\/#primaryimage","url":"https:\/\/ranoja.ee\/wp-content\/uploads\/2025\/10\/Seeker-405-LED-udutuli.jpg","contentUrl":"https:\/\/ranoja.ee\/wp-content\/uploads\/2025\/10\/Seeker-405-LED-udutuli.jpg","width":400,"height":300,"caption":"Seeker 405 LED udutuli"},{"@type":"BreadcrumbList","@id":"https:\/\/ranoja.ee\/toode\/seeker-405-led-udutuli\/#breadcrumb","itemListElement":[{"@type":"ListItem","position":1,"name":"Home","item":"https:\/\/ranoja.ee\/"},{"@type":"ListItem","position":2,"name":"Shop","item":"https:\/\/ranoja.ee\/en\/shop\/"},{"@type":"ListItem","position":3,"name":"Seeker 405 LED udutuli"}]},{"@type":"WebSite","@id":"https:\/\/ranoja.ee\/#website","url":"https:\/\/ranoja.ee\/","name":"Ranoja","description":"Equipment Shop WooCommerce WordPress Theme for Machine &amp; Tools","publisher":{"@id":"https:\/\/ranoja.ee\/#organization"},"potentialAction":[{"@type":"SearchAction","target":{"@type":"EntryPoint","urlTemplate":"https:\/\/ranoja.ee\/?s={search_term_string}"},"query-input":{"@type":"PropertyValueSpecification","valueRequired":true,"valueName":"search_term_string"}}],"inLanguage":"en-US"},{"@type":"Organization","@id":"https:\/\/ranoja.ee\/#organization","name":"Ranoja O\u00dc","url":"https:\/\/ranoja.ee\/","logo":{"@type":"ImageObject","inLanguage":"en-US","@id":"https:\/\/ranoja.ee\/#\/schema\/logo\/image\/","url":"https:\/\/ranoja.ee\/wp-content\/uploads\/2023\/11\/ranoja-Logo.png","contentUrl":"https:\/\/ranoja.ee\/wp-content\/uploads\/2023\/11\/ranoja-Logo.png","width":207,"height":58,"caption":"Ranoja O\u00dc"},"image":{"@id":"https:\/\/ranoja.ee\/#\/schema\/logo\/image\/"},"sameAs":["https:\/\/www.facebook.com\/ranoja.ee","https:\/\/www.instagram.com\/ranoja__\/"]}]}},"_links":{"self":[{"href":"https:\/\/ranoja.ee\/en\/wp-json\/wp\/v2\/product\/22768","targetHints":{"allow":["GET"]}}],"collection":[{"href":"https:\/\/ranoja.ee\/en\/wp-json\/wp\/v2\/product"}],"about":[{"href":"https:\/\/ranoja.ee\/en\/wp-json\/wp\/v2\/types\/product"}],"wp:featuredmedia":[{"embeddable":true,"href":"https:\/\/ranoja.ee\/en\/wp-json\/wp\/v2\/media\/22769"}],"wp:attachment":[{"href":"https:\/\/ranoja.ee\/en\/wp-json\/wp\/v2\/media?parent=22768"}],"wp:term":[{"taxonomy":"product_cat","embeddable":true,"href":"https:\/\/ranoja.ee\/en\/wp-json\/wp\/v2\/product_cat?post=22768"},{"taxonomy":"product_tag","embeddable":true,"href":"https:\/\/ranoja.ee\/en\/wp-json\/wp\/v2\/product_tag?post=22768"}],"curies":[{"name":"wp","href":"https:\/\/api.w.org\/{rel}","templated":true}]}}