{"id":22757,"date":"2025-10-13T12:35:41","date_gmt":"2025-10-13T09:35:41","guid":{"rendered":"https:\/\/ranoja.ee\/?post_type=product&#038;p=22757"},"modified":"2025-12-12T15:48:33","modified_gmt":"2025-12-12T12:48:33","slug":"seeker-9-spot-led-kaugtuli","status":"publish","type":"product","link":"https:\/\/ranoja.ee\/en\/toode\/seeker-9-spot-led-kaugtuli\/","title":{"rendered":"Seeker 9 Spot LED kaugtuli"},"content":{"rendered":"<p>Seeker 9 Spot LED kaugtuli<\/p>\n<p>9-tollise (\u2248 22 cm) l\u00e4bim\u00f5\u00f5duga tugev LED kaugtuli, mis keskendub valguse v\u00e4ga fokusseeritud \u201espot\u201c ehk punktvalgustuskuvioonile. See mudel sobib eriti h\u00e4sti olukordadeks, kus on vaja n\u00e4ha kaugele ette. N\u00e4iteks kiirteedel, metsateedel v\u00f5i laagrite asukohtades \u00f6ise s\u00f5idu ajal. Spot-vihk annab \u00f5hukese ja kontsentreeritud valguse, mis l\u00e4bib suure vahemaa ning aitab paremini n\u00e4ha kaugeid objekte ilma valgus \u00e4ra hajutamata.<\/p>\n<p>Tehnilised omadused on muljetavaldavad:<\/p>\n<p>Nimiv\u00f5imsuseks on 120 W, koos 12 \u00d7 10 W LED-dioodidega.<br \/>\nValgusvoog teoreetiliselt umbes 12 000 lumenit, praktilistes m\u00f5\u00f5tmistes aga umbes 8400 lumenit.<br \/>\n\u201eSpot\u201c-vihk saavutab 1 lux valgustust umbes 545 meetri kaugusel.<br \/>\nT\u00f6\u00f6pingevahemik on 9-36 V DC, mist\u00f5ttu sobib lamp nii 12 V autodele kui 24 V suurematele s\u00f5idukitele. <\/p>\n<p>Konstruktsioon ja ehitus:<\/p>\n<p>Korpus on valmistatud alumiiniumist, l\u00e4\u00e4ts pol\u00fckarbonaadist (Lexan), mis on tugev ja vastupidav l\u00f6\u00f6kidele ning karmidele ilmastikuoludele.<br \/>\nKaitseklassiks on IP68, tagades tolmukindluse ja kaitse veepritsmete ja l\u00fchiajalisel sukeldumisel.<br \/>\nPistiku t\u00fc\u00fcp on DT-3 (Deutsch-liides), mis on robustne ja t\u00f6\u00f6kindel \u00fchendus.<br \/>\nParklatern \/ positionslys funktsioon n\u00e4htava \u201eX\u201d kujul LED-elementidest annab disainile lisav\u00e4\u00e4rtust ja aitab esteetiliselt sobida s\u00f5iduki esiosa kujundusega. <\/p>\n<p>Kasutusmugavus ja praktiline v\u00e4\u00e4rtus:<\/p>\n<p>Seeker 9 Spot t\u00f6\u00f6tab h\u00e4sti koos teiste lisatuledega \u2013 n\u00e4iteks kui paigaldada spot-tuli keskele tagamaks pikk vaateulatus ja kombineerida see \ufb02ood v\u00f5i combovalguskujuga laiema valgusvihuga k\u00fclgedel. See annab nii kauge n\u00e4htavuse ette kui ka laiemat valgust tee \u00e4\u00e4rtele. Spot lamp sobib eriti neile, kes s\u00f5idavad sagedasti pimedal, suurtel kiirustel v\u00f5i halbades tingimustes. Kus valguse hajumine v\u00f5i k\u00f5rvalvalgustuse puudumine v\u00f5ib olla ohutusrisk.<\/p>\n<p>Seeker 9 Spot LED kaugtuli<\/p>\n","protected":false},"excerpt":{"rendered":"<p>Seeker 9 Spot LED kaugtuli<br \/>\nM\u00f5\u00f5tmed: \u00f8 220 x 68 mm<br \/>\nPinge: 9-36 V<br \/>\n1lux: 545 m<br \/>\nLumenid: 12000 lm<br \/>\nLumenid m\u00f5\u00f5detud: 8400 lm<br \/>\nReferentsarv: 50<br \/>\nV\u00e4rvitemperatuur: 6500 K<br \/>\nKorpuse materjal: Alumiinium<br \/>\nIP klassifikatsioon: IP68<br \/>\nSertifikaadid: R112\/ R7\/ R10<br \/>\nX-LED parktuli<br \/>\nKaal: 2.90 kg<br \/>\n<strong>Eeldatav tarneaeg 1-7 t\u00f6\u00f6p\u00e4eva<\/strong><\/p>\n","protected":false},"featured_media":22764,"template":"","meta":{"inline_featured_image":false},"product_cat":[1116,1117],"product_tag":[2343,650,654,649,2337,2342],"class_list":{"0":"post-22757","1":"product","2":"type-product","3":"status-publish","4":"has-post-thumbnail","6":"product_brand-seeker","7":"product_cat-lisaseadmed-ehitusseadmed-led-lisatuled-cb-raadiod-lallar","8":"product_cat-lisatuled","9":"product_tag-1605-ns9s","10":"product_tag-kaugtuli","11":"product_tag-led-tuli","12":"product_tag-lisatuli","13":"product_tag-seeker","14":"product_tag-seeker-9-spot","16":"first","17":"instock","18":"sale","19":"taxable","20":"shipping-taxable","21":"purchasable","22":"product-type-simple"},"yoast_head":"<!-- This site is optimized with the Yoast SEO plugin v27.4 - https:\/\/yoast.com\/product\/yoast-seo-wordpress\/ -->\n<title>Seeker 9 Spot LED kaugtuli<\/title>\n<meta name=\"description\" content=\"Seeker 9 Spot LED kaugtuli 22 cm l\u00e4bim\u00f5\u00f5duga tugev LED kaugtuli, mis keskendub valguse v\u00e4ga fokusseeritud \u201espot\u201c ehk punktvalgustuskuvioonile.\" \/>\n<meta name=\"robots\" content=\"index, follow, max-snippet:-1, max-image-preview:large, max-video-preview:-1\" \/>\n<link rel=\"canonical\" href=\"https:\/\/ranoja.ee\/toode\/seeker-9-spot-led-kaugtuli\/\" \/>\n<meta property=\"og:locale\" content=\"en_US\" \/>\n<meta property=\"og:type\" content=\"article\" \/>\n<meta property=\"og:title\" content=\"Seeker 9 Spot LED kaugtuli\" \/>\n<meta property=\"og:description\" content=\"Seeker 9 Spot LED kaugtuli 22 cm l\u00e4bim\u00f5\u00f5duga tugev LED kaugtuli, mis keskendub valguse v\u00e4ga fokusseeritud \u201espot\u201c ehk punktvalgustuskuvioonile.\" \/>\n<meta property=\"og:url\" content=\"https:\/\/ranoja.ee\/toode\/seeker-9-spot-led-kaugtuli\/\" \/>\n<meta property=\"og:site_name\" content=\"Ranoja\" \/>\n<meta property=\"article:publisher\" content=\"https:\/\/www.facebook.com\/ranoja.ee\" \/>\n<meta property=\"article:modified_time\" content=\"2025-12-12T12:48:33+00:00\" \/>\n<meta property=\"og:image\" content=\"https:\/\/ranoja.ee\/wp-content\/uploads\/2025\/10\/Seeker-9-Spot-LED-kaugtuli.jpg\" \/>\n\t<meta property=\"og:image:width\" content=\"800\" \/>\n\t<meta property=\"og:image:height\" content=\"600\" \/>\n\t<meta property=\"og:image:type\" content=\"image\/jpeg\" \/>\n<meta name=\"twitter:card\" content=\"summary_large_image\" \/>\n<meta name=\"twitter:label1\" content=\"Est. reading time\" \/>\n\t<meta name=\"twitter:data1\" content=\"2 minutes\" \/>\n<script type=\"application\/ld+json\" class=\"yoast-schema-graph\">{\"@context\":\"https:\\\/\\\/schema.org\",\"@graph\":[{\"@type\":\"WebPage\",\"@id\":\"https:\\\/\\\/ranoja.ee\\\/toode\\\/seeker-9-spot-led-kaugtuli\\\/\",\"url\":\"https:\\\/\\\/ranoja.ee\\\/toode\\\/seeker-9-spot-led-kaugtuli\\\/\",\"name\":\"Seeker 9 Spot LED kaugtuli\",\"isPartOf\":{\"@id\":\"https:\\\/\\\/ranoja.ee\\\/#website\"},\"primaryImageOfPage\":{\"@id\":\"https:\\\/\\\/ranoja.ee\\\/toode\\\/seeker-9-spot-led-kaugtuli\\\/#primaryimage\"},\"image\":{\"@id\":\"https:\\\/\\\/ranoja.ee\\\/toode\\\/seeker-9-spot-led-kaugtuli\\\/#primaryimage\"},\"thumbnailUrl\":\"https:\\\/\\\/ranoja.ee\\\/wp-content\\\/uploads\\\/2025\\\/10\\\/Seeker-9-Spot-LED-kaugtuli.jpg\",\"datePublished\":\"2025-10-13T09:35:41+00:00\",\"dateModified\":\"2025-12-12T12:48:33+00:00\",\"description\":\"Seeker 9 Spot LED kaugtuli 22 cm l\u00e4bim\u00f5\u00f5duga tugev LED kaugtuli, mis keskendub valguse v\u00e4ga fokusseeritud \u201espot\u201c ehk punktvalgustuskuvioonile.\",\"breadcrumb\":{\"@id\":\"https:\\\/\\\/ranoja.ee\\\/toode\\\/seeker-9-spot-led-kaugtuli\\\/#breadcrumb\"},\"inLanguage\":\"en-US\",\"potentialAction\":[{\"@type\":\"ReadAction\",\"target\":[\"https:\\\/\\\/ranoja.ee\\\/toode\\\/seeker-9-spot-led-kaugtuli\\\/\"]}]},{\"@type\":\"ImageObject\",\"inLanguage\":\"en-US\",\"@id\":\"https:\\\/\\\/ranoja.ee\\\/toode\\\/seeker-9-spot-led-kaugtuli\\\/#primaryimage\",\"url\":\"https:\\\/\\\/ranoja.ee\\\/wp-content\\\/uploads\\\/2025\\\/10\\\/Seeker-9-Spot-LED-kaugtuli.jpg\",\"contentUrl\":\"https:\\\/\\\/ranoja.ee\\\/wp-content\\\/uploads\\\/2025\\\/10\\\/Seeker-9-Spot-LED-kaugtuli.jpg\",\"width\":800,\"height\":600,\"caption\":\"Seeker 9 Spot LED kaugtuli\"},{\"@type\":\"BreadcrumbList\",\"@id\":\"https:\\\/\\\/ranoja.ee\\\/toode\\\/seeker-9-spot-led-kaugtuli\\\/#breadcrumb\",\"itemListElement\":[{\"@type\":\"ListItem\",\"position\":1,\"name\":\"Home\",\"item\":\"https:\\\/\\\/ranoja.ee\\\/\"},{\"@type\":\"ListItem\",\"position\":2,\"name\":\"Shop\",\"item\":\"https:\\\/\\\/ranoja.ee\\\/en\\\/shop\\\/\"},{\"@type\":\"ListItem\",\"position\":3,\"name\":\"Seeker 9 Spot LED kaugtuli\"}]},{\"@type\":\"WebSite\",\"@id\":\"https:\\\/\\\/ranoja.ee\\\/#website\",\"url\":\"https:\\\/\\\/ranoja.ee\\\/\",\"name\":\"Ranoja\",\"description\":\"Equipment Shop WooCommerce WordPress Theme for Machine &amp; Tools\",\"publisher\":{\"@id\":\"https:\\\/\\\/ranoja.ee\\\/#organization\"},\"potentialAction\":[{\"@type\":\"SearchAction\",\"target\":{\"@type\":\"EntryPoint\",\"urlTemplate\":\"https:\\\/\\\/ranoja.ee\\\/?s={search_term_string}\"},\"query-input\":{\"@type\":\"PropertyValueSpecification\",\"valueRequired\":true,\"valueName\":\"search_term_string\"}}],\"inLanguage\":\"en-US\"},{\"@type\":\"Organization\",\"@id\":\"https:\\\/\\\/ranoja.ee\\\/#organization\",\"name\":\"Ranoja O\u00dc\",\"url\":\"https:\\\/\\\/ranoja.ee\\\/\",\"logo\":{\"@type\":\"ImageObject\",\"inLanguage\":\"en-US\",\"@id\":\"https:\\\/\\\/ranoja.ee\\\/#\\\/schema\\\/logo\\\/image\\\/\",\"url\":\"https:\\\/\\\/ranoja.ee\\\/wp-content\\\/uploads\\\/2023\\\/11\\\/ranoja-Logo.png\",\"contentUrl\":\"https:\\\/\\\/ranoja.ee\\\/wp-content\\\/uploads\\\/2023\\\/11\\\/ranoja-Logo.png\",\"width\":207,\"height\":58,\"caption\":\"Ranoja O\u00dc\"},\"image\":{\"@id\":\"https:\\\/\\\/ranoja.ee\\\/#\\\/schema\\\/logo\\\/image\\\/\"},\"sameAs\":[\"https:\\\/\\\/www.facebook.com\\\/ranoja.ee\",\"https:\\\/\\\/www.instagram.com\\\/ranoja__\\\/\"]}]}<\/script>\n<!-- \/ Yoast SEO plugin. -->","yoast_head_json":{"title":"Seeker 9 Spot LED kaugtuli","description":"Seeker 9 Spot LED kaugtuli 22 cm l\u00e4bim\u00f5\u00f5duga tugev LED kaugtuli, mis keskendub valguse v\u00e4ga fokusseeritud \u201espot\u201c ehk punktvalgustuskuvioonile.","robots":{"index":"index","follow":"follow","max-snippet":"max-snippet:-1","max-image-preview":"max-image-preview:large","max-video-preview":"max-video-preview:-1"},"canonical":"https:\/\/ranoja.ee\/toode\/seeker-9-spot-led-kaugtuli\/","og_locale":"en_US","og_type":"article","og_title":"Seeker 9 Spot LED kaugtuli","og_description":"Seeker 9 Spot LED kaugtuli 22 cm l\u00e4bim\u00f5\u00f5duga tugev LED kaugtuli, mis keskendub valguse v\u00e4ga fokusseeritud \u201espot\u201c ehk punktvalgustuskuvioonile.","og_url":"https:\/\/ranoja.ee\/toode\/seeker-9-spot-led-kaugtuli\/","og_site_name":"Ranoja","article_publisher":"https:\/\/www.facebook.com\/ranoja.ee","article_modified_time":"2025-12-12T12:48:33+00:00","og_image":[{"width":800,"height":600,"url":"https:\/\/ranoja.ee\/wp-content\/uploads\/2025\/10\/Seeker-9-Spot-LED-kaugtuli.jpg","type":"image\/jpeg"}],"twitter_card":"summary_large_image","twitter_misc":{"Est. reading time":"2 minutes"},"schema":{"@context":"https:\/\/schema.org","@graph":[{"@type":"WebPage","@id":"https:\/\/ranoja.ee\/toode\/seeker-9-spot-led-kaugtuli\/","url":"https:\/\/ranoja.ee\/toode\/seeker-9-spot-led-kaugtuli\/","name":"Seeker 9 Spot LED kaugtuli","isPartOf":{"@id":"https:\/\/ranoja.ee\/#website"},"primaryImageOfPage":{"@id":"https:\/\/ranoja.ee\/toode\/seeker-9-spot-led-kaugtuli\/#primaryimage"},"image":{"@id":"https:\/\/ranoja.ee\/toode\/seeker-9-spot-led-kaugtuli\/#primaryimage"},"thumbnailUrl":"https:\/\/ranoja.ee\/wp-content\/uploads\/2025\/10\/Seeker-9-Spot-LED-kaugtuli.jpg","datePublished":"2025-10-13T09:35:41+00:00","dateModified":"2025-12-12T12:48:33+00:00","description":"Seeker 9 Spot LED kaugtuli 22 cm l\u00e4bim\u00f5\u00f5duga tugev LED kaugtuli, mis keskendub valguse v\u00e4ga fokusseeritud \u201espot\u201c ehk punktvalgustuskuvioonile.","breadcrumb":{"@id":"https:\/\/ranoja.ee\/toode\/seeker-9-spot-led-kaugtuli\/#breadcrumb"},"inLanguage":"en-US","potentialAction":[{"@type":"ReadAction","target":["https:\/\/ranoja.ee\/toode\/seeker-9-spot-led-kaugtuli\/"]}]},{"@type":"ImageObject","inLanguage":"en-US","@id":"https:\/\/ranoja.ee\/toode\/seeker-9-spot-led-kaugtuli\/#primaryimage","url":"https:\/\/ranoja.ee\/wp-content\/uploads\/2025\/10\/Seeker-9-Spot-LED-kaugtuli.jpg","contentUrl":"https:\/\/ranoja.ee\/wp-content\/uploads\/2025\/10\/Seeker-9-Spot-LED-kaugtuli.jpg","width":800,"height":600,"caption":"Seeker 9 Spot LED kaugtuli"},{"@type":"BreadcrumbList","@id":"https:\/\/ranoja.ee\/toode\/seeker-9-spot-led-kaugtuli\/#breadcrumb","itemListElement":[{"@type":"ListItem","position":1,"name":"Home","item":"https:\/\/ranoja.ee\/"},{"@type":"ListItem","position":2,"name":"Shop","item":"https:\/\/ranoja.ee\/en\/shop\/"},{"@type":"ListItem","position":3,"name":"Seeker 9 Spot LED kaugtuli"}]},{"@type":"WebSite","@id":"https:\/\/ranoja.ee\/#website","url":"https:\/\/ranoja.ee\/","name":"Ranoja","description":"Equipment Shop WooCommerce WordPress Theme for Machine &amp; Tools","publisher":{"@id":"https:\/\/ranoja.ee\/#organization"},"potentialAction":[{"@type":"SearchAction","target":{"@type":"EntryPoint","urlTemplate":"https:\/\/ranoja.ee\/?s={search_term_string}"},"query-input":{"@type":"PropertyValueSpecification","valueRequired":true,"valueName":"search_term_string"}}],"inLanguage":"en-US"},{"@type":"Organization","@id":"https:\/\/ranoja.ee\/#organization","name":"Ranoja O\u00dc","url":"https:\/\/ranoja.ee\/","logo":{"@type":"ImageObject","inLanguage":"en-US","@id":"https:\/\/ranoja.ee\/#\/schema\/logo\/image\/","url":"https:\/\/ranoja.ee\/wp-content\/uploads\/2023\/11\/ranoja-Logo.png","contentUrl":"https:\/\/ranoja.ee\/wp-content\/uploads\/2023\/11\/ranoja-Logo.png","width":207,"height":58,"caption":"Ranoja O\u00dc"},"image":{"@id":"https:\/\/ranoja.ee\/#\/schema\/logo\/image\/"},"sameAs":["https:\/\/www.facebook.com\/ranoja.ee","https:\/\/www.instagram.com\/ranoja__\/"]}]}},"_links":{"self":[{"href":"https:\/\/ranoja.ee\/en\/wp-json\/wp\/v2\/product\/22757","targetHints":{"allow":["GET"]}}],"collection":[{"href":"https:\/\/ranoja.ee\/en\/wp-json\/wp\/v2\/product"}],"about":[{"href":"https:\/\/ranoja.ee\/en\/wp-json\/wp\/v2\/types\/product"}],"wp:featuredmedia":[{"embeddable":true,"href":"https:\/\/ranoja.ee\/en\/wp-json\/wp\/v2\/media\/22764"}],"wp:attachment":[{"href":"https:\/\/ranoja.ee\/en\/wp-json\/wp\/v2\/media?parent=22757"}],"wp:term":[{"taxonomy":"product_cat","embeddable":true,"href":"https:\/\/ranoja.ee\/en\/wp-json\/wp\/v2\/product_cat?post=22757"},{"taxonomy":"product_tag","embeddable":true,"href":"https:\/\/ranoja.ee\/en\/wp-json\/wp\/v2\/product_tag?post=22757"}],"curies":[{"name":"wp","href":"https:\/\/api.w.org\/{rel}","templated":true}]}}