{"id":22740,"date":"2025-10-13T11:44:19","date_gmt":"2025-10-13T08:44:19","guid":{"rendered":"https:\/\/ranoja.ee\/?post_type=product&#038;p=22740"},"modified":"2025-12-12T15:48:34","modified_gmt":"2025-12-12T12:48:34","slug":"seeker-7-led-kaugtuli","status":"publish","type":"product","link":"https:\/\/ranoja.ee\/en\/toode\/seeker-7-led-kaugtuli\/","title":{"rendered":"SEEKER 7 LED kaugtuli"},"content":{"rendered":"<p>SEEKER 7 LED kaugtuli<\/p>\n<p>LED-lisatuli m\u00f5eldud s\u00f5idukite eeskujulikuks valgustuseks nii maanteel kui v\u00e4ljaspool seda. See LED tuli pakub tugevat valgusj\u00f5udu ja kvaliteetset konstruktsiooni, mis teeb selle sobilikuks kasutamiseks auto\u00ad-, maasturi- ja t\u00f6\u00f6autodel. Kus lisavalgus on oluline, parem n\u00e4htavus \u00f6\u00f6sel, halva ilmaga ning keerulistes teeoludes.<\/p>\n<p>Tuled on varustatud 60 W v\u00f5imsusega, koos 12\u00d75 W LED-diodega, mis koos annavad teoreetiliselt ~ 5400 lumenit ning m\u00f5\u00f5detud tulemuste j\u00e4rgi ca 4000 lm. Pingevahemik on 9-36 V. Mis t\u00e4hendab, et Seeker 7 t\u00f6\u00f6tab nii tavaliste 12 V autode kui ka 24 V raskemate s\u00f5idukite elektris\u00fcsteemidega. Korpus on tugevast alumiiniumist, l\u00e4\u00e4ts pol\u00fckarbonaadist, mis tagavad vastupidavuse l\u00f6\u00f6kidele, ilmastiku ning tolmu ja vee m\u00f5judele. LED-parklatern (\u201cX-LED park light\u201d) funktsioon lisab dekoratiivset ja praktilist v\u00e4\u00e4rtust.<\/p>\n<p>Sertifikaadid ja kaitse: Seeker 7 omab E-mark sertifikaate, sh R112, R7 ja R10, mis t\u00e4hendab, et selle valguskuvioon ja heledus vastavad liiklus- ja valgustusohutuse standarditele. Samuti on kaitseklass IP68, mis tagab tolmu- ja vee sissep\u00e4\u00e4su vastu suurep\u00e4rase kaitse ning teeb seadme t\u00f6\u00f6kindlaks ka karmides oludes.<\/p>\n<p>Tuli sobib nii \u00fcksiku lisavalgustina kui paari v\u00f5i grupina, olenevalt vajadusest ja s\u00f5iduki konfiguratsioonist. Tugevad kinnitused ja DT-3 (v\u00f5i Deutsch-pistikud) \u00fchendus v\u00f5imaldavad paigaldada turvaliselt. Korpuse tugevus ja laialdased kinnituskohad aitavad vibratsiooni ja l\u00f6\u00f6kide m\u00f5ju v\u00e4hendada.<\/p>\n<p>Seeker 7 sobib ideaalselt pikamaateedel, kus vaja kaugele n\u00e4htavust. Hea valik on ka maastikuteedel ja metsateedel, kus tee servad ei ole h\u00e4sti n\u00e4htavad. Parklight funktsioon aitab n\u00e4htavusel ka l\u00e4hivalgustuses, n\u00e4iteks parkides, puhkusreisil v\u00f5i muud t\u00fc\u00fcpi v\u00e4lit\u00f6\u00f6s.<\/p>\n<p>SEEKER 7 LED kaugtuli<\/p>\n","protected":false},"excerpt":{"rendered":"<p>SEEKER 7 LED kaugtuli<br \/>\nM\u00f5\u00f5tmed: \u00f8 180  x 68 mm<br \/>\nPinge: 9-36V<br \/>\nLumenid: 5400 lm<br \/>\nLumenid m\u00f5\u00f5detud: 4000 lm<br \/>\nReferentsarv: 30<br \/>\nKorpuse materjal: Alumiinium<br \/>\nIP klassifikatsioon: IP68<br \/>\nSertifikaadid: R112\/R7\/R10<br \/>\nKaal: 1.80 kg<br \/>\n<strong>Eeldatav tarneaeg 1-7 t\u00f6\u00f6p\u00e4eva<\/strong><\/p>\n","protected":false},"featured_media":22741,"template":"","meta":{"inline_featured_image":false},"product_cat":[1116,1117],"product_tag":[2336,650,654,649,2337,2338],"class_list":{"0":"post-22740","1":"product","2":"type-product","3":"status-publish","4":"has-post-thumbnail","6":"product_brand-seeker","7":"product_cat-lisaseadmed-ehitusseadmed-led-lisatuled-cb-raadiod-lallar","8":"product_cat-lisatuled","9":"product_tag-1605-ns7led","10":"product_tag-kaugtuli","11":"product_tag-led-tuli","12":"product_tag-lisatuli","13":"product_tag-seeker","14":"product_tag-seeker-7","16":"first","17":"instock","18":"sale","19":"taxable","20":"shipping-taxable","21":"purchasable","22":"product-type-simple"},"yoast_head":"<!-- This site is optimized with the Yoast SEO plugin v27.4 - https:\/\/yoast.com\/product\/yoast-seo-wordpress\/ -->\n<title>SEEKER 7 LED kaugtuli<\/title>\n<meta name=\"description\" content=\"SEEKER 7 LED kaugtuli E-mark sertifikaate, R112, R7 ja R10, mis t\u00e4hendab, et valguskuvioon ja heledus vastavad liiklus- ja valgustusohutuse standarditele\" \/>\n<meta name=\"robots\" content=\"index, follow, max-snippet:-1, max-image-preview:large, max-video-preview:-1\" \/>\n<link rel=\"canonical\" href=\"https:\/\/ranoja.ee\/toode\/seeker-7-led-kaugtuli\/\" \/>\n<meta property=\"og:locale\" content=\"en_US\" \/>\n<meta property=\"og:type\" content=\"article\" \/>\n<meta property=\"og:title\" content=\"SEEKER 7 LED kaugtuli\" \/>\n<meta property=\"og:description\" content=\"SEEKER 7 LED kaugtuli E-mark sertifikaate, R112, R7 ja R10, mis t\u00e4hendab, et valguskuvioon ja heledus vastavad liiklus- ja valgustusohutuse standarditele\" \/>\n<meta property=\"og:url\" content=\"https:\/\/ranoja.ee\/toode\/seeker-7-led-kaugtuli\/\" \/>\n<meta property=\"og:site_name\" content=\"Ranoja\" \/>\n<meta property=\"article:publisher\" content=\"https:\/\/www.facebook.com\/ranoja.ee\" \/>\n<meta property=\"article:modified_time\" content=\"2025-12-12T12:48:34+00:00\" \/>\n<meta property=\"og:image\" content=\"https:\/\/ranoja.ee\/wp-content\/uploads\/2025\/10\/SEEKER-7-LED-kaugtuli.jpg\" \/>\n\t<meta property=\"og:image:width\" content=\"400\" \/>\n\t<meta property=\"og:image:height\" content=\"300\" \/>\n\t<meta property=\"og:image:type\" content=\"image\/jpeg\" \/>\n<meta name=\"twitter:card\" content=\"summary_large_image\" \/>\n<meta name=\"twitter:label1\" content=\"Est. reading time\" \/>\n\t<meta name=\"twitter:data1\" content=\"2 minutes\" \/>\n<script type=\"application\/ld+json\" class=\"yoast-schema-graph\">{\"@context\":\"https:\\\/\\\/schema.org\",\"@graph\":[{\"@type\":\"WebPage\",\"@id\":\"https:\\\/\\\/ranoja.ee\\\/toode\\\/seeker-7-led-kaugtuli\\\/\",\"url\":\"https:\\\/\\\/ranoja.ee\\\/toode\\\/seeker-7-led-kaugtuli\\\/\",\"name\":\"SEEKER 7 LED kaugtuli\",\"isPartOf\":{\"@id\":\"https:\\\/\\\/ranoja.ee\\\/#website\"},\"primaryImageOfPage\":{\"@id\":\"https:\\\/\\\/ranoja.ee\\\/toode\\\/seeker-7-led-kaugtuli\\\/#primaryimage\"},\"image\":{\"@id\":\"https:\\\/\\\/ranoja.ee\\\/toode\\\/seeker-7-led-kaugtuli\\\/#primaryimage\"},\"thumbnailUrl\":\"https:\\\/\\\/ranoja.ee\\\/wp-content\\\/uploads\\\/2025\\\/10\\\/SEEKER-7-LED-kaugtuli.jpg\",\"datePublished\":\"2025-10-13T08:44:19+00:00\",\"dateModified\":\"2025-12-12T12:48:34+00:00\",\"description\":\"SEEKER 7 LED kaugtuli E-mark sertifikaate, R112, R7 ja R10, mis t\u00e4hendab, et valguskuvioon ja heledus vastavad liiklus- ja valgustusohutuse standarditele\",\"breadcrumb\":{\"@id\":\"https:\\\/\\\/ranoja.ee\\\/toode\\\/seeker-7-led-kaugtuli\\\/#breadcrumb\"},\"inLanguage\":\"en-US\",\"potentialAction\":[{\"@type\":\"ReadAction\",\"target\":[\"https:\\\/\\\/ranoja.ee\\\/toode\\\/seeker-7-led-kaugtuli\\\/\"]}]},{\"@type\":\"ImageObject\",\"inLanguage\":\"en-US\",\"@id\":\"https:\\\/\\\/ranoja.ee\\\/toode\\\/seeker-7-led-kaugtuli\\\/#primaryimage\",\"url\":\"https:\\\/\\\/ranoja.ee\\\/wp-content\\\/uploads\\\/2025\\\/10\\\/SEEKER-7-LED-kaugtuli.jpg\",\"contentUrl\":\"https:\\\/\\\/ranoja.ee\\\/wp-content\\\/uploads\\\/2025\\\/10\\\/SEEKER-7-LED-kaugtuli.jpg\",\"width\":400,\"height\":300,\"caption\":\"SEEKER 7 LED kaugtuli\"},{\"@type\":\"BreadcrumbList\",\"@id\":\"https:\\\/\\\/ranoja.ee\\\/toode\\\/seeker-7-led-kaugtuli\\\/#breadcrumb\",\"itemListElement\":[{\"@type\":\"ListItem\",\"position\":1,\"name\":\"Home\",\"item\":\"https:\\\/\\\/ranoja.ee\\\/\"},{\"@type\":\"ListItem\",\"position\":2,\"name\":\"Shop\",\"item\":\"https:\\\/\\\/ranoja.ee\\\/en\\\/shop\\\/\"},{\"@type\":\"ListItem\",\"position\":3,\"name\":\"SEEKER 7 LED kaugtuli\"}]},{\"@type\":\"WebSite\",\"@id\":\"https:\\\/\\\/ranoja.ee\\\/#website\",\"url\":\"https:\\\/\\\/ranoja.ee\\\/\",\"name\":\"Ranoja\",\"description\":\"Equipment Shop WooCommerce WordPress Theme for Machine &amp; Tools\",\"publisher\":{\"@id\":\"https:\\\/\\\/ranoja.ee\\\/#organization\"},\"potentialAction\":[{\"@type\":\"SearchAction\",\"target\":{\"@type\":\"EntryPoint\",\"urlTemplate\":\"https:\\\/\\\/ranoja.ee\\\/?s={search_term_string}\"},\"query-input\":{\"@type\":\"PropertyValueSpecification\",\"valueRequired\":true,\"valueName\":\"search_term_string\"}}],\"inLanguage\":\"en-US\"},{\"@type\":\"Organization\",\"@id\":\"https:\\\/\\\/ranoja.ee\\\/#organization\",\"name\":\"Ranoja O\u00dc\",\"url\":\"https:\\\/\\\/ranoja.ee\\\/\",\"logo\":{\"@type\":\"ImageObject\",\"inLanguage\":\"en-US\",\"@id\":\"https:\\\/\\\/ranoja.ee\\\/#\\\/schema\\\/logo\\\/image\\\/\",\"url\":\"https:\\\/\\\/ranoja.ee\\\/wp-content\\\/uploads\\\/2023\\\/11\\\/ranoja-Logo.png\",\"contentUrl\":\"https:\\\/\\\/ranoja.ee\\\/wp-content\\\/uploads\\\/2023\\\/11\\\/ranoja-Logo.png\",\"width\":207,\"height\":58,\"caption\":\"Ranoja O\u00dc\"},\"image\":{\"@id\":\"https:\\\/\\\/ranoja.ee\\\/#\\\/schema\\\/logo\\\/image\\\/\"},\"sameAs\":[\"https:\\\/\\\/www.facebook.com\\\/ranoja.ee\",\"https:\\\/\\\/www.instagram.com\\\/ranoja__\\\/\"]}]}<\/script>\n<!-- \/ Yoast SEO plugin. -->","yoast_head_json":{"title":"SEEKER 7 LED kaugtuli","description":"SEEKER 7 LED kaugtuli E-mark sertifikaate, R112, R7 ja R10, mis t\u00e4hendab, et valguskuvioon ja heledus vastavad liiklus- ja valgustusohutuse standarditele","robots":{"index":"index","follow":"follow","max-snippet":"max-snippet:-1","max-image-preview":"max-image-preview:large","max-video-preview":"max-video-preview:-1"},"canonical":"https:\/\/ranoja.ee\/toode\/seeker-7-led-kaugtuli\/","og_locale":"en_US","og_type":"article","og_title":"SEEKER 7 LED kaugtuli","og_description":"SEEKER 7 LED kaugtuli E-mark sertifikaate, R112, R7 ja R10, mis t\u00e4hendab, et valguskuvioon ja heledus vastavad liiklus- ja valgustusohutuse standarditele","og_url":"https:\/\/ranoja.ee\/toode\/seeker-7-led-kaugtuli\/","og_site_name":"Ranoja","article_publisher":"https:\/\/www.facebook.com\/ranoja.ee","article_modified_time":"2025-12-12T12:48:34+00:00","og_image":[{"width":400,"height":300,"url":"https:\/\/ranoja.ee\/wp-content\/uploads\/2025\/10\/SEEKER-7-LED-kaugtuli.jpg","type":"image\/jpeg"}],"twitter_card":"summary_large_image","twitter_misc":{"Est. reading time":"2 minutes"},"schema":{"@context":"https:\/\/schema.org","@graph":[{"@type":"WebPage","@id":"https:\/\/ranoja.ee\/toode\/seeker-7-led-kaugtuli\/","url":"https:\/\/ranoja.ee\/toode\/seeker-7-led-kaugtuli\/","name":"SEEKER 7 LED kaugtuli","isPartOf":{"@id":"https:\/\/ranoja.ee\/#website"},"primaryImageOfPage":{"@id":"https:\/\/ranoja.ee\/toode\/seeker-7-led-kaugtuli\/#primaryimage"},"image":{"@id":"https:\/\/ranoja.ee\/toode\/seeker-7-led-kaugtuli\/#primaryimage"},"thumbnailUrl":"https:\/\/ranoja.ee\/wp-content\/uploads\/2025\/10\/SEEKER-7-LED-kaugtuli.jpg","datePublished":"2025-10-13T08:44:19+00:00","dateModified":"2025-12-12T12:48:34+00:00","description":"SEEKER 7 LED kaugtuli E-mark sertifikaate, R112, R7 ja R10, mis t\u00e4hendab, et valguskuvioon ja heledus vastavad liiklus- ja valgustusohutuse standarditele","breadcrumb":{"@id":"https:\/\/ranoja.ee\/toode\/seeker-7-led-kaugtuli\/#breadcrumb"},"inLanguage":"en-US","potentialAction":[{"@type":"ReadAction","target":["https:\/\/ranoja.ee\/toode\/seeker-7-led-kaugtuli\/"]}]},{"@type":"ImageObject","inLanguage":"en-US","@id":"https:\/\/ranoja.ee\/toode\/seeker-7-led-kaugtuli\/#primaryimage","url":"https:\/\/ranoja.ee\/wp-content\/uploads\/2025\/10\/SEEKER-7-LED-kaugtuli.jpg","contentUrl":"https:\/\/ranoja.ee\/wp-content\/uploads\/2025\/10\/SEEKER-7-LED-kaugtuli.jpg","width":400,"height":300,"caption":"SEEKER 7 LED kaugtuli"},{"@type":"BreadcrumbList","@id":"https:\/\/ranoja.ee\/toode\/seeker-7-led-kaugtuli\/#breadcrumb","itemListElement":[{"@type":"ListItem","position":1,"name":"Home","item":"https:\/\/ranoja.ee\/"},{"@type":"ListItem","position":2,"name":"Shop","item":"https:\/\/ranoja.ee\/en\/shop\/"},{"@type":"ListItem","position":3,"name":"SEEKER 7 LED kaugtuli"}]},{"@type":"WebSite","@id":"https:\/\/ranoja.ee\/#website","url":"https:\/\/ranoja.ee\/","name":"Ranoja","description":"Equipment Shop WooCommerce WordPress Theme for Machine &amp; Tools","publisher":{"@id":"https:\/\/ranoja.ee\/#organization"},"potentialAction":[{"@type":"SearchAction","target":{"@type":"EntryPoint","urlTemplate":"https:\/\/ranoja.ee\/?s={search_term_string}"},"query-input":{"@type":"PropertyValueSpecification","valueRequired":true,"valueName":"search_term_string"}}],"inLanguage":"en-US"},{"@type":"Organization","@id":"https:\/\/ranoja.ee\/#organization","name":"Ranoja O\u00dc","url":"https:\/\/ranoja.ee\/","logo":{"@type":"ImageObject","inLanguage":"en-US","@id":"https:\/\/ranoja.ee\/#\/schema\/logo\/image\/","url":"https:\/\/ranoja.ee\/wp-content\/uploads\/2023\/11\/ranoja-Logo.png","contentUrl":"https:\/\/ranoja.ee\/wp-content\/uploads\/2023\/11\/ranoja-Logo.png","width":207,"height":58,"caption":"Ranoja O\u00dc"},"image":{"@id":"https:\/\/ranoja.ee\/#\/schema\/logo\/image\/"},"sameAs":["https:\/\/www.facebook.com\/ranoja.ee","https:\/\/www.instagram.com\/ranoja__\/"]}]}},"_links":{"self":[{"href":"https:\/\/ranoja.ee\/en\/wp-json\/wp\/v2\/product\/22740","targetHints":{"allow":["GET"]}}],"collection":[{"href":"https:\/\/ranoja.ee\/en\/wp-json\/wp\/v2\/product"}],"about":[{"href":"https:\/\/ranoja.ee\/en\/wp-json\/wp\/v2\/types\/product"}],"wp:featuredmedia":[{"embeddable":true,"href":"https:\/\/ranoja.ee\/en\/wp-json\/wp\/v2\/media\/22741"}],"wp:attachment":[{"href":"https:\/\/ranoja.ee\/en\/wp-json\/wp\/v2\/media?parent=22740"}],"wp:term":[{"taxonomy":"product_cat","embeddable":true,"href":"https:\/\/ranoja.ee\/en\/wp-json\/wp\/v2\/product_cat?post=22740"},{"taxonomy":"product_tag","embeddable":true,"href":"https:\/\/ranoja.ee\/en\/wp-json\/wp\/v2\/product_tag?post=22740"}],"curies":[{"name":"wp","href":"https:\/\/api.w.org\/{rel}","templated":true}]}}