{"id":22730,"date":"2025-10-13T10:45:36","date_gmt":"2025-10-13T07:45:36","guid":{"rendered":"https:\/\/ranoja.ee\/?post_type=product&#038;p=22730"},"modified":"2025-12-12T15:48:34","modified_gmt":"2025-12-12T12:48:34","slug":"x-vision-genesis-ii-1300-hybrid-beam-lisatuli","status":"publish","type":"product","link":"https:\/\/ranoja.ee\/en\/toode\/x-vision-genesis-ii-1300-hybrid-beam-lisatuli\/","title":{"rendered":"X-VISION Genesis II 1300 Hybrid beam lisatuli"},"content":{"rendered":"<p>X-VISION Genesis II 1300 Hybrid beam lisatuli <\/p>\n<p>Tipptasemel LED-riba, mis \u00fchendab kaugtule ja laia valgusvihu (hybrid beam) omadused ning on m\u00f5eldud n\u00f5udlikule kasutajale. Professionaalile v\u00f5i entusiastile, kes vajab suurimat n\u00e4htavust ja usaldusv\u00e4\u00e4rsust igas olukorras. Genesis II sari on edasiarendus varasematest Geneis mudelitest, kus suur r\u00f5hk on pandud optikale, vastupidavusele ja t\u00f6\u00f6kindlusele. Mudel on raamita, l\u00e4\u00e4ts ei ole piiratud raamiga, mis aitab v\u00e4hendada lume, j\u00e4\u00e4tumise v\u00f5i pori kogunemist l\u00e4\u00e4tsede servadesse. <\/p>\n<p>Tehnilised p\u00f5hiandmed:<\/p>\n<p>T\u00f6\u00f6pinge: 9-36 V, mis teeb mudeli sobivaks erinevatele s\u00f5idukitele. 12 V autodelt kuni 24 V v\u00f5i suuremate s\u00fcsteemideni.<br \/>\nValgusvoog t\u00e4isv\u00f5imsusel umbes 15 000 luumenit, R112-vastavas legaalses re\u017eiimis ~ 4 000 lm.<br \/>\nV\u00e4rvitemperatuur ~ 4500 K, mis annab neutraalse valge valguse ja on optimeeritud silmadele. Ei ole liiga sinine ega liiga kollane, seega v\u00e4hendab silmade v\u00e4simust.<br \/>\nValgusulatus: 1 lux t\u00e4isv\u00f5imsusel umbes 950 meetrit, R112-re\u017eiimis umbes 450 meetrit.<br \/>\nM\u00f5\u00f5tmed: Umbes 1275 \u00d7 72 \u00d7 92 mm, koos korpuse konstruktsiooniga alumiiniumist ja l\u00e4\u00e4ts pol\u00fckarbonaadist \u2013 vastupidav ja veekindel. IP kaitseklass tavaliselt IP68. <\/p>\n<p>T\u00e4iendavad omadused:<\/p>\n<p>\u201cGemstone\u201d park-valgustid LED-moodulite vahel lisavad disainelementi ja n\u00e4htavust.<br \/>\n\u201cDouble Up\u201d funktsioon \u2013 V\u00f5imalus kasutada t\u00e4isv\u00f5imsusel off-road tingimustes maksimaalset valgustugevust. Re\u017eiimid, mis \u00fcletavad R112 n\u00f5udeid, ei pruugi olla lubatud tava-liikluses.<br \/>\nSertifikaadid: E-mark R112 ja R10, mis kinnitavad valguskuviooni n\u00f5uetele vastavust ja sobivust legaalseks kasutamiseks, kui paigaldus ja t\u00f5husus on koosk\u00f5las n\u00f5uetega.<br \/>\nT\u00f6\u00f6temperatuur ja vastupidavus: Lisatuli on konstrueeritud karmide tingimuste jaoks \u2014 temperatuurivahemik, vibratsioonitaluvus, optiline l\u00e4\u00e4ts pol\u00fckarbonaadist, mis peab vastu l\u00f6\u00f6kidele.<\/p>\n<p>X-VISION Genesis II 1300 Hybrid beam lisatuli <\/p>\n","protected":false},"excerpt":{"rendered":"<p>X-VISION Genesis II 1300 Hybrid beam lisatuli<br \/>\nM\u00f5\u00f5tmed: 1275.00 x 72.00 x 92.00mm<br \/>\nPinge: 9-36 V<br \/>\nLumenid: 15000 lm<br \/>\nReferentsarv: 50<br \/>\nVorm: Riba<br \/>\nV\u00e4rvitemperatuur: 4500 K<br \/>\nPistiku t\u00fc\u00fcp: 4-pin DTP<br \/>\nSertifikaadid: R10, R112<br \/>\nMudeli nimi: Genesis II 1300 Hybrid beam<br \/>\nKaal: 8.75 kg<br \/>\n<strong>Eeldatav tarneaeg 1-7 t\u00f6\u00f6p\u00e4eva<\/strong><\/p>\n","protected":false},"featured_media":22738,"template":"","meta":{"inline_featured_image":false},"product_cat":[1116,1117],"product_tag":[2334,986,650,913,654,649,144,2333],"class_list":{"0":"post-22730","1":"product","2":"type-product","3":"status-publish","4":"has-post-thumbnail","6":"product_brand-x-vision","7":"product_cat-lisaseadmed-ehitusseadmed-led-lisatuled-cb-raadiod-lallar","8":"product_cat-lisatuled","9":"product_tag-1605-ns3747","10":"product_tag-1605-wk044","11":"product_tag-kaugtuli","12":"product_tag-led-bar","13":"product_tag-led-tuli","14":"product_tag-lisatuli","15":"product_tag-x-vision","16":"product_tag-x-vision-genesis-ii-1300-hybrid-beam","18":"first","19":"instock","20":"sale","21":"taxable","22":"shipping-taxable","23":"purchasable","24":"product-type-simple"},"yoast_head":"<!-- This site is optimized with the Yoast SEO plugin v27.4 - https:\/\/yoast.com\/product\/yoast-seo-wordpress\/ -->\n<title>X-VISION Genesis II 1300 Hybrid beam lisatuli<\/title>\n<meta name=\"description\" content=\"X-VISION Genesis II 1300 Hybrid beam lisatuli L\u00e4\u00e4ts ei ole piiratud raamiga, mis aitab v\u00e4hendada lume, j\u00e4\u00e4tumise v\u00f5i pori kogunemist l\u00e4\u00e4tsede servadesse.\" \/>\n<meta name=\"robots\" content=\"index, follow, max-snippet:-1, max-image-preview:large, max-video-preview:-1\" \/>\n<link rel=\"canonical\" href=\"https:\/\/ranoja.ee\/toode\/x-vision-genesis-ii-1300-hybrid-beam-lisatuli\/\" \/>\n<meta property=\"og:locale\" content=\"en_US\" \/>\n<meta property=\"og:type\" content=\"article\" \/>\n<meta property=\"og:title\" content=\"X-VISION Genesis II 1300 Hybrid beam lisatuli\" \/>\n<meta property=\"og:description\" content=\"X-VISION Genesis II 1300 Hybrid beam lisatuli L\u00e4\u00e4ts ei ole piiratud raamiga, mis aitab v\u00e4hendada lume, j\u00e4\u00e4tumise v\u00f5i pori kogunemist l\u00e4\u00e4tsede servadesse.\" \/>\n<meta property=\"og:url\" content=\"https:\/\/ranoja.ee\/toode\/x-vision-genesis-ii-1300-hybrid-beam-lisatuli\/\" \/>\n<meta property=\"og:site_name\" content=\"Ranoja\" \/>\n<meta property=\"article:publisher\" content=\"https:\/\/www.facebook.com\/ranoja.ee\" \/>\n<meta property=\"article:modified_time\" content=\"2025-12-12T12:48:34+00:00\" \/>\n<meta property=\"og:image\" content=\"https:\/\/ranoja.ee\/wp-content\/uploads\/2025\/10\/X-VISION-Genesis-II-1300-Hybrid-beam-lisatuli.jpg\" \/>\n\t<meta property=\"og:image:width\" content=\"800\" \/>\n\t<meta property=\"og:image:height\" content=\"600\" \/>\n\t<meta property=\"og:image:type\" content=\"image\/jpeg\" \/>\n<meta name=\"twitter:card\" content=\"summary_large_image\" \/>\n<meta name=\"twitter:label1\" content=\"Est. reading time\" \/>\n\t<meta name=\"twitter:data1\" content=\"2 minutes\" \/>\n<script type=\"application\/ld+json\" class=\"yoast-schema-graph\">{\"@context\":\"https:\\\/\\\/schema.org\",\"@graph\":[{\"@type\":\"WebPage\",\"@id\":\"https:\\\/\\\/ranoja.ee\\\/toode\\\/x-vision-genesis-ii-1300-hybrid-beam-lisatuli\\\/\",\"url\":\"https:\\\/\\\/ranoja.ee\\\/toode\\\/x-vision-genesis-ii-1300-hybrid-beam-lisatuli\\\/\",\"name\":\"X-VISION Genesis II 1300 Hybrid beam lisatuli\",\"isPartOf\":{\"@id\":\"https:\\\/\\\/ranoja.ee\\\/#website\"},\"primaryImageOfPage\":{\"@id\":\"https:\\\/\\\/ranoja.ee\\\/toode\\\/x-vision-genesis-ii-1300-hybrid-beam-lisatuli\\\/#primaryimage\"},\"image\":{\"@id\":\"https:\\\/\\\/ranoja.ee\\\/toode\\\/x-vision-genesis-ii-1300-hybrid-beam-lisatuli\\\/#primaryimage\"},\"thumbnailUrl\":\"https:\\\/\\\/ranoja.ee\\\/wp-content\\\/uploads\\\/2025\\\/10\\\/X-VISION-Genesis-II-1300-Hybrid-beam-lisatuli.jpg\",\"datePublished\":\"2025-10-13T07:45:36+00:00\",\"dateModified\":\"2025-12-12T12:48:34+00:00\",\"description\":\"X-VISION Genesis II 1300 Hybrid beam lisatuli L\u00e4\u00e4ts ei ole piiratud raamiga, mis aitab v\u00e4hendada lume, j\u00e4\u00e4tumise v\u00f5i pori kogunemist l\u00e4\u00e4tsede servadesse.\",\"breadcrumb\":{\"@id\":\"https:\\\/\\\/ranoja.ee\\\/toode\\\/x-vision-genesis-ii-1300-hybrid-beam-lisatuli\\\/#breadcrumb\"},\"inLanguage\":\"en-US\",\"potentialAction\":[{\"@type\":\"ReadAction\",\"target\":[\"https:\\\/\\\/ranoja.ee\\\/toode\\\/x-vision-genesis-ii-1300-hybrid-beam-lisatuli\\\/\"]}]},{\"@type\":\"ImageObject\",\"inLanguage\":\"en-US\",\"@id\":\"https:\\\/\\\/ranoja.ee\\\/toode\\\/x-vision-genesis-ii-1300-hybrid-beam-lisatuli\\\/#primaryimage\",\"url\":\"https:\\\/\\\/ranoja.ee\\\/wp-content\\\/uploads\\\/2025\\\/10\\\/X-VISION-Genesis-II-1300-Hybrid-beam-lisatuli.jpg\",\"contentUrl\":\"https:\\\/\\\/ranoja.ee\\\/wp-content\\\/uploads\\\/2025\\\/10\\\/X-VISION-Genesis-II-1300-Hybrid-beam-lisatuli.jpg\",\"width\":800,\"height\":600,\"caption\":\"X-VISION Genesis II 1300 Hybrid beam lisatuli\"},{\"@type\":\"BreadcrumbList\",\"@id\":\"https:\\\/\\\/ranoja.ee\\\/toode\\\/x-vision-genesis-ii-1300-hybrid-beam-lisatuli\\\/#breadcrumb\",\"itemListElement\":[{\"@type\":\"ListItem\",\"position\":1,\"name\":\"Home\",\"item\":\"https:\\\/\\\/ranoja.ee\\\/\"},{\"@type\":\"ListItem\",\"position\":2,\"name\":\"Shop\",\"item\":\"https:\\\/\\\/ranoja.ee\\\/en\\\/shop\\\/\"},{\"@type\":\"ListItem\",\"position\":3,\"name\":\"X-VISION Genesis II 1300 Hybrid beam lisatuli\"}]},{\"@type\":\"WebSite\",\"@id\":\"https:\\\/\\\/ranoja.ee\\\/#website\",\"url\":\"https:\\\/\\\/ranoja.ee\\\/\",\"name\":\"Ranoja\",\"description\":\"Equipment Shop WooCommerce WordPress Theme for Machine &amp; Tools\",\"publisher\":{\"@id\":\"https:\\\/\\\/ranoja.ee\\\/#organization\"},\"potentialAction\":[{\"@type\":\"SearchAction\",\"target\":{\"@type\":\"EntryPoint\",\"urlTemplate\":\"https:\\\/\\\/ranoja.ee\\\/?s={search_term_string}\"},\"query-input\":{\"@type\":\"PropertyValueSpecification\",\"valueRequired\":true,\"valueName\":\"search_term_string\"}}],\"inLanguage\":\"en-US\"},{\"@type\":\"Organization\",\"@id\":\"https:\\\/\\\/ranoja.ee\\\/#organization\",\"name\":\"Ranoja O\u00dc\",\"url\":\"https:\\\/\\\/ranoja.ee\\\/\",\"logo\":{\"@type\":\"ImageObject\",\"inLanguage\":\"en-US\",\"@id\":\"https:\\\/\\\/ranoja.ee\\\/#\\\/schema\\\/logo\\\/image\\\/\",\"url\":\"https:\\\/\\\/ranoja.ee\\\/wp-content\\\/uploads\\\/2023\\\/11\\\/ranoja-Logo.png\",\"contentUrl\":\"https:\\\/\\\/ranoja.ee\\\/wp-content\\\/uploads\\\/2023\\\/11\\\/ranoja-Logo.png\",\"width\":207,\"height\":58,\"caption\":\"Ranoja O\u00dc\"},\"image\":{\"@id\":\"https:\\\/\\\/ranoja.ee\\\/#\\\/schema\\\/logo\\\/image\\\/\"},\"sameAs\":[\"https:\\\/\\\/www.facebook.com\\\/ranoja.ee\",\"https:\\\/\\\/www.instagram.com\\\/ranoja__\\\/\"]}]}<\/script>\n<!-- \/ Yoast SEO plugin. -->","yoast_head_json":{"title":"X-VISION Genesis II 1300 Hybrid beam lisatuli","description":"X-VISION Genesis II 1300 Hybrid beam lisatuli L\u00e4\u00e4ts ei ole piiratud raamiga, mis aitab v\u00e4hendada lume, j\u00e4\u00e4tumise v\u00f5i pori kogunemist l\u00e4\u00e4tsede servadesse.","robots":{"index":"index","follow":"follow","max-snippet":"max-snippet:-1","max-image-preview":"max-image-preview:large","max-video-preview":"max-video-preview:-1"},"canonical":"https:\/\/ranoja.ee\/toode\/x-vision-genesis-ii-1300-hybrid-beam-lisatuli\/","og_locale":"en_US","og_type":"article","og_title":"X-VISION Genesis II 1300 Hybrid beam lisatuli","og_description":"X-VISION Genesis II 1300 Hybrid beam lisatuli L\u00e4\u00e4ts ei ole piiratud raamiga, mis aitab v\u00e4hendada lume, j\u00e4\u00e4tumise v\u00f5i pori kogunemist l\u00e4\u00e4tsede servadesse.","og_url":"https:\/\/ranoja.ee\/toode\/x-vision-genesis-ii-1300-hybrid-beam-lisatuli\/","og_site_name":"Ranoja","article_publisher":"https:\/\/www.facebook.com\/ranoja.ee","article_modified_time":"2025-12-12T12:48:34+00:00","og_image":[{"width":800,"height":600,"url":"https:\/\/ranoja.ee\/wp-content\/uploads\/2025\/10\/X-VISION-Genesis-II-1300-Hybrid-beam-lisatuli.jpg","type":"image\/jpeg"}],"twitter_card":"summary_large_image","twitter_misc":{"Est. reading time":"2 minutes"},"schema":{"@context":"https:\/\/schema.org","@graph":[{"@type":"WebPage","@id":"https:\/\/ranoja.ee\/toode\/x-vision-genesis-ii-1300-hybrid-beam-lisatuli\/","url":"https:\/\/ranoja.ee\/toode\/x-vision-genesis-ii-1300-hybrid-beam-lisatuli\/","name":"X-VISION Genesis II 1300 Hybrid beam lisatuli","isPartOf":{"@id":"https:\/\/ranoja.ee\/#website"},"primaryImageOfPage":{"@id":"https:\/\/ranoja.ee\/toode\/x-vision-genesis-ii-1300-hybrid-beam-lisatuli\/#primaryimage"},"image":{"@id":"https:\/\/ranoja.ee\/toode\/x-vision-genesis-ii-1300-hybrid-beam-lisatuli\/#primaryimage"},"thumbnailUrl":"https:\/\/ranoja.ee\/wp-content\/uploads\/2025\/10\/X-VISION-Genesis-II-1300-Hybrid-beam-lisatuli.jpg","datePublished":"2025-10-13T07:45:36+00:00","dateModified":"2025-12-12T12:48:34+00:00","description":"X-VISION Genesis II 1300 Hybrid beam lisatuli L\u00e4\u00e4ts ei ole piiratud raamiga, mis aitab v\u00e4hendada lume, j\u00e4\u00e4tumise v\u00f5i pori kogunemist l\u00e4\u00e4tsede servadesse.","breadcrumb":{"@id":"https:\/\/ranoja.ee\/toode\/x-vision-genesis-ii-1300-hybrid-beam-lisatuli\/#breadcrumb"},"inLanguage":"en-US","potentialAction":[{"@type":"ReadAction","target":["https:\/\/ranoja.ee\/toode\/x-vision-genesis-ii-1300-hybrid-beam-lisatuli\/"]}]},{"@type":"ImageObject","inLanguage":"en-US","@id":"https:\/\/ranoja.ee\/toode\/x-vision-genesis-ii-1300-hybrid-beam-lisatuli\/#primaryimage","url":"https:\/\/ranoja.ee\/wp-content\/uploads\/2025\/10\/X-VISION-Genesis-II-1300-Hybrid-beam-lisatuli.jpg","contentUrl":"https:\/\/ranoja.ee\/wp-content\/uploads\/2025\/10\/X-VISION-Genesis-II-1300-Hybrid-beam-lisatuli.jpg","width":800,"height":600,"caption":"X-VISION Genesis II 1300 Hybrid beam lisatuli"},{"@type":"BreadcrumbList","@id":"https:\/\/ranoja.ee\/toode\/x-vision-genesis-ii-1300-hybrid-beam-lisatuli\/#breadcrumb","itemListElement":[{"@type":"ListItem","position":1,"name":"Home","item":"https:\/\/ranoja.ee\/"},{"@type":"ListItem","position":2,"name":"Shop","item":"https:\/\/ranoja.ee\/en\/shop\/"},{"@type":"ListItem","position":3,"name":"X-VISION Genesis II 1300 Hybrid beam lisatuli"}]},{"@type":"WebSite","@id":"https:\/\/ranoja.ee\/#website","url":"https:\/\/ranoja.ee\/","name":"Ranoja","description":"Equipment Shop WooCommerce WordPress Theme for Machine &amp; Tools","publisher":{"@id":"https:\/\/ranoja.ee\/#organization"},"potentialAction":[{"@type":"SearchAction","target":{"@type":"EntryPoint","urlTemplate":"https:\/\/ranoja.ee\/?s={search_term_string}"},"query-input":{"@type":"PropertyValueSpecification","valueRequired":true,"valueName":"search_term_string"}}],"inLanguage":"en-US"},{"@type":"Organization","@id":"https:\/\/ranoja.ee\/#organization","name":"Ranoja O\u00dc","url":"https:\/\/ranoja.ee\/","logo":{"@type":"ImageObject","inLanguage":"en-US","@id":"https:\/\/ranoja.ee\/#\/schema\/logo\/image\/","url":"https:\/\/ranoja.ee\/wp-content\/uploads\/2023\/11\/ranoja-Logo.png","contentUrl":"https:\/\/ranoja.ee\/wp-content\/uploads\/2023\/11\/ranoja-Logo.png","width":207,"height":58,"caption":"Ranoja O\u00dc"},"image":{"@id":"https:\/\/ranoja.ee\/#\/schema\/logo\/image\/"},"sameAs":["https:\/\/www.facebook.com\/ranoja.ee","https:\/\/www.instagram.com\/ranoja__\/"]}]}},"_links":{"self":[{"href":"https:\/\/ranoja.ee\/en\/wp-json\/wp\/v2\/product\/22730","targetHints":{"allow":["GET"]}}],"collection":[{"href":"https:\/\/ranoja.ee\/en\/wp-json\/wp\/v2\/product"}],"about":[{"href":"https:\/\/ranoja.ee\/en\/wp-json\/wp\/v2\/types\/product"}],"wp:featuredmedia":[{"embeddable":true,"href":"https:\/\/ranoja.ee\/en\/wp-json\/wp\/v2\/media\/22738"}],"wp:attachment":[{"href":"https:\/\/ranoja.ee\/en\/wp-json\/wp\/v2\/media?parent=22730"}],"wp:term":[{"taxonomy":"product_cat","embeddable":true,"href":"https:\/\/ranoja.ee\/en\/wp-json\/wp\/v2\/product_cat?post=22730"},{"taxonomy":"product_tag","embeddable":true,"href":"https:\/\/ranoja.ee\/en\/wp-json\/wp\/v2\/product_tag?post=22730"}],"curies":[{"name":"wp","href":"https:\/\/api.w.org\/{rel}","templated":true}]}}