{"id":22700,"date":"2025-10-13T10:00:53","date_gmt":"2025-10-13T07:00:53","guid":{"rendered":"https:\/\/ranoja.ee\/?post_type=product&#038;p=22700"},"modified":"2025-12-12T15:48:34","modified_gmt":"2025-12-12T12:48:34","slug":"x-vision-genesis-1100-lisatuli","status":"publish","type":"product","link":"https:\/\/ranoja.ee\/en\/toode\/x-vision-genesis-1100-lisatuli\/","title":{"rendered":"X-VISION Genesis 1100 lisatuli"},"content":{"rendered":"<p>X-VISION Genesis 1100 lisatuli <\/p>\n<p>V\u00f5imas LED lisatuli (kaugtuli), mis on loodud j\u00f5udluse, vastupidavuse ja muljetavaldava valgusulatuse kombinatsiooni pakkumiseks. See kuuluub Genesis seeriasse LED valgusribade hulgas, mis on m\u00f5eldud neile kasutajatele. Kes soovivad reaalset n\u00e4htavust kaugele ette, kaasaegse disaini ja tehniliste omadustega seadet, mis p\u00fcsib t\u00f6\u00f6kindlalt v\u00e4litingimustes.<\/p>\n<p>Seade t\u00f6\u00f6tab pingel 9-30 V, mis teeb selle paindlikuks kasutada erinevates elektris\u00fcsteemides. Alates tavalistest 12 V s\u00f5idukitest kuni 24 V raskes\u00f5idukiteni. V\u00f5imsus on umbes 240 W, LED-paneel koosneb 16 \u00d7 15 W LED-diodist. Mis suudab teoreetiliselt anda v\u00e4lja ligi 14 400 luumenit (Double Up re\u017eiimis) ja t\u00f6\u00f6tada legaalselt (R112-n\u00f5uetele vastavalt) umbes 7 936 lm. <\/p>\n<p>1 lux tase t\u00e4isv\u00f5imsusel saavutatakse umbes 444 meetri kaugusel, mis annab selge pildi kaugetest objektidest ning hea n\u00e4htavuse pimedal maanteel. R112-vastavas re\u017eiimis (t\u00e4navas\u00f5idule lubatud) on see ulatus umbes 341 meetrit. <\/p>\n<p>Korpus on valmistatud kvaliteetsest alumiiniumist, l\u00e4\u00e4ts pol\u00fckarbonaadist, see on l\u00f6\u00f6gikindel ning talub h\u00e4sti \u00e4\u00e4rmuslikke ilmastikuolusid. Kaitseklass on IP68, mis t\u00e4hendab, et tuli on tolmu- ja veekindel. Ning sobib kasutamiseks sellistes tingimustes nagu vihm, udu, tolm ja isegi survepesu. Pistiku t\u00fc\u00fcp on 2-pin DTP. <\/p>\n<p>Valgusv\u00e4rv ehk v\u00e4rvitemperatuur on umbes 4500 K, mis annab neutraalse valge valguse. Ei ole liiga sinine ega kollane, seega aitab v\u00e4ltida silmade v\u00e4simist ning annab hea kontrasti n\u00e4htavusele. M\u00f5\u00f5tmed: ca 1050 \u00d7 84 \u00d7 89 mm, mis teeb valgusriba k\u00fcllalt laia, aga disain p\u00fc\u00fcab s\u00e4ilitada stiili ja funktsionaalsuse. <\/p>\n<p>\u00dcks t\u00e4helepanuv\u00e4\u00e4rne omadus on DOUBLE UP\u2122 funktsioon: see v\u00f5imaldab tuledel t\u00f6\u00f6tada superere re\u017eiimil, et saavutada maksimaalne valgusvoog ja n\u00e4htavus (off-road v\u00f5i muudel s\u00f5iduv\u00e4lisel kasutusel). Siiski tuleb arvestada, et selle re\u017eiimi kasutamine tavalisel teel v\u00f5ib rikkuda R112 normi.<\/p>\n<p>X-VISION Genesis 1100 lisatuli <\/p>\n","protected":false},"excerpt":{"rendered":"<p>X-VISION Genesis 1100 lisatuli<br \/>\nM\u00f5\u00f5tmed: 1050 x 84 x 89 mm<br \/>\nPinge: 9-30V<br \/>\nLumenid: 14400 lm<br \/>\nV\u00f5imsus: 240 W<br \/>\nReferentsarv: 40<br \/>\nVorm: Riba<br \/>\nV\u00e4rvitemperatuur: 4500 K<br \/>\nPistiku t\u00fc\u00fcp: 2-pin DTP<br \/>\nKorpuse materjal: Alumiinium<br \/>\nL\u00e4\u00e4tse materjal: Pol\u00fckarbonaat<br \/>\nIP klassifikatsioon: IP68<br \/>\nSertifikaadid: R10, CE, R112<br \/>\nMudeli nimi: Genesis 1100<br \/>\nKaal: 8.20 kg<br \/>\n<strong>Eeldatav tarneaeg 1-7 t\u00f6\u00f6p\u00e4eva<\/strong><\/p>\n","protected":false},"featured_media":22719,"template":"","meta":{"inline_featured_image":false},"product_cat":[1116,1117],"product_tag":[2331,1001,990,650,913,654,649,144,2332],"class_list":{"0":"post-22700","1":"product","2":"type-product","3":"status-publish","4":"has-post-thumbnail","6":"product_brand-x-vision","7":"product_cat-lisaseadmed-ehitusseadmed-led-lisatuled-cb-raadiod-lallar","8":"product_cat-lisatuled","9":"product_tag-1605-ns3731","10":"product_tag-1605-wk021","11":"product_tag-1605-wk035","12":"product_tag-kaugtuli","13":"product_tag-led-bar","14":"product_tag-led-tuli","15":"product_tag-lisatuli","16":"product_tag-x-vision","17":"product_tag-x-vision-genesis-1100","19":"first","20":"instock","21":"sale","22":"taxable","23":"shipping-taxable","24":"purchasable","25":"product-type-simple"},"yoast_head":"<!-- This site is optimized with the Yoast SEO plugin v27.4 - https:\/\/yoast.com\/product\/yoast-seo-wordpress\/ -->\n<title>X-VISION Genesis 1100 lisatuli<\/title>\n<meta name=\"description\" content=\"X-VISION Genesis 1100 lisatuli Korpus on valmistatud alumiiniumist, l\u00e4\u00e4ts pol\u00fckarbonaadist, see on l\u00f6\u00f6gikindel ning talub h\u00e4sti \u00e4\u00e4rmuslikke ilmastikuolusid.\" \/>\n<meta name=\"robots\" content=\"index, follow, max-snippet:-1, max-image-preview:large, max-video-preview:-1\" \/>\n<link rel=\"canonical\" href=\"https:\/\/ranoja.ee\/toode\/x-vision-genesis-1100-lisatuli\/\" \/>\n<meta property=\"og:locale\" content=\"en_US\" \/>\n<meta property=\"og:type\" content=\"article\" \/>\n<meta property=\"og:title\" content=\"X-VISION Genesis 1100 lisatuli\" \/>\n<meta property=\"og:description\" content=\"X-VISION Genesis 1100 lisatuli Korpus on valmistatud alumiiniumist, l\u00e4\u00e4ts pol\u00fckarbonaadist, see on l\u00f6\u00f6gikindel ning talub h\u00e4sti \u00e4\u00e4rmuslikke ilmastikuolusid.\" \/>\n<meta property=\"og:url\" content=\"https:\/\/ranoja.ee\/toode\/x-vision-genesis-1100-lisatuli\/\" \/>\n<meta property=\"og:site_name\" content=\"Ranoja\" \/>\n<meta property=\"article:publisher\" content=\"https:\/\/www.facebook.com\/ranoja.ee\" \/>\n<meta property=\"article:modified_time\" content=\"2025-12-12T12:48:34+00:00\" \/>\n<meta property=\"og:image\" content=\"https:\/\/ranoja.ee\/wp-content\/uploads\/2025\/10\/X-VISION-Genesis-1100-lisatuli.jpg\" \/>\n\t<meta property=\"og:image:width\" content=\"400\" \/>\n\t<meta property=\"og:image:height\" content=\"300\" \/>\n\t<meta property=\"og:image:type\" content=\"image\/jpeg\" \/>\n<meta name=\"twitter:card\" content=\"summary_large_image\" \/>\n<meta name=\"twitter:label1\" content=\"Est. reading time\" \/>\n\t<meta name=\"twitter:data1\" content=\"2 minutes\" \/>\n<script type=\"application\/ld+json\" class=\"yoast-schema-graph\">{\"@context\":\"https:\\\/\\\/schema.org\",\"@graph\":[{\"@type\":\"WebPage\",\"@id\":\"https:\\\/\\\/ranoja.ee\\\/toode\\\/x-vision-genesis-1100-lisatuli\\\/\",\"url\":\"https:\\\/\\\/ranoja.ee\\\/toode\\\/x-vision-genesis-1100-lisatuli\\\/\",\"name\":\"X-VISION Genesis 1100 lisatuli\",\"isPartOf\":{\"@id\":\"https:\\\/\\\/ranoja.ee\\\/#website\"},\"primaryImageOfPage\":{\"@id\":\"https:\\\/\\\/ranoja.ee\\\/toode\\\/x-vision-genesis-1100-lisatuli\\\/#primaryimage\"},\"image\":{\"@id\":\"https:\\\/\\\/ranoja.ee\\\/toode\\\/x-vision-genesis-1100-lisatuli\\\/#primaryimage\"},\"thumbnailUrl\":\"https:\\\/\\\/ranoja.ee\\\/wp-content\\\/uploads\\\/2025\\\/10\\\/X-VISION-Genesis-1100-lisatuli.jpg\",\"datePublished\":\"2025-10-13T07:00:53+00:00\",\"dateModified\":\"2025-12-12T12:48:34+00:00\",\"description\":\"X-VISION Genesis 1100 lisatuli Korpus on valmistatud alumiiniumist, l\u00e4\u00e4ts pol\u00fckarbonaadist, see on l\u00f6\u00f6gikindel ning talub h\u00e4sti \u00e4\u00e4rmuslikke ilmastikuolusid.\",\"breadcrumb\":{\"@id\":\"https:\\\/\\\/ranoja.ee\\\/toode\\\/x-vision-genesis-1100-lisatuli\\\/#breadcrumb\"},\"inLanguage\":\"en-US\",\"potentialAction\":[{\"@type\":\"ReadAction\",\"target\":[\"https:\\\/\\\/ranoja.ee\\\/toode\\\/x-vision-genesis-1100-lisatuli\\\/\"]}]},{\"@type\":\"ImageObject\",\"inLanguage\":\"en-US\",\"@id\":\"https:\\\/\\\/ranoja.ee\\\/toode\\\/x-vision-genesis-1100-lisatuli\\\/#primaryimage\",\"url\":\"https:\\\/\\\/ranoja.ee\\\/wp-content\\\/uploads\\\/2025\\\/10\\\/X-VISION-Genesis-1100-lisatuli.jpg\",\"contentUrl\":\"https:\\\/\\\/ranoja.ee\\\/wp-content\\\/uploads\\\/2025\\\/10\\\/X-VISION-Genesis-1100-lisatuli.jpg\",\"width\":400,\"height\":300,\"caption\":\"X-VISION Genesis 1100 lisatuli\"},{\"@type\":\"BreadcrumbList\",\"@id\":\"https:\\\/\\\/ranoja.ee\\\/toode\\\/x-vision-genesis-1100-lisatuli\\\/#breadcrumb\",\"itemListElement\":[{\"@type\":\"ListItem\",\"position\":1,\"name\":\"Home\",\"item\":\"https:\\\/\\\/ranoja.ee\\\/\"},{\"@type\":\"ListItem\",\"position\":2,\"name\":\"Shop\",\"item\":\"https:\\\/\\\/ranoja.ee\\\/en\\\/shop\\\/\"},{\"@type\":\"ListItem\",\"position\":3,\"name\":\"X-VISION Genesis 1100 lisatuli\"}]},{\"@type\":\"WebSite\",\"@id\":\"https:\\\/\\\/ranoja.ee\\\/#website\",\"url\":\"https:\\\/\\\/ranoja.ee\\\/\",\"name\":\"Ranoja\",\"description\":\"Equipment Shop WooCommerce WordPress Theme for Machine &amp; Tools\",\"publisher\":{\"@id\":\"https:\\\/\\\/ranoja.ee\\\/#organization\"},\"potentialAction\":[{\"@type\":\"SearchAction\",\"target\":{\"@type\":\"EntryPoint\",\"urlTemplate\":\"https:\\\/\\\/ranoja.ee\\\/?s={search_term_string}\"},\"query-input\":{\"@type\":\"PropertyValueSpecification\",\"valueRequired\":true,\"valueName\":\"search_term_string\"}}],\"inLanguage\":\"en-US\"},{\"@type\":\"Organization\",\"@id\":\"https:\\\/\\\/ranoja.ee\\\/#organization\",\"name\":\"Ranoja O\u00dc\",\"url\":\"https:\\\/\\\/ranoja.ee\\\/\",\"logo\":{\"@type\":\"ImageObject\",\"inLanguage\":\"en-US\",\"@id\":\"https:\\\/\\\/ranoja.ee\\\/#\\\/schema\\\/logo\\\/image\\\/\",\"url\":\"https:\\\/\\\/ranoja.ee\\\/wp-content\\\/uploads\\\/2023\\\/11\\\/ranoja-Logo.png\",\"contentUrl\":\"https:\\\/\\\/ranoja.ee\\\/wp-content\\\/uploads\\\/2023\\\/11\\\/ranoja-Logo.png\",\"width\":207,\"height\":58,\"caption\":\"Ranoja O\u00dc\"},\"image\":{\"@id\":\"https:\\\/\\\/ranoja.ee\\\/#\\\/schema\\\/logo\\\/image\\\/\"},\"sameAs\":[\"https:\\\/\\\/www.facebook.com\\\/ranoja.ee\",\"https:\\\/\\\/www.instagram.com\\\/ranoja__\\\/\"]}]}<\/script>\n<!-- \/ Yoast SEO plugin. -->","yoast_head_json":{"title":"X-VISION Genesis 1100 lisatuli","description":"X-VISION Genesis 1100 lisatuli Korpus on valmistatud alumiiniumist, l\u00e4\u00e4ts pol\u00fckarbonaadist, see on l\u00f6\u00f6gikindel ning talub h\u00e4sti \u00e4\u00e4rmuslikke ilmastikuolusid.","robots":{"index":"index","follow":"follow","max-snippet":"max-snippet:-1","max-image-preview":"max-image-preview:large","max-video-preview":"max-video-preview:-1"},"canonical":"https:\/\/ranoja.ee\/toode\/x-vision-genesis-1100-lisatuli\/","og_locale":"en_US","og_type":"article","og_title":"X-VISION Genesis 1100 lisatuli","og_description":"X-VISION Genesis 1100 lisatuli Korpus on valmistatud alumiiniumist, l\u00e4\u00e4ts pol\u00fckarbonaadist, see on l\u00f6\u00f6gikindel ning talub h\u00e4sti \u00e4\u00e4rmuslikke ilmastikuolusid.","og_url":"https:\/\/ranoja.ee\/toode\/x-vision-genesis-1100-lisatuli\/","og_site_name":"Ranoja","article_publisher":"https:\/\/www.facebook.com\/ranoja.ee","article_modified_time":"2025-12-12T12:48:34+00:00","og_image":[{"width":400,"height":300,"url":"https:\/\/ranoja.ee\/wp-content\/uploads\/2025\/10\/X-VISION-Genesis-1100-lisatuli.jpg","type":"image\/jpeg"}],"twitter_card":"summary_large_image","twitter_misc":{"Est. reading time":"2 minutes"},"schema":{"@context":"https:\/\/schema.org","@graph":[{"@type":"WebPage","@id":"https:\/\/ranoja.ee\/toode\/x-vision-genesis-1100-lisatuli\/","url":"https:\/\/ranoja.ee\/toode\/x-vision-genesis-1100-lisatuli\/","name":"X-VISION Genesis 1100 lisatuli","isPartOf":{"@id":"https:\/\/ranoja.ee\/#website"},"primaryImageOfPage":{"@id":"https:\/\/ranoja.ee\/toode\/x-vision-genesis-1100-lisatuli\/#primaryimage"},"image":{"@id":"https:\/\/ranoja.ee\/toode\/x-vision-genesis-1100-lisatuli\/#primaryimage"},"thumbnailUrl":"https:\/\/ranoja.ee\/wp-content\/uploads\/2025\/10\/X-VISION-Genesis-1100-lisatuli.jpg","datePublished":"2025-10-13T07:00:53+00:00","dateModified":"2025-12-12T12:48:34+00:00","description":"X-VISION Genesis 1100 lisatuli Korpus on valmistatud alumiiniumist, l\u00e4\u00e4ts pol\u00fckarbonaadist, see on l\u00f6\u00f6gikindel ning talub h\u00e4sti \u00e4\u00e4rmuslikke ilmastikuolusid.","breadcrumb":{"@id":"https:\/\/ranoja.ee\/toode\/x-vision-genesis-1100-lisatuli\/#breadcrumb"},"inLanguage":"en-US","potentialAction":[{"@type":"ReadAction","target":["https:\/\/ranoja.ee\/toode\/x-vision-genesis-1100-lisatuli\/"]}]},{"@type":"ImageObject","inLanguage":"en-US","@id":"https:\/\/ranoja.ee\/toode\/x-vision-genesis-1100-lisatuli\/#primaryimage","url":"https:\/\/ranoja.ee\/wp-content\/uploads\/2025\/10\/X-VISION-Genesis-1100-lisatuli.jpg","contentUrl":"https:\/\/ranoja.ee\/wp-content\/uploads\/2025\/10\/X-VISION-Genesis-1100-lisatuli.jpg","width":400,"height":300,"caption":"X-VISION Genesis 1100 lisatuli"},{"@type":"BreadcrumbList","@id":"https:\/\/ranoja.ee\/toode\/x-vision-genesis-1100-lisatuli\/#breadcrumb","itemListElement":[{"@type":"ListItem","position":1,"name":"Home","item":"https:\/\/ranoja.ee\/"},{"@type":"ListItem","position":2,"name":"Shop","item":"https:\/\/ranoja.ee\/en\/shop\/"},{"@type":"ListItem","position":3,"name":"X-VISION Genesis 1100 lisatuli"}]},{"@type":"WebSite","@id":"https:\/\/ranoja.ee\/#website","url":"https:\/\/ranoja.ee\/","name":"Ranoja","description":"Equipment Shop WooCommerce WordPress Theme for Machine &amp; Tools","publisher":{"@id":"https:\/\/ranoja.ee\/#organization"},"potentialAction":[{"@type":"SearchAction","target":{"@type":"EntryPoint","urlTemplate":"https:\/\/ranoja.ee\/?s={search_term_string}"},"query-input":{"@type":"PropertyValueSpecification","valueRequired":true,"valueName":"search_term_string"}}],"inLanguage":"en-US"},{"@type":"Organization","@id":"https:\/\/ranoja.ee\/#organization","name":"Ranoja O\u00dc","url":"https:\/\/ranoja.ee\/","logo":{"@type":"ImageObject","inLanguage":"en-US","@id":"https:\/\/ranoja.ee\/#\/schema\/logo\/image\/","url":"https:\/\/ranoja.ee\/wp-content\/uploads\/2023\/11\/ranoja-Logo.png","contentUrl":"https:\/\/ranoja.ee\/wp-content\/uploads\/2023\/11\/ranoja-Logo.png","width":207,"height":58,"caption":"Ranoja O\u00dc"},"image":{"@id":"https:\/\/ranoja.ee\/#\/schema\/logo\/image\/"},"sameAs":["https:\/\/www.facebook.com\/ranoja.ee","https:\/\/www.instagram.com\/ranoja__\/"]}]}},"_links":{"self":[{"href":"https:\/\/ranoja.ee\/en\/wp-json\/wp\/v2\/product\/22700","targetHints":{"allow":["GET"]}}],"collection":[{"href":"https:\/\/ranoja.ee\/en\/wp-json\/wp\/v2\/product"}],"about":[{"href":"https:\/\/ranoja.ee\/en\/wp-json\/wp\/v2\/types\/product"}],"wp:featuredmedia":[{"embeddable":true,"href":"https:\/\/ranoja.ee\/en\/wp-json\/wp\/v2\/media\/22719"}],"wp:attachment":[{"href":"https:\/\/ranoja.ee\/en\/wp-json\/wp\/v2\/media?parent=22700"}],"wp:term":[{"taxonomy":"product_cat","embeddable":true,"href":"https:\/\/ranoja.ee\/en\/wp-json\/wp\/v2\/product_cat?post=22700"},{"taxonomy":"product_tag","embeddable":true,"href":"https:\/\/ranoja.ee\/en\/wp-json\/wp\/v2\/product_tag?post=22700"}],"curies":[{"name":"wp","href":"https:\/\/api.w.org\/{rel}","templated":true}]}}