{"id":22669,"date":"2025-10-10T17:24:37","date_gmt":"2025-10-10T14:24:37","guid":{"rendered":"https:\/\/ranoja.ee\/?post_type=product&#038;p=22669"},"modified":"2025-12-12T15:48:34","modified_gmt":"2025-12-12T12:48:34","slug":"x-vision-genesis-ii-800-spot-beam-lisatuli","status":"publish","type":"product","link":"https:\/\/ranoja.ee\/en\/toode\/x-vision-genesis-ii-800-spot-beam-lisatuli\/","title":{"rendered":"X-VISION Genesis II 800 Spot beam lisatuli"},"content":{"rendered":"<p>X-VISION Genesis II 800 Spot beam lisatuli <\/p>\n<p>K\u00f5rgtehnoloogiline LED lisatuli, mis kuulub populaarse Genesis II seeriasse. \u201cSpot-beam\u201d ehk \u201cpunktvihk\u201d versioon keskendub valguse projitseerimisele kaugele ette, muutes selle ideaalseks s\u00f5idukitele, mis vajavad maksimaalset n\u00e4htavust kaugetele objektidele \u2014 n\u00e4iteks maanteel, metsateedel v\u00f5i \u00f6istel rajat\u00f6\u00f6del. Valgusti disain on raamita, mis aitab v\u00e4ltida lume, j\u00e4\u00e4 ja mustuse kogunemist l\u00e4\u00e4tsede servadele.<\/p>\n<p>P\u00f5hitehnilised omadused:<\/p>\n<p>T\u00f6\u00f6pinge 9-36 V, sobib nii 12 V kui 24 V elektris\u00fcsteemidega.<br \/>\nValguse v\u00e4rvitemperatuur umbes 4700 K, mis annab loomuliku valge valguse, mis ei v\u00e4sita silmi.<br \/>\nT\u00e4isv\u00f5imsusel valgusvoog on umbes 10100 lumenit; R112 n\u00f5uetele vastavas re\u017eiimis, kus valgus-kiirus ja v\u00e4lja\u00ads\u00e4te on seadusega lubatud, j\u00e4\u00e4b see umbes 2300 lm tasemele.<br \/>\n1 lux tase t\u00e4isv\u00f5imsusel ca 945 meetrit, R112 re\u017eiimis umbes 450 meetrit. See t\u00e4hendab, et valgus paistab v\u00e4ga kaugele, kui kasutada t\u00e4isv\u00f5imsusel. <\/p>\n<p>Ehituse ja mugavuse omadused:<br \/>\nKorpus materjalidest: tugev alumiinium ja l\u00e4\u00e4ts pol\u00fckarbonaadist (l\u00f6\u00f6gikindel).<br \/>\nM\u00f5\u00f5tmed umbes 790 \u00d7 72 \u00d7 92 mm.<br \/>\nPistiku t\u00fc\u00fcp: 4-pin DTP \u00fchendus \u2012 ilmastikukindel ja t\u00f6\u00f6kindel \u00fchendus rajal v\u00f5i teel.<br \/>\nSertifikaadid: R10 ja R112 \u2012 seadusega n\u00f5utavad standardid, mis lubavad seda kasutada lisatuledena liikluses, kui re\u017eiimid sobivad. <\/p>\n<p>X-VISION Genesis II 800 Spot beam lisatuli <\/p>\n","protected":false},"excerpt":{"rendered":"<p>X-VISION Genesis II 800 Spot beam lisatuli<br \/>\nM\u00f5\u00f5tmed: 790 x 72 x 92 mm<br \/>\nPinge: 9-36V<br \/>\nLumenid: 10100 lm<br \/>\nReferentsarv: 50<br \/>\nVorm: Riba<br \/>\nV\u00e4rvitemperatuur: 4700 K<br \/>\nKaugus 1 lux: 450 m<br \/>\nDouble up kaugus 1 lux: 945 m<br \/>\nPistiku t\u00fc\u00fcp: 4-pin DTP<br \/>\nKorpuse materjal: Alumiinium<br \/>\nL\u00e4\u00e4tse materjal: Pol\u00fckarbonaat<br \/>\nSertifikaadid: R10, R112<br \/>\nMudeli nimi: Genesis II 800 Spot beam<br \/>\nKaal: 5.89 kg<br \/>\n<strong>Eeldatav tarneaeg 1-7 t\u00f6\u00f6p\u00e4eva<\/strong><\/p>\n","protected":false},"featured_media":22689,"template":"","meta":{"inline_featured_image":false},"product_cat":[1116,1117],"product_tag":[2328,650,913,654,649,144,2327],"class_list":{"0":"post-22669","1":"product","2":"type-product","3":"status-publish","4":"has-post-thumbnail","6":"product_brand-x-vision","7":"product_cat-lisaseadmed-ehitusseadmed-led-lisatuled-cb-raadiod-lallar","8":"product_cat-lisatuled","9":"product_tag-1605-ns3744","10":"product_tag-kaugtuli","11":"product_tag-led-bar","12":"product_tag-led-tuli","13":"product_tag-lisatuli","14":"product_tag-x-vision","15":"product_tag-x-vision-genesis-ii-800-spot-beam","17":"first","18":"instock","19":"sale","20":"taxable","21":"shipping-taxable","22":"purchasable","23":"product-type-simple"},"yoast_head":"<!-- This site is optimized with the Yoast SEO plugin v27.4 - https:\/\/yoast.com\/product\/yoast-seo-wordpress\/ -->\n<title>X-VISION Genesis II 800 Spot beam lisatuli<\/title>\n<meta name=\"description\" content=\"X-VISION Genesis II 800 Spot beam lisatuli Valguse v\u00e4rvitemperatuur on umbes 4700 K, mis annab loomuliku valge valguse ja ei v\u00e4sita silmi.\" \/>\n<meta name=\"robots\" content=\"index, follow, max-snippet:-1, max-image-preview:large, max-video-preview:-1\" \/>\n<link rel=\"canonical\" href=\"https:\/\/ranoja.ee\/toode\/x-vision-genesis-ii-800-spot-beam-lisatuli\/\" \/>\n<meta property=\"og:locale\" content=\"en_US\" \/>\n<meta property=\"og:type\" content=\"article\" \/>\n<meta property=\"og:title\" content=\"X-VISION Genesis II 800 Spot beam lisatuli\" \/>\n<meta property=\"og:description\" content=\"X-VISION Genesis II 800 Spot beam lisatuli Valguse v\u00e4rvitemperatuur on umbes 4700 K, mis annab loomuliku valge valguse ja ei v\u00e4sita silmi.\" \/>\n<meta property=\"og:url\" content=\"https:\/\/ranoja.ee\/toode\/x-vision-genesis-ii-800-spot-beam-lisatuli\/\" \/>\n<meta property=\"og:site_name\" content=\"Ranoja\" \/>\n<meta property=\"article:publisher\" content=\"https:\/\/www.facebook.com\/ranoja.ee\" \/>\n<meta property=\"article:modified_time\" content=\"2025-12-12T12:48:34+00:00\" \/>\n<meta property=\"og:image\" content=\"https:\/\/ranoja.ee\/wp-content\/uploads\/2025\/10\/X-VISION-Genesis-II-800-Spot-beam-lisatuli-5.jpg\" \/>\n\t<meta property=\"og:image:width\" content=\"800\" \/>\n\t<meta property=\"og:image:height\" content=\"600\" \/>\n\t<meta property=\"og:image:type\" content=\"image\/jpeg\" \/>\n<meta name=\"twitter:card\" content=\"summary_large_image\" \/>\n<meta name=\"twitter:label1\" content=\"Est. reading time\" \/>\n\t<meta name=\"twitter:data1\" content=\"2 minutes\" \/>\n<script type=\"application\/ld+json\" class=\"yoast-schema-graph\">{\"@context\":\"https:\\\/\\\/schema.org\",\"@graph\":[{\"@type\":\"WebPage\",\"@id\":\"https:\\\/\\\/ranoja.ee\\\/toode\\\/x-vision-genesis-ii-800-spot-beam-lisatuli\\\/\",\"url\":\"https:\\\/\\\/ranoja.ee\\\/toode\\\/x-vision-genesis-ii-800-spot-beam-lisatuli\\\/\",\"name\":\"X-VISION Genesis II 800 Spot beam lisatuli\",\"isPartOf\":{\"@id\":\"https:\\\/\\\/ranoja.ee\\\/#website\"},\"primaryImageOfPage\":{\"@id\":\"https:\\\/\\\/ranoja.ee\\\/toode\\\/x-vision-genesis-ii-800-spot-beam-lisatuli\\\/#primaryimage\"},\"image\":{\"@id\":\"https:\\\/\\\/ranoja.ee\\\/toode\\\/x-vision-genesis-ii-800-spot-beam-lisatuli\\\/#primaryimage\"},\"thumbnailUrl\":\"https:\\\/\\\/ranoja.ee\\\/wp-content\\\/uploads\\\/2025\\\/10\\\/X-VISION-Genesis-II-800-Spot-beam-lisatuli-5.jpg\",\"datePublished\":\"2025-10-10T14:24:37+00:00\",\"dateModified\":\"2025-12-12T12:48:34+00:00\",\"description\":\"X-VISION Genesis II 800 Spot beam lisatuli Valguse v\u00e4rvitemperatuur on umbes 4700 K, mis annab loomuliku valge valguse ja ei v\u00e4sita silmi.\",\"breadcrumb\":{\"@id\":\"https:\\\/\\\/ranoja.ee\\\/toode\\\/x-vision-genesis-ii-800-spot-beam-lisatuli\\\/#breadcrumb\"},\"inLanguage\":\"en-US\",\"potentialAction\":[{\"@type\":\"ReadAction\",\"target\":[\"https:\\\/\\\/ranoja.ee\\\/toode\\\/x-vision-genesis-ii-800-spot-beam-lisatuli\\\/\"]}]},{\"@type\":\"ImageObject\",\"inLanguage\":\"en-US\",\"@id\":\"https:\\\/\\\/ranoja.ee\\\/toode\\\/x-vision-genesis-ii-800-spot-beam-lisatuli\\\/#primaryimage\",\"url\":\"https:\\\/\\\/ranoja.ee\\\/wp-content\\\/uploads\\\/2025\\\/10\\\/X-VISION-Genesis-II-800-Spot-beam-lisatuli-5.jpg\",\"contentUrl\":\"https:\\\/\\\/ranoja.ee\\\/wp-content\\\/uploads\\\/2025\\\/10\\\/X-VISION-Genesis-II-800-Spot-beam-lisatuli-5.jpg\",\"width\":800,\"height\":600,\"caption\":\"X-VISION Genesis II 800 Spot beam lisatuli\"},{\"@type\":\"BreadcrumbList\",\"@id\":\"https:\\\/\\\/ranoja.ee\\\/toode\\\/x-vision-genesis-ii-800-spot-beam-lisatuli\\\/#breadcrumb\",\"itemListElement\":[{\"@type\":\"ListItem\",\"position\":1,\"name\":\"Home\",\"item\":\"https:\\\/\\\/ranoja.ee\\\/\"},{\"@type\":\"ListItem\",\"position\":2,\"name\":\"Shop\",\"item\":\"https:\\\/\\\/ranoja.ee\\\/en\\\/shop\\\/\"},{\"@type\":\"ListItem\",\"position\":3,\"name\":\"X-VISION Genesis II 800 Spot beam lisatuli\"}]},{\"@type\":\"WebSite\",\"@id\":\"https:\\\/\\\/ranoja.ee\\\/#website\",\"url\":\"https:\\\/\\\/ranoja.ee\\\/\",\"name\":\"Ranoja\",\"description\":\"Equipment Shop WooCommerce WordPress Theme for Machine &amp; Tools\",\"publisher\":{\"@id\":\"https:\\\/\\\/ranoja.ee\\\/#organization\"},\"potentialAction\":[{\"@type\":\"SearchAction\",\"target\":{\"@type\":\"EntryPoint\",\"urlTemplate\":\"https:\\\/\\\/ranoja.ee\\\/?s={search_term_string}\"},\"query-input\":{\"@type\":\"PropertyValueSpecification\",\"valueRequired\":true,\"valueName\":\"search_term_string\"}}],\"inLanguage\":\"en-US\"},{\"@type\":\"Organization\",\"@id\":\"https:\\\/\\\/ranoja.ee\\\/#organization\",\"name\":\"Ranoja O\u00dc\",\"url\":\"https:\\\/\\\/ranoja.ee\\\/\",\"logo\":{\"@type\":\"ImageObject\",\"inLanguage\":\"en-US\",\"@id\":\"https:\\\/\\\/ranoja.ee\\\/#\\\/schema\\\/logo\\\/image\\\/\",\"url\":\"https:\\\/\\\/ranoja.ee\\\/wp-content\\\/uploads\\\/2023\\\/11\\\/ranoja-Logo.png\",\"contentUrl\":\"https:\\\/\\\/ranoja.ee\\\/wp-content\\\/uploads\\\/2023\\\/11\\\/ranoja-Logo.png\",\"width\":207,\"height\":58,\"caption\":\"Ranoja O\u00dc\"},\"image\":{\"@id\":\"https:\\\/\\\/ranoja.ee\\\/#\\\/schema\\\/logo\\\/image\\\/\"},\"sameAs\":[\"https:\\\/\\\/www.facebook.com\\\/ranoja.ee\",\"https:\\\/\\\/www.instagram.com\\\/ranoja__\\\/\"]}]}<\/script>\n<!-- \/ Yoast SEO plugin. -->","yoast_head_json":{"title":"X-VISION Genesis II 800 Spot beam lisatuli","description":"X-VISION Genesis II 800 Spot beam lisatuli Valguse v\u00e4rvitemperatuur on umbes 4700 K, mis annab loomuliku valge valguse ja ei v\u00e4sita silmi.","robots":{"index":"index","follow":"follow","max-snippet":"max-snippet:-1","max-image-preview":"max-image-preview:large","max-video-preview":"max-video-preview:-1"},"canonical":"https:\/\/ranoja.ee\/toode\/x-vision-genesis-ii-800-spot-beam-lisatuli\/","og_locale":"en_US","og_type":"article","og_title":"X-VISION Genesis II 800 Spot beam lisatuli","og_description":"X-VISION Genesis II 800 Spot beam lisatuli Valguse v\u00e4rvitemperatuur on umbes 4700 K, mis annab loomuliku valge valguse ja ei v\u00e4sita silmi.","og_url":"https:\/\/ranoja.ee\/toode\/x-vision-genesis-ii-800-spot-beam-lisatuli\/","og_site_name":"Ranoja","article_publisher":"https:\/\/www.facebook.com\/ranoja.ee","article_modified_time":"2025-12-12T12:48:34+00:00","og_image":[{"width":800,"height":600,"url":"https:\/\/ranoja.ee\/wp-content\/uploads\/2025\/10\/X-VISION-Genesis-II-800-Spot-beam-lisatuli-5.jpg","type":"image\/jpeg"}],"twitter_card":"summary_large_image","twitter_misc":{"Est. reading time":"2 minutes"},"schema":{"@context":"https:\/\/schema.org","@graph":[{"@type":"WebPage","@id":"https:\/\/ranoja.ee\/toode\/x-vision-genesis-ii-800-spot-beam-lisatuli\/","url":"https:\/\/ranoja.ee\/toode\/x-vision-genesis-ii-800-spot-beam-lisatuli\/","name":"X-VISION Genesis II 800 Spot beam lisatuli","isPartOf":{"@id":"https:\/\/ranoja.ee\/#website"},"primaryImageOfPage":{"@id":"https:\/\/ranoja.ee\/toode\/x-vision-genesis-ii-800-spot-beam-lisatuli\/#primaryimage"},"image":{"@id":"https:\/\/ranoja.ee\/toode\/x-vision-genesis-ii-800-spot-beam-lisatuli\/#primaryimage"},"thumbnailUrl":"https:\/\/ranoja.ee\/wp-content\/uploads\/2025\/10\/X-VISION-Genesis-II-800-Spot-beam-lisatuli-5.jpg","datePublished":"2025-10-10T14:24:37+00:00","dateModified":"2025-12-12T12:48:34+00:00","description":"X-VISION Genesis II 800 Spot beam lisatuli Valguse v\u00e4rvitemperatuur on umbes 4700 K, mis annab loomuliku valge valguse ja ei v\u00e4sita silmi.","breadcrumb":{"@id":"https:\/\/ranoja.ee\/toode\/x-vision-genesis-ii-800-spot-beam-lisatuli\/#breadcrumb"},"inLanguage":"en-US","potentialAction":[{"@type":"ReadAction","target":["https:\/\/ranoja.ee\/toode\/x-vision-genesis-ii-800-spot-beam-lisatuli\/"]}]},{"@type":"ImageObject","inLanguage":"en-US","@id":"https:\/\/ranoja.ee\/toode\/x-vision-genesis-ii-800-spot-beam-lisatuli\/#primaryimage","url":"https:\/\/ranoja.ee\/wp-content\/uploads\/2025\/10\/X-VISION-Genesis-II-800-Spot-beam-lisatuli-5.jpg","contentUrl":"https:\/\/ranoja.ee\/wp-content\/uploads\/2025\/10\/X-VISION-Genesis-II-800-Spot-beam-lisatuli-5.jpg","width":800,"height":600,"caption":"X-VISION Genesis II 800 Spot beam lisatuli"},{"@type":"BreadcrumbList","@id":"https:\/\/ranoja.ee\/toode\/x-vision-genesis-ii-800-spot-beam-lisatuli\/#breadcrumb","itemListElement":[{"@type":"ListItem","position":1,"name":"Home","item":"https:\/\/ranoja.ee\/"},{"@type":"ListItem","position":2,"name":"Shop","item":"https:\/\/ranoja.ee\/en\/shop\/"},{"@type":"ListItem","position":3,"name":"X-VISION Genesis II 800 Spot beam lisatuli"}]},{"@type":"WebSite","@id":"https:\/\/ranoja.ee\/#website","url":"https:\/\/ranoja.ee\/","name":"Ranoja","description":"Equipment Shop WooCommerce WordPress Theme for Machine &amp; Tools","publisher":{"@id":"https:\/\/ranoja.ee\/#organization"},"potentialAction":[{"@type":"SearchAction","target":{"@type":"EntryPoint","urlTemplate":"https:\/\/ranoja.ee\/?s={search_term_string}"},"query-input":{"@type":"PropertyValueSpecification","valueRequired":true,"valueName":"search_term_string"}}],"inLanguage":"en-US"},{"@type":"Organization","@id":"https:\/\/ranoja.ee\/#organization","name":"Ranoja O\u00dc","url":"https:\/\/ranoja.ee\/","logo":{"@type":"ImageObject","inLanguage":"en-US","@id":"https:\/\/ranoja.ee\/#\/schema\/logo\/image\/","url":"https:\/\/ranoja.ee\/wp-content\/uploads\/2023\/11\/ranoja-Logo.png","contentUrl":"https:\/\/ranoja.ee\/wp-content\/uploads\/2023\/11\/ranoja-Logo.png","width":207,"height":58,"caption":"Ranoja O\u00dc"},"image":{"@id":"https:\/\/ranoja.ee\/#\/schema\/logo\/image\/"},"sameAs":["https:\/\/www.facebook.com\/ranoja.ee","https:\/\/www.instagram.com\/ranoja__\/"]}]}},"_links":{"self":[{"href":"https:\/\/ranoja.ee\/en\/wp-json\/wp\/v2\/product\/22669","targetHints":{"allow":["GET"]}}],"collection":[{"href":"https:\/\/ranoja.ee\/en\/wp-json\/wp\/v2\/product"}],"about":[{"href":"https:\/\/ranoja.ee\/en\/wp-json\/wp\/v2\/types\/product"}],"wp:featuredmedia":[{"embeddable":true,"href":"https:\/\/ranoja.ee\/en\/wp-json\/wp\/v2\/media\/22689"}],"wp:attachment":[{"href":"https:\/\/ranoja.ee\/en\/wp-json\/wp\/v2\/media?parent=22669"}],"wp:term":[{"taxonomy":"product_cat","embeddable":true,"href":"https:\/\/ranoja.ee\/en\/wp-json\/wp\/v2\/product_cat?post=22669"},{"taxonomy":"product_tag","embeddable":true,"href":"https:\/\/ranoja.ee\/en\/wp-json\/wp\/v2\/product_tag?post=22669"}],"curies":[{"name":"wp","href":"https:\/\/api.w.org\/{rel}","templated":true}]}}