{"id":22660,"date":"2025-10-10T17:15:48","date_gmt":"2025-10-10T14:15:48","guid":{"rendered":"https:\/\/ranoja.ee\/?post_type=product&#038;p=22660"},"modified":"2025-12-12T15:48:34","modified_gmt":"2025-12-12T12:48:34","slug":"x-vision-genesis-ii-800-hybrid-beam-lisatuli","status":"publish","type":"product","link":"https:\/\/ranoja.ee\/en\/toode\/x-vision-genesis-ii-800-hybrid-beam-lisatuli\/","title":{"rendered":"X-VISION Genesis II 800 Hybrid beam lisatuli"},"content":{"rendered":"<p>X-VISION Genesis II 800 Hybrid beam lisatuli<\/p>\n<p>LED-lisatuli, mis \u00fchendab endas nii kaugtule kui ka laia valgusvihu funktsioonid \u2013 seda kutsutakse \u201chybrid beam\u201d lahenduseks.<br \/>\nSee mudel t\u00f6\u00f6tab pingel 9\u201336 V, mis t\u00e4hendab, et seda saab kasutada nii 12 V kui ka 24 V s\u00fcsteemidega.<br \/>\nValgusvoog t\u00e4isv\u00f5imsusel on kuni 10 700 lm, \u00fclalpidamisre\u017eiimis (\u201cR112-vastavuses\u201d) umbes 4 100 lm.<br \/>\nValgustul on ka m\u00e4rkimisv\u00e4\u00e4rne ulatus. 1 lux 760 meetrit t\u00e4isv\u00f5imsusel ja ligikaudu 450 meetrit R112-re\u017eiimis, mis n\u00e4itab, kui kaugele valgus ulatub.<br \/>\nLisatuli on varustatud pol\u00fckarbonaat-l\u00e4\u00e4tsaga, mis on l\u00f6\u00f6gikindel ja vastupidav.<br \/>\nKorpuse konstruktsioon koos raamita esiakna kujundusega aitab v\u00e4ltida lume, j\u00e4\u00e4 ja pori kogunemist l\u00e4\u00e4tsede servadesse. <\/p>\n<p>Teised olulised omadused:<br \/>\nV\u00e4rvitemperatuur ~ 4500 K, mis tagab loomuliku valge valguse kontrastseks n\u00e4htavuseks pimedas.<br \/>\nM\u00f5\u00f5tmed umbes 790 \u00d7 72 \u00d7 92 mm.<br \/>\nT\u00e4histatud standarditega R112 ja R10, mis n\u00e4itab, et lamp vastab teatud liiklus- ja elektromagnetilise sobivuse n\u00f5uetele.<br \/>\nFunktsioon \u201cDouble Up\u201d, mis v\u00f5imaldab lambi t\u00f6\u00f6tamist k\u00f5rgendatud valgusvoo re\u017eiimis (t\u00e4isv\u00f5imsusel), aga seda re\u017eiimi ei pruugi liikluses lubatud olla. <\/p>\n<p>Kokkuv\u00f5ttes on Genesis II 800 Hybrid Beam tugev ja paindlik LED-lisavalgus. Mis sobib h\u00e4sti s\u00f5idukitele, mis vajavad nii pikka ulatust kui ka laia valguskatvust. N\u00e4iteks maanteel, maastikul v\u00f5i \u00f6istel ekspeditsioonidel.<\/p>\n<p>X-VISION Genesis II 800 Hybrid beam lisatuli<\/p>\n","protected":false},"excerpt":{"rendered":"<p>X-VISION Genesis II 800 Hybrid beam lisatuli<br \/>\nM\u00f5\u00f5tmed: 790.00 x 72.00 x 92.00 mm<br \/>\nPinge: 9-36V<br \/>\nLumenid: 10700 lm<br \/>\nReferentsarv: 50<br \/>\nVorm: Riba<br \/>\nV\u00e4rvitemperatuur: 4500 K<br \/>\nPistiku t\u00fc\u00fcp: 4-pin DTP<br \/>\nKorpuse materjal: Alumiinium<br \/>\nL\u00e4\u00e4tse materjal: Pol\u00fckarbonaat<br \/>\nSertifikaadid: R10, R112<br \/>\nMudeli nimi: Genesis II 800 Hybrid beam<br \/>\nKaal: 5.89 kg<br \/>\n<strong>Eeldatav tarneaeg 1-7 t\u00f6\u00f6p\u00e4eva<\/strong><\/p>\n","protected":false},"featured_media":22667,"template":"","meta":{"inline_featured_image":false},"product_cat":[1116,1117],"product_tag":[2326,986,987,650,913,654,649,144,2325],"class_list":{"0":"post-22660","1":"product","2":"type-product","3":"status-publish","4":"has-post-thumbnail","6":"product_brand-x-vision","7":"product_cat-lisaseadmed-ehitusseadmed-led-lisatuled-cb-raadiod-lallar","8":"product_cat-lisatuled","9":"product_tag-1605-ns3743","10":"product_tag-1605-wk044","11":"product_tag-1605-wk063","12":"product_tag-kaugtuli","13":"product_tag-led-bar","14":"product_tag-led-tuli","15":"product_tag-lisatuli","16":"product_tag-x-vision","17":"product_tag-x-vision-genesis-ii-800-hybrid-beam","19":"first","20":"instock","21":"sale","22":"taxable","23":"shipping-taxable","24":"purchasable","25":"product-type-simple"},"yoast_head":"<!-- This site is optimized with the Yoast SEO plugin v27.4 - https:\/\/yoast.com\/product\/yoast-seo-wordpress\/ -->\n<title>X-VISION Genesis II 800 Hybrid beam lisatuli<\/title>\n<meta name=\"description\" content=\"X-VISION Genesis II 800 Hybrid beam lisatuli See mudel t\u00f6\u00f6tab pingel 9 \u2013 36 V, mis t\u00e4hendab, et seda saab kasutada nii 12 V kui ka 24 V s\u00fcsteemidega.\" \/>\n<meta name=\"robots\" content=\"index, follow, max-snippet:-1, max-image-preview:large, max-video-preview:-1\" \/>\n<link rel=\"canonical\" href=\"https:\/\/ranoja.ee\/toode\/x-vision-genesis-ii-800-hybrid-beam-lisatuli\/\" \/>\n<meta property=\"og:locale\" content=\"en_US\" \/>\n<meta property=\"og:type\" content=\"article\" \/>\n<meta property=\"og:title\" content=\"X-VISION Genesis II 800 Hybrid beam lisatuli\" \/>\n<meta property=\"og:description\" content=\"X-VISION Genesis II 800 Hybrid beam lisatuli See mudel t\u00f6\u00f6tab pingel 9 \u2013 36 V, mis t\u00e4hendab, et seda saab kasutada nii 12 V kui ka 24 V s\u00fcsteemidega.\" \/>\n<meta property=\"og:url\" content=\"https:\/\/ranoja.ee\/toode\/x-vision-genesis-ii-800-hybrid-beam-lisatuli\/\" \/>\n<meta property=\"og:site_name\" content=\"Ranoja\" \/>\n<meta property=\"article:publisher\" content=\"https:\/\/www.facebook.com\/ranoja.ee\" \/>\n<meta property=\"article:modified_time\" content=\"2025-12-12T12:48:34+00:00\" \/>\n<meta property=\"og:image\" content=\"https:\/\/ranoja.ee\/wp-content\/uploads\/2025\/10\/X-VISION-Genesis-II-800-Hybrid-beam-lisatuli.jpg\" \/>\n\t<meta property=\"og:image:width\" content=\"800\" \/>\n\t<meta property=\"og:image:height\" content=\"600\" \/>\n\t<meta property=\"og:image:type\" content=\"image\/jpeg\" \/>\n<meta name=\"twitter:card\" content=\"summary_large_image\" \/>\n<meta name=\"twitter:label1\" content=\"Est. reading time\" \/>\n\t<meta name=\"twitter:data1\" content=\"2 minutes\" \/>\n<script type=\"application\/ld+json\" class=\"yoast-schema-graph\">{\"@context\":\"https:\\\/\\\/schema.org\",\"@graph\":[{\"@type\":\"WebPage\",\"@id\":\"https:\\\/\\\/ranoja.ee\\\/toode\\\/x-vision-genesis-ii-800-hybrid-beam-lisatuli\\\/\",\"url\":\"https:\\\/\\\/ranoja.ee\\\/toode\\\/x-vision-genesis-ii-800-hybrid-beam-lisatuli\\\/\",\"name\":\"X-VISION Genesis II 800 Hybrid beam lisatuli\",\"isPartOf\":{\"@id\":\"https:\\\/\\\/ranoja.ee\\\/#website\"},\"primaryImageOfPage\":{\"@id\":\"https:\\\/\\\/ranoja.ee\\\/toode\\\/x-vision-genesis-ii-800-hybrid-beam-lisatuli\\\/#primaryimage\"},\"image\":{\"@id\":\"https:\\\/\\\/ranoja.ee\\\/toode\\\/x-vision-genesis-ii-800-hybrid-beam-lisatuli\\\/#primaryimage\"},\"thumbnailUrl\":\"https:\\\/\\\/ranoja.ee\\\/wp-content\\\/uploads\\\/2025\\\/10\\\/X-VISION-Genesis-II-800-Hybrid-beam-lisatuli.jpg\",\"datePublished\":\"2025-10-10T14:15:48+00:00\",\"dateModified\":\"2025-12-12T12:48:34+00:00\",\"description\":\"X-VISION Genesis II 800 Hybrid beam lisatuli See mudel t\u00f6\u00f6tab pingel 9 \u2013 36 V, mis t\u00e4hendab, et seda saab kasutada nii 12 V kui ka 24 V s\u00fcsteemidega.\",\"breadcrumb\":{\"@id\":\"https:\\\/\\\/ranoja.ee\\\/toode\\\/x-vision-genesis-ii-800-hybrid-beam-lisatuli\\\/#breadcrumb\"},\"inLanguage\":\"en-US\",\"potentialAction\":[{\"@type\":\"ReadAction\",\"target\":[\"https:\\\/\\\/ranoja.ee\\\/toode\\\/x-vision-genesis-ii-800-hybrid-beam-lisatuli\\\/\"]}]},{\"@type\":\"ImageObject\",\"inLanguage\":\"en-US\",\"@id\":\"https:\\\/\\\/ranoja.ee\\\/toode\\\/x-vision-genesis-ii-800-hybrid-beam-lisatuli\\\/#primaryimage\",\"url\":\"https:\\\/\\\/ranoja.ee\\\/wp-content\\\/uploads\\\/2025\\\/10\\\/X-VISION-Genesis-II-800-Hybrid-beam-lisatuli.jpg\",\"contentUrl\":\"https:\\\/\\\/ranoja.ee\\\/wp-content\\\/uploads\\\/2025\\\/10\\\/X-VISION-Genesis-II-800-Hybrid-beam-lisatuli.jpg\",\"width\":800,\"height\":600,\"caption\":\"X-VISION Genesis II 800 Hybrid beam lisatuli\"},{\"@type\":\"BreadcrumbList\",\"@id\":\"https:\\\/\\\/ranoja.ee\\\/toode\\\/x-vision-genesis-ii-800-hybrid-beam-lisatuli\\\/#breadcrumb\",\"itemListElement\":[{\"@type\":\"ListItem\",\"position\":1,\"name\":\"Home\",\"item\":\"https:\\\/\\\/ranoja.ee\\\/\"},{\"@type\":\"ListItem\",\"position\":2,\"name\":\"Shop\",\"item\":\"https:\\\/\\\/ranoja.ee\\\/en\\\/shop\\\/\"},{\"@type\":\"ListItem\",\"position\":3,\"name\":\"X-VISION Genesis II 800 Hybrid beam lisatuli\"}]},{\"@type\":\"WebSite\",\"@id\":\"https:\\\/\\\/ranoja.ee\\\/#website\",\"url\":\"https:\\\/\\\/ranoja.ee\\\/\",\"name\":\"Ranoja\",\"description\":\"Equipment Shop WooCommerce WordPress Theme for Machine &amp; Tools\",\"publisher\":{\"@id\":\"https:\\\/\\\/ranoja.ee\\\/#organization\"},\"potentialAction\":[{\"@type\":\"SearchAction\",\"target\":{\"@type\":\"EntryPoint\",\"urlTemplate\":\"https:\\\/\\\/ranoja.ee\\\/?s={search_term_string}\"},\"query-input\":{\"@type\":\"PropertyValueSpecification\",\"valueRequired\":true,\"valueName\":\"search_term_string\"}}],\"inLanguage\":\"en-US\"},{\"@type\":\"Organization\",\"@id\":\"https:\\\/\\\/ranoja.ee\\\/#organization\",\"name\":\"Ranoja O\u00dc\",\"url\":\"https:\\\/\\\/ranoja.ee\\\/\",\"logo\":{\"@type\":\"ImageObject\",\"inLanguage\":\"en-US\",\"@id\":\"https:\\\/\\\/ranoja.ee\\\/#\\\/schema\\\/logo\\\/image\\\/\",\"url\":\"https:\\\/\\\/ranoja.ee\\\/wp-content\\\/uploads\\\/2023\\\/11\\\/ranoja-Logo.png\",\"contentUrl\":\"https:\\\/\\\/ranoja.ee\\\/wp-content\\\/uploads\\\/2023\\\/11\\\/ranoja-Logo.png\",\"width\":207,\"height\":58,\"caption\":\"Ranoja O\u00dc\"},\"image\":{\"@id\":\"https:\\\/\\\/ranoja.ee\\\/#\\\/schema\\\/logo\\\/image\\\/\"},\"sameAs\":[\"https:\\\/\\\/www.facebook.com\\\/ranoja.ee\",\"https:\\\/\\\/www.instagram.com\\\/ranoja__\\\/\"]}]}<\/script>\n<!-- \/ Yoast SEO plugin. -->","yoast_head_json":{"title":"X-VISION Genesis II 800 Hybrid beam lisatuli","description":"X-VISION Genesis II 800 Hybrid beam lisatuli See mudel t\u00f6\u00f6tab pingel 9 \u2013 36 V, mis t\u00e4hendab, et seda saab kasutada nii 12 V kui ka 24 V s\u00fcsteemidega.","robots":{"index":"index","follow":"follow","max-snippet":"max-snippet:-1","max-image-preview":"max-image-preview:large","max-video-preview":"max-video-preview:-1"},"canonical":"https:\/\/ranoja.ee\/toode\/x-vision-genesis-ii-800-hybrid-beam-lisatuli\/","og_locale":"en_US","og_type":"article","og_title":"X-VISION Genesis II 800 Hybrid beam lisatuli","og_description":"X-VISION Genesis II 800 Hybrid beam lisatuli See mudel t\u00f6\u00f6tab pingel 9 \u2013 36 V, mis t\u00e4hendab, et seda saab kasutada nii 12 V kui ka 24 V s\u00fcsteemidega.","og_url":"https:\/\/ranoja.ee\/toode\/x-vision-genesis-ii-800-hybrid-beam-lisatuli\/","og_site_name":"Ranoja","article_publisher":"https:\/\/www.facebook.com\/ranoja.ee","article_modified_time":"2025-12-12T12:48:34+00:00","og_image":[{"width":800,"height":600,"url":"https:\/\/ranoja.ee\/wp-content\/uploads\/2025\/10\/X-VISION-Genesis-II-800-Hybrid-beam-lisatuli.jpg","type":"image\/jpeg"}],"twitter_card":"summary_large_image","twitter_misc":{"Est. reading time":"2 minutes"},"schema":{"@context":"https:\/\/schema.org","@graph":[{"@type":"WebPage","@id":"https:\/\/ranoja.ee\/toode\/x-vision-genesis-ii-800-hybrid-beam-lisatuli\/","url":"https:\/\/ranoja.ee\/toode\/x-vision-genesis-ii-800-hybrid-beam-lisatuli\/","name":"X-VISION Genesis II 800 Hybrid beam lisatuli","isPartOf":{"@id":"https:\/\/ranoja.ee\/#website"},"primaryImageOfPage":{"@id":"https:\/\/ranoja.ee\/toode\/x-vision-genesis-ii-800-hybrid-beam-lisatuli\/#primaryimage"},"image":{"@id":"https:\/\/ranoja.ee\/toode\/x-vision-genesis-ii-800-hybrid-beam-lisatuli\/#primaryimage"},"thumbnailUrl":"https:\/\/ranoja.ee\/wp-content\/uploads\/2025\/10\/X-VISION-Genesis-II-800-Hybrid-beam-lisatuli.jpg","datePublished":"2025-10-10T14:15:48+00:00","dateModified":"2025-12-12T12:48:34+00:00","description":"X-VISION Genesis II 800 Hybrid beam lisatuli See mudel t\u00f6\u00f6tab pingel 9 \u2013 36 V, mis t\u00e4hendab, et seda saab kasutada nii 12 V kui ka 24 V s\u00fcsteemidega.","breadcrumb":{"@id":"https:\/\/ranoja.ee\/toode\/x-vision-genesis-ii-800-hybrid-beam-lisatuli\/#breadcrumb"},"inLanguage":"en-US","potentialAction":[{"@type":"ReadAction","target":["https:\/\/ranoja.ee\/toode\/x-vision-genesis-ii-800-hybrid-beam-lisatuli\/"]}]},{"@type":"ImageObject","inLanguage":"en-US","@id":"https:\/\/ranoja.ee\/toode\/x-vision-genesis-ii-800-hybrid-beam-lisatuli\/#primaryimage","url":"https:\/\/ranoja.ee\/wp-content\/uploads\/2025\/10\/X-VISION-Genesis-II-800-Hybrid-beam-lisatuli.jpg","contentUrl":"https:\/\/ranoja.ee\/wp-content\/uploads\/2025\/10\/X-VISION-Genesis-II-800-Hybrid-beam-lisatuli.jpg","width":800,"height":600,"caption":"X-VISION Genesis II 800 Hybrid beam lisatuli"},{"@type":"BreadcrumbList","@id":"https:\/\/ranoja.ee\/toode\/x-vision-genesis-ii-800-hybrid-beam-lisatuli\/#breadcrumb","itemListElement":[{"@type":"ListItem","position":1,"name":"Home","item":"https:\/\/ranoja.ee\/"},{"@type":"ListItem","position":2,"name":"Shop","item":"https:\/\/ranoja.ee\/en\/shop\/"},{"@type":"ListItem","position":3,"name":"X-VISION Genesis II 800 Hybrid beam lisatuli"}]},{"@type":"WebSite","@id":"https:\/\/ranoja.ee\/#website","url":"https:\/\/ranoja.ee\/","name":"Ranoja","description":"Equipment Shop WooCommerce WordPress Theme for Machine &amp; Tools","publisher":{"@id":"https:\/\/ranoja.ee\/#organization"},"potentialAction":[{"@type":"SearchAction","target":{"@type":"EntryPoint","urlTemplate":"https:\/\/ranoja.ee\/?s={search_term_string}"},"query-input":{"@type":"PropertyValueSpecification","valueRequired":true,"valueName":"search_term_string"}}],"inLanguage":"en-US"},{"@type":"Organization","@id":"https:\/\/ranoja.ee\/#organization","name":"Ranoja O\u00dc","url":"https:\/\/ranoja.ee\/","logo":{"@type":"ImageObject","inLanguage":"en-US","@id":"https:\/\/ranoja.ee\/#\/schema\/logo\/image\/","url":"https:\/\/ranoja.ee\/wp-content\/uploads\/2023\/11\/ranoja-Logo.png","contentUrl":"https:\/\/ranoja.ee\/wp-content\/uploads\/2023\/11\/ranoja-Logo.png","width":207,"height":58,"caption":"Ranoja O\u00dc"},"image":{"@id":"https:\/\/ranoja.ee\/#\/schema\/logo\/image\/"},"sameAs":["https:\/\/www.facebook.com\/ranoja.ee","https:\/\/www.instagram.com\/ranoja__\/"]}]}},"_links":{"self":[{"href":"https:\/\/ranoja.ee\/en\/wp-json\/wp\/v2\/product\/22660","targetHints":{"allow":["GET"]}}],"collection":[{"href":"https:\/\/ranoja.ee\/en\/wp-json\/wp\/v2\/product"}],"about":[{"href":"https:\/\/ranoja.ee\/en\/wp-json\/wp\/v2\/types\/product"}],"wp:featuredmedia":[{"embeddable":true,"href":"https:\/\/ranoja.ee\/en\/wp-json\/wp\/v2\/media\/22667"}],"wp:attachment":[{"href":"https:\/\/ranoja.ee\/en\/wp-json\/wp\/v2\/media?parent=22660"}],"wp:term":[{"taxonomy":"product_cat","embeddable":true,"href":"https:\/\/ranoja.ee\/en\/wp-json\/wp\/v2\/product_cat?post=22660"},{"taxonomy":"product_tag","embeddable":true,"href":"https:\/\/ranoja.ee\/en\/wp-json\/wp\/v2\/product_tag?post=22660"}],"curies":[{"name":"wp","href":"https:\/\/api.w.org\/{rel}","templated":true}]}}