{"id":22647,"date":"2025-10-10T17:02:42","date_gmt":"2025-10-10T14:02:42","guid":{"rendered":"https:\/\/ranoja.ee\/?post_type=product&#038;p=22647"},"modified":"2025-12-12T15:48:34","modified_gmt":"2025-12-12T12:48:34","slug":"x-vision-optima-12-lisatuli","status":"publish","type":"product","link":"https:\/\/ranoja.ee\/en\/toode\/x-vision-optima-12-lisatuli\/","title":{"rendered":"X-VISION OPTIMA 12 lisatuli"},"content":{"rendered":"<p>X-VISION OPTIMA 12 lisatuli <\/p>\n<p>Madala profiiliga LED-lisatuli, mis on m\u00f5eldud s\u00f5idukitele t\u00e4iendavaks valgustuseks. Pakkudes v\u00f5imsat ja laia valgusmustrit ning kaasaegseid tehnilisi lahendusi. Selle disain sobib h\u00e4sti paigaldamiseks numbrialusele. Esiv\u00f5re v\u00f5i muudesse sissepoole j\u00e4\u00e4vatesse kohtadesse ilma liigse k\u00f5rguseta. Kere paksus on vaid 39 mm. <\/p>\n<p>Tehnilised omadused ja j\u00f5udlus:<br \/>\nOptima 12 t\u00f6\u00f6tab pingel vahemikus 9\u201333 V, mis t\u00e4hendab, et see sobib nii 12 V kui 24 V elektris\u00fcsteemidega.<br \/>\nTule valgusvoog teoreetiline on kuni 10 500 lm, m\u00f5\u00f5detud tulemus umbes 7 000 lm. Mis v\u00f5imaldab korraliku valgusej\u00f5u ka pikematel distantsidel.<br \/>\nStandardne valgusvihu ulatus 1 lux tingimustes on umbes 430 meetrit.<br \/>\nValgusv\u00e4rv on 5000 K, mis annab neutraalse valge valguse, mis ei moonuta v\u00e4rvust ning tagab h\u00e4id kontraste. <\/p>\n<p>Konstruktsioon ja vastupidavus:<br \/>\nLamp on varustatud raamita, l\u00f6\u00f6gikindla l\u00e4\u00e4tsiga, mis ei lase lume, j\u00e4\u00e4 v\u00f5i mustusel koguneda.<br \/>\nKorpus ja kinnitused on valmistatud korrosioonikindlast materjalist. Roostevaba terasest, mis tagab pikaajalise vastupidavuse v\u00e4litingimustes.<br \/>\nKaitseklassiks on IP69K, mis t\u00e4hendab k\u00f5rget kaitset veepritsmete ja tolmu suhtes, sobides karmide oludega kasutamiseks.<br \/>\nM\u00f5\u00f5tmed on umbes 584 \u00d7 38,5 \u00d7 79,2 mm, kaal umbes 2,1 kg. <\/p>\n<p>Sertifikaadid ja kasutamine:<br \/>\nOptima 12 on E-sertifitseeritud, sisaldades n\u00f5udeid R112 ja R10, v\u00f5imaldades seadmel legaalselt toimida lisatuledena liikluses kasutamiseks, kui paigaldamine vastab n\u00f5uetele. Valguskujundus on ovale kujudega, mis ei pelga ka teeserva valgustamist \u2013 optika on s\u00e4testatud nii, et valgus ei keskendu rangelt v\u00e4ga kaugele, vaid levib ka tee \u00e4\u00e4re suunas. <\/p>\n<p>X-VISION OPTIMA 12 lisatuli <\/p>\n","protected":false},"excerpt":{"rendered":"<p>X-VISION OPTIMA 12 lisatuli<br \/>\nM\u00f5\u00f5tmed: 584 x 38.50 x 79.20 mm<br \/>\nPinge: 9-32 V<br \/>\nLumenid: 10500 lm<br \/>\nLumenid m\u00f5\u00f5detud: 7000 lm<br \/>\nReferentsarv: 50<br \/>\nVorm: Riba<br \/>\nV\u00e4rvitemperatuur: 5000 K<br \/>\nPistiku t\u00fc\u00fcp: 2-pin DT<br \/>\nJuhtme pikkus: 2.20 m<br \/>\nIP klassifikatsioon: IP69K<br \/>\nSertifikaadid: R112, R10<br \/>\nMudeli nimi: OPTIMA 12<br \/>\nKaal: 2.80 kg<br \/>\n<strong>Eeldatav tarneaeg 1-7 t\u00f6\u00f6p\u00e4eva<\/strong><\/p>\n","protected":false},"featured_media":22658,"template":"","meta":{"inline_featured_image":false},"product_cat":[1116,1117],"product_tag":[2459,2324,650,913,654,649,144,2323],"class_list":{"0":"post-22647","1":"product","2":"type-product","3":"status-publish","4":"has-post-thumbnail","6":"product_brand-x-vision","7":"product_cat-lisaseadmed-ehitusseadmed-led-lisatuled-cb-raadiod-lallar","8":"product_cat-lisatuled","9":"product_tag-1605-3041","10":"product_tag-1605-ns3740","11":"product_tag-kaugtuli","12":"product_tag-led-bar","13":"product_tag-led-tuli","14":"product_tag-lisatuli","15":"product_tag-x-vision","16":"product_tag-x-vision-optima-12","18":"first","19":"instock","20":"sale","21":"taxable","22":"shipping-taxable","23":"purchasable","24":"product-type-simple"},"yoast_head":"<!-- This site is optimized with the Yoast SEO plugin v27.4 - https:\/\/yoast.com\/product\/yoast-seo-wordpress\/ -->\n<title>X-VISION OPTIMA 12 lisatuli<\/title>\n<meta name=\"description\" content=\"X-VISION OPTIMA 12 lisatuli Madala profiiliga LED-lisatuli, mis on m\u00f5eldud kasutamiseks s\u00f5idukitele t\u00e4iendavaks valgustus allikaks.\" \/>\n<meta name=\"robots\" content=\"index, follow, max-snippet:-1, max-image-preview:large, max-video-preview:-1\" \/>\n<link rel=\"canonical\" href=\"https:\/\/ranoja.ee\/toode\/x-vision-optima-12-lisatuli\/\" \/>\n<meta property=\"og:locale\" content=\"en_US\" \/>\n<meta property=\"og:type\" content=\"article\" \/>\n<meta property=\"og:title\" content=\"X-VISION OPTIMA 12 lisatuli\" \/>\n<meta property=\"og:description\" content=\"X-VISION OPTIMA 12 lisatuli Madala profiiliga LED-lisatuli, mis on m\u00f5eldud kasutamiseks s\u00f5idukitele t\u00e4iendavaks valgustus allikaks.\" \/>\n<meta property=\"og:url\" content=\"https:\/\/ranoja.ee\/toode\/x-vision-optima-12-lisatuli\/\" \/>\n<meta property=\"og:site_name\" content=\"Ranoja\" \/>\n<meta property=\"article:publisher\" content=\"https:\/\/www.facebook.com\/ranoja.ee\" \/>\n<meta property=\"article:modified_time\" content=\"2025-12-12T12:48:34+00:00\" \/>\n<meta property=\"og:image\" content=\"https:\/\/ranoja.ee\/wp-content\/uploads\/2025\/10\/X-VISION-OPTIMA-12-lisatuli.jpg\" \/>\n\t<meta property=\"og:image:width\" content=\"400\" \/>\n\t<meta property=\"og:image:height\" content=\"300\" \/>\n\t<meta property=\"og:image:type\" content=\"image\/jpeg\" \/>\n<meta name=\"twitter:card\" content=\"summary_large_image\" \/>\n<meta name=\"twitter:label1\" content=\"Est. reading time\" \/>\n\t<meta name=\"twitter:data1\" content=\"2 minutes\" \/>\n<script type=\"application\/ld+json\" class=\"yoast-schema-graph\">{\"@context\":\"https:\\\/\\\/schema.org\",\"@graph\":[{\"@type\":\"WebPage\",\"@id\":\"https:\\\/\\\/ranoja.ee\\\/toode\\\/x-vision-optima-12-lisatuli\\\/\",\"url\":\"https:\\\/\\\/ranoja.ee\\\/toode\\\/x-vision-optima-12-lisatuli\\\/\",\"name\":\"X-VISION OPTIMA 12 lisatuli\",\"isPartOf\":{\"@id\":\"https:\\\/\\\/ranoja.ee\\\/#website\"},\"primaryImageOfPage\":{\"@id\":\"https:\\\/\\\/ranoja.ee\\\/toode\\\/x-vision-optima-12-lisatuli\\\/#primaryimage\"},\"image\":{\"@id\":\"https:\\\/\\\/ranoja.ee\\\/toode\\\/x-vision-optima-12-lisatuli\\\/#primaryimage\"},\"thumbnailUrl\":\"https:\\\/\\\/ranoja.ee\\\/wp-content\\\/uploads\\\/2025\\\/10\\\/X-VISION-OPTIMA-12-lisatuli.jpg\",\"datePublished\":\"2025-10-10T14:02:42+00:00\",\"dateModified\":\"2025-12-12T12:48:34+00:00\",\"description\":\"X-VISION OPTIMA 12 lisatuli Madala profiiliga LED-lisatuli, mis on m\u00f5eldud kasutamiseks s\u00f5idukitele t\u00e4iendavaks valgustus allikaks.\",\"breadcrumb\":{\"@id\":\"https:\\\/\\\/ranoja.ee\\\/toode\\\/x-vision-optima-12-lisatuli\\\/#breadcrumb\"},\"inLanguage\":\"en-US\",\"potentialAction\":[{\"@type\":\"ReadAction\",\"target\":[\"https:\\\/\\\/ranoja.ee\\\/toode\\\/x-vision-optima-12-lisatuli\\\/\"]}]},{\"@type\":\"ImageObject\",\"inLanguage\":\"en-US\",\"@id\":\"https:\\\/\\\/ranoja.ee\\\/toode\\\/x-vision-optima-12-lisatuli\\\/#primaryimage\",\"url\":\"https:\\\/\\\/ranoja.ee\\\/wp-content\\\/uploads\\\/2025\\\/10\\\/X-VISION-OPTIMA-12-lisatuli.jpg\",\"contentUrl\":\"https:\\\/\\\/ranoja.ee\\\/wp-content\\\/uploads\\\/2025\\\/10\\\/X-VISION-OPTIMA-12-lisatuli.jpg\",\"width\":400,\"height\":300,\"caption\":\"X-VISION OPTIMA 12 lisatuli\"},{\"@type\":\"BreadcrumbList\",\"@id\":\"https:\\\/\\\/ranoja.ee\\\/toode\\\/x-vision-optima-12-lisatuli\\\/#breadcrumb\",\"itemListElement\":[{\"@type\":\"ListItem\",\"position\":1,\"name\":\"Home\",\"item\":\"https:\\\/\\\/ranoja.ee\\\/\"},{\"@type\":\"ListItem\",\"position\":2,\"name\":\"Shop\",\"item\":\"https:\\\/\\\/ranoja.ee\\\/en\\\/shop\\\/\"},{\"@type\":\"ListItem\",\"position\":3,\"name\":\"X-VISION OPTIMA 12 lisatuli\"}]},{\"@type\":\"WebSite\",\"@id\":\"https:\\\/\\\/ranoja.ee\\\/#website\",\"url\":\"https:\\\/\\\/ranoja.ee\\\/\",\"name\":\"Ranoja\",\"description\":\"Equipment Shop WooCommerce WordPress Theme for Machine &amp; Tools\",\"publisher\":{\"@id\":\"https:\\\/\\\/ranoja.ee\\\/#organization\"},\"potentialAction\":[{\"@type\":\"SearchAction\",\"target\":{\"@type\":\"EntryPoint\",\"urlTemplate\":\"https:\\\/\\\/ranoja.ee\\\/?s={search_term_string}\"},\"query-input\":{\"@type\":\"PropertyValueSpecification\",\"valueRequired\":true,\"valueName\":\"search_term_string\"}}],\"inLanguage\":\"en-US\"},{\"@type\":\"Organization\",\"@id\":\"https:\\\/\\\/ranoja.ee\\\/#organization\",\"name\":\"Ranoja O\u00dc\",\"url\":\"https:\\\/\\\/ranoja.ee\\\/\",\"logo\":{\"@type\":\"ImageObject\",\"inLanguage\":\"en-US\",\"@id\":\"https:\\\/\\\/ranoja.ee\\\/#\\\/schema\\\/logo\\\/image\\\/\",\"url\":\"https:\\\/\\\/ranoja.ee\\\/wp-content\\\/uploads\\\/2023\\\/11\\\/ranoja-Logo.png\",\"contentUrl\":\"https:\\\/\\\/ranoja.ee\\\/wp-content\\\/uploads\\\/2023\\\/11\\\/ranoja-Logo.png\",\"width\":207,\"height\":58,\"caption\":\"Ranoja O\u00dc\"},\"image\":{\"@id\":\"https:\\\/\\\/ranoja.ee\\\/#\\\/schema\\\/logo\\\/image\\\/\"},\"sameAs\":[\"https:\\\/\\\/www.facebook.com\\\/ranoja.ee\",\"https:\\\/\\\/www.instagram.com\\\/ranoja__\\\/\"]}]}<\/script>\n<!-- \/ Yoast SEO plugin. -->","yoast_head_json":{"title":"X-VISION OPTIMA 12 lisatuli","description":"X-VISION OPTIMA 12 lisatuli Madala profiiliga LED-lisatuli, mis on m\u00f5eldud kasutamiseks s\u00f5idukitele t\u00e4iendavaks valgustus allikaks.","robots":{"index":"index","follow":"follow","max-snippet":"max-snippet:-1","max-image-preview":"max-image-preview:large","max-video-preview":"max-video-preview:-1"},"canonical":"https:\/\/ranoja.ee\/toode\/x-vision-optima-12-lisatuli\/","og_locale":"en_US","og_type":"article","og_title":"X-VISION OPTIMA 12 lisatuli","og_description":"X-VISION OPTIMA 12 lisatuli Madala profiiliga LED-lisatuli, mis on m\u00f5eldud kasutamiseks s\u00f5idukitele t\u00e4iendavaks valgustus allikaks.","og_url":"https:\/\/ranoja.ee\/toode\/x-vision-optima-12-lisatuli\/","og_site_name":"Ranoja","article_publisher":"https:\/\/www.facebook.com\/ranoja.ee","article_modified_time":"2025-12-12T12:48:34+00:00","og_image":[{"width":400,"height":300,"url":"https:\/\/ranoja.ee\/wp-content\/uploads\/2025\/10\/X-VISION-OPTIMA-12-lisatuli.jpg","type":"image\/jpeg"}],"twitter_card":"summary_large_image","twitter_misc":{"Est. reading time":"2 minutes"},"schema":{"@context":"https:\/\/schema.org","@graph":[{"@type":"WebPage","@id":"https:\/\/ranoja.ee\/toode\/x-vision-optima-12-lisatuli\/","url":"https:\/\/ranoja.ee\/toode\/x-vision-optima-12-lisatuli\/","name":"X-VISION OPTIMA 12 lisatuli","isPartOf":{"@id":"https:\/\/ranoja.ee\/#website"},"primaryImageOfPage":{"@id":"https:\/\/ranoja.ee\/toode\/x-vision-optima-12-lisatuli\/#primaryimage"},"image":{"@id":"https:\/\/ranoja.ee\/toode\/x-vision-optima-12-lisatuli\/#primaryimage"},"thumbnailUrl":"https:\/\/ranoja.ee\/wp-content\/uploads\/2025\/10\/X-VISION-OPTIMA-12-lisatuli.jpg","datePublished":"2025-10-10T14:02:42+00:00","dateModified":"2025-12-12T12:48:34+00:00","description":"X-VISION OPTIMA 12 lisatuli Madala profiiliga LED-lisatuli, mis on m\u00f5eldud kasutamiseks s\u00f5idukitele t\u00e4iendavaks valgustus allikaks.","breadcrumb":{"@id":"https:\/\/ranoja.ee\/toode\/x-vision-optima-12-lisatuli\/#breadcrumb"},"inLanguage":"en-US","potentialAction":[{"@type":"ReadAction","target":["https:\/\/ranoja.ee\/toode\/x-vision-optima-12-lisatuli\/"]}]},{"@type":"ImageObject","inLanguage":"en-US","@id":"https:\/\/ranoja.ee\/toode\/x-vision-optima-12-lisatuli\/#primaryimage","url":"https:\/\/ranoja.ee\/wp-content\/uploads\/2025\/10\/X-VISION-OPTIMA-12-lisatuli.jpg","contentUrl":"https:\/\/ranoja.ee\/wp-content\/uploads\/2025\/10\/X-VISION-OPTIMA-12-lisatuli.jpg","width":400,"height":300,"caption":"X-VISION OPTIMA 12 lisatuli"},{"@type":"BreadcrumbList","@id":"https:\/\/ranoja.ee\/toode\/x-vision-optima-12-lisatuli\/#breadcrumb","itemListElement":[{"@type":"ListItem","position":1,"name":"Home","item":"https:\/\/ranoja.ee\/"},{"@type":"ListItem","position":2,"name":"Shop","item":"https:\/\/ranoja.ee\/en\/shop\/"},{"@type":"ListItem","position":3,"name":"X-VISION OPTIMA 12 lisatuli"}]},{"@type":"WebSite","@id":"https:\/\/ranoja.ee\/#website","url":"https:\/\/ranoja.ee\/","name":"Ranoja","description":"Equipment Shop WooCommerce WordPress Theme for Machine &amp; Tools","publisher":{"@id":"https:\/\/ranoja.ee\/#organization"},"potentialAction":[{"@type":"SearchAction","target":{"@type":"EntryPoint","urlTemplate":"https:\/\/ranoja.ee\/?s={search_term_string}"},"query-input":{"@type":"PropertyValueSpecification","valueRequired":true,"valueName":"search_term_string"}}],"inLanguage":"en-US"},{"@type":"Organization","@id":"https:\/\/ranoja.ee\/#organization","name":"Ranoja O\u00dc","url":"https:\/\/ranoja.ee\/","logo":{"@type":"ImageObject","inLanguage":"en-US","@id":"https:\/\/ranoja.ee\/#\/schema\/logo\/image\/","url":"https:\/\/ranoja.ee\/wp-content\/uploads\/2023\/11\/ranoja-Logo.png","contentUrl":"https:\/\/ranoja.ee\/wp-content\/uploads\/2023\/11\/ranoja-Logo.png","width":207,"height":58,"caption":"Ranoja O\u00dc"},"image":{"@id":"https:\/\/ranoja.ee\/#\/schema\/logo\/image\/"},"sameAs":["https:\/\/www.facebook.com\/ranoja.ee","https:\/\/www.instagram.com\/ranoja__\/"]}]}},"_links":{"self":[{"href":"https:\/\/ranoja.ee\/en\/wp-json\/wp\/v2\/product\/22647","targetHints":{"allow":["GET"]}}],"collection":[{"href":"https:\/\/ranoja.ee\/en\/wp-json\/wp\/v2\/product"}],"about":[{"href":"https:\/\/ranoja.ee\/en\/wp-json\/wp\/v2\/types\/product"}],"wp:featuredmedia":[{"embeddable":true,"href":"https:\/\/ranoja.ee\/en\/wp-json\/wp\/v2\/media\/22658"}],"wp:attachment":[{"href":"https:\/\/ranoja.ee\/en\/wp-json\/wp\/v2\/media?parent=22647"}],"wp:term":[{"taxonomy":"product_cat","embeddable":true,"href":"https:\/\/ranoja.ee\/en\/wp-json\/wp\/v2\/product_cat?post=22647"},{"taxonomy":"product_tag","embeddable":true,"href":"https:\/\/ranoja.ee\/en\/wp-json\/wp\/v2\/product_tag?post=22647"}],"curies":[{"name":"wp","href":"https:\/\/api.w.org\/{rel}","templated":true}]}}