{"id":22631,"date":"2025-10-10T15:40:02","date_gmt":"2025-10-10T12:40:02","guid":{"rendered":"https:\/\/ranoja.ee\/?post_type=product&#038;p=22631"},"modified":"2025-12-12T15:48:34","modified_gmt":"2025-12-12T12:48:34","slug":"x-vision-genesis-ii-600-hybrid-beam-lisatuli","status":"publish","type":"product","link":"https:\/\/ranoja.ee\/en\/toode\/x-vision-genesis-ii-600-hybrid-beam-lisatuli\/","title":{"rendered":"X-VISION Genesis II 600 Hybrid Beam lisatuli"},"content":{"rendered":"<p>X-VISION Genesis II 600 Hybrid Beam lisatuli<\/p>\n<p>X-Vision Genesis II 600 Hybrid Beam on teine generatsioon populaarseks saanud Genesis LED-tuledest, mis on m\u00f5eldud s\u00f5idukite esituledena lisavalgustuseks, pakkudes palju j\u00f5udlust ja mitmek\u00fclgset valguskiirgust. Selle mudeli tugevuseks on Hybrid Beam valguskuvioon: \u00fchendab laiema valguseulatuse ja kaugvalgustuse, mis annab hea n\u00e4htavuse nii tee \u00e4\u00e4res kui kauguste silmapiiril.<\/p>\n<p>Seade t\u00f6\u00f6tab pingel 9-36 V, mis t\u00e4hendab, et see sobib nii 12 V kui ka 24 V s\u00fcsteemidega. Valgusj\u00f5udlus on teoreetiliselt 9500 luumenit, m\u00f5\u00f5detud tulemus umbes 7346 lm. Mis annab palju valgust ka n\u00f5udlikel tingimustel. Tuled on E-sertifitseeritud (sertifikaadid R112, R10), mis t\u00e4hendab, et valguskuvioon ja valgusm\u00e4\u00e4rad vastavad liiklusreeglitele. <\/p>\n<p>Valgusv\u00e4rv ehk v\u00e4rvitemperatuur on umbes 4500-K, mis annab loomulikuma ja silmas\u00f5braliku valge valguse. Ei ole liiga sinine ega liiga kollakas, heas tasakaalus n\u00e4gemise, kontrasti ja v\u00e4hese pimestumisega. <\/p>\n<p>M\u00f5\u00f5tmed ja ehitus on kvaliteetsed: lamp on umbes 548 \u00d7 72 \u00d7 92 mm, kaal umbes 4,35-4,50 kg; korpus on alumiiniumist ja esiklaas on t\u00f6\u00f6stuslikust termoplastist, mis on l\u00f6\u00f6gikindel. Pistiku t\u00fc\u00fcp on 4-pin DTP, juhtme pikkus umbes 2,20 m. Lamp on ka IP68 kaitseklassiga, mis t\u00e4hendab head kaitset tolmu ja vee eest, sobib kasutamiseks karmides ilmastikuoludes. <\/p>\n<p>X-VISION Genesis II 600 Hybrid Beam lisatuli<\/p>\n","protected":false},"excerpt":{"rendered":"<p>X-VISION Genesis II 600 Hybrid Beam lisatuli<br \/>\nM\u00f5\u00f5tmed: 548.00 x 72.00 x 92.00mm<br \/>\nPinge: 9-36V<br \/>\nLumenid: 9500 lm<br \/>\nLumenid m\u00f5\u00f5detud: 7346 lm<br \/>\nReferentsarv: 50<br \/>\nV\u00e4rv: Valge<br \/>\nVorm: Riba<br \/>\nV\u00e4rvitemperatuur: 4500 K<br \/>\nPistiku t\u00fc\u00fcp: 4-pin DTP<br \/>\nJuhtme pikkus: 2.20 m<br \/>\nSertifikaadid: R10, R112<br \/>\nMudeli nimi: Genesis II 600 Hybrid Beam<br \/>\nKaal: 4.49 kg<br \/>\n<strong>Eeldatav tarneaeg 1-7 t\u00f6\u00f6p\u00e4eva<\/strong><\/p>\n","protected":false},"featured_media":22636,"template":"","meta":{"inline_featured_image":false},"product_cat":[1116,1117],"product_tag":[2320,650,913,654,649,144],"class_list":{"0":"post-22631","1":"product","2":"type-product","3":"status-publish","4":"has-post-thumbnail","6":"product_brand-x-vision","7":"product_cat-lisaseadmed-ehitusseadmed-led-lisatuled-cb-raadiod-lallar","8":"product_cat-lisatuled","9":"product_tag-1605-ns3741w","10":"product_tag-kaugtuli","11":"product_tag-led-bar","12":"product_tag-led-tuli","13":"product_tag-lisatuli","14":"product_tag-x-vision","16":"first","17":"instock","18":"sale","19":"taxable","20":"shipping-taxable","21":"purchasable","22":"product-type-simple"},"yoast_head":"<!-- This site is optimized with the Yoast SEO plugin v27.4 - https:\/\/yoast.com\/product\/yoast-seo-wordpress\/ -->\n<title>X-VISION Genesis II 600 Hybrid Beam lisatuli<\/title>\n<meta name=\"description\" content=\"X-VISION Genesis II 600 Hybrid Beam lisatuli Lisatuli t\u00f6\u00f6tab pingel 9-36 V, mis t\u00e4hendab, et see sobib nii 12 V kui ka 24 V s\u00fcsteemidega.\" \/>\n<meta name=\"robots\" content=\"index, follow, max-snippet:-1, max-image-preview:large, max-video-preview:-1\" \/>\n<link rel=\"canonical\" href=\"https:\/\/ranoja.ee\/toode\/x-vision-genesis-ii-600-hybrid-beam-lisatuli\/\" \/>\n<meta property=\"og:locale\" content=\"en_US\" \/>\n<meta property=\"og:type\" content=\"article\" \/>\n<meta property=\"og:title\" content=\"X-VISION Genesis II 600 Hybrid Beam lisatuli\" \/>\n<meta property=\"og:description\" content=\"X-VISION Genesis II 600 Hybrid Beam lisatuli Lisatuli t\u00f6\u00f6tab pingel 9-36 V, mis t\u00e4hendab, et see sobib nii 12 V kui ka 24 V s\u00fcsteemidega.\" \/>\n<meta property=\"og:url\" content=\"https:\/\/ranoja.ee\/toode\/x-vision-genesis-ii-600-hybrid-beam-lisatuli\/\" \/>\n<meta property=\"og:site_name\" content=\"Ranoja\" \/>\n<meta property=\"article:publisher\" content=\"https:\/\/www.facebook.com\/ranoja.ee\" \/>\n<meta property=\"article:modified_time\" content=\"2025-12-12T12:48:34+00:00\" \/>\n<meta property=\"og:image\" content=\"https:\/\/ranoja.ee\/wp-content\/uploads\/2025\/10\/X-VISION-Genesis-II-600-Hybrid-Beam-lisatuli.jpg\" \/>\n\t<meta property=\"og:image:width\" content=\"800\" \/>\n\t<meta property=\"og:image:height\" content=\"600\" \/>\n\t<meta property=\"og:image:type\" content=\"image\/jpeg\" \/>\n<meta name=\"twitter:card\" content=\"summary_large_image\" \/>\n<meta name=\"twitter:label1\" content=\"Est. reading time\" \/>\n\t<meta name=\"twitter:data1\" content=\"2 minutes\" \/>\n<script type=\"application\/ld+json\" class=\"yoast-schema-graph\">{\"@context\":\"https:\\\/\\\/schema.org\",\"@graph\":[{\"@type\":\"WebPage\",\"@id\":\"https:\\\/\\\/ranoja.ee\\\/toode\\\/x-vision-genesis-ii-600-hybrid-beam-lisatuli\\\/\",\"url\":\"https:\\\/\\\/ranoja.ee\\\/toode\\\/x-vision-genesis-ii-600-hybrid-beam-lisatuli\\\/\",\"name\":\"X-VISION Genesis II 600 Hybrid Beam lisatuli\",\"isPartOf\":{\"@id\":\"https:\\\/\\\/ranoja.ee\\\/#website\"},\"primaryImageOfPage\":{\"@id\":\"https:\\\/\\\/ranoja.ee\\\/toode\\\/x-vision-genesis-ii-600-hybrid-beam-lisatuli\\\/#primaryimage\"},\"image\":{\"@id\":\"https:\\\/\\\/ranoja.ee\\\/toode\\\/x-vision-genesis-ii-600-hybrid-beam-lisatuli\\\/#primaryimage\"},\"thumbnailUrl\":\"https:\\\/\\\/ranoja.ee\\\/wp-content\\\/uploads\\\/2025\\\/10\\\/X-VISION-Genesis-II-600-Hybrid-Beam-lisatuli.jpg\",\"datePublished\":\"2025-10-10T12:40:02+00:00\",\"dateModified\":\"2025-12-12T12:48:34+00:00\",\"description\":\"X-VISION Genesis II 600 Hybrid Beam lisatuli Lisatuli t\u00f6\u00f6tab pingel 9-36 V, mis t\u00e4hendab, et see sobib nii 12 V kui ka 24 V s\u00fcsteemidega.\",\"breadcrumb\":{\"@id\":\"https:\\\/\\\/ranoja.ee\\\/toode\\\/x-vision-genesis-ii-600-hybrid-beam-lisatuli\\\/#breadcrumb\"},\"inLanguage\":\"en-US\",\"potentialAction\":[{\"@type\":\"ReadAction\",\"target\":[\"https:\\\/\\\/ranoja.ee\\\/toode\\\/x-vision-genesis-ii-600-hybrid-beam-lisatuli\\\/\"]}]},{\"@type\":\"ImageObject\",\"inLanguage\":\"en-US\",\"@id\":\"https:\\\/\\\/ranoja.ee\\\/toode\\\/x-vision-genesis-ii-600-hybrid-beam-lisatuli\\\/#primaryimage\",\"url\":\"https:\\\/\\\/ranoja.ee\\\/wp-content\\\/uploads\\\/2025\\\/10\\\/X-VISION-Genesis-II-600-Hybrid-Beam-lisatuli.jpg\",\"contentUrl\":\"https:\\\/\\\/ranoja.ee\\\/wp-content\\\/uploads\\\/2025\\\/10\\\/X-VISION-Genesis-II-600-Hybrid-Beam-lisatuli.jpg\",\"width\":800,\"height\":600,\"caption\":\"X-VISION Genesis II 600 Hybrid Beam lisatuli\"},{\"@type\":\"BreadcrumbList\",\"@id\":\"https:\\\/\\\/ranoja.ee\\\/toode\\\/x-vision-genesis-ii-600-hybrid-beam-lisatuli\\\/#breadcrumb\",\"itemListElement\":[{\"@type\":\"ListItem\",\"position\":1,\"name\":\"Home\",\"item\":\"https:\\\/\\\/ranoja.ee\\\/\"},{\"@type\":\"ListItem\",\"position\":2,\"name\":\"Shop\",\"item\":\"https:\\\/\\\/ranoja.ee\\\/en\\\/shop\\\/\"},{\"@type\":\"ListItem\",\"position\":3,\"name\":\"X-VISION Genesis II 600 Hybrid Beam lisatuli\"}]},{\"@type\":\"WebSite\",\"@id\":\"https:\\\/\\\/ranoja.ee\\\/#website\",\"url\":\"https:\\\/\\\/ranoja.ee\\\/\",\"name\":\"Ranoja\",\"description\":\"Equipment Shop WooCommerce WordPress Theme for Machine &amp; Tools\",\"publisher\":{\"@id\":\"https:\\\/\\\/ranoja.ee\\\/#organization\"},\"potentialAction\":[{\"@type\":\"SearchAction\",\"target\":{\"@type\":\"EntryPoint\",\"urlTemplate\":\"https:\\\/\\\/ranoja.ee\\\/?s={search_term_string}\"},\"query-input\":{\"@type\":\"PropertyValueSpecification\",\"valueRequired\":true,\"valueName\":\"search_term_string\"}}],\"inLanguage\":\"en-US\"},{\"@type\":\"Organization\",\"@id\":\"https:\\\/\\\/ranoja.ee\\\/#organization\",\"name\":\"Ranoja O\u00dc\",\"url\":\"https:\\\/\\\/ranoja.ee\\\/\",\"logo\":{\"@type\":\"ImageObject\",\"inLanguage\":\"en-US\",\"@id\":\"https:\\\/\\\/ranoja.ee\\\/#\\\/schema\\\/logo\\\/image\\\/\",\"url\":\"https:\\\/\\\/ranoja.ee\\\/wp-content\\\/uploads\\\/2023\\\/11\\\/ranoja-Logo.png\",\"contentUrl\":\"https:\\\/\\\/ranoja.ee\\\/wp-content\\\/uploads\\\/2023\\\/11\\\/ranoja-Logo.png\",\"width\":207,\"height\":58,\"caption\":\"Ranoja O\u00dc\"},\"image\":{\"@id\":\"https:\\\/\\\/ranoja.ee\\\/#\\\/schema\\\/logo\\\/image\\\/\"},\"sameAs\":[\"https:\\\/\\\/www.facebook.com\\\/ranoja.ee\",\"https:\\\/\\\/www.instagram.com\\\/ranoja__\\\/\"]}]}<\/script>\n<!-- \/ Yoast SEO plugin. -->","yoast_head_json":{"title":"X-VISION Genesis II 600 Hybrid Beam lisatuli","description":"X-VISION Genesis II 600 Hybrid Beam lisatuli Lisatuli t\u00f6\u00f6tab pingel 9-36 V, mis t\u00e4hendab, et see sobib nii 12 V kui ka 24 V s\u00fcsteemidega.","robots":{"index":"index","follow":"follow","max-snippet":"max-snippet:-1","max-image-preview":"max-image-preview:large","max-video-preview":"max-video-preview:-1"},"canonical":"https:\/\/ranoja.ee\/toode\/x-vision-genesis-ii-600-hybrid-beam-lisatuli\/","og_locale":"en_US","og_type":"article","og_title":"X-VISION Genesis II 600 Hybrid Beam lisatuli","og_description":"X-VISION Genesis II 600 Hybrid Beam lisatuli Lisatuli t\u00f6\u00f6tab pingel 9-36 V, mis t\u00e4hendab, et see sobib nii 12 V kui ka 24 V s\u00fcsteemidega.","og_url":"https:\/\/ranoja.ee\/toode\/x-vision-genesis-ii-600-hybrid-beam-lisatuli\/","og_site_name":"Ranoja","article_publisher":"https:\/\/www.facebook.com\/ranoja.ee","article_modified_time":"2025-12-12T12:48:34+00:00","og_image":[{"width":800,"height":600,"url":"https:\/\/ranoja.ee\/wp-content\/uploads\/2025\/10\/X-VISION-Genesis-II-600-Hybrid-Beam-lisatuli.jpg","type":"image\/jpeg"}],"twitter_card":"summary_large_image","twitter_misc":{"Est. reading time":"2 minutes"},"schema":{"@context":"https:\/\/schema.org","@graph":[{"@type":"WebPage","@id":"https:\/\/ranoja.ee\/toode\/x-vision-genesis-ii-600-hybrid-beam-lisatuli\/","url":"https:\/\/ranoja.ee\/toode\/x-vision-genesis-ii-600-hybrid-beam-lisatuli\/","name":"X-VISION Genesis II 600 Hybrid Beam lisatuli","isPartOf":{"@id":"https:\/\/ranoja.ee\/#website"},"primaryImageOfPage":{"@id":"https:\/\/ranoja.ee\/toode\/x-vision-genesis-ii-600-hybrid-beam-lisatuli\/#primaryimage"},"image":{"@id":"https:\/\/ranoja.ee\/toode\/x-vision-genesis-ii-600-hybrid-beam-lisatuli\/#primaryimage"},"thumbnailUrl":"https:\/\/ranoja.ee\/wp-content\/uploads\/2025\/10\/X-VISION-Genesis-II-600-Hybrid-Beam-lisatuli.jpg","datePublished":"2025-10-10T12:40:02+00:00","dateModified":"2025-12-12T12:48:34+00:00","description":"X-VISION Genesis II 600 Hybrid Beam lisatuli Lisatuli t\u00f6\u00f6tab pingel 9-36 V, mis t\u00e4hendab, et see sobib nii 12 V kui ka 24 V s\u00fcsteemidega.","breadcrumb":{"@id":"https:\/\/ranoja.ee\/toode\/x-vision-genesis-ii-600-hybrid-beam-lisatuli\/#breadcrumb"},"inLanguage":"en-US","potentialAction":[{"@type":"ReadAction","target":["https:\/\/ranoja.ee\/toode\/x-vision-genesis-ii-600-hybrid-beam-lisatuli\/"]}]},{"@type":"ImageObject","inLanguage":"en-US","@id":"https:\/\/ranoja.ee\/toode\/x-vision-genesis-ii-600-hybrid-beam-lisatuli\/#primaryimage","url":"https:\/\/ranoja.ee\/wp-content\/uploads\/2025\/10\/X-VISION-Genesis-II-600-Hybrid-Beam-lisatuli.jpg","contentUrl":"https:\/\/ranoja.ee\/wp-content\/uploads\/2025\/10\/X-VISION-Genesis-II-600-Hybrid-Beam-lisatuli.jpg","width":800,"height":600,"caption":"X-VISION Genesis II 600 Hybrid Beam lisatuli"},{"@type":"BreadcrumbList","@id":"https:\/\/ranoja.ee\/toode\/x-vision-genesis-ii-600-hybrid-beam-lisatuli\/#breadcrumb","itemListElement":[{"@type":"ListItem","position":1,"name":"Home","item":"https:\/\/ranoja.ee\/"},{"@type":"ListItem","position":2,"name":"Shop","item":"https:\/\/ranoja.ee\/en\/shop\/"},{"@type":"ListItem","position":3,"name":"X-VISION Genesis II 600 Hybrid Beam lisatuli"}]},{"@type":"WebSite","@id":"https:\/\/ranoja.ee\/#website","url":"https:\/\/ranoja.ee\/","name":"Ranoja","description":"Equipment Shop WooCommerce WordPress Theme for Machine &amp; Tools","publisher":{"@id":"https:\/\/ranoja.ee\/#organization"},"potentialAction":[{"@type":"SearchAction","target":{"@type":"EntryPoint","urlTemplate":"https:\/\/ranoja.ee\/?s={search_term_string}"},"query-input":{"@type":"PropertyValueSpecification","valueRequired":true,"valueName":"search_term_string"}}],"inLanguage":"en-US"},{"@type":"Organization","@id":"https:\/\/ranoja.ee\/#organization","name":"Ranoja O\u00dc","url":"https:\/\/ranoja.ee\/","logo":{"@type":"ImageObject","inLanguage":"en-US","@id":"https:\/\/ranoja.ee\/#\/schema\/logo\/image\/","url":"https:\/\/ranoja.ee\/wp-content\/uploads\/2023\/11\/ranoja-Logo.png","contentUrl":"https:\/\/ranoja.ee\/wp-content\/uploads\/2023\/11\/ranoja-Logo.png","width":207,"height":58,"caption":"Ranoja O\u00dc"},"image":{"@id":"https:\/\/ranoja.ee\/#\/schema\/logo\/image\/"},"sameAs":["https:\/\/www.facebook.com\/ranoja.ee","https:\/\/www.instagram.com\/ranoja__\/"]}]}},"_links":{"self":[{"href":"https:\/\/ranoja.ee\/en\/wp-json\/wp\/v2\/product\/22631","targetHints":{"allow":["GET"]}}],"collection":[{"href":"https:\/\/ranoja.ee\/en\/wp-json\/wp\/v2\/product"}],"about":[{"href":"https:\/\/ranoja.ee\/en\/wp-json\/wp\/v2\/types\/product"}],"wp:featuredmedia":[{"embeddable":true,"href":"https:\/\/ranoja.ee\/en\/wp-json\/wp\/v2\/media\/22636"}],"wp:attachment":[{"href":"https:\/\/ranoja.ee\/en\/wp-json\/wp\/v2\/media?parent=22631"}],"wp:term":[{"taxonomy":"product_cat","embeddable":true,"href":"https:\/\/ranoja.ee\/en\/wp-json\/wp\/v2\/product_cat?post=22631"},{"taxonomy":"product_tag","embeddable":true,"href":"https:\/\/ranoja.ee\/en\/wp-json\/wp\/v2\/product_tag?post=22631"}],"curies":[{"name":"wp","href":"https:\/\/api.w.org\/{rel}","templated":true}]}}