{"id":22609,"date":"2025-10-10T14:16:37","date_gmt":"2025-10-10T11:16:37","guid":{"rendered":"https:\/\/ranoja.ee\/?post_type=product&#038;p=22609"},"modified":"2025-12-12T15:48:34","modified_gmt":"2025-12-12T12:48:34","slug":"x-vision-optima-8-lisatuli","status":"publish","type":"product","link":"https:\/\/ranoja.ee\/en\/toode\/x-vision-optima-8-lisatuli\/","title":{"rendered":"X-VISION OPTIMA 8 lisatuli"},"content":{"rendered":"<p>X-VISION OPTIMA 8 lisatuli<\/p>\n<p>X-Vision Optima 8 on tugeva valgusj\u00f5uga LED-kaugtuli, mis on m\u00f5eldud nutikateks lisavalgustuseks s\u00f5idukitele. Tagamaks suurep\u00e4rast n\u00e4htavust ka pimedates v\u00f5i keerulistes teeoludes. See mudel \u00fchendab endas modernse disaini, vastupidavad materjalid ja k\u00f5rge standardite j\u00e4rgimise. Sobides nii igap\u00e4evaseks kasutamiseks kui ekstravarustuseks maasturitele, t\u00f6\u00f6autodele v\u00f5i muu tehnikaga kus on vaja head valguslahendust.<\/p>\n<p>Tule valgustugevus on umbes 5500 luumenit teoreetiliselt ning m\u00f5\u00f5detud umbes 4518 lm praktikas. V\u00e4rvitemperatuur on 5000 K, mis t\u00e4hendab loomulikku ja valget LED-valgust, mis ei tee v\u00e4rvide tajumist moondu. Valgustugevuse ja disaini kombinatsioonidest tulenevalt katab tuli laia ovaalse valgusvihu, ulatudes ka tee servadesse \u2013 see aitab h\u00e4sti n\u00e4htavust suurendada kitsastel ja kurvilistel teedel. <\/p>\n<p>Tehniliselt t\u00f6\u00f6tab Optima 8 pingega vahemikus 9-32 V, mis teeb selle paindlikuks kasutada erinevat t\u00fc\u00fcpi s\u00f5idukitel \u2013 nii 12 V esis\u00f5idukite kui raskema tehnikaga, mis kasutab 24 V s\u00fcsteemi. <\/p>\n<p>Tule korpus on IP klassifikatsiooniga IP69K, mis t\u00e4hendab k\u00f5rget kaitset tolmu, veepritsmete, survega vee- ja temperatuurim\u00f5jude suhtes \u2013 sobib kasutamiseks lumel, j\u00e4\u00e4s, mudas ja teiste raskete oludega. L\u00e4\u00e4ts on l\u00f6\u00f6gikindel, raamita disain r\u00f5hutab vastupidavust ja puhtama v\u00e4ljan\u00e4gemise s\u00e4ilitamist. Kinnitiused on valmistatud roostevabast terasest ja on tugevad. Juhtme pikkus on ~ 2,20 m ja pistikut\u00fc\u00fcpiks on 2-pin DT, mis on ehitatud paindlikult ja vastupidavalt. M\u00f5\u00f5tmed on umbes 404 \u00d7 38,5 \u00d7 79,2 mm. <\/p>\n<p>Valgusvihu tunnistustena kannab Optima 8 E-sertifikaate ning standardeid nagu R112 ja R10 ning Ref. 40, mis tagavad legaalsuse teedel lisatuledena. Garantii pikkus tootjate ja m\u00fc\u00fcjate juures j\u00e4\u00e4b tavaliselt 36 kuuni.<br \/>\nX-VISION OPTIMA 8 lisatuli<\/p>\n<p>X-VISION OPTIMA 8 lisatuli<\/p>\n","protected":false},"excerpt":{"rendered":"<p>X-VISION OPTIMA 8 lisatuli<br \/>\nM\u00f5\u00f5tmed: 404 x 38 x 79 mm<br \/>\nPinge: 9-32 V<br \/>\nLumenid: 5500 lm<br \/>\nValgustus kaugus: 1 lux = 347 m<br \/>\nLumenid m\u00f5\u00f5detud: 4518 lm<br \/>\nReferentsarv: 40<br \/>\nVorm: Riba<br \/>\nV\u00e4rvitemperatuur: 5000 K<br \/>\nPistiku t\u00fc\u00fcp: 2-pin DT<br \/>\nJuhtme pikkus: 2.20 m<br \/>\nIP klassifikatsioon: IP69K<br \/>\nSertifikaadid: R112, R10<br \/>\nMudeli nimi: OPTIMA 8<br \/>\nKaal: 2.10 kg<br \/>\n<strong>Eeldatav tarneaeg 1-7 t\u00f6\u00f6p\u00e4eva<\/strong><\/p>\n","protected":false},"featured_media":22620,"template":"","meta":{"inline_featured_image":false},"product_cat":[1116,1117],"product_tag":[2319,978,2318,2371,650,301,1672,649,144],"class_list":{"0":"post-22609","1":"product","2":"type-product","3":"status-publish","4":"has-post-thumbnail","6":"product_brand-x-vision","7":"product_cat-lisaseadmed-ehitusseadmed-led-lisatuled-cb-raadiod-lallar","8":"product_cat-lisatuled","9":"product_tag-1605-3040","10":"product_tag-1605-3042","11":"product_tag-1605-ns3739","12":"product_tag-1605-wk031","13":"product_tag-kaugtuli","14":"product_tag-led","15":"product_tag-led-kaugtuli-hoiatustuli","16":"product_tag-lisatuli","17":"product_tag-x-vision","19":"first","20":"instock","21":"sale","22":"taxable","23":"shipping-taxable","24":"purchasable","25":"product-type-simple"},"yoast_head":"<!-- This site is optimized with the Yoast SEO plugin v27.4 - https:\/\/yoast.com\/product\/yoast-seo-wordpress\/ -->\n<title>X-VISION OPTIMA 8 lisatuli<\/title>\n<meta name=\"description\" content=\"X-VISION OPTIMA 8 lisatuli See mudel \u00fchendab endas modernse disaini, vastupidavad materjalid ja k\u00f5rge standardite j\u00e4rgimise.\" \/>\n<meta name=\"robots\" content=\"index, follow, max-snippet:-1, max-image-preview:large, max-video-preview:-1\" \/>\n<link rel=\"canonical\" href=\"https:\/\/ranoja.ee\/toode\/x-vision-optima-8-lisatuli\/\" \/>\n<meta property=\"og:locale\" content=\"en_US\" \/>\n<meta property=\"og:type\" content=\"article\" \/>\n<meta property=\"og:title\" content=\"X-VISION OPTIMA 8 lisatuli\" \/>\n<meta property=\"og:description\" content=\"X-VISION OPTIMA 8 lisatuli See mudel \u00fchendab endas modernse disaini, vastupidavad materjalid ja k\u00f5rge standardite j\u00e4rgimise.\" \/>\n<meta property=\"og:url\" content=\"https:\/\/ranoja.ee\/toode\/x-vision-optima-8-lisatuli\/\" \/>\n<meta property=\"og:site_name\" content=\"Ranoja\" \/>\n<meta property=\"article:publisher\" content=\"https:\/\/www.facebook.com\/ranoja.ee\" \/>\n<meta property=\"article:modified_time\" content=\"2025-12-12T12:48:34+00:00\" \/>\n<meta property=\"og:image\" content=\"https:\/\/ranoja.ee\/wp-content\/uploads\/2025\/10\/X-VISION-OPTIMA-8-lisatuli.jpg\" \/>\n\t<meta property=\"og:image:width\" content=\"400\" \/>\n\t<meta property=\"og:image:height\" content=\"300\" \/>\n\t<meta property=\"og:image:type\" content=\"image\/jpeg\" \/>\n<meta name=\"twitter:card\" content=\"summary_large_image\" \/>\n<meta name=\"twitter:label1\" content=\"Est. reading time\" \/>\n\t<meta name=\"twitter:data1\" content=\"2 minutes\" \/>\n<script type=\"application\/ld+json\" class=\"yoast-schema-graph\">{\"@context\":\"https:\\\/\\\/schema.org\",\"@graph\":[{\"@type\":\"WebPage\",\"@id\":\"https:\\\/\\\/ranoja.ee\\\/toode\\\/x-vision-optima-8-lisatuli\\\/\",\"url\":\"https:\\\/\\\/ranoja.ee\\\/toode\\\/x-vision-optima-8-lisatuli\\\/\",\"name\":\"X-VISION OPTIMA 8 lisatuli\",\"isPartOf\":{\"@id\":\"https:\\\/\\\/ranoja.ee\\\/#website\"},\"primaryImageOfPage\":{\"@id\":\"https:\\\/\\\/ranoja.ee\\\/toode\\\/x-vision-optima-8-lisatuli\\\/#primaryimage\"},\"image\":{\"@id\":\"https:\\\/\\\/ranoja.ee\\\/toode\\\/x-vision-optima-8-lisatuli\\\/#primaryimage\"},\"thumbnailUrl\":\"https:\\\/\\\/ranoja.ee\\\/wp-content\\\/uploads\\\/2025\\\/10\\\/X-VISION-OPTIMA-8-lisatuli.jpg\",\"datePublished\":\"2025-10-10T11:16:37+00:00\",\"dateModified\":\"2025-12-12T12:48:34+00:00\",\"description\":\"X-VISION OPTIMA 8 lisatuli See mudel \u00fchendab endas modernse disaini, vastupidavad materjalid ja k\u00f5rge standardite j\u00e4rgimise.\",\"breadcrumb\":{\"@id\":\"https:\\\/\\\/ranoja.ee\\\/toode\\\/x-vision-optima-8-lisatuli\\\/#breadcrumb\"},\"inLanguage\":\"en-US\",\"potentialAction\":[{\"@type\":\"ReadAction\",\"target\":[\"https:\\\/\\\/ranoja.ee\\\/toode\\\/x-vision-optima-8-lisatuli\\\/\"]}]},{\"@type\":\"ImageObject\",\"inLanguage\":\"en-US\",\"@id\":\"https:\\\/\\\/ranoja.ee\\\/toode\\\/x-vision-optima-8-lisatuli\\\/#primaryimage\",\"url\":\"https:\\\/\\\/ranoja.ee\\\/wp-content\\\/uploads\\\/2025\\\/10\\\/X-VISION-OPTIMA-8-lisatuli.jpg\",\"contentUrl\":\"https:\\\/\\\/ranoja.ee\\\/wp-content\\\/uploads\\\/2025\\\/10\\\/X-VISION-OPTIMA-8-lisatuli.jpg\",\"width\":400,\"height\":300,\"caption\":\"X-VISION OPTIMA 8 lisatuli\"},{\"@type\":\"BreadcrumbList\",\"@id\":\"https:\\\/\\\/ranoja.ee\\\/toode\\\/x-vision-optima-8-lisatuli\\\/#breadcrumb\",\"itemListElement\":[{\"@type\":\"ListItem\",\"position\":1,\"name\":\"Home\",\"item\":\"https:\\\/\\\/ranoja.ee\\\/\"},{\"@type\":\"ListItem\",\"position\":2,\"name\":\"Shop\",\"item\":\"https:\\\/\\\/ranoja.ee\\\/en\\\/shop\\\/\"},{\"@type\":\"ListItem\",\"position\":3,\"name\":\"X-VISION OPTIMA 8 lisatuli\"}]},{\"@type\":\"WebSite\",\"@id\":\"https:\\\/\\\/ranoja.ee\\\/#website\",\"url\":\"https:\\\/\\\/ranoja.ee\\\/\",\"name\":\"Ranoja\",\"description\":\"Equipment Shop WooCommerce WordPress Theme for Machine &amp; Tools\",\"publisher\":{\"@id\":\"https:\\\/\\\/ranoja.ee\\\/#organization\"},\"potentialAction\":[{\"@type\":\"SearchAction\",\"target\":{\"@type\":\"EntryPoint\",\"urlTemplate\":\"https:\\\/\\\/ranoja.ee\\\/?s={search_term_string}\"},\"query-input\":{\"@type\":\"PropertyValueSpecification\",\"valueRequired\":true,\"valueName\":\"search_term_string\"}}],\"inLanguage\":\"en-US\"},{\"@type\":\"Organization\",\"@id\":\"https:\\\/\\\/ranoja.ee\\\/#organization\",\"name\":\"Ranoja O\u00dc\",\"url\":\"https:\\\/\\\/ranoja.ee\\\/\",\"logo\":{\"@type\":\"ImageObject\",\"inLanguage\":\"en-US\",\"@id\":\"https:\\\/\\\/ranoja.ee\\\/#\\\/schema\\\/logo\\\/image\\\/\",\"url\":\"https:\\\/\\\/ranoja.ee\\\/wp-content\\\/uploads\\\/2023\\\/11\\\/ranoja-Logo.png\",\"contentUrl\":\"https:\\\/\\\/ranoja.ee\\\/wp-content\\\/uploads\\\/2023\\\/11\\\/ranoja-Logo.png\",\"width\":207,\"height\":58,\"caption\":\"Ranoja O\u00dc\"},\"image\":{\"@id\":\"https:\\\/\\\/ranoja.ee\\\/#\\\/schema\\\/logo\\\/image\\\/\"},\"sameAs\":[\"https:\\\/\\\/www.facebook.com\\\/ranoja.ee\",\"https:\\\/\\\/www.instagram.com\\\/ranoja__\\\/\"]}]}<\/script>\n<!-- \/ Yoast SEO plugin. -->","yoast_head_json":{"title":"X-VISION OPTIMA 8 lisatuli","description":"X-VISION OPTIMA 8 lisatuli See mudel \u00fchendab endas modernse disaini, vastupidavad materjalid ja k\u00f5rge standardite j\u00e4rgimise.","robots":{"index":"index","follow":"follow","max-snippet":"max-snippet:-1","max-image-preview":"max-image-preview:large","max-video-preview":"max-video-preview:-1"},"canonical":"https:\/\/ranoja.ee\/toode\/x-vision-optima-8-lisatuli\/","og_locale":"en_US","og_type":"article","og_title":"X-VISION OPTIMA 8 lisatuli","og_description":"X-VISION OPTIMA 8 lisatuli See mudel \u00fchendab endas modernse disaini, vastupidavad materjalid ja k\u00f5rge standardite j\u00e4rgimise.","og_url":"https:\/\/ranoja.ee\/toode\/x-vision-optima-8-lisatuli\/","og_site_name":"Ranoja","article_publisher":"https:\/\/www.facebook.com\/ranoja.ee","article_modified_time":"2025-12-12T12:48:34+00:00","og_image":[{"width":400,"height":300,"url":"https:\/\/ranoja.ee\/wp-content\/uploads\/2025\/10\/X-VISION-OPTIMA-8-lisatuli.jpg","type":"image\/jpeg"}],"twitter_card":"summary_large_image","twitter_misc":{"Est. reading time":"2 minutes"},"schema":{"@context":"https:\/\/schema.org","@graph":[{"@type":"WebPage","@id":"https:\/\/ranoja.ee\/toode\/x-vision-optima-8-lisatuli\/","url":"https:\/\/ranoja.ee\/toode\/x-vision-optima-8-lisatuli\/","name":"X-VISION OPTIMA 8 lisatuli","isPartOf":{"@id":"https:\/\/ranoja.ee\/#website"},"primaryImageOfPage":{"@id":"https:\/\/ranoja.ee\/toode\/x-vision-optima-8-lisatuli\/#primaryimage"},"image":{"@id":"https:\/\/ranoja.ee\/toode\/x-vision-optima-8-lisatuli\/#primaryimage"},"thumbnailUrl":"https:\/\/ranoja.ee\/wp-content\/uploads\/2025\/10\/X-VISION-OPTIMA-8-lisatuli.jpg","datePublished":"2025-10-10T11:16:37+00:00","dateModified":"2025-12-12T12:48:34+00:00","description":"X-VISION OPTIMA 8 lisatuli See mudel \u00fchendab endas modernse disaini, vastupidavad materjalid ja k\u00f5rge standardite j\u00e4rgimise.","breadcrumb":{"@id":"https:\/\/ranoja.ee\/toode\/x-vision-optima-8-lisatuli\/#breadcrumb"},"inLanguage":"en-US","potentialAction":[{"@type":"ReadAction","target":["https:\/\/ranoja.ee\/toode\/x-vision-optima-8-lisatuli\/"]}]},{"@type":"ImageObject","inLanguage":"en-US","@id":"https:\/\/ranoja.ee\/toode\/x-vision-optima-8-lisatuli\/#primaryimage","url":"https:\/\/ranoja.ee\/wp-content\/uploads\/2025\/10\/X-VISION-OPTIMA-8-lisatuli.jpg","contentUrl":"https:\/\/ranoja.ee\/wp-content\/uploads\/2025\/10\/X-VISION-OPTIMA-8-lisatuli.jpg","width":400,"height":300,"caption":"X-VISION OPTIMA 8 lisatuli"},{"@type":"BreadcrumbList","@id":"https:\/\/ranoja.ee\/toode\/x-vision-optima-8-lisatuli\/#breadcrumb","itemListElement":[{"@type":"ListItem","position":1,"name":"Home","item":"https:\/\/ranoja.ee\/"},{"@type":"ListItem","position":2,"name":"Shop","item":"https:\/\/ranoja.ee\/en\/shop\/"},{"@type":"ListItem","position":3,"name":"X-VISION OPTIMA 8 lisatuli"}]},{"@type":"WebSite","@id":"https:\/\/ranoja.ee\/#website","url":"https:\/\/ranoja.ee\/","name":"Ranoja","description":"Equipment Shop WooCommerce WordPress Theme for Machine &amp; Tools","publisher":{"@id":"https:\/\/ranoja.ee\/#organization"},"potentialAction":[{"@type":"SearchAction","target":{"@type":"EntryPoint","urlTemplate":"https:\/\/ranoja.ee\/?s={search_term_string}"},"query-input":{"@type":"PropertyValueSpecification","valueRequired":true,"valueName":"search_term_string"}}],"inLanguage":"en-US"},{"@type":"Organization","@id":"https:\/\/ranoja.ee\/#organization","name":"Ranoja O\u00dc","url":"https:\/\/ranoja.ee\/","logo":{"@type":"ImageObject","inLanguage":"en-US","@id":"https:\/\/ranoja.ee\/#\/schema\/logo\/image\/","url":"https:\/\/ranoja.ee\/wp-content\/uploads\/2023\/11\/ranoja-Logo.png","contentUrl":"https:\/\/ranoja.ee\/wp-content\/uploads\/2023\/11\/ranoja-Logo.png","width":207,"height":58,"caption":"Ranoja O\u00dc"},"image":{"@id":"https:\/\/ranoja.ee\/#\/schema\/logo\/image\/"},"sameAs":["https:\/\/www.facebook.com\/ranoja.ee","https:\/\/www.instagram.com\/ranoja__\/"]}]}},"_links":{"self":[{"href":"https:\/\/ranoja.ee\/en\/wp-json\/wp\/v2\/product\/22609","targetHints":{"allow":["GET"]}}],"collection":[{"href":"https:\/\/ranoja.ee\/en\/wp-json\/wp\/v2\/product"}],"about":[{"href":"https:\/\/ranoja.ee\/en\/wp-json\/wp\/v2\/types\/product"}],"wp:featuredmedia":[{"embeddable":true,"href":"https:\/\/ranoja.ee\/en\/wp-json\/wp\/v2\/media\/22620"}],"wp:attachment":[{"href":"https:\/\/ranoja.ee\/en\/wp-json\/wp\/v2\/media?parent=22609"}],"wp:term":[{"taxonomy":"product_cat","embeddable":true,"href":"https:\/\/ranoja.ee\/en\/wp-json\/wp\/v2\/product_cat?post=22609"},{"taxonomy":"product_tag","embeddable":true,"href":"https:\/\/ranoja.ee\/en\/wp-json\/wp\/v2\/product_tag?post=22609"}],"curies":[{"name":"wp","href":"https:\/\/api.w.org\/{rel}","templated":true}]}}